{"id":16957,"date":"2021-03-02T07:21:00","date_gmt":"2021-03-02T07:21:00","guid":{"rendered":"https:\/\/colourofstone.com\/consulta\/"},"modified":"2025-06-17T20:12:57","modified_gmt":"2025-06-17T20:12:57","slug":"informacion-de-pedido","status":"publish","type":"page","link":"https:\/\/colourofstone.com\/es\/informacion-de-pedido\/","title":{"rendered":"Informaci\u00f3n de pedido"},"content":{"rendered":"\n<h5 class=\"wp-block-heading is-style-border-s\"><strong><strong>Azulejos<\/strong><\/strong> \/ PAVIMENTOS<\/h5>\n\n\n\n<div style=\"height:20px\" aria-hidden=\"true\" class=\"wp-block-spacer\"><\/div>\n\n\n\n<p class=\"is-style-border-s\">A partir de 15 m\u00b2 suministramos seg\u00fan la <a href=\"https:\/\/colourofstone.com\/es\/informacion-de-entrega\/\">informaci\u00f3n de env\u00edo<\/a> sin gastos de env\u00edo, a menos que se indique lo contrario. Para cantidades de pedido a partir de 5 m2 y hasta 15 m2, cobramos un recargo por cantidades peque\u00f1as de 238,00 EUR (IVA 19% DE). En general, se aplica una cantidad m\u00ednima de pedido de 5 m2. La cantidad exacta de pedido depende del formato.<\/p>\n\n\n\n<p class=\"is-style-border-s\">Calcule el recorte. Dependiendo del tipo de instalaci\u00f3n, puede ser de un 10 &#8211; 15 % o m\u00e1s.<\/p>\n\n\n\n<div style=\"height:46px\" aria-hidden=\"true\" class=\"wp-block-spacer\"><\/div>\n\n\n\n<h5 class=\"wp-block-heading is-style-border-s\"><strong><strong>Rodapi\u00e9s<\/strong><\/strong><\/h5>\n\n\n\n<div style=\"height:20px\" aria-hidden=\"true\" class=\"wp-block-spacer\"><\/div>\n\n\n\n<p class=\"is-style-border-s\">Para los rodapi\u00e9s se aplica una cantidad de pedido m\u00ednima de 10 metros lineales por material y formato. Los rodapi\u00e9s s\u00f3lo se pueden pedir en combinaci\u00f3n con azulejos.<\/p>\n\n\n\n<p class=\"is-style-border-s\">Los pedidos se especifican siempre en metros lineales (ml). Los rodapi\u00e9s individuales tienen entre 0,20 y 0,90 m de largo.<\/p>\n\n\n\n<div style=\"height:46px\" aria-hidden=\"true\" class=\"wp-block-spacer\"><\/div>\n\n\n\n<h5 class=\"wp-block-heading is-style-border-s\"><strong><strong>Tiempos de entrega<\/strong><\/strong> Europa<\/h5>\n\n\n\n<div style=\"height:20px\" aria-hidden=\"true\" class=\"wp-block-spacer\"><\/div>\n\n\n\n<p class=\"is-style-border-s\"><strong>Formatos de hasta 60 x 60 cm <span class='cm-info' onclick='toggleInchInfo(this)'>\u2139\ufe0f<\/span>\n        <div class='inch-info'>\u2248 23.6\" x 23.6\"<\/div><\/strong><\/p>\n\n\n\n<p class=\"is-style-border-s\">Necesitamos 2 semanas para la producci\u00f3n y 1 semana para el env\u00edo. Despu\u00e9s de 3 semanas (a veces 4 semanas) se entrega el pedido.<\/p>\n\n\n\n<p class=\"is-style-border-s\"><strong>Formato 80 x 80 cm <span class='cm-info' onclick='toggleInchInfo(this)'>\u2139\ufe0f<\/span>\n        <div class='inch-info'>\u2248 31.5\" x 31.5\"<\/div> \/ 100 x 100 cm <span class='cm-info' onclick='toggleInchInfo(this)'>\u2139\ufe0f<\/span>\n        <div class='inch-info'>\u2248 39.4\" x 39.4\"<\/div><\/strong><\/p>\n\n\n\n<p class=\"is-style-border-s\">Necesitamos 3 semanas para la producci\u00f3n y 1 semana para el env\u00edo. Despu\u00e9s de 4 semanas (a veces 5 semanas) se entrega el pedido.<\/p>\n\n\n\n<div style=\"height:46px\" aria-hidden=\"true\" class=\"wp-block-spacer\"><\/div>\n\n\n\n<h5 class=\"wp-block-heading is-style-border-s\"><strong><strong>Embalaje<\/strong><\/strong><\/h5>\n\n\n\n<div style=\"height:20px\" aria-hidden=\"true\" class=\"wp-block-spacer\"><\/div>\n\n\n\n<p class=\"is-style-border-s\">Entregamos las azulejos y pavimentos en europalets de madera de 120 x 80 cm <span class='cm-info' onclick='toggleInchInfo(this)'>\u2139\ufe0f<\/span>\n        <div class='inch-info'>\u2248 47.2\" x 31.5\"<\/div> o en palets especiales de un solo uso con o sin caja de madera. En un pal\u00e9 caben unos 34 m2 de material. Cada pal\u00e9 pesa un m\u00e1ximo de 1.000 kg.<\/p>\n\n\n\n<p class=\"is-style-border-s\">Los azulejos en formato 30,5 x 30,5 cm <span class='cm-info' onclick='toggleInchInfo(this)'>\u2139\ufe0f<\/span>\n        <div class='inch-info'>\u2248 12\" x 12\"<\/div> \/ 61 x 30,5 cm <span class='cm-info' onclick='toggleInchInfo(this)'>\u2139\ufe0f<\/span>\n        <div class='inch-info'>\u2248 24\" x 12\"<\/div> \/ 40 x 40 cm <span class='cm-info' onclick='toggleInchInfo(this)'>\u2139\ufe0f<\/span>\n        <div class='inch-info'>\u2248 15.7\" x 15.7\"<\/div> suelen entregarse en cajas sobre un palet.<\/p>\n\n\n\n<p class=\"is-style-border-s\"><strong>Nota:<\/strong>\u00a0Al desempaquetar los azulejos en el formato de 60 x 60 cm <span class='cm-info' onclick='toggleInchInfo(this)'>\u2139\ufe0f<\/span>\n        <div class='inch-info'>\u2248 23.6\" x 23.6\"<\/div> \/ 80 x 80 cm <span class='cm-info' onclick='toggleInchInfo(this)'>\u2139\ufe0f<\/span>\n        <div class='inch-info'>\u2248 31.5\" x 31.5\"<\/div> \/ 100 x 100 cm <span class='cm-info' onclick='toggleInchInfo(this)'>\u2139\ufe0f<\/span>\n        <div class='inch-info'>\u2248 39.4\" x 39.4\"<\/div>, aseg\u00farese de que los azulejos se retiren de forma uniforme de la paleta. No debe haber exceso de peso en un lado. No aceptamos ninguna responsabilidad por los da\u00f1os causados por un desembalaje incorrecto.<\/p>\n\n\n\n<div style=\"height:46px\" aria-hidden=\"true\" class=\"wp-block-spacer\"><\/div>\n\n\n\n<h5 class=\"wp-block-heading is-style-border-s\"><strong><strong>Instalaci\u00f3n<\/strong><\/strong><\/h5>\n\n\n\n<div style=\"height:20px\" aria-hidden=\"true\" class=\"wp-block-spacer\"><\/div>\n\n\n\n<p class=\"is-style-border-s\">Todos los azulejos deben ser colocadas por una persona profesionalmente calificada. No aceptamos ninguna responsabilidad por una instalaci\u00f3n inadecuada.<\/p>\n\n\n\n<div style=\"height:46px\" aria-hidden=\"true\" class=\"wp-block-spacer\"><\/div>\n\n\n\n<h5 class=\"wp-block-heading is-style-border-s\"><strong><strong>La primera impresi\u00f3n<\/strong><\/strong><\/h5>\n\n\n\n<div style=\"height:20px\" aria-hidden=\"true\" class=\"wp-block-spacer\"><\/div>\n\n\n\n<p class=\"is-style-border-s\">El agua es necesaria (y reciclada) para la producci\u00f3n. Los azulejos se empaquetan inmediatamente despu\u00e9s de la producci\u00f3n. Por lo tanto, los azulejos deben ser dejadas secar completamente despu\u00e9s de la entrega. Los azulejos que no se han secado parecen m\u00e1s oscuras. La sombra correcta viene con el secado. Es como despu\u00e9s de la lluvia: El suelo se seca y se vuelve m\u00e1s ligero.<\/p>\n\n\n\n<div style=\"height:100px\" aria-hidden=\"true\" class=\"wp-block-spacer\"><\/div>\n\n        <script>\n        function toggleInchInfo(el) {\n            const infoBox = el.nextElementSibling;\n            if (infoBox.style.display === \"none\") {\n                infoBox.style.display = \"inline\";\n            } else {\n                infoBox.style.display = \"none\";\n            }\n        }\n        <\/script>\n        <style>\n            .cm-info {\n                cursor: pointer;\n                color: #0073aa;\n                font-weight: bold;\n                margin-left: 4px;\n            }\n            .inch-info {\n                display: none;\n                background: #f8f8f8;\n                border: 1px solid #ccc;\n                padding: 4px 8px;\n                margin-left: 5px;\n                font-size: 0.9em;\n                border-radius: 4px;\n            }\n        <\/style>","protected":false},"excerpt":{"rendered":"<p>Azulejos \/ PAVIMENTOS A partir de 15 m\u00b2 suministramos seg\u00fan la informaci\u00f3n de env\u00edo sin gastos de env\u00edo, a menos que se indique lo contrario. Para cantidades de pedido a partir de 5 m2 y hasta 15 m2, cobramos un recargo por cantidades peque\u00f1as de 238,00 EUR (IVA 19% DE). En general, se aplica una <a href=\"https:\/\/colourofstone.com\/es\/informacion-de-pedido\/\" class=\"more-link\">&#8230;<\/a><\/p>\n","protected":false},"author":2,"featured_media":0,"parent":0,"menu_order":0,"comment_status":"closed","ping_status":"closed","template":"","meta":{"footnotes":""},"class_list":["post-16957","page","type-page","status-publish","hentry"],"yoast_head":"<!-- This site is optimized with the Yoast SEO plugin v27.3 - https:\/\/yoast.com\/product\/yoast-seo-wordpress\/ -->\n<title>Informaci\u00f3n de pedido - Colour of Stone<\/title>\n<meta name=\"description\" content=\"Le entregaremos sus azulejos de m\u00e1rmol en la puerta de su casa. \u00bfRodapi\u00e9? Los tenemos en stock. Discover your style.\" \/>\n<meta name=\"robots\" content=\"index, follow, max-snippet:-1, max-image-preview:large, max-video-preview:-1\" \/>\n<link rel=\"canonical\" href=\"https:\/\/colourofstone.com\/es\/informacion-de-pedido\/\" \/>\n<meta property=\"og:locale\" content=\"es_ES\" \/>\n<meta property=\"og:type\" content=\"article\" \/>\n<meta property=\"og:title\" content=\"Informaci\u00f3n de pedido - Colour of Stone\" \/>\n<meta property=\"og:description\" content=\"Le entregaremos sus azulejos de m\u00e1rmol en la puerta de su casa. \u00bfRodapi\u00e9? Los tenemos en stock. Discover your style.\" \/>\n<meta property=\"og:url\" content=\"https:\/\/colourofstone.com\/es\/informacion-de-pedido\/\" \/>\n<meta property=\"og:site_name\" content=\"Colour of Stone\" \/>\n<meta property=\"article:modified_time\" content=\"2025-06-17T20:12:57+00:00\" \/>\n<meta property=\"og:image\" content=\"https:\/\/colourofstone.com\/wp-content\/uploads\/Logo.png\" \/>\n\t<meta property=\"og:image:width\" content=\"1086\" \/>\n\t<meta property=\"og:image:height\" content=\"553\" \/>\n\t<meta property=\"og:image:type\" content=\"image\/png\" \/>\n<meta name=\"twitter:card\" content=\"summary_large_image\" \/>\n<meta name=\"twitter:label1\" content=\"Tiempo de lectura\" \/>\n\t<meta name=\"twitter:data1\" content=\"5 minutos\" \/>\n<script type=\"application\/ld+json\" class=\"yoast-schema-graph\">{\"@context\":\"https:\\\/\\\/schema.org\",\"@graph\":[{\"@type\":\"WebPage\",\"@id\":\"https:\\\/\\\/colourofstone.com\\\/es\\\/informacion-de-pedido\\\/\",\"url\":\"https:\\\/\\\/colourofstone.com\\\/es\\\/informacion-de-pedido\\\/\",\"name\":\"Informaci\u00f3n de pedido - Colour of Stone\",\"isPartOf\":{\"@id\":\"https:\\\/\\\/colourofstone.com\\\/es\\\/#website\"},\"datePublished\":\"2021-03-02T07:21:00+00:00\",\"dateModified\":\"2025-06-17T20:12:57+00:00\",\"description\":\"Le entregaremos sus azulejos de m\u00e1rmol en la puerta de su casa. \u00bfRodapi\u00e9? Los tenemos en stock. Discover your style.\",\"breadcrumb\":{\"@id\":\"https:\\\/\\\/colourofstone.com\\\/es\\\/informacion-de-pedido\\\/#breadcrumb\"},\"inLanguage\":\"es\",\"potentialAction\":[{\"@type\":\"ReadAction\",\"target\":[\"https:\\\/\\\/colourofstone.com\\\/es\\\/informacion-de-pedido\\\/\"]}]},{\"@type\":\"BreadcrumbList\",\"@id\":\"https:\\\/\\\/colourofstone.com\\\/es\\\/informacion-de-pedido\\\/#breadcrumb\",\"itemListElement\":[{\"@type\":\"ListItem\",\"position\":1,\"name\":\"Home\",\"item\":\"https:\\\/\\\/colourofstone.com\\\/es\\\/\"},{\"@type\":\"ListItem\",\"position\":2,\"name\":\"Informaci\u00f3n de pedido\"}]},{\"@type\":\"WebSite\",\"@id\":\"https:\\\/\\\/colourofstone.com\\\/es\\\/#website\",\"url\":\"https:\\\/\\\/colourofstone.com\\\/es\\\/\",\"name\":\"Colour of Stone\",\"description\":\"Fliesen, Haus und Garten Produkte aus Naturstein - Online Shop\",\"publisher\":{\"@id\":\"https:\\\/\\\/colourofstone.com\\\/es\\\/#organization\"},\"potentialAction\":[{\"@type\":\"SearchAction\",\"target\":{\"@type\":\"EntryPoint\",\"urlTemplate\":\"https:\\\/\\\/colourofstone.com\\\/es\\\/?s={search_term_string}\"},\"query-input\":{\"@type\":\"PropertyValueSpecification\",\"valueRequired\":true,\"valueName\":\"search_term_string\"}}],\"inLanguage\":\"es\"},{\"@type\":\"Organization\",\"@id\":\"https:\\\/\\\/colourofstone.com\\\/es\\\/#organization\",\"name\":\"Colour of Stone GmbH\",\"url\":\"https:\\\/\\\/colourofstone.com\\\/es\\\/\",\"logo\":{\"@type\":\"ImageObject\",\"inLanguage\":\"es\",\"@id\":\"https:\\\/\\\/colourofstone.com\\\/es\\\/#\\\/schema\\\/logo\\\/image\\\/\",\"url\":\"https:\\\/\\\/colourofstone.com\\\/wp-content\\\/uploads\\\/99FC1526-DF3B-44F1-9816-9278D3194252-scaled.jpeg\",\"contentUrl\":\"https:\\\/\\\/colourofstone.com\\\/wp-content\\\/uploads\\\/99FC1526-DF3B-44F1-9816-9278D3194252-scaled.jpeg\",\"width\":2125,\"height\":2560,\"caption\":\"Colour of Stone GmbH\"},\"image\":{\"@id\":\"https:\\\/\\\/colourofstone.com\\\/es\\\/#\\\/schema\\\/logo\\\/image\\\/\"},\"sameAs\":[\"https:\\\/\\\/www.instagram.com\\\/colourofstone\\\/\"]}]}<\/script>\n<!-- \/ Yoast SEO plugin. -->","yoast_head_json":{"title":"Informaci\u00f3n de pedido - Colour of Stone","description":"Le entregaremos sus azulejos de m\u00e1rmol en la puerta de su casa. \u00bfRodapi\u00e9? Los tenemos en stock. Discover your style.","robots":{"index":"index","follow":"follow","max-snippet":"max-snippet:-1","max-image-preview":"max-image-preview:large","max-video-preview":"max-video-preview:-1"},"canonical":"https:\/\/colourofstone.com\/es\/informacion-de-pedido\/","og_locale":"es_ES","og_type":"article","og_title":"Informaci\u00f3n de pedido - Colour of Stone","og_description":"Le entregaremos sus azulejos de m\u00e1rmol en la puerta de su casa. \u00bfRodapi\u00e9? Los tenemos en stock. Discover your style.","og_url":"https:\/\/colourofstone.com\/es\/informacion-de-pedido\/","og_site_name":"Colour of Stone","article_modified_time":"2025-06-17T20:12:57+00:00","og_image":[{"width":1086,"height":553,"url":"https:\/\/colourofstone.com\/wp-content\/uploads\/Logo.png","type":"image\/png"}],"twitter_card":"summary_large_image","twitter_misc":{"Tiempo de lectura":"5 minutos"},"schema":{"@context":"https:\/\/schema.org","@graph":[{"@type":"WebPage","@id":"https:\/\/colourofstone.com\/es\/informacion-de-pedido\/","url":"https:\/\/colourofstone.com\/es\/informacion-de-pedido\/","name":"Informaci\u00f3n de pedido - Colour of Stone","isPartOf":{"@id":"https:\/\/colourofstone.com\/es\/#website"},"datePublished":"2021-03-02T07:21:00+00:00","dateModified":"2025-06-17T20:12:57+00:00","description":"Le entregaremos sus azulejos de m\u00e1rmol en la puerta de su casa. \u00bfRodapi\u00e9? Los tenemos en stock. Discover your style.","breadcrumb":{"@id":"https:\/\/colourofstone.com\/es\/informacion-de-pedido\/#breadcrumb"},"inLanguage":"es","potentialAction":[{"@type":"ReadAction","target":["https:\/\/colourofstone.com\/es\/informacion-de-pedido\/"]}]},{"@type":"BreadcrumbList","@id":"https:\/\/colourofstone.com\/es\/informacion-de-pedido\/#breadcrumb","itemListElement":[{"@type":"ListItem","position":1,"name":"Home","item":"https:\/\/colourofstone.com\/es\/"},{"@type":"ListItem","position":2,"name":"Informaci\u00f3n de pedido"}]},{"@type":"WebSite","@id":"https:\/\/colourofstone.com\/es\/#website","url":"https:\/\/colourofstone.com\/es\/","name":"Colour of Stone","description":"Fliesen, Haus und Garten Produkte aus Naturstein - Online Shop","publisher":{"@id":"https:\/\/colourofstone.com\/es\/#organization"},"potentialAction":[{"@type":"SearchAction","target":{"@type":"EntryPoint","urlTemplate":"https:\/\/colourofstone.com\/es\/?s={search_term_string}"},"query-input":{"@type":"PropertyValueSpecification","valueRequired":true,"valueName":"search_term_string"}}],"inLanguage":"es"},{"@type":"Organization","@id":"https:\/\/colourofstone.com\/es\/#organization","name":"Colour of Stone GmbH","url":"https:\/\/colourofstone.com\/es\/","logo":{"@type":"ImageObject","inLanguage":"es","@id":"https:\/\/colourofstone.com\/es\/#\/schema\/logo\/image\/","url":"https:\/\/colourofstone.com\/wp-content\/uploads\/99FC1526-DF3B-44F1-9816-9278D3194252-scaled.jpeg","contentUrl":"https:\/\/colourofstone.com\/wp-content\/uploads\/99FC1526-DF3B-44F1-9816-9278D3194252-scaled.jpeg","width":2125,"height":2560,"caption":"Colour of Stone GmbH"},"image":{"@id":"https:\/\/colourofstone.com\/es\/#\/schema\/logo\/image\/"},"sameAs":["https:\/\/www.instagram.com\/colourofstone\/"]}]}},"_links":{"self":[{"href":"https:\/\/colourofstone.com\/es\/wp-json\/wp\/v2\/pages\/16957","targetHints":{"allow":["GET"]}}],"collection":[{"href":"https:\/\/colourofstone.com\/es\/wp-json\/wp\/v2\/pages"}],"about":[{"href":"https:\/\/colourofstone.com\/es\/wp-json\/wp\/v2\/types\/page"}],"author":[{"embeddable":true,"href":"https:\/\/colourofstone.com\/es\/wp-json\/wp\/v2\/users\/2"}],"replies":[{"embeddable":true,"href":"https:\/\/colourofstone.com\/es\/wp-json\/wp\/v2\/comments?post=16957"}],"version-history":[{"count":10,"href":"https:\/\/colourofstone.com\/es\/wp-json\/wp\/v2\/pages\/16957\/revisions"}],"predecessor-version":[{"id":84651,"href":"https:\/\/colourofstone.com\/es\/wp-json\/wp\/v2\/pages\/16957\/revisions\/84651"}],"wp:attachment":[{"href":"https:\/\/colourofstone.com\/es\/wp-json\/wp\/v2\/media?parent=16957"}],"curies":[{"name":"wp","href":"https:\/\/api.w.org\/{rel}","templated":true}]}}