{"id":16974,"date":"2020-12-29T07:27:53","date_gmt":"2020-12-29T07:27:53","guid":{"rendered":"https:\/\/colourofstone.com\/imprimir\/"},"modified":"2025-07-29T07:25:50","modified_gmt":"2025-07-29T07:25:50","slug":"aviso-legal","status":"publish","type":"page","link":"https:\/\/colourofstone.com\/es\/aviso-legal\/","title":{"rendered":"Aviso legal"},"content":{"rendered":"\n<h5 class=\"wp-block-heading is-style-border-s\"><strong><strong>Informaci\u00f3n seg\u00fan el art\u00edculo 5 de la TMG:<\/strong><\/strong><\/h5>\n\n\n\n<div style=\"height:20px\" aria-hidden=\"true\" class=\"wp-block-spacer\"><\/div>\n\n\n\n<p class=\"is-style-border-s\">Colour of Stone GmbH<br>Albert-Einstein-Str. 10<br>31135 Hildesheim &#8211; GERMANY<\/p>\n\n\n\n<div style=\"height:20px\" aria-hidden=\"true\" class=\"wp-block-spacer\"><\/div>\n\n\n\n<p class=\"is-style-border-s\">Tel\u00e9fono <a href=\"tel:+495121102309\">+49 5121 102309<\/a><br>E-Mail <a href=\"mailto:hello@colourofstone.com\">hello@colourofstone.com<\/a><br>Sitio web <a href=\"http:\/\/www.colourofstone.com\">colourofstone.com<\/a><\/p>\n\n\n\n<div style=\"height:20px\" aria-hidden=\"true\" class=\"wp-block-spacer\"><\/div>\n\n\n\n<p class=\"is-style-border-s\">Tribunal de registro: Tribunal local de Hildesheim<\/p>\n\n\n\n<p class=\"is-style-border-s\">N\u00famero de registro: HRB 207 255<\/p>\n\n\n\n<div style=\"height:20px\" aria-hidden=\"true\" class=\"wp-block-spacer\"><\/div>\n\n\n\n<p class=\"is-style-border-s\">Representante autorizado director general: Friedrich Aly<\/p>\n\n\n\n<div style=\"height:40px\" aria-hidden=\"true\" class=\"wp-block-spacer\"><\/div>\n\n\n\n<h5 class=\"wp-block-heading is-style-border-s\">N\u00famero de identificaci\u00f3n fiscal de las Ventas seg\u00fan el art\u00edculo 27a de la ley &nbsp;del impuesto sobre el volumen de negocios:<\/h5>\n\n\n\n<div style=\"height:20px\" aria-hidden=\"true\" class=\"wp-block-spacer\"><\/div>\n\n\n\n<p class=\"is-style-border-s\">DE 339 389 434&nbsp;<\/p>\n\n\n\n<div style=\"height:40px\" aria-hidden=\"true\" class=\"wp-block-spacer\"><\/div>\n\n\n\n<h5 class=\"wp-block-heading is-style-border-s\"><strong><strong>Datos profesionales<\/strong><\/strong><\/h5>\n\n\n\n<div style=\"height:20px\" aria-hidden=\"true\" class=\"wp-block-spacer\"><\/div>\n\n\n\n<p class=\"is-style-border-s\">Afiliaci\u00f3n a la C\u00e1mara C\u00e1mara de Artesanos Hildesheim-S\u00fcdniedersachsen<\/p>\n\n\n\n<div style=\"height:40px\" aria-hidden=\"true\" class=\"wp-block-spacer\"><\/div>\n\n\n\n<h5 class=\"wp-block-heading is-style-border-s\"><strong><strong>Responsabilidad por el contenido seg\u00fan el \u00a755 Abs. 2 RStV<\/strong><\/strong><\/h5>\n\n\n\n<div style=\"height:20px\" aria-hidden=\"true\" class=\"wp-block-spacer\"><\/div>\n\n\n\n<p class=\"is-style-border-s\">Colour of Stone GmbH<br>Friedrich Aly<br>Albert-Einstein-Str. 10<br>31135 Hildesheim &#8211; GERMANY<\/p>\n\n\n\n<div style=\"height:40px\" aria-hidden=\"true\" class=\"wp-block-spacer\"><\/div>\n\n\n\n<h5 class=\"wp-block-heading is-style-border-s\"><strong><strong>Informaci\u00f3n sobre la fuente de las im\u00e1genes y gr\u00e1ficos utilizados<\/strong><\/strong><\/h5>\n\n\n\n<div style=\"height:20px\" aria-hidden=\"true\" class=\"wp-block-spacer\"><\/div>\n\n\n\n<p class=\"is-style-border-s\">Joachim Altschaffel <\/p>\n\n\n\n<p class=\"is-style-border-s externalLink\"><a href=\"http:\/\/www.altschaffel.com\">altschaffel.com<\/a><\/p>\n\n\n\n<div style=\"height:20px\" aria-hidden=\"true\" class=\"wp-block-spacer\"><\/div>\n\n\n\n<p class=\"is-style-border-s\">Tim Dalhoff<\/p>\n\n\n\n<p class=\"is-style-border-s externalLink\"><a href=\"http:\/\/www.timdalhoff.de\">timdalhoff.de<\/a><\/p>\n\n\n\n<div style=\"height:20px\" aria-hidden=\"true\" class=\"wp-block-spacer\"><\/div>\n\n\n\n<p class=\"is-style-border-s\">Design Wandverkleidung FLUX (Bild Format \/ Farbe)<\/p>\n\n\n\n<p class=\"is-style-border-s externalLink\"><a href=\"http:\/\/www.timdalhoff.de\" target=\"_blank\" rel=\"noreferrer noopener\">voncori.com<\/a><\/p>\n\n\n\n<div style=\"height:40px\" aria-hidden=\"true\" class=\"wp-block-spacer\"><\/div>\n\n\n\n<h5 class=\"wp-block-heading is-style-border-s\"><strong><strong>Responsabilidad por el contenido<\/strong><\/strong><\/h5>\n\n\n\n<div style=\"height:20px\" aria-hidden=\"true\" class=\"wp-block-spacer\"><\/div>\n\n\n\n<p class=\"is-style-border-s\">Como proveedor de servicios, somos responsables de nuestros propios contenidos en estas p\u00e1ginas, de acuerdo con el art\u00edculo 7, p\u00e1rrafo 1, de la Ley alemana de medios de comunicaci\u00f3n (TMG). Sin embargo, de acuerdo con los art\u00edculos 8 a 10 de la TMG, no estamos obligados, como proveedores de servicios, a controlar la informaci\u00f3n de terceros transmitida o almacenada, ni a investigar las circunstancias que indiquen una actividad ilegal.<\/p>\n\n\n\n<p class=\"is-style-border-s\">Las obligaciones de eliminar o bloquear el uso de la informaci\u00f3n seg\u00fan las leyes generales no se ven afectadas por esto. Sin embargo, la responsabilidad a este respecto s\u00f3lo es posible a partir del momento en que se conoce una infracci\u00f3n concreta de la ley. Si tenemos conocimiento de tales infracciones, eliminaremos el contenido correspondiente inmediatamente.<\/p>\n\n\n\n<div style=\"height:40px\" aria-hidden=\"true\" class=\"wp-block-spacer\"><\/div>\n\n\n\n<h5 class=\"wp-block-heading is-style-border-s\"><strong><strong>Responsabilidad de los enlaces<\/strong><\/strong><\/h5>\n\n\n\n<div style=\"height:20px\" aria-hidden=\"true\" class=\"wp-block-spacer\"><\/div>\n\n\n\n<p class=\"is-style-border-s\">Nuestra oferta contiene enlaces a p\u00e1ginas web externas de terceros, sobre cuyos contenidos no tenemos ninguna influencia. Por lo tanto, no podemos asumir ninguna responsabilidad por estos contenidos externos. El proveedor u operador de las p\u00e1ginas es siempre responsable del contenido de las p\u00e1ginas enlazadas. Las p\u00e1ginas enlazadas fueron revisadas para detectar posibles infracciones legales en el momento de enlazarlas. Los contenidos ilegales no eran reconocibles en el momento de la vinculaci\u00f3n.<\/p>\n\n\n\n<p class=\"is-style-border-s\">Sin embargo, un control permanente de los contenidos de las p\u00e1ginas enlazadas no es razonable sin pruebas concretas de una violaci\u00f3n de la ley. Si tenemos conocimiento de alguna infracci\u00f3n, eliminaremos dichos enlaces inmediatamente.<\/p>\n\n\n\n<div style=\"height:40px\" aria-hidden=\"true\" class=\"wp-block-spacer\"><\/div>\n\n\n\n<h5 class=\"wp-block-heading is-style-border-s\"><strong><strong>Copyright<\/strong><\/strong><\/h5>\n\n\n\n<div style=\"height:20px\" aria-hidden=\"true\" class=\"wp-block-spacer\"><\/div>\n\n\n\n<p class=\"is-style-border-s\">Los contenidos y obras creados por los operadores del sitio en estas p\u00e1ginas est\u00e1n sujetos a la legislaci\u00f3n alemana sobre derechos de autor. La duplicaci\u00f3n, el procesamiento, la distribuci\u00f3n o cualquier forma de comercializaci\u00f3n de dicho material m\u00e1s all\u00e1 del alcance de la ley de derechos de autor requerir\u00e1 el consentimiento previo por escrito de su respectivo autor o creador. Las descargas y copias de este sitio s\u00f3lo se permiten para uso privado y no comercial.<\/p>\n\n\n\n<p class=\"is-style-border-s\">En la medida en que el contenido de este sitio no haya sido creado por el operador, se respetan los derechos de autor de terceros. En particular, los contenidos de terceros se identifican como tales. No obstante, si tiene conocimiento de una infracci\u00f3n de los derechos de autor, le rogamos que nos informe al respecto. Si tenemos conocimiento de alguna infracci\u00f3n, eliminaremos dicho contenido inmediatamente.<\/p>\n\n\n\n<div style=\"height:40px\" aria-hidden=\"true\" class=\"wp-block-spacer\"><\/div>\n\n\n\n<p class=\"is-style-border-s\"><strong>Web-Design &amp; Programmierung:<\/strong><br><\/p>\n\n\n\n<figure class=\"wp-block-image is-resized is-style-border-s\"><img data-src=\"https:\/\/steinwolf.de\/wp-content\/uploads\/h4MLogo.png\" alt=\"\" class=\"wp-image-2182\" style=\"width:92px;height:92px\"\/><\/figure>\n\n\n\n<div style=\"height:20px\" aria-hidden=\"true\" class=\"wp-block-spacer\"><\/div>\n\n\n\n<p class=\"is-style-border-s\">hoch4Medien Dirk Sieker<\/p>\n\n\n\n<p class=\"is-style-border-s externalLink\">hoch4Medien.de<br>Email&nbsp;<a href=\"mailto:mail@hoch4Medien.de\">mail@hoch4Medien.de<\/a><br>Telefon&nbsp;<a href=\"tel:+4915222868180\">(01 52) 22 86 81 80<\/a><\/p>\n\n\n\n<div style=\"height:204px\" aria-hidden=\"true\" class=\"wp-block-spacer\"><\/div>\n\n        <script>\n        function toggleInchInfo(el) {\n            const infoBox = el.nextElementSibling;\n            if (infoBox.style.display === \"none\") {\n                infoBox.style.display = \"inline\";\n            } else {\n                infoBox.style.display = \"none\";\n            }\n        }\n        <\/script>\n        <style>\n            .cm-info {\n                cursor: pointer;\n                color: #0073aa;\n                font-weight: bold;\n                margin-left: 4px;\n            }\n            .inch-info {\n                display: none;\n                background: #f8f8f8;\n                border: 1px solid #ccc;\n                padding: 4px 8px;\n                margin-left: 5px;\n                font-size: 0.9em;\n                border-radius: 4px;\n            }\n        <\/style>","protected":false},"excerpt":{"rendered":"<p>Informaci\u00f3n seg\u00fan el art\u00edculo 5 de la TMG: Colour of Stone GmbHAlbert-Einstein-Str. 1031135 Hildesheim &#8211; GERMANY Tel\u00e9fono +49 5121 102309E-Mail hello@colourofstone.comSitio web colourofstone.com Tribunal de registro: Tribunal local de Hildesheim N\u00famero de registro: HRB 207 255 Representante autorizado director general: Friedrich Aly N\u00famero de identificaci\u00f3n fiscal de las Ventas seg\u00fan el art\u00edculo 27a de la <a href=\"https:\/\/colourofstone.com\/es\/aviso-legal\/\" class=\"more-link\">&#8230;<\/a><\/p>\n","protected":false},"author":2,"featured_media":0,"parent":0,"menu_order":0,"comment_status":"closed","ping_status":"closed","template":"","meta":{"footnotes":""},"class_list":["post-16974","page","type-page","status-publish","hentry"],"yoast_head":"<!-- This site is optimized with the Yoast SEO plugin v27.4 - https:\/\/yoast.com\/product\/yoast-seo-wordpress\/ -->\n<title>Aviso legal - Colour of Stone<\/title>\n<meta name=\"robots\" content=\"noindex, nofollow\" \/>\n<meta property=\"og:locale\" content=\"es_ES\" \/>\n<meta property=\"og:type\" content=\"article\" \/>\n<meta property=\"og:title\" content=\"Aviso legal - Colour of Stone\" \/>\n<meta property=\"og:description\" content=\"Informaci\u00f3n seg\u00fan el art\u00edculo 5 de la TMG: Colour of Stone GmbHAlbert-Einstein-Str. 1031135 Hildesheim &#8211; GERMANY Tel\u00e9fono +49 5121 102309E-Mail hello@colourofstone.comSitio web colourofstone.com Tribunal de registro: Tribunal local de Hildesheim N\u00famero de registro: HRB 207 255 Representante autorizado director general: Friedrich Aly N\u00famero de identificaci\u00f3n fiscal de las Ventas seg\u00fan el art\u00edculo 27a de la ...\" \/>\n<meta property=\"og:url\" content=\"https:\/\/colourofstone.com\/es\/aviso-legal\/\" \/>\n<meta property=\"og:site_name\" content=\"Colour of Stone\" \/>\n<meta property=\"article:modified_time\" content=\"2025-07-29T07:25:50+00:00\" \/>\n<meta property=\"og:image\" content=\"https:\/\/steinwolf.de\/wp-content\/uploads\/h4MLogo.png\" \/>\n<meta name=\"twitter:card\" content=\"summary_large_image\" \/>\n<meta name=\"twitter:label1\" content=\"Tiempo de lectura\" \/>\n\t<meta name=\"twitter:data1\" content=\"3 minutos\" \/>\n<script type=\"application\/ld+json\" class=\"yoast-schema-graph\">{\"@context\":\"https:\\\/\\\/schema.org\",\"@graph\":[{\"@type\":\"WebPage\",\"@id\":\"https:\\\/\\\/colourofstone.com\\\/es\\\/aviso-legal\\\/\",\"url\":\"https:\\\/\\\/colourofstone.com\\\/es\\\/aviso-legal\\\/\",\"name\":\"Aviso legal - Colour of Stone\",\"isPartOf\":{\"@id\":\"https:\\\/\\\/colourofstone.com\\\/es\\\/#website\"},\"primaryImageOfPage\":{\"@id\":\"https:\\\/\\\/colourofstone.com\\\/es\\\/aviso-legal\\\/#primaryimage\"},\"image\":{\"@id\":\"https:\\\/\\\/colourofstone.com\\\/es\\\/aviso-legal\\\/#primaryimage\"},\"thumbnailUrl\":\"https:\\\/\\\/steinwolf.de\\\/wp-content\\\/uploads\\\/h4MLogo.png\",\"datePublished\":\"2020-12-29T07:27:53+00:00\",\"dateModified\":\"2025-07-29T07:25:50+00:00\",\"breadcrumb\":{\"@id\":\"https:\\\/\\\/colourofstone.com\\\/es\\\/aviso-legal\\\/#breadcrumb\"},\"inLanguage\":\"es\",\"potentialAction\":[{\"@type\":\"ReadAction\",\"target\":[\"https:\\\/\\\/colourofstone.com\\\/es\\\/aviso-legal\\\/\"]}]},{\"@type\":\"ImageObject\",\"inLanguage\":\"es\",\"@id\":\"https:\\\/\\\/colourofstone.com\\\/es\\\/aviso-legal\\\/#primaryimage\",\"url\":\"https:\\\/\\\/steinwolf.de\\\/wp-content\\\/uploads\\\/h4MLogo.png\",\"contentUrl\":\"https:\\\/\\\/steinwolf.de\\\/wp-content\\\/uploads\\\/h4MLogo.png\"},{\"@type\":\"BreadcrumbList\",\"@id\":\"https:\\\/\\\/colourofstone.com\\\/es\\\/aviso-legal\\\/#breadcrumb\",\"itemListElement\":[{\"@type\":\"ListItem\",\"position\":1,\"name\":\"Home\",\"item\":\"https:\\\/\\\/colourofstone.com\\\/es\\\/\"},{\"@type\":\"ListItem\",\"position\":2,\"name\":\"Aviso legal\"}]},{\"@type\":\"WebSite\",\"@id\":\"https:\\\/\\\/colourofstone.com\\\/es\\\/#website\",\"url\":\"https:\\\/\\\/colourofstone.com\\\/es\\\/\",\"name\":\"Colour of Stone\",\"description\":\"Fliesen, Haus und Garten Produkte aus Naturstein - Online Shop\",\"publisher\":{\"@id\":\"https:\\\/\\\/colourofstone.com\\\/es\\\/#organization\"},\"potentialAction\":[{\"@type\":\"SearchAction\",\"target\":{\"@type\":\"EntryPoint\",\"urlTemplate\":\"https:\\\/\\\/colourofstone.com\\\/es\\\/?s={search_term_string}\"},\"query-input\":{\"@type\":\"PropertyValueSpecification\",\"valueRequired\":true,\"valueName\":\"search_term_string\"}}],\"inLanguage\":\"es\"},{\"@type\":\"Organization\",\"@id\":\"https:\\\/\\\/colourofstone.com\\\/es\\\/#organization\",\"name\":\"Colour of Stone GmbH\",\"url\":\"https:\\\/\\\/colourofstone.com\\\/es\\\/\",\"logo\":{\"@type\":\"ImageObject\",\"inLanguage\":\"es\",\"@id\":\"https:\\\/\\\/colourofstone.com\\\/es\\\/#\\\/schema\\\/logo\\\/image\\\/\",\"url\":\"https:\\\/\\\/colourofstone.com\\\/wp-content\\\/uploads\\\/99FC1526-DF3B-44F1-9816-9278D3194252-scaled.jpeg\",\"contentUrl\":\"https:\\\/\\\/colourofstone.com\\\/wp-content\\\/uploads\\\/99FC1526-DF3B-44F1-9816-9278D3194252-scaled.jpeg\",\"width\":2125,\"height\":2560,\"caption\":\"Colour of Stone GmbH\"},\"image\":{\"@id\":\"https:\\\/\\\/colourofstone.com\\\/es\\\/#\\\/schema\\\/logo\\\/image\\\/\"},\"sameAs\":[\"https:\\\/\\\/www.instagram.com\\\/colourofstone\\\/\"]}]}<\/script>\n<!-- \/ Yoast SEO plugin. -->","yoast_head_json":{"title":"Aviso legal - Colour of Stone","robots":{"index":"noindex","follow":"nofollow"},"og_locale":"es_ES","og_type":"article","og_title":"Aviso legal - Colour of Stone","og_description":"Informaci\u00f3n seg\u00fan el art\u00edculo 5 de la TMG: Colour of Stone GmbHAlbert-Einstein-Str. 1031135 Hildesheim &#8211; GERMANY Tel\u00e9fono +49 5121 102309E-Mail hello@colourofstone.comSitio web colourofstone.com Tribunal de registro: Tribunal local de Hildesheim N\u00famero de registro: HRB 207 255 Representante autorizado director general: Friedrich Aly N\u00famero de identificaci\u00f3n fiscal de las Ventas seg\u00fan el art\u00edculo 27a de la ...","og_url":"https:\/\/colourofstone.com\/es\/aviso-legal\/","og_site_name":"Colour of Stone","article_modified_time":"2025-07-29T07:25:50+00:00","og_image":[{"url":"https:\/\/steinwolf.de\/wp-content\/uploads\/h4MLogo.png","type":"","width":"","height":""}],"twitter_card":"summary_large_image","twitter_misc":{"Tiempo de lectura":"3 minutos"},"schema":{"@context":"https:\/\/schema.org","@graph":[{"@type":"WebPage","@id":"https:\/\/colourofstone.com\/es\/aviso-legal\/","url":"https:\/\/colourofstone.com\/es\/aviso-legal\/","name":"Aviso legal - Colour of Stone","isPartOf":{"@id":"https:\/\/colourofstone.com\/es\/#website"},"primaryImageOfPage":{"@id":"https:\/\/colourofstone.com\/es\/aviso-legal\/#primaryimage"},"image":{"@id":"https:\/\/colourofstone.com\/es\/aviso-legal\/#primaryimage"},"thumbnailUrl":"https:\/\/steinwolf.de\/wp-content\/uploads\/h4MLogo.png","datePublished":"2020-12-29T07:27:53+00:00","dateModified":"2025-07-29T07:25:50+00:00","breadcrumb":{"@id":"https:\/\/colourofstone.com\/es\/aviso-legal\/#breadcrumb"},"inLanguage":"es","potentialAction":[{"@type":"ReadAction","target":["https:\/\/colourofstone.com\/es\/aviso-legal\/"]}]},{"@type":"ImageObject","inLanguage":"es","@id":"https:\/\/colourofstone.com\/es\/aviso-legal\/#primaryimage","url":"https:\/\/steinwolf.de\/wp-content\/uploads\/h4MLogo.png","contentUrl":"https:\/\/steinwolf.de\/wp-content\/uploads\/h4MLogo.png"},{"@type":"BreadcrumbList","@id":"https:\/\/colourofstone.com\/es\/aviso-legal\/#breadcrumb","itemListElement":[{"@type":"ListItem","position":1,"name":"Home","item":"https:\/\/colourofstone.com\/es\/"},{"@type":"ListItem","position":2,"name":"Aviso legal"}]},{"@type":"WebSite","@id":"https:\/\/colourofstone.com\/es\/#website","url":"https:\/\/colourofstone.com\/es\/","name":"Colour of Stone","description":"Fliesen, Haus und Garten Produkte aus Naturstein - Online Shop","publisher":{"@id":"https:\/\/colourofstone.com\/es\/#organization"},"potentialAction":[{"@type":"SearchAction","target":{"@type":"EntryPoint","urlTemplate":"https:\/\/colourofstone.com\/es\/?s={search_term_string}"},"query-input":{"@type":"PropertyValueSpecification","valueRequired":true,"valueName":"search_term_string"}}],"inLanguage":"es"},{"@type":"Organization","@id":"https:\/\/colourofstone.com\/es\/#organization","name":"Colour of Stone GmbH","url":"https:\/\/colourofstone.com\/es\/","logo":{"@type":"ImageObject","inLanguage":"es","@id":"https:\/\/colourofstone.com\/es\/#\/schema\/logo\/image\/","url":"https:\/\/colourofstone.com\/wp-content\/uploads\/99FC1526-DF3B-44F1-9816-9278D3194252-scaled.jpeg","contentUrl":"https:\/\/colourofstone.com\/wp-content\/uploads\/99FC1526-DF3B-44F1-9816-9278D3194252-scaled.jpeg","width":2125,"height":2560,"caption":"Colour of Stone GmbH"},"image":{"@id":"https:\/\/colourofstone.com\/es\/#\/schema\/logo\/image\/"},"sameAs":["https:\/\/www.instagram.com\/colourofstone\/"]}]}},"_links":{"self":[{"href":"https:\/\/colourofstone.com\/es\/wp-json\/wp\/v2\/pages\/16974","targetHints":{"allow":["GET"]}}],"collection":[{"href":"https:\/\/colourofstone.com\/es\/wp-json\/wp\/v2\/pages"}],"about":[{"href":"https:\/\/colourofstone.com\/es\/wp-json\/wp\/v2\/types\/page"}],"author":[{"embeddable":true,"href":"https:\/\/colourofstone.com\/es\/wp-json\/wp\/v2\/users\/2"}],"replies":[{"embeddable":true,"href":"https:\/\/colourofstone.com\/es\/wp-json\/wp\/v2\/comments?post=16974"}],"version-history":[{"count":10,"href":"https:\/\/colourofstone.com\/es\/wp-json\/wp\/v2\/pages\/16974\/revisions"}],"predecessor-version":[{"id":84762,"href":"https:\/\/colourofstone.com\/es\/wp-json\/wp\/v2\/pages\/16974\/revisions\/84762"}],"wp:attachment":[{"href":"https:\/\/colourofstone.com\/es\/wp-json\/wp\/v2\/media?parent=16974"}],"curies":[{"name":"wp","href":"https:\/\/api.w.org\/{rel}","templated":true}]}}