{"id":16999,"date":"2020-12-29T07:37:20","date_gmt":"2020-12-29T07:37:20","guid":{"rendered":"https:\/\/colourofstone.com\/envio\/"},"modified":"2025-07-29T05:47:55","modified_gmt":"2025-07-29T05:47:55","slug":"informacion-de-entrega","status":"publish","type":"page","link":"https:\/\/colourofstone.com\/es\/informacion-de-entrega\/","title":{"rendered":"Informaci\u00f3n de entrega"},"content":{"rendered":"\n<p class=\"is-style-border-s\">La entrega es gratuita en la acera en la carretera asfaltada. La descarga se realiza con plataforma elevadora y transpaleta.<\/p>\n\n\n\n<p class=\"is-style-border-s\">La entrega la realiza una agencia de transporte con camiones de 7,5 a 40 toneladas. Se debe garantizar una llegada y salida sin problemas.<\/p>\n\n\n\n<div style=\"height:20px\" aria-hidden=\"true\" class=\"wp-block-spacer\"><\/div>\n\n\n\n<p class=\"is-style-border-s\"><strong><strong>Entrega Europa<\/strong><\/strong> <strong><strong>libre de gastos de env\u00edo (islas y zonas remotas excluidas)<\/strong><\/strong><\/p>\n\n\n\n<p class=\"is-style-border-l\">Alemania, B\u00e9lgica, Espa\u00f1a (incluidas las Islas Baleares), Francia, Italia (incluidas las islas), Luxemburgo, Pa\u00edses Bajos, Portugal, Austria, Eslovenia, Croacia, Eslovaquia, Estonia, Polonia, Hungr\u00eda, Rep\u00fablica Checa, Rumania, Lituania, Letonia y M\u00f3naco.<\/p>\n\n\n\n<div style=\"height:20px\" aria-hidden=\"true\" class=\"wp-block-spacer\"><\/div>\n\n\n\n<p class=\"is-style-border-s\"><strong><strong>Entrega Europa<\/strong><\/strong> <strong><strong>con gastos de env\u00edo de tarifa plana o recargo por isla 238,00 EUR (IVA 19% DE)<\/strong><\/strong><\/p>\n\n\n\n<p class=\"is-style-border-l\">Dinamarca, Suecia, Finlandia, Bulgaria, Grecia (sin islas), Irlanda, Liechtenstein, Suiza, Islas Canarias, C\u00f3rcega, Islas Alemanas, Islas Holandesas, Madeira<\/p>\n\n\n\n<div style=\"height:20px\" aria-hidden=\"true\" class=\"wp-block-spacer\"><\/div>\n\n\n\n<p class=\"is-style-border-s\"><strong><strong>Entrega Europa<\/strong><\/strong> <strong><strong>con gastos de env\u00edo de tarifa plana o recargo por isla 476,00 EUR (IVA 19% DE)<\/strong><\/strong><\/p>\n\n\n\n<p class=\"is-style-border-l\">Noruega, Reino Unido, Azores, islas francesas (sin C\u00f3rcega), islas griegas, islas croatas, Ceuta, Melilla, Helgoland<\/p>\n\n\n\n<div style=\"height:20px\" aria-hidden=\"true\" class=\"wp-block-spacer\"><\/div>\n\n\n\n<p class=\"is-style-border-s\"><strong>Env\u00edo a EE. UU. por transporte a\u00e9reo o mar\u00edtimo<\/strong><\/p>\n\n\n\n<p class=\"is-style-border-l\">Los env\u00edos a EE. UU. se realizan por transporte a\u00e9reo o, previa solicitud, por transporte mar\u00edtimo. Los gastos de env\u00edo se componen del precio de los materiales pedidos m\u00e1s los gastos de env\u00edo del transporte a\u00e9reo. Estos \u00faltimos incluyen el transporte, el transporte a\u00e9reo est\u00e1ndar, el embalaje, los documentos de exportaci\u00f3n, las tasas, el despacho de aduanas y la entrega en la direcci\u00f3n de destino. El importe total se muestra en euros.<\/p>\n\n\n\n<p class=\"is-style-border-l\">Los env\u00edos a EE. UU. se consideran env\u00edos de exportaci\u00f3n exentos de impuestos seg\u00fan el art\u00edculo 6 de la Ley del Impuesto sobre el Valor A\u00f1adido (UStG) alemana. Tenga en cuenta que cualquier arancel de importaci\u00f3n en EE. UU., como aranceles o impuestos de importaci\u00f3n, correr\u00e1 a cargo del destinatario.<\/p>\n\n\n\n<p class=\"is-style-border-l\">Una alternativa m\u00e1s econ\u00f3mica es el env\u00edo por transporte mar\u00edtimo. Esta opci\u00f3n es especialmente adecuada para grandes cantidades. Con gusto le proporcionaremos plazos de entrega y precios de transporte mar\u00edtimo personalizados si lo solicita.<\/p>\n\n\n\n<div style=\"height:20px\" aria-hidden=\"true\" class=\"wp-block-spacer\"><\/div>\n\n\n\n<p class=\"is-style-border-s\">Las entregas s\u00f3lo se realizan dentro del Acuerdo de Schengen (salvo que se indique lo contrario). No se suministran los pa\u00edses o territorios que no figuran en la lista, como Groenlandia, las Islas Feroe y los territorios franceses y holandeses de ultramar.<\/p>\n\n\n\n<div style=\"height:100px\" aria-hidden=\"true\" class=\"wp-block-spacer\"><\/div>\n\n\n\n<div class=\"wp-block-columns is-layout-flex wp-container-core-columns-is-layout-9d6595d7 wp-block-columns-is-layout-flex\">\n<div class=\"wp-block-column is-layout-flow wp-block-column-is-layout-flow\"><div class=\"wp-block-image is-style-default\">\n<figure class=\"aligncenter size-large\"><img width=\"1024\" height=\"768\" data-src=\"https:\/\/colourofstone.com\/wp-content\/uploads\/Versand-1024x768.jpg\" alt=\"\" class=\"wp-image-29664\" srcset=\"https:\/\/colourofstone.com\/wp-content\/uploads\/Versand-1024x768.jpg 1024w, https:\/\/colourofstone.com\/wp-content\/uploads\/Versand-800x600.jpg 800w, https:\/\/colourofstone.com\/wp-content\/uploads\/Versand-300x225.jpg 300w, https:\/\/colourofstone.com\/wp-content\/uploads\/Versand-1536x1152.jpg 1536w, https:\/\/colourofstone.com\/wp-content\/uploads\/Versand.jpg 2000w\" sizes=\"(max-width: 1024px) 100vw, 1024px\" \/><\/figure><\/div><\/div>\n\n\n\n<div class=\"wp-block-column is-layout-flow wp-block-column-is-layout-flow\"><div class=\"wp-block-image is-style-default\">\n<figure class=\"aligncenter size-large\"><img width=\"1024\" height=\"768\" data-src=\"https:\/\/colourofstone.com\/wp-content\/uploads\/Versand2-1024x768.jpg\" alt=\"\" class=\"wp-image-29674\" srcset=\"https:\/\/colourofstone.com\/wp-content\/uploads\/Versand2-1024x768.jpg 1024w, https:\/\/colourofstone.com\/wp-content\/uploads\/Versand2-800x600.jpg 800w, https:\/\/colourofstone.com\/wp-content\/uploads\/Versand2-300x225.jpg 300w, https:\/\/colourofstone.com\/wp-content\/uploads\/Versand2-1536x1152.jpg 1536w, https:\/\/colourofstone.com\/wp-content\/uploads\/Versand2-80x60.jpg 80w, https:\/\/colourofstone.com\/wp-content\/uploads\/Versand2-120x90.jpg 120w, https:\/\/colourofstone.com\/wp-content\/uploads\/Versand2.jpg 2000w\" sizes=\"(max-width: 1024px) 100vw, 1024px\" \/><\/figure><\/div><\/div>\n<\/div>\n\n        <script>\n        function toggleInchInfo(el) {\n            const infoBox = el.nextElementSibling;\n            if (infoBox.style.display === \"none\") {\n                infoBox.style.display = \"inline\";\n            } else {\n                infoBox.style.display = \"none\";\n            }\n        }\n        <\/script>\n        <style>\n            .cm-info {\n                cursor: pointer;\n                color: #0073aa;\n                font-weight: bold;\n                margin-left: 4px;\n            }\n            .inch-info {\n                display: none;\n                background: #f8f8f8;\n                border: 1px solid #ccc;\n                padding: 4px 8px;\n                margin-left: 5px;\n                font-size: 0.9em;\n                border-radius: 4px;\n            }\n        <\/style>","protected":false},"excerpt":{"rendered":"<p>La entrega es gratuita en la acera en la carretera asfaltada. La descarga se realiza con plataforma elevadora y transpaleta. La entrega la realiza una agencia de transporte con camiones de 7,5 a 40 toneladas. Se debe garantizar una llegada y salida sin problemas. Entrega Europa libre de gastos de env\u00edo (islas y zonas remotas <a href=\"https:\/\/colourofstone.com\/es\/informacion-de-entrega\/\" class=\"more-link\">&#8230;<\/a><\/p>\n","protected":false},"author":2,"featured_media":0,"parent":0,"menu_order":0,"comment_status":"closed","ping_status":"closed","template":"","meta":{"footnotes":""},"class_list":["post-16999","page","type-page","status-publish","hentry"],"yoast_head":"<!-- This site is optimized with the Yoast SEO plugin v27.4 - https:\/\/yoast.com\/product\/yoast-seo-wordpress\/ -->\n<title>Informaci\u00f3n de entrega - gratis a 23 pa\u00edses - Colour of Stone<\/title>\n<meta name=\"description\" content=\"Entregamos azulejos de m\u00e1rmol en muchos formatos y superficies de hasta 100 x 100 cm sin gastos de env\u00edo a muchos pa\u00edses.\" \/>\n<meta name=\"robots\" content=\"index, follow, max-snippet:-1, max-image-preview:large, max-video-preview:-1\" \/>\n<link rel=\"canonical\" href=\"https:\/\/colourofstone.com\/es\/informacion-de-entrega\/\" \/>\n<meta property=\"og:locale\" content=\"es_ES\" \/>\n<meta property=\"og:type\" content=\"article\" \/>\n<meta property=\"og:title\" content=\"Informaci\u00f3n de entrega - gratis a 23 pa\u00edses - Colour of Stone\" \/>\n<meta property=\"og:description\" content=\"Entregamos azulejos de m\u00e1rmol en muchos formatos y superficies de hasta 100 x 100 cm sin gastos de env\u00edo a muchos pa\u00edses.\" \/>\n<meta property=\"og:url\" content=\"https:\/\/colourofstone.com\/es\/informacion-de-entrega\/\" \/>\n<meta property=\"og:site_name\" content=\"Colour of Stone\" \/>\n<meta property=\"article:modified_time\" content=\"2025-07-29T05:47:55+00:00\" \/>\n<meta property=\"og:image\" content=\"https:\/\/colourofstone.com\/wp-content\/uploads\/Versand-1024x768.jpg\" \/>\n<meta name=\"twitter:card\" content=\"summary_large_image\" \/>\n<meta name=\"twitter:label1\" content=\"Tiempo de lectura\" \/>\n\t<meta name=\"twitter:data1\" content=\"2 minutos\" \/>\n<script type=\"application\/ld+json\" class=\"yoast-schema-graph\">{\"@context\":\"https:\\\/\\\/schema.org\",\"@graph\":[{\"@type\":\"WebPage\",\"@id\":\"https:\\\/\\\/colourofstone.com\\\/es\\\/informacion-de-entrega\\\/\",\"url\":\"https:\\\/\\\/colourofstone.com\\\/es\\\/informacion-de-entrega\\\/\",\"name\":\"Informaci\u00f3n de entrega - gratis a 23 pa\u00edses - Colour of Stone\",\"isPartOf\":{\"@id\":\"https:\\\/\\\/colourofstone.com\\\/es\\\/#website\"},\"primaryImageOfPage\":{\"@id\":\"https:\\\/\\\/colourofstone.com\\\/es\\\/informacion-de-entrega\\\/#primaryimage\"},\"image\":{\"@id\":\"https:\\\/\\\/colourofstone.com\\\/es\\\/informacion-de-entrega\\\/#primaryimage\"},\"thumbnailUrl\":\"https:\\\/\\\/colourofstone.com\\\/wp-content\\\/uploads\\\/Versand-1024x768.jpg\",\"datePublished\":\"2020-12-29T07:37:20+00:00\",\"dateModified\":\"2025-07-29T05:47:55+00:00\",\"description\":\"Entregamos azulejos de m\u00e1rmol en muchos formatos y superficies de hasta 100 x 100 cm sin gastos de env\u00edo a muchos pa\u00edses.\",\"breadcrumb\":{\"@id\":\"https:\\\/\\\/colourofstone.com\\\/es\\\/informacion-de-entrega\\\/#breadcrumb\"},\"inLanguage\":\"es\",\"potentialAction\":[{\"@type\":\"ReadAction\",\"target\":[\"https:\\\/\\\/colourofstone.com\\\/es\\\/informacion-de-entrega\\\/\"]}]},{\"@type\":\"ImageObject\",\"inLanguage\":\"es\",\"@id\":\"https:\\\/\\\/colourofstone.com\\\/es\\\/informacion-de-entrega\\\/#primaryimage\",\"url\":\"https:\\\/\\\/colourofstone.com\\\/wp-content\\\/uploads\\\/Versand-1024x768.jpg\",\"contentUrl\":\"https:\\\/\\\/colourofstone.com\\\/wp-content\\\/uploads\\\/Versand-1024x768.jpg\"},{\"@type\":\"BreadcrumbList\",\"@id\":\"https:\\\/\\\/colourofstone.com\\\/es\\\/informacion-de-entrega\\\/#breadcrumb\",\"itemListElement\":[{\"@type\":\"ListItem\",\"position\":1,\"name\":\"Home\",\"item\":\"https:\\\/\\\/colourofstone.com\\\/es\\\/\"},{\"@type\":\"ListItem\",\"position\":2,\"name\":\"Informaci\u00f3n de entrega\"}]},{\"@type\":\"WebSite\",\"@id\":\"https:\\\/\\\/colourofstone.com\\\/es\\\/#website\",\"url\":\"https:\\\/\\\/colourofstone.com\\\/es\\\/\",\"name\":\"Colour of Stone\",\"description\":\"Fliesen, Haus und Garten Produkte aus Naturstein - Online Shop\",\"publisher\":{\"@id\":\"https:\\\/\\\/colourofstone.com\\\/es\\\/#organization\"},\"potentialAction\":[{\"@type\":\"SearchAction\",\"target\":{\"@type\":\"EntryPoint\",\"urlTemplate\":\"https:\\\/\\\/colourofstone.com\\\/es\\\/?s={search_term_string}\"},\"query-input\":{\"@type\":\"PropertyValueSpecification\",\"valueRequired\":true,\"valueName\":\"search_term_string\"}}],\"inLanguage\":\"es\"},{\"@type\":\"Organization\",\"@id\":\"https:\\\/\\\/colourofstone.com\\\/es\\\/#organization\",\"name\":\"Colour of Stone GmbH\",\"url\":\"https:\\\/\\\/colourofstone.com\\\/es\\\/\",\"logo\":{\"@type\":\"ImageObject\",\"inLanguage\":\"es\",\"@id\":\"https:\\\/\\\/colourofstone.com\\\/es\\\/#\\\/schema\\\/logo\\\/image\\\/\",\"url\":\"https:\\\/\\\/colourofstone.com\\\/wp-content\\\/uploads\\\/99FC1526-DF3B-44F1-9816-9278D3194252-scaled.jpeg\",\"contentUrl\":\"https:\\\/\\\/colourofstone.com\\\/wp-content\\\/uploads\\\/99FC1526-DF3B-44F1-9816-9278D3194252-scaled.jpeg\",\"width\":2125,\"height\":2560,\"caption\":\"Colour of Stone GmbH\"},\"image\":{\"@id\":\"https:\\\/\\\/colourofstone.com\\\/es\\\/#\\\/schema\\\/logo\\\/image\\\/\"},\"sameAs\":[\"https:\\\/\\\/www.instagram.com\\\/colourofstone\\\/\"]}]}<\/script>\n<!-- \/ Yoast SEO plugin. -->","yoast_head_json":{"title":"Informaci\u00f3n de entrega - gratis a 23 pa\u00edses - Colour of Stone","description":"Entregamos azulejos de m\u00e1rmol en muchos formatos y superficies de hasta 100 x 100 cm sin gastos de env\u00edo a muchos pa\u00edses.","robots":{"index":"index","follow":"follow","max-snippet":"max-snippet:-1","max-image-preview":"max-image-preview:large","max-video-preview":"max-video-preview:-1"},"canonical":"https:\/\/colourofstone.com\/es\/informacion-de-entrega\/","og_locale":"es_ES","og_type":"article","og_title":"Informaci\u00f3n de entrega - gratis a 23 pa\u00edses - Colour of Stone","og_description":"Entregamos azulejos de m\u00e1rmol en muchos formatos y superficies de hasta 100 x 100 cm sin gastos de env\u00edo a muchos pa\u00edses.","og_url":"https:\/\/colourofstone.com\/es\/informacion-de-entrega\/","og_site_name":"Colour of Stone","article_modified_time":"2025-07-29T05:47:55+00:00","og_image":[{"url":"https:\/\/colourofstone.com\/wp-content\/uploads\/Versand-1024x768.jpg","type":"","width":"","height":""}],"twitter_card":"summary_large_image","twitter_misc":{"Tiempo de lectura":"2 minutos"},"schema":{"@context":"https:\/\/schema.org","@graph":[{"@type":"WebPage","@id":"https:\/\/colourofstone.com\/es\/informacion-de-entrega\/","url":"https:\/\/colourofstone.com\/es\/informacion-de-entrega\/","name":"Informaci\u00f3n de entrega - gratis a 23 pa\u00edses - Colour of Stone","isPartOf":{"@id":"https:\/\/colourofstone.com\/es\/#website"},"primaryImageOfPage":{"@id":"https:\/\/colourofstone.com\/es\/informacion-de-entrega\/#primaryimage"},"image":{"@id":"https:\/\/colourofstone.com\/es\/informacion-de-entrega\/#primaryimage"},"thumbnailUrl":"https:\/\/colourofstone.com\/wp-content\/uploads\/Versand-1024x768.jpg","datePublished":"2020-12-29T07:37:20+00:00","dateModified":"2025-07-29T05:47:55+00:00","description":"Entregamos azulejos de m\u00e1rmol en muchos formatos y superficies de hasta 100 x 100 cm sin gastos de env\u00edo a muchos pa\u00edses.","breadcrumb":{"@id":"https:\/\/colourofstone.com\/es\/informacion-de-entrega\/#breadcrumb"},"inLanguage":"es","potentialAction":[{"@type":"ReadAction","target":["https:\/\/colourofstone.com\/es\/informacion-de-entrega\/"]}]},{"@type":"ImageObject","inLanguage":"es","@id":"https:\/\/colourofstone.com\/es\/informacion-de-entrega\/#primaryimage","url":"https:\/\/colourofstone.com\/wp-content\/uploads\/Versand-1024x768.jpg","contentUrl":"https:\/\/colourofstone.com\/wp-content\/uploads\/Versand-1024x768.jpg"},{"@type":"BreadcrumbList","@id":"https:\/\/colourofstone.com\/es\/informacion-de-entrega\/#breadcrumb","itemListElement":[{"@type":"ListItem","position":1,"name":"Home","item":"https:\/\/colourofstone.com\/es\/"},{"@type":"ListItem","position":2,"name":"Informaci\u00f3n de entrega"}]},{"@type":"WebSite","@id":"https:\/\/colourofstone.com\/es\/#website","url":"https:\/\/colourofstone.com\/es\/","name":"Colour of Stone","description":"Fliesen, Haus und Garten Produkte aus Naturstein - Online Shop","publisher":{"@id":"https:\/\/colourofstone.com\/es\/#organization"},"potentialAction":[{"@type":"SearchAction","target":{"@type":"EntryPoint","urlTemplate":"https:\/\/colourofstone.com\/es\/?s={search_term_string}"},"query-input":{"@type":"PropertyValueSpecification","valueRequired":true,"valueName":"search_term_string"}}],"inLanguage":"es"},{"@type":"Organization","@id":"https:\/\/colourofstone.com\/es\/#organization","name":"Colour of Stone GmbH","url":"https:\/\/colourofstone.com\/es\/","logo":{"@type":"ImageObject","inLanguage":"es","@id":"https:\/\/colourofstone.com\/es\/#\/schema\/logo\/image\/","url":"https:\/\/colourofstone.com\/wp-content\/uploads\/99FC1526-DF3B-44F1-9816-9278D3194252-scaled.jpeg","contentUrl":"https:\/\/colourofstone.com\/wp-content\/uploads\/99FC1526-DF3B-44F1-9816-9278D3194252-scaled.jpeg","width":2125,"height":2560,"caption":"Colour of Stone GmbH"},"image":{"@id":"https:\/\/colourofstone.com\/es\/#\/schema\/logo\/image\/"},"sameAs":["https:\/\/www.instagram.com\/colourofstone\/"]}]}},"_links":{"self":[{"href":"https:\/\/colourofstone.com\/es\/wp-json\/wp\/v2\/pages\/16999","targetHints":{"allow":["GET"]}}],"collection":[{"href":"https:\/\/colourofstone.com\/es\/wp-json\/wp\/v2\/pages"}],"about":[{"href":"https:\/\/colourofstone.com\/es\/wp-json\/wp\/v2\/types\/page"}],"author":[{"embeddable":true,"href":"https:\/\/colourofstone.com\/es\/wp-json\/wp\/v2\/users\/2"}],"replies":[{"embeddable":true,"href":"https:\/\/colourofstone.com\/es\/wp-json\/wp\/v2\/comments?post=16999"}],"version-history":[{"count":10,"href":"https:\/\/colourofstone.com\/es\/wp-json\/wp\/v2\/pages\/16999\/revisions"}],"predecessor-version":[{"id":84754,"href":"https:\/\/colourofstone.com\/es\/wp-json\/wp\/v2\/pages\/16999\/revisions\/84754"}],"wp:attachment":[{"href":"https:\/\/colourofstone.com\/es\/wp-json\/wp\/v2\/media?parent=16999"}],"curies":[{"name":"wp","href":"https:\/\/api.w.org\/{rel}","templated":true}]}}