{"id":17010,"date":"2020-12-29T07:43:29","date_gmt":"2020-12-29T07:43:29","guid":{"rendered":"https:\/\/colourofstone.com\/derecho-a-retirada\/"},"modified":"2021-03-05T20:25:59","modified_gmt":"2021-03-05T20:25:59","slug":"derecho-de-retractacion","status":"publish","type":"page","link":"https:\/\/colourofstone.com\/es\/derecho-de-retractacion\/","title":{"rendered":"Derecho de retractaci\u00f3n"},"content":{"rendered":"\n<h5 class=\"is-style-border-s wp-block-heading\"><strong><strong>Derecho de retractaci\u00f3n para los consumidores<\/strong><\/strong><\/h5>\n\n\n\n<div style=\"height:20px\" aria-hidden=\"true\" class=\"wp-block-spacer\"><\/div>\n\n\n\n<p class=\"is-style-border-s\">En la medida en que usted compre para fines que no sean predominantemente atribuibles ni a su actividad comercial ni a su actividad profesional independiente y, por lo tanto, nos haga un pedido como consumidor y no acuerde con nosotros ning\u00fan pago a plazos, tendr\u00e1 un derecho de revocaci\u00f3n de conformidad con las siguientes instrucciones de revocaci\u00f3n:<\/p>\n\n\n\n<div style=\"height:40px\" aria-hidden=\"true\" class=\"wp-block-spacer\"><\/div>\n\n\n\n<h5 class=\"is-style-border-s wp-block-heading\"><strong><strong>Pol\u00edtica de cancelaci\u00f3n<\/strong><\/strong><\/h5>\n\n\n\n<div style=\"height:20px\" aria-hidden=\"true\" class=\"wp-block-spacer\"><\/div>\n\n\n\n<p class=\"is-style-border-s\">Tienes el derecho a desistir del presente contrato sin necesidad de justificaci\u00f3n alguna en un plazo de 14 d\u00edas. El plazo de desistimiento expirar\u00e1 a los 14 d\u00edas del d\u00eda que t\u00fa o un tercero que t\u00fa indiques, distinto del transportista, adquiera la posesi\u00f3n material del \u00faltimo de esos productos.<\/p>\n\n\n\n<p class=\"is-style-border-s\">Para ejercer el derecho de desistimiento, deber\u00e1s notific\u00e1rnoslo (a Colour of Stone GmbH, Albert-Einstein-Str. 10, 31135 Hildesheim, Tel. +49 5121 102309, E-Mail support@colourofstone.com ) la decisi\u00f3n de desistir del contrato mediante una declaraci\u00f3n inequ\u00edvoca (por ejemplo, una carta enviada por correo postal o correo electr\u00f3nico). Podr\u00e1s utilizar el modelo de formulario de desistimiento que figura a continuaci\u00f3n, aunque su uso no es obligatorio. Tambi\u00e9n puedes cumplimentar y presentar el formulario de desistimiento u otra declaraci\u00f3n inequ\u00edvoca online mediante el formulario de contacto de nuestra p\u00e1gina web. Si la comunicaci\u00f3n de desistimiento la presentas online, te enviaremos un acuse de recibo sin demora indebida. (ej. correo electr\u00f3nico). Para cumplir el plazo de desistimiento, basta con que la comunicaci\u00f3n relativa al ejercicio del derecho de desistimiento sea enviada antes de que venza el plazo de desistimiento.<\/p>\n\n\n\n<p class=\"is-style-border-s\"><strong><strong><strong>Consecuencias del desistimiento<\/strong><\/strong><\/strong><\/p>\n\n\n\n<p class=\"is-style-border-s\">En caso de desistimiento por tu parte, procederemos a reembolsarte los pagos que hayas efectuado, incluidos los gastos de env\u00edo (con la excepci\u00f3n de los gastos adicionales resultantes de la elecci\u00f3n por tu parte de una modalidad de env\u00edo diferente a la modalidad menos costosa de env\u00edo ordinario que ofrezcamos) sin ninguna demora indebida y, en todo caso, dentro de los 14 d\u00edas a partir de la fecha en la que hayamos sido informados de tu decisi\u00f3n de desistir del presente contrato. El reembolso se realizar\u00e1 utilizando el mismo medio de pago que hayas empleado para la transacci\u00f3n inicial, salvo que se haya acordado expresamente lo contrario. No te cobraremos ning\u00fan gasto como consecuencia del reembolso. Podremos retener el reembolso hasta haber recibido los productos, o hasta que hayas presentado una prueba de la devoluci\u00f3n de los productos, seg\u00fan qu\u00e9 condici\u00f3n se cumpla primero.<\/p>\n\n\n\n<p class=\"is-style-border-s\">Los productos deber\u00e1n ser devueltos o entregados a m\u00e1s tardar en el plazo de 14 d\u00edas a partir de la fecha en que nos comuniques tu decisi\u00f3n de desistimiento del contrato. Se considerar\u00e1 cumplido el plazo si efect\u00faas la devoluci\u00f3n de los productos antes de que haya concluido el plazo de 14 d\u00edas. El costo de la devoluci\u00f3n de la mercanc\u00eda es a cargo suyo. Estos ascienden a un m\u00e1ximo de EUR 500,00 por pal\u00e9.<\/p>\n\n\n\n<p class=\"is-style-border-s\">S\u00f3lo est\u00e1s obligado a cubrir la depreciaci\u00f3n en el valor de los productos si la depreciaci\u00f3n es consecuencia de una manipulaci\u00f3n inadecuada de la mercanc\u00eda al examinar su estado, sus propiedades y funcionamiento.<\/p>\n\n\n\n<div style=\"height:40px\" aria-hidden=\"true\" class=\"wp-block-spacer\"><\/div>\n\n\n\n<h5 class=\"is-style-border-s wp-block-heading\"><strong><strong>Formulario de desistimiento<\/strong><\/strong><\/h5>\n\n\n\n<div style=\"height:20px\" aria-hidden=\"true\" class=\"wp-block-spacer\"><\/div>\n\n\n\n<p class=\"is-style-border-s\">(Si deseas desistir del contrato, puede cumplimentar y enviarnos el presente formulario)<\/p>\n\n\n\n<p class=\"is-style-border-s\">A la atenci\u00f3n de: <br>Colour of Stone GmbH<br>Albert-Einstein-Str. 10<br>31135 Hildesheim \/ GERMANY<br><br>Tel. +49 (0) 5121 102309<br>E-Mail <a href=\"mailto:support@colourofstone.com\">support@colourofstone.com<\/a><\/p>\n\n\n\n<div style=\"height:40px\" aria-hidden=\"true\" class=\"wp-block-spacer\"><\/div>\n\n\n\n<p class=\"is-style-border-s\"><strong>Por la presente le comunico\/comunicamos (*) que desisto de mi\/desistimos de nuestro (*) contrato de compraventa del siguiente producto (*) \/:<\/strong><\/p>\n\n\n\n<div style=\"height:40px\" aria-hidden=\"true\" class=\"wp-block-spacer\"><\/div>\n\n\n\n<hr class=\"wp-block-separator is-style-border-s\"\/>\n\n\n\n<p class=\"is-style-border-s\">pedido el (*) \/ recibido el (*)<\/p>\n\n\n\n<div style=\"height:40px\" aria-hidden=\"true\" class=\"wp-block-spacer\"><\/div>\n\n\n\n<hr class=\"wp-block-separator is-style-border-s is-style-default\"\/>\n\n\n\n<p class=\"is-style-border-s\">nombre del consumidor o consumidores<\/p>\n\n\n\n<div style=\"height:40px\" aria-hidden=\"true\" class=\"wp-block-spacer\"><\/div>\n\n\n\n<hr class=\"wp-block-separator is-style-border-s\"\/>\n\n\n\n<p class=\"is-style-border-s\">Direcci\u00f3n del consumidor o de los consumidores<\/p>\n\n\n\n<div style=\"height:80px\" aria-hidden=\"true\" class=\"wp-block-spacer\"><\/div>\n\n\n\n<hr class=\"wp-block-separator is-style-border-s\"\/>\n\n\n\n<p class=\"is-style-border-s\">Firma (si se presenta en papel)<\/p>\n\n\n\n<div style=\"height:40px\" aria-hidden=\"true\" class=\"wp-block-spacer\"><\/div>\n\n\n\n<hr class=\"wp-block-separator is-style-border-s\"\/>\n\n\n\n<p class=\"is-style-border-s\">Fecha<\/p>\n\n\n\n<div style=\"height:40px\" aria-hidden=\"true\" class=\"wp-block-spacer\"><\/div>\n\n\n\n<p class=\"is-style-border-s\">(*) Unzutreffendes streichen.<\/p>\n\n\n\n<div style=\"height:121px\" aria-hidden=\"true\" class=\"wp-block-spacer\"><\/div>\n\n        <script>\n        function toggleInchInfo(el) {\n            const infoBox = el.nextElementSibling;\n            if (infoBox.style.display === \"none\") {\n                infoBox.style.display = \"inline\";\n            } else {\n                infoBox.style.display = \"none\";\n            }\n        }\n        <\/script>\n        <style>\n            .cm-info {\n                cursor: pointer;\n                color: #0073aa;\n                font-weight: bold;\n                margin-left: 4px;\n            }\n            .inch-info {\n                display: none;\n                background: #f8f8f8;\n                border: 1px solid #ccc;\n                padding: 4px 8px;\n                margin-left: 5px;\n                font-size: 0.9em;\n                border-radius: 4px;\n            }\n        <\/style>","protected":false},"excerpt":{"rendered":"<p>Derecho de retractaci\u00f3n para los consumidores En la medida en que usted compre para fines que no sean predominantemente atribuibles ni a su actividad comercial ni a su actividad profesional independiente y, por lo tanto, nos haga un pedido como consumidor y no acuerde con nosotros ning\u00fan pago a plazos, tendr\u00e1 un derecho de revocaci\u00f3n <a href=\"https:\/\/colourofstone.com\/es\/derecho-de-retractacion\/\" class=\"more-link\">&#8230;<\/a><\/p>\n","protected":false},"author":1,"featured_media":0,"parent":0,"menu_order":0,"comment_status":"closed","ping_status":"closed","template":"","meta":{"footnotes":""},"class_list":["post-17010","page","type-page","status-publish","hentry"],"yoast_head":"<!-- This site is optimized with the Yoast SEO plugin v27.3 - https:\/\/yoast.com\/product\/yoast-seo-wordpress\/ -->\n<title>Derecho de retractaci\u00f3n - Colour of Stone<\/title>\n<meta name=\"robots\" content=\"noindex, nofollow\" \/>\n<meta property=\"og:locale\" content=\"es_ES\" \/>\n<meta property=\"og:type\" content=\"article\" \/>\n<meta property=\"og:title\" content=\"Derecho de retractaci\u00f3n - Colour of Stone\" \/>\n<meta property=\"og:description\" content=\"Derecho de retractaci\u00f3n para los consumidores En la medida en que usted compre para fines que no sean predominantemente atribuibles ni a su actividad comercial ni a su actividad profesional independiente y, por lo tanto, nos haga un pedido como consumidor y no acuerde con nosotros ning\u00fan pago a plazos, tendr\u00e1 un derecho de revocaci\u00f3n ...\" \/>\n<meta property=\"og:url\" content=\"https:\/\/colourofstone.com\/es\/derecho-de-retractacion\/\" \/>\n<meta property=\"og:site_name\" content=\"Colour of Stone\" \/>\n<meta property=\"article:modified_time\" content=\"2021-03-05T20:25:59+00:00\" \/>\n<meta property=\"og:image\" content=\"https:\/\/colourofstone.com\/wp-content\/uploads\/Logo.png\" \/>\n\t<meta property=\"og:image:width\" content=\"1086\" \/>\n\t<meta property=\"og:image:height\" content=\"553\" \/>\n\t<meta property=\"og:image:type\" content=\"image\/png\" \/>\n<meta name=\"twitter:card\" content=\"summary_large_image\" \/>\n<meta name=\"twitter:label1\" content=\"Tiempo de lectura\" \/>\n\t<meta name=\"twitter:data1\" content=\"3 minutos\" \/>\n<script type=\"application\/ld+json\" class=\"yoast-schema-graph\">{\"@context\":\"https:\\\/\\\/schema.org\",\"@graph\":[{\"@type\":\"WebPage\",\"@id\":\"https:\\\/\\\/colourofstone.com\\\/es\\\/derecho-de-retractacion\\\/\",\"url\":\"https:\\\/\\\/colourofstone.com\\\/es\\\/derecho-de-retractacion\\\/\",\"name\":\"Derecho de retractaci\u00f3n - Colour of Stone\",\"isPartOf\":{\"@id\":\"https:\\\/\\\/colourofstone.com\\\/es\\\/#website\"},\"datePublished\":\"2020-12-29T07:43:29+00:00\",\"dateModified\":\"2021-03-05T20:25:59+00:00\",\"breadcrumb\":{\"@id\":\"https:\\\/\\\/colourofstone.com\\\/es\\\/derecho-de-retractacion\\\/#breadcrumb\"},\"inLanguage\":\"es\",\"potentialAction\":[{\"@type\":\"ReadAction\",\"target\":[\"https:\\\/\\\/colourofstone.com\\\/es\\\/derecho-de-retractacion\\\/\"]}]},{\"@type\":\"BreadcrumbList\",\"@id\":\"https:\\\/\\\/colourofstone.com\\\/es\\\/derecho-de-retractacion\\\/#breadcrumb\",\"itemListElement\":[{\"@type\":\"ListItem\",\"position\":1,\"name\":\"Home\",\"item\":\"https:\\\/\\\/colourofstone.com\\\/es\\\/\"},{\"@type\":\"ListItem\",\"position\":2,\"name\":\"Derecho de retractaci\u00f3n\"}]},{\"@type\":\"WebSite\",\"@id\":\"https:\\\/\\\/colourofstone.com\\\/es\\\/#website\",\"url\":\"https:\\\/\\\/colourofstone.com\\\/es\\\/\",\"name\":\"Colour of Stone\",\"description\":\"Fliesen, Haus und Garten Produkte aus Naturstein - Online Shop\",\"publisher\":{\"@id\":\"https:\\\/\\\/colourofstone.com\\\/es\\\/#organization\"},\"potentialAction\":[{\"@type\":\"SearchAction\",\"target\":{\"@type\":\"EntryPoint\",\"urlTemplate\":\"https:\\\/\\\/colourofstone.com\\\/es\\\/?s={search_term_string}\"},\"query-input\":{\"@type\":\"PropertyValueSpecification\",\"valueRequired\":true,\"valueName\":\"search_term_string\"}}],\"inLanguage\":\"es\"},{\"@type\":\"Organization\",\"@id\":\"https:\\\/\\\/colourofstone.com\\\/es\\\/#organization\",\"name\":\"Colour of Stone GmbH\",\"url\":\"https:\\\/\\\/colourofstone.com\\\/es\\\/\",\"logo\":{\"@type\":\"ImageObject\",\"inLanguage\":\"es\",\"@id\":\"https:\\\/\\\/colourofstone.com\\\/es\\\/#\\\/schema\\\/logo\\\/image\\\/\",\"url\":\"https:\\\/\\\/colourofstone.com\\\/wp-content\\\/uploads\\\/99FC1526-DF3B-44F1-9816-9278D3194252-scaled.jpeg\",\"contentUrl\":\"https:\\\/\\\/colourofstone.com\\\/wp-content\\\/uploads\\\/99FC1526-DF3B-44F1-9816-9278D3194252-scaled.jpeg\",\"width\":2125,\"height\":2560,\"caption\":\"Colour of Stone GmbH\"},\"image\":{\"@id\":\"https:\\\/\\\/colourofstone.com\\\/es\\\/#\\\/schema\\\/logo\\\/image\\\/\"},\"sameAs\":[\"https:\\\/\\\/www.instagram.com\\\/colourofstone\\\/\"]}]}<\/script>\n<!-- \/ Yoast SEO plugin. -->","yoast_head_json":{"title":"Derecho de retractaci\u00f3n - Colour of Stone","robots":{"index":"noindex","follow":"nofollow"},"og_locale":"es_ES","og_type":"article","og_title":"Derecho de retractaci\u00f3n - Colour of Stone","og_description":"Derecho de retractaci\u00f3n para los consumidores En la medida en que usted compre para fines que no sean predominantemente atribuibles ni a su actividad comercial ni a su actividad profesional independiente y, por lo tanto, nos haga un pedido como consumidor y no acuerde con nosotros ning\u00fan pago a plazos, tendr\u00e1 un derecho de revocaci\u00f3n ...","og_url":"https:\/\/colourofstone.com\/es\/derecho-de-retractacion\/","og_site_name":"Colour of Stone","article_modified_time":"2021-03-05T20:25:59+00:00","og_image":[{"width":1086,"height":553,"url":"https:\/\/colourofstone.com\/wp-content\/uploads\/Logo.png","type":"image\/png"}],"twitter_card":"summary_large_image","twitter_misc":{"Tiempo de lectura":"3 minutos"},"schema":{"@context":"https:\/\/schema.org","@graph":[{"@type":"WebPage","@id":"https:\/\/colourofstone.com\/es\/derecho-de-retractacion\/","url":"https:\/\/colourofstone.com\/es\/derecho-de-retractacion\/","name":"Derecho de retractaci\u00f3n - Colour of Stone","isPartOf":{"@id":"https:\/\/colourofstone.com\/es\/#website"},"datePublished":"2020-12-29T07:43:29+00:00","dateModified":"2021-03-05T20:25:59+00:00","breadcrumb":{"@id":"https:\/\/colourofstone.com\/es\/derecho-de-retractacion\/#breadcrumb"},"inLanguage":"es","potentialAction":[{"@type":"ReadAction","target":["https:\/\/colourofstone.com\/es\/derecho-de-retractacion\/"]}]},{"@type":"BreadcrumbList","@id":"https:\/\/colourofstone.com\/es\/derecho-de-retractacion\/#breadcrumb","itemListElement":[{"@type":"ListItem","position":1,"name":"Home","item":"https:\/\/colourofstone.com\/es\/"},{"@type":"ListItem","position":2,"name":"Derecho de retractaci\u00f3n"}]},{"@type":"WebSite","@id":"https:\/\/colourofstone.com\/es\/#website","url":"https:\/\/colourofstone.com\/es\/","name":"Colour of Stone","description":"Fliesen, Haus und Garten Produkte aus Naturstein - Online Shop","publisher":{"@id":"https:\/\/colourofstone.com\/es\/#organization"},"potentialAction":[{"@type":"SearchAction","target":{"@type":"EntryPoint","urlTemplate":"https:\/\/colourofstone.com\/es\/?s={search_term_string}"},"query-input":{"@type":"PropertyValueSpecification","valueRequired":true,"valueName":"search_term_string"}}],"inLanguage":"es"},{"@type":"Organization","@id":"https:\/\/colourofstone.com\/es\/#organization","name":"Colour of Stone GmbH","url":"https:\/\/colourofstone.com\/es\/","logo":{"@type":"ImageObject","inLanguage":"es","@id":"https:\/\/colourofstone.com\/es\/#\/schema\/logo\/image\/","url":"https:\/\/colourofstone.com\/wp-content\/uploads\/99FC1526-DF3B-44F1-9816-9278D3194252-scaled.jpeg","contentUrl":"https:\/\/colourofstone.com\/wp-content\/uploads\/99FC1526-DF3B-44F1-9816-9278D3194252-scaled.jpeg","width":2125,"height":2560,"caption":"Colour of Stone GmbH"},"image":{"@id":"https:\/\/colourofstone.com\/es\/#\/schema\/logo\/image\/"},"sameAs":["https:\/\/www.instagram.com\/colourofstone\/"]}]}},"_links":{"self":[{"href":"https:\/\/colourofstone.com\/es\/wp-json\/wp\/v2\/pages\/17010","targetHints":{"allow":["GET"]}}],"collection":[{"href":"https:\/\/colourofstone.com\/es\/wp-json\/wp\/v2\/pages"}],"about":[{"href":"https:\/\/colourofstone.com\/es\/wp-json\/wp\/v2\/types\/page"}],"author":[{"embeddable":true,"href":"https:\/\/colourofstone.com\/es\/wp-json\/wp\/v2\/users\/1"}],"replies":[{"embeddable":true,"href":"https:\/\/colourofstone.com\/es\/wp-json\/wp\/v2\/comments?post=17010"}],"version-history":[{"count":8,"href":"https:\/\/colourofstone.com\/es\/wp-json\/wp\/v2\/pages\/17010\/revisions"}],"predecessor-version":[{"id":30336,"href":"https:\/\/colourofstone.com\/es\/wp-json\/wp\/v2\/pages\/17010\/revisions\/30336"}],"wp:attachment":[{"href":"https:\/\/colourofstone.com\/es\/wp-json\/wp\/v2\/media?parent=17010"}],"curies":[{"name":"wp","href":"https:\/\/api.w.org\/{rel}","templated":true}]}}