{"id":17024,"date":"2020-12-29T07:48:08","date_gmt":"2020-12-29T07:48:08","guid":{"rendered":"https:\/\/colourofstone.com\/pago\/"},"modified":"2024-03-26T10:28:02","modified_gmt":"2024-03-26T10:28:02","slug":"modos-de-pago","status":"publish","type":"page","link":"https:\/\/colourofstone.com\/es\/modos-de-pago\/","title":{"rendered":"Modos de pago"},"content":{"rendered":"\n<h5 class=\"wp-block-heading is-style-border-s\"><strong><strong>Pago con PayPal<\/strong><\/strong><\/h5>\n\n\n\n<div style=\"height:20px\" aria-hidden=\"true\" class=\"wp-block-spacer\"><\/div>\n\n\n\n<p class=\"is-style-border-s\">1. Elegir PayPal como forma de pago en el momento de la compra.<\/p>\n\n\n\n<p class=\"is-style-border-s\">2. ser\u00e1s redirigido a la p\u00e1gina web de PayPal<\/p>\n\n\n\n<p class=\"is-style-border-s\">3. si es cliente de PayPal, puede iniciar sesi\u00f3n con sus datos de usuario y confirmar el pago. Si es nuevo en PayPal, cree una cuenta y confirme el pago. 4.<\/p>\n\n\n\n<p class=\"is-style-border-s\">4. Despu\u00e9s de esto, ser\u00e1 redirigido de nuevo a nosotros. Su pedido y pago se han completado.<\/p>\n\n\n\n<div style=\"height:41px\" aria-hidden=\"true\" class=\"wp-block-spacer\"><\/div>\n\n\n\n<h5 class=\"wp-block-heading is-style-border-s\"><strong><strong>Pago con tarjeta de cr\u00e9dito<\/strong><\/strong><\/h5>\n\n\n\n<div style=\"height:20px\" aria-hidden=\"true\" class=\"wp-block-spacer\"><\/div>\n\n\n\n<p class=\"is-style-border-s\">Puede pagar con las tarjetas de cr\u00e9dito Mastercard, VISA o American Express. Simplemente seleccione su tarjeta de cr\u00e9dito en el proceso de pedido. Adem\u00e1s del n\u00famero de la tarjeta de la compa\u00f1\u00eda de la tarjeta de cr\u00e9dito, tambi\u00e9n necesitamos la validez de la tarjeta de cr\u00e9dito y el d\u00edgito de control de su tarjeta. Los datos de su tarjeta de cr\u00e9dito ser\u00e1n encriptados por SSL y 3D-Secure.<\/p>\n\n\n\n<div style=\"height:41px\" aria-hidden=\"true\" class=\"wp-block-spacer\"><\/div>\n\n\n\n<h5 class=\"wp-block-heading is-style-border-s\"><strong><strong>Pago con d\u00e9bito directo \/ prepago de la SEPA<\/strong><\/strong><\/h5>\n\n\n\n<div style=\"height:20px\" aria-hidden=\"true\" class=\"wp-block-spacer\"><\/div>\n\n\n\n<p class=\"is-style-border-s\">Al pagar por d\u00e9bito directo\/prepago de SEPA, transfiere el importe de la confirmaci\u00f3n del pedido en un plazo de 3 d\u00edas. Despu\u00e9s de recibir la cantidad total, le informaremos. Esto puede tomar hasta 10 d\u00edas dependiendo del banco. Despu\u00e9s de recibirlo, empezaremos a procesar su pedido inmediatamente.<\/p>\n\n\n\n<div style=\"height:20px\" aria-hidden=\"true\" class=\"wp-block-spacer\"><\/div>\n\n\n\n<div style=\"height:41px\" aria-hidden=\"true\" class=\"wp-block-spacer\"><\/div>\n\n\n\n<h5 class=\"wp-block-heading is-style-border-s\"><strong>PAGO CON <\/strong>Giropay \/ EPS<\/h5>\n\n\n\n<div style=\"height:20px\" aria-hidden=\"true\" class=\"wp-block-spacer\"><\/div>\n\n\n\n<p class=\"is-style-border-s\">1. En el primer paso eliges tu banco o caja de ahorros donde quieres pagar.<\/p>\n\n\n\n<p class=\"is-style-border-s\">2. Te conectas con tus datos de acceso a la banca online (por ejemplo, el n\u00famero de cuenta y el PIN).<\/p>\n\n\n\n<p class=\"is-style-border-s\">3. Liberar la transferencia precargada de con un TAN.<\/p>\n\n\n\n<div style=\"height:41px\" aria-hidden=\"true\" class=\"wp-block-spacer\"><\/div>\n\n\n\n<h5 class=\"wp-block-heading is-style-border-s\"><strong><strong>Pago a trav\u00e9s de IDEAL (NL)<\/strong><\/strong><\/h5>\n\n\n\n<div style=\"height:20px\" aria-hidden=\"true\" class=\"wp-block-spacer\"><\/div>\n\n\n\n<p class=\"is-style-border-s\">Durante el proceso de pago, seleccione IDEAL como su m\u00e9todo de pago y luego seleccione su banco en el men\u00fa. A continuaci\u00f3n, se le redirigir\u00e1 al portal en l\u00ednea de su banco, donde podr\u00e1 iniciar sesi\u00f3n con sus credenciales bancarias en l\u00ednea para realizar el pago. Todos los detalles de la transacci\u00f3n aparecer\u00e1n prellenados y s\u00f3lo tendr\u00e1 que confirmar el pago. Despu\u00e9s ser\u00e1 redirigido de nuevo a nosotros. Su pedido y pago se han completado<\/p>\n\n\n\n<div style=\"height:41px\" aria-hidden=\"true\" class=\"wp-block-spacer\"><\/div>\n\n\n\n<h5 class=\"wp-block-heading is-style-border-s\"><strong><strong>Pago a trav\u00e9s de Multibanco (PT)<\/strong><\/strong><\/h5>\n\n\n\n<div style=\"height:20px\" aria-hidden=\"true\" class=\"wp-block-spacer\"><\/div>\n\n\n\n<p class=\"is-style-border-s\">Para realizar un pago a trav\u00e9s de Multibanco, recibir\u00e1 una referencia de pago y un n\u00famero de unidad junto a la cantidad pendiente al completar con \u00e9xito el pedido, sin ser redirigido a una p\u00e1gina externa. A continuaci\u00f3n, puede realizar el pago introduciendo la referencia de pago, el n\u00famero de unidad y el importe.<\/p>\n\n\n\n<div style=\"height:41px\" aria-hidden=\"true\" class=\"wp-block-spacer\"><\/div>\n\n\n\n<h5 class=\"wp-block-heading is-style-border-s\"><strong><strong>Pago a trav\u00e9s de Przelewy24 (PO)<\/strong><\/strong><\/h5>\n\n\n\n<div style=\"height:20px\" aria-hidden=\"true\" class=\"wp-block-spacer\"><\/div>\n\n\n\n<p class=\"is-style-border-s\">Toda la informaci\u00f3n relevante ser\u00e1 enviada a Przelewy24, por lo que s\u00f3lo tiene que seleccionar su banco y hacer el pago como lo har\u00eda para una transferencia bancaria est\u00e1ndar con TAN. Despu\u00e9s ser\u00e1 redirigido de nuevo a nosotros. Su pedido y pago se han completado.<\/p>\n\n\n\n<div style=\"height:41px\" aria-hidden=\"true\" class=\"wp-block-spacer\"><\/div>\n\n\n\n<h5 class=\"wp-block-heading is-style-border-s\"><strong><strong>Pago a trav\u00e9s de Bancontact (BE)<\/strong><\/strong><\/h5>\n\n\n\n<div style=\"height:20px\" aria-hidden=\"true\" class=\"wp-block-spacer\"><\/div>\n\n\n\n<p class=\"is-style-border-s\">Seleccione Bancontact como m\u00e9todo de pago durante el proceso de pedido. A continuaci\u00f3n, se le redirigir\u00e1 al portal en l\u00ednea Bancontact, donde podr\u00e1 utilizar la aplicaci\u00f3n Bancontact o introducir manualmente los datos de su tarjeta Bancontact para iniciar el pago. Entonces ser\u00e1s redirigido de vuelta a nosotros. Su pedido y pago est\u00e1n completos.<\/p>\n\n\n\n<div style=\"height:168px\" aria-hidden=\"true\" class=\"wp-block-spacer\"><\/div>\n\n\n\n<p class=\"is-style-border-s\"><\/p>\n\n        <script>\n        function toggleInchInfo(el) {\n            const infoBox = el.nextElementSibling;\n            if (infoBox.style.display === \"none\") {\n                infoBox.style.display = \"inline\";\n            } else {\n                infoBox.style.display = \"none\";\n            }\n        }\n        <\/script>\n        <style>\n            .cm-info {\n                cursor: pointer;\n                color: #0073aa;\n                font-weight: bold;\n                margin-left: 4px;\n            }\n            .inch-info {\n                display: none;\n                background: #f8f8f8;\n                border: 1px solid #ccc;\n                padding: 4px 8px;\n                margin-left: 5px;\n                font-size: 0.9em;\n                border-radius: 4px;\n            }\n        <\/style>","protected":false},"excerpt":{"rendered":"<p>Pago con PayPal 1. Elegir PayPal como forma de pago en el momento de la compra. 2. ser\u00e1s redirigido a la p\u00e1gina web de PayPal 3. si es cliente de PayPal, puede iniciar sesi\u00f3n con sus datos de usuario y confirmar el pago. Si es nuevo en PayPal, cree una cuenta y confirme el pago. <a href=\"https:\/\/colourofstone.com\/es\/modos-de-pago\/\" class=\"more-link\">&#8230;<\/a><\/p>\n","protected":false},"author":2,"featured_media":0,"parent":0,"menu_order":0,"comment_status":"closed","ping_status":"closed","template":"","meta":{"footnotes":""},"class_list":["post-17024","page","type-page","status-publish","hentry"],"yoast_head":"<!-- This site is optimized with the Yoast SEO plugin v27.4 - https:\/\/yoast.com\/product\/yoast-seo-wordpress\/ -->\n<title>Modos de pago - Colour of Stone<\/title>\n<meta name=\"description\" content=\"Es posible la compra a cuenta, la compra a plazos, la compra mediante tarjeta de cr\u00e9dito, PayPal, SEPA y otros m\u00e9todos de pago.\" \/>\n<meta name=\"robots\" content=\"index, follow, max-snippet:-1, max-image-preview:large, max-video-preview:-1\" \/>\n<link rel=\"canonical\" href=\"https:\/\/colourofstone.com\/es\/modos-de-pago\/\" \/>\n<meta property=\"og:locale\" content=\"es_ES\" \/>\n<meta property=\"og:type\" content=\"article\" \/>\n<meta property=\"og:title\" content=\"Modos de pago - Colour of Stone\" \/>\n<meta property=\"og:description\" content=\"Es posible la compra a cuenta, la compra a plazos, la compra mediante tarjeta de cr\u00e9dito, PayPal, SEPA y otros m\u00e9todos de pago.\" \/>\n<meta property=\"og:url\" content=\"https:\/\/colourofstone.com\/es\/modos-de-pago\/\" \/>\n<meta property=\"og:site_name\" content=\"Colour of Stone\" \/>\n<meta property=\"article:modified_time\" content=\"2024-03-26T10:28:02+00:00\" \/>\n<meta property=\"og:image\" content=\"https:\/\/colourofstone.com\/wp-content\/uploads\/Logo.png\" \/>\n\t<meta property=\"og:image:width\" content=\"1086\" \/>\n\t<meta property=\"og:image:height\" content=\"553\" \/>\n\t<meta property=\"og:image:type\" content=\"image\/png\" \/>\n<meta name=\"twitter:card\" content=\"summary_large_image\" \/>\n<meta name=\"twitter:label1\" content=\"Tiempo de lectura\" \/>\n\t<meta name=\"twitter:data1\" content=\"4 minutos\" \/>\n<script type=\"application\/ld+json\" class=\"yoast-schema-graph\">{\"@context\":\"https:\\\/\\\/schema.org\",\"@graph\":[{\"@type\":\"WebPage\",\"@id\":\"https:\\\/\\\/colourofstone.com\\\/es\\\/modos-de-pago\\\/\",\"url\":\"https:\\\/\\\/colourofstone.com\\\/es\\\/modos-de-pago\\\/\",\"name\":\"Modos de pago - Colour of Stone\",\"isPartOf\":{\"@id\":\"https:\\\/\\\/colourofstone.com\\\/es\\\/#website\"},\"datePublished\":\"2020-12-29T07:48:08+00:00\",\"dateModified\":\"2024-03-26T10:28:02+00:00\",\"description\":\"Es posible la compra a cuenta, la compra a plazos, la compra mediante tarjeta de cr\u00e9dito, PayPal, SEPA y otros m\u00e9todos de pago.\",\"breadcrumb\":{\"@id\":\"https:\\\/\\\/colourofstone.com\\\/es\\\/modos-de-pago\\\/#breadcrumb\"},\"inLanguage\":\"es\",\"potentialAction\":[{\"@type\":\"ReadAction\",\"target\":[\"https:\\\/\\\/colourofstone.com\\\/es\\\/modos-de-pago\\\/\"]}]},{\"@type\":\"BreadcrumbList\",\"@id\":\"https:\\\/\\\/colourofstone.com\\\/es\\\/modos-de-pago\\\/#breadcrumb\",\"itemListElement\":[{\"@type\":\"ListItem\",\"position\":1,\"name\":\"Home\",\"item\":\"https:\\\/\\\/colourofstone.com\\\/es\\\/\"},{\"@type\":\"ListItem\",\"position\":2,\"name\":\"Modos de pago\"}]},{\"@type\":\"WebSite\",\"@id\":\"https:\\\/\\\/colourofstone.com\\\/es\\\/#website\",\"url\":\"https:\\\/\\\/colourofstone.com\\\/es\\\/\",\"name\":\"Colour of Stone\",\"description\":\"Fliesen, Haus und Garten Produkte aus Naturstein - Online Shop\",\"publisher\":{\"@id\":\"https:\\\/\\\/colourofstone.com\\\/es\\\/#organization\"},\"potentialAction\":[{\"@type\":\"SearchAction\",\"target\":{\"@type\":\"EntryPoint\",\"urlTemplate\":\"https:\\\/\\\/colourofstone.com\\\/es\\\/?s={search_term_string}\"},\"query-input\":{\"@type\":\"PropertyValueSpecification\",\"valueRequired\":true,\"valueName\":\"search_term_string\"}}],\"inLanguage\":\"es\"},{\"@type\":\"Organization\",\"@id\":\"https:\\\/\\\/colourofstone.com\\\/es\\\/#organization\",\"name\":\"Colour of Stone GmbH\",\"url\":\"https:\\\/\\\/colourofstone.com\\\/es\\\/\",\"logo\":{\"@type\":\"ImageObject\",\"inLanguage\":\"es\",\"@id\":\"https:\\\/\\\/colourofstone.com\\\/es\\\/#\\\/schema\\\/logo\\\/image\\\/\",\"url\":\"https:\\\/\\\/colourofstone.com\\\/wp-content\\\/uploads\\\/99FC1526-DF3B-44F1-9816-9278D3194252-scaled.jpeg\",\"contentUrl\":\"https:\\\/\\\/colourofstone.com\\\/wp-content\\\/uploads\\\/99FC1526-DF3B-44F1-9816-9278D3194252-scaled.jpeg\",\"width\":2125,\"height\":2560,\"caption\":\"Colour of Stone GmbH\"},\"image\":{\"@id\":\"https:\\\/\\\/colourofstone.com\\\/es\\\/#\\\/schema\\\/logo\\\/image\\\/\"},\"sameAs\":[\"https:\\\/\\\/www.instagram.com\\\/colourofstone\\\/\"]}]}<\/script>\n<!-- \/ Yoast SEO plugin. -->","yoast_head_json":{"title":"Modos de pago - Colour of Stone","description":"Es posible la compra a cuenta, la compra a plazos, la compra mediante tarjeta de cr\u00e9dito, PayPal, SEPA y otros m\u00e9todos de pago.","robots":{"index":"index","follow":"follow","max-snippet":"max-snippet:-1","max-image-preview":"max-image-preview:large","max-video-preview":"max-video-preview:-1"},"canonical":"https:\/\/colourofstone.com\/es\/modos-de-pago\/","og_locale":"es_ES","og_type":"article","og_title":"Modos de pago - Colour of Stone","og_description":"Es posible la compra a cuenta, la compra a plazos, la compra mediante tarjeta de cr\u00e9dito, PayPal, SEPA y otros m\u00e9todos de pago.","og_url":"https:\/\/colourofstone.com\/es\/modos-de-pago\/","og_site_name":"Colour of Stone","article_modified_time":"2024-03-26T10:28:02+00:00","og_image":[{"width":1086,"height":553,"url":"https:\/\/colourofstone.com\/wp-content\/uploads\/Logo.png","type":"image\/png"}],"twitter_card":"summary_large_image","twitter_misc":{"Tiempo de lectura":"4 minutos"},"schema":{"@context":"https:\/\/schema.org","@graph":[{"@type":"WebPage","@id":"https:\/\/colourofstone.com\/es\/modos-de-pago\/","url":"https:\/\/colourofstone.com\/es\/modos-de-pago\/","name":"Modos de pago - Colour of Stone","isPartOf":{"@id":"https:\/\/colourofstone.com\/es\/#website"},"datePublished":"2020-12-29T07:48:08+00:00","dateModified":"2024-03-26T10:28:02+00:00","description":"Es posible la compra a cuenta, la compra a plazos, la compra mediante tarjeta de cr\u00e9dito, PayPal, SEPA y otros m\u00e9todos de pago.","breadcrumb":{"@id":"https:\/\/colourofstone.com\/es\/modos-de-pago\/#breadcrumb"},"inLanguage":"es","potentialAction":[{"@type":"ReadAction","target":["https:\/\/colourofstone.com\/es\/modos-de-pago\/"]}]},{"@type":"BreadcrumbList","@id":"https:\/\/colourofstone.com\/es\/modos-de-pago\/#breadcrumb","itemListElement":[{"@type":"ListItem","position":1,"name":"Home","item":"https:\/\/colourofstone.com\/es\/"},{"@type":"ListItem","position":2,"name":"Modos de pago"}]},{"@type":"WebSite","@id":"https:\/\/colourofstone.com\/es\/#website","url":"https:\/\/colourofstone.com\/es\/","name":"Colour of Stone","description":"Fliesen, Haus und Garten Produkte aus Naturstein - Online Shop","publisher":{"@id":"https:\/\/colourofstone.com\/es\/#organization"},"potentialAction":[{"@type":"SearchAction","target":{"@type":"EntryPoint","urlTemplate":"https:\/\/colourofstone.com\/es\/?s={search_term_string}"},"query-input":{"@type":"PropertyValueSpecification","valueRequired":true,"valueName":"search_term_string"}}],"inLanguage":"es"},{"@type":"Organization","@id":"https:\/\/colourofstone.com\/es\/#organization","name":"Colour of Stone GmbH","url":"https:\/\/colourofstone.com\/es\/","logo":{"@type":"ImageObject","inLanguage":"es","@id":"https:\/\/colourofstone.com\/es\/#\/schema\/logo\/image\/","url":"https:\/\/colourofstone.com\/wp-content\/uploads\/99FC1526-DF3B-44F1-9816-9278D3194252-scaled.jpeg","contentUrl":"https:\/\/colourofstone.com\/wp-content\/uploads\/99FC1526-DF3B-44F1-9816-9278D3194252-scaled.jpeg","width":2125,"height":2560,"caption":"Colour of Stone GmbH"},"image":{"@id":"https:\/\/colourofstone.com\/es\/#\/schema\/logo\/image\/"},"sameAs":["https:\/\/www.instagram.com\/colourofstone\/"]}]}},"_links":{"self":[{"href":"https:\/\/colourofstone.com\/es\/wp-json\/wp\/v2\/pages\/17024","targetHints":{"allow":["GET"]}}],"collection":[{"href":"https:\/\/colourofstone.com\/es\/wp-json\/wp\/v2\/pages"}],"about":[{"href":"https:\/\/colourofstone.com\/es\/wp-json\/wp\/v2\/types\/page"}],"author":[{"embeddable":true,"href":"https:\/\/colourofstone.com\/es\/wp-json\/wp\/v2\/users\/2"}],"replies":[{"embeddable":true,"href":"https:\/\/colourofstone.com\/es\/wp-json\/wp\/v2\/comments?post=17024"}],"version-history":[{"count":7,"href":"https:\/\/colourofstone.com\/es\/wp-json\/wp\/v2\/pages\/17024\/revisions"}],"predecessor-version":[{"id":77118,"href":"https:\/\/colourofstone.com\/es\/wp-json\/wp\/v2\/pages\/17024\/revisions\/77118"}],"wp:attachment":[{"href":"https:\/\/colourofstone.com\/es\/wp-json\/wp\/v2\/media?parent=17024"}],"curies":[{"name":"wp","href":"https:\/\/api.w.org\/{rel}","templated":true}]}}