{"id":27038,"date":"2021-02-23T08:03:19","date_gmt":"2021-02-23T08:03:19","guid":{"rendered":"https:\/\/colourofstone.com\/?page_id=27038"},"modified":"2021-03-14T14:46:55","modified_gmt":"2021-03-14T14:46:55","slug":"limpieza","status":"publish","type":"page","link":"https:\/\/colourofstone.com\/es\/limpieza\/","title":{"rendered":"Limpieza"},"content":{"rendered":"\n<h5 class=\"is-style-border-s wp-block-heading\">Informaci\u00f3n sobre limpieza, protecci\u00f3n y cuidado<\/h5>\n\n\n\n<div style=\"height:20px\" aria-hidden=\"true\" class=\"wp-block-spacer\"><\/div>\n\n\n\n<p class=\"is-style-border-s\">Adem\u00e1s de la instalaci\u00f3n de las baldosas de m\u00e1rmol, la limpieza posterior es un elemento muy importante. La limpieza despu\u00e9s de la instalaci\u00f3n, tambi\u00e9n llamada limpieza b\u00e1sica, tiene por objeto dar a las baldosas de piedra natural el aspecto adecuado despu\u00e9s de la instalaci\u00f3n.<\/p>\n\n\n\n<p class=\"is-style-border-s\">La limpieza es un requisito previo a cualquier tratamiento de protecci\u00f3n. A pesar del tratamiento de protecci\u00f3n, tambi\u00e9n llamado impregnaci\u00f3n, las baldosas de piedra natural deben someterse a una limpieza peri\u00f3dica.<\/p>\n\n\n\n<p class=\"is-style-border-s\">Por lo tanto, hay 3 cosas importantes que hay que tener en cuenta para dar a las baldosas de piedra natural un aspecto atractivo y hermoso:<\/p>\n\n\n\n<div style=\"height:20px\" aria-hidden=\"true\" class=\"wp-block-spacer\"><\/div>\n\n\n\n<p class=\"is-style-border-l\">Limpieza<\/p>\n\n\n\n<p class=\"is-style-border-l\">Protecci\u00f3n<\/p>\n\n\n\n<p class=\"is-style-border-l\">Atenci\u00f3n<\/p>\n\n\n\n<div style=\"height:20px\" aria-hidden=\"true\" class=\"wp-block-spacer\"><\/div>\n\n\n\n<p class=\"is-style-border-s\">Las baldosas de m\u00e1rmol, travertino, piedra caliza, arenisca o lava bas\u00e1ltica, al igual que otras piedras naturales, no suelen ser resistentes a los \u00e1cidos. Por lo tanto, es aconsejable utilizar productos sin \u00e1cido que se adapten al tipo de piedra en cuesti\u00f3n.<\/p>\n\n\n\n<p class=\"is-style-border-s\">El mercado de productos para la limpieza, protecci\u00f3n y cuidado de las piedras naturales es muy amplio. Muchos productores ofrecen un asesoramiento completo en sus sitios web. Adem\u00e1s de las instrucciones de cuidado, hay informaci\u00f3n detallada y folletos sobre los productos adecuados.<\/p>\n\n\n\n<p class=\"is-style-border-s\">M\u00f6ller-Chemie de Ihrlerstein ofrece muy buena informaci\u00f3n. Esta informaci\u00f3n es completa y f\u00e1cil de entender.<\/p>\n\n\n\n<p class=\"is-style-border-s\">Aqu\u00ed encontrar\u00e1 los enlaces externos de M\u00f6ller-Chemie para la limpieza, la protecci\u00f3n y el cuidado:<\/p>\n\n\n\n<div style=\"height:20px\" aria-hidden=\"true\" class=\"wp-block-spacer\"><\/div>\n\n\n\n<p class=\"is-style-border-l externalLink\"><a href=\"http:\/\/www.moellerstonecare.eu\/pdf\/TI-pdf\/TI-03-1.pdf\" target=\"_blank\" rel=\"noreferrer noopener\">M\u00e1rmol &amp; Caliza<\/a><\/p>\n\n\n\n<p class=\"is-style-border-l externalLink\"><a href=\"http:\/\/www.moellerstonecare.eu\/pdf\/TI-pdf\/TI-11-1.pdf\" target=\"_blank\" rel=\"noreferrer noopener\">Arenisca<\/a><\/p>\n\n\n\n<p class=\"is-style-border-l externalLink\"><a href=\"http:\/\/www.moellerstonecare.eu\/pdf\/TI-pdf\/TI-15-1.pdf\" target=\"_blank\" rel=\"noreferrer noopener\">Lava bas\u00e1ltica<\/a><\/p>\n\n\n\n<div style=\"height:20px\" aria-hidden=\"true\" class=\"wp-block-spacer\"><\/div>\n\n\n\n<p class=\"is-style-border-s\">Tambi\u00e9n se pueden utilizar los productos de otras empresas. Es importante tener en cuenta que estos productos est\u00e1n adaptados y son adecuados para el prop\u00f3sito en cuesti\u00f3n.<\/p>\n\n\n\n<div style=\"height:100px\" aria-hidden=\"true\" class=\"wp-block-spacer\"><\/div>\n\n        <script>\n        function toggleInchInfo(el) {\n            const infoBox = el.nextElementSibling;\n            if (infoBox.style.display === \"none\") {\n                infoBox.style.display = \"inline\";\n            } else {\n                infoBox.style.display = \"none\";\n            }\n        }\n        <\/script>\n        <style>\n            .cm-info {\n                cursor: pointer;\n                color: #0073aa;\n                font-weight: bold;\n                margin-left: 4px;\n            }\n            .inch-info {\n                display: none;\n                background: #f8f8f8;\n                border: 1px solid #ccc;\n                padding: 4px 8px;\n                margin-left: 5px;\n                font-size: 0.9em;\n                border-radius: 4px;\n            }\n        <\/style>","protected":false},"excerpt":{"rendered":"<p>Informaci\u00f3n sobre limpieza, protecci\u00f3n y cuidado Adem\u00e1s de la instalaci\u00f3n de las baldosas de m\u00e1rmol, la limpieza posterior es un elemento muy importante. La limpieza despu\u00e9s de la instalaci\u00f3n, tambi\u00e9n llamada limpieza b\u00e1sica, tiene por objeto dar a las baldosas de piedra natural el aspecto adecuado despu\u00e9s de la instalaci\u00f3n. La limpieza es un requisito <a href=\"https:\/\/colourofstone.com\/es\/limpieza\/\" class=\"more-link\">&#8230;<\/a><\/p>\n","protected":false},"author":5,"featured_media":0,"parent":0,"menu_order":0,"comment_status":"closed","ping_status":"closed","template":"","meta":{"footnotes":""},"class_list":["post-27038","page","type-page","status-publish","hentry"],"yoast_head":"<!-- This site is optimized with the Yoast SEO plugin v27.4 - https:\/\/yoast.com\/product\/yoast-seo-wordpress\/ -->\n<title>Limpieza - Colour of Stone<\/title>\n<meta name=\"description\" content=\"Informaci\u00f3n sobre la limpieza, la protecci\u00f3n y el mantenimiento de las baldosas de m\u00e1rmol y piedra caliza presentada de forma sencilla.\" \/>\n<meta name=\"robots\" content=\"index, follow, max-snippet:-1, max-image-preview:large, max-video-preview:-1\" \/>\n<link rel=\"canonical\" href=\"https:\/\/colourofstone.com\/es\/limpieza\/\" \/>\n<meta property=\"og:locale\" content=\"es_ES\" \/>\n<meta property=\"og:type\" content=\"article\" \/>\n<meta property=\"og:title\" content=\"Limpieza - Colour of Stone\" \/>\n<meta property=\"og:description\" content=\"Informaci\u00f3n sobre la limpieza, la protecci\u00f3n y el mantenimiento de las baldosas de m\u00e1rmol y piedra caliza presentada de forma sencilla.\" \/>\n<meta property=\"og:url\" content=\"https:\/\/colourofstone.com\/es\/limpieza\/\" \/>\n<meta property=\"og:site_name\" content=\"Colour of Stone\" \/>\n<meta property=\"article:modified_time\" content=\"2021-03-14T14:46:55+00:00\" \/>\n<meta property=\"og:image\" content=\"https:\/\/colourofstone.com\/wp-content\/uploads\/Logo.png\" \/>\n\t<meta property=\"og:image:width\" content=\"1086\" \/>\n\t<meta property=\"og:image:height\" content=\"553\" \/>\n\t<meta property=\"og:image:type\" content=\"image\/png\" \/>\n<meta name=\"twitter:card\" content=\"summary_large_image\" \/>\n<meta name=\"twitter:label1\" content=\"Tiempo de lectura\" \/>\n\t<meta name=\"twitter:data1\" content=\"2 minutos\" \/>\n<script type=\"application\/ld+json\" class=\"yoast-schema-graph\">{\"@context\":\"https:\\\/\\\/schema.org\",\"@graph\":[{\"@type\":\"WebPage\",\"@id\":\"https:\\\/\\\/colourofstone.com\\\/es\\\/limpieza\\\/\",\"url\":\"https:\\\/\\\/colourofstone.com\\\/es\\\/limpieza\\\/\",\"name\":\"Limpieza - Colour of Stone\",\"isPartOf\":{\"@id\":\"https:\\\/\\\/colourofstone.com\\\/es\\\/#website\"},\"datePublished\":\"2021-02-23T08:03:19+00:00\",\"dateModified\":\"2021-03-14T14:46:55+00:00\",\"description\":\"Informaci\u00f3n sobre la limpieza, la protecci\u00f3n y el mantenimiento de las baldosas de m\u00e1rmol y piedra caliza presentada de forma sencilla.\",\"breadcrumb\":{\"@id\":\"https:\\\/\\\/colourofstone.com\\\/es\\\/limpieza\\\/#breadcrumb\"},\"inLanguage\":\"es\",\"potentialAction\":[{\"@type\":\"ReadAction\",\"target\":[\"https:\\\/\\\/colourofstone.com\\\/es\\\/limpieza\\\/\"]}]},{\"@type\":\"BreadcrumbList\",\"@id\":\"https:\\\/\\\/colourofstone.com\\\/es\\\/limpieza\\\/#breadcrumb\",\"itemListElement\":[{\"@type\":\"ListItem\",\"position\":1,\"name\":\"Home\",\"item\":\"https:\\\/\\\/colourofstone.com\\\/es\\\/\"},{\"@type\":\"ListItem\",\"position\":2,\"name\":\"Limpieza\"}]},{\"@type\":\"WebSite\",\"@id\":\"https:\\\/\\\/colourofstone.com\\\/es\\\/#website\",\"url\":\"https:\\\/\\\/colourofstone.com\\\/es\\\/\",\"name\":\"Colour of Stone\",\"description\":\"Fliesen, Haus und Garten Produkte aus Naturstein - Online Shop\",\"publisher\":{\"@id\":\"https:\\\/\\\/colourofstone.com\\\/es\\\/#organization\"},\"potentialAction\":[{\"@type\":\"SearchAction\",\"target\":{\"@type\":\"EntryPoint\",\"urlTemplate\":\"https:\\\/\\\/colourofstone.com\\\/es\\\/?s={search_term_string}\"},\"query-input\":{\"@type\":\"PropertyValueSpecification\",\"valueRequired\":true,\"valueName\":\"search_term_string\"}}],\"inLanguage\":\"es\"},{\"@type\":\"Organization\",\"@id\":\"https:\\\/\\\/colourofstone.com\\\/es\\\/#organization\",\"name\":\"Colour of Stone GmbH\",\"url\":\"https:\\\/\\\/colourofstone.com\\\/es\\\/\",\"logo\":{\"@type\":\"ImageObject\",\"inLanguage\":\"es\",\"@id\":\"https:\\\/\\\/colourofstone.com\\\/es\\\/#\\\/schema\\\/logo\\\/image\\\/\",\"url\":\"https:\\\/\\\/colourofstone.com\\\/wp-content\\\/uploads\\\/99FC1526-DF3B-44F1-9816-9278D3194252-scaled.jpeg\",\"contentUrl\":\"https:\\\/\\\/colourofstone.com\\\/wp-content\\\/uploads\\\/99FC1526-DF3B-44F1-9816-9278D3194252-scaled.jpeg\",\"width\":2125,\"height\":2560,\"caption\":\"Colour of Stone GmbH\"},\"image\":{\"@id\":\"https:\\\/\\\/colourofstone.com\\\/es\\\/#\\\/schema\\\/logo\\\/image\\\/\"},\"sameAs\":[\"https:\\\/\\\/www.instagram.com\\\/colourofstone\\\/\"]}]}<\/script>\n<!-- \/ Yoast SEO plugin. -->","yoast_head_json":{"title":"Limpieza - Colour of Stone","description":"Informaci\u00f3n sobre la limpieza, la protecci\u00f3n y el mantenimiento de las baldosas de m\u00e1rmol y piedra caliza presentada de forma sencilla.","robots":{"index":"index","follow":"follow","max-snippet":"max-snippet:-1","max-image-preview":"max-image-preview:large","max-video-preview":"max-video-preview:-1"},"canonical":"https:\/\/colourofstone.com\/es\/limpieza\/","og_locale":"es_ES","og_type":"article","og_title":"Limpieza - Colour of Stone","og_description":"Informaci\u00f3n sobre la limpieza, la protecci\u00f3n y el mantenimiento de las baldosas de m\u00e1rmol y piedra caliza presentada de forma sencilla.","og_url":"https:\/\/colourofstone.com\/es\/limpieza\/","og_site_name":"Colour of Stone","article_modified_time":"2021-03-14T14:46:55+00:00","og_image":[{"width":1086,"height":553,"url":"https:\/\/colourofstone.com\/wp-content\/uploads\/Logo.png","type":"image\/png"}],"twitter_card":"summary_large_image","twitter_misc":{"Tiempo de lectura":"2 minutos"},"schema":{"@context":"https:\/\/schema.org","@graph":[{"@type":"WebPage","@id":"https:\/\/colourofstone.com\/es\/limpieza\/","url":"https:\/\/colourofstone.com\/es\/limpieza\/","name":"Limpieza - Colour of Stone","isPartOf":{"@id":"https:\/\/colourofstone.com\/es\/#website"},"datePublished":"2021-02-23T08:03:19+00:00","dateModified":"2021-03-14T14:46:55+00:00","description":"Informaci\u00f3n sobre la limpieza, la protecci\u00f3n y el mantenimiento de las baldosas de m\u00e1rmol y piedra caliza presentada de forma sencilla.","breadcrumb":{"@id":"https:\/\/colourofstone.com\/es\/limpieza\/#breadcrumb"},"inLanguage":"es","potentialAction":[{"@type":"ReadAction","target":["https:\/\/colourofstone.com\/es\/limpieza\/"]}]},{"@type":"BreadcrumbList","@id":"https:\/\/colourofstone.com\/es\/limpieza\/#breadcrumb","itemListElement":[{"@type":"ListItem","position":1,"name":"Home","item":"https:\/\/colourofstone.com\/es\/"},{"@type":"ListItem","position":2,"name":"Limpieza"}]},{"@type":"WebSite","@id":"https:\/\/colourofstone.com\/es\/#website","url":"https:\/\/colourofstone.com\/es\/","name":"Colour of Stone","description":"Fliesen, Haus und Garten Produkte aus Naturstein - Online Shop","publisher":{"@id":"https:\/\/colourofstone.com\/es\/#organization"},"potentialAction":[{"@type":"SearchAction","target":{"@type":"EntryPoint","urlTemplate":"https:\/\/colourofstone.com\/es\/?s={search_term_string}"},"query-input":{"@type":"PropertyValueSpecification","valueRequired":true,"valueName":"search_term_string"}}],"inLanguage":"es"},{"@type":"Organization","@id":"https:\/\/colourofstone.com\/es\/#organization","name":"Colour of Stone GmbH","url":"https:\/\/colourofstone.com\/es\/","logo":{"@type":"ImageObject","inLanguage":"es","@id":"https:\/\/colourofstone.com\/es\/#\/schema\/logo\/image\/","url":"https:\/\/colourofstone.com\/wp-content\/uploads\/99FC1526-DF3B-44F1-9816-9278D3194252-scaled.jpeg","contentUrl":"https:\/\/colourofstone.com\/wp-content\/uploads\/99FC1526-DF3B-44F1-9816-9278D3194252-scaled.jpeg","width":2125,"height":2560,"caption":"Colour of Stone GmbH"},"image":{"@id":"https:\/\/colourofstone.com\/es\/#\/schema\/logo\/image\/"},"sameAs":["https:\/\/www.instagram.com\/colourofstone\/"]}]}},"_links":{"self":[{"href":"https:\/\/colourofstone.com\/es\/wp-json\/wp\/v2\/pages\/27038","targetHints":{"allow":["GET"]}}],"collection":[{"href":"https:\/\/colourofstone.com\/es\/wp-json\/wp\/v2\/pages"}],"about":[{"href":"https:\/\/colourofstone.com\/es\/wp-json\/wp\/v2\/types\/page"}],"author":[{"embeddable":true,"href":"https:\/\/colourofstone.com\/es\/wp-json\/wp\/v2\/users\/5"}],"replies":[{"embeddable":true,"href":"https:\/\/colourofstone.com\/es\/wp-json\/wp\/v2\/comments?post=27038"}],"version-history":[{"count":9,"href":"https:\/\/colourofstone.com\/es\/wp-json\/wp\/v2\/pages\/27038\/revisions"}],"predecessor-version":[{"id":29741,"href":"https:\/\/colourofstone.com\/es\/wp-json\/wp\/v2\/pages\/27038\/revisions\/29741"}],"wp:attachment":[{"href":"https:\/\/colourofstone.com\/es\/wp-json\/wp\/v2\/media?parent=27038"}],"curies":[{"name":"wp","href":"https:\/\/api.w.org\/{rel}","templated":true}]}}