{"id":27056,"date":"2021-02-23T08:25:08","date_gmt":"2021-02-23T08:25:08","guid":{"rendered":"https:\/\/colourofstone.com\/?page_id=27056"},"modified":"2021-03-14T16:39:58","modified_gmt":"2021-03-14T16:39:58","slug":"instalacion","status":"publish","type":"page","link":"https:\/\/colourofstone.com\/es\/instalacion\/","title":{"rendered":"Instalaci\u00f3n"},"content":{"rendered":"\n<p class=\"is-style-border-s\">Hay que tener en cuenta algunos aspectos a la hora de instalar baldosas de piedra natural o de m\u00e1rmol. Adem\u00e1s del componente profesional para la instalaci\u00f3n, hay que tener en cuenta algunas cosas, como:<\/p>\n\n\n\n<div style=\"height:20px\" aria-hidden=\"true\" class=\"wp-block-spacer\"><\/div>\n\n\n\n<p class=\"is-style-border-l\">\u00bfSobre qu\u00e9 tipo de subsuelo se instalar\u00e1n las baldosas de m\u00e1rmol?<\/p>\n\n\n\n<p class=\"is-style-border-l\">\u00bfEst\u00e1 el subsuelo nivelado o necesita ser nivelado?<\/p>\n\n\n\n<p class=\"is-style-border-l\">\u00bfQu\u00e9 m\u00e9todo se utilizar\u00e1 para colocar las baldosas de m\u00e1rmol?<\/p>\n\n\n\n<p class=\"is-style-border-l\">\u00bfCu\u00e1l es el formato y la superficie de las baldosas?<\/p>\n\n\n\n<div style=\"height:20px\" aria-hidden=\"true\" class=\"wp-block-spacer\"><\/div>\n\n\n\n<p class=\"is-style-border-s\">Decidir c\u00f3mo debe ser la estructura del suelo, si es necesaria una imprimaci\u00f3n, qu\u00e9 m\u00e9todo de colocaci\u00f3n utilizar, si hay que nivelar los desniveles y c\u00f3mo hacerlo, todo esto se puede encontrar en la informaci\u00f3n para el usuario de conocidos fabricantes para la colocaci\u00f3n.<\/p>\n\n\n\n<div style=\"height:40px\" aria-hidden=\"true\" class=\"wp-block-spacer\"><\/div>\n\n\n\n<p class=\"is-style-border-s\">La empresa PCI, con sede en Augsburgo, ofrece muy buena informaci\u00f3n sobre todos los aspectos de la tecnolog\u00eda del azulejo y la piedra natural. <br>\u2192 <a href=\"https:\/\/www.pci-augsburg.eu\" target=\"_blank\" rel=\"noreferrer noopener\">PCI Augsburg GmbH<\/a> es un fabricante l\u00edder de productos qu\u00edmicos para la construcci\u00f3n desde hace 70 a\u00f1os.<\/p>\n\n\n\n<div style=\"height:20px\" aria-hidden=\"true\" class=\"wp-block-spacer\"><\/div>\n\n\n\n<p class=\"is-style-border-l externalLink\"><a href=\"https:\/\/colourofstone.com\/wp-content\/uploads\/PCI_Fliesen_und_Natursteintechnik.pdf\" target=\"_blank\" rel=\"noreferrer noopener\">PCI INSTALACI\u00d3N (PDF alem\u00e1n)<\/a><\/p>\n\n\n\n<div style=\"height:20px\" aria-hidden=\"true\" class=\"wp-block-spacer\"><\/div>\n\n\n\n<p class=\"is-style-border-s\">La decisi\u00f3n de un fabricante adecuado no es ciertamente f\u00e1cil. Hay muchos productos buenos en un mercado muy amplio. Es importante asegurarse de que estos productos son compatibles entre s\u00ed y son adecuados para la colocaci\u00f3n de baldosas de piedra natural en el propio entorno.<\/p>\n\n\n\n<p class=\"is-style-border-s\">Muchos fabricantes ofrecen \u00e1reas de servicio en su p\u00e1gina web para responder a las preguntas, informaci\u00f3n sobre los productos y descargas. Estas fuentes de informaci\u00f3n deber\u00edan utilizarse.<\/p>\n\n\n\n<div style=\"height:120px\" aria-hidden=\"true\" class=\"wp-block-spacer\"><\/div>\n\n\n\n<div style=\"height:20px\" aria-hidden=\"true\" class=\"wp-block-spacer\"><\/div>\n\n        <script>\n        function toggleInchInfo(el) {\n            const infoBox = el.nextElementSibling;\n            if (infoBox.style.display === \"none\") {\n                infoBox.style.display = \"inline\";\n            } else {\n                infoBox.style.display = \"none\";\n            }\n        }\n        <\/script>\n        <style>\n            .cm-info {\n                cursor: pointer;\n                color: #0073aa;\n                font-weight: bold;\n                margin-left: 4px;\n            }\n            .inch-info {\n                display: none;\n                background: #f8f8f8;\n                border: 1px solid #ccc;\n                padding: 4px 8px;\n                margin-left: 5px;\n                font-size: 0.9em;\n                border-radius: 4px;\n            }\n        <\/style>","protected":false},"excerpt":{"rendered":"<p>Hay que tener en cuenta algunos aspectos a la hora de instalar baldosas de piedra natural o de m\u00e1rmol. Adem\u00e1s del componente profesional para la instalaci\u00f3n, hay que tener en cuenta algunas cosas, como: \u00bfSobre qu\u00e9 tipo de subsuelo se instalar\u00e1n las baldosas de m\u00e1rmol? \u00bfEst\u00e1 el subsuelo nivelado o necesita ser nivelado? \u00bfQu\u00e9 m\u00e9todo <a href=\"https:\/\/colourofstone.com\/es\/instalacion\/\" class=\"more-link\">&#8230;<\/a><\/p>\n","protected":false},"author":5,"featured_media":0,"parent":0,"menu_order":0,"comment_status":"closed","ping_status":"closed","template":"","meta":{"footnotes":""},"class_list":["post-27056","page","type-page","status-publish","hentry"],"yoast_head":"<!-- This site is optimized with the Yoast SEO plugin v27.3 - https:\/\/yoast.com\/product\/yoast-seo-wordpress\/ -->\n<title>La instalaci\u00f3n del m\u00e1rmol explicada de forma sencilla - Colour of Stone<\/title>\n<meta name=\"description\" content=\"Informaci\u00f3n sobre diferentes tipos de instalaci\u00f3n, imprimaciones y construcci\u00f3n de suelos de m\u00e1rmol, piedra caliza y travertino.\" \/>\n<meta name=\"robots\" content=\"index, follow, max-snippet:-1, max-image-preview:large, max-video-preview:-1\" \/>\n<link rel=\"canonical\" href=\"https:\/\/colourofstone.com\/es\/instalacion\/\" \/>\n<meta property=\"og:locale\" content=\"es_ES\" \/>\n<meta property=\"og:type\" content=\"article\" \/>\n<meta property=\"og:title\" content=\"La instalaci\u00f3n del m\u00e1rmol explicada de forma sencilla - Colour of Stone\" \/>\n<meta property=\"og:description\" content=\"Informaci\u00f3n sobre diferentes tipos de instalaci\u00f3n, imprimaciones y construcci\u00f3n de suelos de m\u00e1rmol, piedra caliza y travertino.\" \/>\n<meta property=\"og:url\" content=\"https:\/\/colourofstone.com\/es\/instalacion\/\" \/>\n<meta property=\"og:site_name\" content=\"Colour of Stone\" \/>\n<meta property=\"article:modified_time\" content=\"2021-03-14T16:39:58+00:00\" \/>\n<meta property=\"og:image\" content=\"https:\/\/colourofstone.com\/wp-content\/uploads\/Logo.png\" \/>\n\t<meta property=\"og:image:width\" content=\"1086\" \/>\n\t<meta property=\"og:image:height\" content=\"553\" \/>\n\t<meta property=\"og:image:type\" content=\"image\/png\" \/>\n<meta name=\"twitter:card\" content=\"summary_large_image\" \/>\n<meta name=\"twitter:label1\" content=\"Tiempo de lectura\" \/>\n\t<meta name=\"twitter:data1\" content=\"2 minutos\" \/>\n<script type=\"application\/ld+json\" class=\"yoast-schema-graph\">{\"@context\":\"https:\\\/\\\/schema.org\",\"@graph\":[{\"@type\":\"WebPage\",\"@id\":\"https:\\\/\\\/colourofstone.com\\\/es\\\/instalacion\\\/\",\"url\":\"https:\\\/\\\/colourofstone.com\\\/es\\\/instalacion\\\/\",\"name\":\"La instalaci\u00f3n del m\u00e1rmol explicada de forma sencilla - Colour of Stone\",\"isPartOf\":{\"@id\":\"https:\\\/\\\/colourofstone.com\\\/es\\\/#website\"},\"datePublished\":\"2021-02-23T08:25:08+00:00\",\"dateModified\":\"2021-03-14T16:39:58+00:00\",\"description\":\"Informaci\u00f3n sobre diferentes tipos de instalaci\u00f3n, imprimaciones y construcci\u00f3n de suelos de m\u00e1rmol, piedra caliza y travertino.\",\"breadcrumb\":{\"@id\":\"https:\\\/\\\/colourofstone.com\\\/es\\\/instalacion\\\/#breadcrumb\"},\"inLanguage\":\"es\",\"potentialAction\":[{\"@type\":\"ReadAction\",\"target\":[\"https:\\\/\\\/colourofstone.com\\\/es\\\/instalacion\\\/\"]}]},{\"@type\":\"BreadcrumbList\",\"@id\":\"https:\\\/\\\/colourofstone.com\\\/es\\\/instalacion\\\/#breadcrumb\",\"itemListElement\":[{\"@type\":\"ListItem\",\"position\":1,\"name\":\"Home\",\"item\":\"https:\\\/\\\/colourofstone.com\\\/es\\\/\"},{\"@type\":\"ListItem\",\"position\":2,\"name\":\"Instalaci\u00f3n\"}]},{\"@type\":\"WebSite\",\"@id\":\"https:\\\/\\\/colourofstone.com\\\/es\\\/#website\",\"url\":\"https:\\\/\\\/colourofstone.com\\\/es\\\/\",\"name\":\"Colour of Stone\",\"description\":\"Fliesen, Haus und Garten Produkte aus Naturstein - Online Shop\",\"publisher\":{\"@id\":\"https:\\\/\\\/colourofstone.com\\\/es\\\/#organization\"},\"potentialAction\":[{\"@type\":\"SearchAction\",\"target\":{\"@type\":\"EntryPoint\",\"urlTemplate\":\"https:\\\/\\\/colourofstone.com\\\/es\\\/?s={search_term_string}\"},\"query-input\":{\"@type\":\"PropertyValueSpecification\",\"valueRequired\":true,\"valueName\":\"search_term_string\"}}],\"inLanguage\":\"es\"},{\"@type\":\"Organization\",\"@id\":\"https:\\\/\\\/colourofstone.com\\\/es\\\/#organization\",\"name\":\"Colour of Stone GmbH\",\"url\":\"https:\\\/\\\/colourofstone.com\\\/es\\\/\",\"logo\":{\"@type\":\"ImageObject\",\"inLanguage\":\"es\",\"@id\":\"https:\\\/\\\/colourofstone.com\\\/es\\\/#\\\/schema\\\/logo\\\/image\\\/\",\"url\":\"https:\\\/\\\/colourofstone.com\\\/wp-content\\\/uploads\\\/99FC1526-DF3B-44F1-9816-9278D3194252-scaled.jpeg\",\"contentUrl\":\"https:\\\/\\\/colourofstone.com\\\/wp-content\\\/uploads\\\/99FC1526-DF3B-44F1-9816-9278D3194252-scaled.jpeg\",\"width\":2125,\"height\":2560,\"caption\":\"Colour of Stone GmbH\"},\"image\":{\"@id\":\"https:\\\/\\\/colourofstone.com\\\/es\\\/#\\\/schema\\\/logo\\\/image\\\/\"},\"sameAs\":[\"https:\\\/\\\/www.instagram.com\\\/colourofstone\\\/\"]}]}<\/script>\n<!-- \/ Yoast SEO plugin. -->","yoast_head_json":{"title":"La instalaci\u00f3n del m\u00e1rmol explicada de forma sencilla - Colour of Stone","description":"Informaci\u00f3n sobre diferentes tipos de instalaci\u00f3n, imprimaciones y construcci\u00f3n de suelos de m\u00e1rmol, piedra caliza y travertino.","robots":{"index":"index","follow":"follow","max-snippet":"max-snippet:-1","max-image-preview":"max-image-preview:large","max-video-preview":"max-video-preview:-1"},"canonical":"https:\/\/colourofstone.com\/es\/instalacion\/","og_locale":"es_ES","og_type":"article","og_title":"La instalaci\u00f3n del m\u00e1rmol explicada de forma sencilla - Colour of Stone","og_description":"Informaci\u00f3n sobre diferentes tipos de instalaci\u00f3n, imprimaciones y construcci\u00f3n de suelos de m\u00e1rmol, piedra caliza y travertino.","og_url":"https:\/\/colourofstone.com\/es\/instalacion\/","og_site_name":"Colour of Stone","article_modified_time":"2021-03-14T16:39:58+00:00","og_image":[{"width":1086,"height":553,"url":"https:\/\/colourofstone.com\/wp-content\/uploads\/Logo.png","type":"image\/png"}],"twitter_card":"summary_large_image","twitter_misc":{"Tiempo de lectura":"2 minutos"},"schema":{"@context":"https:\/\/schema.org","@graph":[{"@type":"WebPage","@id":"https:\/\/colourofstone.com\/es\/instalacion\/","url":"https:\/\/colourofstone.com\/es\/instalacion\/","name":"La instalaci\u00f3n del m\u00e1rmol explicada de forma sencilla - Colour of Stone","isPartOf":{"@id":"https:\/\/colourofstone.com\/es\/#website"},"datePublished":"2021-02-23T08:25:08+00:00","dateModified":"2021-03-14T16:39:58+00:00","description":"Informaci\u00f3n sobre diferentes tipos de instalaci\u00f3n, imprimaciones y construcci\u00f3n de suelos de m\u00e1rmol, piedra caliza y travertino.","breadcrumb":{"@id":"https:\/\/colourofstone.com\/es\/instalacion\/#breadcrumb"},"inLanguage":"es","potentialAction":[{"@type":"ReadAction","target":["https:\/\/colourofstone.com\/es\/instalacion\/"]}]},{"@type":"BreadcrumbList","@id":"https:\/\/colourofstone.com\/es\/instalacion\/#breadcrumb","itemListElement":[{"@type":"ListItem","position":1,"name":"Home","item":"https:\/\/colourofstone.com\/es\/"},{"@type":"ListItem","position":2,"name":"Instalaci\u00f3n"}]},{"@type":"WebSite","@id":"https:\/\/colourofstone.com\/es\/#website","url":"https:\/\/colourofstone.com\/es\/","name":"Colour of Stone","description":"Fliesen, Haus und Garten Produkte aus Naturstein - Online Shop","publisher":{"@id":"https:\/\/colourofstone.com\/es\/#organization"},"potentialAction":[{"@type":"SearchAction","target":{"@type":"EntryPoint","urlTemplate":"https:\/\/colourofstone.com\/es\/?s={search_term_string}"},"query-input":{"@type":"PropertyValueSpecification","valueRequired":true,"valueName":"search_term_string"}}],"inLanguage":"es"},{"@type":"Organization","@id":"https:\/\/colourofstone.com\/es\/#organization","name":"Colour of Stone GmbH","url":"https:\/\/colourofstone.com\/es\/","logo":{"@type":"ImageObject","inLanguage":"es","@id":"https:\/\/colourofstone.com\/es\/#\/schema\/logo\/image\/","url":"https:\/\/colourofstone.com\/wp-content\/uploads\/99FC1526-DF3B-44F1-9816-9278D3194252-scaled.jpeg","contentUrl":"https:\/\/colourofstone.com\/wp-content\/uploads\/99FC1526-DF3B-44F1-9816-9278D3194252-scaled.jpeg","width":2125,"height":2560,"caption":"Colour of Stone GmbH"},"image":{"@id":"https:\/\/colourofstone.com\/es\/#\/schema\/logo\/image\/"},"sameAs":["https:\/\/www.instagram.com\/colourofstone\/"]}]}},"_links":{"self":[{"href":"https:\/\/colourofstone.com\/es\/wp-json\/wp\/v2\/pages\/27056","targetHints":{"allow":["GET"]}}],"collection":[{"href":"https:\/\/colourofstone.com\/es\/wp-json\/wp\/v2\/pages"}],"about":[{"href":"https:\/\/colourofstone.com\/es\/wp-json\/wp\/v2\/types\/page"}],"author":[{"embeddable":true,"href":"https:\/\/colourofstone.com\/es\/wp-json\/wp\/v2\/users\/5"}],"replies":[{"embeddable":true,"href":"https:\/\/colourofstone.com\/es\/wp-json\/wp\/v2\/comments?post=27056"}],"version-history":[{"count":6,"href":"https:\/\/colourofstone.com\/es\/wp-json\/wp\/v2\/pages\/27056\/revisions"}],"predecessor-version":[{"id":30948,"href":"https:\/\/colourofstone.com\/es\/wp-json\/wp\/v2\/pages\/27056\/revisions\/30948"}],"wp:attachment":[{"href":"https:\/\/colourofstone.com\/es\/wp-json\/wp\/v2\/media?parent=27056"}],"curies":[{"name":"wp","href":"https:\/\/api.w.org\/{rel}","templated":true}]}}