{"id":46112,"date":"2022-05-11T06:38:15","date_gmt":"2022-05-11T06:38:15","guid":{"rendered":"https:\/\/colourofstone.com\/?page_id=46112"},"modified":"2023-05-03T12:39:31","modified_gmt":"2023-05-03T12:39:31","slug":"magazine","status":"publish","type":"page","link":"https:\/\/colourofstone.com\/es\/magazine\/","title":{"rendered":"MAGAZINE"},"content":{"rendered":"\n<p class=\"is-style-border-s\"><\/p>\n\n\n\n<p class=\"is-style-border-s\">Nuestra magazine le ofrece toda la informaci\u00f3n que necesita sobre la piedra natural. Aqu\u00ed encontrar\u00e1 noticias sobre m\u00e1rmol, granito o muestras. Colour of Stone ofrece informaci\u00f3n apasionante y datos interesantes.<br>Divi\u00e9rtase.<\/p>\n\n\n\n<div style=\"height:100px\" aria-hidden=\"true\" class=\"wp-block-spacer\"><\/div>\n\n\n<section class=\"widget widget_flex-posts-list\"><div class=\"fp-row-blog fp-list-2 fp-flex MagicScroll2\" data-options=\"speed: 1400; loop: rewind; pagination: true; \">\n\n\t\n\t\t\n\t\t\t\t<div class=\"fp-row\">\n\t\t\t\t\t\t<a href=\"https:\/\/colourofstone.com\/es\/magazine\/la-piedra-natural-como-inversion-una-joya-atemporal\/\">\n\t\t\t\t\t\t\t\t\t\t\n\t\t\t\t\t\t\t\t\t\t\t\t\t<img loading=\"lazy\" decoding=\"async\" width=\"816\" height=\"816\" src=\"https:\/\/colourofstone.com\/wp-content\/uploads\/PyramideTitel.jpg\" class=\"left-top wp-post-image\" alt=\"\" srcset=\"https:\/\/colourofstone.com\/wp-content\/uploads\/PyramideTitel.jpg 816w, https:\/\/colourofstone.com\/wp-content\/uploads\/PyramideTitel-300x300.jpg 300w, https:\/\/colourofstone.com\/wp-content\/uploads\/PyramideTitel-600x600.jpg 600w, https:\/\/colourofstone.com\/wp-content\/uploads\/PyramideTitel-150x150.jpg 150w\" sizes=\"auto, (max-width: 816px) 100vw, 816px\" \/>\t\t\t\t\t\t\t\t\t\t\t\n\t\t\t\t\t\t\n\n\t\t\t\n\t\t\t\t\t\t\t\t\t\t<div class=\"fp-imgBG\">\n\t\t\t\t\t\t\t\t\t\t<div class=\"fp-body\">\n\t\t\t\t\t\t\t\t\t\t\t\t<h4 class=\"fp-title \">\n\t\t\t\t\t\t\t\t\t\t\t\t\t\tLa piedra natural como inversi\u00f3n: Una joya atemporal\t\t\t\t\t\t\t\t\t\t\t\t<\/h4>\n\t\t\t\t\t\t\t\t\t\t\t\t<div class=\"fp-text-wirkung\">\n\t\t\t\t\t\t\t\t\t\t\t\t\t\t<p>La piedra natural en la arquitectura: de la importancia hist\u00f3rica a la elegancia est\u00e9tica y a la sostenibilidad moderna: una mirada profunda a una inversi\u00f3n atemporal.<\/p>\n\t\t\t\t\t\t\t\t\t\t\t\t\t\t\t\t\t\t\t\t\t\t\t\t\t\t<\/div>\n\t\t\t\t\t\t\t\t\t\t<\/div>\n\t\t\t\t\t\t\t\t<\/div>\n\t\t\t\t\t\t\t<\/a>\n\t\t\t\t<\/div>\n\n\n\t\n\t\t\n\t\t\t\t<div class=\"fp-row\">\n\t\t\t\t\t\t<a href=\"https:\/\/colourofstone.com\/es\/magazine\/muestras-de-azulejos-para-tocar\/\">\n\t\t\t\t\t\t\t\t\t\t\n\t\t\t\t\t\t\t\t\t\t\t\t\t<img loading=\"lazy\" decoding=\"async\" width=\"1080\" height=\"1080\" src=\"https:\/\/colourofstone.com\/wp-content\/uploads\/Musterfliese-2.png\" class=\"left-top wp-post-image\" alt=\"\" srcset=\"https:\/\/colourofstone.com\/wp-content\/uploads\/Musterfliese-2.png 1080w, https:\/\/colourofstone.com\/wp-content\/uploads\/Musterfliese-2-300x300.png 300w, https:\/\/colourofstone.com\/wp-content\/uploads\/Musterfliese-2-1024x1024.png 1024w, https:\/\/colourofstone.com\/wp-content\/uploads\/Musterfliese-2-150x150.png 150w, https:\/\/colourofstone.com\/wp-content\/uploads\/Musterfliese-2-600x600.png 600w, https:\/\/colourofstone.com\/wp-content\/uploads\/Musterfliese-2-800x800.png 800w\" sizes=\"auto, (max-width: 1080px) 100vw, 1080px\" \/>\t\t\t\t\t\t\t\t\t\t\t\n\t\t\t\t\t\t\n\n\t\t\t\n\t\t\t\t\t\t\t\t\t\t<div class=\"fp-imgBG\">\n\t\t\t\t\t\t\t\t\t\t<div class=\"fp-body\">\n\t\t\t\t\t\t\t\t\t\t\t\t<h4 class=\"fp-title \">\n\t\t\t\t\t\t\t\t\t\t\t\t\t\t\u00a1Muestras de azulejos para tocar!\t\t\t\t\t\t\t\t\t\t\t\t<\/h4>\n\t\t\t\t\t\t\t\t\t\t\t\t<div class=\"fp-text-wirkung\">\n\t\t\t\t\t\t\t\t\t\t\t\t\t\t<p>El m\u00e1rmol, la piedra caliza y el travertino son la nueva tendencia en dise\u00f1o de interiores. Pruebe el m\u00e1rmol en su casa.<\/p>\n\t\t\t\t\t\t\t\t\t\t\t\t\t\t\t\t\t\t\t\t\t\t\t\t\t\t<\/div>\n\t\t\t\t\t\t\t\t\t\t<\/div>\n\t\t\t\t\t\t\t\t<\/div>\n\t\t\t\t\t\t\t<\/a>\n\t\t\t\t<\/div>\n\n\n\t\n\t\t\n\t\t\t\t<div class=\"fp-row\">\n\t\t\t\t\t\t<a href=\"https:\/\/colourofstone.com\/es\/b2c-es\/bienvenido-al-portal-empresarial-de-colour-of-stone-gmbh\/\">\n\t\t\t\t\t\t\t\t\t\t\n\t\t\t\t\t\t\t\t\t\t\t\t\t<img loading=\"lazy\" decoding=\"async\" width=\"2560\" height=\"1600\" src=\"https:\/\/colourofstone.com\/wp-content\/uploads\/HeaderB2B-3-scaled.jpg\" class=\"center-center wp-post-image\" alt=\"\" srcset=\"https:\/\/colourofstone.com\/wp-content\/uploads\/HeaderB2B-3-scaled.jpg 2560w, https:\/\/colourofstone.com\/wp-content\/uploads\/HeaderB2B-3-300x188.jpg 300w, https:\/\/colourofstone.com\/wp-content\/uploads\/HeaderB2B-3-1024x640.jpg 1024w, https:\/\/colourofstone.com\/wp-content\/uploads\/HeaderB2B-3-1536x960.jpg 1536w, https:\/\/colourofstone.com\/wp-content\/uploads\/HeaderB2B-3-2048x1280.jpg 2048w, https:\/\/colourofstone.com\/wp-content\/uploads\/HeaderB2B-3-400x250.jpg 400w, https:\/\/colourofstone.com\/wp-content\/uploads\/HeaderB2B-3-600x375.jpg 600w\" sizes=\"auto, (max-width: 2560px) 100vw, 2560px\" \/>\t\t\t\t\t\t\t\t\t\t\t\n\t\t\t\t\t\t\n\n\t\t\t\n\t\t\t\t\t\t\t\t\t\t<div class=\"fp-imgBG\">\n\t\t\t\t\t\t\t\t\t\t<div class=\"fp-body\">\n\t\t\t\t\t\t\t\t\t\t\t\t<h4 class=\"fp-title \">\n\t\t\t\t\t\t\t\t\t\t\t\t\t\tBienvenido al portal empresarial de Colour of Stone GmbH\t\t\t\t\t\t\t\t\t\t\t\t<\/h4>\n\t\t\t\t\t\t\t\t\t\t\t\t<div class=\"fp-text-wirkung\">\n\t\t\t\t\t\t\t\t\t\t\t\t\t\t<p>Entrega gratuita seg\u00fan condiciones de entrega <\/p>\n\t\t\t\t\t\t\t\t\t\t\t\t\t\t\t\t\t\t\t\t\t\t\t\t\t\t<\/div>\n\t\t\t\t\t\t\t\t\t\t<\/div>\n\t\t\t\t\t\t\t\t<\/div>\n\t\t\t\t\t\t\t<\/a>\n\t\t\t\t<\/div>\n\n\n\t\n\t\t\n\t\t\t\t<div class=\"fp-row\">\n\t\t\t\t\t\t<a href=\"https:\/\/colourofstone.com\/es\/magazine\/azulejos-de-granito-y-pizarra-nuevos-en-la-tienda\/\">\n\t\t\t\t\t\t\t\t\t\t\n\t\t\t\t\t\t\t\t\t\t\t\t\t<img loading=\"lazy\" decoding=\"async\" width=\"400\" height=\"400\" src=\"https:\/\/colourofstone.com\/wp-content\/uploads\/bgNews04.png\" class=\"left-top wp-post-image\" alt=\"\" srcset=\"https:\/\/colourofstone.com\/wp-content\/uploads\/bgNews04.png 400w, https:\/\/colourofstone.com\/wp-content\/uploads\/bgNews04-300x300.png 300w, https:\/\/colourofstone.com\/wp-content\/uploads\/bgNews04-150x150.png 150w\" sizes=\"auto, (max-width: 400px) 100vw, 400px\" \/>\t\t\t\t\t\t\t\t\t\t\t\n\t\t\t\t\t\t\n\n\t\t\t\n\t\t\t\t\t\t\t\t\t\t<div class=\"fp-imgBG\">\n\t\t\t\t\t\t\t\t\t\t<div class=\"fp-body\">\n\t\t\t\t\t\t\t\t\t\t\t\t<h4 class=\"fp-title \">\n\t\t\t\t\t\t\t\t\t\t\t\t\t\t\u00a1Azulejos de granito y pizarra nuevos en la tienda!\t\t\t\t\t\t\t\t\t\t\t\t<\/h4>\n\t\t\t\t\t\t\t\t\t\t\t\t<div class=\"fp-text-wirkung\">\n\t\t\t\t\t\t\t\t\t\t\t\t\t\t<p>Con la ampliaci\u00f3n de nuestra tienda online con baldosas de granito, tenemos una oferta \u00fanica en Europa. <\/p>\n\t\t\t\t\t\t\t\t\t\t\t\t\t\t\t\t\t\t\t\t\t\t\t\t\t\t<\/div>\n\t\t\t\t\t\t\t\t\t\t<\/div>\n\t\t\t\t\t\t\t\t<\/div>\n\t\t\t\t\t\t\t<\/a>\n\t\t\t\t<\/div>\n\n\n\t\n\t\t\n\t\t\t\t<div class=\"fp-row\">\n\t\t\t\t\t\t<a href=\"https:\/\/colourofstone.com\/es\/magazine\/que-atractivo-tiene-comprar-azulejos-de-piedra-natural-en-colour-of-stone\/\">\n\t\t\t\t\t\t\t\t\t\t\n\t\t\t\t\t\t\t\t\t\t\t\t\t<img loading=\"lazy\" decoding=\"async\" width=\"400\" height=\"400\" src=\"https:\/\/colourofstone.com\/wp-content\/uploads\/bgNews02.png\" class=\"left-top wp-post-image\" alt=\"\" srcset=\"https:\/\/colourofstone.com\/wp-content\/uploads\/bgNews02.png 400w, https:\/\/colourofstone.com\/wp-content\/uploads\/bgNews02-300x300.png 300w, https:\/\/colourofstone.com\/wp-content\/uploads\/bgNews02-150x150.png 150w\" sizes=\"auto, (max-width: 400px) 100vw, 400px\" \/>\t\t\t\t\t\t\t\t\t\t\t\n\t\t\t\t\t\t\n\n\t\t\t\n\t\t\t\t\t\t\t\t\t\t<div class=\"fp-imgBG\">\n\t\t\t\t\t\t\t\t\t\t<div class=\"fp-body\">\n\t\t\t\t\t\t\t\t\t\t\t\t<h4 class=\"fp-title \">\n\t\t\t\t\t\t\t\t\t\t\t\t\t\tQu\u00e9 atractivo tiene comprar azulejos de piedra natural en Colour of Stone\t\t\t\t\t\t\t\t\t\t\t\t<\/h4>\n\t\t\t\t\t\t\t\t\t\t\t\t<div class=\"fp-text-wirkung\">\n\t\t\t\t\t\t\t\t\t\t\t\t\t\t<p>\u00danase a nosotros en un nuevo mundo de piedra natural con una variedad \u00fanica de opciones en hermosos colores y tama\u00f1os incre\u00edbles.<\/p>\n\t\t\t\t\t\t\t\t\t\t\t\t\t\t\t\t\t\t\t\t\t\t\t\t\t\t<\/div>\n\t\t\t\t\t\t\t\t\t\t<\/div>\n\t\t\t\t\t\t\t\t<\/div>\n\t\t\t\t\t\t\t<\/a>\n\t\t\t\t<\/div>\n\n\n\t\n\t\t\n\t\t\t\t<div class=\"fp-row\">\n\t\t\t\t\t\t<a href=\"https:\/\/colourofstone.com\/es\/magazine\/3-hermosas-superficies-que-se-adaptan-a-cualquier-estilo-de-vida\/\">\n\t\t\t\t\t\t\t\t\t\t\n\t\t\t\t\t\t\t\t\t\t\t\t\t<img loading=\"lazy\" decoding=\"async\" width=\"400\" height=\"400\" src=\"https:\/\/colourofstone.com\/wp-content\/uploads\/bgNews01.png\" class=\"left-top wp-post-image\" alt=\"\" srcset=\"https:\/\/colourofstone.com\/wp-content\/uploads\/bgNews01.png 400w, https:\/\/colourofstone.com\/wp-content\/uploads\/bgNews01-300x300.png 300w, https:\/\/colourofstone.com\/wp-content\/uploads\/bgNews01-150x150.png 150w\" sizes=\"auto, (max-width: 400px) 100vw, 400px\" \/>\t\t\t\t\t\t\t\t\t\t\t\n\t\t\t\t\t\t\n\n\t\t\t\n\t\t\t\t\t\t\t\t\t\t<div class=\"fp-imgBG\">\n\t\t\t\t\t\t\t\t\t\t<div class=\"fp-body\">\n\t\t\t\t\t\t\t\t\t\t\t\t<h4 class=\"fp-title \">\n\t\t\t\t\t\t\t\t\t\t\t\t\t\t3 hermosas superficies que se adaptan a cualquier estilo de vida\t\t\t\t\t\t\t\t\t\t\t\t<\/h4>\n\t\t\t\t\t\t\t\t\t\t\t\t<div class=\"fp-text-wirkung\">\n\t\t\t\t\t\t\t\t\t\t\t\t\t\t<p>En este post explicamos una apasionante visi\u00f3n de las superficies actuales.<\/p>\n\t\t\t\t\t\t\t\t\t\t\t\t\t\t\t\t\t\t\t\t\t\t\t\t\t\t<\/div>\n\t\t\t\t\t\t\t\t\t\t<\/div>\n\t\t\t\t\t\t\t\t<\/div>\n\t\t\t\t\t\t\t<\/a>\n\t\t\t\t<\/div>\n\n\n\t\n<\/div>\n<\/section>\n\n\n<div style=\"height:100px\" aria-hidden=\"true\" class=\"wp-block-spacer\"><\/div>\n\n        <script>\n        function toggleInchInfo(el) {\n            const infoBox = el.nextElementSibling;\n            if (infoBox.style.display === \"none\") {\n                infoBox.style.display = \"inline\";\n            } else {\n                infoBox.style.display = \"none\";\n            }\n        }\n        <\/script>\n        <style>\n            .cm-info {\n                cursor: pointer;\n                color: #0073aa;\n                font-weight: bold;\n                margin-left: 4px;\n            }\n            .inch-info {\n                display: none;\n                background: #f8f8f8;\n                border: 1px solid #ccc;\n                padding: 4px 8px;\n                margin-left: 5px;\n                font-size: 0.9em;\n                border-radius: 4px;\n            }\n        <\/style>","protected":false},"excerpt":{"rendered":"<p>Nuestra magazine le ofrece toda la informaci\u00f3n que necesita sobre la piedra natural. Aqu\u00ed encontrar\u00e1 noticias sobre m\u00e1rmol, granito o muestras. Colour of Stone ofrece informaci\u00f3n apasionante y datos interesantes.Divi\u00e9rtase.<\/p>\n","protected":false},"author":2,"featured_media":0,"parent":0,"menu_order":0,"comment_status":"closed","ping_status":"closed","template":"","meta":{"footnotes":""},"class_list":["post-46112","page","type-page","status-publish","hentry"],"yoast_head":"<!-- This site is optimized with the Yoast SEO plugin v27.3 - https:\/\/yoast.com\/product\/yoast-seo-wordpress\/ -->\n<title>MAGAZINE - Colour of Stone - Informaci\u00f3n sobre los azulejos de piedra natural<\/title>\n<meta name=\"description\" content=\"Nuestro blog le ofrece toda la informaci\u00f3n que necesita sobre los azulejos de piedra natural. Las noticias sobre el m\u00e1rmol, el granito, las muestras o el cashback se pueden encontrar aqu\u00ed.\" \/>\n<meta name=\"robots\" content=\"index, follow, max-snippet:-1, max-image-preview:large, max-video-preview:-1\" \/>\n<link rel=\"canonical\" href=\"https:\/\/colourofstone.com\/es\/magazine\/\" \/>\n<meta property=\"og:locale\" content=\"es_ES\" \/>\n<meta property=\"og:type\" content=\"article\" \/>\n<meta property=\"og:title\" content=\"MAGAZINE - Colour of Stone - Informaci\u00f3n sobre los azulejos de piedra natural\" \/>\n<meta property=\"og:description\" content=\"Nuestro blog le ofrece toda la informaci\u00f3n que necesita sobre los azulejos de piedra natural. Las noticias sobre el m\u00e1rmol, el granito, las muestras o el cashback se pueden encontrar aqu\u00ed.\" \/>\n<meta property=\"og:url\" content=\"https:\/\/colourofstone.com\/es\/magazine\/\" \/>\n<meta property=\"og:site_name\" content=\"Colour of Stone\" \/>\n<meta property=\"article:modified_time\" content=\"2023-05-03T12:39:31+00:00\" \/>\n<meta property=\"og:image\" content=\"https:\/\/colourofstone.com\/wp-content\/uploads\/Logo.png\" \/>\n\t<meta property=\"og:image:width\" content=\"1086\" \/>\n\t<meta property=\"og:image:height\" content=\"553\" \/>\n\t<meta property=\"og:image:type\" content=\"image\/png\" \/>\n<meta name=\"twitter:card\" content=\"summary_large_image\" \/>\n<meta name=\"twitter:label1\" content=\"Tiempo de lectura\" \/>\n\t<meta name=\"twitter:data1\" content=\"1 minuto\" \/>\n<script type=\"application\/ld+json\" class=\"yoast-schema-graph\">{\"@context\":\"https:\\\/\\\/schema.org\",\"@graph\":[{\"@type\":\"WebPage\",\"@id\":\"https:\\\/\\\/colourofstone.com\\\/es\\\/magazine\\\/\",\"url\":\"https:\\\/\\\/colourofstone.com\\\/es\\\/magazine\\\/\",\"name\":\"MAGAZINE - Colour of Stone - Informaci\u00f3n sobre los azulejos de piedra natural\",\"isPartOf\":{\"@id\":\"https:\\\/\\\/colourofstone.com\\\/es\\\/#website\"},\"datePublished\":\"2022-05-11T06:38:15+00:00\",\"dateModified\":\"2023-05-03T12:39:31+00:00\",\"description\":\"Nuestro blog le ofrece toda la informaci\u00f3n que necesita sobre los azulejos de piedra natural. Las noticias sobre el m\u00e1rmol, el granito, las muestras o el cashback se pueden encontrar aqu\u00ed.\",\"breadcrumb\":{\"@id\":\"https:\\\/\\\/colourofstone.com\\\/es\\\/magazine\\\/#breadcrumb\"},\"inLanguage\":\"es\",\"potentialAction\":[{\"@type\":\"ReadAction\",\"target\":[\"https:\\\/\\\/colourofstone.com\\\/es\\\/magazine\\\/\"]}]},{\"@type\":\"BreadcrumbList\",\"@id\":\"https:\\\/\\\/colourofstone.com\\\/es\\\/magazine\\\/#breadcrumb\",\"itemListElement\":[{\"@type\":\"ListItem\",\"position\":1,\"name\":\"Home\",\"item\":\"https:\\\/\\\/colourofstone.com\\\/es\\\/\"},{\"@type\":\"ListItem\",\"position\":2,\"name\":\"MAGAZINE\"}]},{\"@type\":\"WebSite\",\"@id\":\"https:\\\/\\\/colourofstone.com\\\/es\\\/#website\",\"url\":\"https:\\\/\\\/colourofstone.com\\\/es\\\/\",\"name\":\"Colour of Stone\",\"description\":\"Fliesen, Haus und Garten Produkte aus Naturstein - Online Shop\",\"publisher\":{\"@id\":\"https:\\\/\\\/colourofstone.com\\\/es\\\/#organization\"},\"potentialAction\":[{\"@type\":\"SearchAction\",\"target\":{\"@type\":\"EntryPoint\",\"urlTemplate\":\"https:\\\/\\\/colourofstone.com\\\/es\\\/?s={search_term_string}\"},\"query-input\":{\"@type\":\"PropertyValueSpecification\",\"valueRequired\":true,\"valueName\":\"search_term_string\"}}],\"inLanguage\":\"es\"},{\"@type\":\"Organization\",\"@id\":\"https:\\\/\\\/colourofstone.com\\\/es\\\/#organization\",\"name\":\"Colour of Stone GmbH\",\"url\":\"https:\\\/\\\/colourofstone.com\\\/es\\\/\",\"logo\":{\"@type\":\"ImageObject\",\"inLanguage\":\"es\",\"@id\":\"https:\\\/\\\/colourofstone.com\\\/es\\\/#\\\/schema\\\/logo\\\/image\\\/\",\"url\":\"https:\\\/\\\/colourofstone.com\\\/wp-content\\\/uploads\\\/99FC1526-DF3B-44F1-9816-9278D3194252-scaled.jpeg\",\"contentUrl\":\"https:\\\/\\\/colourofstone.com\\\/wp-content\\\/uploads\\\/99FC1526-DF3B-44F1-9816-9278D3194252-scaled.jpeg\",\"width\":2125,\"height\":2560,\"caption\":\"Colour of Stone GmbH\"},\"image\":{\"@id\":\"https:\\\/\\\/colourofstone.com\\\/es\\\/#\\\/schema\\\/logo\\\/image\\\/\"},\"sameAs\":[\"https:\\\/\\\/www.instagram.com\\\/colourofstone\\\/\"]}]}<\/script>\n<!-- \/ Yoast SEO plugin. -->","yoast_head_json":{"title":"MAGAZINE - Colour of Stone - Informaci\u00f3n sobre los azulejos de piedra natural","description":"Nuestro blog le ofrece toda la informaci\u00f3n que necesita sobre los azulejos de piedra natural. Las noticias sobre el m\u00e1rmol, el granito, las muestras o el cashback se pueden encontrar aqu\u00ed.","robots":{"index":"index","follow":"follow","max-snippet":"max-snippet:-1","max-image-preview":"max-image-preview:large","max-video-preview":"max-video-preview:-1"},"canonical":"https:\/\/colourofstone.com\/es\/magazine\/","og_locale":"es_ES","og_type":"article","og_title":"MAGAZINE - Colour of Stone - Informaci\u00f3n sobre los azulejos de piedra natural","og_description":"Nuestro blog le ofrece toda la informaci\u00f3n que necesita sobre los azulejos de piedra natural. Las noticias sobre el m\u00e1rmol, el granito, las muestras o el cashback se pueden encontrar aqu\u00ed.","og_url":"https:\/\/colourofstone.com\/es\/magazine\/","og_site_name":"Colour of Stone","article_modified_time":"2023-05-03T12:39:31+00:00","og_image":[{"width":1086,"height":553,"url":"https:\/\/colourofstone.com\/wp-content\/uploads\/Logo.png","type":"image\/png"}],"twitter_card":"summary_large_image","twitter_misc":{"Tiempo de lectura":"1 minuto"},"schema":{"@context":"https:\/\/schema.org","@graph":[{"@type":"WebPage","@id":"https:\/\/colourofstone.com\/es\/magazine\/","url":"https:\/\/colourofstone.com\/es\/magazine\/","name":"MAGAZINE - Colour of Stone - Informaci\u00f3n sobre los azulejos de piedra natural","isPartOf":{"@id":"https:\/\/colourofstone.com\/es\/#website"},"datePublished":"2022-05-11T06:38:15+00:00","dateModified":"2023-05-03T12:39:31+00:00","description":"Nuestro blog le ofrece toda la informaci\u00f3n que necesita sobre los azulejos de piedra natural. Las noticias sobre el m\u00e1rmol, el granito, las muestras o el cashback se pueden encontrar aqu\u00ed.","breadcrumb":{"@id":"https:\/\/colourofstone.com\/es\/magazine\/#breadcrumb"},"inLanguage":"es","potentialAction":[{"@type":"ReadAction","target":["https:\/\/colourofstone.com\/es\/magazine\/"]}]},{"@type":"BreadcrumbList","@id":"https:\/\/colourofstone.com\/es\/magazine\/#breadcrumb","itemListElement":[{"@type":"ListItem","position":1,"name":"Home","item":"https:\/\/colourofstone.com\/es\/"},{"@type":"ListItem","position":2,"name":"MAGAZINE"}]},{"@type":"WebSite","@id":"https:\/\/colourofstone.com\/es\/#website","url":"https:\/\/colourofstone.com\/es\/","name":"Colour of Stone","description":"Fliesen, Haus und Garten Produkte aus Naturstein - Online Shop","publisher":{"@id":"https:\/\/colourofstone.com\/es\/#organization"},"potentialAction":[{"@type":"SearchAction","target":{"@type":"EntryPoint","urlTemplate":"https:\/\/colourofstone.com\/es\/?s={search_term_string}"},"query-input":{"@type":"PropertyValueSpecification","valueRequired":true,"valueName":"search_term_string"}}],"inLanguage":"es"},{"@type":"Organization","@id":"https:\/\/colourofstone.com\/es\/#organization","name":"Colour of Stone GmbH","url":"https:\/\/colourofstone.com\/es\/","logo":{"@type":"ImageObject","inLanguage":"es","@id":"https:\/\/colourofstone.com\/es\/#\/schema\/logo\/image\/","url":"https:\/\/colourofstone.com\/wp-content\/uploads\/99FC1526-DF3B-44F1-9816-9278D3194252-scaled.jpeg","contentUrl":"https:\/\/colourofstone.com\/wp-content\/uploads\/99FC1526-DF3B-44F1-9816-9278D3194252-scaled.jpeg","width":2125,"height":2560,"caption":"Colour of Stone GmbH"},"image":{"@id":"https:\/\/colourofstone.com\/es\/#\/schema\/logo\/image\/"},"sameAs":["https:\/\/www.instagram.com\/colourofstone\/"]}]}},"_links":{"self":[{"href":"https:\/\/colourofstone.com\/es\/wp-json\/wp\/v2\/pages\/46112","targetHints":{"allow":["GET"]}}],"collection":[{"href":"https:\/\/colourofstone.com\/es\/wp-json\/wp\/v2\/pages"}],"about":[{"href":"https:\/\/colourofstone.com\/es\/wp-json\/wp\/v2\/types\/page"}],"author":[{"embeddable":true,"href":"https:\/\/colourofstone.com\/es\/wp-json\/wp\/v2\/users\/2"}],"replies":[{"embeddable":true,"href":"https:\/\/colourofstone.com\/es\/wp-json\/wp\/v2\/comments?post=46112"}],"version-history":[{"count":4,"href":"https:\/\/colourofstone.com\/es\/wp-json\/wp\/v2\/pages\/46112\/revisions"}],"predecessor-version":[{"id":63291,"href":"https:\/\/colourofstone.com\/es\/wp-json\/wp\/v2\/pages\/46112\/revisions\/63291"}],"wp:attachment":[{"href":"https:\/\/colourofstone.com\/es\/wp-json\/wp\/v2\/media?parent=46112"}],"curies":[{"name":"wp","href":"https:\/\/api.w.org\/{rel}","templated":true}]}}