{"id":34277,"date":"2021-10-18T08:50:17","date_gmt":"2021-10-04T08:50:17","guid":{"rendered":"https:\/\/colourofstone.com\/shop\/sin%20categor\u00eda\/mustang\/"},"modified":"2023-05-07T09:16:25","modified_gmt":"2023-05-07T09:16:25","slug":"mustang","status":"publish","type":"product","link":"https:\/\/colourofstone.com\/es\/shop\/piedra-natural\/azulejos\/mustang\/","title":{"rendered":"Mustang Pizarra"},"content":{"rendered":"<p>La pizarra Mustang impresiona por su fant\u00e1stico brillo y sus nobles colores, desde el negro hasta el antracita. Es muy robusto, duro e insensible. Los ligeros ara\u00f1azos no son un defecto, son comunes en la pizarra. Esta pizarra brasile\u00f1a es perfecta para cualquier zona. La pizarra Mustang es una pizarra arcillosa y se extrae en el estado de Minas Gerais. Las principales canteras se encuentran en Pompeu, Felixlandia y Papagaios, al norte de la ciudad de Belo Horizonte.<\/p>\n<p>&nbsp;<\/p>\n<p>Esta piedra natural no es resistente a las heladas ni a los \u00e1cidos. Es perfectamente adecuado para su uso en interiores. Con la sensibilidad y los conocimientos adecuados, esta piedra natural tambi\u00e9n puede utilizarse en otros \u00e1mbitos.<\/p>\n\n        <script>\n        function toggleInchInfo(el) {\n            const infoBox = el.nextElementSibling;\n            if (infoBox.style.display === \"none\") {\n                infoBox.style.display = \"inline\";\n            } else {\n                infoBox.style.display = \"none\";\n            }\n        }\n        <\/script>\n        <style>\n            .cm-info {\n                cursor: pointer;\n                color: #0073aa;\n                font-weight: bold;\n                margin-left: 4px;\n            }\n            .inch-info {\n                display: none;\n                background: #f8f8f8;\n                border: 1px solid #ccc;\n                padding: 4px 8px;\n                margin-left: 5px;\n                font-size: 0.9em;\n                border-radius: 4px;\n            }\n        <\/style>","protected":false},"excerpt":{"rendered":"<p>La pizarra Mustang impresiona por su fant\u00e1stico brillo y sus nobles colores, desde el negro hasta el antracita. Es muy robusto, duro e insensible. Los ligeros ara\u00f1azos no son un defecto, son comunes en la pizarra. Esta pizarra brasile\u00f1a es perfecta para cualquier zona. La pizarra Mustang es una pizarra arcillosa y se extrae en <a href=\"https:\/\/colourofstone.com\/es\/shop\/piedra-natural\/azulejos\/mustang\/\" class=\"more-link\">&#8230;<\/a><\/p>\n","protected":false},"featured_media":46362,"template":"","meta":[],"product_brand":[],"product_cat":[531],"product_tag":[],"class_list":{"0":"post-34277","1":"product","2":"type-product","3":"status-publish","4":"has-post-thumbnail","6":"product_cat-azulejos","7":"pa_farbe-antracita","8":"pa_farbe-negro","9":"pa_farbe-oscuro","10":"pa_masseinheit-60-x-30-cm","11":"pa_masseinheit-60-x-40-cm","12":"pa_material-pizarra","13":"pa_oberflaeche-escindido","15":"first","16":"instock","17":"taxable","18":"shipping-taxable","19":"purchasable","20":"product-type-variable","21":"has-default-attributes"},"yoast_head":"<!-- This site is optimized with the Yoast SEO plugin v27.4 - https:\/\/yoast.com\/product\/yoast-seo-wordpress\/ -->\n<title>Mustang Pizarra - Pizarra Azulejos env\u00edo gratis - Colour of Stone<\/title>\n<meta name=\"description\" content=\"La pizarra Mustang impresiona por su fant\u00e1stico brillo y sus nobles colores, desde el negro hasta el antracita. Es muy robusto, duro e insensible. Los ...\" \/>\n<meta name=\"robots\" content=\"index, follow, max-snippet:-1, max-image-preview:large, max-video-preview:-1\" \/>\n<link rel=\"canonical\" href=\"https:\/\/colourofstone.com\/es\/shop\/piedra-natural\/azulejos\/mustang\/\" \/>\n<meta property=\"og:locale\" content=\"es_ES\" \/>\n<meta property=\"og:type\" content=\"article\" \/>\n<meta property=\"og:title\" content=\"Mustang Pizarra - Pizarra Azulejos env\u00edo gratis - Colour of Stone\" \/>\n<meta property=\"og:description\" content=\"La pizarra Mustang impresiona por su fant\u00e1stico brillo y sus nobles colores, desde el negro hasta el antracita. Es muy robusto, duro e insensible. Los ...\" \/>\n<meta property=\"og:url\" content=\"https:\/\/colourofstone.com\/es\/shop\/piedra-natural\/azulejos\/mustang\/\" \/>\n<meta property=\"og:site_name\" content=\"Colour of Stone\" \/>\n<meta property=\"article:modified_time\" content=\"2023-05-07T09:16:25+00:00\" \/>\n<meta property=\"og:image\" content=\"https:\/\/colourofstone.com\/wp-content\/uploads\/Mustang01.jpeg\" \/>\n\t<meta property=\"og:image:width\" content=\"1000\" \/>\n\t<meta property=\"og:image:height\" content=\"1000\" \/>\n\t<meta property=\"og:image:type\" content=\"image\/jpeg\" \/>\n<meta name=\"twitter:card\" content=\"summary_large_image\" \/>\n<meta name=\"twitter:label1\" content=\"Tiempo de lectura\" \/>\n\t<meta name=\"twitter:data1\" content=\"1 minuto\" \/>\n<script type=\"application\/ld+json\" class=\"yoast-schema-graph\">{\"@context\":\"https:\\\/\\\/schema.org\",\"@graph\":[{\"@type\":\"WebPage\",\"@id\":\"https:\\\/\\\/colourofstone.com\\\/es\\\/shop\\\/piedra-natural\\\/azulejos\\\/mustang\\\/\",\"url\":\"https:\\\/\\\/colourofstone.com\\\/es\\\/shop\\\/piedra-natural\\\/azulejos\\\/mustang\\\/\",\"name\":\"Mustang Pizarra - Pizarra Azulejos env\u00edo gratis - Colour of Stone\",\"isPartOf\":{\"@id\":\"https:\\\/\\\/colourofstone.com\\\/es\\\/#website\"},\"primaryImageOfPage\":{\"@id\":\"https:\\\/\\\/colourofstone.com\\\/es\\\/shop\\\/piedra-natural\\\/azulejos\\\/mustang\\\/#primaryimage\"},\"image\":{\"@id\":\"https:\\\/\\\/colourofstone.com\\\/es\\\/shop\\\/piedra-natural\\\/azulejos\\\/mustang\\\/#primaryimage\"},\"thumbnailUrl\":\"https:\\\/\\\/colourofstone.com\\\/wp-content\\\/uploads\\\/Mustang01.jpeg\",\"datePublished\":\"2021-10-04T08:50:17+00:00\",\"dateModified\":\"2023-05-07T09:16:25+00:00\",\"description\":\"La pizarra Mustang impresiona por su fant\u00e1stico brillo y sus nobles colores, desde el negro hasta el antracita. Es muy robusto, duro e insensible. Los ...\",\"breadcrumb\":{\"@id\":\"https:\\\/\\\/colourofstone.com\\\/es\\\/shop\\\/piedra-natural\\\/azulejos\\\/mustang\\\/#breadcrumb\"},\"inLanguage\":\"es\",\"potentialAction\":[{\"@type\":\"ReadAction\",\"target\":[\"https:\\\/\\\/colourofstone.com\\\/es\\\/shop\\\/piedra-natural\\\/azulejos\\\/mustang\\\/\"]}]},{\"@type\":\"ImageObject\",\"inLanguage\":\"es\",\"@id\":\"https:\\\/\\\/colourofstone.com\\\/es\\\/shop\\\/piedra-natural\\\/azulejos\\\/mustang\\\/#primaryimage\",\"url\":\"https:\\\/\\\/colourofstone.com\\\/wp-content\\\/uploads\\\/Mustang01.jpeg\",\"contentUrl\":\"https:\\\/\\\/colourofstone.com\\\/wp-content\\\/uploads\\\/Mustang01.jpeg\",\"width\":1000,\"height\":1000,\"caption\":\"Mustang\"},{\"@type\":\"BreadcrumbList\",\"@id\":\"https:\\\/\\\/colourofstone.com\\\/es\\\/shop\\\/piedra-natural\\\/azulejos\\\/mustang\\\/#breadcrumb\",\"itemListElement\":[{\"@type\":\"ListItem\",\"position\":1,\"name\":\"Home\",\"item\":\"https:\\\/\\\/colourofstone.com\\\/es\\\/\"},{\"@type\":\"ListItem\",\"position\":2,\"name\":\"Shop\",\"item\":\"https:\\\/\\\/colourofstone.com\\\/es\\\/shop\\\/\"},{\"@type\":\"ListItem\",\"position\":3,\"name\":\"Pizarra\",\"item\":\"https:\\\/\\\/colourofstone.com\\\/es\\\/material\\\/pizarra\\\/\"},{\"@type\":\"ListItem\",\"position\":4,\"name\":\"Mustang Pizarra\"}]},{\"@type\":\"WebSite\",\"@id\":\"https:\\\/\\\/colourofstone.com\\\/es\\\/#website\",\"url\":\"https:\\\/\\\/colourofstone.com\\\/es\\\/\",\"name\":\"Colour of Stone\",\"description\":\"Fliesen, Haus und Garten Produkte aus Naturstein - Online Shop\",\"publisher\":{\"@id\":\"https:\\\/\\\/colourofstone.com\\\/es\\\/#organization\"},\"potentialAction\":[{\"@type\":\"SearchAction\",\"target\":{\"@type\":\"EntryPoint\",\"urlTemplate\":\"https:\\\/\\\/colourofstone.com\\\/es\\\/?s={search_term_string}\"},\"query-input\":{\"@type\":\"PropertyValueSpecification\",\"valueRequired\":true,\"valueName\":\"search_term_string\"}}],\"inLanguage\":\"es\"},{\"@type\":\"Organization\",\"@id\":\"https:\\\/\\\/colourofstone.com\\\/es\\\/#organization\",\"name\":\"Colour of Stone GmbH\",\"url\":\"https:\\\/\\\/colourofstone.com\\\/es\\\/\",\"logo\":{\"@type\":\"ImageObject\",\"inLanguage\":\"es\",\"@id\":\"https:\\\/\\\/colourofstone.com\\\/es\\\/#\\\/schema\\\/logo\\\/image\\\/\",\"url\":\"https:\\\/\\\/colourofstone.com\\\/wp-content\\\/uploads\\\/99FC1526-DF3B-44F1-9816-9278D3194252-scaled.jpeg\",\"contentUrl\":\"https:\\\/\\\/colourofstone.com\\\/wp-content\\\/uploads\\\/99FC1526-DF3B-44F1-9816-9278D3194252-scaled.jpeg\",\"width\":2125,\"height\":2560,\"caption\":\"Colour of Stone GmbH\"},\"image\":{\"@id\":\"https:\\\/\\\/colourofstone.com\\\/es\\\/#\\\/schema\\\/logo\\\/image\\\/\"},\"sameAs\":[\"https:\\\/\\\/www.instagram.com\\\/colourofstone\\\/\"]}]}<\/script>\n<!-- \/ Yoast SEO plugin. -->","yoast_head_json":{"title":"Mustang Pizarra - Pizarra Azulejos env\u00edo gratis - Colour of Stone","description":"La pizarra Mustang impresiona por su fant\u00e1stico brillo y sus nobles colores, desde el negro hasta el antracita. Es muy robusto, duro e insensible. Los ...","robots":{"index":"index","follow":"follow","max-snippet":"max-snippet:-1","max-image-preview":"max-image-preview:large","max-video-preview":"max-video-preview:-1"},"canonical":"https:\/\/colourofstone.com\/es\/shop\/piedra-natural\/azulejos\/mustang\/","og_locale":"es_ES","og_type":"article","og_title":"Mustang Pizarra - Pizarra Azulejos env\u00edo gratis - Colour of Stone","og_description":"La pizarra Mustang impresiona por su fant\u00e1stico brillo y sus nobles colores, desde el negro hasta el antracita. Es muy robusto, duro e insensible. Los ...","og_url":"https:\/\/colourofstone.com\/es\/shop\/piedra-natural\/azulejos\/mustang\/","og_site_name":"Colour of Stone","article_modified_time":"2023-05-07T09:16:25+00:00","og_image":[{"width":1000,"height":1000,"url":"https:\/\/colourofstone.com\/wp-content\/uploads\/Mustang01.jpeg","type":"image\/jpeg"}],"twitter_card":"summary_large_image","twitter_misc":{"Tiempo de lectura":"1 minuto"},"schema":{"@context":"https:\/\/schema.org","@graph":[{"@type":"WebPage","@id":"https:\/\/colourofstone.com\/es\/shop\/piedra-natural\/azulejos\/mustang\/","url":"https:\/\/colourofstone.com\/es\/shop\/piedra-natural\/azulejos\/mustang\/","name":"Mustang Pizarra - Pizarra Azulejos env\u00edo gratis - Colour of Stone","isPartOf":{"@id":"https:\/\/colourofstone.com\/es\/#website"},"primaryImageOfPage":{"@id":"https:\/\/colourofstone.com\/es\/shop\/piedra-natural\/azulejos\/mustang\/#primaryimage"},"image":{"@id":"https:\/\/colourofstone.com\/es\/shop\/piedra-natural\/azulejos\/mustang\/#primaryimage"},"thumbnailUrl":"https:\/\/colourofstone.com\/wp-content\/uploads\/Mustang01.jpeg","datePublished":"2021-10-04T08:50:17+00:00","dateModified":"2023-05-07T09:16:25+00:00","description":"La pizarra Mustang impresiona por su fant\u00e1stico brillo y sus nobles colores, desde el negro hasta el antracita. Es muy robusto, duro e insensible. Los ...","breadcrumb":{"@id":"https:\/\/colourofstone.com\/es\/shop\/piedra-natural\/azulejos\/mustang\/#breadcrumb"},"inLanguage":"es","potentialAction":[{"@type":"ReadAction","target":["https:\/\/colourofstone.com\/es\/shop\/piedra-natural\/azulejos\/mustang\/"]}]},{"@type":"ImageObject","inLanguage":"es","@id":"https:\/\/colourofstone.com\/es\/shop\/piedra-natural\/azulejos\/mustang\/#primaryimage","url":"https:\/\/colourofstone.com\/wp-content\/uploads\/Mustang01.jpeg","contentUrl":"https:\/\/colourofstone.com\/wp-content\/uploads\/Mustang01.jpeg","width":1000,"height":1000,"caption":"Mustang"},{"@type":"BreadcrumbList","@id":"https:\/\/colourofstone.com\/es\/shop\/piedra-natural\/azulejos\/mustang\/#breadcrumb","itemListElement":[{"@type":"ListItem","position":1,"name":"Home","item":"https:\/\/colourofstone.com\/es\/"},{"@type":"ListItem","position":2,"name":"Shop","item":"https:\/\/colourofstone.com\/es\/shop\/"},{"@type":"ListItem","position":3,"name":"Pizarra","item":"https:\/\/colourofstone.com\/es\/material\/pizarra\/"},{"@type":"ListItem","position":4,"name":"Mustang Pizarra"}]},{"@type":"WebSite","@id":"https:\/\/colourofstone.com\/es\/#website","url":"https:\/\/colourofstone.com\/es\/","name":"Colour of Stone","description":"Fliesen, Haus und Garten Produkte aus Naturstein - Online Shop","publisher":{"@id":"https:\/\/colourofstone.com\/es\/#organization"},"potentialAction":[{"@type":"SearchAction","target":{"@type":"EntryPoint","urlTemplate":"https:\/\/colourofstone.com\/es\/?s={search_term_string}"},"query-input":{"@type":"PropertyValueSpecification","valueRequired":true,"valueName":"search_term_string"}}],"inLanguage":"es"},{"@type":"Organization","@id":"https:\/\/colourofstone.com\/es\/#organization","name":"Colour of Stone GmbH","url":"https:\/\/colourofstone.com\/es\/","logo":{"@type":"ImageObject","inLanguage":"es","@id":"https:\/\/colourofstone.com\/es\/#\/schema\/logo\/image\/","url":"https:\/\/colourofstone.com\/wp-content\/uploads\/99FC1526-DF3B-44F1-9816-9278D3194252-scaled.jpeg","contentUrl":"https:\/\/colourofstone.com\/wp-content\/uploads\/99FC1526-DF3B-44F1-9816-9278D3194252-scaled.jpeg","width":2125,"height":2560,"caption":"Colour of Stone GmbH"},"image":{"@id":"https:\/\/colourofstone.com\/es\/#\/schema\/logo\/image\/"},"sameAs":["https:\/\/www.instagram.com\/colourofstone\/"]}]}},"_links":{"self":[{"href":"https:\/\/colourofstone.com\/es\/wp-json\/wp\/v2\/product\/34277","targetHints":{"allow":["GET"]}}],"collection":[{"href":"https:\/\/colourofstone.com\/es\/wp-json\/wp\/v2\/product"}],"about":[{"href":"https:\/\/colourofstone.com\/es\/wp-json\/wp\/v2\/types\/product"}],"wp:featuredmedia":[{"embeddable":true,"href":"https:\/\/colourofstone.com\/es\/wp-json\/wp\/v2\/media\/46362"}],"wp:attachment":[{"href":"https:\/\/colourofstone.com\/es\/wp-json\/wp\/v2\/media?parent=34277"}],"wp:term":[{"taxonomy":"product_brand","embeddable":true,"href":"https:\/\/colourofstone.com\/es\/wp-json\/wp\/v2\/product_brand?post=34277"},{"taxonomy":"product_cat","embeddable":true,"href":"https:\/\/colourofstone.com\/es\/wp-json\/wp\/v2\/product_cat?post=34277"},{"taxonomy":"product_tag","embeddable":true,"href":"https:\/\/colourofstone.com\/es\/wp-json\/wp\/v2\/product_tag?post=34277"}],"curies":[{"name":"wp","href":"https:\/\/api.w.org\/{rel}","templated":true}]}}