{"id":39982,"date":"2021-11-12T19:36:31","date_gmt":"2021-11-12T19:36:31","guid":{"rendered":"https:\/\/colourofstone.com\/shop\/sin%20categor\u00eda\/grigio-alma\/"},"modified":"2023-02-11T17:08:09","modified_gmt":"2023-02-11T17:08:09","slug":"grigio-alma","status":"publish","type":"product","link":"https:\/\/colourofstone.com\/es\/shop\/piedra-natural\/azulejos\/grigio-alma\/","title":{"rendered":"Grigio Alma"},"content":{"rendered":"<p>El Grigio Alma es un granito cl\u00e1sico. Su color gris claro pone acentos naturales. El Grigio Alma de Portugal es f\u00e1cil de limpiar y resistente. En combinaci\u00f3n con otros materiales, como la madera, su aspecto tranquilo y discreto cobra protagonismo. El Grigio Alma se extrae en la regi\u00f3n vin\u00edcola de Tras os Montes, en la provincia de Braganca.<\/p>\n<p>&nbsp;<\/p>\n<p>Esta piedra natural es resistente a las heladas y a los \u00e1cidos. Es perfectamente adecuado para el interior y el exterior.<\/p>\n\n        <script>\n        function toggleInchInfo(el) {\n            const infoBox = el.nextElementSibling;\n            if (infoBox.style.display === \"none\") {\n                infoBox.style.display = \"inline\";\n            } else {\n                infoBox.style.display = \"none\";\n            }\n        }\n        <\/script>\n        <style>\n            .cm-info {\n                cursor: pointer;\n                color: #0073aa;\n                font-weight: bold;\n                margin-left: 4px;\n            }\n            .inch-info {\n                display: none;\n                background: #f8f8f8;\n                border: 1px solid #ccc;\n                padding: 4px 8px;\n                margin-left: 5px;\n                font-size: 0.9em;\n                border-radius: 4px;\n            }\n        <\/style>","protected":false},"excerpt":{"rendered":"<p>El Grigio Alma es un granito cl\u00e1sico. Su color gris claro pone acentos naturales. El Grigio Alma de Portugal es f\u00e1cil de limpiar y resistente. En combinaci\u00f3n con otros materiales, como la madera, su aspecto tranquilo y discreto cobra protagonismo. El Grigio Alma se extrae en la regi\u00f3n vin\u00edcola de Tras os Montes, en la <a href=\"https:\/\/colourofstone.com\/es\/shop\/piedra-natural\/azulejos\/grigio-alma\/\" class=\"more-link\">&#8230;<\/a><\/p>\n","protected":false},"featured_media":45292,"template":"","meta":[],"product_brand":[],"product_cat":[531],"product_tag":[2136,2137],"class_list":{"0":"post-39982","1":"product","2":"type-product","3":"status-publish","4":"has-post-thumbnail","6":"product_cat-azulejos","7":"product_tag-alma-grey-es","8":"product_tag-gris-alma-es","9":"pa_farbe-blanco","10":"pa_farbe-gris","11":"pa_farbe-claro","12":"pa_masseinheit-305-x-305-cm","13":"pa_masseinheit-61-x-305-cm","14":"pa_masseinheit-40-x-40-cm","15":"pa_masseinheit-60-x-40-cm","16":"pa_material-granito","17":"pa_oberflaeche-pulido","18":"pa_oberflaeche-lijado","19":"pa_oberflaeche-cepillado","20":"pa_oberflaeche-patinado","22":"first","23":"instock","24":"taxable","25":"shipping-taxable","26":"purchasable","27":"product-type-variable","28":"has-default-attributes"},"yoast_head":"<!-- This site is optimized with the Yoast SEO plugin v27.3 - https:\/\/yoast.com\/product\/yoast-seo-wordpress\/ -->\n<title>Grigio Alma - Granito Azulejos env\u00edo gratis - Colour of Stone<\/title>\n<meta name=\"description\" content=\"El Grigio Alma es un granito cl\u00e1sico. Su color gris claro pone acentos naturales. El Grigio Alma de Portugal es f\u00e1cil de limpiar y resistente. En ...\" \/>\n<meta name=\"robots\" content=\"index, follow, max-snippet:-1, max-image-preview:large, max-video-preview:-1\" \/>\n<link rel=\"canonical\" href=\"https:\/\/colourofstone.com\/es\/shop\/piedra-natural\/azulejos\/grigio-alma\/\" \/>\n<meta property=\"og:locale\" content=\"es_ES\" \/>\n<meta property=\"og:type\" content=\"article\" \/>\n<meta property=\"og:title\" content=\"Grigio Alma - Granito Azulejos env\u00edo gratis - Colour of Stone\" \/>\n<meta property=\"og:description\" content=\"El Grigio Alma es un granito cl\u00e1sico. Su color gris claro pone acentos naturales. El Grigio Alma de Portugal es f\u00e1cil de limpiar y resistente. En ...\" \/>\n<meta property=\"og:url\" content=\"https:\/\/colourofstone.com\/es\/shop\/piedra-natural\/azulejos\/grigio-alma\/\" \/>\n<meta property=\"og:site_name\" content=\"Colour of Stone\" \/>\n<meta property=\"article:modified_time\" content=\"2023-02-11T17:08:09+00:00\" \/>\n<meta property=\"og:image\" content=\"https:\/\/colourofstone.com\/wp-content\/uploads\/GrigioAlma-1600.jpg\" \/>\n\t<meta property=\"og:image:width\" content=\"1600\" \/>\n\t<meta property=\"og:image:height\" content=\"1600\" \/>\n\t<meta property=\"og:image:type\" content=\"image\/jpeg\" \/>\n<meta name=\"twitter:card\" content=\"summary_large_image\" \/>\n<meta name=\"twitter:label1\" content=\"Tiempo de lectura\" \/>\n\t<meta name=\"twitter:data1\" content=\"1 minuto\" \/>\n<script type=\"application\/ld+json\" class=\"yoast-schema-graph\">{\"@context\":\"https:\\\/\\\/schema.org\",\"@graph\":[{\"@type\":\"WebPage\",\"@id\":\"https:\\\/\\\/colourofstone.com\\\/es\\\/shop\\\/piedra-natural\\\/azulejos\\\/grigio-alma\\\/\",\"url\":\"https:\\\/\\\/colourofstone.com\\\/es\\\/shop\\\/piedra-natural\\\/azulejos\\\/grigio-alma\\\/\",\"name\":\"Grigio Alma - Granito Azulejos env\u00edo gratis - Colour of Stone\",\"isPartOf\":{\"@id\":\"https:\\\/\\\/colourofstone.com\\\/es\\\/#website\"},\"primaryImageOfPage\":{\"@id\":\"https:\\\/\\\/colourofstone.com\\\/es\\\/shop\\\/piedra-natural\\\/azulejos\\\/grigio-alma\\\/#primaryimage\"},\"image\":{\"@id\":\"https:\\\/\\\/colourofstone.com\\\/es\\\/shop\\\/piedra-natural\\\/azulejos\\\/grigio-alma\\\/#primaryimage\"},\"thumbnailUrl\":\"https:\\\/\\\/colourofstone.com\\\/wp-content\\\/uploads\\\/GrigioAlma-1600.jpg\",\"datePublished\":\"2021-11-12T19:36:31+00:00\",\"dateModified\":\"2023-02-11T17:08:09+00:00\",\"description\":\"El Grigio Alma es un granito cl\u00e1sico. Su color gris claro pone acentos naturales. El Grigio Alma de Portugal es f\u00e1cil de limpiar y resistente. En ...\",\"breadcrumb\":{\"@id\":\"https:\\\/\\\/colourofstone.com\\\/es\\\/shop\\\/piedra-natural\\\/azulejos\\\/grigio-alma\\\/#breadcrumb\"},\"inLanguage\":\"es\",\"potentialAction\":[{\"@type\":\"ReadAction\",\"target\":[\"https:\\\/\\\/colourofstone.com\\\/es\\\/shop\\\/piedra-natural\\\/azulejos\\\/grigio-alma\\\/\"]}]},{\"@type\":\"ImageObject\",\"inLanguage\":\"es\",\"@id\":\"https:\\\/\\\/colourofstone.com\\\/es\\\/shop\\\/piedra-natural\\\/azulejos\\\/grigio-alma\\\/#primaryimage\",\"url\":\"https:\\\/\\\/colourofstone.com\\\/wp-content\\\/uploads\\\/GrigioAlma-1600.jpg\",\"contentUrl\":\"https:\\\/\\\/colourofstone.com\\\/wp-content\\\/uploads\\\/GrigioAlma-1600.jpg\",\"width\":1600,\"height\":1600,\"caption\":\"Grigio Alma\"},{\"@type\":\"BreadcrumbList\",\"@id\":\"https:\\\/\\\/colourofstone.com\\\/es\\\/shop\\\/piedra-natural\\\/azulejos\\\/grigio-alma\\\/#breadcrumb\",\"itemListElement\":[{\"@type\":\"ListItem\",\"position\":1,\"name\":\"Home\",\"item\":\"https:\\\/\\\/colourofstone.com\\\/es\\\/\"},{\"@type\":\"ListItem\",\"position\":2,\"name\":\"Shop\",\"item\":\"https:\\\/\\\/colourofstone.com\\\/es\\\/shop\\\/\"},{\"@type\":\"ListItem\",\"position\":3,\"name\":\"Granito\",\"item\":\"https:\\\/\\\/colourofstone.com\\\/es\\\/material\\\/granito\\\/\"},{\"@type\":\"ListItem\",\"position\":4,\"name\":\"Grigio Alma\"}]},{\"@type\":\"WebSite\",\"@id\":\"https:\\\/\\\/colourofstone.com\\\/es\\\/#website\",\"url\":\"https:\\\/\\\/colourofstone.com\\\/es\\\/\",\"name\":\"Colour of Stone\",\"description\":\"Fliesen, Haus und Garten Produkte aus Naturstein - Online Shop\",\"publisher\":{\"@id\":\"https:\\\/\\\/colourofstone.com\\\/es\\\/#organization\"},\"potentialAction\":[{\"@type\":\"SearchAction\",\"target\":{\"@type\":\"EntryPoint\",\"urlTemplate\":\"https:\\\/\\\/colourofstone.com\\\/es\\\/?s={search_term_string}\"},\"query-input\":{\"@type\":\"PropertyValueSpecification\",\"valueRequired\":true,\"valueName\":\"search_term_string\"}}],\"inLanguage\":\"es\"},{\"@type\":\"Organization\",\"@id\":\"https:\\\/\\\/colourofstone.com\\\/es\\\/#organization\",\"name\":\"Colour of Stone GmbH\",\"url\":\"https:\\\/\\\/colourofstone.com\\\/es\\\/\",\"logo\":{\"@type\":\"ImageObject\",\"inLanguage\":\"es\",\"@id\":\"https:\\\/\\\/colourofstone.com\\\/es\\\/#\\\/schema\\\/logo\\\/image\\\/\",\"url\":\"https:\\\/\\\/colourofstone.com\\\/wp-content\\\/uploads\\\/99FC1526-DF3B-44F1-9816-9278D3194252-scaled.jpeg\",\"contentUrl\":\"https:\\\/\\\/colourofstone.com\\\/wp-content\\\/uploads\\\/99FC1526-DF3B-44F1-9816-9278D3194252-scaled.jpeg\",\"width\":2125,\"height\":2560,\"caption\":\"Colour of Stone GmbH\"},\"image\":{\"@id\":\"https:\\\/\\\/colourofstone.com\\\/es\\\/#\\\/schema\\\/logo\\\/image\\\/\"},\"sameAs\":[\"https:\\\/\\\/www.instagram.com\\\/colourofstone\\\/\"]}]}<\/script>\n<!-- \/ Yoast SEO plugin. -->","yoast_head_json":{"title":"Grigio Alma - Granito Azulejos env\u00edo gratis - Colour of Stone","description":"El Grigio Alma es un granito cl\u00e1sico. Su color gris claro pone acentos naturales. El Grigio Alma de Portugal es f\u00e1cil de limpiar y resistente. En ...","robots":{"index":"index","follow":"follow","max-snippet":"max-snippet:-1","max-image-preview":"max-image-preview:large","max-video-preview":"max-video-preview:-1"},"canonical":"https:\/\/colourofstone.com\/es\/shop\/piedra-natural\/azulejos\/grigio-alma\/","og_locale":"es_ES","og_type":"article","og_title":"Grigio Alma - Granito Azulejos env\u00edo gratis - Colour of Stone","og_description":"El Grigio Alma es un granito cl\u00e1sico. Su color gris claro pone acentos naturales. El Grigio Alma de Portugal es f\u00e1cil de limpiar y resistente. En ...","og_url":"https:\/\/colourofstone.com\/es\/shop\/piedra-natural\/azulejos\/grigio-alma\/","og_site_name":"Colour of Stone","article_modified_time":"2023-02-11T17:08:09+00:00","og_image":[{"width":1600,"height":1600,"url":"https:\/\/colourofstone.com\/wp-content\/uploads\/GrigioAlma-1600.jpg","type":"image\/jpeg"}],"twitter_card":"summary_large_image","twitter_misc":{"Tiempo de lectura":"1 minuto"},"schema":{"@context":"https:\/\/schema.org","@graph":[{"@type":"WebPage","@id":"https:\/\/colourofstone.com\/es\/shop\/piedra-natural\/azulejos\/grigio-alma\/","url":"https:\/\/colourofstone.com\/es\/shop\/piedra-natural\/azulejos\/grigio-alma\/","name":"Grigio Alma - Granito Azulejos env\u00edo gratis - Colour of Stone","isPartOf":{"@id":"https:\/\/colourofstone.com\/es\/#website"},"primaryImageOfPage":{"@id":"https:\/\/colourofstone.com\/es\/shop\/piedra-natural\/azulejos\/grigio-alma\/#primaryimage"},"image":{"@id":"https:\/\/colourofstone.com\/es\/shop\/piedra-natural\/azulejos\/grigio-alma\/#primaryimage"},"thumbnailUrl":"https:\/\/colourofstone.com\/wp-content\/uploads\/GrigioAlma-1600.jpg","datePublished":"2021-11-12T19:36:31+00:00","dateModified":"2023-02-11T17:08:09+00:00","description":"El Grigio Alma es un granito cl\u00e1sico. Su color gris claro pone acentos naturales. El Grigio Alma de Portugal es f\u00e1cil de limpiar y resistente. En ...","breadcrumb":{"@id":"https:\/\/colourofstone.com\/es\/shop\/piedra-natural\/azulejos\/grigio-alma\/#breadcrumb"},"inLanguage":"es","potentialAction":[{"@type":"ReadAction","target":["https:\/\/colourofstone.com\/es\/shop\/piedra-natural\/azulejos\/grigio-alma\/"]}]},{"@type":"ImageObject","inLanguage":"es","@id":"https:\/\/colourofstone.com\/es\/shop\/piedra-natural\/azulejos\/grigio-alma\/#primaryimage","url":"https:\/\/colourofstone.com\/wp-content\/uploads\/GrigioAlma-1600.jpg","contentUrl":"https:\/\/colourofstone.com\/wp-content\/uploads\/GrigioAlma-1600.jpg","width":1600,"height":1600,"caption":"Grigio Alma"},{"@type":"BreadcrumbList","@id":"https:\/\/colourofstone.com\/es\/shop\/piedra-natural\/azulejos\/grigio-alma\/#breadcrumb","itemListElement":[{"@type":"ListItem","position":1,"name":"Home","item":"https:\/\/colourofstone.com\/es\/"},{"@type":"ListItem","position":2,"name":"Shop","item":"https:\/\/colourofstone.com\/es\/shop\/"},{"@type":"ListItem","position":3,"name":"Granito","item":"https:\/\/colourofstone.com\/es\/material\/granito\/"},{"@type":"ListItem","position":4,"name":"Grigio Alma"}]},{"@type":"WebSite","@id":"https:\/\/colourofstone.com\/es\/#website","url":"https:\/\/colourofstone.com\/es\/","name":"Colour of Stone","description":"Fliesen, Haus und Garten Produkte aus Naturstein - Online Shop","publisher":{"@id":"https:\/\/colourofstone.com\/es\/#organization"},"potentialAction":[{"@type":"SearchAction","target":{"@type":"EntryPoint","urlTemplate":"https:\/\/colourofstone.com\/es\/?s={search_term_string}"},"query-input":{"@type":"PropertyValueSpecification","valueRequired":true,"valueName":"search_term_string"}}],"inLanguage":"es"},{"@type":"Organization","@id":"https:\/\/colourofstone.com\/es\/#organization","name":"Colour of Stone GmbH","url":"https:\/\/colourofstone.com\/es\/","logo":{"@type":"ImageObject","inLanguage":"es","@id":"https:\/\/colourofstone.com\/es\/#\/schema\/logo\/image\/","url":"https:\/\/colourofstone.com\/wp-content\/uploads\/99FC1526-DF3B-44F1-9816-9278D3194252-scaled.jpeg","contentUrl":"https:\/\/colourofstone.com\/wp-content\/uploads\/99FC1526-DF3B-44F1-9816-9278D3194252-scaled.jpeg","width":2125,"height":2560,"caption":"Colour of Stone GmbH"},"image":{"@id":"https:\/\/colourofstone.com\/es\/#\/schema\/logo\/image\/"},"sameAs":["https:\/\/www.instagram.com\/colourofstone\/"]}]}},"_links":{"self":[{"href":"https:\/\/colourofstone.com\/es\/wp-json\/wp\/v2\/product\/39982","targetHints":{"allow":["GET"]}}],"collection":[{"href":"https:\/\/colourofstone.com\/es\/wp-json\/wp\/v2\/product"}],"about":[{"href":"https:\/\/colourofstone.com\/es\/wp-json\/wp\/v2\/types\/product"}],"wp:featuredmedia":[{"embeddable":true,"href":"https:\/\/colourofstone.com\/es\/wp-json\/wp\/v2\/media\/45292"}],"wp:attachment":[{"href":"https:\/\/colourofstone.com\/es\/wp-json\/wp\/v2\/media?parent=39982"}],"wp:term":[{"taxonomy":"product_brand","embeddable":true,"href":"https:\/\/colourofstone.com\/es\/wp-json\/wp\/v2\/product_brand?post=39982"},{"taxonomy":"product_cat","embeddable":true,"href":"https:\/\/colourofstone.com\/es\/wp-json\/wp\/v2\/product_cat?post=39982"},{"taxonomy":"product_tag","embeddable":true,"href":"https:\/\/colourofstone.com\/es\/wp-json\/wp\/v2\/product_tag?post=39982"}],"curies":[{"name":"wp","href":"https:\/\/api.w.org\/{rel}","templated":true}]}}