{"id":40288,"date":"2021-11-12T19:42:33","date_gmt":"2021-11-12T19:42:33","guid":{"rendered":"https:\/\/colourofstone.com\/shop\/sin%20categor\u00eda\/nordic-sunset\/"},"modified":"2023-02-11T17:13:26","modified_gmt":"2023-02-11T17:13:26","slug":"nordic-sunset","status":"publish","type":"product","link":"https:\/\/colourofstone.com\/es\/shop\/piedra-natural\/azulejos\/nordic-sunset\/","title":{"rendered":"Nordic Sunset"},"content":{"rendered":"<p>Nordic Sunset encanta con su mezcla contrastada de minerales. Sus tonos de color negro, blanco y rojo son un reclamo \u00fanico. Se puede sentir literalmente el origen de Nordic Sunset. Extra\u00eddo en Nigrozero, en la Rep\u00fablica de Carelia (Rusia), este granito turbio muestra una variedad multifac\u00e9tica de posibilidades de dise\u00f1o.<\/p>\n<p>&nbsp;<\/p>\n<p>Esta piedra natural es resistente a las heladas y a los \u00e1cidos. Es perfectamente adecuado para el interior y el exterior.<\/p>\n\n        <script>\n        function toggleInchInfo(el) {\n            const infoBox = el.nextElementSibling;\n            if (infoBox.style.display === \"none\") {\n                infoBox.style.display = \"inline\";\n            } else {\n                infoBox.style.display = \"none\";\n            }\n        }\n        <\/script>\n        <style>\n            .cm-info {\n                cursor: pointer;\n                color: #0073aa;\n                font-weight: bold;\n                margin-left: 4px;\n            }\n            .inch-info {\n                display: none;\n                background: #f8f8f8;\n                border: 1px solid #ccc;\n                padding: 4px 8px;\n                margin-left: 5px;\n                font-size: 0.9em;\n                border-radius: 4px;\n            }\n        <\/style>","protected":false},"excerpt":{"rendered":"<p>Nordic Sunset encanta con su mezcla contrastada de minerales. Sus tonos de color negro, blanco y rojo son un reclamo \u00fanico. Se puede sentir literalmente el origen de Nordic Sunset. Extra\u00eddo en Nigrozero, en la Rep\u00fablica de Carelia (Rusia), este granito turbio muestra una variedad multifac\u00e9tica de posibilidades de dise\u00f1o. &nbsp; Esta piedra natural es <a href=\"https:\/\/colourofstone.com\/es\/shop\/piedra-natural\/azulejos\/nordic-sunset\/\" class=\"more-link\">&#8230;<\/a><\/p>\n","protected":false},"featured_media":45343,"template":"","meta":[],"product_brand":[],"product_cat":[531],"product_tag":[],"class_list":{"0":"post-40288","1":"product","2":"type-product","3":"status-publish","4":"has-post-thumbnail","6":"product_cat-azulejos","7":"pa_farbe-blanco","8":"pa_farbe-marron","9":"pa_farbe-negro","10":"pa_farbe-oscuro","11":"pa_masseinheit-305-x-305-cm","12":"pa_masseinheit-61-x-305-cm","13":"pa_masseinheit-40-x-40-cm","14":"pa_masseinheit-60-x-40-cm","15":"pa_material-granito","16":"pa_oberflaeche-pulido","17":"pa_oberflaeche-lijado","18":"pa_oberflaeche-cepillado","19":"pa_oberflaeche-patinado","21":"first","22":"instock","23":"taxable","24":"shipping-taxable","25":"purchasable","26":"product-type-variable","27":"has-default-attributes"},"yoast_head":"<!-- This site is optimized with the Yoast SEO plugin v27.3 - https:\/\/yoast.com\/product\/yoast-seo-wordpress\/ -->\n<title>Nordic Sunset - Granito Azulejos env\u00edo gratis - Colour of Stone<\/title>\n<meta name=\"description\" content=\"Nordic Sunset encanta con su mezcla contrastada de minerales. Sus tonos de color negro, blanco y rojo son un reclamo \u00fanico. Se puede sentir literalmente ...\" \/>\n<meta name=\"robots\" content=\"index, follow, max-snippet:-1, max-image-preview:large, max-video-preview:-1\" \/>\n<link rel=\"canonical\" href=\"https:\/\/colourofstone.com\/es\/shop\/piedra-natural\/azulejos\/nordic-sunset\/\" \/>\n<meta property=\"og:locale\" content=\"es_ES\" \/>\n<meta property=\"og:type\" content=\"article\" \/>\n<meta property=\"og:title\" content=\"Nordic Sunset - Granito Azulejos env\u00edo gratis - Colour of Stone\" \/>\n<meta property=\"og:description\" content=\"Nordic Sunset encanta con su mezcla contrastada de minerales. Sus tonos de color negro, blanco y rojo son un reclamo \u00fanico. Se puede sentir literalmente ...\" \/>\n<meta property=\"og:url\" content=\"https:\/\/colourofstone.com\/es\/shop\/piedra-natural\/azulejos\/nordic-sunset\/\" \/>\n<meta property=\"og:site_name\" content=\"Colour of Stone\" \/>\n<meta property=\"article:modified_time\" content=\"2023-02-11T17:13:26+00:00\" \/>\n<meta property=\"og:image\" content=\"https:\/\/colourofstone.com\/wp-content\/uploads\/NordicSunset2-1600.jpg\" \/>\n\t<meta property=\"og:image:width\" content=\"1600\" \/>\n\t<meta property=\"og:image:height\" content=\"1600\" \/>\n\t<meta property=\"og:image:type\" content=\"image\/jpeg\" \/>\n<meta name=\"twitter:card\" content=\"summary_large_image\" \/>\n<script type=\"application\/ld+json\" class=\"yoast-schema-graph\">{\"@context\":\"https:\\\/\\\/schema.org\",\"@graph\":[{\"@type\":\"WebPage\",\"@id\":\"https:\\\/\\\/colourofstone.com\\\/es\\\/shop\\\/piedra-natural\\\/azulejos\\\/nordic-sunset\\\/\",\"url\":\"https:\\\/\\\/colourofstone.com\\\/es\\\/shop\\\/piedra-natural\\\/azulejos\\\/nordic-sunset\\\/\",\"name\":\"Nordic Sunset - Granito Azulejos env\u00edo gratis - Colour of Stone\",\"isPartOf\":{\"@id\":\"https:\\\/\\\/colourofstone.com\\\/es\\\/#website\"},\"primaryImageOfPage\":{\"@id\":\"https:\\\/\\\/colourofstone.com\\\/es\\\/shop\\\/piedra-natural\\\/azulejos\\\/nordic-sunset\\\/#primaryimage\"},\"image\":{\"@id\":\"https:\\\/\\\/colourofstone.com\\\/es\\\/shop\\\/piedra-natural\\\/azulejos\\\/nordic-sunset\\\/#primaryimage\"},\"thumbnailUrl\":\"https:\\\/\\\/colourofstone.com\\\/wp-content\\\/uploads\\\/NordicSunset2-1600.jpg\",\"datePublished\":\"2021-11-12T19:42:33+00:00\",\"dateModified\":\"2023-02-11T17:13:26+00:00\",\"description\":\"Nordic Sunset encanta con su mezcla contrastada de minerales. Sus tonos de color negro, blanco y rojo son un reclamo \u00fanico. Se puede sentir literalmente ...\",\"breadcrumb\":{\"@id\":\"https:\\\/\\\/colourofstone.com\\\/es\\\/shop\\\/piedra-natural\\\/azulejos\\\/nordic-sunset\\\/#breadcrumb\"},\"inLanguage\":\"es\",\"potentialAction\":[{\"@type\":\"ReadAction\",\"target\":[\"https:\\\/\\\/colourofstone.com\\\/es\\\/shop\\\/piedra-natural\\\/azulejos\\\/nordic-sunset\\\/\"]}]},{\"@type\":\"ImageObject\",\"inLanguage\":\"es\",\"@id\":\"https:\\\/\\\/colourofstone.com\\\/es\\\/shop\\\/piedra-natural\\\/azulejos\\\/nordic-sunset\\\/#primaryimage\",\"url\":\"https:\\\/\\\/colourofstone.com\\\/wp-content\\\/uploads\\\/NordicSunset2-1600.jpg\",\"contentUrl\":\"https:\\\/\\\/colourofstone.com\\\/wp-content\\\/uploads\\\/NordicSunset2-1600.jpg\",\"width\":1600,\"height\":1600,\"caption\":\"Nordic Sunset\"},{\"@type\":\"BreadcrumbList\",\"@id\":\"https:\\\/\\\/colourofstone.com\\\/es\\\/shop\\\/piedra-natural\\\/azulejos\\\/nordic-sunset\\\/#breadcrumb\",\"itemListElement\":[{\"@type\":\"ListItem\",\"position\":1,\"name\":\"Home\",\"item\":\"https:\\\/\\\/colourofstone.com\\\/es\\\/\"},{\"@type\":\"ListItem\",\"position\":2,\"name\":\"Shop\",\"item\":\"https:\\\/\\\/colourofstone.com\\\/es\\\/shop\\\/\"},{\"@type\":\"ListItem\",\"position\":3,\"name\":\"Granito\",\"item\":\"https:\\\/\\\/colourofstone.com\\\/es\\\/material\\\/granito\\\/\"},{\"@type\":\"ListItem\",\"position\":4,\"name\":\"Nordic Sunset\"}]},{\"@type\":\"WebSite\",\"@id\":\"https:\\\/\\\/colourofstone.com\\\/es\\\/#website\",\"url\":\"https:\\\/\\\/colourofstone.com\\\/es\\\/\",\"name\":\"Colour of Stone\",\"description\":\"Fliesen, Haus und Garten Produkte aus Naturstein - Online Shop\",\"publisher\":{\"@id\":\"https:\\\/\\\/colourofstone.com\\\/es\\\/#organization\"},\"potentialAction\":[{\"@type\":\"SearchAction\",\"target\":{\"@type\":\"EntryPoint\",\"urlTemplate\":\"https:\\\/\\\/colourofstone.com\\\/es\\\/?s={search_term_string}\"},\"query-input\":{\"@type\":\"PropertyValueSpecification\",\"valueRequired\":true,\"valueName\":\"search_term_string\"}}],\"inLanguage\":\"es\"},{\"@type\":\"Organization\",\"@id\":\"https:\\\/\\\/colourofstone.com\\\/es\\\/#organization\",\"name\":\"Colour of Stone GmbH\",\"url\":\"https:\\\/\\\/colourofstone.com\\\/es\\\/\",\"logo\":{\"@type\":\"ImageObject\",\"inLanguage\":\"es\",\"@id\":\"https:\\\/\\\/colourofstone.com\\\/es\\\/#\\\/schema\\\/logo\\\/image\\\/\",\"url\":\"https:\\\/\\\/colourofstone.com\\\/wp-content\\\/uploads\\\/99FC1526-DF3B-44F1-9816-9278D3194252-scaled.jpeg\",\"contentUrl\":\"https:\\\/\\\/colourofstone.com\\\/wp-content\\\/uploads\\\/99FC1526-DF3B-44F1-9816-9278D3194252-scaled.jpeg\",\"width\":2125,\"height\":2560,\"caption\":\"Colour of Stone GmbH\"},\"image\":{\"@id\":\"https:\\\/\\\/colourofstone.com\\\/es\\\/#\\\/schema\\\/logo\\\/image\\\/\"},\"sameAs\":[\"https:\\\/\\\/www.instagram.com\\\/colourofstone\\\/\"]}]}<\/script>\n<!-- \/ Yoast SEO plugin. -->","yoast_head_json":{"title":"Nordic Sunset - Granito Azulejos env\u00edo gratis - Colour of Stone","description":"Nordic Sunset encanta con su mezcla contrastada de minerales. Sus tonos de color negro, blanco y rojo son un reclamo \u00fanico. Se puede sentir literalmente ...","robots":{"index":"index","follow":"follow","max-snippet":"max-snippet:-1","max-image-preview":"max-image-preview:large","max-video-preview":"max-video-preview:-1"},"canonical":"https:\/\/colourofstone.com\/es\/shop\/piedra-natural\/azulejos\/nordic-sunset\/","og_locale":"es_ES","og_type":"article","og_title":"Nordic Sunset - Granito Azulejos env\u00edo gratis - Colour of Stone","og_description":"Nordic Sunset encanta con su mezcla contrastada de minerales. Sus tonos de color negro, blanco y rojo son un reclamo \u00fanico. Se puede sentir literalmente ...","og_url":"https:\/\/colourofstone.com\/es\/shop\/piedra-natural\/azulejos\/nordic-sunset\/","og_site_name":"Colour of Stone","article_modified_time":"2023-02-11T17:13:26+00:00","og_image":[{"width":1600,"height":1600,"url":"https:\/\/colourofstone.com\/wp-content\/uploads\/NordicSunset2-1600.jpg","type":"image\/jpeg"}],"twitter_card":"summary_large_image","schema":{"@context":"https:\/\/schema.org","@graph":[{"@type":"WebPage","@id":"https:\/\/colourofstone.com\/es\/shop\/piedra-natural\/azulejos\/nordic-sunset\/","url":"https:\/\/colourofstone.com\/es\/shop\/piedra-natural\/azulejos\/nordic-sunset\/","name":"Nordic Sunset - Granito Azulejos env\u00edo gratis - Colour of Stone","isPartOf":{"@id":"https:\/\/colourofstone.com\/es\/#website"},"primaryImageOfPage":{"@id":"https:\/\/colourofstone.com\/es\/shop\/piedra-natural\/azulejos\/nordic-sunset\/#primaryimage"},"image":{"@id":"https:\/\/colourofstone.com\/es\/shop\/piedra-natural\/azulejos\/nordic-sunset\/#primaryimage"},"thumbnailUrl":"https:\/\/colourofstone.com\/wp-content\/uploads\/NordicSunset2-1600.jpg","datePublished":"2021-11-12T19:42:33+00:00","dateModified":"2023-02-11T17:13:26+00:00","description":"Nordic Sunset encanta con su mezcla contrastada de minerales. Sus tonos de color negro, blanco y rojo son un reclamo \u00fanico. Se puede sentir literalmente ...","breadcrumb":{"@id":"https:\/\/colourofstone.com\/es\/shop\/piedra-natural\/azulejos\/nordic-sunset\/#breadcrumb"},"inLanguage":"es","potentialAction":[{"@type":"ReadAction","target":["https:\/\/colourofstone.com\/es\/shop\/piedra-natural\/azulejos\/nordic-sunset\/"]}]},{"@type":"ImageObject","inLanguage":"es","@id":"https:\/\/colourofstone.com\/es\/shop\/piedra-natural\/azulejos\/nordic-sunset\/#primaryimage","url":"https:\/\/colourofstone.com\/wp-content\/uploads\/NordicSunset2-1600.jpg","contentUrl":"https:\/\/colourofstone.com\/wp-content\/uploads\/NordicSunset2-1600.jpg","width":1600,"height":1600,"caption":"Nordic Sunset"},{"@type":"BreadcrumbList","@id":"https:\/\/colourofstone.com\/es\/shop\/piedra-natural\/azulejos\/nordic-sunset\/#breadcrumb","itemListElement":[{"@type":"ListItem","position":1,"name":"Home","item":"https:\/\/colourofstone.com\/es\/"},{"@type":"ListItem","position":2,"name":"Shop","item":"https:\/\/colourofstone.com\/es\/shop\/"},{"@type":"ListItem","position":3,"name":"Granito","item":"https:\/\/colourofstone.com\/es\/material\/granito\/"},{"@type":"ListItem","position":4,"name":"Nordic Sunset"}]},{"@type":"WebSite","@id":"https:\/\/colourofstone.com\/es\/#website","url":"https:\/\/colourofstone.com\/es\/","name":"Colour of Stone","description":"Fliesen, Haus und Garten Produkte aus Naturstein - Online Shop","publisher":{"@id":"https:\/\/colourofstone.com\/es\/#organization"},"potentialAction":[{"@type":"SearchAction","target":{"@type":"EntryPoint","urlTemplate":"https:\/\/colourofstone.com\/es\/?s={search_term_string}"},"query-input":{"@type":"PropertyValueSpecification","valueRequired":true,"valueName":"search_term_string"}}],"inLanguage":"es"},{"@type":"Organization","@id":"https:\/\/colourofstone.com\/es\/#organization","name":"Colour of Stone GmbH","url":"https:\/\/colourofstone.com\/es\/","logo":{"@type":"ImageObject","inLanguage":"es","@id":"https:\/\/colourofstone.com\/es\/#\/schema\/logo\/image\/","url":"https:\/\/colourofstone.com\/wp-content\/uploads\/99FC1526-DF3B-44F1-9816-9278D3194252-scaled.jpeg","contentUrl":"https:\/\/colourofstone.com\/wp-content\/uploads\/99FC1526-DF3B-44F1-9816-9278D3194252-scaled.jpeg","width":2125,"height":2560,"caption":"Colour of Stone GmbH"},"image":{"@id":"https:\/\/colourofstone.com\/es\/#\/schema\/logo\/image\/"},"sameAs":["https:\/\/www.instagram.com\/colourofstone\/"]}]}},"_links":{"self":[{"href":"https:\/\/colourofstone.com\/es\/wp-json\/wp\/v2\/product\/40288","targetHints":{"allow":["GET"]}}],"collection":[{"href":"https:\/\/colourofstone.com\/es\/wp-json\/wp\/v2\/product"}],"about":[{"href":"https:\/\/colourofstone.com\/es\/wp-json\/wp\/v2\/types\/product"}],"wp:featuredmedia":[{"embeddable":true,"href":"https:\/\/colourofstone.com\/es\/wp-json\/wp\/v2\/media\/45343"}],"wp:attachment":[{"href":"https:\/\/colourofstone.com\/es\/wp-json\/wp\/v2\/media?parent=40288"}],"wp:term":[{"taxonomy":"product_brand","embeddable":true,"href":"https:\/\/colourofstone.com\/es\/wp-json\/wp\/v2\/product_brand?post=40288"},{"taxonomy":"product_cat","embeddable":true,"href":"https:\/\/colourofstone.com\/es\/wp-json\/wp\/v2\/product_cat?post=40288"},{"taxonomy":"product_tag","embeddable":true,"href":"https:\/\/colourofstone.com\/es\/wp-json\/wp\/v2\/product_tag?post=40288"}],"curies":[{"name":"wp","href":"https:\/\/api.w.org\/{rel}","templated":true}]}}