{"id":50575,"date":"2022-11-03T10:52:44","date_gmt":"2022-11-03T10:54:04","guid":{"rendered":"https:\/\/colourofstone.com\/?post_type=product&#038;p=50575"},"modified":"2023-02-11T12:30:56","modified_gmt":"2023-02-11T12:30:56","slug":"travertino-romano-classico-poros-cerrados","status":"publish","type":"product","link":"https:\/\/colourofstone.com\/es\/shop\/piedra-natural\/pavimento-es\/travertino-romano-classico-poros-cerrados\/","title":{"rendered":"Travertino Romano Classico (poros cerrados)"},"content":{"rendered":"<p>Travertino Romano Classico es un travertino beige. Debido a su estructura de rayas homog\u00e9nea con sus poros llenos, Travertino Romano Classico est\u00e1 envuelto por un aura m\u00edstica. Es una piedra natural minimalista y discreta para un estilo de vida moderno. En algunas situaciones tambi\u00e9n est\u00e1 disponible con una estructura turbia. Esta piedra natural se extrae en las canteras de Tivoli cerca de Roma. Desafortunadamente, el travertino de otros pa\u00edses a menudo se vende incorrectamente como el original.<\/p>\n<p>&nbsp;<\/p>\n<p>El travertino siempre se entrega lleno. Las consultas sobre el travertino de poros abiertos se pueden enviar por correo electr\u00f3nico.<\/p>\n<p>&nbsp;<\/p>\n<p>Esta piedra natural no es resistente a las heladas ni a los \u00e1cidos. Es perfectamente adecuado para interiores. Con la sensibilidad y el conocimiento adecuados, esta piedra natural tambi\u00e9n se puede utilizar en otras \u00e1reas.<\/p>\n\n        <script>\n        function toggleInchInfo(el) {\n            const infoBox = el.nextElementSibling;\n            if (infoBox.style.display === \"none\") {\n                infoBox.style.display = \"inline\";\n            } else {\n                infoBox.style.display = \"none\";\n            }\n        }\n        <\/script>\n        <style>\n            .cm-info {\n                cursor: pointer;\n                color: #0073aa;\n                font-weight: bold;\n                margin-left: 4px;\n            }\n            .inch-info {\n                display: none;\n                background: #f8f8f8;\n                border: 1px solid #ccc;\n                padding: 4px 8px;\n                margin-left: 5px;\n                font-size: 0.9em;\n                border-radius: 4px;\n            }\n        <\/style>","protected":false},"excerpt":{"rendered":"<p>Travertino Romano Classico es un travertino beige. Debido a su estructura de rayas homog\u00e9nea con sus poros llenos, Travertino Romano Classico est\u00e1 envuelto por un aura m\u00edstica. Es una piedra natural minimalista y discreta para un estilo de vida moderno. En algunas situaciones tambi\u00e9n est\u00e1 disponible con una estructura turbia. Esta piedra natural se extrae <a href=\"https:\/\/colourofstone.com\/es\/shop\/piedra-natural\/pavimento-es\/travertino-romano-classico-poros-cerrados\/\" class=\"more-link\">&#8230;<\/a><\/p>\n","protected":false},"featured_media":29003,"template":"","meta":[],"product_brand":[],"product_cat":[2349],"product_tag":[],"class_list":{"0":"post-50575","1":"product","2":"type-product","3":"status-publish","4":"has-post-thumbnail","6":"product_cat-pavimento-es","7":"product_shipping_class-tiempo-de-entrega-aprox-3-semanas","8":"pa_farbe-beige","9":"pa_farbe-claro","10":"pa_masseinheit-30-x-30-cm","11":"pa_masseinheit-60-x-30-cm","12":"pa_masseinheit-40-x-40-cm","13":"pa_masseinheit-60-x-40-cm","14":"pa_masseinheit-60-x-60-cm","15":"pa_material-travertino","16":"pa_oberflaeche-pulido","17":"pa_oberflaeche-lijado","18":"pa_oberflaeche-cepillado","20":"first","21":"instock","22":"taxable","23":"shipping-taxable","24":"purchasable","25":"product-type-variable","26":"has-default-attributes"},"yoast_head":"<!-- This site is optimized with the Yoast SEO plugin v27.4 - https:\/\/yoast.com\/product\/yoast-seo-wordpress\/ -->\n<title>Travertino Romano Classico (poros cerrados) - Travertino Pavimento env\u00edo gratis - Colour of Stone<\/title>\n<meta name=\"description\" content=\"Travertino Romano Classico es un travertino beige. Debido a su estructura de rayas homog\u00e9nea con sus poros llenos, Travertino Romano Classico est\u00e1 ...\" \/>\n<meta name=\"robots\" content=\"index, follow, max-snippet:-1, max-image-preview:large, max-video-preview:-1\" \/>\n<link rel=\"canonical\" href=\"https:\/\/colourofstone.com\/es\/shop\/piedra-natural\/pavimento-es\/travertino-romano-classico-poros-cerrados\/\" \/>\n<meta property=\"og:locale\" content=\"es_ES\" \/>\n<meta property=\"og:type\" content=\"article\" \/>\n<meta property=\"og:title\" content=\"Travertino Romano Classico (poros cerrados) - Travertino Pavimento env\u00edo gratis - Colour of Stone\" \/>\n<meta property=\"og:description\" content=\"Travertino Romano Classico es un travertino beige. Debido a su estructura de rayas homog\u00e9nea con sus poros llenos, Travertino Romano Classico est\u00e1 ...\" \/>\n<meta property=\"og:url\" content=\"https:\/\/colourofstone.com\/es\/shop\/piedra-natural\/pavimento-es\/travertino-romano-classico-poros-cerrados\/\" \/>\n<meta property=\"og:site_name\" content=\"Colour of Stone\" \/>\n<meta property=\"article:modified_time\" content=\"2023-02-11T12:30:56+00:00\" \/>\n<meta property=\"og:image\" content=\"https:\/\/colourofstone.com\/wp-content\/uploads\/Travertino-Classico-Romano-901_1.jpg\" \/>\n\t<meta property=\"og:image:width\" content=\"1600\" \/>\n\t<meta property=\"og:image:height\" content=\"1600\" \/>\n\t<meta property=\"og:image:type\" content=\"image\/jpeg\" \/>\n<meta name=\"twitter:card\" content=\"summary_large_image\" \/>\n<meta name=\"twitter:label1\" content=\"Tiempo de lectura\" \/>\n\t<meta name=\"twitter:data1\" content=\"1 minuto\" \/>\n<script type=\"application\/ld+json\" class=\"yoast-schema-graph\">{\"@context\":\"https:\\\/\\\/schema.org\",\"@graph\":[{\"@type\":\"WebPage\",\"@id\":\"https:\\\/\\\/colourofstone.com\\\/es\\\/shop\\\/piedra-natural\\\/pavimento-es\\\/travertino-romano-classico-poros-cerrados\\\/\",\"url\":\"https:\\\/\\\/colourofstone.com\\\/es\\\/shop\\\/piedra-natural\\\/pavimento-es\\\/travertino-romano-classico-poros-cerrados\\\/\",\"name\":\"Travertino Romano Classico (poros cerrados) - Travertino Pavimento env\u00edo gratis - Colour of Stone\",\"isPartOf\":{\"@id\":\"https:\\\/\\\/colourofstone.com\\\/es\\\/#website\"},\"primaryImageOfPage\":{\"@id\":\"https:\\\/\\\/colourofstone.com\\\/es\\\/shop\\\/piedra-natural\\\/pavimento-es\\\/travertino-romano-classico-poros-cerrados\\\/#primaryimage\"},\"image\":{\"@id\":\"https:\\\/\\\/colourofstone.com\\\/es\\\/shop\\\/piedra-natural\\\/pavimento-es\\\/travertino-romano-classico-poros-cerrados\\\/#primaryimage\"},\"thumbnailUrl\":\"https:\\\/\\\/colourofstone.com\\\/wp-content\\\/uploads\\\/Travertino-Classico-Romano-901_1.jpg\",\"datePublished\":\"2022-11-03T10:54:04+00:00\",\"dateModified\":\"2023-02-11T12:30:56+00:00\",\"description\":\"Travertino Romano Classico es un travertino beige. Debido a su estructura de rayas homog\u00e9nea con sus poros llenos, Travertino Romano Classico est\u00e1 ...\",\"breadcrumb\":{\"@id\":\"https:\\\/\\\/colourofstone.com\\\/es\\\/shop\\\/piedra-natural\\\/pavimento-es\\\/travertino-romano-classico-poros-cerrados\\\/#breadcrumb\"},\"inLanguage\":\"es\",\"potentialAction\":[{\"@type\":\"ReadAction\",\"target\":[\"https:\\\/\\\/colourofstone.com\\\/es\\\/shop\\\/piedra-natural\\\/pavimento-es\\\/travertino-romano-classico-poros-cerrados\\\/\"]}]},{\"@type\":\"ImageObject\",\"inLanguage\":\"es\",\"@id\":\"https:\\\/\\\/colourofstone.com\\\/es\\\/shop\\\/piedra-natural\\\/pavimento-es\\\/travertino-romano-classico-poros-cerrados\\\/#primaryimage\",\"url\":\"https:\\\/\\\/colourofstone.com\\\/wp-content\\\/uploads\\\/Travertino-Classico-Romano-901_1.jpg\",\"contentUrl\":\"https:\\\/\\\/colourofstone.com\\\/wp-content\\\/uploads\\\/Travertino-Classico-Romano-901_1.jpg\",\"width\":1600,\"height\":1600,\"caption\":\"Travertino Classico Romano\"},{\"@type\":\"BreadcrumbList\",\"@id\":\"https:\\\/\\\/colourofstone.com\\\/es\\\/shop\\\/piedra-natural\\\/pavimento-es\\\/travertino-romano-classico-poros-cerrados\\\/#breadcrumb\",\"itemListElement\":[{\"@type\":\"ListItem\",\"position\":1,\"name\":\"Home\",\"item\":\"https:\\\/\\\/colourofstone.com\\\/es\\\/\"},{\"@type\":\"ListItem\",\"position\":2,\"name\":\"Shop\",\"item\":\"https:\\\/\\\/colourofstone.com\\\/es\\\/shop\\\/\"},{\"@type\":\"ListItem\",\"position\":3,\"name\":\"Travertino\",\"item\":\"https:\\\/\\\/colourofstone.com\\\/es\\\/material\\\/travertino\\\/\"},{\"@type\":\"ListItem\",\"position\":4,\"name\":\"Travertino Romano Classico (poros cerrados)\"}]},{\"@type\":\"WebSite\",\"@id\":\"https:\\\/\\\/colourofstone.com\\\/es\\\/#website\",\"url\":\"https:\\\/\\\/colourofstone.com\\\/es\\\/\",\"name\":\"Colour of Stone\",\"description\":\"Fliesen, Haus und Garten Produkte aus Naturstein - Online Shop\",\"publisher\":{\"@id\":\"https:\\\/\\\/colourofstone.com\\\/es\\\/#organization\"},\"potentialAction\":[{\"@type\":\"SearchAction\",\"target\":{\"@type\":\"EntryPoint\",\"urlTemplate\":\"https:\\\/\\\/colourofstone.com\\\/es\\\/?s={search_term_string}\"},\"query-input\":{\"@type\":\"PropertyValueSpecification\",\"valueRequired\":true,\"valueName\":\"search_term_string\"}}],\"inLanguage\":\"es\"},{\"@type\":\"Organization\",\"@id\":\"https:\\\/\\\/colourofstone.com\\\/es\\\/#organization\",\"name\":\"Colour of Stone GmbH\",\"url\":\"https:\\\/\\\/colourofstone.com\\\/es\\\/\",\"logo\":{\"@type\":\"ImageObject\",\"inLanguage\":\"es\",\"@id\":\"https:\\\/\\\/colourofstone.com\\\/es\\\/#\\\/schema\\\/logo\\\/image\\\/\",\"url\":\"https:\\\/\\\/colourofstone.com\\\/wp-content\\\/uploads\\\/99FC1526-DF3B-44F1-9816-9278D3194252-scaled.jpeg\",\"contentUrl\":\"https:\\\/\\\/colourofstone.com\\\/wp-content\\\/uploads\\\/99FC1526-DF3B-44F1-9816-9278D3194252-scaled.jpeg\",\"width\":2125,\"height\":2560,\"caption\":\"Colour of Stone GmbH\"},\"image\":{\"@id\":\"https:\\\/\\\/colourofstone.com\\\/es\\\/#\\\/schema\\\/logo\\\/image\\\/\"},\"sameAs\":[\"https:\\\/\\\/www.instagram.com\\\/colourofstone\\\/\"]}]}<\/script>\n<!-- \/ Yoast SEO plugin. -->","yoast_head_json":{"title":"Travertino Romano Classico (poros cerrados) - Travertino Pavimento env\u00edo gratis - Colour of Stone","description":"Travertino Romano Classico es un travertino beige. Debido a su estructura de rayas homog\u00e9nea con sus poros llenos, Travertino Romano Classico est\u00e1 ...","robots":{"index":"index","follow":"follow","max-snippet":"max-snippet:-1","max-image-preview":"max-image-preview:large","max-video-preview":"max-video-preview:-1"},"canonical":"https:\/\/colourofstone.com\/es\/shop\/piedra-natural\/pavimento-es\/travertino-romano-classico-poros-cerrados\/","og_locale":"es_ES","og_type":"article","og_title":"Travertino Romano Classico (poros cerrados) - Travertino Pavimento env\u00edo gratis - Colour of Stone","og_description":"Travertino Romano Classico es un travertino beige. Debido a su estructura de rayas homog\u00e9nea con sus poros llenos, Travertino Romano Classico est\u00e1 ...","og_url":"https:\/\/colourofstone.com\/es\/shop\/piedra-natural\/pavimento-es\/travertino-romano-classico-poros-cerrados\/","og_site_name":"Colour of Stone","article_modified_time":"2023-02-11T12:30:56+00:00","og_image":[{"width":1600,"height":1600,"url":"https:\/\/colourofstone.com\/wp-content\/uploads\/Travertino-Classico-Romano-901_1.jpg","type":"image\/jpeg"}],"twitter_card":"summary_large_image","twitter_misc":{"Tiempo de lectura":"1 minuto"},"schema":{"@context":"https:\/\/schema.org","@graph":[{"@type":"WebPage","@id":"https:\/\/colourofstone.com\/es\/shop\/piedra-natural\/pavimento-es\/travertino-romano-classico-poros-cerrados\/","url":"https:\/\/colourofstone.com\/es\/shop\/piedra-natural\/pavimento-es\/travertino-romano-classico-poros-cerrados\/","name":"Travertino Romano Classico (poros cerrados) - Travertino Pavimento env\u00edo gratis - Colour of Stone","isPartOf":{"@id":"https:\/\/colourofstone.com\/es\/#website"},"primaryImageOfPage":{"@id":"https:\/\/colourofstone.com\/es\/shop\/piedra-natural\/pavimento-es\/travertino-romano-classico-poros-cerrados\/#primaryimage"},"image":{"@id":"https:\/\/colourofstone.com\/es\/shop\/piedra-natural\/pavimento-es\/travertino-romano-classico-poros-cerrados\/#primaryimage"},"thumbnailUrl":"https:\/\/colourofstone.com\/wp-content\/uploads\/Travertino-Classico-Romano-901_1.jpg","datePublished":"2022-11-03T10:54:04+00:00","dateModified":"2023-02-11T12:30:56+00:00","description":"Travertino Romano Classico es un travertino beige. Debido a su estructura de rayas homog\u00e9nea con sus poros llenos, Travertino Romano Classico est\u00e1 ...","breadcrumb":{"@id":"https:\/\/colourofstone.com\/es\/shop\/piedra-natural\/pavimento-es\/travertino-romano-classico-poros-cerrados\/#breadcrumb"},"inLanguage":"es","potentialAction":[{"@type":"ReadAction","target":["https:\/\/colourofstone.com\/es\/shop\/piedra-natural\/pavimento-es\/travertino-romano-classico-poros-cerrados\/"]}]},{"@type":"ImageObject","inLanguage":"es","@id":"https:\/\/colourofstone.com\/es\/shop\/piedra-natural\/pavimento-es\/travertino-romano-classico-poros-cerrados\/#primaryimage","url":"https:\/\/colourofstone.com\/wp-content\/uploads\/Travertino-Classico-Romano-901_1.jpg","contentUrl":"https:\/\/colourofstone.com\/wp-content\/uploads\/Travertino-Classico-Romano-901_1.jpg","width":1600,"height":1600,"caption":"Travertino Classico Romano"},{"@type":"BreadcrumbList","@id":"https:\/\/colourofstone.com\/es\/shop\/piedra-natural\/pavimento-es\/travertino-romano-classico-poros-cerrados\/#breadcrumb","itemListElement":[{"@type":"ListItem","position":1,"name":"Home","item":"https:\/\/colourofstone.com\/es\/"},{"@type":"ListItem","position":2,"name":"Shop","item":"https:\/\/colourofstone.com\/es\/shop\/"},{"@type":"ListItem","position":3,"name":"Travertino","item":"https:\/\/colourofstone.com\/es\/material\/travertino\/"},{"@type":"ListItem","position":4,"name":"Travertino Romano Classico (poros cerrados)"}]},{"@type":"WebSite","@id":"https:\/\/colourofstone.com\/es\/#website","url":"https:\/\/colourofstone.com\/es\/","name":"Colour of Stone","description":"Fliesen, Haus und Garten Produkte aus Naturstein - Online Shop","publisher":{"@id":"https:\/\/colourofstone.com\/es\/#organization"},"potentialAction":[{"@type":"SearchAction","target":{"@type":"EntryPoint","urlTemplate":"https:\/\/colourofstone.com\/es\/?s={search_term_string}"},"query-input":{"@type":"PropertyValueSpecification","valueRequired":true,"valueName":"search_term_string"}}],"inLanguage":"es"},{"@type":"Organization","@id":"https:\/\/colourofstone.com\/es\/#organization","name":"Colour of Stone GmbH","url":"https:\/\/colourofstone.com\/es\/","logo":{"@type":"ImageObject","inLanguage":"es","@id":"https:\/\/colourofstone.com\/es\/#\/schema\/logo\/image\/","url":"https:\/\/colourofstone.com\/wp-content\/uploads\/99FC1526-DF3B-44F1-9816-9278D3194252-scaled.jpeg","contentUrl":"https:\/\/colourofstone.com\/wp-content\/uploads\/99FC1526-DF3B-44F1-9816-9278D3194252-scaled.jpeg","width":2125,"height":2560,"caption":"Colour of Stone GmbH"},"image":{"@id":"https:\/\/colourofstone.com\/es\/#\/schema\/logo\/image\/"},"sameAs":["https:\/\/www.instagram.com\/colourofstone\/"]}]}},"_links":{"self":[{"href":"https:\/\/colourofstone.com\/es\/wp-json\/wp\/v2\/product\/50575","targetHints":{"allow":["GET"]}}],"collection":[{"href":"https:\/\/colourofstone.com\/es\/wp-json\/wp\/v2\/product"}],"about":[{"href":"https:\/\/colourofstone.com\/es\/wp-json\/wp\/v2\/types\/product"}],"wp:featuredmedia":[{"embeddable":true,"href":"https:\/\/colourofstone.com\/es\/wp-json\/wp\/v2\/media\/29003"}],"wp:attachment":[{"href":"https:\/\/colourofstone.com\/es\/wp-json\/wp\/v2\/media?parent=50575"}],"wp:term":[{"taxonomy":"product_brand","embeddable":true,"href":"https:\/\/colourofstone.com\/es\/wp-json\/wp\/v2\/product_brand?post=50575"},{"taxonomy":"product_cat","embeddable":true,"href":"https:\/\/colourofstone.com\/es\/wp-json\/wp\/v2\/product_cat?post=50575"},{"taxonomy":"product_tag","embeddable":true,"href":"https:\/\/colourofstone.com\/es\/wp-json\/wp\/v2\/product_tag?post=50575"}],"curies":[{"name":"wp","href":"https:\/\/api.w.org\/{rel}","templated":true}]}}