{"id":52531,"date":"2022-11-15T07:08:32","date_gmt":"2022-11-15T07:09:44","guid":{"rendered":"https:\/\/colourofstone.com\/?post_type=product&#038;p=52531"},"modified":"2023-02-11T10:24:20","modified_gmt":"2023-02-11T10:24:20","slug":"travertino-noce-poros-cerrados","status":"publish","type":"product","link":"https:\/\/colourofstone.com\/es\/shop\/piedra-natural\/pavimento-es\/travertino-noce-poros-cerrados\/","title":{"rendered":"Travertino Noce (poros cerrados)"},"content":{"rendered":"<p>Travertino Noce tiene un color marr\u00f3n c\u00e1lido. Travertino Noce irradia un ambiente confortable. Su estructura clara con sus poros llenos es perfecta en cualquier situaci\u00f3n de decoraci\u00f3n. Esta piedra muy fina se extrae en Tivoli, cerca de Roma.<\/p>\n<p>&nbsp;<\/p>\n<p>El travertino siempre se entrega lleno. Las consultas sobre el travertino de poros abiertos se pueden enviar por correo electr\u00f3nico.<\/p>\n<p>&nbsp;<\/p>\n<p>Esta piedra natural no es resistente a las heladas ni a los \u00e1cidos. Es perfectamente adecuado para interiores. Con la sensibilidad y el conocimiento adecuados, esta piedra natural tambi\u00e9n se puede utilizar en otras \u00e1reas.<\/p>\n\n        <script>\n        function toggleInchInfo(el) {\n            const infoBox = el.nextElementSibling;\n            if (infoBox.style.display === \"none\") {\n                infoBox.style.display = \"inline\";\n            } else {\n                infoBox.style.display = \"none\";\n            }\n        }\n        <\/script>\n        <style>\n            .cm-info {\n                cursor: pointer;\n                color: #0073aa;\n                font-weight: bold;\n                margin-left: 4px;\n            }\n            .inch-info {\n                display: none;\n                background: #f8f8f8;\n                border: 1px solid #ccc;\n                padding: 4px 8px;\n                margin-left: 5px;\n                font-size: 0.9em;\n                border-radius: 4px;\n            }\n        <\/style>","protected":false},"excerpt":{"rendered":"<p>Travertino Noce tiene un color marr\u00f3n c\u00e1lido. Travertino Noce irradia un ambiente confortable. Su estructura clara con sus poros llenos es perfecta en cualquier situaci\u00f3n de decoraci\u00f3n. Esta piedra muy fina se extrae en Tivoli, cerca de Roma. &nbsp; El travertino siempre se entrega lleno. Las consultas sobre el travertino de poros abiertos se pueden <a href=\"https:\/\/colourofstone.com\/es\/shop\/piedra-natural\/pavimento-es\/travertino-noce-poros-cerrados\/\" class=\"more-link\">&#8230;<\/a><\/p>\n","protected":false},"featured_media":29045,"template":"","meta":[],"product_brand":[],"product_cat":[2349],"product_tag":[],"class_list":{"0":"post-52531","1":"product","2":"type-product","3":"status-publish","4":"has-post-thumbnail","6":"product_cat-pavimento-es","7":"product_shipping_class-tiempo-de-entrega-aprox-3-semanas","8":"pa_farbe-beige","9":"pa_farbe-marron","10":"pa_farbe-oscuro","11":"pa_farbe-claro","12":"pa_masseinheit-30-x-30-cm","13":"pa_masseinheit-60-x-30-cm","14":"pa_masseinheit-40-x-40-cm","15":"pa_masseinheit-60-x-40-cm","16":"pa_masseinheit-60-x-60-cm","17":"pa_material-travertino","18":"pa_oberflaeche-pulido","19":"pa_oberflaeche-lijado","20":"pa_oberflaeche-cepillado","22":"first","23":"instock","24":"taxable","25":"shipping-taxable","26":"purchasable","27":"product-type-variable","28":"has-default-attributes"},"yoast_head":"<!-- This site is optimized with the Yoast SEO plugin v27.4 - https:\/\/yoast.com\/product\/yoast-seo-wordpress\/ -->\n<title>Travertino Noce (poros cerrados) - Travertino Pavimento env\u00edo gratis - Colour of Stone<\/title>\n<meta name=\"description\" content=\"Travertino Noce tiene un color marr\u00f3n c\u00e1lido. Travertino Noce irradia un ambiente confortable. Su estructura clara con sus poros llenos es perfecta en ...\" \/>\n<meta name=\"robots\" content=\"index, follow, max-snippet:-1, max-image-preview:large, max-video-preview:-1\" \/>\n<link rel=\"canonical\" href=\"https:\/\/colourofstone.com\/es\/shop\/piedra-natural\/pavimento-es\/travertino-noce-poros-cerrados\/\" \/>\n<meta property=\"og:locale\" content=\"es_ES\" \/>\n<meta property=\"og:type\" content=\"article\" \/>\n<meta property=\"og:title\" content=\"Travertino Noce (poros cerrados) - Travertino Pavimento env\u00edo gratis - Colour of Stone\" \/>\n<meta property=\"og:description\" content=\"Travertino Noce tiene un color marr\u00f3n c\u00e1lido. Travertino Noce irradia un ambiente confortable. Su estructura clara con sus poros llenos es perfecta en ...\" \/>\n<meta property=\"og:url\" content=\"https:\/\/colourofstone.com\/es\/shop\/piedra-natural\/pavimento-es\/travertino-noce-poros-cerrados\/\" \/>\n<meta property=\"og:site_name\" content=\"Colour of Stone\" \/>\n<meta property=\"article:modified_time\" content=\"2023-02-11T10:24:20+00:00\" \/>\n<meta property=\"og:image\" content=\"https:\/\/colourofstone.com\/wp-content\/uploads\/Travertino-Noce-901_1.jpg\" \/>\n\t<meta property=\"og:image:width\" content=\"1600\" \/>\n\t<meta property=\"og:image:height\" content=\"1600\" \/>\n\t<meta property=\"og:image:type\" content=\"image\/jpeg\" \/>\n<meta name=\"twitter:card\" content=\"summary_large_image\" \/>\n<meta name=\"twitter:label1\" content=\"Tiempo de lectura\" \/>\n\t<meta name=\"twitter:data1\" content=\"1 minuto\" \/>\n<script type=\"application\/ld+json\" class=\"yoast-schema-graph\">{\"@context\":\"https:\\\/\\\/schema.org\",\"@graph\":[{\"@type\":\"WebPage\",\"@id\":\"https:\\\/\\\/colourofstone.com\\\/es\\\/shop\\\/piedra-natural\\\/pavimento-es\\\/travertino-noce-poros-cerrados\\\/\",\"url\":\"https:\\\/\\\/colourofstone.com\\\/es\\\/shop\\\/piedra-natural\\\/pavimento-es\\\/travertino-noce-poros-cerrados\\\/\",\"name\":\"Travertino Noce (poros cerrados) - Travertino Pavimento env\u00edo gratis - Colour of Stone\",\"isPartOf\":{\"@id\":\"https:\\\/\\\/colourofstone.com\\\/es\\\/#website\"},\"primaryImageOfPage\":{\"@id\":\"https:\\\/\\\/colourofstone.com\\\/es\\\/shop\\\/piedra-natural\\\/pavimento-es\\\/travertino-noce-poros-cerrados\\\/#primaryimage\"},\"image\":{\"@id\":\"https:\\\/\\\/colourofstone.com\\\/es\\\/shop\\\/piedra-natural\\\/pavimento-es\\\/travertino-noce-poros-cerrados\\\/#primaryimage\"},\"thumbnailUrl\":\"https:\\\/\\\/colourofstone.com\\\/wp-content\\\/uploads\\\/Travertino-Noce-901_1.jpg\",\"datePublished\":\"2022-11-15T07:09:44+00:00\",\"dateModified\":\"2023-02-11T10:24:20+00:00\",\"description\":\"Travertino Noce tiene un color marr\u00f3n c\u00e1lido. Travertino Noce irradia un ambiente confortable. Su estructura clara con sus poros llenos es perfecta en ...\",\"breadcrumb\":{\"@id\":\"https:\\\/\\\/colourofstone.com\\\/es\\\/shop\\\/piedra-natural\\\/pavimento-es\\\/travertino-noce-poros-cerrados\\\/#breadcrumb\"},\"inLanguage\":\"es\",\"potentialAction\":[{\"@type\":\"ReadAction\",\"target\":[\"https:\\\/\\\/colourofstone.com\\\/es\\\/shop\\\/piedra-natural\\\/pavimento-es\\\/travertino-noce-poros-cerrados\\\/\"]}]},{\"@type\":\"ImageObject\",\"inLanguage\":\"es\",\"@id\":\"https:\\\/\\\/colourofstone.com\\\/es\\\/shop\\\/piedra-natural\\\/pavimento-es\\\/travertino-noce-poros-cerrados\\\/#primaryimage\",\"url\":\"https:\\\/\\\/colourofstone.com\\\/wp-content\\\/uploads\\\/Travertino-Noce-901_1.jpg\",\"contentUrl\":\"https:\\\/\\\/colourofstone.com\\\/wp-content\\\/uploads\\\/Travertino-Noce-901_1.jpg\",\"width\":1600,\"height\":1600,\"caption\":\"Travertino Noce\"},{\"@type\":\"BreadcrumbList\",\"@id\":\"https:\\\/\\\/colourofstone.com\\\/es\\\/shop\\\/piedra-natural\\\/pavimento-es\\\/travertino-noce-poros-cerrados\\\/#breadcrumb\",\"itemListElement\":[{\"@type\":\"ListItem\",\"position\":1,\"name\":\"Home\",\"item\":\"https:\\\/\\\/colourofstone.com\\\/es\\\/\"},{\"@type\":\"ListItem\",\"position\":2,\"name\":\"Shop\",\"item\":\"https:\\\/\\\/colourofstone.com\\\/es\\\/shop\\\/\"},{\"@type\":\"ListItem\",\"position\":3,\"name\":\"Travertino\",\"item\":\"https:\\\/\\\/colourofstone.com\\\/es\\\/material\\\/travertino\\\/\"},{\"@type\":\"ListItem\",\"position\":4,\"name\":\"Travertino Noce (poros cerrados)\"}]},{\"@type\":\"WebSite\",\"@id\":\"https:\\\/\\\/colourofstone.com\\\/es\\\/#website\",\"url\":\"https:\\\/\\\/colourofstone.com\\\/es\\\/\",\"name\":\"Colour of Stone\",\"description\":\"Fliesen, Haus und Garten Produkte aus Naturstein - Online Shop\",\"publisher\":{\"@id\":\"https:\\\/\\\/colourofstone.com\\\/es\\\/#organization\"},\"potentialAction\":[{\"@type\":\"SearchAction\",\"target\":{\"@type\":\"EntryPoint\",\"urlTemplate\":\"https:\\\/\\\/colourofstone.com\\\/es\\\/?s={search_term_string}\"},\"query-input\":{\"@type\":\"PropertyValueSpecification\",\"valueRequired\":true,\"valueName\":\"search_term_string\"}}],\"inLanguage\":\"es\"},{\"@type\":\"Organization\",\"@id\":\"https:\\\/\\\/colourofstone.com\\\/es\\\/#organization\",\"name\":\"Colour of Stone GmbH\",\"url\":\"https:\\\/\\\/colourofstone.com\\\/es\\\/\",\"logo\":{\"@type\":\"ImageObject\",\"inLanguage\":\"es\",\"@id\":\"https:\\\/\\\/colourofstone.com\\\/es\\\/#\\\/schema\\\/logo\\\/image\\\/\",\"url\":\"https:\\\/\\\/colourofstone.com\\\/wp-content\\\/uploads\\\/99FC1526-DF3B-44F1-9816-9278D3194252-scaled.jpeg\",\"contentUrl\":\"https:\\\/\\\/colourofstone.com\\\/wp-content\\\/uploads\\\/99FC1526-DF3B-44F1-9816-9278D3194252-scaled.jpeg\",\"width\":2125,\"height\":2560,\"caption\":\"Colour of Stone GmbH\"},\"image\":{\"@id\":\"https:\\\/\\\/colourofstone.com\\\/es\\\/#\\\/schema\\\/logo\\\/image\\\/\"},\"sameAs\":[\"https:\\\/\\\/www.instagram.com\\\/colourofstone\\\/\"]}]}<\/script>\n<!-- \/ Yoast SEO plugin. -->","yoast_head_json":{"title":"Travertino Noce (poros cerrados) - Travertino Pavimento env\u00edo gratis - Colour of Stone","description":"Travertino Noce tiene un color marr\u00f3n c\u00e1lido. Travertino Noce irradia un ambiente confortable. Su estructura clara con sus poros llenos es perfecta en ...","robots":{"index":"index","follow":"follow","max-snippet":"max-snippet:-1","max-image-preview":"max-image-preview:large","max-video-preview":"max-video-preview:-1"},"canonical":"https:\/\/colourofstone.com\/es\/shop\/piedra-natural\/pavimento-es\/travertino-noce-poros-cerrados\/","og_locale":"es_ES","og_type":"article","og_title":"Travertino Noce (poros cerrados) - Travertino Pavimento env\u00edo gratis - Colour of Stone","og_description":"Travertino Noce tiene un color marr\u00f3n c\u00e1lido. Travertino Noce irradia un ambiente confortable. Su estructura clara con sus poros llenos es perfecta en ...","og_url":"https:\/\/colourofstone.com\/es\/shop\/piedra-natural\/pavimento-es\/travertino-noce-poros-cerrados\/","og_site_name":"Colour of Stone","article_modified_time":"2023-02-11T10:24:20+00:00","og_image":[{"width":1600,"height":1600,"url":"https:\/\/colourofstone.com\/wp-content\/uploads\/Travertino-Noce-901_1.jpg","type":"image\/jpeg"}],"twitter_card":"summary_large_image","twitter_misc":{"Tiempo de lectura":"1 minuto"},"schema":{"@context":"https:\/\/schema.org","@graph":[{"@type":"WebPage","@id":"https:\/\/colourofstone.com\/es\/shop\/piedra-natural\/pavimento-es\/travertino-noce-poros-cerrados\/","url":"https:\/\/colourofstone.com\/es\/shop\/piedra-natural\/pavimento-es\/travertino-noce-poros-cerrados\/","name":"Travertino Noce (poros cerrados) - Travertino Pavimento env\u00edo gratis - Colour of Stone","isPartOf":{"@id":"https:\/\/colourofstone.com\/es\/#website"},"primaryImageOfPage":{"@id":"https:\/\/colourofstone.com\/es\/shop\/piedra-natural\/pavimento-es\/travertino-noce-poros-cerrados\/#primaryimage"},"image":{"@id":"https:\/\/colourofstone.com\/es\/shop\/piedra-natural\/pavimento-es\/travertino-noce-poros-cerrados\/#primaryimage"},"thumbnailUrl":"https:\/\/colourofstone.com\/wp-content\/uploads\/Travertino-Noce-901_1.jpg","datePublished":"2022-11-15T07:09:44+00:00","dateModified":"2023-02-11T10:24:20+00:00","description":"Travertino Noce tiene un color marr\u00f3n c\u00e1lido. Travertino Noce irradia un ambiente confortable. Su estructura clara con sus poros llenos es perfecta en ...","breadcrumb":{"@id":"https:\/\/colourofstone.com\/es\/shop\/piedra-natural\/pavimento-es\/travertino-noce-poros-cerrados\/#breadcrumb"},"inLanguage":"es","potentialAction":[{"@type":"ReadAction","target":["https:\/\/colourofstone.com\/es\/shop\/piedra-natural\/pavimento-es\/travertino-noce-poros-cerrados\/"]}]},{"@type":"ImageObject","inLanguage":"es","@id":"https:\/\/colourofstone.com\/es\/shop\/piedra-natural\/pavimento-es\/travertino-noce-poros-cerrados\/#primaryimage","url":"https:\/\/colourofstone.com\/wp-content\/uploads\/Travertino-Noce-901_1.jpg","contentUrl":"https:\/\/colourofstone.com\/wp-content\/uploads\/Travertino-Noce-901_1.jpg","width":1600,"height":1600,"caption":"Travertino Noce"},{"@type":"BreadcrumbList","@id":"https:\/\/colourofstone.com\/es\/shop\/piedra-natural\/pavimento-es\/travertino-noce-poros-cerrados\/#breadcrumb","itemListElement":[{"@type":"ListItem","position":1,"name":"Home","item":"https:\/\/colourofstone.com\/es\/"},{"@type":"ListItem","position":2,"name":"Shop","item":"https:\/\/colourofstone.com\/es\/shop\/"},{"@type":"ListItem","position":3,"name":"Travertino","item":"https:\/\/colourofstone.com\/es\/material\/travertino\/"},{"@type":"ListItem","position":4,"name":"Travertino Noce (poros cerrados)"}]},{"@type":"WebSite","@id":"https:\/\/colourofstone.com\/es\/#website","url":"https:\/\/colourofstone.com\/es\/","name":"Colour of Stone","description":"Fliesen, Haus und Garten Produkte aus Naturstein - Online Shop","publisher":{"@id":"https:\/\/colourofstone.com\/es\/#organization"},"potentialAction":[{"@type":"SearchAction","target":{"@type":"EntryPoint","urlTemplate":"https:\/\/colourofstone.com\/es\/?s={search_term_string}"},"query-input":{"@type":"PropertyValueSpecification","valueRequired":true,"valueName":"search_term_string"}}],"inLanguage":"es"},{"@type":"Organization","@id":"https:\/\/colourofstone.com\/es\/#organization","name":"Colour of Stone GmbH","url":"https:\/\/colourofstone.com\/es\/","logo":{"@type":"ImageObject","inLanguage":"es","@id":"https:\/\/colourofstone.com\/es\/#\/schema\/logo\/image\/","url":"https:\/\/colourofstone.com\/wp-content\/uploads\/99FC1526-DF3B-44F1-9816-9278D3194252-scaled.jpeg","contentUrl":"https:\/\/colourofstone.com\/wp-content\/uploads\/99FC1526-DF3B-44F1-9816-9278D3194252-scaled.jpeg","width":2125,"height":2560,"caption":"Colour of Stone GmbH"},"image":{"@id":"https:\/\/colourofstone.com\/es\/#\/schema\/logo\/image\/"},"sameAs":["https:\/\/www.instagram.com\/colourofstone\/"]}]}},"_links":{"self":[{"href":"https:\/\/colourofstone.com\/es\/wp-json\/wp\/v2\/product\/52531","targetHints":{"allow":["GET"]}}],"collection":[{"href":"https:\/\/colourofstone.com\/es\/wp-json\/wp\/v2\/product"}],"about":[{"href":"https:\/\/colourofstone.com\/es\/wp-json\/wp\/v2\/types\/product"}],"wp:featuredmedia":[{"embeddable":true,"href":"https:\/\/colourofstone.com\/es\/wp-json\/wp\/v2\/media\/29045"}],"wp:attachment":[{"href":"https:\/\/colourofstone.com\/es\/wp-json\/wp\/v2\/media?parent=52531"}],"wp:term":[{"taxonomy":"product_brand","embeddable":true,"href":"https:\/\/colourofstone.com\/es\/wp-json\/wp\/v2\/product_brand?post=52531"},{"taxonomy":"product_cat","embeddable":true,"href":"https:\/\/colourofstone.com\/es\/wp-json\/wp\/v2\/product_cat?post=52531"},{"taxonomy":"product_tag","embeddable":true,"href":"https:\/\/colourofstone.com\/es\/wp-json\/wp\/v2\/product_tag?post=52531"}],"curies":[{"name":"wp","href":"https:\/\/api.w.org\/{rel}","templated":true}]}}