{"id":53471,"date":"2022-11-20T09:39:36","date_gmt":"2022-11-20T09:40:59","guid":{"rendered":"https:\/\/colourofstone.com\/?post_type=product&#038;p=53471"},"modified":"2023-02-11T10:21:24","modified_gmt":"2023-02-11T10:21:24","slug":"grigio-carnico-2cm","status":"publish","type":"product","link":"https:\/\/colourofstone.com\/es\/shop\/piedra-natural\/pavimento-es\/grigio-carnico-2cm\/","title":{"rendered":"Grigio Carnico"},"content":{"rendered":"<p>Grigio Carnico es un m\u00e1rmol gris con muchas vetas blancas intermitentes. Grigio Carnico es perfecto para pavimentos. La cantera se encuentra en la provincia de Udine, cerca de la ciudad de Carnia.<\/p>\n<p>&nbsp;<\/p>\n<p>Esta piedra natural no es resistente a las heladas ni a los \u00e1cidos. Es perfectamente adecuado para interiores. Con la sensibilidad y el conocimiento adecuados, esta piedra natural tambi\u00e9n se puede utilizar en otras \u00e1reas.<\/p>\n\n        <script>\n        function toggleInchInfo(el) {\n            const infoBox = el.nextElementSibling;\n            if (infoBox.style.display === \"none\") {\n                infoBox.style.display = \"inline\";\n            } else {\n                infoBox.style.display = \"none\";\n            }\n        }\n        <\/script>\n        <style>\n            .cm-info {\n                cursor: pointer;\n                color: #0073aa;\n                font-weight: bold;\n                margin-left: 4px;\n            }\n            .inch-info {\n                display: none;\n                background: #f8f8f8;\n                border: 1px solid #ccc;\n                padding: 4px 8px;\n                margin-left: 5px;\n                font-size: 0.9em;\n                border-radius: 4px;\n            }\n        <\/style>","protected":false},"excerpt":{"rendered":"<p>Grigio Carnico es un m\u00e1rmol gris con muchas vetas blancas intermitentes. Grigio Carnico es perfecto para pavimentos. La cantera se encuentra en la provincia de Udine, cerca de la ciudad de Carnia. &nbsp; Esta piedra natural no es resistente a las heladas ni a los \u00e1cidos. Es perfectamente adecuado para interiores. Con la sensibilidad y <a href=\"https:\/\/colourofstone.com\/es\/shop\/piedra-natural\/pavimento-es\/grigio-carnico-2cm\/\" class=\"more-link\">&#8230;<\/a><\/p>\n","protected":false},"featured_media":28149,"template":"","meta":[],"product_brand":[],"product_cat":[2349],"product_tag":[],"class_list":{"0":"post-53471","1":"product","2":"type-product","3":"status-publish","4":"has-post-thumbnail","6":"product_cat-pavimento-es","7":"product_shipping_class-tiempo-de-entrega-aprox-3-semanas","8":"pa_farbe-gris","9":"pa_farbe-negro","10":"pa_farbe-oscuro","11":"pa_masseinheit-30-x-30-cm","12":"pa_masseinheit-60-x-30-cm","13":"pa_masseinheit-40-x-40-cm","14":"pa_masseinheit-60-x-40-cm","15":"pa_masseinheit-60-x-60-cm","16":"pa_material-marmol","17":"pa_oberflaeche-pulido","18":"pa_oberflaeche-lijado","19":"pa_oberflaeche-cepillado","21":"first","22":"instock","23":"taxable","24":"shipping-taxable","25":"purchasable","26":"product-type-variable","27":"has-default-attributes"},"yoast_head":"<!-- This site is optimized with the Yoast SEO plugin v27.5 - https:\/\/yoast.com\/product\/yoast-seo-wordpress\/ -->\n<title>Grigio Carnico - M\u00e1rmol Pavimento env\u00edo gratis - Colour of Stone<\/title>\n<meta name=\"description\" content=\"Grigio Carnico es un m\u00e1rmol gris con muchas vetas blancas intermitentes. Grigio Carnico es perfecto para pavimentos. La cantera se encuentra en la ...\" \/>\n<meta name=\"robots\" content=\"index, follow, max-snippet:-1, max-image-preview:large, max-video-preview:-1\" \/>\n<link rel=\"canonical\" href=\"https:\/\/colourofstone.com\/es\/shop\/piedra-natural\/pavimento-es\/grigio-carnico-2cm\/\" \/>\n<meta property=\"og:locale\" content=\"es_ES\" \/>\n<meta property=\"og:type\" content=\"article\" \/>\n<meta property=\"og:title\" content=\"Grigio Carnico - M\u00e1rmol Pavimento env\u00edo gratis - Colour of Stone\" \/>\n<meta property=\"og:description\" content=\"Grigio Carnico es un m\u00e1rmol gris con muchas vetas blancas intermitentes. Grigio Carnico es perfecto para pavimentos. La cantera se encuentra en la ...\" \/>\n<meta property=\"og:url\" content=\"https:\/\/colourofstone.com\/es\/shop\/piedra-natural\/pavimento-es\/grigio-carnico-2cm\/\" \/>\n<meta property=\"og:site_name\" content=\"Colour of Stone\" \/>\n<meta property=\"article:modified_time\" content=\"2023-02-11T10:21:24+00:00\" \/>\n<meta property=\"og:image\" content=\"https:\/\/colourofstone.com\/wp-content\/uploads\/Grigio-Carnico-901_1.jpg\" \/>\n\t<meta property=\"og:image:width\" content=\"1600\" \/>\n\t<meta property=\"og:image:height\" content=\"1600\" \/>\n\t<meta property=\"og:image:type\" content=\"image\/jpeg\" \/>\n<meta name=\"twitter:card\" content=\"summary_large_image\" \/>\n<meta name=\"twitter:label1\" content=\"Tiempo de lectura\" \/>\n\t<meta name=\"twitter:data1\" content=\"1 minuto\" \/>\n<script type=\"application\/ld+json\" class=\"yoast-schema-graph\">{\"@context\":\"https:\\\/\\\/schema.org\",\"@graph\":[{\"@type\":\"WebPage\",\"@id\":\"https:\\\/\\\/colourofstone.com\\\/es\\\/shop\\\/piedra-natural\\\/pavimento-es\\\/grigio-carnico-2cm\\\/\",\"url\":\"https:\\\/\\\/colourofstone.com\\\/es\\\/shop\\\/piedra-natural\\\/pavimento-es\\\/grigio-carnico-2cm\\\/\",\"name\":\"Grigio Carnico - M\u00e1rmol Pavimento env\u00edo gratis - Colour of Stone\",\"isPartOf\":{\"@id\":\"https:\\\/\\\/colourofstone.com\\\/es\\\/#website\"},\"primaryImageOfPage\":{\"@id\":\"https:\\\/\\\/colourofstone.com\\\/es\\\/shop\\\/piedra-natural\\\/pavimento-es\\\/grigio-carnico-2cm\\\/#primaryimage\"},\"image\":{\"@id\":\"https:\\\/\\\/colourofstone.com\\\/es\\\/shop\\\/piedra-natural\\\/pavimento-es\\\/grigio-carnico-2cm\\\/#primaryimage\"},\"thumbnailUrl\":\"https:\\\/\\\/colourofstone.com\\\/wp-content\\\/uploads\\\/Grigio-Carnico-901_1.jpg\",\"datePublished\":\"2022-11-20T09:40:59+00:00\",\"dateModified\":\"2023-02-11T10:21:24+00:00\",\"description\":\"Grigio Carnico es un m\u00e1rmol gris con muchas vetas blancas intermitentes. Grigio Carnico es perfecto para pavimentos. La cantera se encuentra en la ...\",\"breadcrumb\":{\"@id\":\"https:\\\/\\\/colourofstone.com\\\/es\\\/shop\\\/piedra-natural\\\/pavimento-es\\\/grigio-carnico-2cm\\\/#breadcrumb\"},\"inLanguage\":\"es\",\"potentialAction\":[{\"@type\":\"ReadAction\",\"target\":[\"https:\\\/\\\/colourofstone.com\\\/es\\\/shop\\\/piedra-natural\\\/pavimento-es\\\/grigio-carnico-2cm\\\/\"]}]},{\"@type\":\"ImageObject\",\"inLanguage\":\"es\",\"@id\":\"https:\\\/\\\/colourofstone.com\\\/es\\\/shop\\\/piedra-natural\\\/pavimento-es\\\/grigio-carnico-2cm\\\/#primaryimage\",\"url\":\"https:\\\/\\\/colourofstone.com\\\/wp-content\\\/uploads\\\/Grigio-Carnico-901_1.jpg\",\"contentUrl\":\"https:\\\/\\\/colourofstone.com\\\/wp-content\\\/uploads\\\/Grigio-Carnico-901_1.jpg\",\"width\":1600,\"height\":1600,\"caption\":\"Grigio Carnico\"},{\"@type\":\"BreadcrumbList\",\"@id\":\"https:\\\/\\\/colourofstone.com\\\/es\\\/shop\\\/piedra-natural\\\/pavimento-es\\\/grigio-carnico-2cm\\\/#breadcrumb\",\"itemListElement\":[{\"@type\":\"ListItem\",\"position\":1,\"name\":\"Home\",\"item\":\"https:\\\/\\\/colourofstone.com\\\/es\\\/\"},{\"@type\":\"ListItem\",\"position\":2,\"name\":\"Shop\",\"item\":\"https:\\\/\\\/colourofstone.com\\\/es\\\/shop\\\/\"},{\"@type\":\"ListItem\",\"position\":3,\"name\":\"M\u00e1rmol\",\"item\":\"https:\\\/\\\/colourofstone.com\\\/es\\\/material\\\/marmol\\\/\"},{\"@type\":\"ListItem\",\"position\":4,\"name\":\"Grigio Carnico\"}]},{\"@type\":\"WebSite\",\"@id\":\"https:\\\/\\\/colourofstone.com\\\/es\\\/#website\",\"url\":\"https:\\\/\\\/colourofstone.com\\\/es\\\/\",\"name\":\"Colour of Stone\",\"description\":\"Fliesen, Haus und Garten Produkte aus Naturstein - Online Shop\",\"publisher\":{\"@id\":\"https:\\\/\\\/colourofstone.com\\\/es\\\/#organization\"},\"potentialAction\":[{\"@type\":\"SearchAction\",\"target\":{\"@type\":\"EntryPoint\",\"urlTemplate\":\"https:\\\/\\\/colourofstone.com\\\/es\\\/?s={search_term_string}\"},\"query-input\":{\"@type\":\"PropertyValueSpecification\",\"valueRequired\":true,\"valueName\":\"search_term_string\"}}],\"inLanguage\":\"es\"},{\"@type\":\"Organization\",\"@id\":\"https:\\\/\\\/colourofstone.com\\\/es\\\/#organization\",\"name\":\"Colour of Stone GmbH\",\"url\":\"https:\\\/\\\/colourofstone.com\\\/es\\\/\",\"logo\":{\"@type\":\"ImageObject\",\"inLanguage\":\"es\",\"@id\":\"https:\\\/\\\/colourofstone.com\\\/es\\\/#\\\/schema\\\/logo\\\/image\\\/\",\"url\":\"https:\\\/\\\/colourofstone.com\\\/wp-content\\\/uploads\\\/99FC1526-DF3B-44F1-9816-9278D3194252-scaled.jpeg\",\"contentUrl\":\"https:\\\/\\\/colourofstone.com\\\/wp-content\\\/uploads\\\/99FC1526-DF3B-44F1-9816-9278D3194252-scaled.jpeg\",\"width\":2125,\"height\":2560,\"caption\":\"Colour of Stone GmbH\"},\"image\":{\"@id\":\"https:\\\/\\\/colourofstone.com\\\/es\\\/#\\\/schema\\\/logo\\\/image\\\/\"},\"sameAs\":[\"https:\\\/\\\/www.instagram.com\\\/colourofstone\\\/\"]}]}<\/script>\n<!-- \/ Yoast SEO plugin. -->","yoast_head_json":{"title":"Grigio Carnico - M\u00e1rmol Pavimento env\u00edo gratis - Colour of Stone","description":"Grigio Carnico es un m\u00e1rmol gris con muchas vetas blancas intermitentes. Grigio Carnico es perfecto para pavimentos. La cantera se encuentra en la ...","robots":{"index":"index","follow":"follow","max-snippet":"max-snippet:-1","max-image-preview":"max-image-preview:large","max-video-preview":"max-video-preview:-1"},"canonical":"https:\/\/colourofstone.com\/es\/shop\/piedra-natural\/pavimento-es\/grigio-carnico-2cm\/","og_locale":"es_ES","og_type":"article","og_title":"Grigio Carnico - M\u00e1rmol Pavimento env\u00edo gratis - Colour of Stone","og_description":"Grigio Carnico es un m\u00e1rmol gris con muchas vetas blancas intermitentes. Grigio Carnico es perfecto para pavimentos. La cantera se encuentra en la ...","og_url":"https:\/\/colourofstone.com\/es\/shop\/piedra-natural\/pavimento-es\/grigio-carnico-2cm\/","og_site_name":"Colour of Stone","article_modified_time":"2023-02-11T10:21:24+00:00","og_image":[{"width":1600,"height":1600,"url":"https:\/\/colourofstone.com\/wp-content\/uploads\/Grigio-Carnico-901_1.jpg","type":"image\/jpeg"}],"twitter_card":"summary_large_image","twitter_misc":{"Tiempo de lectura":"1 minuto"},"schema":{"@context":"https:\/\/schema.org","@graph":[{"@type":"WebPage","@id":"https:\/\/colourofstone.com\/es\/shop\/piedra-natural\/pavimento-es\/grigio-carnico-2cm\/","url":"https:\/\/colourofstone.com\/es\/shop\/piedra-natural\/pavimento-es\/grigio-carnico-2cm\/","name":"Grigio Carnico - M\u00e1rmol Pavimento env\u00edo gratis - Colour of Stone","isPartOf":{"@id":"https:\/\/colourofstone.com\/es\/#website"},"primaryImageOfPage":{"@id":"https:\/\/colourofstone.com\/es\/shop\/piedra-natural\/pavimento-es\/grigio-carnico-2cm\/#primaryimage"},"image":{"@id":"https:\/\/colourofstone.com\/es\/shop\/piedra-natural\/pavimento-es\/grigio-carnico-2cm\/#primaryimage"},"thumbnailUrl":"https:\/\/colourofstone.com\/wp-content\/uploads\/Grigio-Carnico-901_1.jpg","datePublished":"2022-11-20T09:40:59+00:00","dateModified":"2023-02-11T10:21:24+00:00","description":"Grigio Carnico es un m\u00e1rmol gris con muchas vetas blancas intermitentes. Grigio Carnico es perfecto para pavimentos. La cantera se encuentra en la ...","breadcrumb":{"@id":"https:\/\/colourofstone.com\/es\/shop\/piedra-natural\/pavimento-es\/grigio-carnico-2cm\/#breadcrumb"},"inLanguage":"es","potentialAction":[{"@type":"ReadAction","target":["https:\/\/colourofstone.com\/es\/shop\/piedra-natural\/pavimento-es\/grigio-carnico-2cm\/"]}]},{"@type":"ImageObject","inLanguage":"es","@id":"https:\/\/colourofstone.com\/es\/shop\/piedra-natural\/pavimento-es\/grigio-carnico-2cm\/#primaryimage","url":"https:\/\/colourofstone.com\/wp-content\/uploads\/Grigio-Carnico-901_1.jpg","contentUrl":"https:\/\/colourofstone.com\/wp-content\/uploads\/Grigio-Carnico-901_1.jpg","width":1600,"height":1600,"caption":"Grigio Carnico"},{"@type":"BreadcrumbList","@id":"https:\/\/colourofstone.com\/es\/shop\/piedra-natural\/pavimento-es\/grigio-carnico-2cm\/#breadcrumb","itemListElement":[{"@type":"ListItem","position":1,"name":"Home","item":"https:\/\/colourofstone.com\/es\/"},{"@type":"ListItem","position":2,"name":"Shop","item":"https:\/\/colourofstone.com\/es\/shop\/"},{"@type":"ListItem","position":3,"name":"M\u00e1rmol","item":"https:\/\/colourofstone.com\/es\/material\/marmol\/"},{"@type":"ListItem","position":4,"name":"Grigio Carnico"}]},{"@type":"WebSite","@id":"https:\/\/colourofstone.com\/es\/#website","url":"https:\/\/colourofstone.com\/es\/","name":"Colour of Stone","description":"Fliesen, Haus und Garten Produkte aus Naturstein - Online Shop","publisher":{"@id":"https:\/\/colourofstone.com\/es\/#organization"},"potentialAction":[{"@type":"SearchAction","target":{"@type":"EntryPoint","urlTemplate":"https:\/\/colourofstone.com\/es\/?s={search_term_string}"},"query-input":{"@type":"PropertyValueSpecification","valueRequired":true,"valueName":"search_term_string"}}],"inLanguage":"es"},{"@type":"Organization","@id":"https:\/\/colourofstone.com\/es\/#organization","name":"Colour of Stone GmbH","url":"https:\/\/colourofstone.com\/es\/","logo":{"@type":"ImageObject","inLanguage":"es","@id":"https:\/\/colourofstone.com\/es\/#\/schema\/logo\/image\/","url":"https:\/\/colourofstone.com\/wp-content\/uploads\/99FC1526-DF3B-44F1-9816-9278D3194252-scaled.jpeg","contentUrl":"https:\/\/colourofstone.com\/wp-content\/uploads\/99FC1526-DF3B-44F1-9816-9278D3194252-scaled.jpeg","width":2125,"height":2560,"caption":"Colour of Stone GmbH"},"image":{"@id":"https:\/\/colourofstone.com\/es\/#\/schema\/logo\/image\/"},"sameAs":["https:\/\/www.instagram.com\/colourofstone\/"]}]}},"_links":{"self":[{"href":"https:\/\/colourofstone.com\/es\/wp-json\/wp\/v2\/product\/53471","targetHints":{"allow":["GET"]}}],"collection":[{"href":"https:\/\/colourofstone.com\/es\/wp-json\/wp\/v2\/product"}],"about":[{"href":"https:\/\/colourofstone.com\/es\/wp-json\/wp\/v2\/types\/product"}],"wp:featuredmedia":[{"embeddable":true,"href":"https:\/\/colourofstone.com\/es\/wp-json\/wp\/v2\/media\/28149"}],"wp:attachment":[{"href":"https:\/\/colourofstone.com\/es\/wp-json\/wp\/v2\/media?parent=53471"}],"wp:term":[{"taxonomy":"product_brand","embeddable":true,"href":"https:\/\/colourofstone.com\/es\/wp-json\/wp\/v2\/product_brand?post=53471"},{"taxonomy":"product_cat","embeddable":true,"href":"https:\/\/colourofstone.com\/es\/wp-json\/wp\/v2\/product_cat?post=53471"},{"taxonomy":"product_tag","embeddable":true,"href":"https:\/\/colourofstone.com\/es\/wp-json\/wp\/v2\/product_tag?post=53471"}],"curies":[{"name":"wp","href":"https:\/\/api.w.org\/{rel}","templated":true}]}}