{"id":57297,"date":"2022-12-06T07:01:45","date_gmt":"2022-12-06T07:03:03","guid":{"rendered":"https:\/\/colourofstone.com\/?post_type=product&#038;p=57297"},"modified":"2023-02-11T08:22:40","modified_gmt":"2023-02-11T08:22:40","slug":"nero-assoluto-zimbabwe-2cm","status":"publish","type":"product","link":"https:\/\/colourofstone.com\/es\/shop\/piedra-natural\/pavimento-es\/nero-assoluto-zimbabwe-2cm\/","title":{"rendered":"Nero Assoluto Zimbabwe"},"content":{"rendered":"<p>Nero Assoluto Zimbabwe es el cl\u00e1sico y moderno granito (gabro). Cada habitaci\u00f3n se convierte en una experiencia con este azulejo negro. Con Nero Assoluto Zimbabwe, todo dise\u00f1ador o arquitecto tiene una gran variedad de opciones de dise\u00f1o. Su color negro uniforme lo convierte en una estrella en cualquier interior. Al oeste de la capital, Harare, se encuentra la provincia de Mashonalandia Oriental. Hay numerosas canteras cerca de la ciudad de Mutoko.<\/p>\n<p>&nbsp;<\/p>\n<p>Esta piedra natural es resistente a las heladas y a los \u00e1cidos. Es perfectamente adecuado para el interior y el exterior.<\/p>\n\n        <script>\n        function toggleInchInfo(el) {\n            const infoBox = el.nextElementSibling;\n            if (infoBox.style.display === \"none\") {\n                infoBox.style.display = \"inline\";\n            } else {\n                infoBox.style.display = \"none\";\n            }\n        }\n        <\/script>\n        <style>\n            .cm-info {\n                cursor: pointer;\n                color: #0073aa;\n                font-weight: bold;\n                margin-left: 4px;\n            }\n            .inch-info {\n                display: none;\n                background: #f8f8f8;\n                border: 1px solid #ccc;\n                padding: 4px 8px;\n                margin-left: 5px;\n                font-size: 0.9em;\n                border-radius: 4px;\n            }\n        <\/style>","protected":false},"excerpt":{"rendered":"<p>Nero Assoluto Zimbabwe es el cl\u00e1sico y moderno granito (gabro). Cada habitaci\u00f3n se convierte en una experiencia con este azulejo negro. Con Nero Assoluto Zimbabwe, todo dise\u00f1ador o arquitecto tiene una gran variedad de opciones de dise\u00f1o. Su color negro uniforme lo convierte en una estrella en cualquier interior. Al oeste de la capital, Harare, <a href=\"https:\/\/colourofstone.com\/es\/shop\/piedra-natural\/pavimento-es\/nero-assoluto-zimbabwe-2cm\/\" class=\"more-link\">&#8230;<\/a><\/p>\n","protected":false},"featured_media":45667,"template":"","meta":[],"product_brand":[],"product_cat":[2349],"product_tag":[],"class_list":{"0":"post-57297","1":"product","2":"type-product","3":"status-publish","4":"has-post-thumbnail","6":"product_cat-pavimento-es","7":"product_shipping_class-tiempo-de-entrega-aprox-3-semanas","8":"pa_farbe-negro","9":"pa_farbe-oscuro","10":"pa_masseinheit-30-x-30-cm","11":"pa_masseinheit-60-x-30-cm","12":"pa_masseinheit-40-x-40-cm","13":"pa_masseinheit-60-x-40-cm","14":"pa_masseinheit-60-x-60-cm","15":"pa_material-granito","16":"pa_oberflaeche-pulido","17":"pa_oberflaeche-lijado","18":"pa_oberflaeche-cepillado","19":"pa_oberflaeche-patinado","21":"first","22":"instock","23":"taxable","24":"shipping-taxable","25":"purchasable","26":"product-type-variable","27":"has-default-attributes"},"yoast_head":"<!-- This site is optimized with the Yoast SEO plugin v27.3 - https:\/\/yoast.com\/product\/yoast-seo-wordpress\/ -->\n<title>Nero Assoluto Zimbabwe - Gabbro, Granito Pavimento env\u00edo gratis - Colour of Stone<\/title>\n<meta name=\"description\" content=\"Nero Assoluto Zimbabwe es el cl\u00e1sico y moderno granito (gabro). Cada habitaci\u00f3n se convierte en una experiencia con este azulejo negro. Con Nero Assoluto ...\" \/>\n<meta name=\"robots\" content=\"index, follow, max-snippet:-1, max-image-preview:large, max-video-preview:-1\" \/>\n<link rel=\"canonical\" href=\"https:\/\/colourofstone.com\/es\/shop\/piedra-natural\/pavimento-es\/nero-assoluto-zimbabwe-2cm\/\" \/>\n<meta property=\"og:locale\" content=\"es_ES\" \/>\n<meta property=\"og:type\" content=\"article\" \/>\n<meta property=\"og:title\" content=\"Nero Assoluto Zimbabwe - Gabbro, Granito Pavimento env\u00edo gratis - Colour of Stone\" \/>\n<meta property=\"og:description\" content=\"Nero Assoluto Zimbabwe es el cl\u00e1sico y moderno granito (gabro). Cada habitaci\u00f3n se convierte en una experiencia con este azulejo negro. Con Nero Assoluto ...\" \/>\n<meta property=\"og:url\" content=\"https:\/\/colourofstone.com\/es\/shop\/piedra-natural\/pavimento-es\/nero-assoluto-zimbabwe-2cm\/\" \/>\n<meta property=\"og:site_name\" content=\"Colour of Stone\" \/>\n<meta property=\"article:modified_time\" content=\"2023-02-11T08:22:40+00:00\" \/>\n<meta property=\"og:image\" content=\"https:\/\/colourofstone.com\/wp-content\/uploads\/NeroAssolutoZimbabwe-1600.jpg\" \/>\n\t<meta property=\"og:image:width\" content=\"1600\" \/>\n\t<meta property=\"og:image:height\" content=\"1600\" \/>\n\t<meta property=\"og:image:type\" content=\"image\/jpeg\" \/>\n<meta name=\"twitter:card\" content=\"summary_large_image\" \/>\n<script type=\"application\/ld+json\" class=\"yoast-schema-graph\">{\"@context\":\"https:\\\/\\\/schema.org\",\"@graph\":[{\"@type\":\"WebPage\",\"@id\":\"https:\\\/\\\/colourofstone.com\\\/es\\\/shop\\\/piedra-natural\\\/pavimento-es\\\/nero-assoluto-zimbabwe-2cm\\\/\",\"url\":\"https:\\\/\\\/colourofstone.com\\\/es\\\/shop\\\/piedra-natural\\\/pavimento-es\\\/nero-assoluto-zimbabwe-2cm\\\/\",\"name\":\"Nero Assoluto Zimbabwe - Gabbro, Granito Pavimento env\u00edo gratis - Colour of Stone\",\"isPartOf\":{\"@id\":\"https:\\\/\\\/colourofstone.com\\\/es\\\/#website\"},\"primaryImageOfPage\":{\"@id\":\"https:\\\/\\\/colourofstone.com\\\/es\\\/shop\\\/piedra-natural\\\/pavimento-es\\\/nero-assoluto-zimbabwe-2cm\\\/#primaryimage\"},\"image\":{\"@id\":\"https:\\\/\\\/colourofstone.com\\\/es\\\/shop\\\/piedra-natural\\\/pavimento-es\\\/nero-assoluto-zimbabwe-2cm\\\/#primaryimage\"},\"thumbnailUrl\":\"https:\\\/\\\/colourofstone.com\\\/wp-content\\\/uploads\\\/NeroAssolutoZimbabwe-1600.jpg\",\"datePublished\":\"2022-12-06T07:03:03+00:00\",\"dateModified\":\"2023-02-11T08:22:40+00:00\",\"description\":\"Nero Assoluto Zimbabwe es el cl\u00e1sico y moderno granito (gabro). Cada habitaci\u00f3n se convierte en una experiencia con este azulejo negro. Con Nero Assoluto ...\",\"breadcrumb\":{\"@id\":\"https:\\\/\\\/colourofstone.com\\\/es\\\/shop\\\/piedra-natural\\\/pavimento-es\\\/nero-assoluto-zimbabwe-2cm\\\/#breadcrumb\"},\"inLanguage\":\"es\",\"potentialAction\":[{\"@type\":\"ReadAction\",\"target\":[\"https:\\\/\\\/colourofstone.com\\\/es\\\/shop\\\/piedra-natural\\\/pavimento-es\\\/nero-assoluto-zimbabwe-2cm\\\/\"]}]},{\"@type\":\"ImageObject\",\"inLanguage\":\"es\",\"@id\":\"https:\\\/\\\/colourofstone.com\\\/es\\\/shop\\\/piedra-natural\\\/pavimento-es\\\/nero-assoluto-zimbabwe-2cm\\\/#primaryimage\",\"url\":\"https:\\\/\\\/colourofstone.com\\\/wp-content\\\/uploads\\\/NeroAssolutoZimbabwe-1600.jpg\",\"contentUrl\":\"https:\\\/\\\/colourofstone.com\\\/wp-content\\\/uploads\\\/NeroAssolutoZimbabwe-1600.jpg\",\"width\":1600,\"height\":1600,\"caption\":\"Nero Assoluto Zimbabwe\"},{\"@type\":\"BreadcrumbList\",\"@id\":\"https:\\\/\\\/colourofstone.com\\\/es\\\/shop\\\/piedra-natural\\\/pavimento-es\\\/nero-assoluto-zimbabwe-2cm\\\/#breadcrumb\",\"itemListElement\":[{\"@type\":\"ListItem\",\"position\":1,\"name\":\"Home\",\"item\":\"https:\\\/\\\/colourofstone.com\\\/es\\\/\"},{\"@type\":\"ListItem\",\"position\":2,\"name\":\"Shop\",\"item\":\"https:\\\/\\\/colourofstone.com\\\/es\\\/shop\\\/\"},{\"@type\":\"ListItem\",\"position\":3,\"name\":\"Granito\",\"item\":\"https:\\\/\\\/colourofstone.com\\\/es\\\/material\\\/granito\\\/\"},{\"@type\":\"ListItem\",\"position\":4,\"name\":\"Nero Assoluto Zimbabwe\"}]},{\"@type\":\"WebSite\",\"@id\":\"https:\\\/\\\/colourofstone.com\\\/es\\\/#website\",\"url\":\"https:\\\/\\\/colourofstone.com\\\/es\\\/\",\"name\":\"Colour of Stone\",\"description\":\"Fliesen, Haus und Garten Produkte aus Naturstein - Online Shop\",\"publisher\":{\"@id\":\"https:\\\/\\\/colourofstone.com\\\/es\\\/#organization\"},\"potentialAction\":[{\"@type\":\"SearchAction\",\"target\":{\"@type\":\"EntryPoint\",\"urlTemplate\":\"https:\\\/\\\/colourofstone.com\\\/es\\\/?s={search_term_string}\"},\"query-input\":{\"@type\":\"PropertyValueSpecification\",\"valueRequired\":true,\"valueName\":\"search_term_string\"}}],\"inLanguage\":\"es\"},{\"@type\":\"Organization\",\"@id\":\"https:\\\/\\\/colourofstone.com\\\/es\\\/#organization\",\"name\":\"Colour of Stone GmbH\",\"url\":\"https:\\\/\\\/colourofstone.com\\\/es\\\/\",\"logo\":{\"@type\":\"ImageObject\",\"inLanguage\":\"es\",\"@id\":\"https:\\\/\\\/colourofstone.com\\\/es\\\/#\\\/schema\\\/logo\\\/image\\\/\",\"url\":\"https:\\\/\\\/colourofstone.com\\\/wp-content\\\/uploads\\\/99FC1526-DF3B-44F1-9816-9278D3194252-scaled.jpeg\",\"contentUrl\":\"https:\\\/\\\/colourofstone.com\\\/wp-content\\\/uploads\\\/99FC1526-DF3B-44F1-9816-9278D3194252-scaled.jpeg\",\"width\":2125,\"height\":2560,\"caption\":\"Colour of Stone GmbH\"},\"image\":{\"@id\":\"https:\\\/\\\/colourofstone.com\\\/es\\\/#\\\/schema\\\/logo\\\/image\\\/\"},\"sameAs\":[\"https:\\\/\\\/www.instagram.com\\\/colourofstone\\\/\"]}]}<\/script>\n<!-- \/ Yoast SEO plugin. -->","yoast_head_json":{"title":"Nero Assoluto Zimbabwe - Gabbro, Granito Pavimento env\u00edo gratis - Colour of Stone","description":"Nero Assoluto Zimbabwe es el cl\u00e1sico y moderno granito (gabro). Cada habitaci\u00f3n se convierte en una experiencia con este azulejo negro. Con Nero Assoluto ...","robots":{"index":"index","follow":"follow","max-snippet":"max-snippet:-1","max-image-preview":"max-image-preview:large","max-video-preview":"max-video-preview:-1"},"canonical":"https:\/\/colourofstone.com\/es\/shop\/piedra-natural\/pavimento-es\/nero-assoluto-zimbabwe-2cm\/","og_locale":"es_ES","og_type":"article","og_title":"Nero Assoluto Zimbabwe - Gabbro, Granito Pavimento env\u00edo gratis - Colour of Stone","og_description":"Nero Assoluto Zimbabwe es el cl\u00e1sico y moderno granito (gabro). Cada habitaci\u00f3n se convierte en una experiencia con este azulejo negro. Con Nero Assoluto ...","og_url":"https:\/\/colourofstone.com\/es\/shop\/piedra-natural\/pavimento-es\/nero-assoluto-zimbabwe-2cm\/","og_site_name":"Colour of Stone","article_modified_time":"2023-02-11T08:22:40+00:00","og_image":[{"width":1600,"height":1600,"url":"https:\/\/colourofstone.com\/wp-content\/uploads\/NeroAssolutoZimbabwe-1600.jpg","type":"image\/jpeg"}],"twitter_card":"summary_large_image","schema":{"@context":"https:\/\/schema.org","@graph":[{"@type":"WebPage","@id":"https:\/\/colourofstone.com\/es\/shop\/piedra-natural\/pavimento-es\/nero-assoluto-zimbabwe-2cm\/","url":"https:\/\/colourofstone.com\/es\/shop\/piedra-natural\/pavimento-es\/nero-assoluto-zimbabwe-2cm\/","name":"Nero Assoluto Zimbabwe - Gabbro, Granito Pavimento env\u00edo gratis - Colour of Stone","isPartOf":{"@id":"https:\/\/colourofstone.com\/es\/#website"},"primaryImageOfPage":{"@id":"https:\/\/colourofstone.com\/es\/shop\/piedra-natural\/pavimento-es\/nero-assoluto-zimbabwe-2cm\/#primaryimage"},"image":{"@id":"https:\/\/colourofstone.com\/es\/shop\/piedra-natural\/pavimento-es\/nero-assoluto-zimbabwe-2cm\/#primaryimage"},"thumbnailUrl":"https:\/\/colourofstone.com\/wp-content\/uploads\/NeroAssolutoZimbabwe-1600.jpg","datePublished":"2022-12-06T07:03:03+00:00","dateModified":"2023-02-11T08:22:40+00:00","description":"Nero Assoluto Zimbabwe es el cl\u00e1sico y moderno granito (gabro). Cada habitaci\u00f3n se convierte en una experiencia con este azulejo negro. Con Nero Assoluto ...","breadcrumb":{"@id":"https:\/\/colourofstone.com\/es\/shop\/piedra-natural\/pavimento-es\/nero-assoluto-zimbabwe-2cm\/#breadcrumb"},"inLanguage":"es","potentialAction":[{"@type":"ReadAction","target":["https:\/\/colourofstone.com\/es\/shop\/piedra-natural\/pavimento-es\/nero-assoluto-zimbabwe-2cm\/"]}]},{"@type":"ImageObject","inLanguage":"es","@id":"https:\/\/colourofstone.com\/es\/shop\/piedra-natural\/pavimento-es\/nero-assoluto-zimbabwe-2cm\/#primaryimage","url":"https:\/\/colourofstone.com\/wp-content\/uploads\/NeroAssolutoZimbabwe-1600.jpg","contentUrl":"https:\/\/colourofstone.com\/wp-content\/uploads\/NeroAssolutoZimbabwe-1600.jpg","width":1600,"height":1600,"caption":"Nero Assoluto Zimbabwe"},{"@type":"BreadcrumbList","@id":"https:\/\/colourofstone.com\/es\/shop\/piedra-natural\/pavimento-es\/nero-assoluto-zimbabwe-2cm\/#breadcrumb","itemListElement":[{"@type":"ListItem","position":1,"name":"Home","item":"https:\/\/colourofstone.com\/es\/"},{"@type":"ListItem","position":2,"name":"Shop","item":"https:\/\/colourofstone.com\/es\/shop\/"},{"@type":"ListItem","position":3,"name":"Granito","item":"https:\/\/colourofstone.com\/es\/material\/granito\/"},{"@type":"ListItem","position":4,"name":"Nero Assoluto Zimbabwe"}]},{"@type":"WebSite","@id":"https:\/\/colourofstone.com\/es\/#website","url":"https:\/\/colourofstone.com\/es\/","name":"Colour of Stone","description":"Fliesen, Haus und Garten Produkte aus Naturstein - Online Shop","publisher":{"@id":"https:\/\/colourofstone.com\/es\/#organization"},"potentialAction":[{"@type":"SearchAction","target":{"@type":"EntryPoint","urlTemplate":"https:\/\/colourofstone.com\/es\/?s={search_term_string}"},"query-input":{"@type":"PropertyValueSpecification","valueRequired":true,"valueName":"search_term_string"}}],"inLanguage":"es"},{"@type":"Organization","@id":"https:\/\/colourofstone.com\/es\/#organization","name":"Colour of Stone GmbH","url":"https:\/\/colourofstone.com\/es\/","logo":{"@type":"ImageObject","inLanguage":"es","@id":"https:\/\/colourofstone.com\/es\/#\/schema\/logo\/image\/","url":"https:\/\/colourofstone.com\/wp-content\/uploads\/99FC1526-DF3B-44F1-9816-9278D3194252-scaled.jpeg","contentUrl":"https:\/\/colourofstone.com\/wp-content\/uploads\/99FC1526-DF3B-44F1-9816-9278D3194252-scaled.jpeg","width":2125,"height":2560,"caption":"Colour of Stone GmbH"},"image":{"@id":"https:\/\/colourofstone.com\/es\/#\/schema\/logo\/image\/"},"sameAs":["https:\/\/www.instagram.com\/colourofstone\/"]}]}},"_links":{"self":[{"href":"https:\/\/colourofstone.com\/es\/wp-json\/wp\/v2\/product\/57297","targetHints":{"allow":["GET"]}}],"collection":[{"href":"https:\/\/colourofstone.com\/es\/wp-json\/wp\/v2\/product"}],"about":[{"href":"https:\/\/colourofstone.com\/es\/wp-json\/wp\/v2\/types\/product"}],"wp:featuredmedia":[{"embeddable":true,"href":"https:\/\/colourofstone.com\/es\/wp-json\/wp\/v2\/media\/45667"}],"wp:attachment":[{"href":"https:\/\/colourofstone.com\/es\/wp-json\/wp\/v2\/media?parent=57297"}],"wp:term":[{"taxonomy":"product_brand","embeddable":true,"href":"https:\/\/colourofstone.com\/es\/wp-json\/wp\/v2\/product_brand?post=57297"},{"taxonomy":"product_cat","embeddable":true,"href":"https:\/\/colourofstone.com\/es\/wp-json\/wp\/v2\/product_cat?post=57297"},{"taxonomy":"product_tag","embeddable":true,"href":"https:\/\/colourofstone.com\/es\/wp-json\/wp\/v2\/product_tag?post=57297"}],"curies":[{"name":"wp","href":"https:\/\/api.w.org\/{rel}","templated":true}]}}