{"id":16949,"date":"2021-03-02T07:20:00","date_gmt":"2021-03-02T07:20:00","guid":{"rendered":"https:\/\/colourofstone.com\/consultation\/"},"modified":"2025-06-17T20:09:44","modified_gmt":"2025-06-17T20:09:44","slug":"informations-de-commande","status":"publish","type":"page","link":"https:\/\/colourofstone.com\/fr\/informations-de-commande\/","title":{"rendered":"Informations de commande"},"content":{"rendered":"\n<h5 class=\"wp-block-heading is-style-border-s\"><strong><strong>Carreaux<\/strong><\/strong> \/ SOL<\/h5>\n\n\n\n<div style=\"height:20px\" aria-hidden=\"true\" class=\"wp-block-spacer\"><\/div>\n\n\n\n<p class=\"is-style-border-s\">\u00c0 partir de 15 m\u00b2, nous livrons selon les<a href=\"https:\/\/colourofstone.com\/fr\/informations-sur-la-livraison\/\"> informations d&#8217;exp\u00e9dition sans frais d&#8217;exp\u00e9dition<\/a>, sauf mention contraire. Pour les quantit\u00e9s command\u00e9es \u00e0 partir de 5 m\u00b2 et jusqu&#8217;\u00e0 15 m\u00b2, nous facturons un suppl\u00e9ment pour quantit\u00e9 insuffisante de 238,00 euros (TVA 19% FR). En g\u00e9n\u00e9ral, la quantit\u00e9 minimale de commande est de 5 m\u00b2. La quantit\u00e9 exacte \u00e0 commander d\u00e9pend du format.<\/p>\n\n\n\n<p class=\"is-style-border-s\">Veuillez calculer les chutes. Selon le type de pose, celui-ci peut \u00eatre de 10 \u00e0 15 % ou plus.<\/p>\n\n\n\n<div style=\"height:46px\" aria-hidden=\"true\" class=\"wp-block-spacer\"><\/div>\n\n\n\n<h5 class=\"wp-block-heading is-style-border-s\"><strong><strong>Plinthes<\/strong><\/strong><\/h5>\n\n\n\n<div style=\"height:20px\" aria-hidden=\"true\" class=\"wp-block-spacer\"><\/div>\n\n\n\n<p class=\"is-style-border-s\">Une quantit\u00e9 minimale de commande de 10 m\u00e8tres courants par mat\u00e9riau et format s\u2019applique pour les plinthes. Les plinthes ne peuvent \u00eatre command\u00e9es qu\u2019en combinaison avec des carreaux.<\/p>\n\n\n\n<p class=\"is-style-border-s\">Les ordres sont toujours sp\u00e9cifi\u00e9s en m\u00e8tres courants (mc). Les plinthes individuelles ont une longueur comprise entre 0,20 m et 0,90 m.<\/p>\n\n\n\n<div style=\"height:46px\" aria-hidden=\"true\" class=\"wp-block-spacer\"><\/div>\n\n\n\n<h5 class=\"wp-block-heading is-style-border-s\"><strong><strong>D\u00e9lais de livraison<\/strong><\/strong> Europe<\/h5>\n\n\n\n<div style=\"height:20px\" aria-hidden=\"true\" class=\"wp-block-spacer\"><\/div>\n\n\n\n<p class=\"is-style-border-s\"><strong>Formats jusqu&#8217;\u00e0 60 x 60 cm <span class='cm-info' onclick='toggleInchInfo(this)'>\u2139\ufe0f<\/span>\n        <div class='inch-info'>\u2248 23.6\" x 23.6\"<\/div><\/strong><\/p>\n\n\n\n<p class=\"is-style-border-s\">Il nous faut 2 semaines pour la production et 1 semaine pour l&#8217;exp\u00e9dition. Apr\u00e8s 3 semaines (parfois 4 semaines), la commande est livr\u00e9e.<\/p>\n\n\n\n<p class=\"is-style-border-s\"><strong>Format 80 x 80 cm <span class='cm-info' onclick='toggleInchInfo(this)'>\u2139\ufe0f<\/span>\n        <div class='inch-info'>\u2248 31.5\" x 31.5\"<\/div> \/ 100 x 100 cm <span class='cm-info' onclick='toggleInchInfo(this)'>\u2139\ufe0f<\/span>\n        <div class='inch-info'>\u2248 39.4\" x 39.4\"<\/div><\/strong><\/p>\n\n\n\n<p class=\"is-style-border-s\">Nous avons besoin de 3 semaines pour la production et de 1 semaine pour l&#8217;exp\u00e9dition. Apr\u00e8s 4 semaines (parfois 5 semaines), la commande est livr\u00e9e.<\/p>\n\n\n\n<div style=\"height:46px\" aria-hidden=\"true\" class=\"wp-block-spacer\"><\/div>\n\n\n\n<h5 class=\"wp-block-heading is-style-border-s\"><strong><strong>Emballage<\/strong><\/strong><\/h5>\n\n\n\n<div style=\"height:20px\" aria-hidden=\"true\" class=\"wp-block-spacer\"><\/div>\n\n\n\n<p class=\"is-style-border-s\">Nous livrons les carreaux et les sols sur des palettes en bois Euro de 120 x 80 cm <span class='cm-info' onclick='toggleInchInfo(this)'>\u2139\ufe0f<\/span>\n        <div class='inch-info'>\u2248 47.2\" x 31.5\"<\/div> ou sur des palettes sp\u00e9ciales \u00e0 usage unique, avec ou sans cage en bois. Une palette peut contenir environ 34 m\u00b2 de mat\u00e9riau. Chaque palette p\u00e8se au maximum 1.000 kg.<\/p>\n\n\n\n<p class=\"is-style-border-s\">Les carreaux de 30,5 x 30,5 cm <span class='cm-info' onclick='toggleInchInfo(this)'>\u2139\ufe0f<\/span>\n        <div class='inch-info'>\u2248 12\" x 12\"<\/div> \/ 61 x 30,5 cm <span class='cm-info' onclick='toggleInchInfo(this)'>\u2139\ufe0f<\/span>\n        <div class='inch-info'>\u2248 24\" x 12\"<\/div> \/ 40 x 40 cm <span class='cm-info' onclick='toggleInchInfo(this)'>\u2139\ufe0f<\/span>\n        <div class='inch-info'>\u2248 15.7\" x 15.7\"<\/div> sont le plus souvent livr\u00e9s en bo\u00eetes sur une palette.<\/p>\n\n\n\n<p class=\"is-style-border-s\"><strong>Remarque:<\/strong>\u00a0Lors du d\u00e9ballage des carreaux au format 60 x 60 cm <span class='cm-info' onclick='toggleInchInfo(this)'>\u2139\ufe0f<\/span>\n        <div class='inch-info'>\u2248 23.6\" x 23.6\"<\/div> \/ 80 x 80 cm <span class='cm-info' onclick='toggleInchInfo(this)'>\u2139\ufe0f<\/span>\n        <div class='inch-info'>\u2248 31.5\" x 31.5\"<\/div> \/ 100 x 100 cm <span class='cm-info' onclick='toggleInchInfo(this)'>\u2139\ufe0f<\/span>\n        <div class='inch-info'>\u2248 39.4\" x 39.4\"<\/div>, veillez \u00e0 ce que les carreaux soient retir\u00e9s de la palette de mani\u00e8re uniforme. Il ne doit pas y avoir de surcharge pond\u00e9rale sur un c\u00f4t\u00e9. Nous d\u00e9clinons toute responsabilit\u00e9 pour les dommages caus\u00e9s par un d\u00e9ballage incorrect.<\/p>\n\n\n\n<div style=\"height:46px\" aria-hidden=\"true\" class=\"wp-block-spacer\"><\/div>\n\n\n\n<h5 class=\"wp-block-heading is-style-border-s\"><strong><strong>Installation<\/strong><\/strong><\/h5>\n\n\n\n<div style=\"height:20px\" aria-hidden=\"true\" class=\"wp-block-spacer\"><\/div>\n\n\n\n<p class=\"is-style-border-s\">Tous les carreaux doivent \u00eatre pos\u00e9s par une personne professionnellement qualifi\u00e9e. Nous d\u00e9clinons toute responsabilit\u00e9 en cas d\u2019installation incorrecte.<\/p>\n\n\n\n<div style=\"height:46px\" aria-hidden=\"true\" class=\"wp-block-spacer\"><\/div>\n\n\n\n<h5 class=\"wp-block-heading is-style-border-s\"><strong><strong>La premi\u00e8re impression<\/strong><\/strong><\/h5>\n\n\n\n<div style=\"height:20px\" aria-hidden=\"true\" class=\"wp-block-spacer\"><\/div>\n\n\n\n<p class=\"is-style-border-s\">L\u2019eau est n\u00e9cessaire (et recycl\u00e9e) pour la production. Les carreaux sont emball\u00e9es imm\u00e9diatement apr\u00e8s la production. Il faut donc laisser les carreaux s\u00e9cher compl\u00e8tement apr\u00e8s la livraison. Les carreaux qui n\u2019ont pas s\u00e9ch\u00e9 apparaissent plus fonc\u00e9s. La bonne nuance vient avec le s\u00e9chage. C\u2019est comme apr\u00e8s une pluie : Le sol s\u00e8che et devient plus l\u00e9ger.<\/p>\n\n\n\n<div style=\"height:100px\" aria-hidden=\"true\" class=\"wp-block-spacer\"><\/div>\n\n        <script>\n        function toggleInchInfo(el) {\n            const infoBox = el.nextElementSibling;\n            if (infoBox.style.display === \"none\") {\n                infoBox.style.display = \"inline\";\n            } else {\n                infoBox.style.display = \"none\";\n            }\n        }\n        <\/script>\n        <style>\n            .cm-info {\n                cursor: pointer;\n                color: #0073aa;\n                font-weight: bold;\n                margin-left: 4px;\n            }\n            .inch-info {\n                display: none;\n                background: #f8f8f8;\n                border: 1px solid #ccc;\n                padding: 4px 8px;\n                margin-left: 5px;\n                font-size: 0.9em;\n                border-radius: 4px;\n            }\n        <\/style>","protected":false},"excerpt":{"rendered":"<p>Carreaux \/ SOL \u00c0 partir de 15 m\u00b2, nous livrons selon les informations d&#8217;exp\u00e9dition sans frais d&#8217;exp\u00e9dition, sauf mention contraire. Pour les quantit\u00e9s command\u00e9es \u00e0 partir de 5 m\u00b2 et jusqu&#8217;\u00e0 15 m\u00b2, nous facturons un suppl\u00e9ment pour quantit\u00e9 insuffisante de 238,00 euros (TVA 19% FR). En g\u00e9n\u00e9ral, la quantit\u00e9 minimale de commande est de <a href=\"https:\/\/colourofstone.com\/fr\/informations-de-commande\/\" class=\"more-link\">&#8230;<\/a><\/p>\n","protected":false},"author":2,"featured_media":0,"parent":0,"menu_order":0,"comment_status":"closed","ping_status":"closed","template":"","meta":{"footnotes":""},"class_list":["post-16949","page","type-page","status-publish","hentry"],"yoast_head":"<!-- This site is optimized with the Yoast SEO plugin v27.4 - https:\/\/yoast.com\/product\/yoast-seo-wordpress\/ -->\n<title>Informations de commande - Colour of Stone<\/title>\n<meta name=\"description\" content=\"Nous livrerons vos carreaux de marbre devant votre porte. Plinthes ? Nous les avons en stock. Discover your style.\" \/>\n<meta name=\"robots\" content=\"index, follow, max-snippet:-1, max-image-preview:large, max-video-preview:-1\" \/>\n<link rel=\"canonical\" href=\"https:\/\/colourofstone.com\/fr\/informations-de-commande\/\" \/>\n<meta property=\"og:locale\" content=\"fr_FR\" \/>\n<meta property=\"og:type\" content=\"article\" \/>\n<meta property=\"og:title\" content=\"Informations de commande - Colour of Stone\" \/>\n<meta property=\"og:description\" content=\"Nous livrerons vos carreaux de marbre devant votre porte. Plinthes ? Nous les avons en stock. Discover your style.\" \/>\n<meta property=\"og:url\" content=\"https:\/\/colourofstone.com\/fr\/informations-de-commande\/\" \/>\n<meta property=\"og:site_name\" content=\"Colour of Stone\" \/>\n<meta property=\"article:modified_time\" content=\"2025-06-17T20:09:44+00:00\" \/>\n<meta property=\"og:image\" content=\"https:\/\/colourofstone.com\/wp-content\/uploads\/Logo.png\" \/>\n\t<meta property=\"og:image:width\" content=\"1086\" \/>\n\t<meta property=\"og:image:height\" content=\"553\" \/>\n\t<meta property=\"og:image:type\" content=\"image\/png\" \/>\n<meta name=\"twitter:card\" content=\"summary_large_image\" \/>\n<meta name=\"twitter:label1\" content=\"Dur\u00e9e de lecture estim\u00e9e\" \/>\n\t<meta name=\"twitter:data1\" content=\"5 minutes\" \/>\n<script type=\"application\/ld+json\" class=\"yoast-schema-graph\">{\"@context\":\"https:\\\/\\\/schema.org\",\"@graph\":[{\"@type\":\"WebPage\",\"@id\":\"https:\\\/\\\/colourofstone.com\\\/fr\\\/informations-de-commande\\\/\",\"url\":\"https:\\\/\\\/colourofstone.com\\\/fr\\\/informations-de-commande\\\/\",\"name\":\"Informations de commande - Colour of Stone\",\"isPartOf\":{\"@id\":\"https:\\\/\\\/colourofstone.com\\\/fr\\\/#website\"},\"datePublished\":\"2021-03-02T07:20:00+00:00\",\"dateModified\":\"2025-06-17T20:09:44+00:00\",\"description\":\"Nous livrerons vos carreaux de marbre devant votre porte. Plinthes ? Nous les avons en stock. Discover your style.\",\"breadcrumb\":{\"@id\":\"https:\\\/\\\/colourofstone.com\\\/fr\\\/informations-de-commande\\\/#breadcrumb\"},\"inLanguage\":\"fr-FR\",\"potentialAction\":[{\"@type\":\"ReadAction\",\"target\":[\"https:\\\/\\\/colourofstone.com\\\/fr\\\/informations-de-commande\\\/\"]}]},{\"@type\":\"BreadcrumbList\",\"@id\":\"https:\\\/\\\/colourofstone.com\\\/fr\\\/informations-de-commande\\\/#breadcrumb\",\"itemListElement\":[{\"@type\":\"ListItem\",\"position\":1,\"name\":\"Home\",\"item\":\"https:\\\/\\\/colourofstone.com\\\/fr\\\/\"},{\"@type\":\"ListItem\",\"position\":2,\"name\":\"Informations de commande\"}]},{\"@type\":\"WebSite\",\"@id\":\"https:\\\/\\\/colourofstone.com\\\/fr\\\/#website\",\"url\":\"https:\\\/\\\/colourofstone.com\\\/fr\\\/\",\"name\":\"Colour of Stone\",\"description\":\"Fliesen, Haus und Garten Produkte aus Naturstein - Online Shop\",\"publisher\":{\"@id\":\"https:\\\/\\\/colourofstone.com\\\/fr\\\/#organization\"},\"potentialAction\":[{\"@type\":\"SearchAction\",\"target\":{\"@type\":\"EntryPoint\",\"urlTemplate\":\"https:\\\/\\\/colourofstone.com\\\/fr\\\/?s={search_term_string}\"},\"query-input\":{\"@type\":\"PropertyValueSpecification\",\"valueRequired\":true,\"valueName\":\"search_term_string\"}}],\"inLanguage\":\"fr-FR\"},{\"@type\":\"Organization\",\"@id\":\"https:\\\/\\\/colourofstone.com\\\/fr\\\/#organization\",\"name\":\"Colour of Stone GmbH\",\"url\":\"https:\\\/\\\/colourofstone.com\\\/fr\\\/\",\"logo\":{\"@type\":\"ImageObject\",\"inLanguage\":\"fr-FR\",\"@id\":\"https:\\\/\\\/colourofstone.com\\\/fr\\\/#\\\/schema\\\/logo\\\/image\\\/\",\"url\":\"https:\\\/\\\/colourofstone.com\\\/wp-content\\\/uploads\\\/99FC1526-DF3B-44F1-9816-9278D3194252-scaled.jpeg\",\"contentUrl\":\"https:\\\/\\\/colourofstone.com\\\/wp-content\\\/uploads\\\/99FC1526-DF3B-44F1-9816-9278D3194252-scaled.jpeg\",\"width\":2125,\"height\":2560,\"caption\":\"Colour of Stone GmbH\"},\"image\":{\"@id\":\"https:\\\/\\\/colourofstone.com\\\/fr\\\/#\\\/schema\\\/logo\\\/image\\\/\"},\"sameAs\":[\"https:\\\/\\\/www.instagram.com\\\/colourofstone\\\/\"]}]}<\/script>\n<!-- \/ Yoast SEO plugin. -->","yoast_head_json":{"title":"Informations de commande - Colour of Stone","description":"Nous livrerons vos carreaux de marbre devant votre porte. Plinthes ? Nous les avons en stock. Discover your style.","robots":{"index":"index","follow":"follow","max-snippet":"max-snippet:-1","max-image-preview":"max-image-preview:large","max-video-preview":"max-video-preview:-1"},"canonical":"https:\/\/colourofstone.com\/fr\/informations-de-commande\/","og_locale":"fr_FR","og_type":"article","og_title":"Informations de commande - Colour of Stone","og_description":"Nous livrerons vos carreaux de marbre devant votre porte. Plinthes ? Nous les avons en stock. Discover your style.","og_url":"https:\/\/colourofstone.com\/fr\/informations-de-commande\/","og_site_name":"Colour of Stone","article_modified_time":"2025-06-17T20:09:44+00:00","og_image":[{"width":1086,"height":553,"url":"https:\/\/colourofstone.com\/wp-content\/uploads\/Logo.png","type":"image\/png"}],"twitter_card":"summary_large_image","twitter_misc":{"Dur\u00e9e de lecture estim\u00e9e":"5 minutes"},"schema":{"@context":"https:\/\/schema.org","@graph":[{"@type":"WebPage","@id":"https:\/\/colourofstone.com\/fr\/informations-de-commande\/","url":"https:\/\/colourofstone.com\/fr\/informations-de-commande\/","name":"Informations de commande - Colour of Stone","isPartOf":{"@id":"https:\/\/colourofstone.com\/fr\/#website"},"datePublished":"2021-03-02T07:20:00+00:00","dateModified":"2025-06-17T20:09:44+00:00","description":"Nous livrerons vos carreaux de marbre devant votre porte. Plinthes ? Nous les avons en stock. Discover your style.","breadcrumb":{"@id":"https:\/\/colourofstone.com\/fr\/informations-de-commande\/#breadcrumb"},"inLanguage":"fr-FR","potentialAction":[{"@type":"ReadAction","target":["https:\/\/colourofstone.com\/fr\/informations-de-commande\/"]}]},{"@type":"BreadcrumbList","@id":"https:\/\/colourofstone.com\/fr\/informations-de-commande\/#breadcrumb","itemListElement":[{"@type":"ListItem","position":1,"name":"Home","item":"https:\/\/colourofstone.com\/fr\/"},{"@type":"ListItem","position":2,"name":"Informations de commande"}]},{"@type":"WebSite","@id":"https:\/\/colourofstone.com\/fr\/#website","url":"https:\/\/colourofstone.com\/fr\/","name":"Colour of Stone","description":"Fliesen, Haus und Garten Produkte aus Naturstein - Online Shop","publisher":{"@id":"https:\/\/colourofstone.com\/fr\/#organization"},"potentialAction":[{"@type":"SearchAction","target":{"@type":"EntryPoint","urlTemplate":"https:\/\/colourofstone.com\/fr\/?s={search_term_string}"},"query-input":{"@type":"PropertyValueSpecification","valueRequired":true,"valueName":"search_term_string"}}],"inLanguage":"fr-FR"},{"@type":"Organization","@id":"https:\/\/colourofstone.com\/fr\/#organization","name":"Colour of Stone GmbH","url":"https:\/\/colourofstone.com\/fr\/","logo":{"@type":"ImageObject","inLanguage":"fr-FR","@id":"https:\/\/colourofstone.com\/fr\/#\/schema\/logo\/image\/","url":"https:\/\/colourofstone.com\/wp-content\/uploads\/99FC1526-DF3B-44F1-9816-9278D3194252-scaled.jpeg","contentUrl":"https:\/\/colourofstone.com\/wp-content\/uploads\/99FC1526-DF3B-44F1-9816-9278D3194252-scaled.jpeg","width":2125,"height":2560,"caption":"Colour of Stone GmbH"},"image":{"@id":"https:\/\/colourofstone.com\/fr\/#\/schema\/logo\/image\/"},"sameAs":["https:\/\/www.instagram.com\/colourofstone\/"]}]}},"_links":{"self":[{"href":"https:\/\/colourofstone.com\/fr\/wp-json\/wp\/v2\/pages\/16949","targetHints":{"allow":["GET"]}}],"collection":[{"href":"https:\/\/colourofstone.com\/fr\/wp-json\/wp\/v2\/pages"}],"about":[{"href":"https:\/\/colourofstone.com\/fr\/wp-json\/wp\/v2\/types\/page"}],"author":[{"embeddable":true,"href":"https:\/\/colourofstone.com\/fr\/wp-json\/wp\/v2\/users\/2"}],"replies":[{"embeddable":true,"href":"https:\/\/colourofstone.com\/fr\/wp-json\/wp\/v2\/comments?post=16949"}],"version-history":[{"count":10,"href":"https:\/\/colourofstone.com\/fr\/wp-json\/wp\/v2\/pages\/16949\/revisions"}],"predecessor-version":[{"id":84647,"href":"https:\/\/colourofstone.com\/fr\/wp-json\/wp\/v2\/pages\/16949\/revisions\/84647"}],"wp:attachment":[{"href":"https:\/\/colourofstone.com\/fr\/wp-json\/wp\/v2\/media?parent=16949"}],"curies":[{"name":"wp","href":"https:\/\/api.w.org\/{rel}","templated":true}]}}