{"id":16970,"date":"2020-12-29T07:26:34","date_gmt":"2020-12-29T07:26:34","guid":{"rendered":"https:\/\/colourofstone.com\/imprimer\/"},"modified":"2025-07-29T06:51:01","modified_gmt":"2025-07-29T06:51:01","slug":"mentions-legales","status":"publish","type":"page","link":"https:\/\/colourofstone.com\/fr\/mentions-legales\/","title":{"rendered":"Mentions l\u00e9gales"},"content":{"rendered":"\n<h5 class=\"wp-block-heading is-style-border-s\"><strong><strong>Information selon le \u00a7 5 TMG :<\/strong><\/strong><\/h5>\n\n\n\n<div style=\"height:20px\" aria-hidden=\"true\" class=\"wp-block-spacer\"><\/div>\n\n\n\n<p class=\"is-style-border-s\">Colour of Stone GmbH<br>Albert-Einstein-Str. 10<br>31135 Hildesheim &#8211; GERMANY<\/p>\n\n\n\n<div style=\"height:20px\" aria-hidden=\"true\" class=\"wp-block-spacer\"><\/div>\n\n\n\n<p class=\"is-style-border-s\">T\u00e9l\u00e9phone <a href=\"tel:+495121102309\">+49 5121 102309<\/a><br>E-Mail <a href=\"mailto:hello@colourofstone.com\">hello@colourofstone.com<\/a><br>Site web <a href=\"http:\/\/www.colourofstone.com\">colourofstone.com<\/a><\/p>\n\n\n\n<div style=\"height:20px\" aria-hidden=\"true\" class=\"wp-block-spacer\"><\/div>\n\n\n\n<p class=\"is-style-border-s\">Tribunal d&#8217;enregistrement : &nbsp;Tribunal d&#8217;instance de Hildesheim<\/p>\n\n\n\n<p class=\"is-style-border-s\">Num\u00e9ro d&#8217;enregistrement : &nbsp;HRB 207 255<\/p>\n\n\n\n<div style=\"height:20px\" aria-hidden=\"true\" class=\"wp-block-spacer\"><\/div>\n\n\n\n<p class=\"is-style-border-s\">Repr\u00e9sentant autoris\u00e9 directeur g\u00e9n\u00e9ral : Friedrich Aly<\/p>\n\n\n\n<div style=\"height:40px\" aria-hidden=\"true\" class=\"wp-block-spacer\"><\/div>\n\n\n\n<h5 class=\"wp-block-heading is-style-border-s\">Num\u00e9ro d&#8217;identification de la taxe sur les ventes conform\u00e9ment \u00e0 l&#8217;article 27a de la loi relative \u00e0 l&#8217;imp\u00f4t sur le chiffre d&#8217;affaires :<\/h5>\n\n\n\n<div style=\"height:20px\" aria-hidden=\"true\" class=\"wp-block-spacer\"><\/div>\n\n\n\n<p class=\"is-style-border-s\">DE 339 389 434&nbsp;<\/p>\n\n\n\n<div style=\"height:40px\" aria-hidden=\"true\" class=\"wp-block-spacer\"><\/div>\n\n\n\n<h5 class=\"wp-block-heading is-style-border-s\"><strong><strong>Donn\u00e9es professionnelles<\/strong><\/strong><\/h5>\n\n\n\n<div style=\"height:20px\" aria-hidden=\"true\" class=\"wp-block-spacer\"><\/div>\n\n\n\n<p class=\"is-style-border-s\">Affiliation \u00e0 la chambre Chambre des m\u00e9tiers Hildesheim-S\u00fcdniedersachsen<\/p>\n\n\n\n<div style=\"height:40px\" aria-hidden=\"true\" class=\"wp-block-spacer\"><\/div>\n\n\n\n<h5 class=\"wp-block-heading is-style-border-s\"><strong><strong>Responsabilit\u00e9 du contenu selon le \u00a755 Abs. 2 RStV<\/strong><\/strong><\/h5>\n\n\n\n<div style=\"height:20px\" aria-hidden=\"true\" class=\"wp-block-spacer\"><\/div>\n\n\n\n<p class=\"is-style-border-s\">Colour of Stone GmbH<br>Friedrich Aly<br>Albert-Einstein-Str. 10<br>31135 Hildesheim &#8211; GERMANY<\/p>\n\n\n\n<div style=\"height:40px\" aria-hidden=\"true\" class=\"wp-block-spacer\"><\/div>\n\n\n\n<h5 class=\"wp-block-heading is-style-border-s\"><strong><strong>Informations sur les sources des images et graphiques utilis\u00e9s<\/strong><\/strong><\/h5>\n\n\n\n<div style=\"height:20px\" aria-hidden=\"true\" class=\"wp-block-spacer\"><\/div>\n\n\n\n<p class=\"is-style-border-s\">Joachim Altschaffel <\/p>\n\n\n\n<p class=\"is-style-border-s externalLink\"><a href=\"http:\/\/www.altschaffel.com\">altschaffel.com<\/a><\/p>\n\n\n\n<div style=\"height:20px\" aria-hidden=\"true\" class=\"wp-block-spacer\"><\/div>\n\n\n\n<p class=\"is-style-border-s\">Tim Dalhoff<\/p>\n\n\n\n<p class=\"is-style-border-s externalLink\"><a href=\"http:\/\/www.timdalhoff.de\">timdalhoff.de<\/a><\/p>\n\n\n\n<div style=\"height:20px\" aria-hidden=\"true\" class=\"wp-block-spacer\"><\/div>\n\n\n\n<p class=\"is-style-border-s\">Design Wandverkleidung FLUX (Bild Format \/ Farbe)<\/p>\n\n\n\n<p class=\"is-style-border-s externalLink\"><a href=\"http:\/\/www.timdalhoff.de\" target=\"_blank\" rel=\"noreferrer noopener\">voncori.com<\/a><\/p>\n\n\n\n<div style=\"height:40px\" aria-hidden=\"true\" class=\"wp-block-spacer\"><\/div>\n\n\n\n<h5 class=\"wp-block-heading is-style-border-s\"><strong><strong>Responsabilit\u00e9 du contenu<\/strong><\/strong><\/h5>\n\n\n\n<div style=\"height:20px\" aria-hidden=\"true\" class=\"wp-block-spacer\"><\/div>\n\n\n\n<p class=\"is-style-border-s\">En tant que prestataire de services, nous sommes responsables de nos propres contenus sur ces pages conform\u00e9ment \u00e0 l&#8217;article 7, paragraphe 1 de la loi allemande sur les t\u00e9l\u00e9m\u00e9dias (TMG). Conform\u00e9ment aux articles 8 \u00e0 10 de la TMG, nous ne sommes toutefois pas tenus, en tant que prestataire de services, de surveiller les informations transmises ou stock\u00e9es par des tiers ou d&#8217;enqu\u00eater sur des circonstances qui indiquent une activit\u00e9 ill\u00e9gale.<\/p>\n\n\n\n<p class=\"is-style-border-s\">Les obligations de supprimer ou de bloquer l&#8217;utilisation des informations conform\u00e9ment aux lois g\u00e9n\u00e9rales ne sont pas affect\u00e9es par cette disposition. Toutefois, la responsabilit\u00e9 \u00e0 cet \u00e9gard n&#8217;est possible qu&#8217;\u00e0 partir du moment o\u00f9 une infraction concr\u00e8te \u00e0 la loi est connue. Si nous avons connaissance de telles infractions, nous retirerons imm\u00e9diatement le contenu concern\u00e9.<\/p>\n\n\n\n<div style=\"height:40px\" aria-hidden=\"true\" class=\"wp-block-spacer\"><\/div>\n\n\n\n<h5 class=\"wp-block-heading is-style-border-s\"><strong><strong>Responsabilit\u00e9 des liens<\/strong><\/strong><\/h5>\n\n\n\n<div style=\"height:20px\" aria-hidden=\"true\" class=\"wp-block-spacer\"><\/div>\n\n\n\n<p class=\"is-style-border-s\">Notre offre contient des liens vers des sites web externes de tiers, sur le contenu desquels nous n&#8217;avons aucune influence. Par cons\u00e9quent, nous ne pouvons assumer aucune responsabilit\u00e9 pour ces contenus externes. Le fournisseur ou l&#8217;exploitant des pages concern\u00e9es est toujours responsable du contenu des pages li\u00e9es. Les pages li\u00e9es ont \u00e9t\u00e9 v\u00e9rifi\u00e9es au moment de la mise en place du lien afin de d\u00e9tecter d&#8217;\u00e9ventuelles violations de la loi. Les contenus ill\u00e9gaux n&#8217;\u00e9taient pas reconnaissables au moment de la cr\u00e9ation du lien.<\/p>\n\n\n\n<p class=\"is-style-border-s\">Toutefois, un contr\u00f4le permanent du contenu des pages li\u00e9es n&#8217;est pas raisonnable sans preuve concr\u00e8te d&#8217;une violation de la loi. Si nous avons connaissance d&#8217;infractions, nous supprimerons imm\u00e9diatement ces liens.<\/p>\n\n\n\n<div style=\"height:40px\" aria-hidden=\"true\" class=\"wp-block-spacer\"><\/div>\n\n\n\n<h5 class=\"wp-block-heading is-style-border-s\"><strong><strong>Copyright<\/strong><\/strong><\/h5>\n\n\n\n<div style=\"height:20px\" aria-hidden=\"true\" class=\"wp-block-spacer\"><\/div>\n\n\n\n<p class=\"is-style-border-s\">Les contenus et les \u0153uvres cr\u00e9\u00e9s par les op\u00e9rateurs du site sur ces pages sont soumis au droit d&#8217;auteur allemand. La duplication, le traitement, la distribution ou toute forme de commercialisation de ce mat\u00e9riel au-del\u00e0 du champ d&#8217;application de la loi sur le droit d&#8217;auteur requiert le consentement \u00e9crit pr\u00e9alable de son auteur ou cr\u00e9ateur respectif. Les t\u00e9l\u00e9chargements et les copies de ce site ne sont autoris\u00e9s que pour un usage priv\u00e9 et non commercial.<\/p>\n\n\n\n<p class=\"is-style-border-s\">Dans la mesure o\u00f9 le contenu de ce site n&#8217;a pas \u00e9t\u00e9 cr\u00e9\u00e9 par l&#8217;op\u00e9rateur, les droits d&#8217;auteur des tiers sont respect\u00e9s. En particulier, les contenus de tiers sont identifi\u00e9s comme tels. Si vous avez n\u00e9anmoins connaissance d&#8217;une violation du droit d&#8217;auteur, veuillez nous en informer. Si nous avons connaissance d&#8217;une infraction, nous retirerons imm\u00e9diatement ce contenu.<\/p>\n\n\n\n<div style=\"height:40px\" aria-hidden=\"true\" class=\"wp-block-spacer\"><\/div>\n\n\n\n<p class=\"is-style-border-s\"><strong>Web-Design &amp; Programmierung:<\/strong><br><\/p>\n\n\n\n<figure class=\"wp-block-image is-resized is-style-border-s\"><img data-src=\"https:\/\/steinwolf.de\/wp-content\/uploads\/h4MLogo.png\" alt=\"\" class=\"wp-image-2182\" style=\"width:92px;height:92px\"\/><\/figure>\n\n\n\n<div style=\"height:20px\" aria-hidden=\"true\" class=\"wp-block-spacer\"><\/div>\n\n\n\n<p class=\"is-style-border-s\">hoch4Medien Dirk Sieker<\/p>\n\n\n\n<p class=\"is-style-border-s externalLink\">hoch4Medien.de<br>Email&nbsp;<a href=\"mailto:mail@hoch4Medien.de\">mail@hoch4Medien.de<\/a><br>Telefon&nbsp;<a href=\"tel:+4915222868180\">(01 52) 22 86 81 80<\/a><\/p>\n\n\n\n<div style=\"height:204px\" aria-hidden=\"true\" class=\"wp-block-spacer\"><\/div>\n\n        <script>\n        function toggleInchInfo(el) {\n            const infoBox = el.nextElementSibling;\n            if (infoBox.style.display === \"none\") {\n                infoBox.style.display = \"inline\";\n            } else {\n                infoBox.style.display = \"none\";\n            }\n        }\n        <\/script>\n        <style>\n            .cm-info {\n                cursor: pointer;\n                color: #0073aa;\n                font-weight: bold;\n                margin-left: 4px;\n            }\n            .inch-info {\n                display: none;\n                background: #f8f8f8;\n                border: 1px solid #ccc;\n                padding: 4px 8px;\n                margin-left: 5px;\n                font-size: 0.9em;\n                border-radius: 4px;\n            }\n        <\/style>","protected":false},"excerpt":{"rendered":"<p>Information selon le \u00a7 5 TMG : Colour of Stone GmbHAlbert-Einstein-Str. 1031135 Hildesheim &#8211; GERMANY T\u00e9l\u00e9phone +49 5121 102309E-Mail hello@colourofstone.comSite web colourofstone.com Tribunal d&#8217;enregistrement : &nbsp;Tribunal d&#8217;instance de Hildesheim Num\u00e9ro d&#8217;enregistrement : &nbsp;HRB 207 255 Repr\u00e9sentant autoris\u00e9 directeur g\u00e9n\u00e9ral : Friedrich Aly Num\u00e9ro d&#8217;identification de la taxe sur les ventes conform\u00e9ment \u00e0 l&#8217;article 27a de <a href=\"https:\/\/colourofstone.com\/fr\/mentions-legales\/\" class=\"more-link\">&#8230;<\/a><\/p>\n","protected":false},"author":2,"featured_media":0,"parent":0,"menu_order":0,"comment_status":"closed","ping_status":"closed","template":"","meta":{"footnotes":""},"class_list":["post-16970","page","type-page","status-publish","hentry"],"yoast_head":"<!-- This site is optimized with the Yoast SEO plugin v27.3 - https:\/\/yoast.com\/product\/yoast-seo-wordpress\/ -->\n<title>Mentions l\u00e9gales - Colour of Stone<\/title>\n<meta name=\"robots\" content=\"noindex, nofollow\" \/>\n<meta property=\"og:locale\" content=\"fr_FR\" \/>\n<meta property=\"og:type\" content=\"article\" \/>\n<meta property=\"og:title\" content=\"Mentions l\u00e9gales - Colour of Stone\" \/>\n<meta property=\"og:description\" content=\"Information selon le \u00a7 5 TMG : Colour of Stone GmbHAlbert-Einstein-Str. 1031135 Hildesheim &#8211; GERMANY T\u00e9l\u00e9phone +49 5121 102309E-Mail hello@colourofstone.comSite web colourofstone.com Tribunal d&#8217;enregistrement : &nbsp;Tribunal d&#8217;instance de Hildesheim Num\u00e9ro d&#8217;enregistrement : &nbsp;HRB 207 255 Repr\u00e9sentant autoris\u00e9 directeur g\u00e9n\u00e9ral : Friedrich Aly Num\u00e9ro d&#8217;identification de la taxe sur les ventes conform\u00e9ment \u00e0 l&#8217;article 27a de ...\" \/>\n<meta property=\"og:url\" content=\"https:\/\/colourofstone.com\/fr\/mentions-legales\/\" \/>\n<meta property=\"og:site_name\" content=\"Colour of Stone\" \/>\n<meta property=\"article:modified_time\" content=\"2025-07-29T06:51:01+00:00\" \/>\n<meta property=\"og:image\" content=\"https:\/\/steinwolf.de\/wp-content\/uploads\/h4MLogo.png\" \/>\n<meta name=\"twitter:card\" content=\"summary_large_image\" \/>\n<meta name=\"twitter:label1\" content=\"Dur\u00e9e de lecture estim\u00e9e\" \/>\n\t<meta name=\"twitter:data1\" content=\"3 minutes\" \/>\n<script type=\"application\/ld+json\" class=\"yoast-schema-graph\">{\"@context\":\"https:\\\/\\\/schema.org\",\"@graph\":[{\"@type\":\"WebPage\",\"@id\":\"https:\\\/\\\/colourofstone.com\\\/fr\\\/mentions-legales\\\/\",\"url\":\"https:\\\/\\\/colourofstone.com\\\/fr\\\/mentions-legales\\\/\",\"name\":\"Mentions l\u00e9gales - Colour of Stone\",\"isPartOf\":{\"@id\":\"https:\\\/\\\/colourofstone.com\\\/fr\\\/#website\"},\"primaryImageOfPage\":{\"@id\":\"https:\\\/\\\/colourofstone.com\\\/fr\\\/mentions-legales\\\/#primaryimage\"},\"image\":{\"@id\":\"https:\\\/\\\/colourofstone.com\\\/fr\\\/mentions-legales\\\/#primaryimage\"},\"thumbnailUrl\":\"https:\\\/\\\/steinwolf.de\\\/wp-content\\\/uploads\\\/h4MLogo.png\",\"datePublished\":\"2020-12-29T07:26:34+00:00\",\"dateModified\":\"2025-07-29T06:51:01+00:00\",\"breadcrumb\":{\"@id\":\"https:\\\/\\\/colourofstone.com\\\/fr\\\/mentions-legales\\\/#breadcrumb\"},\"inLanguage\":\"fr-FR\",\"potentialAction\":[{\"@type\":\"ReadAction\",\"target\":[\"https:\\\/\\\/colourofstone.com\\\/fr\\\/mentions-legales\\\/\"]}]},{\"@type\":\"ImageObject\",\"inLanguage\":\"fr-FR\",\"@id\":\"https:\\\/\\\/colourofstone.com\\\/fr\\\/mentions-legales\\\/#primaryimage\",\"url\":\"https:\\\/\\\/steinwolf.de\\\/wp-content\\\/uploads\\\/h4MLogo.png\",\"contentUrl\":\"https:\\\/\\\/steinwolf.de\\\/wp-content\\\/uploads\\\/h4MLogo.png\"},{\"@type\":\"BreadcrumbList\",\"@id\":\"https:\\\/\\\/colourofstone.com\\\/fr\\\/mentions-legales\\\/#breadcrumb\",\"itemListElement\":[{\"@type\":\"ListItem\",\"position\":1,\"name\":\"Home\",\"item\":\"https:\\\/\\\/colourofstone.com\\\/fr\\\/\"},{\"@type\":\"ListItem\",\"position\":2,\"name\":\"Mentions l\u00e9gales\"}]},{\"@type\":\"WebSite\",\"@id\":\"https:\\\/\\\/colourofstone.com\\\/fr\\\/#website\",\"url\":\"https:\\\/\\\/colourofstone.com\\\/fr\\\/\",\"name\":\"Colour of Stone\",\"description\":\"Fliesen, Haus und Garten Produkte aus Naturstein - Online Shop\",\"publisher\":{\"@id\":\"https:\\\/\\\/colourofstone.com\\\/fr\\\/#organization\"},\"potentialAction\":[{\"@type\":\"SearchAction\",\"target\":{\"@type\":\"EntryPoint\",\"urlTemplate\":\"https:\\\/\\\/colourofstone.com\\\/fr\\\/?s={search_term_string}\"},\"query-input\":{\"@type\":\"PropertyValueSpecification\",\"valueRequired\":true,\"valueName\":\"search_term_string\"}}],\"inLanguage\":\"fr-FR\"},{\"@type\":\"Organization\",\"@id\":\"https:\\\/\\\/colourofstone.com\\\/fr\\\/#organization\",\"name\":\"Colour of Stone GmbH\",\"url\":\"https:\\\/\\\/colourofstone.com\\\/fr\\\/\",\"logo\":{\"@type\":\"ImageObject\",\"inLanguage\":\"fr-FR\",\"@id\":\"https:\\\/\\\/colourofstone.com\\\/fr\\\/#\\\/schema\\\/logo\\\/image\\\/\",\"url\":\"https:\\\/\\\/colourofstone.com\\\/wp-content\\\/uploads\\\/99FC1526-DF3B-44F1-9816-9278D3194252-scaled.jpeg\",\"contentUrl\":\"https:\\\/\\\/colourofstone.com\\\/wp-content\\\/uploads\\\/99FC1526-DF3B-44F1-9816-9278D3194252-scaled.jpeg\",\"width\":2125,\"height\":2560,\"caption\":\"Colour of Stone GmbH\"},\"image\":{\"@id\":\"https:\\\/\\\/colourofstone.com\\\/fr\\\/#\\\/schema\\\/logo\\\/image\\\/\"},\"sameAs\":[\"https:\\\/\\\/www.instagram.com\\\/colourofstone\\\/\"]}]}<\/script>\n<!-- \/ Yoast SEO plugin. -->","yoast_head_json":{"title":"Mentions l\u00e9gales - Colour of Stone","robots":{"index":"noindex","follow":"nofollow"},"og_locale":"fr_FR","og_type":"article","og_title":"Mentions l\u00e9gales - Colour of Stone","og_description":"Information selon le \u00a7 5 TMG : Colour of Stone GmbHAlbert-Einstein-Str. 1031135 Hildesheim &#8211; GERMANY T\u00e9l\u00e9phone +49 5121 102309E-Mail hello@colourofstone.comSite web colourofstone.com Tribunal d&#8217;enregistrement : &nbsp;Tribunal d&#8217;instance de Hildesheim Num\u00e9ro d&#8217;enregistrement : &nbsp;HRB 207 255 Repr\u00e9sentant autoris\u00e9 directeur g\u00e9n\u00e9ral : Friedrich Aly Num\u00e9ro d&#8217;identification de la taxe sur les ventes conform\u00e9ment \u00e0 l&#8217;article 27a de ...","og_url":"https:\/\/colourofstone.com\/fr\/mentions-legales\/","og_site_name":"Colour of Stone","article_modified_time":"2025-07-29T06:51:01+00:00","og_image":[{"url":"https:\/\/steinwolf.de\/wp-content\/uploads\/h4MLogo.png","type":"","width":"","height":""}],"twitter_card":"summary_large_image","twitter_misc":{"Dur\u00e9e de lecture estim\u00e9e":"3 minutes"},"schema":{"@context":"https:\/\/schema.org","@graph":[{"@type":"WebPage","@id":"https:\/\/colourofstone.com\/fr\/mentions-legales\/","url":"https:\/\/colourofstone.com\/fr\/mentions-legales\/","name":"Mentions l\u00e9gales - Colour of Stone","isPartOf":{"@id":"https:\/\/colourofstone.com\/fr\/#website"},"primaryImageOfPage":{"@id":"https:\/\/colourofstone.com\/fr\/mentions-legales\/#primaryimage"},"image":{"@id":"https:\/\/colourofstone.com\/fr\/mentions-legales\/#primaryimage"},"thumbnailUrl":"https:\/\/steinwolf.de\/wp-content\/uploads\/h4MLogo.png","datePublished":"2020-12-29T07:26:34+00:00","dateModified":"2025-07-29T06:51:01+00:00","breadcrumb":{"@id":"https:\/\/colourofstone.com\/fr\/mentions-legales\/#breadcrumb"},"inLanguage":"fr-FR","potentialAction":[{"@type":"ReadAction","target":["https:\/\/colourofstone.com\/fr\/mentions-legales\/"]}]},{"@type":"ImageObject","inLanguage":"fr-FR","@id":"https:\/\/colourofstone.com\/fr\/mentions-legales\/#primaryimage","url":"https:\/\/steinwolf.de\/wp-content\/uploads\/h4MLogo.png","contentUrl":"https:\/\/steinwolf.de\/wp-content\/uploads\/h4MLogo.png"},{"@type":"BreadcrumbList","@id":"https:\/\/colourofstone.com\/fr\/mentions-legales\/#breadcrumb","itemListElement":[{"@type":"ListItem","position":1,"name":"Home","item":"https:\/\/colourofstone.com\/fr\/"},{"@type":"ListItem","position":2,"name":"Mentions l\u00e9gales"}]},{"@type":"WebSite","@id":"https:\/\/colourofstone.com\/fr\/#website","url":"https:\/\/colourofstone.com\/fr\/","name":"Colour of Stone","description":"Fliesen, Haus und Garten Produkte aus Naturstein - Online Shop","publisher":{"@id":"https:\/\/colourofstone.com\/fr\/#organization"},"potentialAction":[{"@type":"SearchAction","target":{"@type":"EntryPoint","urlTemplate":"https:\/\/colourofstone.com\/fr\/?s={search_term_string}"},"query-input":{"@type":"PropertyValueSpecification","valueRequired":true,"valueName":"search_term_string"}}],"inLanguage":"fr-FR"},{"@type":"Organization","@id":"https:\/\/colourofstone.com\/fr\/#organization","name":"Colour of Stone GmbH","url":"https:\/\/colourofstone.com\/fr\/","logo":{"@type":"ImageObject","inLanguage":"fr-FR","@id":"https:\/\/colourofstone.com\/fr\/#\/schema\/logo\/image\/","url":"https:\/\/colourofstone.com\/wp-content\/uploads\/99FC1526-DF3B-44F1-9816-9278D3194252-scaled.jpeg","contentUrl":"https:\/\/colourofstone.com\/wp-content\/uploads\/99FC1526-DF3B-44F1-9816-9278D3194252-scaled.jpeg","width":2125,"height":2560,"caption":"Colour of Stone GmbH"},"image":{"@id":"https:\/\/colourofstone.com\/fr\/#\/schema\/logo\/image\/"},"sameAs":["https:\/\/www.instagram.com\/colourofstone\/"]}]}},"_links":{"self":[{"href":"https:\/\/colourofstone.com\/fr\/wp-json\/wp\/v2\/pages\/16970","targetHints":{"allow":["GET"]}}],"collection":[{"href":"https:\/\/colourofstone.com\/fr\/wp-json\/wp\/v2\/pages"}],"about":[{"href":"https:\/\/colourofstone.com\/fr\/wp-json\/wp\/v2\/types\/page"}],"author":[{"embeddable":true,"href":"https:\/\/colourofstone.com\/fr\/wp-json\/wp\/v2\/users\/2"}],"replies":[{"embeddable":true,"href":"https:\/\/colourofstone.com\/fr\/wp-json\/wp\/v2\/comments?post=16970"}],"version-history":[{"count":10,"href":"https:\/\/colourofstone.com\/fr\/wp-json\/wp\/v2\/pages\/16970\/revisions"}],"predecessor-version":[{"id":84758,"href":"https:\/\/colourofstone.com\/fr\/wp-json\/wp\/v2\/pages\/16970\/revisions\/84758"}],"wp:attachment":[{"href":"https:\/\/colourofstone.com\/fr\/wp-json\/wp\/v2\/media?parent=16970"}],"curies":[{"name":"wp","href":"https:\/\/api.w.org\/{rel}","templated":true}]}}