{"id":16995,"date":"2020-12-29T07:36:09","date_gmt":"2020-12-29T07:36:09","guid":{"rendered":"https:\/\/colourofstone.com\/livraison\/"},"modified":"2025-07-29T05:44:28","modified_gmt":"2025-07-29T05:44:28","slug":"informations-sur-la-livraison","status":"publish","type":"page","link":"https:\/\/colourofstone.com\/fr\/informations-sur-la-livraison\/","title":{"rendered":"Informations sur la livraison"},"content":{"rendered":"\n<p class=\"is-style-border-s\">La livraison est gratuite en bordure de trottoir sur une route pav\u00e9e (b\u00e9tonn\u00e9e). Le d\u00e9chargement se fait \u00e0 l\u2019aide d\u2019une plate-forme \u00e9l\u00e9vatrice et d\u2019un transpalette.<\/p>\n\n\n\n<p class=\"is-style-border-s\">La livraison est effectu\u00e9e par une agence de transport avec des camions de 7,5 \u00e0 40 tonnes. Une arriv\u00e9e et un d\u00e9part sans probl\u00e8me doivent \u00eatre garantis.<\/p>\n\n\n\n<div style=\"height:20px\" aria-hidden=\"true\" class=\"wp-block-spacer\"><\/div>\n\n\n\n<p class=\"is-style-border-s\"><strong><strong><strong>Livraison Europe<\/strong><\/strong><\/strong> <strong><strong><strong>gratuite (\u00e0 l\u2019exclusion des \u00eeles et des r\u00e9gions \u00e9loign\u00e9es)<\/strong><\/strong><\/strong><\/p>\n\n\n\n<p class=\"is-style-border-l\">Belgique, Allemagne, France, Italie (y compris les \u00eeles), Luxembourg, Pays-Bas, Portugal, Espagne (y compris les Bal\u00e9ares), Autriche, Croatie, Slov\u00e9nie, R\u00e9publique tch\u00e8que, Estonie, Pologne, Hongrie, Roumanie, Slovaquie, Lituanie, Lettonie, Monaco.<\/p>\n\n\n\n<div style=\"height:20px\" aria-hidden=\"true\" class=\"wp-block-spacer\"><\/div>\n\n\n\n<p class=\"is-style-border-s\"><strong><strong><strong>Livraison Europe<\/strong><\/strong><\/strong> <strong><strong><strong>avec frais de port forfaitaires ou suppl\u00e9ment \u00eele de EUR 238,00 <strong><strong>(TTC 19% DE)<\/strong><\/strong><\/strong><\/strong><\/strong><\/p>\n\n\n\n<p class=\"is-style-border-l\">Danemark, Finlande, Su\u00e8de, Bulgarie, Gr\u00e8ce (sans \u00eeles), Irlande, Liechtenstein, Suisse, \u00eeles Canaries, Corse, \u00eeles allemandes, \u00eeles n\u00e9erlandaises, Mad\u00e8re<\/p>\n\n\n\n<div style=\"height:20px\" aria-hidden=\"true\" class=\"wp-block-spacer\"><\/div>\n\n\n\n<p class=\"is-style-border-s\"><strong><strong><strong>Livraison Europe<\/strong><\/strong><\/strong> <strong><strong><strong>avec frais de port forfaitaires ou suppl\u00e9ment \u00eele de EUR 476,00 <strong><strong>(TTC 19% DE)<\/strong><\/strong><\/strong><\/strong><\/strong><\/p>\n\n\n\n<p class=\"is-style-border-l\">Norv\u00e8ge, Royaume-Uni, A\u00e7ores, \u00eeles fran\u00e7aises (sans Corse), \u00eeles grecques, \u00eeles croates, Ceuta, Melilla, Heligoland<\/p>\n\n\n\n<div style=\"height:20px\" aria-hidden=\"true\" class=\"wp-block-spacer\"><\/div>\n\n\n\n<p class=\"is-style-border-s\"><strong>Livraison aux \u00c9tats-Unis par fret a\u00e9rien ou maritime<\/strong><\/p>\n\n\n\n<p class=\"is-style-border-l\">Les livraisons aux \u00c9tats-Unis sont effectu\u00e9es par fret a\u00e9rien ou, sur demande, par fret maritime. Les frais de livraison comprennent le prix des mat\u00e9riaux command\u00e9s, major\u00e9 des frais d&#8217;exp\u00e9dition pour le fret a\u00e9rien. Ces derniers comprennent le transport, le fret a\u00e9rien standard, l&#8217;emballage, les documents d&#8217;exportation, les frais, le d\u00e9douanement et la livraison \u00e0 l&#8217;adresse de destination. Le montant total est indiqu\u00e9 en euros.<\/p>\n\n\n\n<p class=\"is-style-border-l\">Les livraisons aux \u00c9tats-Unis sont consid\u00e9r\u00e9es comme des livraisons \u00e0 l&#8217;exportation hors taxes conform\u00e9ment \u00e0 l&#8217;article 6 de la loi allemande sur la taxe sur la valeur ajout\u00e9e (UStG). Veuillez noter que les \u00e9ventuels droits d&#8217;importation aux \u00c9tats-Unis, tels que les droits de douane ou les taxes \u00e0 l&#8217;importation, sont \u00e0 la charge du destinataire.<\/p>\n\n\n\n<p class=\"is-style-border-l\">Le fret maritime est une alternative plus \u00e9conomique, particuli\u00e8rement adapt\u00e9e aux grandes quantit\u00e9s. Nous nous ferons un plaisir de vous communiquer les d\u00e9lais de livraison et les tarifs du fret maritime sur demande.<\/p>\n\n\n\n<div style=\"height:20px\" aria-hidden=\"true\" class=\"wp-block-spacer\"><\/div>\n\n\n\n<p class=\"is-style-border-s\"><strong>Livraison aux \u00c9tats-Unis par fret a\u00e9rien ou maritime<\/strong><\/p>\n\n\n\n<p class=\"is-style-border-s\">Les livraisons ne sont effectu\u00e9es que dans le cadre de l\u2019accord de Schengen (sauf mention contraire). Les pays ou territoires qui ne figurent pas sur la liste, tels que le Groenland, les \u00eeles F\u00e9ro\u00e9, les territoires fran\u00e7ais et n\u00e9erlandais d\u2019outre-mer ne sont pas fournis.<\/p>\n\n\n\n<div style=\"height:100px\" aria-hidden=\"true\" class=\"wp-block-spacer\"><\/div>\n\n\n\n<div class=\"wp-block-columns is-layout-flex wp-container-core-columns-is-layout-9d6595d7 wp-block-columns-is-layout-flex\">\n<div class=\"wp-block-column is-layout-flow wp-block-column-is-layout-flow\"><div class=\"wp-block-image is-style-default\">\n<figure class=\"aligncenter size-large\"><img width=\"1024\" height=\"768\" data-src=\"https:\/\/colourofstone.com\/wp-content\/uploads\/Versand-1024x768.jpg\" alt=\"\" class=\"wp-image-29664\" srcset=\"https:\/\/colourofstone.com\/wp-content\/uploads\/Versand-1024x768.jpg 1024w, https:\/\/colourofstone.com\/wp-content\/uploads\/Versand-800x600.jpg 800w, https:\/\/colourofstone.com\/wp-content\/uploads\/Versand-300x225.jpg 300w, https:\/\/colourofstone.com\/wp-content\/uploads\/Versand-1536x1152.jpg 1536w, https:\/\/colourofstone.com\/wp-content\/uploads\/Versand.jpg 2000w\" sizes=\"(max-width: 1024px) 100vw, 1024px\" \/><\/figure><\/div><\/div>\n\n\n\n<div class=\"wp-block-column is-layout-flow wp-block-column-is-layout-flow\"><div class=\"wp-block-image is-style-default\">\n<figure class=\"aligncenter size-large\"><img width=\"1024\" height=\"768\" data-src=\"https:\/\/colourofstone.com\/wp-content\/uploads\/Versand2-1024x768.jpg\" alt=\"\" class=\"wp-image-29674\" srcset=\"https:\/\/colourofstone.com\/wp-content\/uploads\/Versand2-1024x768.jpg 1024w, https:\/\/colourofstone.com\/wp-content\/uploads\/Versand2-800x600.jpg 800w, https:\/\/colourofstone.com\/wp-content\/uploads\/Versand2-300x225.jpg 300w, https:\/\/colourofstone.com\/wp-content\/uploads\/Versand2-1536x1152.jpg 1536w, https:\/\/colourofstone.com\/wp-content\/uploads\/Versand2-80x60.jpg 80w, https:\/\/colourofstone.com\/wp-content\/uploads\/Versand2-120x90.jpg 120w, https:\/\/colourofstone.com\/wp-content\/uploads\/Versand2.jpg 2000w\" sizes=\"(max-width: 1024px) 100vw, 1024px\" \/><\/figure><\/div><\/div>\n<\/div>\n\n        <script>\n        function toggleInchInfo(el) {\n            const infoBox = el.nextElementSibling;\n            if (infoBox.style.display === \"none\") {\n                infoBox.style.display = \"inline\";\n            } else {\n                infoBox.style.display = \"none\";\n            }\n        }\n        <\/script>\n        <style>\n            .cm-info {\n                cursor: pointer;\n                color: #0073aa;\n                font-weight: bold;\n                margin-left: 4px;\n            }\n            .inch-info {\n                display: none;\n                background: #f8f8f8;\n                border: 1px solid #ccc;\n                padding: 4px 8px;\n                margin-left: 5px;\n                font-size: 0.9em;\n                border-radius: 4px;\n            }\n        <\/style>","protected":false},"excerpt":{"rendered":"<p>La livraison est gratuite en bordure de trottoir sur une route pav\u00e9e (b\u00e9tonn\u00e9e). Le d\u00e9chargement se fait \u00e0 l\u2019aide d\u2019une plate-forme \u00e9l\u00e9vatrice et d\u2019un transpalette. La livraison est effectu\u00e9e par une agence de transport avec des camions de 7,5 \u00e0 40 tonnes. Une arriv\u00e9e et un d\u00e9part sans probl\u00e8me doivent \u00eatre garantis. Livraison Europe gratuite <a href=\"https:\/\/colourofstone.com\/fr\/informations-sur-la-livraison\/\" class=\"more-link\">&#8230;<\/a><\/p>\n","protected":false},"author":2,"featured_media":0,"parent":0,"menu_order":0,"comment_status":"closed","ping_status":"closed","template":"","meta":{"footnotes":""},"class_list":["post-16995","page","type-page","status-publish","hentry"],"yoast_head":"<!-- This site is optimized with the Yoast SEO plugin v27.4 - https:\/\/yoast.com\/product\/yoast-seo-wordpress\/ -->\n<title>Informations sur la livraison - gratuit vers 23 pays - Colour of Stone<\/title>\n<meta name=\"description\" content=\"Nous livrons des carreaux de marbre dans de nombreux formats et surfaces jusqu&#039;\u00e0 100 x 100 cm sans frais d&#039;exp\u00e9dition dans de nombreux pays.\" \/>\n<meta name=\"robots\" content=\"index, follow, max-snippet:-1, max-image-preview:large, max-video-preview:-1\" \/>\n<link rel=\"canonical\" href=\"https:\/\/colourofstone.com\/fr\/informations-sur-la-livraison\/\" \/>\n<meta property=\"og:locale\" content=\"fr_FR\" \/>\n<meta property=\"og:type\" content=\"article\" \/>\n<meta property=\"og:title\" content=\"Informations sur la livraison - gratuit vers 23 pays - Colour of Stone\" \/>\n<meta property=\"og:description\" content=\"Nous livrons des carreaux de marbre dans de nombreux formats et surfaces jusqu&#039;\u00e0 100 x 100 cm sans frais d&#039;exp\u00e9dition dans de nombreux pays.\" \/>\n<meta property=\"og:url\" content=\"https:\/\/colourofstone.com\/fr\/informations-sur-la-livraison\/\" \/>\n<meta property=\"og:site_name\" content=\"Colour of Stone\" \/>\n<meta property=\"article:modified_time\" content=\"2025-07-29T05:44:28+00:00\" \/>\n<meta property=\"og:image\" content=\"https:\/\/colourofstone.com\/wp-content\/uploads\/Versand-1024x768.jpg\" \/>\n<meta name=\"twitter:card\" content=\"summary_large_image\" \/>\n<meta name=\"twitter:label1\" content=\"Dur\u00e9e de lecture estim\u00e9e\" \/>\n\t<meta name=\"twitter:data1\" content=\"2 minutes\" \/>\n<script type=\"application\/ld+json\" class=\"yoast-schema-graph\">{\"@context\":\"https:\\\/\\\/schema.org\",\"@graph\":[{\"@type\":\"WebPage\",\"@id\":\"https:\\\/\\\/colourofstone.com\\\/fr\\\/informations-sur-la-livraison\\\/\",\"url\":\"https:\\\/\\\/colourofstone.com\\\/fr\\\/informations-sur-la-livraison\\\/\",\"name\":\"Informations sur la livraison - gratuit vers 23 pays - Colour of Stone\",\"isPartOf\":{\"@id\":\"https:\\\/\\\/colourofstone.com\\\/fr\\\/#website\"},\"primaryImageOfPage\":{\"@id\":\"https:\\\/\\\/colourofstone.com\\\/fr\\\/informations-sur-la-livraison\\\/#primaryimage\"},\"image\":{\"@id\":\"https:\\\/\\\/colourofstone.com\\\/fr\\\/informations-sur-la-livraison\\\/#primaryimage\"},\"thumbnailUrl\":\"https:\\\/\\\/colourofstone.com\\\/wp-content\\\/uploads\\\/Versand-1024x768.jpg\",\"datePublished\":\"2020-12-29T07:36:09+00:00\",\"dateModified\":\"2025-07-29T05:44:28+00:00\",\"description\":\"Nous livrons des carreaux de marbre dans de nombreux formats et surfaces jusqu'\u00e0 100 x 100 cm sans frais d'exp\u00e9dition dans de nombreux pays.\",\"breadcrumb\":{\"@id\":\"https:\\\/\\\/colourofstone.com\\\/fr\\\/informations-sur-la-livraison\\\/#breadcrumb\"},\"inLanguage\":\"fr-FR\",\"potentialAction\":[{\"@type\":\"ReadAction\",\"target\":[\"https:\\\/\\\/colourofstone.com\\\/fr\\\/informations-sur-la-livraison\\\/\"]}]},{\"@type\":\"ImageObject\",\"inLanguage\":\"fr-FR\",\"@id\":\"https:\\\/\\\/colourofstone.com\\\/fr\\\/informations-sur-la-livraison\\\/#primaryimage\",\"url\":\"https:\\\/\\\/colourofstone.com\\\/wp-content\\\/uploads\\\/Versand-1024x768.jpg\",\"contentUrl\":\"https:\\\/\\\/colourofstone.com\\\/wp-content\\\/uploads\\\/Versand-1024x768.jpg\"},{\"@type\":\"BreadcrumbList\",\"@id\":\"https:\\\/\\\/colourofstone.com\\\/fr\\\/informations-sur-la-livraison\\\/#breadcrumb\",\"itemListElement\":[{\"@type\":\"ListItem\",\"position\":1,\"name\":\"Home\",\"item\":\"https:\\\/\\\/colourofstone.com\\\/fr\\\/\"},{\"@type\":\"ListItem\",\"position\":2,\"name\":\"Informations sur la livraison\"}]},{\"@type\":\"WebSite\",\"@id\":\"https:\\\/\\\/colourofstone.com\\\/fr\\\/#website\",\"url\":\"https:\\\/\\\/colourofstone.com\\\/fr\\\/\",\"name\":\"Colour of Stone\",\"description\":\"Fliesen, Haus und Garten Produkte aus Naturstein - Online Shop\",\"publisher\":{\"@id\":\"https:\\\/\\\/colourofstone.com\\\/fr\\\/#organization\"},\"potentialAction\":[{\"@type\":\"SearchAction\",\"target\":{\"@type\":\"EntryPoint\",\"urlTemplate\":\"https:\\\/\\\/colourofstone.com\\\/fr\\\/?s={search_term_string}\"},\"query-input\":{\"@type\":\"PropertyValueSpecification\",\"valueRequired\":true,\"valueName\":\"search_term_string\"}}],\"inLanguage\":\"fr-FR\"},{\"@type\":\"Organization\",\"@id\":\"https:\\\/\\\/colourofstone.com\\\/fr\\\/#organization\",\"name\":\"Colour of Stone GmbH\",\"url\":\"https:\\\/\\\/colourofstone.com\\\/fr\\\/\",\"logo\":{\"@type\":\"ImageObject\",\"inLanguage\":\"fr-FR\",\"@id\":\"https:\\\/\\\/colourofstone.com\\\/fr\\\/#\\\/schema\\\/logo\\\/image\\\/\",\"url\":\"https:\\\/\\\/colourofstone.com\\\/wp-content\\\/uploads\\\/99FC1526-DF3B-44F1-9816-9278D3194252-scaled.jpeg\",\"contentUrl\":\"https:\\\/\\\/colourofstone.com\\\/wp-content\\\/uploads\\\/99FC1526-DF3B-44F1-9816-9278D3194252-scaled.jpeg\",\"width\":2125,\"height\":2560,\"caption\":\"Colour of Stone GmbH\"},\"image\":{\"@id\":\"https:\\\/\\\/colourofstone.com\\\/fr\\\/#\\\/schema\\\/logo\\\/image\\\/\"},\"sameAs\":[\"https:\\\/\\\/www.instagram.com\\\/colourofstone\\\/\"]}]}<\/script>\n<!-- \/ Yoast SEO plugin. -->","yoast_head_json":{"title":"Informations sur la livraison - gratuit vers 23 pays - Colour of Stone","description":"Nous livrons des carreaux de marbre dans de nombreux formats et surfaces jusqu'\u00e0 100 x 100 cm sans frais d'exp\u00e9dition dans de nombreux pays.","robots":{"index":"index","follow":"follow","max-snippet":"max-snippet:-1","max-image-preview":"max-image-preview:large","max-video-preview":"max-video-preview:-1"},"canonical":"https:\/\/colourofstone.com\/fr\/informations-sur-la-livraison\/","og_locale":"fr_FR","og_type":"article","og_title":"Informations sur la livraison - gratuit vers 23 pays - Colour of Stone","og_description":"Nous livrons des carreaux de marbre dans de nombreux formats et surfaces jusqu'\u00e0 100 x 100 cm sans frais d'exp\u00e9dition dans de nombreux pays.","og_url":"https:\/\/colourofstone.com\/fr\/informations-sur-la-livraison\/","og_site_name":"Colour of Stone","article_modified_time":"2025-07-29T05:44:28+00:00","og_image":[{"url":"https:\/\/colourofstone.com\/wp-content\/uploads\/Versand-1024x768.jpg","type":"","width":"","height":""}],"twitter_card":"summary_large_image","twitter_misc":{"Dur\u00e9e de lecture estim\u00e9e":"2 minutes"},"schema":{"@context":"https:\/\/schema.org","@graph":[{"@type":"WebPage","@id":"https:\/\/colourofstone.com\/fr\/informations-sur-la-livraison\/","url":"https:\/\/colourofstone.com\/fr\/informations-sur-la-livraison\/","name":"Informations sur la livraison - gratuit vers 23 pays - Colour of Stone","isPartOf":{"@id":"https:\/\/colourofstone.com\/fr\/#website"},"primaryImageOfPage":{"@id":"https:\/\/colourofstone.com\/fr\/informations-sur-la-livraison\/#primaryimage"},"image":{"@id":"https:\/\/colourofstone.com\/fr\/informations-sur-la-livraison\/#primaryimage"},"thumbnailUrl":"https:\/\/colourofstone.com\/wp-content\/uploads\/Versand-1024x768.jpg","datePublished":"2020-12-29T07:36:09+00:00","dateModified":"2025-07-29T05:44:28+00:00","description":"Nous livrons des carreaux de marbre dans de nombreux formats et surfaces jusqu'\u00e0 100 x 100 cm sans frais d'exp\u00e9dition dans de nombreux pays.","breadcrumb":{"@id":"https:\/\/colourofstone.com\/fr\/informations-sur-la-livraison\/#breadcrumb"},"inLanguage":"fr-FR","potentialAction":[{"@type":"ReadAction","target":["https:\/\/colourofstone.com\/fr\/informations-sur-la-livraison\/"]}]},{"@type":"ImageObject","inLanguage":"fr-FR","@id":"https:\/\/colourofstone.com\/fr\/informations-sur-la-livraison\/#primaryimage","url":"https:\/\/colourofstone.com\/wp-content\/uploads\/Versand-1024x768.jpg","contentUrl":"https:\/\/colourofstone.com\/wp-content\/uploads\/Versand-1024x768.jpg"},{"@type":"BreadcrumbList","@id":"https:\/\/colourofstone.com\/fr\/informations-sur-la-livraison\/#breadcrumb","itemListElement":[{"@type":"ListItem","position":1,"name":"Home","item":"https:\/\/colourofstone.com\/fr\/"},{"@type":"ListItem","position":2,"name":"Informations sur la livraison"}]},{"@type":"WebSite","@id":"https:\/\/colourofstone.com\/fr\/#website","url":"https:\/\/colourofstone.com\/fr\/","name":"Colour of Stone","description":"Fliesen, Haus und Garten Produkte aus Naturstein - Online Shop","publisher":{"@id":"https:\/\/colourofstone.com\/fr\/#organization"},"potentialAction":[{"@type":"SearchAction","target":{"@type":"EntryPoint","urlTemplate":"https:\/\/colourofstone.com\/fr\/?s={search_term_string}"},"query-input":{"@type":"PropertyValueSpecification","valueRequired":true,"valueName":"search_term_string"}}],"inLanguage":"fr-FR"},{"@type":"Organization","@id":"https:\/\/colourofstone.com\/fr\/#organization","name":"Colour of Stone GmbH","url":"https:\/\/colourofstone.com\/fr\/","logo":{"@type":"ImageObject","inLanguage":"fr-FR","@id":"https:\/\/colourofstone.com\/fr\/#\/schema\/logo\/image\/","url":"https:\/\/colourofstone.com\/wp-content\/uploads\/99FC1526-DF3B-44F1-9816-9278D3194252-scaled.jpeg","contentUrl":"https:\/\/colourofstone.com\/wp-content\/uploads\/99FC1526-DF3B-44F1-9816-9278D3194252-scaled.jpeg","width":2125,"height":2560,"caption":"Colour of Stone GmbH"},"image":{"@id":"https:\/\/colourofstone.com\/fr\/#\/schema\/logo\/image\/"},"sameAs":["https:\/\/www.instagram.com\/colourofstone\/"]}]}},"_links":{"self":[{"href":"https:\/\/colourofstone.com\/fr\/wp-json\/wp\/v2\/pages\/16995","targetHints":{"allow":["GET"]}}],"collection":[{"href":"https:\/\/colourofstone.com\/fr\/wp-json\/wp\/v2\/pages"}],"about":[{"href":"https:\/\/colourofstone.com\/fr\/wp-json\/wp\/v2\/types\/page"}],"author":[{"embeddable":true,"href":"https:\/\/colourofstone.com\/fr\/wp-json\/wp\/v2\/users\/2"}],"replies":[{"embeddable":true,"href":"https:\/\/colourofstone.com\/fr\/wp-json\/wp\/v2\/comments?post=16995"}],"version-history":[{"count":10,"href":"https:\/\/colourofstone.com\/fr\/wp-json\/wp\/v2\/pages\/16995\/revisions"}],"predecessor-version":[{"id":84751,"href":"https:\/\/colourofstone.com\/fr\/wp-json\/wp\/v2\/pages\/16995\/revisions\/84751"}],"wp:attachment":[{"href":"https:\/\/colourofstone.com\/fr\/wp-json\/wp\/v2\/media?parent=16995"}],"curies":[{"name":"wp","href":"https:\/\/api.w.org\/{rel}","templated":true}]}}