{"id":17002,"date":"2020-12-29T07:40:04","date_gmt":"2020-12-29T07:40:04","guid":{"rendered":"https:\/\/colourofstone.com\/droit-de-retractation\/"},"modified":"2021-03-05T20:20:12","modified_gmt":"2021-03-05T20:20:12","slug":"droit-de-retractation","status":"publish","type":"page","link":"https:\/\/colourofstone.com\/fr\/droit-de-retractation\/","title":{"rendered":"Droit de r\u00e9tractation"},"content":{"rendered":"\n<h5 class=\"is-style-border-s wp-block-heading\"><strong><strong>Droit de r\u00e9tractation du consommateur<\/strong><\/strong><\/h5>\n\n\n\n<div style=\"height:20px\" aria-hidden=\"true\" class=\"wp-block-spacer\"><\/div>\n\n\n\n<p class=\"is-style-border-s\">En tant que consommateur final, vous achetez pour vos besoins propres, \u00e0 titre priv\u00e9, et en aucun cas tel un tiers qui, pour l&#8217;essentiel ici, ach\u00e8teraient \u00e0 des fins professionnelles ou encore au titre d&#8217;une activit\u00e9 ind\u00e9pendante. A partir du moment o\u00f9 vous avez effectu\u00e9 une commande dans notre boutique en ligne dans le respect de ce qui pr\u00e9c\u00e8de, vous disposez d&#8217;un droit de r\u00e9tractation dont les conditions sont les suivantes :<\/p>\n\n\n\n<div style=\"height:40px\" aria-hidden=\"true\" class=\"wp-block-spacer\"><\/div>\n\n\n\n<h5 class=\"is-style-border-s wp-block-heading\"><strong><strong>Informations sur les conditions de r\u00e9tractation<\/strong><\/strong><\/h5>\n\n\n\n<div style=\"height:20px\" aria-hidden=\"true\" class=\"wp-block-spacer\"><\/div>\n\n\n\n<p class=\"is-style-border-s\">Dans un d\u00e9lai de 14 jours, vous avez droit de r\u00e9voquer ce contrat sans conditions ni motivations. Le d\u00e9lai de r\u00e9tractation commence \u00e0 courir le jour o\u00f9 le consommateur ou un tiers autre que le transporteur et d\u00e9sign\u00e9 par le consommateur prend mat\u00e9riellement possession de chacun des biens command\u00e9s.<\/p>\n\n\n\n<p class=\"is-style-border-s\">Afin d&#8217;user de votre droit de r\u00e9tractation, il vous faut nous faire parvenir par voie postale ou par email, Colour of Stone GmbH, Albert-Einstein-Str. 10, 31135 Hildesheim, tel. +49 (0) 5121 102309, E-mail support@colourofstone.com une d\u00e9claration de votre d\u00e9cision de r\u00e9voquer ledit contrat. Vous pouvez pour ce faire utiliser le formulaire ci-dessous, sans que ceci ne soit n\u00e9anmoins une obligation. Afin que le d\u00e9lai de r\u00e9tractation soit respect\u00e9, il suffit que votre d\u00e9claration t\u00e9moignant de votre volont\u00e9 d&#8217;user de votre droit de r\u00e9tractation nous soit envoy\u00e9e avant la fin du d\u00e9lai de r\u00e9tractation.<\/p>\n\n\n\n<p class=\"is-style-border-s\"><strong><strong><strong>Cons\u00e9quences de la r\u00e9tractation<\/strong><\/strong><\/strong><\/p>\n\n\n\n<p class=\"is-style-border-s\">Si vous r\u00e9voquez le contrat, nous sommes alors en devoir de vous rembourser l&#8217;ensemble des paiements que nous avons re\u00e7u de votre part, et ce, y compris les frais de livraison (\u00e0 l&#8217;exception n\u00e9anmoins de co\u00fbts suppl\u00e9mentaires qui auraient pu \u00eatre occasionn\u00e9s \u00e0 partir du moment o\u00f9 vous auriez choisi un autre mode de livraison que la livraison standard et \u00e0 co\u00fbt r\u00e9duit que nous proposons). Ce remboursement sera effectu\u00e9 dans les plus brefs d\u00e9lais et au plus tard dans les quatorze jours \u00e0 compter de la r\u00e9ception, pour notre part, de votre d\u00e9claration de r\u00e9tractation. Nous utiliserons, pour ce remboursement, le m\u00eame moyen de paiement que vous avez vous-m\u00eame utilis\u00e9 lors de la transaction originelle, \u00e0 moins qu&#8217;il ait express\u00e9ment \u00e9t\u00e9 convenu avec vous d&#8217;un autre mode de remboursement; ce remboursement, quoiqu&#8217;il en soit, ne pourra faire l&#8217;objet pour vous d&#8217;aucun frais de quelque sorte. Nous pouvons cependant diff\u00e9rer le remboursement jusqu&#8217;\u00e0 ce que nous ayons re\u00e7u la marchandise en retour ou bien jusqu&#8217;\u00e0 ce que vous nous ayez fourni la preuve authentifi\u00e9e de l&#8217;envoi de celle-ci; r\u00e9ception ou attestation d&#8217;envoi, le premier faisant foi.<\/p>\n\n\n\n<p class=\"is-style-border-s\">Vous \u00eates tenu de nous renvoyer ou de nous remettre la marchandise imm\u00e9diatement ou, dans tous les cas, dans un d\u00e9lai de quatorze jours \u00e0 partir du moment o\u00f9 nous aurons \u00e9t\u00e9 inform\u00e9 de votre r\u00e9tractation. Le d\u00e9lai est respect\u00e9 si vous nous faites parvenir la marchandise dans un d\u00e9lai de quatorze jours. Vous supporterez les frais directs de retour des marchandises. Ces frais s&#8217;\u00e9l\u00e8vent \u00e0 un maximum de EUR 500,00 par palette.<\/p>\n\n\n\n<p class=\"is-style-border-s\">Vous ne devez r\u00e9pondre de la d\u00e9pr\u00e9ciation \u00e9ventuelle d&#8217;un bien que dans le cas o\u00f9 la d\u00e9pr\u00e9ciation de celui-ci serait, de votre part, la r\u00e9sultante de manipulations autres que celles n\u00e9cessaires afin de s&#8217;assurer de la nature et du bon fonctionnement du bien concern\u00e9.<\/p>\n\n\n\n<div style=\"height:40px\" aria-hidden=\"true\" class=\"wp-block-spacer\"><\/div>\n\n\n\n<h5 class=\"is-style-border-s wp-block-heading\"><strong><strong>FORMULAIRE TYPE DE R\u00c9TRACTATION<\/strong><\/strong><\/h5>\n\n\n\n<div style=\"height:20px\" aria-hidden=\"true\" class=\"wp-block-spacer\"><\/div>\n\n\n\n<p class=\"is-style-border-s\">(Si vous souhaitez r\u00e9voquer le contrat, veuillez remplir le pr\u00e9sent formulaire et nous le renvoyer)<\/p>\n\n\n\n<p class=\"is-style-border-s\">\u00e0 l&#8217;adresse postale:<br>Colour of Stone GmbH<br>Albert-Einstein-Str. 10<br>31135 Hildesheim \/ GERMANY<br><br>Tel. +49 (0) 5121 102309<br>E-Mail <a href=\"mailto:support@colourofstone.com\">support@colourofstone.com<\/a><\/p>\n\n\n\n<div style=\"height:40px\" aria-hidden=\"true\" class=\"wp-block-spacer\"><\/div>\n\n\n\n<p class=\"is-style-border-s\"><strong>Je\/Nous (*) vous notifie \/ notifions (*) par la pr\u00e9sente ma \/ notre (*) r\u00e9tractation du contrat portant sur la vente du bien suivant (*) \/ de la prestation suivante (*)<\/strong><\/p>\n\n\n\n<div style=\"height:40px\" aria-hidden=\"true\" class=\"wp-block-spacer\"><\/div>\n\n\n\n<hr class=\"wp-block-separator is-style-border-s\"\/>\n\n\n\n<p class=\"is-style-border-s\">Command\u00e9 le (*) \/ re\u00e7u le (*)<\/p>\n\n\n\n<div style=\"height:40px\" aria-hidden=\"true\" class=\"wp-block-spacer\"><\/div>\n\n\n\n<hr class=\"wp-block-separator is-style-border-s is-style-default\"\/>\n\n\n\n<p class=\"is-style-border-s\">Nom du \/ des consommateur(s)<\/p>\n\n\n\n<div style=\"height:40px\" aria-hidden=\"true\" class=\"wp-block-spacer\"><\/div>\n\n\n\n<hr class=\"wp-block-separator is-style-border-s\"\/>\n\n\n\n<p class=\"is-style-border-s\">Adress du \/ des consommateur(s)<\/p>\n\n\n\n<div style=\"height:80px\" aria-hidden=\"true\" class=\"wp-block-spacer\"><\/div>\n\n\n\n<hr class=\"wp-block-separator is-style-border-s\"\/>\n\n\n\n<p class=\"is-style-border-s\">Signature du \/ des consommateur(s) (uniquement en cas de notification \u00e9crite du formulaire)<\/p>\n\n\n\n<div style=\"height:40px\" aria-hidden=\"true\" class=\"wp-block-spacer\"><\/div>\n\n\n\n<hr class=\"wp-block-separator is-style-border-s\"\/>\n\n\n\n<p class=\"is-style-border-s\">Date<\/p>\n\n\n\n<div style=\"height:40px\" aria-hidden=\"true\" class=\"wp-block-spacer\"><\/div>\n\n\n\n<p class=\"is-style-border-s\">(*) Biffez la mention inutile.<\/p>\n\n\n\n<div style=\"height:121px\" aria-hidden=\"true\" class=\"wp-block-spacer\"><\/div>\n\n        <script>\n        function toggleInchInfo(el) {\n            const infoBox = el.nextElementSibling;\n            if (infoBox.style.display === \"none\") {\n                infoBox.style.display = \"inline\";\n            } else {\n                infoBox.style.display = \"none\";\n            }\n        }\n        <\/script>\n        <style>\n            .cm-info {\n                cursor: pointer;\n                color: #0073aa;\n                font-weight: bold;\n                margin-left: 4px;\n            }\n            .inch-info {\n                display: none;\n                background: #f8f8f8;\n                border: 1px solid #ccc;\n                padding: 4px 8px;\n                margin-left: 5px;\n                font-size: 0.9em;\n                border-radius: 4px;\n            }\n        <\/style>","protected":false},"excerpt":{"rendered":"<p>Droit de r\u00e9tractation du consommateur En tant que consommateur final, vous achetez pour vos besoins propres, \u00e0 titre priv\u00e9, et en aucun cas tel un tiers qui, pour l&#8217;essentiel ici, ach\u00e8teraient \u00e0 des fins professionnelles ou encore au titre d&#8217;une activit\u00e9 ind\u00e9pendante. A partir du moment o\u00f9 vous avez effectu\u00e9 une commande dans notre boutique <a href=\"https:\/\/colourofstone.com\/fr\/droit-de-retractation\/\" class=\"more-link\">&#8230;<\/a><\/p>\n","protected":false},"author":1,"featured_media":0,"parent":0,"menu_order":0,"comment_status":"closed","ping_status":"closed","template":"","meta":{"footnotes":""},"class_list":["post-17002","page","type-page","status-publish","hentry"],"yoast_head":"<!-- This site is optimized with the Yoast SEO plugin v27.3 - https:\/\/yoast.com\/product\/yoast-seo-wordpress\/ -->\n<title>Droit de r\u00e9tractation - Colour of Stone<\/title>\n<meta name=\"robots\" content=\"noindex, nofollow\" \/>\n<meta property=\"og:locale\" content=\"fr_FR\" \/>\n<meta property=\"og:type\" content=\"article\" \/>\n<meta property=\"og:title\" content=\"Droit de r\u00e9tractation - Colour of Stone\" \/>\n<meta property=\"og:description\" content=\"Droit de r\u00e9tractation du consommateur En tant que consommateur final, vous achetez pour vos besoins propres, \u00e0 titre priv\u00e9, et en aucun cas tel un tiers qui, pour l&#8217;essentiel ici, ach\u00e8teraient \u00e0 des fins professionnelles ou encore au titre d&#8217;une activit\u00e9 ind\u00e9pendante. A partir du moment o\u00f9 vous avez effectu\u00e9 une commande dans notre boutique ...\" \/>\n<meta property=\"og:url\" content=\"https:\/\/colourofstone.com\/fr\/droit-de-retractation\/\" \/>\n<meta property=\"og:site_name\" content=\"Colour of Stone\" \/>\n<meta property=\"article:modified_time\" content=\"2021-03-05T20:20:12+00:00\" \/>\n<meta property=\"og:image\" content=\"https:\/\/colourofstone.com\/wp-content\/uploads\/Logo.png\" \/>\n\t<meta property=\"og:image:width\" content=\"1086\" \/>\n\t<meta property=\"og:image:height\" content=\"553\" \/>\n\t<meta property=\"og:image:type\" content=\"image\/png\" \/>\n<meta name=\"twitter:card\" content=\"summary_large_image\" \/>\n<meta name=\"twitter:label1\" content=\"Dur\u00e9e de lecture estim\u00e9e\" \/>\n\t<meta name=\"twitter:data1\" content=\"3 minutes\" \/>\n<script type=\"application\/ld+json\" class=\"yoast-schema-graph\">{\"@context\":\"https:\\\/\\\/schema.org\",\"@graph\":[{\"@type\":\"WebPage\",\"@id\":\"https:\\\/\\\/colourofstone.com\\\/fr\\\/droit-de-retractation\\\/\",\"url\":\"https:\\\/\\\/colourofstone.com\\\/fr\\\/droit-de-retractation\\\/\",\"name\":\"Droit de r\u00e9tractation - Colour of Stone\",\"isPartOf\":{\"@id\":\"https:\\\/\\\/colourofstone.com\\\/fr\\\/#website\"},\"datePublished\":\"2020-12-29T07:40:04+00:00\",\"dateModified\":\"2021-03-05T20:20:12+00:00\",\"breadcrumb\":{\"@id\":\"https:\\\/\\\/colourofstone.com\\\/fr\\\/droit-de-retractation\\\/#breadcrumb\"},\"inLanguage\":\"fr-FR\",\"potentialAction\":[{\"@type\":\"ReadAction\",\"target\":[\"https:\\\/\\\/colourofstone.com\\\/fr\\\/droit-de-retractation\\\/\"]}]},{\"@type\":\"BreadcrumbList\",\"@id\":\"https:\\\/\\\/colourofstone.com\\\/fr\\\/droit-de-retractation\\\/#breadcrumb\",\"itemListElement\":[{\"@type\":\"ListItem\",\"position\":1,\"name\":\"Home\",\"item\":\"https:\\\/\\\/colourofstone.com\\\/fr\\\/\"},{\"@type\":\"ListItem\",\"position\":2,\"name\":\"Droit de r\u00e9tractation\"}]},{\"@type\":\"WebSite\",\"@id\":\"https:\\\/\\\/colourofstone.com\\\/fr\\\/#website\",\"url\":\"https:\\\/\\\/colourofstone.com\\\/fr\\\/\",\"name\":\"Colour of Stone\",\"description\":\"Fliesen, Haus und Garten Produkte aus Naturstein - Online Shop\",\"publisher\":{\"@id\":\"https:\\\/\\\/colourofstone.com\\\/fr\\\/#organization\"},\"potentialAction\":[{\"@type\":\"SearchAction\",\"target\":{\"@type\":\"EntryPoint\",\"urlTemplate\":\"https:\\\/\\\/colourofstone.com\\\/fr\\\/?s={search_term_string}\"},\"query-input\":{\"@type\":\"PropertyValueSpecification\",\"valueRequired\":true,\"valueName\":\"search_term_string\"}}],\"inLanguage\":\"fr-FR\"},{\"@type\":\"Organization\",\"@id\":\"https:\\\/\\\/colourofstone.com\\\/fr\\\/#organization\",\"name\":\"Colour of Stone GmbH\",\"url\":\"https:\\\/\\\/colourofstone.com\\\/fr\\\/\",\"logo\":{\"@type\":\"ImageObject\",\"inLanguage\":\"fr-FR\",\"@id\":\"https:\\\/\\\/colourofstone.com\\\/fr\\\/#\\\/schema\\\/logo\\\/image\\\/\",\"url\":\"https:\\\/\\\/colourofstone.com\\\/wp-content\\\/uploads\\\/99FC1526-DF3B-44F1-9816-9278D3194252-scaled.jpeg\",\"contentUrl\":\"https:\\\/\\\/colourofstone.com\\\/wp-content\\\/uploads\\\/99FC1526-DF3B-44F1-9816-9278D3194252-scaled.jpeg\",\"width\":2125,\"height\":2560,\"caption\":\"Colour of Stone GmbH\"},\"image\":{\"@id\":\"https:\\\/\\\/colourofstone.com\\\/fr\\\/#\\\/schema\\\/logo\\\/image\\\/\"},\"sameAs\":[\"https:\\\/\\\/www.instagram.com\\\/colourofstone\\\/\"]}]}<\/script>\n<!-- \/ Yoast SEO plugin. -->","yoast_head_json":{"title":"Droit de r\u00e9tractation - Colour of Stone","robots":{"index":"noindex","follow":"nofollow"},"og_locale":"fr_FR","og_type":"article","og_title":"Droit de r\u00e9tractation - Colour of Stone","og_description":"Droit de r\u00e9tractation du consommateur En tant que consommateur final, vous achetez pour vos besoins propres, \u00e0 titre priv\u00e9, et en aucun cas tel un tiers qui, pour l&#8217;essentiel ici, ach\u00e8teraient \u00e0 des fins professionnelles ou encore au titre d&#8217;une activit\u00e9 ind\u00e9pendante. A partir du moment o\u00f9 vous avez effectu\u00e9 une commande dans notre boutique ...","og_url":"https:\/\/colourofstone.com\/fr\/droit-de-retractation\/","og_site_name":"Colour of Stone","article_modified_time":"2021-03-05T20:20:12+00:00","og_image":[{"width":1086,"height":553,"url":"https:\/\/colourofstone.com\/wp-content\/uploads\/Logo.png","type":"image\/png"}],"twitter_card":"summary_large_image","twitter_misc":{"Dur\u00e9e de lecture estim\u00e9e":"3 minutes"},"schema":{"@context":"https:\/\/schema.org","@graph":[{"@type":"WebPage","@id":"https:\/\/colourofstone.com\/fr\/droit-de-retractation\/","url":"https:\/\/colourofstone.com\/fr\/droit-de-retractation\/","name":"Droit de r\u00e9tractation - Colour of Stone","isPartOf":{"@id":"https:\/\/colourofstone.com\/fr\/#website"},"datePublished":"2020-12-29T07:40:04+00:00","dateModified":"2021-03-05T20:20:12+00:00","breadcrumb":{"@id":"https:\/\/colourofstone.com\/fr\/droit-de-retractation\/#breadcrumb"},"inLanguage":"fr-FR","potentialAction":[{"@type":"ReadAction","target":["https:\/\/colourofstone.com\/fr\/droit-de-retractation\/"]}]},{"@type":"BreadcrumbList","@id":"https:\/\/colourofstone.com\/fr\/droit-de-retractation\/#breadcrumb","itemListElement":[{"@type":"ListItem","position":1,"name":"Home","item":"https:\/\/colourofstone.com\/fr\/"},{"@type":"ListItem","position":2,"name":"Droit de r\u00e9tractation"}]},{"@type":"WebSite","@id":"https:\/\/colourofstone.com\/fr\/#website","url":"https:\/\/colourofstone.com\/fr\/","name":"Colour of Stone","description":"Fliesen, Haus und Garten Produkte aus Naturstein - Online Shop","publisher":{"@id":"https:\/\/colourofstone.com\/fr\/#organization"},"potentialAction":[{"@type":"SearchAction","target":{"@type":"EntryPoint","urlTemplate":"https:\/\/colourofstone.com\/fr\/?s={search_term_string}"},"query-input":{"@type":"PropertyValueSpecification","valueRequired":true,"valueName":"search_term_string"}}],"inLanguage":"fr-FR"},{"@type":"Organization","@id":"https:\/\/colourofstone.com\/fr\/#organization","name":"Colour of Stone GmbH","url":"https:\/\/colourofstone.com\/fr\/","logo":{"@type":"ImageObject","inLanguage":"fr-FR","@id":"https:\/\/colourofstone.com\/fr\/#\/schema\/logo\/image\/","url":"https:\/\/colourofstone.com\/wp-content\/uploads\/99FC1526-DF3B-44F1-9816-9278D3194252-scaled.jpeg","contentUrl":"https:\/\/colourofstone.com\/wp-content\/uploads\/99FC1526-DF3B-44F1-9816-9278D3194252-scaled.jpeg","width":2125,"height":2560,"caption":"Colour of Stone GmbH"},"image":{"@id":"https:\/\/colourofstone.com\/fr\/#\/schema\/logo\/image\/"},"sameAs":["https:\/\/www.instagram.com\/colourofstone\/"]}]}},"_links":{"self":[{"href":"https:\/\/colourofstone.com\/fr\/wp-json\/wp\/v2\/pages\/17002","targetHints":{"allow":["GET"]}}],"collection":[{"href":"https:\/\/colourofstone.com\/fr\/wp-json\/wp\/v2\/pages"}],"about":[{"href":"https:\/\/colourofstone.com\/fr\/wp-json\/wp\/v2\/types\/page"}],"author":[{"embeddable":true,"href":"https:\/\/colourofstone.com\/fr\/wp-json\/wp\/v2\/users\/1"}],"replies":[{"embeddable":true,"href":"https:\/\/colourofstone.com\/fr\/wp-json\/wp\/v2\/comments?post=17002"}],"version-history":[{"count":7,"href":"https:\/\/colourofstone.com\/fr\/wp-json\/wp\/v2\/pages\/17002\/revisions"}],"predecessor-version":[{"id":30334,"href":"https:\/\/colourofstone.com\/fr\/wp-json\/wp\/v2\/pages\/17002\/revisions\/30334"}],"wp:attachment":[{"href":"https:\/\/colourofstone.com\/fr\/wp-json\/wp\/v2\/media?parent=17002"}],"curies":[{"name":"wp","href":"https:\/\/api.w.org\/{rel}","templated":true}]}}