{"id":17020,"date":"2020-12-29T07:46:56","date_gmt":"2020-12-29T07:46:56","guid":{"rendered":"https:\/\/colourofstone.com\/paiement\/"},"modified":"2024-03-26T10:27:31","modified_gmt":"2024-03-26T10:27:31","slug":"moyens-de-paiement","status":"publish","type":"page","link":"https:\/\/colourofstone.com\/fr\/moyens-de-paiement\/","title":{"rendered":"Moyens de paiement"},"content":{"rendered":"\n<h5 class=\"wp-block-heading is-style-border-s\"><strong><strong>Paiement avec PayPal<\/strong><\/strong><\/h5>\n\n\n\n<div style=\"height:20px\" aria-hidden=\"true\" class=\"wp-block-spacer\"><\/div>\n\n\n\n<p class=\"is-style-border-s\">1. choisissez PayPal comme mode de paiement \u00e0 la caisse<\/p>\n\n\n\n<p class=\"is-style-border-s\">2. vous serez redirig\u00e9 vers le site de PayPal<\/p>\n\n\n\n<p class=\"is-style-border-s\">3. si vous \u00eates un client PayPal, vous pouvez vous connecter avec vos donn\u00e9es d\u2019utilisateur et confirmer le paiement. Si vous \u00eates nouveau \u00e0 PayPal, cr\u00e9ez un compte et confirmez le paiement. 4.<\/p>\n\n\n\n<p class=\"is-style-border-s\">4. Ensuite, vous serez redirig\u00e9 vers nous. Votre commande et votre paiement sont termin\u00e9s.<\/p>\n\n\n\n<div style=\"height:41px\" aria-hidden=\"true\" class=\"wp-block-spacer\"><\/div>\n\n\n\n<h5 class=\"wp-block-heading is-style-border-s\"><strong><strong>Paiement par carte de cr\u00e9dit<\/strong><\/strong><\/h5>\n\n\n\n<div style=\"height:20px\" aria-hidden=\"true\" class=\"wp-block-spacer\"><\/div>\n\n\n\n<p class=\"is-style-border-s\">Vous pouvez payer avec les cartes de cr\u00e9dit Mastercard, VISA ou American Express. Il suffit de s\u00e9lectionner votre carte de cr\u00e9dit dans le processus de commande. Outre le num\u00e9ro de carte de votre soci\u00e9t\u00e9 de carte de cr\u00e9dit, nous avons \u00e9galement besoin de la validit\u00e9 de la carte de cr\u00e9dit et du chiffre de contr\u00f4le de votre carte. Les donn\u00e9es de votre carte de cr\u00e9dit seront crypt\u00e9es par SSL et 3D-Secure.<\/p>\n\n\n\n<div style=\"height:41px\" aria-hidden=\"true\" class=\"wp-block-spacer\"><\/div>\n\n\n\n<h5 class=\"wp-block-heading is-style-border-s\"><strong><strong>Paiement par pr\u00e9l\u00e8vement SEPA \/ paiement anticip\u00e9<\/strong><\/strong><\/h5>\n\n\n\n<div style=\"height:20px\" aria-hidden=\"true\" class=\"wp-block-spacer\"><\/div>\n\n\n\n<p class=\"is-style-border-s\">Lors d\u2019un paiement par pr\u00e9l\u00e8vement SEPA \/ paiement anticip\u00e9, vous transf\u00e9rez le montant de la confirmation de commande dans les 3 jours. Apr\u00e8s r\u00e9ception du montant total, nous vous en informerons. Cela peut prendre jusqu\u2019\u00e0 10 jours selon la banque. Apr\u00e8s r\u00e9ception, nous commencerons imm\u00e9diatement \u00e0 traiter votre commande.<\/p>\n\n\n\n<div style=\"height:20px\" aria-hidden=\"true\" class=\"wp-block-spacer\"><\/div>\n\n\n\n<div style=\"height:41px\" aria-hidden=\"true\" class=\"wp-block-spacer\"><\/div>\n\n\n\n<h5 class=\"wp-block-heading is-style-border-s\"><strong>PAIEMENT AVEC <\/strong>Giropay \/ EPS<\/h5>\n\n\n\n<div style=\"height:20px\" aria-hidden=\"true\" class=\"wp-block-spacer\"><\/div>\n\n\n\n<p class=\"is-style-border-s\">1. Dans un premier temps, vous choisissez votre banque ou votre caisse d&#8217;\u00e9pargne o\u00f9 vous voulez payer.<\/p>\n\n\n\n<p class=\"is-style-border-s\">2. Vous vous connectez avec vos donn\u00e9es d&#8217;acc\u00e8s \u00e0 la banque en ligne (par exemple, votre num\u00e9ro de compte et votre code PIN).<\/p>\n\n\n\n<p class=\"is-style-border-s\">3. Lib\u00e9rer le transfert pr\u00e9-rempli avec un TAN.<\/p>\n\n\n\n<div style=\"height:41px\" aria-hidden=\"true\" class=\"wp-block-spacer\"><\/div>\n\n\n\n<h5 class=\"wp-block-heading is-style-border-s\"><strong><strong>Paiement via IDEAL (NL)<\/strong><\/strong><\/h5>\n\n\n\n<div style=\"height:20px\" aria-hidden=\"true\" class=\"wp-block-spacer\"><\/div>\n\n\n\n<p class=\"is-style-border-s\">Pendant la proc\u00e9dure de paiement, s\u00e9lectionnez IDEAL comme mode de paiement, puis s\u00e9lectionnez votre banque dans le menu. Vous serez ensuite redirig\u00e9 vers le portail en ligne de votre banque o\u00f9 vous pourrez vous connecter avec vos identifiants bancaires en ligne pour effectuer le paiement. Tous les d\u00e9tails de la transaction apparaissent pr\u00e9-remplis et il vous suffit de confirmer le paiement. Ensuite, vous serez redirig\u00e9 vers nous. Votre commande et votre paiement sont termin\u00e9s<\/p>\n\n\n\n<div style=\"height:41px\" aria-hidden=\"true\" class=\"wp-block-spacer\"><\/div>\n\n\n\n<h5 class=\"wp-block-heading is-style-border-s\"><strong><strong>Paiement via Multibanco (PT)<\/strong><\/strong><\/h5>\n\n\n\n<div style=\"height:20px\" aria-hidden=\"true\" class=\"wp-block-spacer\"><\/div>\n\n\n\n<p class=\"is-style-border-s\">Pour effectuer un paiement via Multibanco, vous recevrez une r\u00e9f\u00e9rence de paiement et un num\u00e9ro d\u2019unit\u00e9 \u00e0 c\u00f4t\u00e9 du montant restant \u00e0 payer une fois la commande termin\u00e9e avec succ\u00e8s, sans \u00eatre redirig\u00e9 vers une page externe. Vous pouvez ensuite effectuer le paiement en saisissant la r\u00e9f\u00e9rence du paiement, le num\u00e9ro d\u2019unit\u00e9 et le montant.<\/p>\n\n\n\n<div style=\"height:41px\" aria-hidden=\"true\" class=\"wp-block-spacer\"><\/div>\n\n\n\n<h5 class=\"wp-block-heading is-style-border-s\"><strong><strong>Paiement via Przelewy24 (PO)<\/strong><\/strong><\/h5>\n\n\n\n<div style=\"height:20px\" aria-hidden=\"true\" class=\"wp-block-spacer\"><\/div>\n\n\n\n<p class=\"is-style-border-s\">Toutes les informations pertinentes seront envoy\u00e9es \u00e0 Przelewy24, il vous suffit donc de s\u00e9lectionner votre banque et d\u2019effectuer le paiement comme vous le feriez pour un virement bancaire standard avec TAN. Ensuite, vous serez redirig\u00e9 vers nous. Votre commande et votre paiement sont termin\u00e9s.<\/p>\n\n\n\n<div style=\"height:41px\" aria-hidden=\"true\" class=\"wp-block-spacer\"><\/div>\n\n\n\n<h5 class=\"wp-block-heading is-style-border-s\"><strong><strong>Paiement via Bancontact (BE)<\/strong><\/strong><\/h5>\n\n\n\n<div style=\"height:20px\" aria-hidden=\"true\" class=\"wp-block-spacer\"><\/div>\n\n\n\n<p class=\"is-style-border-s\">S\u00e9lectionnez Bancontact comme mode de paiement pendant le processus de commande. Vous serez ensuite redirig\u00e9 vers le portail en ligne Bancontact, o\u00f9 vous pourrez soit utiliser l\u2019application Bancontact, soit saisir manuellement les donn\u00e9es de votre carte Bancontact pour lancer le paiement. Vous serez ensuite redirig\u00e9 vers nous. Votre commande et votre paiement sont complets.<\/p>\n\n\n\n<div style=\"height:168px\" aria-hidden=\"true\" class=\"wp-block-spacer\"><\/div>\n\n\n\n<p class=\"is-style-border-s\"><\/p>\n\n        <script>\n        function toggleInchInfo(el) {\n            const infoBox = el.nextElementSibling;\n            if (infoBox.style.display === \"none\") {\n                infoBox.style.display = \"inline\";\n            } else {\n                infoBox.style.display = \"none\";\n            }\n        }\n        <\/script>\n        <style>\n            .cm-info {\n                cursor: pointer;\n                color: #0073aa;\n                font-weight: bold;\n                margin-left: 4px;\n            }\n            .inch-info {\n                display: none;\n                background: #f8f8f8;\n                border: 1px solid #ccc;\n                padding: 4px 8px;\n                margin-left: 5px;\n                font-size: 0.9em;\n                border-radius: 4px;\n            }\n        <\/style>","protected":false},"excerpt":{"rendered":"<p>Paiement avec PayPal 1. choisissez PayPal comme mode de paiement \u00e0 la caisse 2. vous serez redirig\u00e9 vers le site de PayPal 3. si vous \u00eates un client PayPal, vous pouvez vous connecter avec vos donn\u00e9es d\u2019utilisateur et confirmer le paiement. Si vous \u00eates nouveau \u00e0 PayPal, cr\u00e9ez un compte et confirmez le paiement. 4. <a href=\"https:\/\/colourofstone.com\/fr\/moyens-de-paiement\/\" class=\"more-link\">&#8230;<\/a><\/p>\n","protected":false},"author":2,"featured_media":0,"parent":0,"menu_order":0,"comment_status":"closed","ping_status":"closed","template":"","meta":{"footnotes":""},"class_list":["post-17020","page","type-page","status-publish","hentry"],"yoast_head":"<!-- This site is optimized with the Yoast SEO plugin v27.4 - https:\/\/yoast.com\/product\/yoast-seo-wordpress\/ -->\n<title>Moyens de paiement - Colour of Stone<\/title>\n<meta name=\"description\" content=\"L&#039;achat sur compte, l&#039;achat \u00e0 temp\u00e9rament, l&#039;achat par carte de cr\u00e9dit, PayPal, SEPA et autres m\u00e9thodes de paiement sont possibles.\" \/>\n<meta name=\"robots\" content=\"index, follow, max-snippet:-1, max-image-preview:large, max-video-preview:-1\" \/>\n<link rel=\"canonical\" href=\"https:\/\/colourofstone.com\/fr\/moyens-de-paiement\/\" \/>\n<meta property=\"og:locale\" content=\"fr_FR\" \/>\n<meta property=\"og:type\" content=\"article\" \/>\n<meta property=\"og:title\" content=\"Moyens de paiement - Colour of Stone\" \/>\n<meta property=\"og:description\" content=\"L&#039;achat sur compte, l&#039;achat \u00e0 temp\u00e9rament, l&#039;achat par carte de cr\u00e9dit, PayPal, SEPA et autres m\u00e9thodes de paiement sont possibles.\" \/>\n<meta property=\"og:url\" content=\"https:\/\/colourofstone.com\/fr\/moyens-de-paiement\/\" \/>\n<meta property=\"og:site_name\" content=\"Colour of Stone\" \/>\n<meta property=\"article:modified_time\" content=\"2024-03-26T10:27:31+00:00\" \/>\n<meta property=\"og:image\" content=\"https:\/\/colourofstone.com\/wp-content\/uploads\/Logo.png\" \/>\n\t<meta property=\"og:image:width\" content=\"1086\" \/>\n\t<meta property=\"og:image:height\" content=\"553\" \/>\n\t<meta property=\"og:image:type\" content=\"image\/png\" \/>\n<meta name=\"twitter:card\" content=\"summary_large_image\" \/>\n<meta name=\"twitter:label1\" content=\"Dur\u00e9e de lecture estim\u00e9e\" \/>\n\t<meta name=\"twitter:data1\" content=\"4 minutes\" \/>\n<script type=\"application\/ld+json\" class=\"yoast-schema-graph\">{\"@context\":\"https:\\\/\\\/schema.org\",\"@graph\":[{\"@type\":\"WebPage\",\"@id\":\"https:\\\/\\\/colourofstone.com\\\/fr\\\/moyens-de-paiement\\\/\",\"url\":\"https:\\\/\\\/colourofstone.com\\\/fr\\\/moyens-de-paiement\\\/\",\"name\":\"Moyens de paiement - Colour of Stone\",\"isPartOf\":{\"@id\":\"https:\\\/\\\/colourofstone.com\\\/fr\\\/#website\"},\"datePublished\":\"2020-12-29T07:46:56+00:00\",\"dateModified\":\"2024-03-26T10:27:31+00:00\",\"description\":\"L'achat sur compte, l'achat \u00e0 temp\u00e9rament, l'achat par carte de cr\u00e9dit, PayPal, SEPA et autres m\u00e9thodes de paiement sont possibles.\",\"breadcrumb\":{\"@id\":\"https:\\\/\\\/colourofstone.com\\\/fr\\\/moyens-de-paiement\\\/#breadcrumb\"},\"inLanguage\":\"fr-FR\",\"potentialAction\":[{\"@type\":\"ReadAction\",\"target\":[\"https:\\\/\\\/colourofstone.com\\\/fr\\\/moyens-de-paiement\\\/\"]}]},{\"@type\":\"BreadcrumbList\",\"@id\":\"https:\\\/\\\/colourofstone.com\\\/fr\\\/moyens-de-paiement\\\/#breadcrumb\",\"itemListElement\":[{\"@type\":\"ListItem\",\"position\":1,\"name\":\"Home\",\"item\":\"https:\\\/\\\/colourofstone.com\\\/fr\\\/\"},{\"@type\":\"ListItem\",\"position\":2,\"name\":\"Moyens de paiement\"}]},{\"@type\":\"WebSite\",\"@id\":\"https:\\\/\\\/colourofstone.com\\\/fr\\\/#website\",\"url\":\"https:\\\/\\\/colourofstone.com\\\/fr\\\/\",\"name\":\"Colour of Stone\",\"description\":\"Fliesen, Haus und Garten Produkte aus Naturstein - Online Shop\",\"publisher\":{\"@id\":\"https:\\\/\\\/colourofstone.com\\\/fr\\\/#organization\"},\"potentialAction\":[{\"@type\":\"SearchAction\",\"target\":{\"@type\":\"EntryPoint\",\"urlTemplate\":\"https:\\\/\\\/colourofstone.com\\\/fr\\\/?s={search_term_string}\"},\"query-input\":{\"@type\":\"PropertyValueSpecification\",\"valueRequired\":true,\"valueName\":\"search_term_string\"}}],\"inLanguage\":\"fr-FR\"},{\"@type\":\"Organization\",\"@id\":\"https:\\\/\\\/colourofstone.com\\\/fr\\\/#organization\",\"name\":\"Colour of Stone GmbH\",\"url\":\"https:\\\/\\\/colourofstone.com\\\/fr\\\/\",\"logo\":{\"@type\":\"ImageObject\",\"inLanguage\":\"fr-FR\",\"@id\":\"https:\\\/\\\/colourofstone.com\\\/fr\\\/#\\\/schema\\\/logo\\\/image\\\/\",\"url\":\"https:\\\/\\\/colourofstone.com\\\/wp-content\\\/uploads\\\/99FC1526-DF3B-44F1-9816-9278D3194252-scaled.jpeg\",\"contentUrl\":\"https:\\\/\\\/colourofstone.com\\\/wp-content\\\/uploads\\\/99FC1526-DF3B-44F1-9816-9278D3194252-scaled.jpeg\",\"width\":2125,\"height\":2560,\"caption\":\"Colour of Stone GmbH\"},\"image\":{\"@id\":\"https:\\\/\\\/colourofstone.com\\\/fr\\\/#\\\/schema\\\/logo\\\/image\\\/\"},\"sameAs\":[\"https:\\\/\\\/www.instagram.com\\\/colourofstone\\\/\"]}]}<\/script>\n<!-- \/ Yoast SEO plugin. -->","yoast_head_json":{"title":"Moyens de paiement - Colour of Stone","description":"L'achat sur compte, l'achat \u00e0 temp\u00e9rament, l'achat par carte de cr\u00e9dit, PayPal, SEPA et autres m\u00e9thodes de paiement sont possibles.","robots":{"index":"index","follow":"follow","max-snippet":"max-snippet:-1","max-image-preview":"max-image-preview:large","max-video-preview":"max-video-preview:-1"},"canonical":"https:\/\/colourofstone.com\/fr\/moyens-de-paiement\/","og_locale":"fr_FR","og_type":"article","og_title":"Moyens de paiement - Colour of Stone","og_description":"L'achat sur compte, l'achat \u00e0 temp\u00e9rament, l'achat par carte de cr\u00e9dit, PayPal, SEPA et autres m\u00e9thodes de paiement sont possibles.","og_url":"https:\/\/colourofstone.com\/fr\/moyens-de-paiement\/","og_site_name":"Colour of Stone","article_modified_time":"2024-03-26T10:27:31+00:00","og_image":[{"width":1086,"height":553,"url":"https:\/\/colourofstone.com\/wp-content\/uploads\/Logo.png","type":"image\/png"}],"twitter_card":"summary_large_image","twitter_misc":{"Dur\u00e9e de lecture estim\u00e9e":"4 minutes"},"schema":{"@context":"https:\/\/schema.org","@graph":[{"@type":"WebPage","@id":"https:\/\/colourofstone.com\/fr\/moyens-de-paiement\/","url":"https:\/\/colourofstone.com\/fr\/moyens-de-paiement\/","name":"Moyens de paiement - Colour of Stone","isPartOf":{"@id":"https:\/\/colourofstone.com\/fr\/#website"},"datePublished":"2020-12-29T07:46:56+00:00","dateModified":"2024-03-26T10:27:31+00:00","description":"L'achat sur compte, l'achat \u00e0 temp\u00e9rament, l'achat par carte de cr\u00e9dit, PayPal, SEPA et autres m\u00e9thodes de paiement sont possibles.","breadcrumb":{"@id":"https:\/\/colourofstone.com\/fr\/moyens-de-paiement\/#breadcrumb"},"inLanguage":"fr-FR","potentialAction":[{"@type":"ReadAction","target":["https:\/\/colourofstone.com\/fr\/moyens-de-paiement\/"]}]},{"@type":"BreadcrumbList","@id":"https:\/\/colourofstone.com\/fr\/moyens-de-paiement\/#breadcrumb","itemListElement":[{"@type":"ListItem","position":1,"name":"Home","item":"https:\/\/colourofstone.com\/fr\/"},{"@type":"ListItem","position":2,"name":"Moyens de paiement"}]},{"@type":"WebSite","@id":"https:\/\/colourofstone.com\/fr\/#website","url":"https:\/\/colourofstone.com\/fr\/","name":"Colour of Stone","description":"Fliesen, Haus und Garten Produkte aus Naturstein - Online Shop","publisher":{"@id":"https:\/\/colourofstone.com\/fr\/#organization"},"potentialAction":[{"@type":"SearchAction","target":{"@type":"EntryPoint","urlTemplate":"https:\/\/colourofstone.com\/fr\/?s={search_term_string}"},"query-input":{"@type":"PropertyValueSpecification","valueRequired":true,"valueName":"search_term_string"}}],"inLanguage":"fr-FR"},{"@type":"Organization","@id":"https:\/\/colourofstone.com\/fr\/#organization","name":"Colour of Stone GmbH","url":"https:\/\/colourofstone.com\/fr\/","logo":{"@type":"ImageObject","inLanguage":"fr-FR","@id":"https:\/\/colourofstone.com\/fr\/#\/schema\/logo\/image\/","url":"https:\/\/colourofstone.com\/wp-content\/uploads\/99FC1526-DF3B-44F1-9816-9278D3194252-scaled.jpeg","contentUrl":"https:\/\/colourofstone.com\/wp-content\/uploads\/99FC1526-DF3B-44F1-9816-9278D3194252-scaled.jpeg","width":2125,"height":2560,"caption":"Colour of Stone GmbH"},"image":{"@id":"https:\/\/colourofstone.com\/fr\/#\/schema\/logo\/image\/"},"sameAs":["https:\/\/www.instagram.com\/colourofstone\/"]}]}},"_links":{"self":[{"href":"https:\/\/colourofstone.com\/fr\/wp-json\/wp\/v2\/pages\/17020","targetHints":{"allow":["GET"]}}],"collection":[{"href":"https:\/\/colourofstone.com\/fr\/wp-json\/wp\/v2\/pages"}],"about":[{"href":"https:\/\/colourofstone.com\/fr\/wp-json\/wp\/v2\/types\/page"}],"author":[{"embeddable":true,"href":"https:\/\/colourofstone.com\/fr\/wp-json\/wp\/v2\/users\/2"}],"replies":[{"embeddable":true,"href":"https:\/\/colourofstone.com\/fr\/wp-json\/wp\/v2\/comments?post=17020"}],"version-history":[{"count":7,"href":"https:\/\/colourofstone.com\/fr\/wp-json\/wp\/v2\/pages\/17020\/revisions"}],"predecessor-version":[{"id":77117,"href":"https:\/\/colourofstone.com\/fr\/wp-json\/wp\/v2\/pages\/17020\/revisions\/77117"}],"wp:attachment":[{"href":"https:\/\/colourofstone.com\/fr\/wp-json\/wp\/v2\/media?parent=17020"}],"curies":[{"name":"wp","href":"https:\/\/api.w.org\/{rel}","templated":true}]}}