{"id":27036,"date":"2021-02-23T08:02:53","date_gmt":"2021-02-23T08:02:53","guid":{"rendered":"https:\/\/colourofstone.com\/?page_id=27036"},"modified":"2021-03-14T14:44:29","modified_gmt":"2021-03-14T14:44:29","slug":"nettoyage","status":"publish","type":"page","link":"https:\/\/colourofstone.com\/fr\/nettoyage\/","title":{"rendered":"Nettoyage"},"content":{"rendered":"\n<h5 class=\"is-style-border-s wp-block-heading\">Informations sur le nettoyage, la protection et les soins<\/h5>\n\n\n\n<div style=\"height:20px\" aria-hidden=\"true\" class=\"wp-block-spacer\"><\/div>\n\n\n\n<p class=\"is-style-border-s\">Outre la pose des carreaux de marbre, le nettoyage ult\u00e9rieur est un \u00e9l\u00e9ment tr\u00e8s important. Le nettoyage apr\u00e8s la pose, \u00e9galement appel\u00e9 nettoyage de base, vise \u00e0 donner aux dalles de pierre naturelle l&#8217;aspect appropri\u00e9 apr\u00e8s la pose.<\/p>\n\n\n\n<p class=\"is-style-border-s\">Le nettoyage est une condition pr\u00e9alable \u00e0 tout traitement de protection. Malgr\u00e9 un traitement protecteur, appel\u00e9 aussi impr\u00e9gnation, les dalles en pierre naturelle doivent \u00eatre r\u00e9guli\u00e8rement nettoy\u00e9es.<\/p>\n\n\n\n<p class=\"is-style-border-s\">Ainsi, il y a 3 choses importantes \u00e0 garder \u00e0 l&#8217;esprit pour donner aux dalles de pierre naturelle un aspect attrayant et beau :<\/p>\n\n\n\n<div style=\"height:20px\" aria-hidden=\"true\" class=\"wp-block-spacer\"><\/div>\n\n\n\n<p class=\"is-style-border-l\">Nettoyage<\/p>\n\n\n\n<p class=\"is-style-border-l\">Protection<\/p>\n\n\n\n<p class=\"is-style-border-l\">Soins<\/p>\n\n\n\n<div style=\"height:20px\" aria-hidden=\"true\" class=\"wp-block-spacer\"><\/div>\n\n\n\n<p class=\"is-style-border-s\">Les carreaux en marbre, travertin, calcaire, gr\u00e8s, lave de basalte sont, comme les autres pierres naturelles, souvent peu r\u00e9sistants aux acides. Il est donc conseill\u00e9 d&#8217;utiliser des produits non acides adapt\u00e9s au type de pierre en question.<\/p>\n\n\n\n<p class=\"is-style-border-s\">Le march\u00e9 des produits pour le nettoyage, la protection et l&#8217;entretien des pierres naturelles est tr\u00e8s vaste. De nombreux producteurs offrent des conseils complets sur leur site web. Outre les instructions d&#8217;entretien, il existe des informations d\u00e9taill\u00e9es et des brochures sur les produits appropri\u00e9s.<\/p>\n\n\n\n<p class=\"is-style-border-s\">M\u00f6ller-Chemie de Ihrlerstein offre de tr\u00e8s bonnes informations. Ces informations sont compl\u00e8tes et faciles \u00e0 comprendre.<\/p>\n\n\n\n<p class=\"is-style-border-s\">Les liens externes de M\u00f6ller-Chemie pour le nettoyage, la protection et les soins peuvent \u00eatre trouv\u00e9s ici :<\/p>\n\n\n\n<div style=\"height:20px\" aria-hidden=\"true\" class=\"wp-block-spacer\"><\/div>\n\n\n\n<p class=\"is-style-border-l externalLink\"><a href=\"http:\/\/www.moellerstonecare.eu\/pdf\/TI-pdf\/TI-03-1.pdf\" target=\"_blank\" rel=\"noreferrer noopener\">Mabre &amp; Calcaire<\/a><\/p>\n\n\n\n<p class=\"is-style-border-l externalLink\"><a href=\"http:\/\/www.moellerstonecare.eu\/pdf\/TI-pdf\/TI-11-1.pdf\" target=\"_blank\" rel=\"noreferrer noopener\">Gr\u00e8s<\/a><\/p>\n\n\n\n<p class=\"is-style-border-l externalLink\"><a href=\"http:\/\/www.moellerstonecare.eu\/pdf\/TI-pdf\/TI-15-1.pdf\" target=\"_blank\" rel=\"noreferrer noopener\">Lave de basalte<\/a><\/p>\n\n\n\n<div style=\"height:20px\" aria-hidden=\"true\" class=\"wp-block-spacer\"><\/div>\n\n\n\n<p class=\"is-style-border-s\">Les produits d&#8217;autres entreprises peuvent \u00e9galement \u00eatre utilis\u00e9s. Il est important de noter que ces produits sont assortis et adapt\u00e9s \u00e0 l&#8217;objectif en question.<\/p>\n\n\n\n<div style=\"height:100px\" aria-hidden=\"true\" class=\"wp-block-spacer\"><\/div>\n\n        <script>\n        function toggleInchInfo(el) {\n            const infoBox = el.nextElementSibling;\n            if (infoBox.style.display === \"none\") {\n                infoBox.style.display = \"inline\";\n            } else {\n                infoBox.style.display = \"none\";\n            }\n        }\n        <\/script>\n        <style>\n            .cm-info {\n                cursor: pointer;\n                color: #0073aa;\n                font-weight: bold;\n                margin-left: 4px;\n            }\n            .inch-info {\n                display: none;\n                background: #f8f8f8;\n                border: 1px solid #ccc;\n                padding: 4px 8px;\n                margin-left: 5px;\n                font-size: 0.9em;\n                border-radius: 4px;\n            }\n        <\/style>","protected":false},"excerpt":{"rendered":"<p>Informations sur le nettoyage, la protection et les soins Outre la pose des carreaux de marbre, le nettoyage ult\u00e9rieur est un \u00e9l\u00e9ment tr\u00e8s important. Le nettoyage apr\u00e8s la pose, \u00e9galement appel\u00e9 nettoyage de base, vise \u00e0 donner aux dalles de pierre naturelle l&#8217;aspect appropri\u00e9 apr\u00e8s la pose. Le nettoyage est une condition pr\u00e9alable \u00e0 tout <a href=\"https:\/\/colourofstone.com\/fr\/nettoyage\/\" class=\"more-link\">&#8230;<\/a><\/p>\n","protected":false},"author":5,"featured_media":0,"parent":0,"menu_order":0,"comment_status":"closed","ping_status":"closed","template":"","meta":{"footnotes":""},"class_list":["post-27036","page","type-page","status-publish","hentry"],"yoast_head":"<!-- This site is optimized with the Yoast SEO plugin v27.3 - https:\/\/yoast.com\/product\/yoast-seo-wordpress\/ -->\n<title>Nettoyage - Colour of Stone<\/title>\n<meta name=\"description\" content=\"De nombreuses informations sur le nettoyage, la protection et l&#039;entretien des carreaux en marbre, en pierre calcaire simplement pr\u00e9sent\u00e9es.\" \/>\n<meta name=\"robots\" content=\"index, follow, max-snippet:-1, max-image-preview:large, max-video-preview:-1\" \/>\n<link rel=\"canonical\" href=\"https:\/\/colourofstone.com\/fr\/nettoyage\/\" \/>\n<meta property=\"og:locale\" content=\"fr_FR\" \/>\n<meta property=\"og:type\" content=\"article\" \/>\n<meta property=\"og:title\" content=\"Nettoyage - Colour of Stone\" \/>\n<meta property=\"og:description\" content=\"De nombreuses informations sur le nettoyage, la protection et l&#039;entretien des carreaux en marbre, en pierre calcaire simplement pr\u00e9sent\u00e9es.\" \/>\n<meta property=\"og:url\" content=\"https:\/\/colourofstone.com\/fr\/nettoyage\/\" \/>\n<meta property=\"og:site_name\" content=\"Colour of Stone\" \/>\n<meta property=\"article:modified_time\" content=\"2021-03-14T14:44:29+00:00\" \/>\n<meta property=\"og:image\" content=\"https:\/\/colourofstone.com\/wp-content\/uploads\/Logo.png\" \/>\n\t<meta property=\"og:image:width\" content=\"1086\" \/>\n\t<meta property=\"og:image:height\" content=\"553\" \/>\n\t<meta property=\"og:image:type\" content=\"image\/png\" \/>\n<meta name=\"twitter:card\" content=\"summary_large_image\" \/>\n<meta name=\"twitter:label1\" content=\"Dur\u00e9e de lecture estim\u00e9e\" \/>\n\t<meta name=\"twitter:data1\" content=\"2 minutes\" \/>\n<script type=\"application\/ld+json\" class=\"yoast-schema-graph\">{\"@context\":\"https:\\\/\\\/schema.org\",\"@graph\":[{\"@type\":\"WebPage\",\"@id\":\"https:\\\/\\\/colourofstone.com\\\/fr\\\/nettoyage\\\/\",\"url\":\"https:\\\/\\\/colourofstone.com\\\/fr\\\/nettoyage\\\/\",\"name\":\"Nettoyage - Colour of Stone\",\"isPartOf\":{\"@id\":\"https:\\\/\\\/colourofstone.com\\\/fr\\\/#website\"},\"datePublished\":\"2021-02-23T08:02:53+00:00\",\"dateModified\":\"2021-03-14T14:44:29+00:00\",\"description\":\"De nombreuses informations sur le nettoyage, la protection et l'entretien des carreaux en marbre, en pierre calcaire simplement pr\u00e9sent\u00e9es.\",\"breadcrumb\":{\"@id\":\"https:\\\/\\\/colourofstone.com\\\/fr\\\/nettoyage\\\/#breadcrumb\"},\"inLanguage\":\"fr-FR\",\"potentialAction\":[{\"@type\":\"ReadAction\",\"target\":[\"https:\\\/\\\/colourofstone.com\\\/fr\\\/nettoyage\\\/\"]}]},{\"@type\":\"BreadcrumbList\",\"@id\":\"https:\\\/\\\/colourofstone.com\\\/fr\\\/nettoyage\\\/#breadcrumb\",\"itemListElement\":[{\"@type\":\"ListItem\",\"position\":1,\"name\":\"Home\",\"item\":\"https:\\\/\\\/colourofstone.com\\\/fr\\\/\"},{\"@type\":\"ListItem\",\"position\":2,\"name\":\"Nettoyage\"}]},{\"@type\":\"WebSite\",\"@id\":\"https:\\\/\\\/colourofstone.com\\\/fr\\\/#website\",\"url\":\"https:\\\/\\\/colourofstone.com\\\/fr\\\/\",\"name\":\"Colour of Stone\",\"description\":\"Fliesen, Haus und Garten Produkte aus Naturstein - Online Shop\",\"publisher\":{\"@id\":\"https:\\\/\\\/colourofstone.com\\\/fr\\\/#organization\"},\"potentialAction\":[{\"@type\":\"SearchAction\",\"target\":{\"@type\":\"EntryPoint\",\"urlTemplate\":\"https:\\\/\\\/colourofstone.com\\\/fr\\\/?s={search_term_string}\"},\"query-input\":{\"@type\":\"PropertyValueSpecification\",\"valueRequired\":true,\"valueName\":\"search_term_string\"}}],\"inLanguage\":\"fr-FR\"},{\"@type\":\"Organization\",\"@id\":\"https:\\\/\\\/colourofstone.com\\\/fr\\\/#organization\",\"name\":\"Colour of Stone GmbH\",\"url\":\"https:\\\/\\\/colourofstone.com\\\/fr\\\/\",\"logo\":{\"@type\":\"ImageObject\",\"inLanguage\":\"fr-FR\",\"@id\":\"https:\\\/\\\/colourofstone.com\\\/fr\\\/#\\\/schema\\\/logo\\\/image\\\/\",\"url\":\"https:\\\/\\\/colourofstone.com\\\/wp-content\\\/uploads\\\/99FC1526-DF3B-44F1-9816-9278D3194252-scaled.jpeg\",\"contentUrl\":\"https:\\\/\\\/colourofstone.com\\\/wp-content\\\/uploads\\\/99FC1526-DF3B-44F1-9816-9278D3194252-scaled.jpeg\",\"width\":2125,\"height\":2560,\"caption\":\"Colour of Stone GmbH\"},\"image\":{\"@id\":\"https:\\\/\\\/colourofstone.com\\\/fr\\\/#\\\/schema\\\/logo\\\/image\\\/\"},\"sameAs\":[\"https:\\\/\\\/www.instagram.com\\\/colourofstone\\\/\"]}]}<\/script>\n<!-- \/ Yoast SEO plugin. -->","yoast_head_json":{"title":"Nettoyage - Colour of Stone","description":"De nombreuses informations sur le nettoyage, la protection et l'entretien des carreaux en marbre, en pierre calcaire simplement pr\u00e9sent\u00e9es.","robots":{"index":"index","follow":"follow","max-snippet":"max-snippet:-1","max-image-preview":"max-image-preview:large","max-video-preview":"max-video-preview:-1"},"canonical":"https:\/\/colourofstone.com\/fr\/nettoyage\/","og_locale":"fr_FR","og_type":"article","og_title":"Nettoyage - Colour of Stone","og_description":"De nombreuses informations sur le nettoyage, la protection et l'entretien des carreaux en marbre, en pierre calcaire simplement pr\u00e9sent\u00e9es.","og_url":"https:\/\/colourofstone.com\/fr\/nettoyage\/","og_site_name":"Colour of Stone","article_modified_time":"2021-03-14T14:44:29+00:00","og_image":[{"width":1086,"height":553,"url":"https:\/\/colourofstone.com\/wp-content\/uploads\/Logo.png","type":"image\/png"}],"twitter_card":"summary_large_image","twitter_misc":{"Dur\u00e9e de lecture estim\u00e9e":"2 minutes"},"schema":{"@context":"https:\/\/schema.org","@graph":[{"@type":"WebPage","@id":"https:\/\/colourofstone.com\/fr\/nettoyage\/","url":"https:\/\/colourofstone.com\/fr\/nettoyage\/","name":"Nettoyage - Colour of Stone","isPartOf":{"@id":"https:\/\/colourofstone.com\/fr\/#website"},"datePublished":"2021-02-23T08:02:53+00:00","dateModified":"2021-03-14T14:44:29+00:00","description":"De nombreuses informations sur le nettoyage, la protection et l'entretien des carreaux en marbre, en pierre calcaire simplement pr\u00e9sent\u00e9es.","breadcrumb":{"@id":"https:\/\/colourofstone.com\/fr\/nettoyage\/#breadcrumb"},"inLanguage":"fr-FR","potentialAction":[{"@type":"ReadAction","target":["https:\/\/colourofstone.com\/fr\/nettoyage\/"]}]},{"@type":"BreadcrumbList","@id":"https:\/\/colourofstone.com\/fr\/nettoyage\/#breadcrumb","itemListElement":[{"@type":"ListItem","position":1,"name":"Home","item":"https:\/\/colourofstone.com\/fr\/"},{"@type":"ListItem","position":2,"name":"Nettoyage"}]},{"@type":"WebSite","@id":"https:\/\/colourofstone.com\/fr\/#website","url":"https:\/\/colourofstone.com\/fr\/","name":"Colour of Stone","description":"Fliesen, Haus und Garten Produkte aus Naturstein - Online Shop","publisher":{"@id":"https:\/\/colourofstone.com\/fr\/#organization"},"potentialAction":[{"@type":"SearchAction","target":{"@type":"EntryPoint","urlTemplate":"https:\/\/colourofstone.com\/fr\/?s={search_term_string}"},"query-input":{"@type":"PropertyValueSpecification","valueRequired":true,"valueName":"search_term_string"}}],"inLanguage":"fr-FR"},{"@type":"Organization","@id":"https:\/\/colourofstone.com\/fr\/#organization","name":"Colour of Stone GmbH","url":"https:\/\/colourofstone.com\/fr\/","logo":{"@type":"ImageObject","inLanguage":"fr-FR","@id":"https:\/\/colourofstone.com\/fr\/#\/schema\/logo\/image\/","url":"https:\/\/colourofstone.com\/wp-content\/uploads\/99FC1526-DF3B-44F1-9816-9278D3194252-scaled.jpeg","contentUrl":"https:\/\/colourofstone.com\/wp-content\/uploads\/99FC1526-DF3B-44F1-9816-9278D3194252-scaled.jpeg","width":2125,"height":2560,"caption":"Colour of Stone GmbH"},"image":{"@id":"https:\/\/colourofstone.com\/fr\/#\/schema\/logo\/image\/"},"sameAs":["https:\/\/www.instagram.com\/colourofstone\/"]}]}},"_links":{"self":[{"href":"https:\/\/colourofstone.com\/fr\/wp-json\/wp\/v2\/pages\/27036","targetHints":{"allow":["GET"]}}],"collection":[{"href":"https:\/\/colourofstone.com\/fr\/wp-json\/wp\/v2\/pages"}],"about":[{"href":"https:\/\/colourofstone.com\/fr\/wp-json\/wp\/v2\/types\/page"}],"author":[{"embeddable":true,"href":"https:\/\/colourofstone.com\/fr\/wp-json\/wp\/v2\/users\/5"}],"replies":[{"embeddable":true,"href":"https:\/\/colourofstone.com\/fr\/wp-json\/wp\/v2\/comments?post=27036"}],"version-history":[{"count":9,"href":"https:\/\/colourofstone.com\/fr\/wp-json\/wp\/v2\/pages\/27036\/revisions"}],"predecessor-version":[{"id":29737,"href":"https:\/\/colourofstone.com\/fr\/wp-json\/wp\/v2\/pages\/27036\/revisions\/29737"}],"wp:attachment":[{"href":"https:\/\/colourofstone.com\/fr\/wp-json\/wp\/v2\/media?parent=27036"}],"curies":[{"name":"wp","href":"https:\/\/api.w.org\/{rel}","templated":true}]}}