{"id":27054,"date":"2021-02-23T08:24:47","date_gmt":"2021-02-23T08:24:47","guid":{"rendered":"https:\/\/colourofstone.com\/?page_id=27054"},"modified":"2021-03-14T16:27:52","modified_gmt":"2021-03-14T16:27:52","slug":"installation","status":"publish","type":"page","link":"https:\/\/colourofstone.com\/fr\/installation\/","title":{"rendered":"Installation"},"content":{"rendered":"\n<p class=\"is-style-border-s\">Il y a quelques points \u00e0 prendre en compte lors de la pose de carreaux de pierre naturelle ou de marbre. En plus de la composante professionnelle de l&#8217;installation, il faut tenir compte de quelques \u00e9l\u00e9ments, tels que<\/p>\n\n\n\n<div style=\"height:20px\" aria-hidden=\"true\" class=\"wp-block-spacer\"><\/div>\n\n\n\n<p class=\"is-style-border-l\">Sur quel type de sous-plancher les dalles de marbre seront-elles install\u00e9es ?<\/p>\n\n\n\n<p class=\"is-style-border-l\">Le sous-sol est-il au niveau ou doit-il \u00eatre nivel\u00e9 ?<\/p>\n\n\n\n<p class=\"is-style-border-l\">Quelle m\u00e9thode sera utilis\u00e9e pour poser les carreaux de marbre ?<\/p>\n\n\n\n<p class=\"is-style-border-l\">Quel est le format et la surface des carreaux ?<\/p>\n\n\n\n<div style=\"height:20px\" aria-hidden=\"true\" class=\"wp-block-spacer\"><\/div>\n\n\n\n<p class=\"is-style-border-s\">D\u00e9cider comment doit \u00eatre la structure du sol, si une couche de fond est n\u00e9cessaire, quelle m\u00e9thode de pose utiliser, si et comment \u00e9galiser les in\u00e9galit\u00e9s, tout cela peut \u00eatre trouv\u00e9 dans les informations d&#8217;utilisation des fabricants connus pour la pose.<\/p>\n\n\n\n<div style=\"height:40px\" aria-hidden=\"true\" class=\"wp-block-spacer\"><\/div>\n\n\n\n<p class=\"is-style-border-s\">De tr\u00e8s bonnes informations sur tous les aspects de la technologie des tuiles et des pierres naturelles sont fournies par PCI, une soci\u00e9t\u00e9 bas\u00e9e \u00e0 Augsbourg. <br>\u2192 <a href=\"https:\/\/www.pci-augsburg.eu\" target=\"_blank\" rel=\"noreferrer noopener\">PCI Augsburg GmbH<\/a> est l&#8217;un des principaux fabricants de produits chimiques pour la construction depuis 70 ans.<\/p>\n\n\n\n<div style=\"height:20px\" aria-hidden=\"true\" class=\"wp-block-spacer\"><\/div>\n\n\n\n<p class=\"is-style-border-l externalLink\"><a href=\"https:\/\/colourofstone.com\/wp-content\/uploads\/PCI_Fliesen_und_Natursteintechnik.pdf\" target=\"_blank\" rel=\"noreferrer noopener\">PCI INSTALLATION (PDF allemand)<\/a><\/p>\n\n\n\n<div style=\"height:20px\" aria-hidden=\"true\" class=\"wp-block-spacer\"><\/div>\n\n\n\n<p class=\"is-style-border-s\">La d\u00e9cision de choisir un fabricant appropri\u00e9 n&#8217;est certainement pas facile. Il y a beaucoup de bons produits dans un tr\u00e8s grand march\u00e9. Il est important de s&#8217;assurer que ces produits sont compatibles entre eux et qu&#8217;ils conviennent \u00e0 la pose de carreaux de pierre naturelle dans son propre environnement.<\/p>\n\n\n\n<p class=\"is-style-border-s\">De nombreux fabricants proposent des zones de service sur leur page d&#8217;accueil pour r\u00e9pondre aux questions, fournir des informations sur les produits et effectuer des t\u00e9l\u00e9chargements. Ces sources d&#8217;information doivent \u00eatre utilis\u00e9es.<\/p>\n\n\n\n<div style=\"height:120px\" aria-hidden=\"true\" class=\"wp-block-spacer\"><\/div>\n\n\n\n<div style=\"height:20px\" aria-hidden=\"true\" class=\"wp-block-spacer\"><\/div>\n\n        <script>\n        function toggleInchInfo(el) {\n            const infoBox = el.nextElementSibling;\n            if (infoBox.style.display === \"none\") {\n                infoBox.style.display = \"inline\";\n            } else {\n                infoBox.style.display = \"none\";\n            }\n        }\n        <\/script>\n        <style>\n            .cm-info {\n                cursor: pointer;\n                color: #0073aa;\n                font-weight: bold;\n                margin-left: 4px;\n            }\n            .inch-info {\n                display: none;\n                background: #f8f8f8;\n                border: 1px solid #ccc;\n                padding: 4px 8px;\n                margin-left: 5px;\n                font-size: 0.9em;\n                border-radius: 4px;\n            }\n        <\/style>","protected":false},"excerpt":{"rendered":"<p>Il y a quelques points \u00e0 prendre en compte lors de la pose de carreaux de pierre naturelle ou de marbre. En plus de la composante professionnelle de l&#8217;installation, il faut tenir compte de quelques \u00e9l\u00e9ments, tels que Sur quel type de sous-plancher les dalles de marbre seront-elles install\u00e9es ? Le sous-sol est-il au niveau <a href=\"https:\/\/colourofstone.com\/fr\/installation\/\" class=\"more-link\">&#8230;<\/a><\/p>\n","protected":false},"author":5,"featured_media":0,"parent":0,"menu_order":0,"comment_status":"closed","ping_status":"closed","template":"","meta":{"footnotes":""},"class_list":["post-27054","page","type-page","status-publish","hentry"],"yoast_head":"<!-- This site is optimized with the Yoast SEO plugin v27.3 - https:\/\/yoast.com\/product\/yoast-seo-wordpress\/ -->\n<title>Installation de la pierre naturelle expliqu\u00e9e simplement - Colour of Stone<\/title>\n<meta name=\"description\" content=\"Informations sur les diff\u00e9rentes m\u00e9thodes de pose, les appr\u00eats et la construction des sols en marbre, en calcaire et en travertin.\" \/>\n<meta name=\"robots\" content=\"index, follow, max-snippet:-1, max-image-preview:large, max-video-preview:-1\" \/>\n<link rel=\"canonical\" href=\"https:\/\/colourofstone.com\/fr\/installation\/\" \/>\n<meta property=\"og:locale\" content=\"fr_FR\" \/>\n<meta property=\"og:type\" content=\"article\" \/>\n<meta property=\"og:title\" content=\"Installation de la pierre naturelle expliqu\u00e9e simplement - Colour of Stone\" \/>\n<meta property=\"og:description\" content=\"Informations sur les diff\u00e9rentes m\u00e9thodes de pose, les appr\u00eats et la construction des sols en marbre, en calcaire et en travertin.\" \/>\n<meta property=\"og:url\" content=\"https:\/\/colourofstone.com\/fr\/installation\/\" \/>\n<meta property=\"og:site_name\" content=\"Colour of Stone\" \/>\n<meta property=\"article:modified_time\" content=\"2021-03-14T16:27:52+00:00\" \/>\n<meta property=\"og:image\" content=\"https:\/\/colourofstone.com\/wp-content\/uploads\/Logo.png\" \/>\n\t<meta property=\"og:image:width\" content=\"1086\" \/>\n\t<meta property=\"og:image:height\" content=\"553\" \/>\n\t<meta property=\"og:image:type\" content=\"image\/png\" \/>\n<meta name=\"twitter:card\" content=\"summary_large_image\" \/>\n<meta name=\"twitter:label1\" content=\"Dur\u00e9e de lecture estim\u00e9e\" \/>\n\t<meta name=\"twitter:data1\" content=\"2 minutes\" \/>\n<script type=\"application\/ld+json\" class=\"yoast-schema-graph\">{\"@context\":\"https:\\\/\\\/schema.org\",\"@graph\":[{\"@type\":\"WebPage\",\"@id\":\"https:\\\/\\\/colourofstone.com\\\/fr\\\/installation\\\/\",\"url\":\"https:\\\/\\\/colourofstone.com\\\/fr\\\/installation\\\/\",\"name\":\"Installation de la pierre naturelle expliqu\u00e9e simplement - Colour of Stone\",\"isPartOf\":{\"@id\":\"https:\\\/\\\/colourofstone.com\\\/fr\\\/#website\"},\"datePublished\":\"2021-02-23T08:24:47+00:00\",\"dateModified\":\"2021-03-14T16:27:52+00:00\",\"description\":\"Informations sur les diff\u00e9rentes m\u00e9thodes de pose, les appr\u00eats et la construction des sols en marbre, en calcaire et en travertin.\",\"breadcrumb\":{\"@id\":\"https:\\\/\\\/colourofstone.com\\\/fr\\\/installation\\\/#breadcrumb\"},\"inLanguage\":\"fr-FR\",\"potentialAction\":[{\"@type\":\"ReadAction\",\"target\":[\"https:\\\/\\\/colourofstone.com\\\/fr\\\/installation\\\/\"]}]},{\"@type\":\"BreadcrumbList\",\"@id\":\"https:\\\/\\\/colourofstone.com\\\/fr\\\/installation\\\/#breadcrumb\",\"itemListElement\":[{\"@type\":\"ListItem\",\"position\":1,\"name\":\"Home\",\"item\":\"https:\\\/\\\/colourofstone.com\\\/fr\\\/\"},{\"@type\":\"ListItem\",\"position\":2,\"name\":\"Installation\"}]},{\"@type\":\"WebSite\",\"@id\":\"https:\\\/\\\/colourofstone.com\\\/fr\\\/#website\",\"url\":\"https:\\\/\\\/colourofstone.com\\\/fr\\\/\",\"name\":\"Colour of Stone\",\"description\":\"Fliesen, Haus und Garten Produkte aus Naturstein - Online Shop\",\"publisher\":{\"@id\":\"https:\\\/\\\/colourofstone.com\\\/fr\\\/#organization\"},\"potentialAction\":[{\"@type\":\"SearchAction\",\"target\":{\"@type\":\"EntryPoint\",\"urlTemplate\":\"https:\\\/\\\/colourofstone.com\\\/fr\\\/?s={search_term_string}\"},\"query-input\":{\"@type\":\"PropertyValueSpecification\",\"valueRequired\":true,\"valueName\":\"search_term_string\"}}],\"inLanguage\":\"fr-FR\"},{\"@type\":\"Organization\",\"@id\":\"https:\\\/\\\/colourofstone.com\\\/fr\\\/#organization\",\"name\":\"Colour of Stone GmbH\",\"url\":\"https:\\\/\\\/colourofstone.com\\\/fr\\\/\",\"logo\":{\"@type\":\"ImageObject\",\"inLanguage\":\"fr-FR\",\"@id\":\"https:\\\/\\\/colourofstone.com\\\/fr\\\/#\\\/schema\\\/logo\\\/image\\\/\",\"url\":\"https:\\\/\\\/colourofstone.com\\\/wp-content\\\/uploads\\\/99FC1526-DF3B-44F1-9816-9278D3194252-scaled.jpeg\",\"contentUrl\":\"https:\\\/\\\/colourofstone.com\\\/wp-content\\\/uploads\\\/99FC1526-DF3B-44F1-9816-9278D3194252-scaled.jpeg\",\"width\":2125,\"height\":2560,\"caption\":\"Colour of Stone GmbH\"},\"image\":{\"@id\":\"https:\\\/\\\/colourofstone.com\\\/fr\\\/#\\\/schema\\\/logo\\\/image\\\/\"},\"sameAs\":[\"https:\\\/\\\/www.instagram.com\\\/colourofstone\\\/\"]}]}<\/script>\n<!-- \/ Yoast SEO plugin. -->","yoast_head_json":{"title":"Installation de la pierre naturelle expliqu\u00e9e simplement - Colour of Stone","description":"Informations sur les diff\u00e9rentes m\u00e9thodes de pose, les appr\u00eats et la construction des sols en marbre, en calcaire et en travertin.","robots":{"index":"index","follow":"follow","max-snippet":"max-snippet:-1","max-image-preview":"max-image-preview:large","max-video-preview":"max-video-preview:-1"},"canonical":"https:\/\/colourofstone.com\/fr\/installation\/","og_locale":"fr_FR","og_type":"article","og_title":"Installation de la pierre naturelle expliqu\u00e9e simplement - Colour of Stone","og_description":"Informations sur les diff\u00e9rentes m\u00e9thodes de pose, les appr\u00eats et la construction des sols en marbre, en calcaire et en travertin.","og_url":"https:\/\/colourofstone.com\/fr\/installation\/","og_site_name":"Colour of Stone","article_modified_time":"2021-03-14T16:27:52+00:00","og_image":[{"width":1086,"height":553,"url":"https:\/\/colourofstone.com\/wp-content\/uploads\/Logo.png","type":"image\/png"}],"twitter_card":"summary_large_image","twitter_misc":{"Dur\u00e9e de lecture estim\u00e9e":"2 minutes"},"schema":{"@context":"https:\/\/schema.org","@graph":[{"@type":"WebPage","@id":"https:\/\/colourofstone.com\/fr\/installation\/","url":"https:\/\/colourofstone.com\/fr\/installation\/","name":"Installation de la pierre naturelle expliqu\u00e9e simplement - Colour of Stone","isPartOf":{"@id":"https:\/\/colourofstone.com\/fr\/#website"},"datePublished":"2021-02-23T08:24:47+00:00","dateModified":"2021-03-14T16:27:52+00:00","description":"Informations sur les diff\u00e9rentes m\u00e9thodes de pose, les appr\u00eats et la construction des sols en marbre, en calcaire et en travertin.","breadcrumb":{"@id":"https:\/\/colourofstone.com\/fr\/installation\/#breadcrumb"},"inLanguage":"fr-FR","potentialAction":[{"@type":"ReadAction","target":["https:\/\/colourofstone.com\/fr\/installation\/"]}]},{"@type":"BreadcrumbList","@id":"https:\/\/colourofstone.com\/fr\/installation\/#breadcrumb","itemListElement":[{"@type":"ListItem","position":1,"name":"Home","item":"https:\/\/colourofstone.com\/fr\/"},{"@type":"ListItem","position":2,"name":"Installation"}]},{"@type":"WebSite","@id":"https:\/\/colourofstone.com\/fr\/#website","url":"https:\/\/colourofstone.com\/fr\/","name":"Colour of Stone","description":"Fliesen, Haus und Garten Produkte aus Naturstein - Online Shop","publisher":{"@id":"https:\/\/colourofstone.com\/fr\/#organization"},"potentialAction":[{"@type":"SearchAction","target":{"@type":"EntryPoint","urlTemplate":"https:\/\/colourofstone.com\/fr\/?s={search_term_string}"},"query-input":{"@type":"PropertyValueSpecification","valueRequired":true,"valueName":"search_term_string"}}],"inLanguage":"fr-FR"},{"@type":"Organization","@id":"https:\/\/colourofstone.com\/fr\/#organization","name":"Colour of Stone GmbH","url":"https:\/\/colourofstone.com\/fr\/","logo":{"@type":"ImageObject","inLanguage":"fr-FR","@id":"https:\/\/colourofstone.com\/fr\/#\/schema\/logo\/image\/","url":"https:\/\/colourofstone.com\/wp-content\/uploads\/99FC1526-DF3B-44F1-9816-9278D3194252-scaled.jpeg","contentUrl":"https:\/\/colourofstone.com\/wp-content\/uploads\/99FC1526-DF3B-44F1-9816-9278D3194252-scaled.jpeg","width":2125,"height":2560,"caption":"Colour of Stone GmbH"},"image":{"@id":"https:\/\/colourofstone.com\/fr\/#\/schema\/logo\/image\/"},"sameAs":["https:\/\/www.instagram.com\/colourofstone\/"]}]}},"_links":{"self":[{"href":"https:\/\/colourofstone.com\/fr\/wp-json\/wp\/v2\/pages\/27054","targetHints":{"allow":["GET"]}}],"collection":[{"href":"https:\/\/colourofstone.com\/fr\/wp-json\/wp\/v2\/pages"}],"about":[{"href":"https:\/\/colourofstone.com\/fr\/wp-json\/wp\/v2\/types\/page"}],"author":[{"embeddable":true,"href":"https:\/\/colourofstone.com\/fr\/wp-json\/wp\/v2\/users\/5"}],"replies":[{"embeddable":true,"href":"https:\/\/colourofstone.com\/fr\/wp-json\/wp\/v2\/comments?post=27054"}],"version-history":[{"count":6,"href":"https:\/\/colourofstone.com\/fr\/wp-json\/wp\/v2\/pages\/27054\/revisions"}],"predecessor-version":[{"id":30951,"href":"https:\/\/colourofstone.com\/fr\/wp-json\/wp\/v2\/pages\/27054\/revisions\/30951"}],"wp:attachment":[{"href":"https:\/\/colourofstone.com\/fr\/wp-json\/wp\/v2\/media?parent=27054"}],"curies":[{"name":"wp","href":"https:\/\/api.w.org\/{rel}","templated":true}]}}