{"id":46104,"date":"2022-05-11T06:37:44","date_gmt":"2022-05-11T06:37:44","guid":{"rendered":"https:\/\/colourofstone.com\/?page_id=46104"},"modified":"2023-05-03T12:40:50","modified_gmt":"2023-05-03T12:40:50","slug":"magazine","status":"publish","type":"page","link":"https:\/\/colourofstone.com\/fr\/magazine\/","title":{"rendered":"MAGAZINE"},"content":{"rendered":"\n<p class=\"is-style-border-s\"><\/p>\n\n\n\n<p class=\"is-style-border-s\">Notre magazine t&#8217;offre toutes les informations sur la pierre naturelle. Des nouvelles sur le marbre, le granit ou les \u00e9chantillons, tu les obtiendras ici. Colour of Stone propose des informations passionnantes et des faits int\u00e9ressants.<br>Bon divertissement.<\/p>\n\n\n\n<div style=\"height:100px\" aria-hidden=\"true\" class=\"wp-block-spacer\"><\/div>\n\n\n<section class=\"widget widget_flex-posts-list\"><div class=\"fp-row-blog fp-list-2 fp-flex MagicScroll2\" data-options=\"speed: 1400; loop: rewind; pagination: true; \">\n\n\t\n\t\t\n\t\t\t\t<div class=\"fp-row\">\n\t\t\t\t\t\t<a href=\"https:\/\/colourofstone.com\/fr\/magazine\/la-pierre-naturelle-comme-investissement-un-bijou-intemporel\/\">\n\t\t\t\t\t\t\t\t\t\t\n\t\t\t\t\t\t\t\t\t\t\t\t\t<img loading=\"lazy\" decoding=\"async\" width=\"816\" height=\"816\" src=\"https:\/\/colourofstone.com\/wp-content\/uploads\/PyramideTitel.jpg\" class=\"left-top wp-post-image\" alt=\"\" srcset=\"https:\/\/colourofstone.com\/wp-content\/uploads\/PyramideTitel.jpg 816w, https:\/\/colourofstone.com\/wp-content\/uploads\/PyramideTitel-300x300.jpg 300w, https:\/\/colourofstone.com\/wp-content\/uploads\/PyramideTitel-600x600.jpg 600w, https:\/\/colourofstone.com\/wp-content\/uploads\/PyramideTitel-150x150.jpg 150w\" sizes=\"auto, (max-width: 816px) 100vw, 816px\" \/>\t\t\t\t\t\t\t\t\t\t\t\n\t\t\t\t\t\t\n\n\t\t\t\n\t\t\t\t\t\t\t\t\t\t<div class=\"fp-imgBG\">\n\t\t\t\t\t\t\t\t\t\t<div class=\"fp-body\">\n\t\t\t\t\t\t\t\t\t\t\t\t<h4 class=\"fp-title \">\n\t\t\t\t\t\t\t\t\t\t\t\t\t\tLa pierre naturelle comme investissement : Un bijou intemporel\t\t\t\t\t\t\t\t\t\t\t\t<\/h4>\n\t\t\t\t\t\t\t\t\t\t\t\t<div class=\"fp-text-wirkung\">\n\t\t\t\t\t\t\t\t\t\t\t\t\t\t<p>La pierre naturelle dans l&#8217;architecture : de l&#8217;importance historique \u00e0 l&#8217;\u00e9l\u00e9gance esth\u00e9tique en passant par la durabilit\u00e9 moderne &#8211; un regard approfondi sur un investissement intemporel.<\/p>\n\t\t\t\t\t\t\t\t\t\t\t\t\t\t\t\t\t\t\t\t\t\t\t\t\t\t<\/div>\n\t\t\t\t\t\t\t\t\t\t<\/div>\n\t\t\t\t\t\t\t\t<\/div>\n\t\t\t\t\t\t\t<\/a>\n\t\t\t\t<\/div>\n\n\n\t\n\t\t\n\t\t\t\t<div class=\"fp-row\">\n\t\t\t\t\t\t<a href=\"https:\/\/colourofstone.com\/fr\/magazine\/des-echantillons-de-carreaux-a-toucher\/\">\n\t\t\t\t\t\t\t\t\t\t\n\t\t\t\t\t\t\t\t\t\t\t\t\t<img loading=\"lazy\" decoding=\"async\" width=\"1080\" height=\"1080\" src=\"https:\/\/colourofstone.com\/wp-content\/uploads\/Musterfliese-2.png\" class=\"left-top wp-post-image\" alt=\"\" srcset=\"https:\/\/colourofstone.com\/wp-content\/uploads\/Musterfliese-2.png 1080w, https:\/\/colourofstone.com\/wp-content\/uploads\/Musterfliese-2-300x300.png 300w, https:\/\/colourofstone.com\/wp-content\/uploads\/Musterfliese-2-1024x1024.png 1024w, https:\/\/colourofstone.com\/wp-content\/uploads\/Musterfliese-2-150x150.png 150w, https:\/\/colourofstone.com\/wp-content\/uploads\/Musterfliese-2-600x600.png 600w, https:\/\/colourofstone.com\/wp-content\/uploads\/Musterfliese-2-800x800.png 800w\" sizes=\"auto, (max-width: 1080px) 100vw, 1080px\" \/>\t\t\t\t\t\t\t\t\t\t\t\n\t\t\t\t\t\t\n\n\t\t\t\n\t\t\t\t\t\t\t\t\t\t<div class=\"fp-imgBG\">\n\t\t\t\t\t\t\t\t\t\t<div class=\"fp-body\">\n\t\t\t\t\t\t\t\t\t\t\t\t<h4 class=\"fp-title \">\n\t\t\t\t\t\t\t\t\t\t\t\t\t\tDes \u00e9chantillons de carreaux \u00e0 toucher!\t\t\t\t\t\t\t\t\t\t\t\t<\/h4>\n\t\t\t\t\t\t\t\t\t\t\t\t<div class=\"fp-text-wirkung\">\n\t\t\t\t\t\t\t\t\t\t\t\t\t\t<p>Les carreaux de marbre, de calcaire et de travertin sont la nouvelle tendance en mati\u00e8re de d\u00e9coration int\u00e9rieure.<\/p>\n\t\t\t\t\t\t\t\t\t\t\t\t\t\t\t\t\t\t\t\t\t\t\t\t\t\t<\/div>\n\t\t\t\t\t\t\t\t\t\t<\/div>\n\t\t\t\t\t\t\t\t<\/div>\n\t\t\t\t\t\t\t<\/a>\n\t\t\t\t<\/div>\n\n\n\t\n\t\t\n\t\t\t\t<div class=\"fp-row\">\n\t\t\t\t\t\t<a href=\"https:\/\/colourofstone.com\/fr\/b2c-fr\/bienvenue-sur-le-portail-commercial-de-colour-of-stone-gmbh\/\">\n\t\t\t\t\t\t\t\t\t\t\n\t\t\t\t\t\t\t\t\t\t\t\t\t<img loading=\"lazy\" decoding=\"async\" width=\"2560\" height=\"1600\" src=\"https:\/\/colourofstone.com\/wp-content\/uploads\/HeaderB2B-3-scaled.jpg\" class=\"center-center wp-post-image\" alt=\"\" srcset=\"https:\/\/colourofstone.com\/wp-content\/uploads\/HeaderB2B-3-scaled.jpg 2560w, https:\/\/colourofstone.com\/wp-content\/uploads\/HeaderB2B-3-300x188.jpg 300w, https:\/\/colourofstone.com\/wp-content\/uploads\/HeaderB2B-3-1024x640.jpg 1024w, https:\/\/colourofstone.com\/wp-content\/uploads\/HeaderB2B-3-1536x960.jpg 1536w, https:\/\/colourofstone.com\/wp-content\/uploads\/HeaderB2B-3-2048x1280.jpg 2048w, https:\/\/colourofstone.com\/wp-content\/uploads\/HeaderB2B-3-400x250.jpg 400w, https:\/\/colourofstone.com\/wp-content\/uploads\/HeaderB2B-3-600x375.jpg 600w\" sizes=\"auto, (max-width: 2560px) 100vw, 2560px\" \/>\t\t\t\t\t\t\t\t\t\t\t\n\t\t\t\t\t\t\n\n\t\t\t\n\t\t\t\t\t\t\t\t\t\t<div class=\"fp-imgBG\">\n\t\t\t\t\t\t\t\t\t\t<div class=\"fp-body\">\n\t\t\t\t\t\t\t\t\t\t\t\t<h4 class=\"fp-title \">\n\t\t\t\t\t\t\t\t\t\t\t\t\t\tBienvenue sur le portail commercial de Colour of Stone GmbH\t\t\t\t\t\t\t\t\t\t\t\t<\/h4>\n\t\t\t\t\t\t\t\t\t\t\t\t<div class=\"fp-text-wirkung\">\n\t\t\t\t\t\t\t\t\t\t\t\t\t\t<p>Livraison sans frais d&#8217;exp\u00e9dition selon les conditions de livraison <\/p>\n\t\t\t\t\t\t\t\t\t\t\t\t\t\t\t\t\t\t\t\t\t\t\t\t\t\t<\/div>\n\t\t\t\t\t\t\t\t\t\t<\/div>\n\t\t\t\t\t\t\t\t<\/div>\n\t\t\t\t\t\t\t<\/a>\n\t\t\t\t<\/div>\n\n\n\t\n\t\t\n\t\t\t\t<div class=\"fp-row\">\n\t\t\t\t\t\t<a href=\"https:\/\/colourofstone.com\/fr\/magazine\/carreaux-de-granit-et-dardoise-neufs-dans-le-magasin\/\">\n\t\t\t\t\t\t\t\t\t\t\n\t\t\t\t\t\t\t\t\t\t\t\t\t<img loading=\"lazy\" decoding=\"async\" width=\"400\" height=\"400\" src=\"https:\/\/colourofstone.com\/wp-content\/uploads\/bgNews04.png\" class=\"left-top wp-post-image\" alt=\"\" srcset=\"https:\/\/colourofstone.com\/wp-content\/uploads\/bgNews04.png 400w, https:\/\/colourofstone.com\/wp-content\/uploads\/bgNews04-300x300.png 300w, https:\/\/colourofstone.com\/wp-content\/uploads\/bgNews04-150x150.png 150w\" sizes=\"auto, (max-width: 400px) 100vw, 400px\" \/>\t\t\t\t\t\t\t\t\t\t\t\n\t\t\t\t\t\t\n\n\t\t\t\n\t\t\t\t\t\t\t\t\t\t<div class=\"fp-imgBG\">\n\t\t\t\t\t\t\t\t\t\t<div class=\"fp-body\">\n\t\t\t\t\t\t\t\t\t\t\t\t<h4 class=\"fp-title \">\n\t\t\t\t\t\t\t\t\t\t\t\t\t\tCarreaux de granit et d&#8217;ardoise neufs dans le magasin!\t\t\t\t\t\t\t\t\t\t\t\t<\/h4>\n\t\t\t\t\t\t\t\t\t\t\t\t<div class=\"fp-text-wirkung\">\n\t\t\t\t\t\t\t\t\t\t\t\t\t\t<p>Avec l&#8217;expansion de notre boutique en ligne de carreaux de granit, nous disposons d&#8217;une offre unique en Europe.<\/p>\n\t\t\t\t\t\t\t\t\t\t\t\t\t\t\t\t\t\t\t\t\t\t\t\t\t\t<\/div>\n\t\t\t\t\t\t\t\t\t\t<\/div>\n\t\t\t\t\t\t\t\t<\/div>\n\t\t\t\t\t\t\t<\/a>\n\t\t\t\t<\/div>\n\n\n\t\n\t\t\n\t\t\t\t<div class=\"fp-row\">\n\t\t\t\t\t\t<a href=\"https:\/\/colourofstone.com\/fr\/magazine\/linteret-dacheter-des-carreaux-en-pierre-naturelle-chez-colour-of-stone\/\">\n\t\t\t\t\t\t\t\t\t\t\n\t\t\t\t\t\t\t\t\t\t\t\t\t<img loading=\"lazy\" decoding=\"async\" width=\"400\" height=\"400\" src=\"https:\/\/colourofstone.com\/wp-content\/uploads\/bgNews02.png\" class=\"left-top wp-post-image\" alt=\"\" srcset=\"https:\/\/colourofstone.com\/wp-content\/uploads\/bgNews02.png 400w, https:\/\/colourofstone.com\/wp-content\/uploads\/bgNews02-300x300.png 300w, https:\/\/colourofstone.com\/wp-content\/uploads\/bgNews02-150x150.png 150w\" sizes=\"auto, (max-width: 400px) 100vw, 400px\" \/>\t\t\t\t\t\t\t\t\t\t\t\n\t\t\t\t\t\t\n\n\t\t\t\n\t\t\t\t\t\t\t\t\t\t<div class=\"fp-imgBG\">\n\t\t\t\t\t\t\t\t\t\t<div class=\"fp-body\">\n\t\t\t\t\t\t\t\t\t\t\t\t<h4 class=\"fp-title \">\n\t\t\t\t\t\t\t\t\t\t\t\t\t\tL&#8217;int\u00e9r\u00eat d&#8217;acheter des carreaux en pierre naturelle chez Colour of Stone\t\t\t\t\t\t\t\t\t\t\t\t<\/h4>\n\t\t\t\t\t\t\t\t\t\t\t\t<div class=\"fp-text-wirkung\">\n\t\t\t\t\t\t\t\t\t\t\t\t\t\t<p>Venez d\u00e9couvrir un nouveau monde de pierres naturelles, avec un choix unique de couleurs magnifiques et de formats incroyables.<\/p>\n\t\t\t\t\t\t\t\t\t\t\t\t\t\t\t\t\t\t\t\t\t\t\t\t\t\t<\/div>\n\t\t\t\t\t\t\t\t\t\t<\/div>\n\t\t\t\t\t\t\t\t<\/div>\n\t\t\t\t\t\t\t<\/a>\n\t\t\t\t<\/div>\n\n\n\t\n\t\t\n\t\t\t\t<div class=\"fp-row\">\n\t\t\t\t\t\t<a href=\"https:\/\/colourofstone.com\/fr\/magazine\/4-belles-surfaces-qui-conviennent-a-tous-les-styles-dhabitat\/\">\n\t\t\t\t\t\t\t\t\t\t\n\t\t\t\t\t\t\t\t\t\t\t\t\t<img loading=\"lazy\" decoding=\"async\" width=\"400\" height=\"400\" src=\"https:\/\/colourofstone.com\/wp-content\/uploads\/bgNews01.png\" class=\"left-top wp-post-image\" alt=\"\" srcset=\"https:\/\/colourofstone.com\/wp-content\/uploads\/bgNews01.png 400w, https:\/\/colourofstone.com\/wp-content\/uploads\/bgNews01-300x300.png 300w, https:\/\/colourofstone.com\/wp-content\/uploads\/bgNews01-150x150.png 150w\" sizes=\"auto, (max-width: 400px) 100vw, 400px\" \/>\t\t\t\t\t\t\t\t\t\t\t\n\t\t\t\t\t\t\n\n\t\t\t\n\t\t\t\t\t\t\t\t\t\t<div class=\"fp-imgBG\">\n\t\t\t\t\t\t\t\t\t\t<div class=\"fp-body\">\n\t\t\t\t\t\t\t\t\t\t\t\t<h4 class=\"fp-title \">\n\t\t\t\t\t\t\t\t\t\t\t\t\t\t4 Belles surfaces qui conviennent \u00e0 tous les styles d&#8217;habitat\t\t\t\t\t\t\t\t\t\t\t\t<\/h4>\n\t\t\t\t\t\t\t\t\t\t\t\t<div class=\"fp-text-wirkung\">\n\t\t\t\t\t\t\t\t\t\t\t\t\t\t<p>Nous vous expliquons dans ce post un aper\u00e7u passionnant des surfaces actuelles.<\/p>\n\t\t\t\t\t\t\t\t\t\t\t\t\t\t\t\t\t\t\t\t\t\t\t\t\t\t<\/div>\n\t\t\t\t\t\t\t\t\t\t<\/div>\n\t\t\t\t\t\t\t\t<\/div>\n\t\t\t\t\t\t\t<\/a>\n\t\t\t\t<\/div>\n\n\n\t\n<\/div>\n<\/section>\n\n\n<div style=\"height:100px\" aria-hidden=\"true\" class=\"wp-block-spacer\"><\/div>\n\n        <script>\n        function toggleInchInfo(el) {\n            const infoBox = el.nextElementSibling;\n            if (infoBox.style.display === \"none\") {\n                infoBox.style.display = \"inline\";\n            } else {\n                infoBox.style.display = \"none\";\n            }\n        }\n        <\/script>\n        <style>\n            .cm-info {\n                cursor: pointer;\n                color: #0073aa;\n                font-weight: bold;\n                margin-left: 4px;\n            }\n            .inch-info {\n                display: none;\n                background: #f8f8f8;\n                border: 1px solid #ccc;\n                padding: 4px 8px;\n                margin-left: 5px;\n                font-size: 0.9em;\n                border-radius: 4px;\n            }\n        <\/style>","protected":false},"excerpt":{"rendered":"<p>Notre magazine t&#8217;offre toutes les informations sur la pierre naturelle. Des nouvelles sur le marbre, le granit ou les \u00e9chantillons, tu les obtiendras ici. Colour of Stone propose des informations passionnantes et des faits int\u00e9ressants.Bon divertissement.<\/p>\n","protected":false},"author":2,"featured_media":0,"parent":0,"menu_order":0,"comment_status":"closed","ping_status":"closed","template":"","meta":{"footnotes":""},"class_list":["post-46104","page","type-page","status-publish","hentry"],"yoast_head":"<!-- This site is optimized with the Yoast SEO plugin v27.3 - https:\/\/yoast.com\/product\/yoast-seo-wordpress\/ -->\n<title>MAGAZINE - Colour of Stone - Informations sur les carreaux en pierre naturelle<\/title>\n<meta name=\"description\" content=\"Notre Blog t&#039;offre toutes les informations sur les carreaux en pierre naturelle. Tu y trouveras des informations sur le marbre, le granit, les \u00e9chantillons ou le cashback.\" \/>\n<meta name=\"robots\" content=\"index, follow, max-snippet:-1, max-image-preview:large, max-video-preview:-1\" \/>\n<link rel=\"canonical\" href=\"https:\/\/colourofstone.com\/fr\/magazine\/\" \/>\n<meta property=\"og:locale\" content=\"fr_FR\" \/>\n<meta property=\"og:type\" content=\"article\" \/>\n<meta property=\"og:title\" content=\"MAGAZINE - Colour of Stone - Informations sur les carreaux en pierre naturelle\" \/>\n<meta property=\"og:description\" content=\"Notre Blog t&#039;offre toutes les informations sur les carreaux en pierre naturelle. Tu y trouveras des informations sur le marbre, le granit, les \u00e9chantillons ou le cashback.\" \/>\n<meta property=\"og:url\" content=\"https:\/\/colourofstone.com\/fr\/magazine\/\" \/>\n<meta property=\"og:site_name\" content=\"Colour of Stone\" \/>\n<meta property=\"article:modified_time\" content=\"2023-05-03T12:40:50+00:00\" \/>\n<meta property=\"og:image\" content=\"https:\/\/colourofstone.com\/wp-content\/uploads\/Logo.png\" \/>\n\t<meta property=\"og:image:width\" content=\"1086\" \/>\n\t<meta property=\"og:image:height\" content=\"553\" \/>\n\t<meta property=\"og:image:type\" content=\"image\/png\" \/>\n<meta name=\"twitter:card\" content=\"summary_large_image\" \/>\n<meta name=\"twitter:label1\" content=\"Dur\u00e9e de lecture estim\u00e9e\" \/>\n\t<meta name=\"twitter:data1\" content=\"1 minute\" \/>\n<script type=\"application\/ld+json\" class=\"yoast-schema-graph\">{\"@context\":\"https:\\\/\\\/schema.org\",\"@graph\":[{\"@type\":\"WebPage\",\"@id\":\"https:\\\/\\\/colourofstone.com\\\/fr\\\/magazine\\\/\",\"url\":\"https:\\\/\\\/colourofstone.com\\\/fr\\\/magazine\\\/\",\"name\":\"MAGAZINE - Colour of Stone - Informations sur les carreaux en pierre naturelle\",\"isPartOf\":{\"@id\":\"https:\\\/\\\/colourofstone.com\\\/fr\\\/#website\"},\"datePublished\":\"2022-05-11T06:37:44+00:00\",\"dateModified\":\"2023-05-03T12:40:50+00:00\",\"description\":\"Notre Blog t'offre toutes les informations sur les carreaux en pierre naturelle. Tu y trouveras des informations sur le marbre, le granit, les \u00e9chantillons ou le cashback.\",\"breadcrumb\":{\"@id\":\"https:\\\/\\\/colourofstone.com\\\/fr\\\/magazine\\\/#breadcrumb\"},\"inLanguage\":\"fr-FR\",\"potentialAction\":[{\"@type\":\"ReadAction\",\"target\":[\"https:\\\/\\\/colourofstone.com\\\/fr\\\/magazine\\\/\"]}]},{\"@type\":\"BreadcrumbList\",\"@id\":\"https:\\\/\\\/colourofstone.com\\\/fr\\\/magazine\\\/#breadcrumb\",\"itemListElement\":[{\"@type\":\"ListItem\",\"position\":1,\"name\":\"Home\",\"item\":\"https:\\\/\\\/colourofstone.com\\\/fr\\\/\"},{\"@type\":\"ListItem\",\"position\":2,\"name\":\"MAGAZINE\"}]},{\"@type\":\"WebSite\",\"@id\":\"https:\\\/\\\/colourofstone.com\\\/fr\\\/#website\",\"url\":\"https:\\\/\\\/colourofstone.com\\\/fr\\\/\",\"name\":\"Colour of Stone\",\"description\":\"Fliesen, Haus und Garten Produkte aus Naturstein - Online Shop\",\"publisher\":{\"@id\":\"https:\\\/\\\/colourofstone.com\\\/fr\\\/#organization\"},\"potentialAction\":[{\"@type\":\"SearchAction\",\"target\":{\"@type\":\"EntryPoint\",\"urlTemplate\":\"https:\\\/\\\/colourofstone.com\\\/fr\\\/?s={search_term_string}\"},\"query-input\":{\"@type\":\"PropertyValueSpecification\",\"valueRequired\":true,\"valueName\":\"search_term_string\"}}],\"inLanguage\":\"fr-FR\"},{\"@type\":\"Organization\",\"@id\":\"https:\\\/\\\/colourofstone.com\\\/fr\\\/#organization\",\"name\":\"Colour of Stone GmbH\",\"url\":\"https:\\\/\\\/colourofstone.com\\\/fr\\\/\",\"logo\":{\"@type\":\"ImageObject\",\"inLanguage\":\"fr-FR\",\"@id\":\"https:\\\/\\\/colourofstone.com\\\/fr\\\/#\\\/schema\\\/logo\\\/image\\\/\",\"url\":\"https:\\\/\\\/colourofstone.com\\\/wp-content\\\/uploads\\\/99FC1526-DF3B-44F1-9816-9278D3194252-scaled.jpeg\",\"contentUrl\":\"https:\\\/\\\/colourofstone.com\\\/wp-content\\\/uploads\\\/99FC1526-DF3B-44F1-9816-9278D3194252-scaled.jpeg\",\"width\":2125,\"height\":2560,\"caption\":\"Colour of Stone GmbH\"},\"image\":{\"@id\":\"https:\\\/\\\/colourofstone.com\\\/fr\\\/#\\\/schema\\\/logo\\\/image\\\/\"},\"sameAs\":[\"https:\\\/\\\/www.instagram.com\\\/colourofstone\\\/\"]}]}<\/script>\n<!-- \/ Yoast SEO plugin. -->","yoast_head_json":{"title":"MAGAZINE - Colour of Stone - Informations sur les carreaux en pierre naturelle","description":"Notre Blog t'offre toutes les informations sur les carreaux en pierre naturelle. Tu y trouveras des informations sur le marbre, le granit, les \u00e9chantillons ou le cashback.","robots":{"index":"index","follow":"follow","max-snippet":"max-snippet:-1","max-image-preview":"max-image-preview:large","max-video-preview":"max-video-preview:-1"},"canonical":"https:\/\/colourofstone.com\/fr\/magazine\/","og_locale":"fr_FR","og_type":"article","og_title":"MAGAZINE - Colour of Stone - Informations sur les carreaux en pierre naturelle","og_description":"Notre Blog t'offre toutes les informations sur les carreaux en pierre naturelle. Tu y trouveras des informations sur le marbre, le granit, les \u00e9chantillons ou le cashback.","og_url":"https:\/\/colourofstone.com\/fr\/magazine\/","og_site_name":"Colour of Stone","article_modified_time":"2023-05-03T12:40:50+00:00","og_image":[{"width":1086,"height":553,"url":"https:\/\/colourofstone.com\/wp-content\/uploads\/Logo.png","type":"image\/png"}],"twitter_card":"summary_large_image","twitter_misc":{"Dur\u00e9e de lecture estim\u00e9e":"1 minute"},"schema":{"@context":"https:\/\/schema.org","@graph":[{"@type":"WebPage","@id":"https:\/\/colourofstone.com\/fr\/magazine\/","url":"https:\/\/colourofstone.com\/fr\/magazine\/","name":"MAGAZINE - Colour of Stone - Informations sur les carreaux en pierre naturelle","isPartOf":{"@id":"https:\/\/colourofstone.com\/fr\/#website"},"datePublished":"2022-05-11T06:37:44+00:00","dateModified":"2023-05-03T12:40:50+00:00","description":"Notre Blog t'offre toutes les informations sur les carreaux en pierre naturelle. Tu y trouveras des informations sur le marbre, le granit, les \u00e9chantillons ou le cashback.","breadcrumb":{"@id":"https:\/\/colourofstone.com\/fr\/magazine\/#breadcrumb"},"inLanguage":"fr-FR","potentialAction":[{"@type":"ReadAction","target":["https:\/\/colourofstone.com\/fr\/magazine\/"]}]},{"@type":"BreadcrumbList","@id":"https:\/\/colourofstone.com\/fr\/magazine\/#breadcrumb","itemListElement":[{"@type":"ListItem","position":1,"name":"Home","item":"https:\/\/colourofstone.com\/fr\/"},{"@type":"ListItem","position":2,"name":"MAGAZINE"}]},{"@type":"WebSite","@id":"https:\/\/colourofstone.com\/fr\/#website","url":"https:\/\/colourofstone.com\/fr\/","name":"Colour of Stone","description":"Fliesen, Haus und Garten Produkte aus Naturstein - Online Shop","publisher":{"@id":"https:\/\/colourofstone.com\/fr\/#organization"},"potentialAction":[{"@type":"SearchAction","target":{"@type":"EntryPoint","urlTemplate":"https:\/\/colourofstone.com\/fr\/?s={search_term_string}"},"query-input":{"@type":"PropertyValueSpecification","valueRequired":true,"valueName":"search_term_string"}}],"inLanguage":"fr-FR"},{"@type":"Organization","@id":"https:\/\/colourofstone.com\/fr\/#organization","name":"Colour of Stone GmbH","url":"https:\/\/colourofstone.com\/fr\/","logo":{"@type":"ImageObject","inLanguage":"fr-FR","@id":"https:\/\/colourofstone.com\/fr\/#\/schema\/logo\/image\/","url":"https:\/\/colourofstone.com\/wp-content\/uploads\/99FC1526-DF3B-44F1-9816-9278D3194252-scaled.jpeg","contentUrl":"https:\/\/colourofstone.com\/wp-content\/uploads\/99FC1526-DF3B-44F1-9816-9278D3194252-scaled.jpeg","width":2125,"height":2560,"caption":"Colour of Stone GmbH"},"image":{"@id":"https:\/\/colourofstone.com\/fr\/#\/schema\/logo\/image\/"},"sameAs":["https:\/\/www.instagram.com\/colourofstone\/"]}]}},"_links":{"self":[{"href":"https:\/\/colourofstone.com\/fr\/wp-json\/wp\/v2\/pages\/46104","targetHints":{"allow":["GET"]}}],"collection":[{"href":"https:\/\/colourofstone.com\/fr\/wp-json\/wp\/v2\/pages"}],"about":[{"href":"https:\/\/colourofstone.com\/fr\/wp-json\/wp\/v2\/types\/page"}],"author":[{"embeddable":true,"href":"https:\/\/colourofstone.com\/fr\/wp-json\/wp\/v2\/users\/2"}],"replies":[{"embeddable":true,"href":"https:\/\/colourofstone.com\/fr\/wp-json\/wp\/v2\/comments?post=46104"}],"version-history":[{"count":4,"href":"https:\/\/colourofstone.com\/fr\/wp-json\/wp\/v2\/pages\/46104\/revisions"}],"predecessor-version":[{"id":63289,"href":"https:\/\/colourofstone.com\/fr\/wp-json\/wp\/v2\/pages\/46104\/revisions\/63289"}],"wp:attachment":[{"href":"https:\/\/colourofstone.com\/fr\/wp-json\/wp\/v2\/media?parent=46104"}],"curies":[{"name":"wp","href":"https:\/\/api.w.org\/{rel}","templated":true}]}}