{"id":10942,"date":"2021-03-20T01:04:07","date_gmt":"2020-08-05T15:14:07","guid":{"rendered":"https:\/\/colourofstone.com\/shop\/non%20class\u00e9\/basalto-delletna-pietra-lavica\/"},"modified":"2023-02-10T05:37:57","modified_gmt":"2023-02-10T05:37:57","slug":"basalto-dell-etna-pietra-lavica","status":"publish","type":"product","link":"https:\/\/colourofstone.com\/fr\/shop\/pierre-naturelle\/carreaux\/basalto-dell-etna-pietra-lavica\/","title":{"rendered":"Basalto dell&#8217;Etna \/ Pietra Lavica"},"content":{"rendered":"<p>Basalto dell&#8217;Etna \/ Pietra Lavica est une pierre de lave grise homog\u00e8ne. Sa surface ferm\u00e9e fait de cette pierre naturelle gris\u00e2tre un mat\u00e9riau recherch\u00e9 dans la d\u00e9coration int\u00e9rieure haut de gamme. Basalto dell&#8217;Etna \/ Pietra Lavica est exploit\u00e9e en aval de l&#8217;Etna, dans la r\u00e9gion de Catane.<\/p>\n<p>&nbsp;<\/p>\n<p>Cette pierre naturelle ne r\u00e9siste pas au gel et aux acides. Il est parfaitement adapt\u00e9 \u00e0 un usage int\u00e9rieur. Avec une sensibilit\u00e9 et des connaissances appropri\u00e9es, cette pierre naturelle peut \u00e9galement \u00eatre utilis\u00e9e dans d&#8217;autres domaines.<\/p>\n\n        <script>\n        function toggleInchInfo(el) {\n            const infoBox = el.nextElementSibling;\n            if (infoBox.style.display === \"none\") {\n                infoBox.style.display = \"inline\";\n            } else {\n                infoBox.style.display = \"none\";\n            }\n        }\n        <\/script>\n        <style>\n            .cm-info {\n                cursor: pointer;\n                color: #0073aa;\n                font-weight: bold;\n                margin-left: 4px;\n            }\n            .inch-info {\n                display: none;\n                background: #f8f8f8;\n                border: 1px solid #ccc;\n                padding: 4px 8px;\n                margin-left: 5px;\n                font-size: 0.9em;\n                border-radius: 4px;\n            }\n        <\/style>","protected":false},"excerpt":{"rendered":"<p>Basalto dell&#8217;Etna \/ Pietra Lavica est une pierre de lave grise homog\u00e8ne. Sa surface ferm\u00e9e fait de cette pierre naturelle gris\u00e2tre un mat\u00e9riau recherch\u00e9 dans la d\u00e9coration int\u00e9rieure haut de gamme. Basalto dell&#8217;Etna \/ Pietra Lavica est exploit\u00e9e en aval de l&#8217;Etna, dans la r\u00e9gion de Catane. &nbsp; Cette pierre naturelle ne r\u00e9siste pas au <a href=\"https:\/\/colourofstone.com\/fr\/shop\/pierre-naturelle\/carreaux\/basalto-dell-etna-pietra-lavica\/\" class=\"more-link\">&#8230;<\/a><\/p>\n","protected":false},"featured_media":46252,"template":"","meta":[],"product_brand":[],"product_cat":[527],"product_tag":[],"class_list":{"0":"post-10942","1":"product","2":"type-product","3":"status-publish","4":"has-post-thumbnail","6":"product_cat-carreaux","7":"pa_farbe-gris","8":"pa_farbe-fonce","9":"pa_masseinheit-305-x-305-cm","10":"pa_masseinheit-61-x-305-cm","11":"pa_masseinheit-40-x-40-cm","12":"pa_masseinheit-457-x-457-cm","13":"pa_masseinheit-60-x-40-cm","14":"pa_material-basalte","15":"pa_oberflaeche-polie","16":"pa_oberflaeche-poncee","18":"first","19":"instock","20":"taxable","21":"shipping-taxable","22":"purchasable","23":"product-type-variable","24":"has-default-attributes"},"yoast_head":"<!-- This site is optimized with the Yoast SEO plugin v27.3 - https:\/\/yoast.com\/product\/yoast-seo-wordpress\/ -->\n<title>Basalto dell&#039;Etna \/ Pietra Lavica - Basalte Carreaux livraison gratuite - Colour of Stone<\/title>\n<meta name=\"description\" content=\"Basalto dell&#039;Etna \/ Pietra Lavica est une pierre de lave grise homog\u00e8ne. Sa surface ferm\u00e9e fait de cette pierre naturelle gris\u00e2tre un mat\u00e9riau recherch\u00e9 ...\" \/>\n<meta name=\"robots\" content=\"index, follow, max-snippet:-1, max-image-preview:large, max-video-preview:-1\" \/>\n<link rel=\"canonical\" href=\"https:\/\/colourofstone.com\/fr\/shop\/pierre-naturelle\/carreaux\/basalto-dell-etna-pietra-lavica\/\" \/>\n<meta property=\"og:locale\" content=\"fr_FR\" \/>\n<meta property=\"og:type\" content=\"article\" \/>\n<meta property=\"og:title\" content=\"Basalto dell&#039;Etna \/ Pietra Lavica - Basalte Carreaux livraison gratuite - Colour of Stone\" \/>\n<meta property=\"og:description\" content=\"Basalto dell&#039;Etna \/ Pietra Lavica est une pierre de lave grise homog\u00e8ne. Sa surface ferm\u00e9e fait de cette pierre naturelle gris\u00e2tre un mat\u00e9riau recherch\u00e9 ...\" \/>\n<meta property=\"og:url\" content=\"https:\/\/colourofstone.com\/fr\/shop\/pierre-naturelle\/carreaux\/basalto-dell-etna-pietra-lavica\/\" \/>\n<meta property=\"og:site_name\" content=\"Colour of Stone\" \/>\n<meta property=\"article:modified_time\" content=\"2023-02-10T05:37:57+00:00\" \/>\n<meta property=\"og:image\" content=\"https:\/\/colourofstone.com\/wp-content\/uploads\/BasaltoDellEtna1-1.jpg\" \/>\n\t<meta property=\"og:image:width\" content=\"1600\" \/>\n\t<meta property=\"og:image:height\" content=\"1600\" \/>\n\t<meta property=\"og:image:type\" content=\"image\/jpeg\" \/>\n<meta name=\"twitter:card\" content=\"summary_large_image\" \/>\n<meta name=\"twitter:label1\" content=\"Dur\u00e9e de lecture estim\u00e9e\" \/>\n\t<meta name=\"twitter:data1\" content=\"1 minute\" \/>\n<script type=\"application\/ld+json\" class=\"yoast-schema-graph\">{\"@context\":\"https:\\\/\\\/schema.org\",\"@graph\":[{\"@type\":\"WebPage\",\"@id\":\"https:\\\/\\\/colourofstone.com\\\/fr\\\/shop\\\/pierre-naturelle\\\/carreaux\\\/basalto-dell-etna-pietra-lavica\\\/\",\"url\":\"https:\\\/\\\/colourofstone.com\\\/fr\\\/shop\\\/pierre-naturelle\\\/carreaux\\\/basalto-dell-etna-pietra-lavica\\\/\",\"name\":\"Basalto dell'Etna \\\/ Pietra Lavica - Basalte Carreaux livraison gratuite - Colour of Stone\",\"isPartOf\":{\"@id\":\"https:\\\/\\\/colourofstone.com\\\/fr\\\/#website\"},\"primaryImageOfPage\":{\"@id\":\"https:\\\/\\\/colourofstone.com\\\/fr\\\/shop\\\/pierre-naturelle\\\/carreaux\\\/basalto-dell-etna-pietra-lavica\\\/#primaryimage\"},\"image\":{\"@id\":\"https:\\\/\\\/colourofstone.com\\\/fr\\\/shop\\\/pierre-naturelle\\\/carreaux\\\/basalto-dell-etna-pietra-lavica\\\/#primaryimage\"},\"thumbnailUrl\":\"https:\\\/\\\/colourofstone.com\\\/wp-content\\\/uploads\\\/BasaltoDellEtna1-1.jpg\",\"datePublished\":\"2020-08-05T15:14:07+00:00\",\"dateModified\":\"2023-02-10T05:37:57+00:00\",\"description\":\"Basalto dell'Etna \\\/ Pietra Lavica est une pierre de lave grise homog\u00e8ne. Sa surface ferm\u00e9e fait de cette pierre naturelle gris\u00e2tre un mat\u00e9riau recherch\u00e9 ...\",\"breadcrumb\":{\"@id\":\"https:\\\/\\\/colourofstone.com\\\/fr\\\/shop\\\/pierre-naturelle\\\/carreaux\\\/basalto-dell-etna-pietra-lavica\\\/#breadcrumb\"},\"inLanguage\":\"fr-FR\",\"potentialAction\":[{\"@type\":\"ReadAction\",\"target\":[\"https:\\\/\\\/colourofstone.com\\\/fr\\\/shop\\\/pierre-naturelle\\\/carreaux\\\/basalto-dell-etna-pietra-lavica\\\/\"]}]},{\"@type\":\"ImageObject\",\"inLanguage\":\"fr-FR\",\"@id\":\"https:\\\/\\\/colourofstone.com\\\/fr\\\/shop\\\/pierre-naturelle\\\/carreaux\\\/basalto-dell-etna-pietra-lavica\\\/#primaryimage\",\"url\":\"https:\\\/\\\/colourofstone.com\\\/wp-content\\\/uploads\\\/BasaltoDellEtna1-1.jpg\",\"contentUrl\":\"https:\\\/\\\/colourofstone.com\\\/wp-content\\\/uploads\\\/BasaltoDellEtna1-1.jpg\",\"width\":1600,\"height\":1600,\"caption\":\"Basalto dell'Etna \\\/ Pietra Lavica\"},{\"@type\":\"BreadcrumbList\",\"@id\":\"https:\\\/\\\/colourofstone.com\\\/fr\\\/shop\\\/pierre-naturelle\\\/carreaux\\\/basalto-dell-etna-pietra-lavica\\\/#breadcrumb\",\"itemListElement\":[{\"@type\":\"ListItem\",\"position\":1,\"name\":\"Home\",\"item\":\"https:\\\/\\\/colourofstone.com\\\/fr\\\/\"},{\"@type\":\"ListItem\",\"position\":2,\"name\":\"Shop\",\"item\":\"https:\\\/\\\/colourofstone.com\\\/fr\\\/shop\\\/\"},{\"@type\":\"ListItem\",\"position\":3,\"name\":\"Basalte\",\"item\":\"https:\\\/\\\/colourofstone.com\\\/fr\\\/material\\\/basalte\\\/\"},{\"@type\":\"ListItem\",\"position\":4,\"name\":\"Basalto dell&#8217;Etna \\\/ Pietra Lavica\"}]},{\"@type\":\"WebSite\",\"@id\":\"https:\\\/\\\/colourofstone.com\\\/fr\\\/#website\",\"url\":\"https:\\\/\\\/colourofstone.com\\\/fr\\\/\",\"name\":\"Colour of Stone\",\"description\":\"Fliesen, Haus und Garten Produkte aus Naturstein - Online Shop\",\"publisher\":{\"@id\":\"https:\\\/\\\/colourofstone.com\\\/fr\\\/#organization\"},\"potentialAction\":[{\"@type\":\"SearchAction\",\"target\":{\"@type\":\"EntryPoint\",\"urlTemplate\":\"https:\\\/\\\/colourofstone.com\\\/fr\\\/?s={search_term_string}\"},\"query-input\":{\"@type\":\"PropertyValueSpecification\",\"valueRequired\":true,\"valueName\":\"search_term_string\"}}],\"inLanguage\":\"fr-FR\"},{\"@type\":\"Organization\",\"@id\":\"https:\\\/\\\/colourofstone.com\\\/fr\\\/#organization\",\"name\":\"Colour of Stone GmbH\",\"url\":\"https:\\\/\\\/colourofstone.com\\\/fr\\\/\",\"logo\":{\"@type\":\"ImageObject\",\"inLanguage\":\"fr-FR\",\"@id\":\"https:\\\/\\\/colourofstone.com\\\/fr\\\/#\\\/schema\\\/logo\\\/image\\\/\",\"url\":\"https:\\\/\\\/colourofstone.com\\\/wp-content\\\/uploads\\\/99FC1526-DF3B-44F1-9816-9278D3194252-scaled.jpeg\",\"contentUrl\":\"https:\\\/\\\/colourofstone.com\\\/wp-content\\\/uploads\\\/99FC1526-DF3B-44F1-9816-9278D3194252-scaled.jpeg\",\"width\":2125,\"height\":2560,\"caption\":\"Colour of Stone GmbH\"},\"image\":{\"@id\":\"https:\\\/\\\/colourofstone.com\\\/fr\\\/#\\\/schema\\\/logo\\\/image\\\/\"},\"sameAs\":[\"https:\\\/\\\/www.instagram.com\\\/colourofstone\\\/\"]}]}<\/script>\n<!-- \/ Yoast SEO plugin. -->","yoast_head_json":{"title":"Basalto dell'Etna \/ Pietra Lavica - Basalte Carreaux livraison gratuite - Colour of Stone","description":"Basalto dell'Etna \/ Pietra Lavica est une pierre de lave grise homog\u00e8ne. Sa surface ferm\u00e9e fait de cette pierre naturelle gris\u00e2tre un mat\u00e9riau recherch\u00e9 ...","robots":{"index":"index","follow":"follow","max-snippet":"max-snippet:-1","max-image-preview":"max-image-preview:large","max-video-preview":"max-video-preview:-1"},"canonical":"https:\/\/colourofstone.com\/fr\/shop\/pierre-naturelle\/carreaux\/basalto-dell-etna-pietra-lavica\/","og_locale":"fr_FR","og_type":"article","og_title":"Basalto dell'Etna \/ Pietra Lavica - Basalte Carreaux livraison gratuite - Colour of Stone","og_description":"Basalto dell'Etna \/ Pietra Lavica est une pierre de lave grise homog\u00e8ne. Sa surface ferm\u00e9e fait de cette pierre naturelle gris\u00e2tre un mat\u00e9riau recherch\u00e9 ...","og_url":"https:\/\/colourofstone.com\/fr\/shop\/pierre-naturelle\/carreaux\/basalto-dell-etna-pietra-lavica\/","og_site_name":"Colour of Stone","article_modified_time":"2023-02-10T05:37:57+00:00","og_image":[{"width":1600,"height":1600,"url":"https:\/\/colourofstone.com\/wp-content\/uploads\/BasaltoDellEtna1-1.jpg","type":"image\/jpeg"}],"twitter_card":"summary_large_image","twitter_misc":{"Dur\u00e9e de lecture estim\u00e9e":"1 minute"},"schema":{"@context":"https:\/\/schema.org","@graph":[{"@type":"WebPage","@id":"https:\/\/colourofstone.com\/fr\/shop\/pierre-naturelle\/carreaux\/basalto-dell-etna-pietra-lavica\/","url":"https:\/\/colourofstone.com\/fr\/shop\/pierre-naturelle\/carreaux\/basalto-dell-etna-pietra-lavica\/","name":"Basalto dell'Etna \/ Pietra Lavica - Basalte Carreaux livraison gratuite - Colour of Stone","isPartOf":{"@id":"https:\/\/colourofstone.com\/fr\/#website"},"primaryImageOfPage":{"@id":"https:\/\/colourofstone.com\/fr\/shop\/pierre-naturelle\/carreaux\/basalto-dell-etna-pietra-lavica\/#primaryimage"},"image":{"@id":"https:\/\/colourofstone.com\/fr\/shop\/pierre-naturelle\/carreaux\/basalto-dell-etna-pietra-lavica\/#primaryimage"},"thumbnailUrl":"https:\/\/colourofstone.com\/wp-content\/uploads\/BasaltoDellEtna1-1.jpg","datePublished":"2020-08-05T15:14:07+00:00","dateModified":"2023-02-10T05:37:57+00:00","description":"Basalto dell'Etna \/ Pietra Lavica est une pierre de lave grise homog\u00e8ne. Sa surface ferm\u00e9e fait de cette pierre naturelle gris\u00e2tre un mat\u00e9riau recherch\u00e9 ...","breadcrumb":{"@id":"https:\/\/colourofstone.com\/fr\/shop\/pierre-naturelle\/carreaux\/basalto-dell-etna-pietra-lavica\/#breadcrumb"},"inLanguage":"fr-FR","potentialAction":[{"@type":"ReadAction","target":["https:\/\/colourofstone.com\/fr\/shop\/pierre-naturelle\/carreaux\/basalto-dell-etna-pietra-lavica\/"]}]},{"@type":"ImageObject","inLanguage":"fr-FR","@id":"https:\/\/colourofstone.com\/fr\/shop\/pierre-naturelle\/carreaux\/basalto-dell-etna-pietra-lavica\/#primaryimage","url":"https:\/\/colourofstone.com\/wp-content\/uploads\/BasaltoDellEtna1-1.jpg","contentUrl":"https:\/\/colourofstone.com\/wp-content\/uploads\/BasaltoDellEtna1-1.jpg","width":1600,"height":1600,"caption":"Basalto dell'Etna \/ Pietra Lavica"},{"@type":"BreadcrumbList","@id":"https:\/\/colourofstone.com\/fr\/shop\/pierre-naturelle\/carreaux\/basalto-dell-etna-pietra-lavica\/#breadcrumb","itemListElement":[{"@type":"ListItem","position":1,"name":"Home","item":"https:\/\/colourofstone.com\/fr\/"},{"@type":"ListItem","position":2,"name":"Shop","item":"https:\/\/colourofstone.com\/fr\/shop\/"},{"@type":"ListItem","position":3,"name":"Basalte","item":"https:\/\/colourofstone.com\/fr\/material\/basalte\/"},{"@type":"ListItem","position":4,"name":"Basalto dell&#8217;Etna \/ Pietra Lavica"}]},{"@type":"WebSite","@id":"https:\/\/colourofstone.com\/fr\/#website","url":"https:\/\/colourofstone.com\/fr\/","name":"Colour of Stone","description":"Fliesen, Haus und Garten Produkte aus Naturstein - Online Shop","publisher":{"@id":"https:\/\/colourofstone.com\/fr\/#organization"},"potentialAction":[{"@type":"SearchAction","target":{"@type":"EntryPoint","urlTemplate":"https:\/\/colourofstone.com\/fr\/?s={search_term_string}"},"query-input":{"@type":"PropertyValueSpecification","valueRequired":true,"valueName":"search_term_string"}}],"inLanguage":"fr-FR"},{"@type":"Organization","@id":"https:\/\/colourofstone.com\/fr\/#organization","name":"Colour of Stone GmbH","url":"https:\/\/colourofstone.com\/fr\/","logo":{"@type":"ImageObject","inLanguage":"fr-FR","@id":"https:\/\/colourofstone.com\/fr\/#\/schema\/logo\/image\/","url":"https:\/\/colourofstone.com\/wp-content\/uploads\/99FC1526-DF3B-44F1-9816-9278D3194252-scaled.jpeg","contentUrl":"https:\/\/colourofstone.com\/wp-content\/uploads\/99FC1526-DF3B-44F1-9816-9278D3194252-scaled.jpeg","width":2125,"height":2560,"caption":"Colour of Stone GmbH"},"image":{"@id":"https:\/\/colourofstone.com\/fr\/#\/schema\/logo\/image\/"},"sameAs":["https:\/\/www.instagram.com\/colourofstone\/"]}]}},"_links":{"self":[{"href":"https:\/\/colourofstone.com\/fr\/wp-json\/wp\/v2\/product\/10942","targetHints":{"allow":["GET"]}}],"collection":[{"href":"https:\/\/colourofstone.com\/fr\/wp-json\/wp\/v2\/product"}],"about":[{"href":"https:\/\/colourofstone.com\/fr\/wp-json\/wp\/v2\/types\/product"}],"wp:featuredmedia":[{"embeddable":true,"href":"https:\/\/colourofstone.com\/fr\/wp-json\/wp\/v2\/media\/46252"}],"wp:attachment":[{"href":"https:\/\/colourofstone.com\/fr\/wp-json\/wp\/v2\/media?parent=10942"}],"wp:term":[{"taxonomy":"product_brand","embeddable":true,"href":"https:\/\/colourofstone.com\/fr\/wp-json\/wp\/v2\/product_brand?post=10942"},{"taxonomy":"product_cat","embeddable":true,"href":"https:\/\/colourofstone.com\/fr\/wp-json\/wp\/v2\/product_cat?post=10942"},{"taxonomy":"product_tag","embeddable":true,"href":"https:\/\/colourofstone.com\/fr\/wp-json\/wp\/v2\/product_tag?post=10942"}],"curies":[{"name":"wp","href":"https:\/\/api.w.org\/{rel}","templated":true}]}}