{"id":13208,"date":"2021-03-20T01:20:30","date_gmt":"2020-07-07T19:30:30","guid":{"rendered":"https:\/\/colourofstone.com\/shop\/non%20class\u00e9\/estremoz\/"},"modified":"2023-02-10T20:35:14","modified_gmt":"2023-02-10T20:35:14","slug":"estremoz","status":"publish","type":"product","link":"https:\/\/colourofstone.com\/fr\/shop\/pierre-naturelle\/carreaux\/estremoz\/","title":{"rendered":"Estremoz"},"content":{"rendered":"<p>Estremoz est un marbre blanc tr\u00e8s \u00e9l\u00e9gant provenant du Portugal. Il est finement cristallin et tr\u00e8s homog\u00e8ne. Estremoz est disponible dans de nombreuses nuances et qualit\u00e9s de couleurs. L&#8217;immense zone mini\u00e8re est situ\u00e9e pr\u00e8s de la ville d&#8217;Estremoz, pr\u00e8s de la fronti\u00e8re espagnole.<\/p>\n<p>&nbsp;<\/p>\n<p>Cette pierre naturelle ne r\u00e9siste pas au gel et aux acides. Il est parfaitement adapt\u00e9 \u00e0 une utilisation en int\u00e9rieur. Avec une sensibilit\u00e9 et des connaissances appropri\u00e9es, cette pierre naturelle peut \u00e9galement \u00eatre utilis\u00e9e dans d&#8217;autres domaines.<\/p>\n\n        <script>\n        function toggleInchInfo(el) {\n            const infoBox = el.nextElementSibling;\n            if (infoBox.style.display === \"none\") {\n                infoBox.style.display = \"inline\";\n            } else {\n                infoBox.style.display = \"none\";\n            }\n        }\n        <\/script>\n        <style>\n            .cm-info {\n                cursor: pointer;\n                color: #0073aa;\n                font-weight: bold;\n                margin-left: 4px;\n            }\n            .inch-info {\n                display: none;\n                background: #f8f8f8;\n                border: 1px solid #ccc;\n                padding: 4px 8px;\n                margin-left: 5px;\n                font-size: 0.9em;\n                border-radius: 4px;\n            }\n        <\/style>","protected":false},"excerpt":{"rendered":"<p>Estremoz est un marbre blanc tr\u00e8s \u00e9l\u00e9gant provenant du Portugal. Il est finement cristallin et tr\u00e8s homog\u00e8ne. Estremoz est disponible dans de nombreuses nuances et qualit\u00e9s de couleurs. L&#8217;immense zone mini\u00e8re est situ\u00e9e pr\u00e8s de la ville d&#8217;Estremoz, pr\u00e8s de la fronti\u00e8re espagnole. &nbsp; Cette pierre naturelle ne r\u00e9siste pas au gel et aux acides. <a href=\"https:\/\/colourofstone.com\/fr\/shop\/pierre-naturelle\/carreaux\/estremoz\/\" class=\"more-link\">&#8230;<\/a><\/p>\n","protected":false},"featured_media":27998,"template":"","meta":[],"product_brand":[],"product_cat":[527],"product_tag":[],"class_list":{"0":"post-13208","1":"product","2":"type-product","3":"status-publish","4":"has-post-thumbnail","6":"product_cat-carreaux","7":"pa_farbe-beige","8":"pa_farbe-blanc","9":"pa_farbe-rose","10":"pa_farbe-clair","11":"pa_masseinheit-305-x-305-cm","12":"pa_masseinheit-61-x-305-cm","13":"pa_masseinheit-40-x-40-cm","14":"pa_masseinheit-457-x-457-cm","15":"pa_masseinheit-60-x-40-cm","16":"pa_masseinheit-60-x-60-cm","17":"pa_material-marbre","18":"pa_oberflaeche-polie","19":"pa_oberflaeche-poncee","20":"pa_oberflaeche-brossee","22":"first","23":"instock","24":"taxable","25":"shipping-taxable","26":"purchasable","27":"product-type-variable","28":"has-default-attributes"},"yoast_head":"<!-- This site is optimized with the Yoast SEO plugin v27.4 - https:\/\/yoast.com\/product\/yoast-seo-wordpress\/ -->\n<title>Estremoz - Marbre Carreaux livraison gratuite - Colour of Stone<\/title>\n<meta name=\"description\" content=\"Estremoz est un marbre blanc tr\u00e8s \u00e9l\u00e9gant provenant du Portugal. Il est finement cristallin et tr\u00e8s homog\u00e8ne. Estremoz est disponible dans de nombreuses ...\" \/>\n<meta name=\"robots\" content=\"index, follow, max-snippet:-1, max-image-preview:large, max-video-preview:-1\" \/>\n<link rel=\"canonical\" href=\"https:\/\/colourofstone.com\/fr\/shop\/pierre-naturelle\/carreaux\/estremoz\/\" \/>\n<meta property=\"og:locale\" content=\"fr_FR\" \/>\n<meta property=\"og:type\" content=\"article\" \/>\n<meta property=\"og:title\" content=\"Estremoz - Marbre Carreaux livraison gratuite - Colour of Stone\" \/>\n<meta property=\"og:description\" content=\"Estremoz est un marbre blanc tr\u00e8s \u00e9l\u00e9gant provenant du Portugal. Il est finement cristallin et tr\u00e8s homog\u00e8ne. Estremoz est disponible dans de nombreuses ...\" \/>\n<meta property=\"og:url\" content=\"https:\/\/colourofstone.com\/fr\/shop\/pierre-naturelle\/carreaux\/estremoz\/\" \/>\n<meta property=\"og:site_name\" content=\"Colour of Stone\" \/>\n<meta property=\"article:modified_time\" content=\"2023-02-10T20:35:14+00:00\" \/>\n<meta property=\"og:image\" content=\"https:\/\/colourofstone.com\/wp-content\/uploads\/Estremoz1.jpg\" \/>\n\t<meta property=\"og:image:width\" content=\"1600\" \/>\n\t<meta property=\"og:image:height\" content=\"1600\" \/>\n\t<meta property=\"og:image:type\" content=\"image\/jpeg\" \/>\n<meta name=\"twitter:card\" content=\"summary_large_image\" \/>\n<meta name=\"twitter:label1\" content=\"Dur\u00e9e de lecture estim\u00e9e\" \/>\n\t<meta name=\"twitter:data1\" content=\"1 minute\" \/>\n<script type=\"application\/ld+json\" class=\"yoast-schema-graph\">{\"@context\":\"https:\\\/\\\/schema.org\",\"@graph\":[{\"@type\":\"WebPage\",\"@id\":\"https:\\\/\\\/colourofstone.com\\\/fr\\\/shop\\\/pierre-naturelle\\\/carreaux\\\/estremoz\\\/\",\"url\":\"https:\\\/\\\/colourofstone.com\\\/fr\\\/shop\\\/pierre-naturelle\\\/carreaux\\\/estremoz\\\/\",\"name\":\"Estremoz - Marbre Carreaux livraison gratuite - Colour of Stone\",\"isPartOf\":{\"@id\":\"https:\\\/\\\/colourofstone.com\\\/fr\\\/#website\"},\"primaryImageOfPage\":{\"@id\":\"https:\\\/\\\/colourofstone.com\\\/fr\\\/shop\\\/pierre-naturelle\\\/carreaux\\\/estremoz\\\/#primaryimage\"},\"image\":{\"@id\":\"https:\\\/\\\/colourofstone.com\\\/fr\\\/shop\\\/pierre-naturelle\\\/carreaux\\\/estremoz\\\/#primaryimage\"},\"thumbnailUrl\":\"https:\\\/\\\/colourofstone.com\\\/wp-content\\\/uploads\\\/Estremoz1.jpg\",\"datePublished\":\"2020-07-07T19:30:30+00:00\",\"dateModified\":\"2023-02-10T20:35:14+00:00\",\"description\":\"Estremoz est un marbre blanc tr\u00e8s \u00e9l\u00e9gant provenant du Portugal. Il est finement cristallin et tr\u00e8s homog\u00e8ne. Estremoz est disponible dans de nombreuses ...\",\"breadcrumb\":{\"@id\":\"https:\\\/\\\/colourofstone.com\\\/fr\\\/shop\\\/pierre-naturelle\\\/carreaux\\\/estremoz\\\/#breadcrumb\"},\"inLanguage\":\"fr-FR\",\"potentialAction\":[{\"@type\":\"ReadAction\",\"target\":[\"https:\\\/\\\/colourofstone.com\\\/fr\\\/shop\\\/pierre-naturelle\\\/carreaux\\\/estremoz\\\/\"]}]},{\"@type\":\"ImageObject\",\"inLanguage\":\"fr-FR\",\"@id\":\"https:\\\/\\\/colourofstone.com\\\/fr\\\/shop\\\/pierre-naturelle\\\/carreaux\\\/estremoz\\\/#primaryimage\",\"url\":\"https:\\\/\\\/colourofstone.com\\\/wp-content\\\/uploads\\\/Estremoz1.jpg\",\"contentUrl\":\"https:\\\/\\\/colourofstone.com\\\/wp-content\\\/uploads\\\/Estremoz1.jpg\",\"width\":1600,\"height\":1600,\"caption\":\"Estremoz\"},{\"@type\":\"BreadcrumbList\",\"@id\":\"https:\\\/\\\/colourofstone.com\\\/fr\\\/shop\\\/pierre-naturelle\\\/carreaux\\\/estremoz\\\/#breadcrumb\",\"itemListElement\":[{\"@type\":\"ListItem\",\"position\":1,\"name\":\"Home\",\"item\":\"https:\\\/\\\/colourofstone.com\\\/fr\\\/\"},{\"@type\":\"ListItem\",\"position\":2,\"name\":\"Shop\",\"item\":\"https:\\\/\\\/colourofstone.com\\\/fr\\\/shop\\\/\"},{\"@type\":\"ListItem\",\"position\":3,\"name\":\"Marbre\",\"item\":\"https:\\\/\\\/colourofstone.com\\\/fr\\\/material\\\/marbre\\\/\"},{\"@type\":\"ListItem\",\"position\":4,\"name\":\"Estremoz\"}]},{\"@type\":\"WebSite\",\"@id\":\"https:\\\/\\\/colourofstone.com\\\/fr\\\/#website\",\"url\":\"https:\\\/\\\/colourofstone.com\\\/fr\\\/\",\"name\":\"Colour of Stone\",\"description\":\"Fliesen, Haus und Garten Produkte aus Naturstein - Online Shop\",\"publisher\":{\"@id\":\"https:\\\/\\\/colourofstone.com\\\/fr\\\/#organization\"},\"potentialAction\":[{\"@type\":\"SearchAction\",\"target\":{\"@type\":\"EntryPoint\",\"urlTemplate\":\"https:\\\/\\\/colourofstone.com\\\/fr\\\/?s={search_term_string}\"},\"query-input\":{\"@type\":\"PropertyValueSpecification\",\"valueRequired\":true,\"valueName\":\"search_term_string\"}}],\"inLanguage\":\"fr-FR\"},{\"@type\":\"Organization\",\"@id\":\"https:\\\/\\\/colourofstone.com\\\/fr\\\/#organization\",\"name\":\"Colour of Stone GmbH\",\"url\":\"https:\\\/\\\/colourofstone.com\\\/fr\\\/\",\"logo\":{\"@type\":\"ImageObject\",\"inLanguage\":\"fr-FR\",\"@id\":\"https:\\\/\\\/colourofstone.com\\\/fr\\\/#\\\/schema\\\/logo\\\/image\\\/\",\"url\":\"https:\\\/\\\/colourofstone.com\\\/wp-content\\\/uploads\\\/99FC1526-DF3B-44F1-9816-9278D3194252-scaled.jpeg\",\"contentUrl\":\"https:\\\/\\\/colourofstone.com\\\/wp-content\\\/uploads\\\/99FC1526-DF3B-44F1-9816-9278D3194252-scaled.jpeg\",\"width\":2125,\"height\":2560,\"caption\":\"Colour of Stone GmbH\"},\"image\":{\"@id\":\"https:\\\/\\\/colourofstone.com\\\/fr\\\/#\\\/schema\\\/logo\\\/image\\\/\"},\"sameAs\":[\"https:\\\/\\\/www.instagram.com\\\/colourofstone\\\/\"]}]}<\/script>\n<!-- \/ Yoast SEO plugin. -->","yoast_head_json":{"title":"Estremoz - Marbre Carreaux livraison gratuite - Colour of Stone","description":"Estremoz est un marbre blanc tr\u00e8s \u00e9l\u00e9gant provenant du Portugal. Il est finement cristallin et tr\u00e8s homog\u00e8ne. Estremoz est disponible dans de nombreuses ...","robots":{"index":"index","follow":"follow","max-snippet":"max-snippet:-1","max-image-preview":"max-image-preview:large","max-video-preview":"max-video-preview:-1"},"canonical":"https:\/\/colourofstone.com\/fr\/shop\/pierre-naturelle\/carreaux\/estremoz\/","og_locale":"fr_FR","og_type":"article","og_title":"Estremoz - Marbre Carreaux livraison gratuite - Colour of Stone","og_description":"Estremoz est un marbre blanc tr\u00e8s \u00e9l\u00e9gant provenant du Portugal. Il est finement cristallin et tr\u00e8s homog\u00e8ne. Estremoz est disponible dans de nombreuses ...","og_url":"https:\/\/colourofstone.com\/fr\/shop\/pierre-naturelle\/carreaux\/estremoz\/","og_site_name":"Colour of Stone","article_modified_time":"2023-02-10T20:35:14+00:00","og_image":[{"width":1600,"height":1600,"url":"https:\/\/colourofstone.com\/wp-content\/uploads\/Estremoz1.jpg","type":"image\/jpeg"}],"twitter_card":"summary_large_image","twitter_misc":{"Dur\u00e9e de lecture estim\u00e9e":"1 minute"},"schema":{"@context":"https:\/\/schema.org","@graph":[{"@type":"WebPage","@id":"https:\/\/colourofstone.com\/fr\/shop\/pierre-naturelle\/carreaux\/estremoz\/","url":"https:\/\/colourofstone.com\/fr\/shop\/pierre-naturelle\/carreaux\/estremoz\/","name":"Estremoz - Marbre Carreaux livraison gratuite - Colour of Stone","isPartOf":{"@id":"https:\/\/colourofstone.com\/fr\/#website"},"primaryImageOfPage":{"@id":"https:\/\/colourofstone.com\/fr\/shop\/pierre-naturelle\/carreaux\/estremoz\/#primaryimage"},"image":{"@id":"https:\/\/colourofstone.com\/fr\/shop\/pierre-naturelle\/carreaux\/estremoz\/#primaryimage"},"thumbnailUrl":"https:\/\/colourofstone.com\/wp-content\/uploads\/Estremoz1.jpg","datePublished":"2020-07-07T19:30:30+00:00","dateModified":"2023-02-10T20:35:14+00:00","description":"Estremoz est un marbre blanc tr\u00e8s \u00e9l\u00e9gant provenant du Portugal. Il est finement cristallin et tr\u00e8s homog\u00e8ne. Estremoz est disponible dans de nombreuses ...","breadcrumb":{"@id":"https:\/\/colourofstone.com\/fr\/shop\/pierre-naturelle\/carreaux\/estremoz\/#breadcrumb"},"inLanguage":"fr-FR","potentialAction":[{"@type":"ReadAction","target":["https:\/\/colourofstone.com\/fr\/shop\/pierre-naturelle\/carreaux\/estremoz\/"]}]},{"@type":"ImageObject","inLanguage":"fr-FR","@id":"https:\/\/colourofstone.com\/fr\/shop\/pierre-naturelle\/carreaux\/estremoz\/#primaryimage","url":"https:\/\/colourofstone.com\/wp-content\/uploads\/Estremoz1.jpg","contentUrl":"https:\/\/colourofstone.com\/wp-content\/uploads\/Estremoz1.jpg","width":1600,"height":1600,"caption":"Estremoz"},{"@type":"BreadcrumbList","@id":"https:\/\/colourofstone.com\/fr\/shop\/pierre-naturelle\/carreaux\/estremoz\/#breadcrumb","itemListElement":[{"@type":"ListItem","position":1,"name":"Home","item":"https:\/\/colourofstone.com\/fr\/"},{"@type":"ListItem","position":2,"name":"Shop","item":"https:\/\/colourofstone.com\/fr\/shop\/"},{"@type":"ListItem","position":3,"name":"Marbre","item":"https:\/\/colourofstone.com\/fr\/material\/marbre\/"},{"@type":"ListItem","position":4,"name":"Estremoz"}]},{"@type":"WebSite","@id":"https:\/\/colourofstone.com\/fr\/#website","url":"https:\/\/colourofstone.com\/fr\/","name":"Colour of Stone","description":"Fliesen, Haus und Garten Produkte aus Naturstein - Online Shop","publisher":{"@id":"https:\/\/colourofstone.com\/fr\/#organization"},"potentialAction":[{"@type":"SearchAction","target":{"@type":"EntryPoint","urlTemplate":"https:\/\/colourofstone.com\/fr\/?s={search_term_string}"},"query-input":{"@type":"PropertyValueSpecification","valueRequired":true,"valueName":"search_term_string"}}],"inLanguage":"fr-FR"},{"@type":"Organization","@id":"https:\/\/colourofstone.com\/fr\/#organization","name":"Colour of Stone GmbH","url":"https:\/\/colourofstone.com\/fr\/","logo":{"@type":"ImageObject","inLanguage":"fr-FR","@id":"https:\/\/colourofstone.com\/fr\/#\/schema\/logo\/image\/","url":"https:\/\/colourofstone.com\/wp-content\/uploads\/99FC1526-DF3B-44F1-9816-9278D3194252-scaled.jpeg","contentUrl":"https:\/\/colourofstone.com\/wp-content\/uploads\/99FC1526-DF3B-44F1-9816-9278D3194252-scaled.jpeg","width":2125,"height":2560,"caption":"Colour of Stone GmbH"},"image":{"@id":"https:\/\/colourofstone.com\/fr\/#\/schema\/logo\/image\/"},"sameAs":["https:\/\/www.instagram.com\/colourofstone\/"]}]}},"_links":{"self":[{"href":"https:\/\/colourofstone.com\/fr\/wp-json\/wp\/v2\/product\/13208","targetHints":{"allow":["GET"]}}],"collection":[{"href":"https:\/\/colourofstone.com\/fr\/wp-json\/wp\/v2\/product"}],"about":[{"href":"https:\/\/colourofstone.com\/fr\/wp-json\/wp\/v2\/types\/product"}],"wp:featuredmedia":[{"embeddable":true,"href":"https:\/\/colourofstone.com\/fr\/wp-json\/wp\/v2\/media\/27998"}],"wp:attachment":[{"href":"https:\/\/colourofstone.com\/fr\/wp-json\/wp\/v2\/media?parent=13208"}],"wp:term":[{"taxonomy":"product_brand","embeddable":true,"href":"https:\/\/colourofstone.com\/fr\/wp-json\/wp\/v2\/product_brand?post=13208"},{"taxonomy":"product_cat","embeddable":true,"href":"https:\/\/colourofstone.com\/fr\/wp-json\/wp\/v2\/product_cat?post=13208"},{"taxonomy":"product_tag","embeddable":true,"href":"https:\/\/colourofstone.com\/fr\/wp-json\/wp\/v2\/product_tag?post=13208"}],"curies":[{"name":"wp","href":"https:\/\/api.w.org\/{rel}","templated":true}]}}