{"id":36481,"date":"2021-10-26T21:45:34","date_gmt":"2021-10-26T21:45:34","guid":{"rendered":"https:\/\/colourofstone.com\/shop\/non%20class\u00e9\/verde-marina\/"},"modified":"2023-02-10T20:17:57","modified_gmt":"2023-02-10T20:17:57","slug":"verde-marina","status":"publish","type":"product","link":"https:\/\/colourofstone.com\/fr\/shop\/pierre-naturelle\/carreaux\/verde-marina\/","title":{"rendered":"Verde Marina"},"content":{"rendered":"<p>Verde Marina, avec ses bandes \u00e0 grain fin, est gracieuse. Ce granit (gneiss) vivant s\u00e9duit par la diversit\u00e9 des combinaisons de couleurs. Outre le vert et le blanc, les structures grises ont \u00e9galement leur place. Verde Marina allie le flair au go\u00fbt personnel. Cette belle pierre naturelle provient d&#8217;Inde. La carri\u00e8re est situ\u00e9e pr\u00e8s de la ville de Kuppam, dans la province de l&#8217;Andhra Pradesh.<\/p>\n<p>&nbsp;<\/p>\n<p>Cette pierre naturelle est r\u00e9sistante au gel et aux acides. Il convient parfaitement \u00e0 l&#8217;int\u00e9rieur et \u00e0 l&#8217;ext\u00e9rieur.<\/p>\n\n        <script>\n        function toggleInchInfo(el) {\n            const infoBox = el.nextElementSibling;\n            if (infoBox.style.display === \"none\") {\n                infoBox.style.display = \"inline\";\n            } else {\n                infoBox.style.display = \"none\";\n            }\n        }\n        <\/script>\n        <style>\n            .cm-info {\n                cursor: pointer;\n                color: #0073aa;\n                font-weight: bold;\n                margin-left: 4px;\n            }\n            .inch-info {\n                display: none;\n                background: #f8f8f8;\n                border: 1px solid #ccc;\n                padding: 4px 8px;\n                margin-left: 5px;\n                font-size: 0.9em;\n                border-radius: 4px;\n            }\n        <\/style>","protected":false},"excerpt":{"rendered":"<p>Verde Marina, avec ses bandes \u00e0 grain fin, est gracieuse. Ce granit (gneiss) vivant s\u00e9duit par la diversit\u00e9 des combinaisons de couleurs. Outre le vert et le blanc, les structures grises ont \u00e9galement leur place. Verde Marina allie le flair au go\u00fbt personnel. Cette belle pierre naturelle provient d&#8217;Inde. La carri\u00e8re est situ\u00e9e pr\u00e8s de <a href=\"https:\/\/colourofstone.com\/fr\/shop\/pierre-naturelle\/carreaux\/verde-marina\/\" class=\"more-link\">&#8230;<\/a><\/p>\n","protected":false},"featured_media":45748,"template":"","meta":[],"product_brand":[],"product_cat":[527],"product_tag":[1946,1947],"class_list":{"0":"post-36481","1":"product","2":"type-product","3":"status-publish","4":"has-post-thumbnail","6":"product_cat-carreaux","7":"product_tag-kuppan-green-fr","8":"product_tag-multicolor-green-fr","9":"pa_farbe-blanc","10":"pa_farbe-gris","11":"pa_farbe-vert","12":"pa_farbe-fonce","13":"pa_masseinheit-305-x-305-cm","14":"pa_masseinheit-61-x-305-cm","15":"pa_masseinheit-40-x-40-cm","16":"pa_masseinheit-60-x-40-cm","17":"pa_material-granit","18":"pa_oberflaeche-polie","19":"pa_oberflaeche-poncee","20":"pa_oberflaeche-brossee","21":"pa_oberflaeche-patine","23":"first","24":"instock","25":"taxable","26":"shipping-taxable","27":"purchasable","28":"product-type-variable","29":"has-default-attributes"},"yoast_head":"<!-- This site is optimized with the Yoast SEO plugin v27.5 - https:\/\/yoast.com\/product\/yoast-seo-wordpress\/ -->\n<title>Verde Marina - Gneis Carreaux livraison gratuite - Colour of Stone<\/title>\n<meta name=\"description\" content=\"Verde Marina, avec ses bandes \u00e0 grain fin, est gracieuse. Ce granit (gneiss) vivant s\u00e9duit par la diversit\u00e9 des combinaisons de couleurs. Outre le vert et ...\" \/>\n<meta name=\"robots\" content=\"index, follow, max-snippet:-1, max-image-preview:large, max-video-preview:-1\" \/>\n<link rel=\"canonical\" href=\"https:\/\/colourofstone.com\/fr\/shop\/pierre-naturelle\/carreaux\/verde-marina\/\" \/>\n<meta property=\"og:locale\" content=\"fr_FR\" \/>\n<meta property=\"og:type\" content=\"article\" \/>\n<meta property=\"og:title\" content=\"Verde Marina - Gneis Carreaux livraison gratuite - Colour of Stone\" \/>\n<meta property=\"og:description\" content=\"Verde Marina, avec ses bandes \u00e0 grain fin, est gracieuse. Ce granit (gneiss) vivant s\u00e9duit par la diversit\u00e9 des combinaisons de couleurs. Outre le vert et ...\" \/>\n<meta property=\"og:url\" content=\"https:\/\/colourofstone.com\/fr\/shop\/pierre-naturelle\/carreaux\/verde-marina\/\" \/>\n<meta property=\"og:site_name\" content=\"Colour of Stone\" \/>\n<meta property=\"article:modified_time\" content=\"2023-02-10T20:17:57+00:00\" \/>\n<meta property=\"og:image\" content=\"https:\/\/colourofstone.com\/wp-content\/uploads\/VerdeMarina2-1600.jpg\" \/>\n\t<meta property=\"og:image:width\" content=\"1600\" \/>\n\t<meta property=\"og:image:height\" content=\"1600\" \/>\n\t<meta property=\"og:image:type\" content=\"image\/jpeg\" \/>\n<meta name=\"twitter:card\" content=\"summary_large_image\" \/>\n<script type=\"application\/ld+json\" class=\"yoast-schema-graph\">{\"@context\":\"https:\\\/\\\/schema.org\",\"@graph\":[{\"@type\":\"WebPage\",\"@id\":\"https:\\\/\\\/colourofstone.com\\\/fr\\\/shop\\\/pierre-naturelle\\\/carreaux\\\/verde-marina\\\/\",\"url\":\"https:\\\/\\\/colourofstone.com\\\/fr\\\/shop\\\/pierre-naturelle\\\/carreaux\\\/verde-marina\\\/\",\"name\":\"Verde Marina - Gneis Carreaux livraison gratuite - Colour of Stone\",\"isPartOf\":{\"@id\":\"https:\\\/\\\/colourofstone.com\\\/fr\\\/#website\"},\"primaryImageOfPage\":{\"@id\":\"https:\\\/\\\/colourofstone.com\\\/fr\\\/shop\\\/pierre-naturelle\\\/carreaux\\\/verde-marina\\\/#primaryimage\"},\"image\":{\"@id\":\"https:\\\/\\\/colourofstone.com\\\/fr\\\/shop\\\/pierre-naturelle\\\/carreaux\\\/verde-marina\\\/#primaryimage\"},\"thumbnailUrl\":\"https:\\\/\\\/colourofstone.com\\\/wp-content\\\/uploads\\\/VerdeMarina2-1600.jpg\",\"datePublished\":\"2021-10-26T21:45:34+00:00\",\"dateModified\":\"2023-02-10T20:17:57+00:00\",\"description\":\"Verde Marina, avec ses bandes \u00e0 grain fin, est gracieuse. Ce granit (gneiss) vivant s\u00e9duit par la diversit\u00e9 des combinaisons de couleurs. Outre le vert et ...\",\"breadcrumb\":{\"@id\":\"https:\\\/\\\/colourofstone.com\\\/fr\\\/shop\\\/pierre-naturelle\\\/carreaux\\\/verde-marina\\\/#breadcrumb\"},\"inLanguage\":\"fr-FR\",\"potentialAction\":[{\"@type\":\"ReadAction\",\"target\":[\"https:\\\/\\\/colourofstone.com\\\/fr\\\/shop\\\/pierre-naturelle\\\/carreaux\\\/verde-marina\\\/\"]}]},{\"@type\":\"ImageObject\",\"inLanguage\":\"fr-FR\",\"@id\":\"https:\\\/\\\/colourofstone.com\\\/fr\\\/shop\\\/pierre-naturelle\\\/carreaux\\\/verde-marina\\\/#primaryimage\",\"url\":\"https:\\\/\\\/colourofstone.com\\\/wp-content\\\/uploads\\\/VerdeMarina2-1600.jpg\",\"contentUrl\":\"https:\\\/\\\/colourofstone.com\\\/wp-content\\\/uploads\\\/VerdeMarina2-1600.jpg\",\"width\":1600,\"height\":1600,\"caption\":\"Verde Marina\"},{\"@type\":\"BreadcrumbList\",\"@id\":\"https:\\\/\\\/colourofstone.com\\\/fr\\\/shop\\\/pierre-naturelle\\\/carreaux\\\/verde-marina\\\/#breadcrumb\",\"itemListElement\":[{\"@type\":\"ListItem\",\"position\":1,\"name\":\"Home\",\"item\":\"https:\\\/\\\/colourofstone.com\\\/fr\\\/\"},{\"@type\":\"ListItem\",\"position\":2,\"name\":\"Shop\",\"item\":\"https:\\\/\\\/colourofstone.com\\\/fr\\\/shop\\\/\"},{\"@type\":\"ListItem\",\"position\":3,\"name\":\"Granit\",\"item\":\"https:\\\/\\\/colourofstone.com\\\/fr\\\/material\\\/granit\\\/\"},{\"@type\":\"ListItem\",\"position\":4,\"name\":\"Verde Marina\"}]},{\"@type\":\"WebSite\",\"@id\":\"https:\\\/\\\/colourofstone.com\\\/fr\\\/#website\",\"url\":\"https:\\\/\\\/colourofstone.com\\\/fr\\\/\",\"name\":\"Colour of Stone\",\"description\":\"Fliesen, Haus und Garten Produkte aus Naturstein - Online Shop\",\"publisher\":{\"@id\":\"https:\\\/\\\/colourofstone.com\\\/fr\\\/#organization\"},\"potentialAction\":[{\"@type\":\"SearchAction\",\"target\":{\"@type\":\"EntryPoint\",\"urlTemplate\":\"https:\\\/\\\/colourofstone.com\\\/fr\\\/?s={search_term_string}\"},\"query-input\":{\"@type\":\"PropertyValueSpecification\",\"valueRequired\":true,\"valueName\":\"search_term_string\"}}],\"inLanguage\":\"fr-FR\"},{\"@type\":\"Organization\",\"@id\":\"https:\\\/\\\/colourofstone.com\\\/fr\\\/#organization\",\"name\":\"Colour of Stone GmbH\",\"url\":\"https:\\\/\\\/colourofstone.com\\\/fr\\\/\",\"logo\":{\"@type\":\"ImageObject\",\"inLanguage\":\"fr-FR\",\"@id\":\"https:\\\/\\\/colourofstone.com\\\/fr\\\/#\\\/schema\\\/logo\\\/image\\\/\",\"url\":\"https:\\\/\\\/colourofstone.com\\\/wp-content\\\/uploads\\\/99FC1526-DF3B-44F1-9816-9278D3194252-scaled.jpeg\",\"contentUrl\":\"https:\\\/\\\/colourofstone.com\\\/wp-content\\\/uploads\\\/99FC1526-DF3B-44F1-9816-9278D3194252-scaled.jpeg\",\"width\":2125,\"height\":2560,\"caption\":\"Colour of Stone GmbH\"},\"image\":{\"@id\":\"https:\\\/\\\/colourofstone.com\\\/fr\\\/#\\\/schema\\\/logo\\\/image\\\/\"},\"sameAs\":[\"https:\\\/\\\/www.instagram.com\\\/colourofstone\\\/\"]}]}<\/script>\n<!-- \/ Yoast SEO plugin. -->","yoast_head_json":{"title":"Verde Marina - Gneis Carreaux livraison gratuite - Colour of Stone","description":"Verde Marina, avec ses bandes \u00e0 grain fin, est gracieuse. Ce granit (gneiss) vivant s\u00e9duit par la diversit\u00e9 des combinaisons de couleurs. Outre le vert et ...","robots":{"index":"index","follow":"follow","max-snippet":"max-snippet:-1","max-image-preview":"max-image-preview:large","max-video-preview":"max-video-preview:-1"},"canonical":"https:\/\/colourofstone.com\/fr\/shop\/pierre-naturelle\/carreaux\/verde-marina\/","og_locale":"fr_FR","og_type":"article","og_title":"Verde Marina - Gneis Carreaux livraison gratuite - Colour of Stone","og_description":"Verde Marina, avec ses bandes \u00e0 grain fin, est gracieuse. Ce granit (gneiss) vivant s\u00e9duit par la diversit\u00e9 des combinaisons de couleurs. Outre le vert et ...","og_url":"https:\/\/colourofstone.com\/fr\/shop\/pierre-naturelle\/carreaux\/verde-marina\/","og_site_name":"Colour of Stone","article_modified_time":"2023-02-10T20:17:57+00:00","og_image":[{"width":1600,"height":1600,"url":"https:\/\/colourofstone.com\/wp-content\/uploads\/VerdeMarina2-1600.jpg","type":"image\/jpeg"}],"twitter_card":"summary_large_image","schema":{"@context":"https:\/\/schema.org","@graph":[{"@type":"WebPage","@id":"https:\/\/colourofstone.com\/fr\/shop\/pierre-naturelle\/carreaux\/verde-marina\/","url":"https:\/\/colourofstone.com\/fr\/shop\/pierre-naturelle\/carreaux\/verde-marina\/","name":"Verde Marina - Gneis Carreaux livraison gratuite - Colour of Stone","isPartOf":{"@id":"https:\/\/colourofstone.com\/fr\/#website"},"primaryImageOfPage":{"@id":"https:\/\/colourofstone.com\/fr\/shop\/pierre-naturelle\/carreaux\/verde-marina\/#primaryimage"},"image":{"@id":"https:\/\/colourofstone.com\/fr\/shop\/pierre-naturelle\/carreaux\/verde-marina\/#primaryimage"},"thumbnailUrl":"https:\/\/colourofstone.com\/wp-content\/uploads\/VerdeMarina2-1600.jpg","datePublished":"2021-10-26T21:45:34+00:00","dateModified":"2023-02-10T20:17:57+00:00","description":"Verde Marina, avec ses bandes \u00e0 grain fin, est gracieuse. Ce granit (gneiss) vivant s\u00e9duit par la diversit\u00e9 des combinaisons de couleurs. Outre le vert et ...","breadcrumb":{"@id":"https:\/\/colourofstone.com\/fr\/shop\/pierre-naturelle\/carreaux\/verde-marina\/#breadcrumb"},"inLanguage":"fr-FR","potentialAction":[{"@type":"ReadAction","target":["https:\/\/colourofstone.com\/fr\/shop\/pierre-naturelle\/carreaux\/verde-marina\/"]}]},{"@type":"ImageObject","inLanguage":"fr-FR","@id":"https:\/\/colourofstone.com\/fr\/shop\/pierre-naturelle\/carreaux\/verde-marina\/#primaryimage","url":"https:\/\/colourofstone.com\/wp-content\/uploads\/VerdeMarina2-1600.jpg","contentUrl":"https:\/\/colourofstone.com\/wp-content\/uploads\/VerdeMarina2-1600.jpg","width":1600,"height":1600,"caption":"Verde Marina"},{"@type":"BreadcrumbList","@id":"https:\/\/colourofstone.com\/fr\/shop\/pierre-naturelle\/carreaux\/verde-marina\/#breadcrumb","itemListElement":[{"@type":"ListItem","position":1,"name":"Home","item":"https:\/\/colourofstone.com\/fr\/"},{"@type":"ListItem","position":2,"name":"Shop","item":"https:\/\/colourofstone.com\/fr\/shop\/"},{"@type":"ListItem","position":3,"name":"Granit","item":"https:\/\/colourofstone.com\/fr\/material\/granit\/"},{"@type":"ListItem","position":4,"name":"Verde Marina"}]},{"@type":"WebSite","@id":"https:\/\/colourofstone.com\/fr\/#website","url":"https:\/\/colourofstone.com\/fr\/","name":"Colour of Stone","description":"Fliesen, Haus und Garten Produkte aus Naturstein - Online Shop","publisher":{"@id":"https:\/\/colourofstone.com\/fr\/#organization"},"potentialAction":[{"@type":"SearchAction","target":{"@type":"EntryPoint","urlTemplate":"https:\/\/colourofstone.com\/fr\/?s={search_term_string}"},"query-input":{"@type":"PropertyValueSpecification","valueRequired":true,"valueName":"search_term_string"}}],"inLanguage":"fr-FR"},{"@type":"Organization","@id":"https:\/\/colourofstone.com\/fr\/#organization","name":"Colour of Stone GmbH","url":"https:\/\/colourofstone.com\/fr\/","logo":{"@type":"ImageObject","inLanguage":"fr-FR","@id":"https:\/\/colourofstone.com\/fr\/#\/schema\/logo\/image\/","url":"https:\/\/colourofstone.com\/wp-content\/uploads\/99FC1526-DF3B-44F1-9816-9278D3194252-scaled.jpeg","contentUrl":"https:\/\/colourofstone.com\/wp-content\/uploads\/99FC1526-DF3B-44F1-9816-9278D3194252-scaled.jpeg","width":2125,"height":2560,"caption":"Colour of Stone GmbH"},"image":{"@id":"https:\/\/colourofstone.com\/fr\/#\/schema\/logo\/image\/"},"sameAs":["https:\/\/www.instagram.com\/colourofstone\/"]}]}},"_links":{"self":[{"href":"https:\/\/colourofstone.com\/fr\/wp-json\/wp\/v2\/product\/36481","targetHints":{"allow":["GET"]}}],"collection":[{"href":"https:\/\/colourofstone.com\/fr\/wp-json\/wp\/v2\/product"}],"about":[{"href":"https:\/\/colourofstone.com\/fr\/wp-json\/wp\/v2\/types\/product"}],"wp:featuredmedia":[{"embeddable":true,"href":"https:\/\/colourofstone.com\/fr\/wp-json\/wp\/v2\/media\/45748"}],"wp:attachment":[{"href":"https:\/\/colourofstone.com\/fr\/wp-json\/wp\/v2\/media?parent=36481"}],"wp:term":[{"taxonomy":"product_brand","embeddable":true,"href":"https:\/\/colourofstone.com\/fr\/wp-json\/wp\/v2\/product_brand?post=36481"},{"taxonomy":"product_cat","embeddable":true,"href":"https:\/\/colourofstone.com\/fr\/wp-json\/wp\/v2\/product_cat?post=36481"},{"taxonomy":"product_tag","embeddable":true,"href":"https:\/\/colourofstone.com\/fr\/wp-json\/wp\/v2\/product_tag?post=36481"}],"curies":[{"name":"wp","href":"https:\/\/api.w.org\/{rel}","templated":true}]}}