{"id":41621,"date":"2021-12-06T19:22:59","date_gmt":"2021-12-06T19:22:59","guid":{"rendered":"https:\/\/colourofstone.com\/shop\/non%20class\u00e9\/viscont-white\/"},"modified":"2023-02-11T17:24:01","modified_gmt":"2023-02-11T17:24:01","slug":"viscont-white","status":"publish","type":"product","link":"https:\/\/colourofstone.com\/fr\/shop\/pierre-naturelle\/carreaux\/viscont-white\/","title":{"rendered":"Viscont White"},"content":{"rendered":"<p>Viscont White conf\u00e8re \u00e0 tout int\u00e9rieur une beaut\u00e9 \u00e9ternelle. Son fantastique veinage gris clair inspire les designers et les architectes du monde entier. Son aspect unique donne une impression de style et de modernit\u00e9. Viscont White est un magnifique granit (gneiss) originaire d&#8217;Inde. Il provient de diff\u00e9rentes carri\u00e8res des provinces du Tamil Nadu et de l&#8217;Andhra Pradesh.<\/p>\n<p>&nbsp;<\/p>\n<p>Cette pierre naturelle est r\u00e9sistante au gel et aux acides. Elle convient parfaitement pour l&#8217;int\u00e9rieur et l&#8217;ext\u00e9rieur.<\/p>\n\n        <script>\n        function toggleInchInfo(el) {\n            const infoBox = el.nextElementSibling;\n            if (infoBox.style.display === \"none\") {\n                infoBox.style.display = \"inline\";\n            } else {\n                infoBox.style.display = \"none\";\n            }\n        }\n        <\/script>\n        <style>\n            .cm-info {\n                cursor: pointer;\n                color: #0073aa;\n                font-weight: bold;\n                margin-left: 4px;\n            }\n            .inch-info {\n                display: none;\n                background: #f8f8f8;\n                border: 1px solid #ccc;\n                padding: 4px 8px;\n                margin-left: 5px;\n                font-size: 0.9em;\n                border-radius: 4px;\n            }\n        <\/style>","protected":false},"excerpt":{"rendered":"<p>Viscont White conf\u00e8re \u00e0 tout int\u00e9rieur une beaut\u00e9 \u00e9ternelle. Son fantastique veinage gris clair inspire les designers et les architectes du monde entier. Son aspect unique donne une impression de style et de modernit\u00e9. Viscont White est un magnifique granit (gneiss) originaire d&#8217;Inde. Il provient de diff\u00e9rentes carri\u00e8res des provinces du Tamil Nadu et de <a href=\"https:\/\/colourofstone.com\/fr\/shop\/pierre-naturelle\/carreaux\/viscont-white\/\" class=\"more-link\">&#8230;<\/a><\/p>\n","protected":false},"featured_media":45572,"template":"","meta":[],"product_brand":[],"product_cat":[527],"product_tag":[2228,2229],"class_list":{"0":"post-41621","1":"product","2":"type-product","3":"status-publish","4":"has-post-thumbnail","6":"product_cat-carreaux","7":"product_tag-viscount-white-fr","8":"product_tag-wiscont-white-fr","9":"pa_farbe-blanc","10":"pa_farbe-gris","11":"pa_farbe-clair","12":"pa_masseinheit-305-x-305-cm","13":"pa_masseinheit-61-x-305-cm","14":"pa_masseinheit-40-x-40-cm","15":"pa_masseinheit-60-x-40-cm","16":"pa_material-granit","17":"pa_oberflaeche-polie","18":"pa_oberflaeche-poncee","19":"pa_oberflaeche-brossee","20":"pa_oberflaeche-patine","22":"first","23":"instock","24":"taxable","25":"shipping-taxable","26":"purchasable","27":"product-type-variable","28":"has-default-attributes"},"yoast_head":"<!-- This site is optimized with the Yoast SEO plugin v27.4 - https:\/\/yoast.com\/product\/yoast-seo-wordpress\/ -->\n<title>Viscont White - Gneis Carreaux livraison gratuite - Colour of Stone<\/title>\n<meta name=\"description\" content=\"Viscont White conf\u00e8re \u00e0 tout int\u00e9rieur une beaut\u00e9 \u00e9ternelle. Son fantastique veinage gris clair inspire les designers et les architectes du monde entier. ...\" \/>\n<meta name=\"robots\" content=\"index, follow, max-snippet:-1, max-image-preview:large, max-video-preview:-1\" \/>\n<link rel=\"canonical\" href=\"https:\/\/colourofstone.com\/fr\/shop\/pierre-naturelle\/carreaux\/viscont-white\/\" \/>\n<meta property=\"og:locale\" content=\"fr_FR\" \/>\n<meta property=\"og:type\" content=\"article\" \/>\n<meta property=\"og:title\" content=\"Viscont White - Gneis Carreaux livraison gratuite - Colour of Stone\" \/>\n<meta property=\"og:description\" content=\"Viscont White conf\u00e8re \u00e0 tout int\u00e9rieur une beaut\u00e9 \u00e9ternelle. Son fantastique veinage gris clair inspire les designers et les architectes du monde entier. ...\" \/>\n<meta property=\"og:url\" content=\"https:\/\/colourofstone.com\/fr\/shop\/pierre-naturelle\/carreaux\/viscont-white\/\" \/>\n<meta property=\"og:site_name\" content=\"Colour of Stone\" \/>\n<meta property=\"article:modified_time\" content=\"2023-02-11T17:24:01+00:00\" \/>\n<meta property=\"og:image\" content=\"https:\/\/colourofstone.com\/wp-content\/uploads\/Viscont-White3-1600.jpg\" \/>\n\t<meta property=\"og:image:width\" content=\"1600\" \/>\n\t<meta property=\"og:image:height\" content=\"1600\" \/>\n\t<meta property=\"og:image:type\" content=\"image\/jpeg\" \/>\n<meta name=\"twitter:card\" content=\"summary_large_image\" \/>\n<script type=\"application\/ld+json\" class=\"yoast-schema-graph\">{\"@context\":\"https:\\\/\\\/schema.org\",\"@graph\":[{\"@type\":\"WebPage\",\"@id\":\"https:\\\/\\\/colourofstone.com\\\/fr\\\/shop\\\/pierre-naturelle\\\/carreaux\\\/viscont-white\\\/\",\"url\":\"https:\\\/\\\/colourofstone.com\\\/fr\\\/shop\\\/pierre-naturelle\\\/carreaux\\\/viscont-white\\\/\",\"name\":\"Viscont White - Gneis Carreaux livraison gratuite - Colour of Stone\",\"isPartOf\":{\"@id\":\"https:\\\/\\\/colourofstone.com\\\/fr\\\/#website\"},\"primaryImageOfPage\":{\"@id\":\"https:\\\/\\\/colourofstone.com\\\/fr\\\/shop\\\/pierre-naturelle\\\/carreaux\\\/viscont-white\\\/#primaryimage\"},\"image\":{\"@id\":\"https:\\\/\\\/colourofstone.com\\\/fr\\\/shop\\\/pierre-naturelle\\\/carreaux\\\/viscont-white\\\/#primaryimage\"},\"thumbnailUrl\":\"https:\\\/\\\/colourofstone.com\\\/wp-content\\\/uploads\\\/Viscont-White3-1600.jpg\",\"datePublished\":\"2021-12-06T19:22:59+00:00\",\"dateModified\":\"2023-02-11T17:24:01+00:00\",\"description\":\"Viscont White conf\u00e8re \u00e0 tout int\u00e9rieur une beaut\u00e9 \u00e9ternelle. Son fantastique veinage gris clair inspire les designers et les architectes du monde entier. ...\",\"breadcrumb\":{\"@id\":\"https:\\\/\\\/colourofstone.com\\\/fr\\\/shop\\\/pierre-naturelle\\\/carreaux\\\/viscont-white\\\/#breadcrumb\"},\"inLanguage\":\"fr-FR\",\"potentialAction\":[{\"@type\":\"ReadAction\",\"target\":[\"https:\\\/\\\/colourofstone.com\\\/fr\\\/shop\\\/pierre-naturelle\\\/carreaux\\\/viscont-white\\\/\"]}]},{\"@type\":\"ImageObject\",\"inLanguage\":\"fr-FR\",\"@id\":\"https:\\\/\\\/colourofstone.com\\\/fr\\\/shop\\\/pierre-naturelle\\\/carreaux\\\/viscont-white\\\/#primaryimage\",\"url\":\"https:\\\/\\\/colourofstone.com\\\/wp-content\\\/uploads\\\/Viscont-White3-1600.jpg\",\"contentUrl\":\"https:\\\/\\\/colourofstone.com\\\/wp-content\\\/uploads\\\/Viscont-White3-1600.jpg\",\"width\":1600,\"height\":1600,\"caption\":\"Viscont White\"},{\"@type\":\"BreadcrumbList\",\"@id\":\"https:\\\/\\\/colourofstone.com\\\/fr\\\/shop\\\/pierre-naturelle\\\/carreaux\\\/viscont-white\\\/#breadcrumb\",\"itemListElement\":[{\"@type\":\"ListItem\",\"position\":1,\"name\":\"Home\",\"item\":\"https:\\\/\\\/colourofstone.com\\\/fr\\\/\"},{\"@type\":\"ListItem\",\"position\":2,\"name\":\"Shop\",\"item\":\"https:\\\/\\\/colourofstone.com\\\/fr\\\/shop\\\/\"},{\"@type\":\"ListItem\",\"position\":3,\"name\":\"Granit\",\"item\":\"https:\\\/\\\/colourofstone.com\\\/fr\\\/material\\\/granit\\\/\"},{\"@type\":\"ListItem\",\"position\":4,\"name\":\"Viscont White\"}]},{\"@type\":\"WebSite\",\"@id\":\"https:\\\/\\\/colourofstone.com\\\/fr\\\/#website\",\"url\":\"https:\\\/\\\/colourofstone.com\\\/fr\\\/\",\"name\":\"Colour of Stone\",\"description\":\"Fliesen, Haus und Garten Produkte aus Naturstein - Online Shop\",\"publisher\":{\"@id\":\"https:\\\/\\\/colourofstone.com\\\/fr\\\/#organization\"},\"potentialAction\":[{\"@type\":\"SearchAction\",\"target\":{\"@type\":\"EntryPoint\",\"urlTemplate\":\"https:\\\/\\\/colourofstone.com\\\/fr\\\/?s={search_term_string}\"},\"query-input\":{\"@type\":\"PropertyValueSpecification\",\"valueRequired\":true,\"valueName\":\"search_term_string\"}}],\"inLanguage\":\"fr-FR\"},{\"@type\":\"Organization\",\"@id\":\"https:\\\/\\\/colourofstone.com\\\/fr\\\/#organization\",\"name\":\"Colour of Stone GmbH\",\"url\":\"https:\\\/\\\/colourofstone.com\\\/fr\\\/\",\"logo\":{\"@type\":\"ImageObject\",\"inLanguage\":\"fr-FR\",\"@id\":\"https:\\\/\\\/colourofstone.com\\\/fr\\\/#\\\/schema\\\/logo\\\/image\\\/\",\"url\":\"https:\\\/\\\/colourofstone.com\\\/wp-content\\\/uploads\\\/99FC1526-DF3B-44F1-9816-9278D3194252-scaled.jpeg\",\"contentUrl\":\"https:\\\/\\\/colourofstone.com\\\/wp-content\\\/uploads\\\/99FC1526-DF3B-44F1-9816-9278D3194252-scaled.jpeg\",\"width\":2125,\"height\":2560,\"caption\":\"Colour of Stone GmbH\"},\"image\":{\"@id\":\"https:\\\/\\\/colourofstone.com\\\/fr\\\/#\\\/schema\\\/logo\\\/image\\\/\"},\"sameAs\":[\"https:\\\/\\\/www.instagram.com\\\/colourofstone\\\/\"]}]}<\/script>\n<!-- \/ Yoast SEO plugin. -->","yoast_head_json":{"title":"Viscont White - Gneis Carreaux livraison gratuite - Colour of Stone","description":"Viscont White conf\u00e8re \u00e0 tout int\u00e9rieur une beaut\u00e9 \u00e9ternelle. Son fantastique veinage gris clair inspire les designers et les architectes du monde entier. ...","robots":{"index":"index","follow":"follow","max-snippet":"max-snippet:-1","max-image-preview":"max-image-preview:large","max-video-preview":"max-video-preview:-1"},"canonical":"https:\/\/colourofstone.com\/fr\/shop\/pierre-naturelle\/carreaux\/viscont-white\/","og_locale":"fr_FR","og_type":"article","og_title":"Viscont White - Gneis Carreaux livraison gratuite - Colour of Stone","og_description":"Viscont White conf\u00e8re \u00e0 tout int\u00e9rieur une beaut\u00e9 \u00e9ternelle. Son fantastique veinage gris clair inspire les designers et les architectes du monde entier. ...","og_url":"https:\/\/colourofstone.com\/fr\/shop\/pierre-naturelle\/carreaux\/viscont-white\/","og_site_name":"Colour of Stone","article_modified_time":"2023-02-11T17:24:01+00:00","og_image":[{"width":1600,"height":1600,"url":"https:\/\/colourofstone.com\/wp-content\/uploads\/Viscont-White3-1600.jpg","type":"image\/jpeg"}],"twitter_card":"summary_large_image","schema":{"@context":"https:\/\/schema.org","@graph":[{"@type":"WebPage","@id":"https:\/\/colourofstone.com\/fr\/shop\/pierre-naturelle\/carreaux\/viscont-white\/","url":"https:\/\/colourofstone.com\/fr\/shop\/pierre-naturelle\/carreaux\/viscont-white\/","name":"Viscont White - Gneis Carreaux livraison gratuite - Colour of Stone","isPartOf":{"@id":"https:\/\/colourofstone.com\/fr\/#website"},"primaryImageOfPage":{"@id":"https:\/\/colourofstone.com\/fr\/shop\/pierre-naturelle\/carreaux\/viscont-white\/#primaryimage"},"image":{"@id":"https:\/\/colourofstone.com\/fr\/shop\/pierre-naturelle\/carreaux\/viscont-white\/#primaryimage"},"thumbnailUrl":"https:\/\/colourofstone.com\/wp-content\/uploads\/Viscont-White3-1600.jpg","datePublished":"2021-12-06T19:22:59+00:00","dateModified":"2023-02-11T17:24:01+00:00","description":"Viscont White conf\u00e8re \u00e0 tout int\u00e9rieur une beaut\u00e9 \u00e9ternelle. Son fantastique veinage gris clair inspire les designers et les architectes du monde entier. ...","breadcrumb":{"@id":"https:\/\/colourofstone.com\/fr\/shop\/pierre-naturelle\/carreaux\/viscont-white\/#breadcrumb"},"inLanguage":"fr-FR","potentialAction":[{"@type":"ReadAction","target":["https:\/\/colourofstone.com\/fr\/shop\/pierre-naturelle\/carreaux\/viscont-white\/"]}]},{"@type":"ImageObject","inLanguage":"fr-FR","@id":"https:\/\/colourofstone.com\/fr\/shop\/pierre-naturelle\/carreaux\/viscont-white\/#primaryimage","url":"https:\/\/colourofstone.com\/wp-content\/uploads\/Viscont-White3-1600.jpg","contentUrl":"https:\/\/colourofstone.com\/wp-content\/uploads\/Viscont-White3-1600.jpg","width":1600,"height":1600,"caption":"Viscont White"},{"@type":"BreadcrumbList","@id":"https:\/\/colourofstone.com\/fr\/shop\/pierre-naturelle\/carreaux\/viscont-white\/#breadcrumb","itemListElement":[{"@type":"ListItem","position":1,"name":"Home","item":"https:\/\/colourofstone.com\/fr\/"},{"@type":"ListItem","position":2,"name":"Shop","item":"https:\/\/colourofstone.com\/fr\/shop\/"},{"@type":"ListItem","position":3,"name":"Granit","item":"https:\/\/colourofstone.com\/fr\/material\/granit\/"},{"@type":"ListItem","position":4,"name":"Viscont White"}]},{"@type":"WebSite","@id":"https:\/\/colourofstone.com\/fr\/#website","url":"https:\/\/colourofstone.com\/fr\/","name":"Colour of Stone","description":"Fliesen, Haus und Garten Produkte aus Naturstein - Online Shop","publisher":{"@id":"https:\/\/colourofstone.com\/fr\/#organization"},"potentialAction":[{"@type":"SearchAction","target":{"@type":"EntryPoint","urlTemplate":"https:\/\/colourofstone.com\/fr\/?s={search_term_string}"},"query-input":{"@type":"PropertyValueSpecification","valueRequired":true,"valueName":"search_term_string"}}],"inLanguage":"fr-FR"},{"@type":"Organization","@id":"https:\/\/colourofstone.com\/fr\/#organization","name":"Colour of Stone GmbH","url":"https:\/\/colourofstone.com\/fr\/","logo":{"@type":"ImageObject","inLanguage":"fr-FR","@id":"https:\/\/colourofstone.com\/fr\/#\/schema\/logo\/image\/","url":"https:\/\/colourofstone.com\/wp-content\/uploads\/99FC1526-DF3B-44F1-9816-9278D3194252-scaled.jpeg","contentUrl":"https:\/\/colourofstone.com\/wp-content\/uploads\/99FC1526-DF3B-44F1-9816-9278D3194252-scaled.jpeg","width":2125,"height":2560,"caption":"Colour of Stone GmbH"},"image":{"@id":"https:\/\/colourofstone.com\/fr\/#\/schema\/logo\/image\/"},"sameAs":["https:\/\/www.instagram.com\/colourofstone\/"]}]}},"_links":{"self":[{"href":"https:\/\/colourofstone.com\/fr\/wp-json\/wp\/v2\/product\/41621","targetHints":{"allow":["GET"]}}],"collection":[{"href":"https:\/\/colourofstone.com\/fr\/wp-json\/wp\/v2\/product"}],"about":[{"href":"https:\/\/colourofstone.com\/fr\/wp-json\/wp\/v2\/types\/product"}],"wp:featuredmedia":[{"embeddable":true,"href":"https:\/\/colourofstone.com\/fr\/wp-json\/wp\/v2\/media\/45572"}],"wp:attachment":[{"href":"https:\/\/colourofstone.com\/fr\/wp-json\/wp\/v2\/media?parent=41621"}],"wp:term":[{"taxonomy":"product_brand","embeddable":true,"href":"https:\/\/colourofstone.com\/fr\/wp-json\/wp\/v2\/product_brand?post=41621"},{"taxonomy":"product_cat","embeddable":true,"href":"https:\/\/colourofstone.com\/fr\/wp-json\/wp\/v2\/product_cat?post=41621"},{"taxonomy":"product_tag","embeddable":true,"href":"https:\/\/colourofstone.com\/fr\/wp-json\/wp\/v2\/product_tag?post=41621"}],"curies":[{"name":"wp","href":"https:\/\/api.w.org\/{rel}","templated":true}]}}