{"id":58338,"date":"2022-12-31T13:41:51","date_gmt":"2022-12-31T13:42:24","guid":{"rendered":"https:\/\/colourofstone.com\/?post_type=product&#038;p=58338"},"modified":"2023-02-10T21:43:55","modified_gmt":"2023-02-10T21:43:55","slug":"san-sebastian-2cm","status":"publish","type":"product","link":"https:\/\/colourofstone.com\/fr\/shop\/pierre-naturelle\/sol\/san-sebastian-2cm\/","title":{"rendered":"San Sebastian"},"content":{"rendered":"<p>San Sebastian \/ Aworio est un calcaire beige clair. San Sebastian \/ Aworio, avec son flair m\u00e9diterran\u00e9en, est un mat\u00e9riau parfait pour une d\u00e9coration int\u00e9rieure intemporelle et \u00e9l\u00e9gante. Mais cette pierre naturelle est \u00e9galement bien adapt\u00e9e \u00e0 une utilisation ext\u00e9rieure en raison de sa r\u00e9sistance au gel. Ce calcaire croate est exploit\u00e9 dans la r\u00e9gion autour de Pucisca, sur l&#8217;\u00eele de Brac.<\/p>\n<p>&nbsp;<\/p>\n<p>Cette pierre naturelle est r\u00e9sistante au gel, mais pas \u00e0 l&#8217;acide. Il est parfaitement adapt\u00e9 \u00e0 une utilisation en int\u00e9rieur. Avec une sensibilit\u00e9 et des connaissances appropri\u00e9es, cette pierre naturelle peut \u00e9galement \u00eatre utilis\u00e9e dans d&#8217;autres domaines.<\/p>\n\n        <script>\n        function toggleInchInfo(el) {\n            const infoBox = el.nextElementSibling;\n            if (infoBox.style.display === \"none\") {\n                infoBox.style.display = \"inline\";\n            } else {\n                infoBox.style.display = \"none\";\n            }\n        }\n        <\/script>\n        <style>\n            .cm-info {\n                cursor: pointer;\n                color: #0073aa;\n                font-weight: bold;\n                margin-left: 4px;\n            }\n            .inch-info {\n                display: none;\n                background: #f8f8f8;\n                border: 1px solid #ccc;\n                padding: 4px 8px;\n                margin-left: 5px;\n                font-size: 0.9em;\n                border-radius: 4px;\n            }\n        <\/style>","protected":false},"excerpt":{"rendered":"<p>San Sebastian \/ Aworio est un calcaire beige clair. San Sebastian \/ Aworio, avec son flair m\u00e9diterran\u00e9en, est un mat\u00e9riau parfait pour une d\u00e9coration int\u00e9rieure intemporelle et \u00e9l\u00e9gante. Mais cette pierre naturelle est \u00e9galement bien adapt\u00e9e \u00e0 une utilisation ext\u00e9rieure en raison de sa r\u00e9sistance au gel. Ce calcaire croate est exploit\u00e9 dans la r\u00e9gion <a href=\"https:\/\/colourofstone.com\/fr\/shop\/pierre-naturelle\/sol\/san-sebastian-2cm\/\" class=\"more-link\">&#8230;<\/a><\/p>\n","protected":false},"featured_media":28761,"template":"","meta":[],"product_brand":[],"product_cat":[2346],"product_tag":[986,995],"class_list":{"0":"post-58338","1":"product","2":"type-product","3":"status-publish","4":"has-post-thumbnail","6":"product_cat-sol","7":"product_tag-avorio-fr-2","8":"product_tag-aworio-fr","9":"pa_farbe-beige","10":"pa_farbe-clair","11":"pa_masseinheit-30-x-30-cm","12":"pa_masseinheit-60-x-30-cm","13":"pa_masseinheit-40-x-40-cm","14":"pa_masseinheit-60-x-40-cm","15":"pa_masseinheit-60-x-60-cm","16":"pa_material-marbre","17":"pa_oberflaeche-polie","18":"pa_oberflaeche-poncee","19":"pa_oberflaeche-brossee","21":"first","22":"instock","23":"taxable","24":"shipping-taxable","25":"purchasable","26":"product-type-variable","27":"has-default-attributes"},"yoast_head":"<!-- This site is optimized with the Yoast SEO plugin v27.4 - https:\/\/yoast.com\/product\/yoast-seo-wordpress\/ -->\n<title>San Sebastian - Calcaire Sol livraison gratuite - Colour of Stone<\/title>\n<meta name=\"description\" content=\"San Sebastian \/ Aworio est un calcaire beige clair. San Sebastian \/ Aworio, avec son flair m\u00e9diterran\u00e9en, est un mat\u00e9riau parfait pour une d\u00e9coration ...\" \/>\n<meta name=\"robots\" content=\"index, follow, max-snippet:-1, max-image-preview:large, max-video-preview:-1\" \/>\n<link rel=\"canonical\" href=\"https:\/\/colourofstone.com\/fr\/shop\/pierre-naturelle\/sol\/san-sebastian-2cm\/\" \/>\n<meta property=\"og:locale\" content=\"fr_FR\" \/>\n<meta property=\"og:type\" content=\"article\" \/>\n<meta property=\"og:title\" content=\"San Sebastian - Calcaire Sol livraison gratuite - Colour of Stone\" \/>\n<meta property=\"og:description\" content=\"San Sebastian \/ Aworio est un calcaire beige clair. San Sebastian \/ Aworio, avec son flair m\u00e9diterran\u00e9en, est un mat\u00e9riau parfait pour une d\u00e9coration ...\" \/>\n<meta property=\"og:url\" content=\"https:\/\/colourofstone.com\/fr\/shop\/pierre-naturelle\/sol\/san-sebastian-2cm\/\" \/>\n<meta property=\"og:site_name\" content=\"Colour of Stone\" \/>\n<meta property=\"article:modified_time\" content=\"2023-02-10T21:43:55+00:00\" \/>\n<meta property=\"og:image\" content=\"https:\/\/colourofstone.com\/wp-content\/uploads\/San-Sebastian-902_1.jpg\" \/>\n\t<meta property=\"og:image:width\" content=\"1600\" \/>\n\t<meta property=\"og:image:height\" content=\"1600\" \/>\n\t<meta property=\"og:image:type\" content=\"image\/jpeg\" \/>\n<meta name=\"twitter:card\" content=\"summary_large_image\" \/>\n<meta name=\"twitter:label1\" content=\"Dur\u00e9e de lecture estim\u00e9e\" \/>\n\t<meta name=\"twitter:data1\" content=\"1 minute\" \/>\n<script type=\"application\/ld+json\" class=\"yoast-schema-graph\">{\"@context\":\"https:\\\/\\\/schema.org\",\"@graph\":[{\"@type\":\"WebPage\",\"@id\":\"https:\\\/\\\/colourofstone.com\\\/fr\\\/shop\\\/pierre-naturelle\\\/sol\\\/san-sebastian-2cm\\\/\",\"url\":\"https:\\\/\\\/colourofstone.com\\\/fr\\\/shop\\\/pierre-naturelle\\\/sol\\\/san-sebastian-2cm\\\/\",\"name\":\"San Sebastian - Calcaire Sol livraison gratuite - Colour of Stone\",\"isPartOf\":{\"@id\":\"https:\\\/\\\/colourofstone.com\\\/fr\\\/#website\"},\"primaryImageOfPage\":{\"@id\":\"https:\\\/\\\/colourofstone.com\\\/fr\\\/shop\\\/pierre-naturelle\\\/sol\\\/san-sebastian-2cm\\\/#primaryimage\"},\"image\":{\"@id\":\"https:\\\/\\\/colourofstone.com\\\/fr\\\/shop\\\/pierre-naturelle\\\/sol\\\/san-sebastian-2cm\\\/#primaryimage\"},\"thumbnailUrl\":\"https:\\\/\\\/colourofstone.com\\\/wp-content\\\/uploads\\\/San-Sebastian-902_1.jpg\",\"datePublished\":\"2022-12-31T13:42:24+00:00\",\"dateModified\":\"2023-02-10T21:43:55+00:00\",\"description\":\"San Sebastian \\\/ Aworio est un calcaire beige clair. San Sebastian \\\/ Aworio, avec son flair m\u00e9diterran\u00e9en, est un mat\u00e9riau parfait pour une d\u00e9coration ...\",\"breadcrumb\":{\"@id\":\"https:\\\/\\\/colourofstone.com\\\/fr\\\/shop\\\/pierre-naturelle\\\/sol\\\/san-sebastian-2cm\\\/#breadcrumb\"},\"inLanguage\":\"fr-FR\",\"potentialAction\":[{\"@type\":\"ReadAction\",\"target\":[\"https:\\\/\\\/colourofstone.com\\\/fr\\\/shop\\\/pierre-naturelle\\\/sol\\\/san-sebastian-2cm\\\/\"]}]},{\"@type\":\"ImageObject\",\"inLanguage\":\"fr-FR\",\"@id\":\"https:\\\/\\\/colourofstone.com\\\/fr\\\/shop\\\/pierre-naturelle\\\/sol\\\/san-sebastian-2cm\\\/#primaryimage\",\"url\":\"https:\\\/\\\/colourofstone.com\\\/wp-content\\\/uploads\\\/San-Sebastian-902_1.jpg\",\"contentUrl\":\"https:\\\/\\\/colourofstone.com\\\/wp-content\\\/uploads\\\/San-Sebastian-902_1.jpg\",\"width\":1600,\"height\":1600,\"caption\":\"San Sebastian\"},{\"@type\":\"BreadcrumbList\",\"@id\":\"https:\\\/\\\/colourofstone.com\\\/fr\\\/shop\\\/pierre-naturelle\\\/sol\\\/san-sebastian-2cm\\\/#breadcrumb\",\"itemListElement\":[{\"@type\":\"ListItem\",\"position\":1,\"name\":\"Home\",\"item\":\"https:\\\/\\\/colourofstone.com\\\/fr\\\/\"},{\"@type\":\"ListItem\",\"position\":2,\"name\":\"Shop\",\"item\":\"https:\\\/\\\/colourofstone.com\\\/fr\\\/shop\\\/\"},{\"@type\":\"ListItem\",\"position\":3,\"name\":\"Marbre\",\"item\":\"https:\\\/\\\/colourofstone.com\\\/fr\\\/material\\\/marbre\\\/\"},{\"@type\":\"ListItem\",\"position\":4,\"name\":\"San Sebastian\"}]},{\"@type\":\"WebSite\",\"@id\":\"https:\\\/\\\/colourofstone.com\\\/fr\\\/#website\",\"url\":\"https:\\\/\\\/colourofstone.com\\\/fr\\\/\",\"name\":\"Colour of Stone\",\"description\":\"Fliesen, Haus und Garten Produkte aus Naturstein - Online Shop\",\"publisher\":{\"@id\":\"https:\\\/\\\/colourofstone.com\\\/fr\\\/#organization\"},\"potentialAction\":[{\"@type\":\"SearchAction\",\"target\":{\"@type\":\"EntryPoint\",\"urlTemplate\":\"https:\\\/\\\/colourofstone.com\\\/fr\\\/?s={search_term_string}\"},\"query-input\":{\"@type\":\"PropertyValueSpecification\",\"valueRequired\":true,\"valueName\":\"search_term_string\"}}],\"inLanguage\":\"fr-FR\"},{\"@type\":\"Organization\",\"@id\":\"https:\\\/\\\/colourofstone.com\\\/fr\\\/#organization\",\"name\":\"Colour of Stone GmbH\",\"url\":\"https:\\\/\\\/colourofstone.com\\\/fr\\\/\",\"logo\":{\"@type\":\"ImageObject\",\"inLanguage\":\"fr-FR\",\"@id\":\"https:\\\/\\\/colourofstone.com\\\/fr\\\/#\\\/schema\\\/logo\\\/image\\\/\",\"url\":\"https:\\\/\\\/colourofstone.com\\\/wp-content\\\/uploads\\\/99FC1526-DF3B-44F1-9816-9278D3194252-scaled.jpeg\",\"contentUrl\":\"https:\\\/\\\/colourofstone.com\\\/wp-content\\\/uploads\\\/99FC1526-DF3B-44F1-9816-9278D3194252-scaled.jpeg\",\"width\":2125,\"height\":2560,\"caption\":\"Colour of Stone GmbH\"},\"image\":{\"@id\":\"https:\\\/\\\/colourofstone.com\\\/fr\\\/#\\\/schema\\\/logo\\\/image\\\/\"},\"sameAs\":[\"https:\\\/\\\/www.instagram.com\\\/colourofstone\\\/\"]}]}<\/script>\n<!-- \/ Yoast SEO plugin. -->","yoast_head_json":{"title":"San Sebastian - Calcaire Sol livraison gratuite - Colour of Stone","description":"San Sebastian \/ Aworio est un calcaire beige clair. San Sebastian \/ Aworio, avec son flair m\u00e9diterran\u00e9en, est un mat\u00e9riau parfait pour une d\u00e9coration ...","robots":{"index":"index","follow":"follow","max-snippet":"max-snippet:-1","max-image-preview":"max-image-preview:large","max-video-preview":"max-video-preview:-1"},"canonical":"https:\/\/colourofstone.com\/fr\/shop\/pierre-naturelle\/sol\/san-sebastian-2cm\/","og_locale":"fr_FR","og_type":"article","og_title":"San Sebastian - Calcaire Sol livraison gratuite - Colour of Stone","og_description":"San Sebastian \/ Aworio est un calcaire beige clair. San Sebastian \/ Aworio, avec son flair m\u00e9diterran\u00e9en, est un mat\u00e9riau parfait pour une d\u00e9coration ...","og_url":"https:\/\/colourofstone.com\/fr\/shop\/pierre-naturelle\/sol\/san-sebastian-2cm\/","og_site_name":"Colour of Stone","article_modified_time":"2023-02-10T21:43:55+00:00","og_image":[{"width":1600,"height":1600,"url":"https:\/\/colourofstone.com\/wp-content\/uploads\/San-Sebastian-902_1.jpg","type":"image\/jpeg"}],"twitter_card":"summary_large_image","twitter_misc":{"Dur\u00e9e de lecture estim\u00e9e":"1 minute"},"schema":{"@context":"https:\/\/schema.org","@graph":[{"@type":"WebPage","@id":"https:\/\/colourofstone.com\/fr\/shop\/pierre-naturelle\/sol\/san-sebastian-2cm\/","url":"https:\/\/colourofstone.com\/fr\/shop\/pierre-naturelle\/sol\/san-sebastian-2cm\/","name":"San Sebastian - Calcaire Sol livraison gratuite - Colour of Stone","isPartOf":{"@id":"https:\/\/colourofstone.com\/fr\/#website"},"primaryImageOfPage":{"@id":"https:\/\/colourofstone.com\/fr\/shop\/pierre-naturelle\/sol\/san-sebastian-2cm\/#primaryimage"},"image":{"@id":"https:\/\/colourofstone.com\/fr\/shop\/pierre-naturelle\/sol\/san-sebastian-2cm\/#primaryimage"},"thumbnailUrl":"https:\/\/colourofstone.com\/wp-content\/uploads\/San-Sebastian-902_1.jpg","datePublished":"2022-12-31T13:42:24+00:00","dateModified":"2023-02-10T21:43:55+00:00","description":"San Sebastian \/ Aworio est un calcaire beige clair. San Sebastian \/ Aworio, avec son flair m\u00e9diterran\u00e9en, est un mat\u00e9riau parfait pour une d\u00e9coration ...","breadcrumb":{"@id":"https:\/\/colourofstone.com\/fr\/shop\/pierre-naturelle\/sol\/san-sebastian-2cm\/#breadcrumb"},"inLanguage":"fr-FR","potentialAction":[{"@type":"ReadAction","target":["https:\/\/colourofstone.com\/fr\/shop\/pierre-naturelle\/sol\/san-sebastian-2cm\/"]}]},{"@type":"ImageObject","inLanguage":"fr-FR","@id":"https:\/\/colourofstone.com\/fr\/shop\/pierre-naturelle\/sol\/san-sebastian-2cm\/#primaryimage","url":"https:\/\/colourofstone.com\/wp-content\/uploads\/San-Sebastian-902_1.jpg","contentUrl":"https:\/\/colourofstone.com\/wp-content\/uploads\/San-Sebastian-902_1.jpg","width":1600,"height":1600,"caption":"San Sebastian"},{"@type":"BreadcrumbList","@id":"https:\/\/colourofstone.com\/fr\/shop\/pierre-naturelle\/sol\/san-sebastian-2cm\/#breadcrumb","itemListElement":[{"@type":"ListItem","position":1,"name":"Home","item":"https:\/\/colourofstone.com\/fr\/"},{"@type":"ListItem","position":2,"name":"Shop","item":"https:\/\/colourofstone.com\/fr\/shop\/"},{"@type":"ListItem","position":3,"name":"Marbre","item":"https:\/\/colourofstone.com\/fr\/material\/marbre\/"},{"@type":"ListItem","position":4,"name":"San Sebastian"}]},{"@type":"WebSite","@id":"https:\/\/colourofstone.com\/fr\/#website","url":"https:\/\/colourofstone.com\/fr\/","name":"Colour of Stone","description":"Fliesen, Haus und Garten Produkte aus Naturstein - Online Shop","publisher":{"@id":"https:\/\/colourofstone.com\/fr\/#organization"},"potentialAction":[{"@type":"SearchAction","target":{"@type":"EntryPoint","urlTemplate":"https:\/\/colourofstone.com\/fr\/?s={search_term_string}"},"query-input":{"@type":"PropertyValueSpecification","valueRequired":true,"valueName":"search_term_string"}}],"inLanguage":"fr-FR"},{"@type":"Organization","@id":"https:\/\/colourofstone.com\/fr\/#organization","name":"Colour of Stone GmbH","url":"https:\/\/colourofstone.com\/fr\/","logo":{"@type":"ImageObject","inLanguage":"fr-FR","@id":"https:\/\/colourofstone.com\/fr\/#\/schema\/logo\/image\/","url":"https:\/\/colourofstone.com\/wp-content\/uploads\/99FC1526-DF3B-44F1-9816-9278D3194252-scaled.jpeg","contentUrl":"https:\/\/colourofstone.com\/wp-content\/uploads\/99FC1526-DF3B-44F1-9816-9278D3194252-scaled.jpeg","width":2125,"height":2560,"caption":"Colour of Stone GmbH"},"image":{"@id":"https:\/\/colourofstone.com\/fr\/#\/schema\/logo\/image\/"},"sameAs":["https:\/\/www.instagram.com\/colourofstone\/"]}]}},"_links":{"self":[{"href":"https:\/\/colourofstone.com\/fr\/wp-json\/wp\/v2\/product\/58338","targetHints":{"allow":["GET"]}}],"collection":[{"href":"https:\/\/colourofstone.com\/fr\/wp-json\/wp\/v2\/product"}],"about":[{"href":"https:\/\/colourofstone.com\/fr\/wp-json\/wp\/v2\/types\/product"}],"wp:featuredmedia":[{"embeddable":true,"href":"https:\/\/colourofstone.com\/fr\/wp-json\/wp\/v2\/media\/28761"}],"wp:attachment":[{"href":"https:\/\/colourofstone.com\/fr\/wp-json\/wp\/v2\/media?parent=58338"}],"wp:term":[{"taxonomy":"product_brand","embeddable":true,"href":"https:\/\/colourofstone.com\/fr\/wp-json\/wp\/v2\/product_brand?post=58338"},{"taxonomy":"product_cat","embeddable":true,"href":"https:\/\/colourofstone.com\/fr\/wp-json\/wp\/v2\/product_cat?post=58338"},{"taxonomy":"product_tag","embeddable":true,"href":"https:\/\/colourofstone.com\/fr\/wp-json\/wp\/v2\/product_tag?post=58338"}],"curies":[{"name":"wp","href":"https:\/\/api.w.org\/{rel}","templated":true}]}}