{"id":61659,"date":"2023-03-12T11:11:37","date_gmt":"2023-03-12T11:12:29","guid":{"rendered":"https:\/\/colourofstone.com\/?post_type=product&#038;p=61659"},"modified":"2023-03-12T12:36:36","modified_gmt":"2023-03-12T12:36:36","slug":"bardiglio-nuvolato-2cm","status":"publish","type":"product","link":"https:\/\/colourofstone.com\/fr\/shop\/pierre-naturelle\/sol\/bardiglio-nuvolato-2cm\/","title":{"rendered":"Bardiglio Nuvolato"},"content":{"rendered":"<p>Ce marbre parfait en gris et bleu affiche une \u00e9l\u00e9gance discr\u00e8te. Bardiglio Nuvolato poss\u00e8de une structure magnifique. En combinaison avec des couleurs claires, cette pierre naturelle est un atout absolu.<\/p>\n<p>&nbsp;<\/p>\n<p>Avec sa structure vein\u00e9e, Bardiglio Nuvolato est tr\u00e8s \u00e9l\u00e9gante sur des carreaux de grand format comme 60 x 60 x 1 cm <span class='cm-info' onclick='toggleInchInfo(this)'>\u2139\ufe0f<\/span>\n        <div class='inch-info'>\u2248 23.6\" x 0.4\"<\/div>. Nous avons toujours 24 combinaisons de formats et de surfaces disponibles.<\/p>\n<p>&nbsp;<\/p>\n<p>Le Bardiglio Nuvolato est extrait dans les Alpes apuanes. Celles-ci se trouvent en Toscane, en Italie.<\/p>\n<p>&nbsp;<\/p>\n<p>Cette pierre naturelle ne r\u00e9siste pas au gel ni aux acides. Elle est parfaitement adapt\u00e9e \u00e0 un usage int\u00e9rieur. Avec une sensibilit\u00e9 et des connaissances appropri\u00e9es, cette pierre naturelle peut \u00e9galement \u00eatre utilis\u00e9e dans d&#8217;autres domaines.<\/p>\n\n        <script>\n        function toggleInchInfo(el) {\n            const infoBox = el.nextElementSibling;\n            if (infoBox.style.display === \"none\") {\n                infoBox.style.display = \"inline\";\n            } else {\n                infoBox.style.display = \"none\";\n            }\n        }\n        <\/script>\n        <style>\n            .cm-info {\n                cursor: pointer;\n                color: #0073aa;\n                font-weight: bold;\n                margin-left: 4px;\n            }\n            .inch-info {\n                display: none;\n                background: #f8f8f8;\n                border: 1px solid #ccc;\n                padding: 4px 8px;\n                margin-left: 5px;\n                font-size: 0.9em;\n                border-radius: 4px;\n            }\n        <\/style>","protected":false},"excerpt":{"rendered":"<p>Ce marbre parfait en gris et bleu affiche une \u00e9l\u00e9gance discr\u00e8te. Bardiglio Nuvolato poss\u00e8de une structure magnifique. En combinaison avec des couleurs claires, cette pierre naturelle est un atout absolu. &nbsp; Avec sa structure vein\u00e9e, Bardiglio Nuvolato est tr\u00e8s \u00e9l\u00e9gante sur des carreaux de grand format comme 60 x 60 x 1 cm \u2139\ufe0f \u2248 <a href=\"https:\/\/colourofstone.com\/fr\/shop\/pierre-naturelle\/sol\/bardiglio-nuvolato-2cm\/\" class=\"more-link\">&#8230;<\/a><\/p>\n","protected":false},"featured_media":46209,"template":"","meta":[],"product_brand":[],"product_cat":[2346],"product_tag":[],"class_list":{"0":"post-61659","1":"product","2":"type-product","3":"status-publish","4":"has-post-thumbnail","6":"product_cat-sol","7":"product_shipping_class-delai-de-livraison-env-3-semaines","8":"pa_farbe-bleu","9":"pa_farbe-gris","10":"pa_farbe-clair","11":"pa_masseinheit-30-x-30-cm","12":"pa_masseinheit-60-x-30-cm","13":"pa_masseinheit-40-x-40-cm","14":"pa_masseinheit-60-x-40-cm","15":"pa_masseinheit-60-x-60-cm","16":"pa_material-marbre","17":"pa_oberflaeche-polie","18":"pa_oberflaeche-poncee","19":"pa_oberflaeche-brossee","21":"first","22":"instock","23":"taxable","24":"shipping-taxable","25":"purchasable","26":"product-type-variable","27":"has-default-attributes"},"yoast_head":"<!-- This site is optimized with the Yoast SEO plugin v27.3 - https:\/\/yoast.com\/product\/yoast-seo-wordpress\/ -->\n<title>Bardiglio Nuvolato - Marbre Sol livraison gratuite - Colour of Stone<\/title>\n<meta name=\"description\" content=\"Ce marbre parfait en gris et bleu affiche une \u00e9l\u00e9gance discr\u00e8te. Bardiglio Nuvolato poss\u00e8de une structure magnifique. En combinaison avec des couleurs ...\" \/>\n<meta name=\"robots\" content=\"index, follow, max-snippet:-1, max-image-preview:large, max-video-preview:-1\" \/>\n<link rel=\"canonical\" href=\"https:\/\/colourofstone.com\/fr\/shop\/pierre-naturelle\/sol\/bardiglio-nuvolato-2cm\/\" \/>\n<meta property=\"og:locale\" content=\"fr_FR\" \/>\n<meta property=\"og:type\" content=\"article\" \/>\n<meta property=\"og:title\" content=\"Bardiglio Nuvolato - Marbre Sol livraison gratuite - Colour of Stone\" \/>\n<meta property=\"og:description\" content=\"Ce marbre parfait en gris et bleu affiche une \u00e9l\u00e9gance discr\u00e8te. Bardiglio Nuvolato poss\u00e8de une structure magnifique. En combinaison avec des couleurs ...\" \/>\n<meta property=\"og:url\" content=\"https:\/\/colourofstone.com\/fr\/shop\/pierre-naturelle\/sol\/bardiglio-nuvolato-2cm\/\" \/>\n<meta property=\"og:site_name\" content=\"Colour of Stone\" \/>\n<meta property=\"article:modified_time\" content=\"2023-03-12T12:36:36+00:00\" \/>\n<meta property=\"og:image\" content=\"https:\/\/colourofstone.com\/wp-content\/uploads\/Bardiglio-Nuvolato-902_1-1.jpg\" \/>\n\t<meta property=\"og:image:width\" content=\"1600\" \/>\n\t<meta property=\"og:image:height\" content=\"1600\" \/>\n\t<meta property=\"og:image:type\" content=\"image\/jpeg\" \/>\n<meta name=\"twitter:card\" content=\"summary_large_image\" \/>\n<meta name=\"twitter:label1\" content=\"Dur\u00e9e de lecture estim\u00e9e\" \/>\n\t<meta name=\"twitter:data1\" content=\"1 minute\" \/>\n<script type=\"application\/ld+json\" class=\"yoast-schema-graph\">{\"@context\":\"https:\\\/\\\/schema.org\",\"@graph\":[{\"@type\":\"WebPage\",\"@id\":\"https:\\\/\\\/colourofstone.com\\\/fr\\\/shop\\\/pierre-naturelle\\\/sol\\\/bardiglio-nuvolato-2cm\\\/\",\"url\":\"https:\\\/\\\/colourofstone.com\\\/fr\\\/shop\\\/pierre-naturelle\\\/sol\\\/bardiglio-nuvolato-2cm\\\/\",\"name\":\"Bardiglio Nuvolato - Marbre Sol livraison gratuite - Colour of Stone\",\"isPartOf\":{\"@id\":\"https:\\\/\\\/colourofstone.com\\\/fr\\\/#website\"},\"primaryImageOfPage\":{\"@id\":\"https:\\\/\\\/colourofstone.com\\\/fr\\\/shop\\\/pierre-naturelle\\\/sol\\\/bardiglio-nuvolato-2cm\\\/#primaryimage\"},\"image\":{\"@id\":\"https:\\\/\\\/colourofstone.com\\\/fr\\\/shop\\\/pierre-naturelle\\\/sol\\\/bardiglio-nuvolato-2cm\\\/#primaryimage\"},\"thumbnailUrl\":\"https:\\\/\\\/colourofstone.com\\\/wp-content\\\/uploads\\\/Bardiglio-Nuvolato-902_1-1.jpg\",\"datePublished\":\"2023-03-12T11:12:29+00:00\",\"dateModified\":\"2023-03-12T12:36:36+00:00\",\"description\":\"Ce marbre parfait en gris et bleu affiche une \u00e9l\u00e9gance discr\u00e8te. Bardiglio Nuvolato poss\u00e8de une structure magnifique. En combinaison avec des couleurs ...\",\"breadcrumb\":{\"@id\":\"https:\\\/\\\/colourofstone.com\\\/fr\\\/shop\\\/pierre-naturelle\\\/sol\\\/bardiglio-nuvolato-2cm\\\/#breadcrumb\"},\"inLanguage\":\"fr-FR\",\"potentialAction\":[{\"@type\":\"ReadAction\",\"target\":[\"https:\\\/\\\/colourofstone.com\\\/fr\\\/shop\\\/pierre-naturelle\\\/sol\\\/bardiglio-nuvolato-2cm\\\/\"]}]},{\"@type\":\"ImageObject\",\"inLanguage\":\"fr-FR\",\"@id\":\"https:\\\/\\\/colourofstone.com\\\/fr\\\/shop\\\/pierre-naturelle\\\/sol\\\/bardiglio-nuvolato-2cm\\\/#primaryimage\",\"url\":\"https:\\\/\\\/colourofstone.com\\\/wp-content\\\/uploads\\\/Bardiglio-Nuvolato-902_1-1.jpg\",\"contentUrl\":\"https:\\\/\\\/colourofstone.com\\\/wp-content\\\/uploads\\\/Bardiglio-Nuvolato-902_1-1.jpg\",\"width\":1600,\"height\":1600,\"caption\":\"Bardiglio Nuvolato\"},{\"@type\":\"BreadcrumbList\",\"@id\":\"https:\\\/\\\/colourofstone.com\\\/fr\\\/shop\\\/pierre-naturelle\\\/sol\\\/bardiglio-nuvolato-2cm\\\/#breadcrumb\",\"itemListElement\":[{\"@type\":\"ListItem\",\"position\":1,\"name\":\"Home\",\"item\":\"https:\\\/\\\/colourofstone.com\\\/fr\\\/\"},{\"@type\":\"ListItem\",\"position\":2,\"name\":\"Shop\",\"item\":\"https:\\\/\\\/colourofstone.com\\\/fr\\\/shop\\\/\"},{\"@type\":\"ListItem\",\"position\":3,\"name\":\"Marbre\",\"item\":\"https:\\\/\\\/colourofstone.com\\\/fr\\\/material\\\/marbre\\\/\"},{\"@type\":\"ListItem\",\"position\":4,\"name\":\"Bardiglio Nuvolato\"}]},{\"@type\":\"WebSite\",\"@id\":\"https:\\\/\\\/colourofstone.com\\\/fr\\\/#website\",\"url\":\"https:\\\/\\\/colourofstone.com\\\/fr\\\/\",\"name\":\"Colour of Stone\",\"description\":\"Fliesen, Haus und Garten Produkte aus Naturstein - Online Shop\",\"publisher\":{\"@id\":\"https:\\\/\\\/colourofstone.com\\\/fr\\\/#organization\"},\"potentialAction\":[{\"@type\":\"SearchAction\",\"target\":{\"@type\":\"EntryPoint\",\"urlTemplate\":\"https:\\\/\\\/colourofstone.com\\\/fr\\\/?s={search_term_string}\"},\"query-input\":{\"@type\":\"PropertyValueSpecification\",\"valueRequired\":true,\"valueName\":\"search_term_string\"}}],\"inLanguage\":\"fr-FR\"},{\"@type\":\"Organization\",\"@id\":\"https:\\\/\\\/colourofstone.com\\\/fr\\\/#organization\",\"name\":\"Colour of Stone GmbH\",\"url\":\"https:\\\/\\\/colourofstone.com\\\/fr\\\/\",\"logo\":{\"@type\":\"ImageObject\",\"inLanguage\":\"fr-FR\",\"@id\":\"https:\\\/\\\/colourofstone.com\\\/fr\\\/#\\\/schema\\\/logo\\\/image\\\/\",\"url\":\"https:\\\/\\\/colourofstone.com\\\/wp-content\\\/uploads\\\/99FC1526-DF3B-44F1-9816-9278D3194252-scaled.jpeg\",\"contentUrl\":\"https:\\\/\\\/colourofstone.com\\\/wp-content\\\/uploads\\\/99FC1526-DF3B-44F1-9816-9278D3194252-scaled.jpeg\",\"width\":2125,\"height\":2560,\"caption\":\"Colour of Stone GmbH\"},\"image\":{\"@id\":\"https:\\\/\\\/colourofstone.com\\\/fr\\\/#\\\/schema\\\/logo\\\/image\\\/\"},\"sameAs\":[\"https:\\\/\\\/www.instagram.com\\\/colourofstone\\\/\"]}]}<\/script>\n<!-- \/ Yoast SEO plugin. -->","yoast_head_json":{"title":"Bardiglio Nuvolato - Marbre Sol livraison gratuite - Colour of Stone","description":"Ce marbre parfait en gris et bleu affiche une \u00e9l\u00e9gance discr\u00e8te. Bardiglio Nuvolato poss\u00e8de une structure magnifique. En combinaison avec des couleurs ...","robots":{"index":"index","follow":"follow","max-snippet":"max-snippet:-1","max-image-preview":"max-image-preview:large","max-video-preview":"max-video-preview:-1"},"canonical":"https:\/\/colourofstone.com\/fr\/shop\/pierre-naturelle\/sol\/bardiglio-nuvolato-2cm\/","og_locale":"fr_FR","og_type":"article","og_title":"Bardiglio Nuvolato - Marbre Sol livraison gratuite - Colour of Stone","og_description":"Ce marbre parfait en gris et bleu affiche une \u00e9l\u00e9gance discr\u00e8te. Bardiglio Nuvolato poss\u00e8de une structure magnifique. En combinaison avec des couleurs ...","og_url":"https:\/\/colourofstone.com\/fr\/shop\/pierre-naturelle\/sol\/bardiglio-nuvolato-2cm\/","og_site_name":"Colour of Stone","article_modified_time":"2023-03-12T12:36:36+00:00","og_image":[{"width":1600,"height":1600,"url":"https:\/\/colourofstone.com\/wp-content\/uploads\/Bardiglio-Nuvolato-902_1-1.jpg","type":"image\/jpeg"}],"twitter_card":"summary_large_image","twitter_misc":{"Dur\u00e9e de lecture estim\u00e9e":"1 minute"},"schema":{"@context":"https:\/\/schema.org","@graph":[{"@type":"WebPage","@id":"https:\/\/colourofstone.com\/fr\/shop\/pierre-naturelle\/sol\/bardiglio-nuvolato-2cm\/","url":"https:\/\/colourofstone.com\/fr\/shop\/pierre-naturelle\/sol\/bardiglio-nuvolato-2cm\/","name":"Bardiglio Nuvolato - Marbre Sol livraison gratuite - Colour of Stone","isPartOf":{"@id":"https:\/\/colourofstone.com\/fr\/#website"},"primaryImageOfPage":{"@id":"https:\/\/colourofstone.com\/fr\/shop\/pierre-naturelle\/sol\/bardiglio-nuvolato-2cm\/#primaryimage"},"image":{"@id":"https:\/\/colourofstone.com\/fr\/shop\/pierre-naturelle\/sol\/bardiglio-nuvolato-2cm\/#primaryimage"},"thumbnailUrl":"https:\/\/colourofstone.com\/wp-content\/uploads\/Bardiglio-Nuvolato-902_1-1.jpg","datePublished":"2023-03-12T11:12:29+00:00","dateModified":"2023-03-12T12:36:36+00:00","description":"Ce marbre parfait en gris et bleu affiche une \u00e9l\u00e9gance discr\u00e8te. Bardiglio Nuvolato poss\u00e8de une structure magnifique. En combinaison avec des couleurs ...","breadcrumb":{"@id":"https:\/\/colourofstone.com\/fr\/shop\/pierre-naturelle\/sol\/bardiglio-nuvolato-2cm\/#breadcrumb"},"inLanguage":"fr-FR","potentialAction":[{"@type":"ReadAction","target":["https:\/\/colourofstone.com\/fr\/shop\/pierre-naturelle\/sol\/bardiglio-nuvolato-2cm\/"]}]},{"@type":"ImageObject","inLanguage":"fr-FR","@id":"https:\/\/colourofstone.com\/fr\/shop\/pierre-naturelle\/sol\/bardiglio-nuvolato-2cm\/#primaryimage","url":"https:\/\/colourofstone.com\/wp-content\/uploads\/Bardiglio-Nuvolato-902_1-1.jpg","contentUrl":"https:\/\/colourofstone.com\/wp-content\/uploads\/Bardiglio-Nuvolato-902_1-1.jpg","width":1600,"height":1600,"caption":"Bardiglio Nuvolato"},{"@type":"BreadcrumbList","@id":"https:\/\/colourofstone.com\/fr\/shop\/pierre-naturelle\/sol\/bardiglio-nuvolato-2cm\/#breadcrumb","itemListElement":[{"@type":"ListItem","position":1,"name":"Home","item":"https:\/\/colourofstone.com\/fr\/"},{"@type":"ListItem","position":2,"name":"Shop","item":"https:\/\/colourofstone.com\/fr\/shop\/"},{"@type":"ListItem","position":3,"name":"Marbre","item":"https:\/\/colourofstone.com\/fr\/material\/marbre\/"},{"@type":"ListItem","position":4,"name":"Bardiglio Nuvolato"}]},{"@type":"WebSite","@id":"https:\/\/colourofstone.com\/fr\/#website","url":"https:\/\/colourofstone.com\/fr\/","name":"Colour of Stone","description":"Fliesen, Haus und Garten Produkte aus Naturstein - Online Shop","publisher":{"@id":"https:\/\/colourofstone.com\/fr\/#organization"},"potentialAction":[{"@type":"SearchAction","target":{"@type":"EntryPoint","urlTemplate":"https:\/\/colourofstone.com\/fr\/?s={search_term_string}"},"query-input":{"@type":"PropertyValueSpecification","valueRequired":true,"valueName":"search_term_string"}}],"inLanguage":"fr-FR"},{"@type":"Organization","@id":"https:\/\/colourofstone.com\/fr\/#organization","name":"Colour of Stone GmbH","url":"https:\/\/colourofstone.com\/fr\/","logo":{"@type":"ImageObject","inLanguage":"fr-FR","@id":"https:\/\/colourofstone.com\/fr\/#\/schema\/logo\/image\/","url":"https:\/\/colourofstone.com\/wp-content\/uploads\/99FC1526-DF3B-44F1-9816-9278D3194252-scaled.jpeg","contentUrl":"https:\/\/colourofstone.com\/wp-content\/uploads\/99FC1526-DF3B-44F1-9816-9278D3194252-scaled.jpeg","width":2125,"height":2560,"caption":"Colour of Stone GmbH"},"image":{"@id":"https:\/\/colourofstone.com\/fr\/#\/schema\/logo\/image\/"},"sameAs":["https:\/\/www.instagram.com\/colourofstone\/"]}]}},"_links":{"self":[{"href":"https:\/\/colourofstone.com\/fr\/wp-json\/wp\/v2\/product\/61659","targetHints":{"allow":["GET"]}}],"collection":[{"href":"https:\/\/colourofstone.com\/fr\/wp-json\/wp\/v2\/product"}],"about":[{"href":"https:\/\/colourofstone.com\/fr\/wp-json\/wp\/v2\/types\/product"}],"wp:featuredmedia":[{"embeddable":true,"href":"https:\/\/colourofstone.com\/fr\/wp-json\/wp\/v2\/media\/46209"}],"wp:attachment":[{"href":"https:\/\/colourofstone.com\/fr\/wp-json\/wp\/v2\/media?parent=61659"}],"wp:term":[{"taxonomy":"product_brand","embeddable":true,"href":"https:\/\/colourofstone.com\/fr\/wp-json\/wp\/v2\/product_brand?post=61659"},{"taxonomy":"product_cat","embeddable":true,"href":"https:\/\/colourofstone.com\/fr\/wp-json\/wp\/v2\/product_cat?post=61659"},{"taxonomy":"product_tag","embeddable":true,"href":"https:\/\/colourofstone.com\/fr\/wp-json\/wp\/v2\/product_tag?post=61659"}],"curies":[{"name":"wp","href":"https:\/\/api.w.org\/{rel}","templated":true}]}}