{"id":63522,"date":"2023-04-29T09:41:32","date_gmt":"2023-04-29T09:42:01","guid":{"rendered":"https:\/\/colourofstone.com\/?post_type=product&#038;p=63522"},"modified":"2023-04-29T20:29:36","modified_gmt":"2023-04-29T20:29:36","slug":"travertino-navona-rebouche-2cm","status":"publish","type":"product","link":"https:\/\/colourofstone.com\/fr\/shop\/pierre-naturelle\/sol\/travertino-navona-rebouche-2cm\/","title":{"rendered":"Travertino Navona (rebouch\u00e9)"},"content":{"rendered":"<p>Travertino Navona captive par ses couleurs claires et chaudes. Travertino Navona apporte une touche d&#8217;\u00e9l\u00e9gance et de l\u00e9g\u00e8ret\u00e9 \u00e0 tout int\u00e9rieur gr\u00e2ce \u00e0 sa structure claire et ray\u00e9e et \u00e0 ses pores remplis. Ce travertin est exploit\u00e9 pr\u00e8s de Tivoli, \u00e0 l&#8217;est de Rome.<\/p>\n<p>&nbsp;<\/p>\n<p>Le travertin est toujours livr\u00e9 rempli. N&#8217;h\u00e9sitez pas \u00e0 nous envoyer vos demandes de renseignements sur le travertin \u00e0 pores ouverts par e-mail.<\/p>\n<p>&nbsp;<\/p>\n<p>Cette pierre naturelle ne r\u00e9siste pas au gel et aux acides. Il est parfaitement adapt\u00e9 \u00e0 un usage int\u00e9rieur. Avec une sensibilit\u00e9 et des connaissances appropri\u00e9es, cette pierre naturelle peut \u00e9galement \u00eatre utilis\u00e9e dans d&#8217;autres domaines.<\/p>\n\n        <script>\n        function toggleInchInfo(el) {\n            const infoBox = el.nextElementSibling;\n            if (infoBox.style.display === \"none\") {\n                infoBox.style.display = \"inline\";\n            } else {\n                infoBox.style.display = \"none\";\n            }\n        }\n        <\/script>\n        <style>\n            .cm-info {\n                cursor: pointer;\n                color: #0073aa;\n                font-weight: bold;\n                margin-left: 4px;\n            }\n            .inch-info {\n                display: none;\n                background: #f8f8f8;\n                border: 1px solid #ccc;\n                padding: 4px 8px;\n                margin-left: 5px;\n                font-size: 0.9em;\n                border-radius: 4px;\n            }\n        <\/style>","protected":false},"excerpt":{"rendered":"<p>Travertino Navona captive par ses couleurs claires et chaudes. Travertino Navona apporte une touche d&#8217;\u00e9l\u00e9gance et de l\u00e9g\u00e8ret\u00e9 \u00e0 tout int\u00e9rieur gr\u00e2ce \u00e0 sa structure claire et ray\u00e9e et \u00e0 ses pores remplis. Ce travertin est exploit\u00e9 pr\u00e8s de Tivoli, \u00e0 l&#8217;est de Rome. &nbsp; Le travertin est toujours livr\u00e9 rempli. N&#8217;h\u00e9sitez pas \u00e0 nous <a href=\"https:\/\/colourofstone.com\/fr\/shop\/pierre-naturelle\/sol\/travertino-navona-rebouche-2cm\/\" class=\"more-link\">&#8230;<\/a><\/p>\n","protected":false},"featured_media":29188,"template":"","meta":[],"product_brand":[],"product_cat":[2346],"product_tag":[],"class_list":{"0":"post-63522","1":"product","2":"type-product","3":"status-publish","4":"has-post-thumbnail","6":"product_cat-sol","7":"pa_farbe-beige","8":"pa_farbe-clair","9":"pa_masseinheit-30-x-30-cm","10":"pa_masseinheit-60-x-30-cm","11":"pa_masseinheit-40-x-40-cm","12":"pa_masseinheit-60-x-40-cm","13":"pa_masseinheit-60-x-60-cm","14":"pa_material-travertin","15":"pa_oberflaeche-polie","16":"pa_oberflaeche-poncee","17":"pa_oberflaeche-brossee","19":"first","20":"instock","21":"taxable","22":"shipping-taxable","23":"purchasable","24":"product-type-variable","25":"has-default-attributes"},"yoast_head":"<!-- This site is optimized with the Yoast SEO plugin v27.4 - https:\/\/yoast.com\/product\/yoast-seo-wordpress\/ -->\n<title>Travertino Navona (rebouch\u00e9) - Travertin Sol livraison gratuite - Colour of Stone<\/title>\n<meta name=\"description\" content=\"Travertino Navona captive par ses couleurs claires et chaudes. Travertino Navona apporte une touche d&#039;\u00e9l\u00e9gance et de l\u00e9g\u00e8ret\u00e9 \u00e0 tout int\u00e9rieur gr\u00e2ce \u00e0 sa ...\" \/>\n<meta name=\"robots\" content=\"index, follow, max-snippet:-1, max-image-preview:large, max-video-preview:-1\" \/>\n<link rel=\"canonical\" href=\"https:\/\/colourofstone.com\/fr\/shop\/pierre-naturelle\/sol\/travertino-navona-rebouche-2cm\/\" \/>\n<meta property=\"og:locale\" content=\"fr_FR\" \/>\n<meta property=\"og:type\" content=\"article\" \/>\n<meta property=\"og:title\" content=\"Travertino Navona (rebouch\u00e9) - Travertin Sol livraison gratuite - Colour of Stone\" \/>\n<meta property=\"og:description\" content=\"Travertino Navona captive par ses couleurs claires et chaudes. Travertino Navona apporte une touche d&#039;\u00e9l\u00e9gance et de l\u00e9g\u00e8ret\u00e9 \u00e0 tout int\u00e9rieur gr\u00e2ce \u00e0 sa ...\" \/>\n<meta property=\"og:url\" content=\"https:\/\/colourofstone.com\/fr\/shop\/pierre-naturelle\/sol\/travertino-navona-rebouche-2cm\/\" \/>\n<meta property=\"og:site_name\" content=\"Colour of Stone\" \/>\n<meta property=\"article:modified_time\" content=\"2023-04-29T20:29:36+00:00\" \/>\n<meta property=\"og:image\" content=\"https:\/\/colourofstone.com\/wp-content\/uploads\/TravertinoNavona1.jpg\" \/>\n\t<meta property=\"og:image:width\" content=\"1600\" \/>\n\t<meta property=\"og:image:height\" content=\"1600\" \/>\n\t<meta property=\"og:image:type\" content=\"image\/jpeg\" \/>\n<meta name=\"twitter:card\" content=\"summary_large_image\" \/>\n<meta name=\"twitter:label1\" content=\"Dur\u00e9e de lecture estim\u00e9e\" \/>\n\t<meta name=\"twitter:data1\" content=\"1 minute\" \/>\n<script type=\"application\/ld+json\" class=\"yoast-schema-graph\">{\"@context\":\"https:\\\/\\\/schema.org\",\"@graph\":[{\"@type\":\"WebPage\",\"@id\":\"https:\\\/\\\/colourofstone.com\\\/fr\\\/shop\\\/pierre-naturelle\\\/sol\\\/travertino-navona-rebouche-2cm\\\/\",\"url\":\"https:\\\/\\\/colourofstone.com\\\/fr\\\/shop\\\/pierre-naturelle\\\/sol\\\/travertino-navona-rebouche-2cm\\\/\",\"name\":\"Travertino Navona (rebouch\u00e9) - Travertin Sol livraison gratuite - Colour of Stone\",\"isPartOf\":{\"@id\":\"https:\\\/\\\/colourofstone.com\\\/fr\\\/#website\"},\"primaryImageOfPage\":{\"@id\":\"https:\\\/\\\/colourofstone.com\\\/fr\\\/shop\\\/pierre-naturelle\\\/sol\\\/travertino-navona-rebouche-2cm\\\/#primaryimage\"},\"image\":{\"@id\":\"https:\\\/\\\/colourofstone.com\\\/fr\\\/shop\\\/pierre-naturelle\\\/sol\\\/travertino-navona-rebouche-2cm\\\/#primaryimage\"},\"thumbnailUrl\":\"https:\\\/\\\/colourofstone.com\\\/wp-content\\\/uploads\\\/TravertinoNavona1.jpg\",\"datePublished\":\"2023-04-29T09:42:01+00:00\",\"dateModified\":\"2023-04-29T20:29:36+00:00\",\"description\":\"Travertino Navona captive par ses couleurs claires et chaudes. Travertino Navona apporte une touche d'\u00e9l\u00e9gance et de l\u00e9g\u00e8ret\u00e9 \u00e0 tout int\u00e9rieur gr\u00e2ce \u00e0 sa ...\",\"breadcrumb\":{\"@id\":\"https:\\\/\\\/colourofstone.com\\\/fr\\\/shop\\\/pierre-naturelle\\\/sol\\\/travertino-navona-rebouche-2cm\\\/#breadcrumb\"},\"inLanguage\":\"fr-FR\",\"potentialAction\":[{\"@type\":\"ReadAction\",\"target\":[\"https:\\\/\\\/colourofstone.com\\\/fr\\\/shop\\\/pierre-naturelle\\\/sol\\\/travertino-navona-rebouche-2cm\\\/\"]}]},{\"@type\":\"ImageObject\",\"inLanguage\":\"fr-FR\",\"@id\":\"https:\\\/\\\/colourofstone.com\\\/fr\\\/shop\\\/pierre-naturelle\\\/sol\\\/travertino-navona-rebouche-2cm\\\/#primaryimage\",\"url\":\"https:\\\/\\\/colourofstone.com\\\/wp-content\\\/uploads\\\/TravertinoNavona1.jpg\",\"contentUrl\":\"https:\\\/\\\/colourofstone.com\\\/wp-content\\\/uploads\\\/TravertinoNavona1.jpg\",\"width\":1600,\"height\":1600,\"caption\":\"Travertino Navona\"},{\"@type\":\"BreadcrumbList\",\"@id\":\"https:\\\/\\\/colourofstone.com\\\/fr\\\/shop\\\/pierre-naturelle\\\/sol\\\/travertino-navona-rebouche-2cm\\\/#breadcrumb\",\"itemListElement\":[{\"@type\":\"ListItem\",\"position\":1,\"name\":\"Home\",\"item\":\"https:\\\/\\\/colourofstone.com\\\/fr\\\/\"},{\"@type\":\"ListItem\",\"position\":2,\"name\":\"Shop\",\"item\":\"https:\\\/\\\/colourofstone.com\\\/fr\\\/shop\\\/\"},{\"@type\":\"ListItem\",\"position\":3,\"name\":\"Travertin\",\"item\":\"https:\\\/\\\/colourofstone.com\\\/fr\\\/material\\\/travertin\\\/\"},{\"@type\":\"ListItem\",\"position\":4,\"name\":\"Travertino Navona (rebouch\u00e9)\"}]},{\"@type\":\"WebSite\",\"@id\":\"https:\\\/\\\/colourofstone.com\\\/fr\\\/#website\",\"url\":\"https:\\\/\\\/colourofstone.com\\\/fr\\\/\",\"name\":\"Colour of Stone\",\"description\":\"Fliesen, Haus und Garten Produkte aus Naturstein - Online Shop\",\"publisher\":{\"@id\":\"https:\\\/\\\/colourofstone.com\\\/fr\\\/#organization\"},\"potentialAction\":[{\"@type\":\"SearchAction\",\"target\":{\"@type\":\"EntryPoint\",\"urlTemplate\":\"https:\\\/\\\/colourofstone.com\\\/fr\\\/?s={search_term_string}\"},\"query-input\":{\"@type\":\"PropertyValueSpecification\",\"valueRequired\":true,\"valueName\":\"search_term_string\"}}],\"inLanguage\":\"fr-FR\"},{\"@type\":\"Organization\",\"@id\":\"https:\\\/\\\/colourofstone.com\\\/fr\\\/#organization\",\"name\":\"Colour of Stone GmbH\",\"url\":\"https:\\\/\\\/colourofstone.com\\\/fr\\\/\",\"logo\":{\"@type\":\"ImageObject\",\"inLanguage\":\"fr-FR\",\"@id\":\"https:\\\/\\\/colourofstone.com\\\/fr\\\/#\\\/schema\\\/logo\\\/image\\\/\",\"url\":\"https:\\\/\\\/colourofstone.com\\\/wp-content\\\/uploads\\\/99FC1526-DF3B-44F1-9816-9278D3194252-scaled.jpeg\",\"contentUrl\":\"https:\\\/\\\/colourofstone.com\\\/wp-content\\\/uploads\\\/99FC1526-DF3B-44F1-9816-9278D3194252-scaled.jpeg\",\"width\":2125,\"height\":2560,\"caption\":\"Colour of Stone GmbH\"},\"image\":{\"@id\":\"https:\\\/\\\/colourofstone.com\\\/fr\\\/#\\\/schema\\\/logo\\\/image\\\/\"},\"sameAs\":[\"https:\\\/\\\/www.instagram.com\\\/colourofstone\\\/\"]}]}<\/script>\n<!-- \/ Yoast SEO plugin. -->","yoast_head_json":{"title":"Travertino Navona (rebouch\u00e9) - Travertin Sol livraison gratuite - Colour of Stone","description":"Travertino Navona captive par ses couleurs claires et chaudes. Travertino Navona apporte une touche d'\u00e9l\u00e9gance et de l\u00e9g\u00e8ret\u00e9 \u00e0 tout int\u00e9rieur gr\u00e2ce \u00e0 sa ...","robots":{"index":"index","follow":"follow","max-snippet":"max-snippet:-1","max-image-preview":"max-image-preview:large","max-video-preview":"max-video-preview:-1"},"canonical":"https:\/\/colourofstone.com\/fr\/shop\/pierre-naturelle\/sol\/travertino-navona-rebouche-2cm\/","og_locale":"fr_FR","og_type":"article","og_title":"Travertino Navona (rebouch\u00e9) - Travertin Sol livraison gratuite - Colour of Stone","og_description":"Travertino Navona captive par ses couleurs claires et chaudes. Travertino Navona apporte une touche d'\u00e9l\u00e9gance et de l\u00e9g\u00e8ret\u00e9 \u00e0 tout int\u00e9rieur gr\u00e2ce \u00e0 sa ...","og_url":"https:\/\/colourofstone.com\/fr\/shop\/pierre-naturelle\/sol\/travertino-navona-rebouche-2cm\/","og_site_name":"Colour of Stone","article_modified_time":"2023-04-29T20:29:36+00:00","og_image":[{"width":1600,"height":1600,"url":"https:\/\/colourofstone.com\/wp-content\/uploads\/TravertinoNavona1.jpg","type":"image\/jpeg"}],"twitter_card":"summary_large_image","twitter_misc":{"Dur\u00e9e de lecture estim\u00e9e":"1 minute"},"schema":{"@context":"https:\/\/schema.org","@graph":[{"@type":"WebPage","@id":"https:\/\/colourofstone.com\/fr\/shop\/pierre-naturelle\/sol\/travertino-navona-rebouche-2cm\/","url":"https:\/\/colourofstone.com\/fr\/shop\/pierre-naturelle\/sol\/travertino-navona-rebouche-2cm\/","name":"Travertino Navona (rebouch\u00e9) - Travertin Sol livraison gratuite - Colour of Stone","isPartOf":{"@id":"https:\/\/colourofstone.com\/fr\/#website"},"primaryImageOfPage":{"@id":"https:\/\/colourofstone.com\/fr\/shop\/pierre-naturelle\/sol\/travertino-navona-rebouche-2cm\/#primaryimage"},"image":{"@id":"https:\/\/colourofstone.com\/fr\/shop\/pierre-naturelle\/sol\/travertino-navona-rebouche-2cm\/#primaryimage"},"thumbnailUrl":"https:\/\/colourofstone.com\/wp-content\/uploads\/TravertinoNavona1.jpg","datePublished":"2023-04-29T09:42:01+00:00","dateModified":"2023-04-29T20:29:36+00:00","description":"Travertino Navona captive par ses couleurs claires et chaudes. Travertino Navona apporte une touche d'\u00e9l\u00e9gance et de l\u00e9g\u00e8ret\u00e9 \u00e0 tout int\u00e9rieur gr\u00e2ce \u00e0 sa ...","breadcrumb":{"@id":"https:\/\/colourofstone.com\/fr\/shop\/pierre-naturelle\/sol\/travertino-navona-rebouche-2cm\/#breadcrumb"},"inLanguage":"fr-FR","potentialAction":[{"@type":"ReadAction","target":["https:\/\/colourofstone.com\/fr\/shop\/pierre-naturelle\/sol\/travertino-navona-rebouche-2cm\/"]}]},{"@type":"ImageObject","inLanguage":"fr-FR","@id":"https:\/\/colourofstone.com\/fr\/shop\/pierre-naturelle\/sol\/travertino-navona-rebouche-2cm\/#primaryimage","url":"https:\/\/colourofstone.com\/wp-content\/uploads\/TravertinoNavona1.jpg","contentUrl":"https:\/\/colourofstone.com\/wp-content\/uploads\/TravertinoNavona1.jpg","width":1600,"height":1600,"caption":"Travertino Navona"},{"@type":"BreadcrumbList","@id":"https:\/\/colourofstone.com\/fr\/shop\/pierre-naturelle\/sol\/travertino-navona-rebouche-2cm\/#breadcrumb","itemListElement":[{"@type":"ListItem","position":1,"name":"Home","item":"https:\/\/colourofstone.com\/fr\/"},{"@type":"ListItem","position":2,"name":"Shop","item":"https:\/\/colourofstone.com\/fr\/shop\/"},{"@type":"ListItem","position":3,"name":"Travertin","item":"https:\/\/colourofstone.com\/fr\/material\/travertin\/"},{"@type":"ListItem","position":4,"name":"Travertino Navona (rebouch\u00e9)"}]},{"@type":"WebSite","@id":"https:\/\/colourofstone.com\/fr\/#website","url":"https:\/\/colourofstone.com\/fr\/","name":"Colour of Stone","description":"Fliesen, Haus und Garten Produkte aus Naturstein - Online Shop","publisher":{"@id":"https:\/\/colourofstone.com\/fr\/#organization"},"potentialAction":[{"@type":"SearchAction","target":{"@type":"EntryPoint","urlTemplate":"https:\/\/colourofstone.com\/fr\/?s={search_term_string}"},"query-input":{"@type":"PropertyValueSpecification","valueRequired":true,"valueName":"search_term_string"}}],"inLanguage":"fr-FR"},{"@type":"Organization","@id":"https:\/\/colourofstone.com\/fr\/#organization","name":"Colour of Stone GmbH","url":"https:\/\/colourofstone.com\/fr\/","logo":{"@type":"ImageObject","inLanguage":"fr-FR","@id":"https:\/\/colourofstone.com\/fr\/#\/schema\/logo\/image\/","url":"https:\/\/colourofstone.com\/wp-content\/uploads\/99FC1526-DF3B-44F1-9816-9278D3194252-scaled.jpeg","contentUrl":"https:\/\/colourofstone.com\/wp-content\/uploads\/99FC1526-DF3B-44F1-9816-9278D3194252-scaled.jpeg","width":2125,"height":2560,"caption":"Colour of Stone GmbH"},"image":{"@id":"https:\/\/colourofstone.com\/fr\/#\/schema\/logo\/image\/"},"sameAs":["https:\/\/www.instagram.com\/colourofstone\/"]}]}},"_links":{"self":[{"href":"https:\/\/colourofstone.com\/fr\/wp-json\/wp\/v2\/product\/63522","targetHints":{"allow":["GET"]}}],"collection":[{"href":"https:\/\/colourofstone.com\/fr\/wp-json\/wp\/v2\/product"}],"about":[{"href":"https:\/\/colourofstone.com\/fr\/wp-json\/wp\/v2\/types\/product"}],"wp:featuredmedia":[{"embeddable":true,"href":"https:\/\/colourofstone.com\/fr\/wp-json\/wp\/v2\/media\/29188"}],"wp:attachment":[{"href":"https:\/\/colourofstone.com\/fr\/wp-json\/wp\/v2\/media?parent=63522"}],"wp:term":[{"taxonomy":"product_brand","embeddable":true,"href":"https:\/\/colourofstone.com\/fr\/wp-json\/wp\/v2\/product_brand?post=63522"},{"taxonomy":"product_cat","embeddable":true,"href":"https:\/\/colourofstone.com\/fr\/wp-json\/wp\/v2\/product_cat?post=63522"},{"taxonomy":"product_tag","embeddable":true,"href":"https:\/\/colourofstone.com\/fr\/wp-json\/wp\/v2\/product_tag?post=63522"}],"curies":[{"name":"wp","href":"https:\/\/api.w.org\/{rel}","templated":true}]}}