{"id":81261,"date":"2024-11-13T18:07:22","date_gmt":"2024-11-13T18:07:22","guid":{"rendered":"https:\/\/colourofstone.com\/shop\/non%20class\u00e9\/taj-mahal\/"},"modified":"2024-11-14T07:11:59","modified_gmt":"2024-11-14T07:11:59","slug":"taj-mahal","status":"publish","type":"product","link":"https:\/\/colourofstone.com\/fr\/shop\/pierre-naturelle\/sol\/taj-mahal\/","title":{"rendered":"Taj Mahal"},"content":{"rendered":"<p>Taj Mahal allie l&#8217;\u00e9l\u00e9gance du marbre et les propri\u00e9t\u00e9s du granit. La quartzite du Br\u00e9sil poss\u00e8de une magnifique structure cristalline. Ses veines claires ondulent tout au long de la pierre naturelle. Le Taj Mahal est souvent utilis\u00e9 pour les sols, les plans de travail et les rev\u00eatements. Cette fantastique quartzite est extraite dans l&#8217;\u00c9tat du Ceara.<\/p>\n<p>&nbsp;<\/p>\n<p>Cette pierre naturelle est r\u00e9sistante au gel et pas toujours aux acides. Elle convient parfaitement pour l&#8217;int\u00e9rieur et l&#8217;ext\u00e9rieur.<\/p>\n\n        <script>\n        function toggleInchInfo(el) {\n            const infoBox = el.nextElementSibling;\n            if (infoBox.style.display === \"none\") {\n                infoBox.style.display = \"inline\";\n            } else {\n                infoBox.style.display = \"none\";\n            }\n        }\n        <\/script>\n        <style>\n            .cm-info {\n                cursor: pointer;\n                color: #0073aa;\n                font-weight: bold;\n                margin-left: 4px;\n            }\n            .inch-info {\n                display: none;\n                background: #f8f8f8;\n                border: 1px solid #ccc;\n                padding: 4px 8px;\n                margin-left: 5px;\n                font-size: 0.9em;\n                border-radius: 4px;\n            }\n        <\/style>","protected":false},"excerpt":{"rendered":"<p>Taj Mahal allie l&#8217;\u00e9l\u00e9gance du marbre et les propri\u00e9t\u00e9s du granit. La quartzite du Br\u00e9sil poss\u00e8de une magnifique structure cristalline. Ses veines claires ondulent tout au long de la pierre naturelle. Le Taj Mahal est souvent utilis\u00e9 pour les sols, les plans de travail et les rev\u00eatements. Cette fantastique quartzite est extraite dans l&#8217;\u00c9tat du <a href=\"https:\/\/colourofstone.com\/fr\/shop\/pierre-naturelle\/sol\/taj-mahal\/\" class=\"more-link\">&#8230;<\/a><\/p>\n","protected":false},"featured_media":81137,"template":"","meta":[],"product_brand":[],"product_cat":[2346],"product_tag":[],"class_list":{"0":"post-81261","1":"product","2":"type-product","3":"status-publish","4":"has-post-thumbnail","6":"product_cat-sol","7":"product_shipping_class-delai-de-livraison-env-3-semaines","8":"pa_farbe-beige","9":"pa_farbe-blanc","10":"pa_farbe-gris","11":"pa_farbe-clair","12":"pa_masseinheit-30-x-30-cm","13":"pa_masseinheit-60-x-30-cm","14":"pa_masseinheit-40-x-40-cm","15":"pa_masseinheit-60-x-40-cm","16":"pa_masseinheit-60-x-60-cm","17":"pa_material-quarzite-fr","18":"pa_oberflaeche-satine","19":"pa_oberflaeche-polie","20":"pa_oberflaeche-poncee","21":"pa_oberflaeche-brossee","23":"first","24":"instock","25":"taxable","26":"shipping-taxable","27":"purchasable","28":"product-type-variable","29":"has-default-attributes"},"yoast_head":"<!-- This site is optimized with the Yoast SEO plugin v27.4 - https:\/\/yoast.com\/product\/yoast-seo-wordpress\/ -->\n<title>Taj Mahal - Quarzite Sol livraison gratuite - Colour of Stone<\/title>\n<meta name=\"description\" content=\"Taj Mahal allie l&#039;\u00e9l\u00e9gance du marbre et les propri\u00e9t\u00e9s du granit. La quartzite du Br\u00e9sil poss\u00e8de une magnifique structure cristalline. Ses veines claires ...\" \/>\n<meta name=\"robots\" content=\"index, follow, max-snippet:-1, max-image-preview:large, max-video-preview:-1\" \/>\n<link rel=\"canonical\" href=\"https:\/\/colourofstone.com\/fr\/shop\/pierre-naturelle\/sol\/taj-mahal\/\" \/>\n<meta property=\"og:locale\" content=\"fr_FR\" \/>\n<meta property=\"og:type\" content=\"article\" \/>\n<meta property=\"og:title\" content=\"Taj Mahal - Quarzite Sol livraison gratuite - Colour of Stone\" \/>\n<meta property=\"og:description\" content=\"Taj Mahal allie l&#039;\u00e9l\u00e9gance du marbre et les propri\u00e9t\u00e9s du granit. La quartzite du Br\u00e9sil poss\u00e8de une magnifique structure cristalline. Ses veines claires ...\" \/>\n<meta property=\"og:url\" content=\"https:\/\/colourofstone.com\/fr\/shop\/pierre-naturelle\/sol\/taj-mahal\/\" \/>\n<meta property=\"og:site_name\" content=\"Colour of Stone\" \/>\n<meta property=\"article:modified_time\" content=\"2024-11-14T07:11:59+00:00\" \/>\n<meta property=\"og:image\" content=\"https:\/\/colourofstone.com\/wp-content\/uploads\/Taj-Mahal-09-1600.jpg\" \/>\n\t<meta property=\"og:image:width\" content=\"1600\" \/>\n\t<meta property=\"og:image:height\" content=\"1600\" \/>\n\t<meta property=\"og:image:type\" content=\"image\/jpeg\" \/>\n<meta name=\"twitter:card\" content=\"summary_large_image\" \/>\n<script type=\"application\/ld+json\" class=\"yoast-schema-graph\">{\"@context\":\"https:\\\/\\\/schema.org\",\"@graph\":[{\"@type\":\"WebPage\",\"@id\":\"https:\\\/\\\/colourofstone.com\\\/fr\\\/shop\\\/pierre-naturelle\\\/sol\\\/taj-mahal\\\/\",\"url\":\"https:\\\/\\\/colourofstone.com\\\/fr\\\/shop\\\/pierre-naturelle\\\/sol\\\/taj-mahal\\\/\",\"name\":\"Taj Mahal - Quarzite Sol livraison gratuite - Colour of Stone\",\"isPartOf\":{\"@id\":\"https:\\\/\\\/colourofstone.com\\\/fr\\\/#website\"},\"primaryImageOfPage\":{\"@id\":\"https:\\\/\\\/colourofstone.com\\\/fr\\\/shop\\\/pierre-naturelle\\\/sol\\\/taj-mahal\\\/#primaryimage\"},\"image\":{\"@id\":\"https:\\\/\\\/colourofstone.com\\\/fr\\\/shop\\\/pierre-naturelle\\\/sol\\\/taj-mahal\\\/#primaryimage\"},\"thumbnailUrl\":\"https:\\\/\\\/colourofstone.com\\\/wp-content\\\/uploads\\\/Taj-Mahal-09-1600.jpg\",\"datePublished\":\"2024-11-13T18:07:22+00:00\",\"dateModified\":\"2024-11-14T07:11:59+00:00\",\"description\":\"Taj Mahal allie l'\u00e9l\u00e9gance du marbre et les propri\u00e9t\u00e9s du granit. La quartzite du Br\u00e9sil poss\u00e8de une magnifique structure cristalline. Ses veines claires ...\",\"breadcrumb\":{\"@id\":\"https:\\\/\\\/colourofstone.com\\\/fr\\\/shop\\\/pierre-naturelle\\\/sol\\\/taj-mahal\\\/#breadcrumb\"},\"inLanguage\":\"fr-FR\",\"potentialAction\":[{\"@type\":\"ReadAction\",\"target\":[\"https:\\\/\\\/colourofstone.com\\\/fr\\\/shop\\\/pierre-naturelle\\\/sol\\\/taj-mahal\\\/\"]}]},{\"@type\":\"ImageObject\",\"inLanguage\":\"fr-FR\",\"@id\":\"https:\\\/\\\/colourofstone.com\\\/fr\\\/shop\\\/pierre-naturelle\\\/sol\\\/taj-mahal\\\/#primaryimage\",\"url\":\"https:\\\/\\\/colourofstone.com\\\/wp-content\\\/uploads\\\/Taj-Mahal-09-1600.jpg\",\"contentUrl\":\"https:\\\/\\\/colourofstone.com\\\/wp-content\\\/uploads\\\/Taj-Mahal-09-1600.jpg\",\"width\":1600,\"height\":1600,\"caption\":\"Taj Mahal\"},{\"@type\":\"BreadcrumbList\",\"@id\":\"https:\\\/\\\/colourofstone.com\\\/fr\\\/shop\\\/pierre-naturelle\\\/sol\\\/taj-mahal\\\/#breadcrumb\",\"itemListElement\":[{\"@type\":\"ListItem\",\"position\":1,\"name\":\"Home\",\"item\":\"https:\\\/\\\/colourofstone.com\\\/fr\\\/\"},{\"@type\":\"ListItem\",\"position\":2,\"name\":\"Shop\",\"item\":\"https:\\\/\\\/colourofstone.com\\\/fr\\\/shop\\\/\"},{\"@type\":\"ListItem\",\"position\":3,\"name\":\"Quarzite\",\"item\":\"https:\\\/\\\/colourofstone.com\\\/fr\\\/material\\\/quarzite-fr\\\/\"},{\"@type\":\"ListItem\",\"position\":4,\"name\":\"Taj Mahal\"}]},{\"@type\":\"WebSite\",\"@id\":\"https:\\\/\\\/colourofstone.com\\\/fr\\\/#website\",\"url\":\"https:\\\/\\\/colourofstone.com\\\/fr\\\/\",\"name\":\"Colour of Stone\",\"description\":\"Fliesen, Haus und Garten Produkte aus Naturstein - Online Shop\",\"publisher\":{\"@id\":\"https:\\\/\\\/colourofstone.com\\\/fr\\\/#organization\"},\"potentialAction\":[{\"@type\":\"SearchAction\",\"target\":{\"@type\":\"EntryPoint\",\"urlTemplate\":\"https:\\\/\\\/colourofstone.com\\\/fr\\\/?s={search_term_string}\"},\"query-input\":{\"@type\":\"PropertyValueSpecification\",\"valueRequired\":true,\"valueName\":\"search_term_string\"}}],\"inLanguage\":\"fr-FR\"},{\"@type\":\"Organization\",\"@id\":\"https:\\\/\\\/colourofstone.com\\\/fr\\\/#organization\",\"name\":\"Colour of Stone GmbH\",\"url\":\"https:\\\/\\\/colourofstone.com\\\/fr\\\/\",\"logo\":{\"@type\":\"ImageObject\",\"inLanguage\":\"fr-FR\",\"@id\":\"https:\\\/\\\/colourofstone.com\\\/fr\\\/#\\\/schema\\\/logo\\\/image\\\/\",\"url\":\"https:\\\/\\\/colourofstone.com\\\/wp-content\\\/uploads\\\/99FC1526-DF3B-44F1-9816-9278D3194252-scaled.jpeg\",\"contentUrl\":\"https:\\\/\\\/colourofstone.com\\\/wp-content\\\/uploads\\\/99FC1526-DF3B-44F1-9816-9278D3194252-scaled.jpeg\",\"width\":2125,\"height\":2560,\"caption\":\"Colour of Stone GmbH\"},\"image\":{\"@id\":\"https:\\\/\\\/colourofstone.com\\\/fr\\\/#\\\/schema\\\/logo\\\/image\\\/\"},\"sameAs\":[\"https:\\\/\\\/www.instagram.com\\\/colourofstone\\\/\"]}]}<\/script>\n<!-- \/ Yoast SEO plugin. -->","yoast_head_json":{"title":"Taj Mahal - Quarzite Sol livraison gratuite - Colour of Stone","description":"Taj Mahal allie l'\u00e9l\u00e9gance du marbre et les propri\u00e9t\u00e9s du granit. La quartzite du Br\u00e9sil poss\u00e8de une magnifique structure cristalline. Ses veines claires ...","robots":{"index":"index","follow":"follow","max-snippet":"max-snippet:-1","max-image-preview":"max-image-preview:large","max-video-preview":"max-video-preview:-1"},"canonical":"https:\/\/colourofstone.com\/fr\/shop\/pierre-naturelle\/sol\/taj-mahal\/","og_locale":"fr_FR","og_type":"article","og_title":"Taj Mahal - Quarzite Sol livraison gratuite - Colour of Stone","og_description":"Taj Mahal allie l'\u00e9l\u00e9gance du marbre et les propri\u00e9t\u00e9s du granit. La quartzite du Br\u00e9sil poss\u00e8de une magnifique structure cristalline. Ses veines claires ...","og_url":"https:\/\/colourofstone.com\/fr\/shop\/pierre-naturelle\/sol\/taj-mahal\/","og_site_name":"Colour of Stone","article_modified_time":"2024-11-14T07:11:59+00:00","og_image":[{"width":1600,"height":1600,"url":"https:\/\/colourofstone.com\/wp-content\/uploads\/Taj-Mahal-09-1600.jpg","type":"image\/jpeg"}],"twitter_card":"summary_large_image","schema":{"@context":"https:\/\/schema.org","@graph":[{"@type":"WebPage","@id":"https:\/\/colourofstone.com\/fr\/shop\/pierre-naturelle\/sol\/taj-mahal\/","url":"https:\/\/colourofstone.com\/fr\/shop\/pierre-naturelle\/sol\/taj-mahal\/","name":"Taj Mahal - Quarzite Sol livraison gratuite - Colour of Stone","isPartOf":{"@id":"https:\/\/colourofstone.com\/fr\/#website"},"primaryImageOfPage":{"@id":"https:\/\/colourofstone.com\/fr\/shop\/pierre-naturelle\/sol\/taj-mahal\/#primaryimage"},"image":{"@id":"https:\/\/colourofstone.com\/fr\/shop\/pierre-naturelle\/sol\/taj-mahal\/#primaryimage"},"thumbnailUrl":"https:\/\/colourofstone.com\/wp-content\/uploads\/Taj-Mahal-09-1600.jpg","datePublished":"2024-11-13T18:07:22+00:00","dateModified":"2024-11-14T07:11:59+00:00","description":"Taj Mahal allie l'\u00e9l\u00e9gance du marbre et les propri\u00e9t\u00e9s du granit. La quartzite du Br\u00e9sil poss\u00e8de une magnifique structure cristalline. Ses veines claires ...","breadcrumb":{"@id":"https:\/\/colourofstone.com\/fr\/shop\/pierre-naturelle\/sol\/taj-mahal\/#breadcrumb"},"inLanguage":"fr-FR","potentialAction":[{"@type":"ReadAction","target":["https:\/\/colourofstone.com\/fr\/shop\/pierre-naturelle\/sol\/taj-mahal\/"]}]},{"@type":"ImageObject","inLanguage":"fr-FR","@id":"https:\/\/colourofstone.com\/fr\/shop\/pierre-naturelle\/sol\/taj-mahal\/#primaryimage","url":"https:\/\/colourofstone.com\/wp-content\/uploads\/Taj-Mahal-09-1600.jpg","contentUrl":"https:\/\/colourofstone.com\/wp-content\/uploads\/Taj-Mahal-09-1600.jpg","width":1600,"height":1600,"caption":"Taj Mahal"},{"@type":"BreadcrumbList","@id":"https:\/\/colourofstone.com\/fr\/shop\/pierre-naturelle\/sol\/taj-mahal\/#breadcrumb","itemListElement":[{"@type":"ListItem","position":1,"name":"Home","item":"https:\/\/colourofstone.com\/fr\/"},{"@type":"ListItem","position":2,"name":"Shop","item":"https:\/\/colourofstone.com\/fr\/shop\/"},{"@type":"ListItem","position":3,"name":"Quarzite","item":"https:\/\/colourofstone.com\/fr\/material\/quarzite-fr\/"},{"@type":"ListItem","position":4,"name":"Taj Mahal"}]},{"@type":"WebSite","@id":"https:\/\/colourofstone.com\/fr\/#website","url":"https:\/\/colourofstone.com\/fr\/","name":"Colour of Stone","description":"Fliesen, Haus und Garten Produkte aus Naturstein - Online Shop","publisher":{"@id":"https:\/\/colourofstone.com\/fr\/#organization"},"potentialAction":[{"@type":"SearchAction","target":{"@type":"EntryPoint","urlTemplate":"https:\/\/colourofstone.com\/fr\/?s={search_term_string}"},"query-input":{"@type":"PropertyValueSpecification","valueRequired":true,"valueName":"search_term_string"}}],"inLanguage":"fr-FR"},{"@type":"Organization","@id":"https:\/\/colourofstone.com\/fr\/#organization","name":"Colour of Stone GmbH","url":"https:\/\/colourofstone.com\/fr\/","logo":{"@type":"ImageObject","inLanguage":"fr-FR","@id":"https:\/\/colourofstone.com\/fr\/#\/schema\/logo\/image\/","url":"https:\/\/colourofstone.com\/wp-content\/uploads\/99FC1526-DF3B-44F1-9816-9278D3194252-scaled.jpeg","contentUrl":"https:\/\/colourofstone.com\/wp-content\/uploads\/99FC1526-DF3B-44F1-9816-9278D3194252-scaled.jpeg","width":2125,"height":2560,"caption":"Colour of Stone GmbH"},"image":{"@id":"https:\/\/colourofstone.com\/fr\/#\/schema\/logo\/image\/"},"sameAs":["https:\/\/www.instagram.com\/colourofstone\/"]}]}},"_links":{"self":[{"href":"https:\/\/colourofstone.com\/fr\/wp-json\/wp\/v2\/product\/81261","targetHints":{"allow":["GET"]}}],"collection":[{"href":"https:\/\/colourofstone.com\/fr\/wp-json\/wp\/v2\/product"}],"about":[{"href":"https:\/\/colourofstone.com\/fr\/wp-json\/wp\/v2\/types\/product"}],"wp:featuredmedia":[{"embeddable":true,"href":"https:\/\/colourofstone.com\/fr\/wp-json\/wp\/v2\/media\/81137"}],"wp:attachment":[{"href":"https:\/\/colourofstone.com\/fr\/wp-json\/wp\/v2\/media?parent=81261"}],"wp:term":[{"taxonomy":"product_brand","embeddable":true,"href":"https:\/\/colourofstone.com\/fr\/wp-json\/wp\/v2\/product_brand?post=81261"},{"taxonomy":"product_cat","embeddable":true,"href":"https:\/\/colourofstone.com\/fr\/wp-json\/wp\/v2\/product_cat?post=81261"},{"taxonomy":"product_tag","embeddable":true,"href":"https:\/\/colourofstone.com\/fr\/wp-json\/wp\/v2\/product_tag?post=81261"}],"curies":[{"name":"wp","href":"https:\/\/api.w.org\/{rel}","templated":true}]}}