{"id":9747,"date":"2021-03-20T01:03:59","date_gmt":"2020-08-05T14:33:59","guid":{"rendered":"https:\/\/colourofstone.com\/shop\/non%20class\u00e9\/basaltina\/"},"modified":"2023-02-10T05:37:07","modified_gmt":"2023-02-10T05:37:07","slug":"basaltina","status":"publish","type":"product","link":"https:\/\/colourofstone.com\/fr\/shop\/pierre-naturelle\/carreaux\/basaltina\/","title":{"rendered":"Basaltina (rebouch\u00e9)"},"content":{"rendered":"<p>Basaltina est une roche de lave grise uniforme. Les pores ouverts sont ferm\u00e9s par remplissage. Basaltina s\u00e9duit par ses couleurs intemporelles et constitue un \u00e9l\u00e9ment formateur dans chaque int\u00e9rieur. Cette belle pierre naturelle est extraite pr\u00e8s de Bagnoregio, pr\u00e8s du Lago di Bolseno.<\/p>\n<p>&nbsp;<\/p>\n<p><strong>\u00a0<\/strong>Cette pierre naturelle ne r\u00e9siste pas au gel et aux acides. Il est parfaitement adapt\u00e9 \u00e0 l&#8217;int\u00e9rieur. Avec une sensibilit\u00e9 et des connaissances appropri\u00e9es, cette pierre naturelle peut \u00e9galement \u00eatre utilis\u00e9e dans d&#8217;autres domaines.<\/p>\n\n        <script>\n        function toggleInchInfo(el) {\n            const infoBox = el.nextElementSibling;\n            if (infoBox.style.display === \"none\") {\n                infoBox.style.display = \"inline\";\n            } else {\n                infoBox.style.display = \"none\";\n            }\n        }\n        <\/script>\n        <style>\n            .cm-info {\n                cursor: pointer;\n                color: #0073aa;\n                font-weight: bold;\n                margin-left: 4px;\n            }\n            .inch-info {\n                display: none;\n                background: #f8f8f8;\n                border: 1px solid #ccc;\n                padding: 4px 8px;\n                margin-left: 5px;\n                font-size: 0.9em;\n                border-radius: 4px;\n            }\n        <\/style>","protected":false},"excerpt":{"rendered":"<p>Basaltina est une roche de lave grise uniforme. Les pores ouverts sont ferm\u00e9s par remplissage. Basaltina s\u00e9duit par ses couleurs intemporelles et constitue un \u00e9l\u00e9ment formateur dans chaque int\u00e9rieur. Cette belle pierre naturelle est extraite pr\u00e8s de Bagnoregio, pr\u00e8s du Lago di Bolseno. &nbsp; \u00a0Cette pierre naturelle ne r\u00e9siste pas au gel et aux acides. <a href=\"https:\/\/colourofstone.com\/fr\/shop\/pierre-naturelle\/carreaux\/basaltina\/\" class=\"more-link\">&#8230;<\/a><\/p>\n","protected":false},"featured_media":46238,"template":"","meta":[],"product_brand":[],"product_cat":[527],"product_tag":[],"class_list":{"0":"post-9747","1":"product","2":"type-product","3":"status-publish","4":"has-post-thumbnail","6":"product_cat-carreaux","7":"pa_farbe-gris","8":"pa_farbe-fonce","9":"pa_masseinheit-305-x-305-cm","10":"pa_masseinheit-61-x-305-cm","11":"pa_masseinheit-40-x-40-cm","12":"pa_masseinheit-457-x-457-cm","13":"pa_masseinheit-60-x-40-cm","14":"pa_masseinheit-60-x-60-cm","15":"pa_material-basalte","16":"pa_oberflaeche-polie","17":"pa_oberflaeche-poncee","19":"first","20":"instock","21":"taxable","22":"shipping-taxable","23":"purchasable","24":"product-type-variable","25":"has-default-attributes"},"yoast_head":"<!-- This site is optimized with the Yoast SEO plugin v27.4 - https:\/\/yoast.com\/product\/yoast-seo-wordpress\/ -->\n<title>Basaltina (rebouch\u00e9) - Basalte Carreaux livraison gratuite - Colour of Stone<\/title>\n<meta name=\"description\" content=\"Basaltina est une roche de lave grise uniforme. Les pores ouverts sont ferm\u00e9s par remplissage. Basaltina s\u00e9duit par ses couleurs intemporelles et ...\" \/>\n<meta name=\"robots\" content=\"index, follow, max-snippet:-1, max-image-preview:large, max-video-preview:-1\" \/>\n<link rel=\"canonical\" href=\"https:\/\/colourofstone.com\/fr\/shop\/pierre-naturelle\/carreaux\/basaltina\/\" \/>\n<meta property=\"og:locale\" content=\"fr_FR\" \/>\n<meta property=\"og:type\" content=\"article\" \/>\n<meta property=\"og:title\" content=\"Basaltina (rebouch\u00e9) - Basalte Carreaux livraison gratuite - Colour of Stone\" \/>\n<meta property=\"og:description\" content=\"Basaltina est une roche de lave grise uniforme. Les pores ouverts sont ferm\u00e9s par remplissage. Basaltina s\u00e9duit par ses couleurs intemporelles et ...\" \/>\n<meta property=\"og:url\" content=\"https:\/\/colourofstone.com\/fr\/shop\/pierre-naturelle\/carreaux\/basaltina\/\" \/>\n<meta property=\"og:site_name\" content=\"Colour of Stone\" \/>\n<meta property=\"article:modified_time\" content=\"2023-02-10T05:37:07+00:00\" \/>\n<meta property=\"og:image\" content=\"https:\/\/colourofstone.com\/wp-content\/uploads\/Basaltina-4-1.jpg\" \/>\n\t<meta property=\"og:image:width\" content=\"1600\" \/>\n\t<meta property=\"og:image:height\" content=\"1600\" \/>\n\t<meta property=\"og:image:type\" content=\"image\/jpeg\" \/>\n<meta name=\"twitter:card\" content=\"summary_large_image\" \/>\n<meta name=\"twitter:label1\" content=\"Dur\u00e9e de lecture estim\u00e9e\" \/>\n\t<meta name=\"twitter:data1\" content=\"1 minute\" \/>\n<script type=\"application\/ld+json\" class=\"yoast-schema-graph\">{\"@context\":\"https:\\\/\\\/schema.org\",\"@graph\":[{\"@type\":\"WebPage\",\"@id\":\"https:\\\/\\\/colourofstone.com\\\/fr\\\/shop\\\/pierre-naturelle\\\/carreaux\\\/basaltina\\\/\",\"url\":\"https:\\\/\\\/colourofstone.com\\\/fr\\\/shop\\\/pierre-naturelle\\\/carreaux\\\/basaltina\\\/\",\"name\":\"Basaltina (rebouch\u00e9) - Basalte Carreaux livraison gratuite - Colour of Stone\",\"isPartOf\":{\"@id\":\"https:\\\/\\\/colourofstone.com\\\/fr\\\/#website\"},\"primaryImageOfPage\":{\"@id\":\"https:\\\/\\\/colourofstone.com\\\/fr\\\/shop\\\/pierre-naturelle\\\/carreaux\\\/basaltina\\\/#primaryimage\"},\"image\":{\"@id\":\"https:\\\/\\\/colourofstone.com\\\/fr\\\/shop\\\/pierre-naturelle\\\/carreaux\\\/basaltina\\\/#primaryimage\"},\"thumbnailUrl\":\"https:\\\/\\\/colourofstone.com\\\/wp-content\\\/uploads\\\/Basaltina-4-1.jpg\",\"datePublished\":\"2020-08-05T14:33:59+00:00\",\"dateModified\":\"2023-02-10T05:37:07+00:00\",\"description\":\"Basaltina est une roche de lave grise uniforme. Les pores ouverts sont ferm\u00e9s par remplissage. Basaltina s\u00e9duit par ses couleurs intemporelles et ...\",\"breadcrumb\":{\"@id\":\"https:\\\/\\\/colourofstone.com\\\/fr\\\/shop\\\/pierre-naturelle\\\/carreaux\\\/basaltina\\\/#breadcrumb\"},\"inLanguage\":\"fr-FR\",\"potentialAction\":[{\"@type\":\"ReadAction\",\"target\":[\"https:\\\/\\\/colourofstone.com\\\/fr\\\/shop\\\/pierre-naturelle\\\/carreaux\\\/basaltina\\\/\"]}]},{\"@type\":\"ImageObject\",\"inLanguage\":\"fr-FR\",\"@id\":\"https:\\\/\\\/colourofstone.com\\\/fr\\\/shop\\\/pierre-naturelle\\\/carreaux\\\/basaltina\\\/#primaryimage\",\"url\":\"https:\\\/\\\/colourofstone.com\\\/wp-content\\\/uploads\\\/Basaltina-4-1.jpg\",\"contentUrl\":\"https:\\\/\\\/colourofstone.com\\\/wp-content\\\/uploads\\\/Basaltina-4-1.jpg\",\"width\":1600,\"height\":1600,\"caption\":\"Basaltina\"},{\"@type\":\"BreadcrumbList\",\"@id\":\"https:\\\/\\\/colourofstone.com\\\/fr\\\/shop\\\/pierre-naturelle\\\/carreaux\\\/basaltina\\\/#breadcrumb\",\"itemListElement\":[{\"@type\":\"ListItem\",\"position\":1,\"name\":\"Home\",\"item\":\"https:\\\/\\\/colourofstone.com\\\/fr\\\/\"},{\"@type\":\"ListItem\",\"position\":2,\"name\":\"Shop\",\"item\":\"https:\\\/\\\/colourofstone.com\\\/fr\\\/shop\\\/\"},{\"@type\":\"ListItem\",\"position\":3,\"name\":\"Basalte\",\"item\":\"https:\\\/\\\/colourofstone.com\\\/fr\\\/material\\\/basalte\\\/\"},{\"@type\":\"ListItem\",\"position\":4,\"name\":\"Basaltina (rebouch\u00e9)\"}]},{\"@type\":\"WebSite\",\"@id\":\"https:\\\/\\\/colourofstone.com\\\/fr\\\/#website\",\"url\":\"https:\\\/\\\/colourofstone.com\\\/fr\\\/\",\"name\":\"Colour of Stone\",\"description\":\"Fliesen, Haus und Garten Produkte aus Naturstein - Online Shop\",\"publisher\":{\"@id\":\"https:\\\/\\\/colourofstone.com\\\/fr\\\/#organization\"},\"potentialAction\":[{\"@type\":\"SearchAction\",\"target\":{\"@type\":\"EntryPoint\",\"urlTemplate\":\"https:\\\/\\\/colourofstone.com\\\/fr\\\/?s={search_term_string}\"},\"query-input\":{\"@type\":\"PropertyValueSpecification\",\"valueRequired\":true,\"valueName\":\"search_term_string\"}}],\"inLanguage\":\"fr-FR\"},{\"@type\":\"Organization\",\"@id\":\"https:\\\/\\\/colourofstone.com\\\/fr\\\/#organization\",\"name\":\"Colour of Stone GmbH\",\"url\":\"https:\\\/\\\/colourofstone.com\\\/fr\\\/\",\"logo\":{\"@type\":\"ImageObject\",\"inLanguage\":\"fr-FR\",\"@id\":\"https:\\\/\\\/colourofstone.com\\\/fr\\\/#\\\/schema\\\/logo\\\/image\\\/\",\"url\":\"https:\\\/\\\/colourofstone.com\\\/wp-content\\\/uploads\\\/99FC1526-DF3B-44F1-9816-9278D3194252-scaled.jpeg\",\"contentUrl\":\"https:\\\/\\\/colourofstone.com\\\/wp-content\\\/uploads\\\/99FC1526-DF3B-44F1-9816-9278D3194252-scaled.jpeg\",\"width\":2125,\"height\":2560,\"caption\":\"Colour of Stone GmbH\"},\"image\":{\"@id\":\"https:\\\/\\\/colourofstone.com\\\/fr\\\/#\\\/schema\\\/logo\\\/image\\\/\"},\"sameAs\":[\"https:\\\/\\\/www.instagram.com\\\/colourofstone\\\/\"]}]}<\/script>\n<!-- \/ Yoast SEO plugin. -->","yoast_head_json":{"title":"Basaltina (rebouch\u00e9) - Basalte Carreaux livraison gratuite - Colour of Stone","description":"Basaltina est une roche de lave grise uniforme. Les pores ouverts sont ferm\u00e9s par remplissage. Basaltina s\u00e9duit par ses couleurs intemporelles et ...","robots":{"index":"index","follow":"follow","max-snippet":"max-snippet:-1","max-image-preview":"max-image-preview:large","max-video-preview":"max-video-preview:-1"},"canonical":"https:\/\/colourofstone.com\/fr\/shop\/pierre-naturelle\/carreaux\/basaltina\/","og_locale":"fr_FR","og_type":"article","og_title":"Basaltina (rebouch\u00e9) - Basalte Carreaux livraison gratuite - Colour of Stone","og_description":"Basaltina est une roche de lave grise uniforme. Les pores ouverts sont ferm\u00e9s par remplissage. Basaltina s\u00e9duit par ses couleurs intemporelles et ...","og_url":"https:\/\/colourofstone.com\/fr\/shop\/pierre-naturelle\/carreaux\/basaltina\/","og_site_name":"Colour of Stone","article_modified_time":"2023-02-10T05:37:07+00:00","og_image":[{"width":1600,"height":1600,"url":"https:\/\/colourofstone.com\/wp-content\/uploads\/Basaltina-4-1.jpg","type":"image\/jpeg"}],"twitter_card":"summary_large_image","twitter_misc":{"Dur\u00e9e de lecture estim\u00e9e":"1 minute"},"schema":{"@context":"https:\/\/schema.org","@graph":[{"@type":"WebPage","@id":"https:\/\/colourofstone.com\/fr\/shop\/pierre-naturelle\/carreaux\/basaltina\/","url":"https:\/\/colourofstone.com\/fr\/shop\/pierre-naturelle\/carreaux\/basaltina\/","name":"Basaltina (rebouch\u00e9) - Basalte Carreaux livraison gratuite - Colour of Stone","isPartOf":{"@id":"https:\/\/colourofstone.com\/fr\/#website"},"primaryImageOfPage":{"@id":"https:\/\/colourofstone.com\/fr\/shop\/pierre-naturelle\/carreaux\/basaltina\/#primaryimage"},"image":{"@id":"https:\/\/colourofstone.com\/fr\/shop\/pierre-naturelle\/carreaux\/basaltina\/#primaryimage"},"thumbnailUrl":"https:\/\/colourofstone.com\/wp-content\/uploads\/Basaltina-4-1.jpg","datePublished":"2020-08-05T14:33:59+00:00","dateModified":"2023-02-10T05:37:07+00:00","description":"Basaltina est une roche de lave grise uniforme. Les pores ouverts sont ferm\u00e9s par remplissage. Basaltina s\u00e9duit par ses couleurs intemporelles et ...","breadcrumb":{"@id":"https:\/\/colourofstone.com\/fr\/shop\/pierre-naturelle\/carreaux\/basaltina\/#breadcrumb"},"inLanguage":"fr-FR","potentialAction":[{"@type":"ReadAction","target":["https:\/\/colourofstone.com\/fr\/shop\/pierre-naturelle\/carreaux\/basaltina\/"]}]},{"@type":"ImageObject","inLanguage":"fr-FR","@id":"https:\/\/colourofstone.com\/fr\/shop\/pierre-naturelle\/carreaux\/basaltina\/#primaryimage","url":"https:\/\/colourofstone.com\/wp-content\/uploads\/Basaltina-4-1.jpg","contentUrl":"https:\/\/colourofstone.com\/wp-content\/uploads\/Basaltina-4-1.jpg","width":1600,"height":1600,"caption":"Basaltina"},{"@type":"BreadcrumbList","@id":"https:\/\/colourofstone.com\/fr\/shop\/pierre-naturelle\/carreaux\/basaltina\/#breadcrumb","itemListElement":[{"@type":"ListItem","position":1,"name":"Home","item":"https:\/\/colourofstone.com\/fr\/"},{"@type":"ListItem","position":2,"name":"Shop","item":"https:\/\/colourofstone.com\/fr\/shop\/"},{"@type":"ListItem","position":3,"name":"Basalte","item":"https:\/\/colourofstone.com\/fr\/material\/basalte\/"},{"@type":"ListItem","position":4,"name":"Basaltina (rebouch\u00e9)"}]},{"@type":"WebSite","@id":"https:\/\/colourofstone.com\/fr\/#website","url":"https:\/\/colourofstone.com\/fr\/","name":"Colour of Stone","description":"Fliesen, Haus und Garten Produkte aus Naturstein - Online Shop","publisher":{"@id":"https:\/\/colourofstone.com\/fr\/#organization"},"potentialAction":[{"@type":"SearchAction","target":{"@type":"EntryPoint","urlTemplate":"https:\/\/colourofstone.com\/fr\/?s={search_term_string}"},"query-input":{"@type":"PropertyValueSpecification","valueRequired":true,"valueName":"search_term_string"}}],"inLanguage":"fr-FR"},{"@type":"Organization","@id":"https:\/\/colourofstone.com\/fr\/#organization","name":"Colour of Stone GmbH","url":"https:\/\/colourofstone.com\/fr\/","logo":{"@type":"ImageObject","inLanguage":"fr-FR","@id":"https:\/\/colourofstone.com\/fr\/#\/schema\/logo\/image\/","url":"https:\/\/colourofstone.com\/wp-content\/uploads\/99FC1526-DF3B-44F1-9816-9278D3194252-scaled.jpeg","contentUrl":"https:\/\/colourofstone.com\/wp-content\/uploads\/99FC1526-DF3B-44F1-9816-9278D3194252-scaled.jpeg","width":2125,"height":2560,"caption":"Colour of Stone GmbH"},"image":{"@id":"https:\/\/colourofstone.com\/fr\/#\/schema\/logo\/image\/"},"sameAs":["https:\/\/www.instagram.com\/colourofstone\/"]}]}},"_links":{"self":[{"href":"https:\/\/colourofstone.com\/fr\/wp-json\/wp\/v2\/product\/9747","targetHints":{"allow":["GET"]}}],"collection":[{"href":"https:\/\/colourofstone.com\/fr\/wp-json\/wp\/v2\/product"}],"about":[{"href":"https:\/\/colourofstone.com\/fr\/wp-json\/wp\/v2\/types\/product"}],"wp:featuredmedia":[{"embeddable":true,"href":"https:\/\/colourofstone.com\/fr\/wp-json\/wp\/v2\/media\/46238"}],"wp:attachment":[{"href":"https:\/\/colourofstone.com\/fr\/wp-json\/wp\/v2\/media?parent=9747"}],"wp:term":[{"taxonomy":"product_brand","embeddable":true,"href":"https:\/\/colourofstone.com\/fr\/wp-json\/wp\/v2\/product_brand?post=9747"},{"taxonomy":"product_cat","embeddable":true,"href":"https:\/\/colourofstone.com\/fr\/wp-json\/wp\/v2\/product_cat?post=9747"},{"taxonomy":"product_tag","embeddable":true,"href":"https:\/\/colourofstone.com\/fr\/wp-json\/wp\/v2\/product_tag?post=9747"}],"curies":[{"name":"wp","href":"https:\/\/api.w.org\/{rel}","templated":true}]}}