{"id":16996,"date":"2020-12-29T07:36:27","date_gmt":"2020-12-29T07:36:27","guid":{"rendered":"https:\/\/colourofstone.com\/spedizione\/"},"modified":"2025-07-29T05:45:56","modified_gmt":"2025-07-29T05:45:56","slug":"informazioni-sulla-spedizione","status":"publish","type":"page","link":"https:\/\/colourofstone.com\/it\/informazioni-sulla-spedizione\/","title":{"rendered":"Informazioni sulla spedizione"},"content":{"rendered":"\n<p class=\"is-style-border-s\">Le palette verranno scaricate sul marciapiede di strade asfaltate. Le consegne verranno effettuate su un camion dotato di sponda idraulica e trans pallet.<\/p>\n\n\n\n<p class=\"is-style-border-s\">L\u2019accesso al luogo di consegna deve essere consentito ad un camion (da 7,5 a 40 tonnellate). In tutti i casi, il veicolo deve avere un accesso comodo alla propriet\u00e0 e non devono esserci restrizioni che ne impediscano lo scarico.<\/p>\n\n\n\n<div style=\"height:20px\" aria-hidden=\"true\" class=\"wp-block-spacer\"><\/div>\n\n\n\n<p class=\"is-style-border-s\"><strong><strong>Consegna Europa<\/strong><\/strong> <strong><strong>senza spese di spedizione (isole e zone remote escluse)<\/strong><\/strong><\/p>\n\n\n\n<p class=\"is-style-border-l\">Belgio, Germania, Francia, Italia (incl. isole), Lussemburgo, Paesi Bassi, Portogallo, Spagna (incl. Isole Baleari), Austria, Croazia, Slovenia, Estonia, Polonia, Repubblica Ceca, Romania, Slovacchia, Lituania, Lettonia, Monaco, Ungheria.<\/p>\n\n\n\n<div style=\"height:20px\" aria-hidden=\"true\" class=\"wp-block-spacer\"><\/div>\n\n\n\n<p class=\"is-style-border-s\"><strong><strong>Consegna Europa<\/strong><\/strong> <strong><strong>con spese di spedizione forfettarie \/ supplemento per l\u2019isola EUR 238,00 (IVA 19% DE)<\/strong><\/strong><\/p>\n\n\n\n<p class=\"is-style-border-l\">Danimarca, Finlandia, Svezia, Bulgaria, Grecia (senza isole), Irlanda, Liechtenstein, Svizzera, Isole Canarie, Corsica, Isole Tedesche, Isole Olandesi, Madeira<\/p>\n\n\n\n<div style=\"height:20px\" aria-hidden=\"true\" class=\"wp-block-spacer\"><\/div>\n\n\n\n<p class=\"is-style-border-s\"><strong><strong><strong><strong>Consegna Europa<\/strong><\/strong><\/strong><\/strong> <strong><strong><strong><strong>con spese di spedizione forfettarie \/ supplemento per l\u2019isola EUR 476,00 (IVA 19% DE)<\/strong><\/strong><\/strong><\/strong><\/p>\n\n\n\n<p class=\"is-style-border-l\">Norvegia, Regno Unito, Azzorre, isole francesi (senza Corsica), isole greche, isole croate, Ceuta, Melilla, Heligoland<\/p>\n\n\n\n<div style=\"height:20px\" aria-hidden=\"true\" class=\"wp-block-spacer\"><\/div>\n\n\n\n<p class=\"is-style-border-s\"><strong>Consegna negli Stati Uniti tramite trasporto aereo o marittimo<\/strong><\/p>\n\n\n\n<p class=\"is-style-border-l\">Le consegne negli Stati Uniti vengono effettuate tramite trasporto aereo o, su richiesta, via mare. I costi di consegna sono costituiti dal prezzo dei materiali ordinati pi\u00f9 le spese di spedizione per il trasporto aereo. Queste ultime includono trasporto, trasporto aereo standard, imballaggio, documenti di esportazione, tasse, sdoganamento e consegna all&#8217;indirizzo di destinazione. L&#8217;importo totale \u00e8 indicato in euro.<\/p>\n\n\n\n<p class=\"is-style-border-l\">Le consegne negli Stati Uniti sono considerate esportazioni esenti da imposte ai sensi dell&#8217;articolo 6 della legge tedesca sull&#8217;imposta sul valore aggiunto (UStG). Si prega di notare che eventuali dazi doganali o tasse di importazione negli Stati Uniti sono a carico del destinatario.<\/p>\n\n\n\n<p class=\"is-style-border-l\">Un&#8217;alternativa pi\u00f9 economica \u00e8 la spedizione via mare. Questa opzione \u00e8 particolarmente adatta per grandi quantit\u00e0. Saremo lieti di fornirvi tempi di consegna e prezzi personalizzati per il trasporto via mare su richiesta.<\/p>\n\n\n\n<div style=\"height:20px\" aria-hidden=\"true\" class=\"wp-block-spacer\"><\/div>\n\n\n\n<p class=\"is-style-border-s\">Le consegne vengono effettuate solo all\u2019interno dell\u2019accordo di Schengen (se non diversamente indicato). Paesi o territori non elencati, come Groenlandia, Isole Faroe, territori d\u2019oltremare francesi e olandesi non sono forniti.<\/p>\n\n\n\n<div style=\"height:100px\" aria-hidden=\"true\" class=\"wp-block-spacer\"><\/div>\n\n\n\n<div class=\"wp-block-columns is-layout-flex wp-container-core-columns-is-layout-9d6595d7 wp-block-columns-is-layout-flex\">\n<div class=\"wp-block-column is-layout-flow wp-block-column-is-layout-flow\"><div class=\"wp-block-image is-style-default\">\n<figure class=\"aligncenter size-large\"><img width=\"1024\" height=\"768\" data-src=\"https:\/\/colourofstone.com\/wp-content\/uploads\/Versand-1024x768.jpg\" alt=\"\" class=\"wp-image-29664\" srcset=\"https:\/\/colourofstone.com\/wp-content\/uploads\/Versand-1024x768.jpg 1024w, https:\/\/colourofstone.com\/wp-content\/uploads\/Versand-800x600.jpg 800w, https:\/\/colourofstone.com\/wp-content\/uploads\/Versand-300x225.jpg 300w, https:\/\/colourofstone.com\/wp-content\/uploads\/Versand-1536x1152.jpg 1536w, https:\/\/colourofstone.com\/wp-content\/uploads\/Versand.jpg 2000w\" sizes=\"(max-width: 1024px) 100vw, 1024px\" \/><\/figure><\/div><\/div>\n\n\n\n<div class=\"wp-block-column is-layout-flow wp-block-column-is-layout-flow\"><div class=\"wp-block-image is-style-default\">\n<figure class=\"aligncenter size-large\"><img width=\"1024\" height=\"768\" data-src=\"https:\/\/colourofstone.com\/wp-content\/uploads\/Versand2-1024x768.jpg\" alt=\"\" class=\"wp-image-29674\" srcset=\"https:\/\/colourofstone.com\/wp-content\/uploads\/Versand2-1024x768.jpg 1024w, https:\/\/colourofstone.com\/wp-content\/uploads\/Versand2-800x600.jpg 800w, https:\/\/colourofstone.com\/wp-content\/uploads\/Versand2-300x225.jpg 300w, https:\/\/colourofstone.com\/wp-content\/uploads\/Versand2-1536x1152.jpg 1536w, https:\/\/colourofstone.com\/wp-content\/uploads\/Versand2-80x60.jpg 80w, https:\/\/colourofstone.com\/wp-content\/uploads\/Versand2-120x90.jpg 120w, https:\/\/colourofstone.com\/wp-content\/uploads\/Versand2.jpg 2000w\" sizes=\"(max-width: 1024px) 100vw, 1024px\" \/><\/figure><\/div><\/div>\n<\/div>\n\n        <script>\n        function toggleInchInfo(el) {\n            const infoBox = el.nextElementSibling;\n            if (infoBox.style.display === \"none\") {\n                infoBox.style.display = \"inline\";\n            } else {\n                infoBox.style.display = \"none\";\n            }\n        }\n        <\/script>\n        <style>\n            .cm-info {\n                cursor: pointer;\n                color: #0073aa;\n                font-weight: bold;\n                margin-left: 4px;\n            }\n            .inch-info {\n                display: none;\n                background: #f8f8f8;\n                border: 1px solid #ccc;\n                padding: 4px 8px;\n                margin-left: 5px;\n                font-size: 0.9em;\n                border-radius: 4px;\n            }\n        <\/style>","protected":false},"excerpt":{"rendered":"<p>Le palette verranno scaricate sul marciapiede di strade asfaltate. Le consegne verranno effettuate su un camion dotato di sponda idraulica e trans pallet. L\u2019accesso al luogo di consegna deve essere consentito ad un camion (da 7,5 a 40 tonnellate). In tutti i casi, il veicolo deve avere un accesso comodo alla propriet\u00e0 e non devono <a href=\"https:\/\/colourofstone.com\/it\/informazioni-sulla-spedizione\/\" class=\"more-link\">&#8230;<\/a><\/p>\n","protected":false},"author":2,"featured_media":0,"parent":0,"menu_order":0,"comment_status":"closed","ping_status":"closed","template":"","meta":{"footnotes":""},"class_list":["post-16996","page","type-page","status-publish","hentry"],"yoast_head":"<!-- This site is optimized with the Yoast SEO plugin v27.4 - https:\/\/yoast.com\/product\/yoast-seo-wordpress\/ -->\n<title>Informazioni spedizione - consegna gratuita in 23 paesi - Colour of Stone<\/title>\n<meta name=\"description\" content=\"Consegniamo piastrelle di marmo in molti formati e superfici fino a 100 x 100 cm senza spese di spedizione in molti paesi.\" \/>\n<meta name=\"robots\" content=\"index, follow, max-snippet:-1, max-image-preview:large, max-video-preview:-1\" \/>\n<link rel=\"canonical\" href=\"https:\/\/colourofstone.com\/it\/informazioni-sulla-spedizione\/\" \/>\n<meta property=\"og:locale\" content=\"it_IT\" \/>\n<meta property=\"og:type\" content=\"article\" \/>\n<meta property=\"og:title\" content=\"Informazioni spedizione - consegna gratuita in 23 paesi - Colour of Stone\" \/>\n<meta property=\"og:description\" content=\"Consegniamo piastrelle di marmo in molti formati e superfici fino a 100 x 100 cm senza spese di spedizione in molti paesi.\" \/>\n<meta property=\"og:url\" content=\"https:\/\/colourofstone.com\/it\/informazioni-sulla-spedizione\/\" \/>\n<meta property=\"og:site_name\" content=\"Colour of Stone\" \/>\n<meta property=\"article:modified_time\" content=\"2025-07-29T05:45:56+00:00\" \/>\n<meta property=\"og:image\" content=\"https:\/\/colourofstone.com\/wp-content\/uploads\/Versand-1024x768.jpg\" \/>\n<meta name=\"twitter:card\" content=\"summary_large_image\" \/>\n<meta name=\"twitter:label1\" content=\"Tempo di lettura stimato\" \/>\n\t<meta name=\"twitter:data1\" content=\"2 minuti\" \/>\n<script type=\"application\/ld+json\" class=\"yoast-schema-graph\">{\"@context\":\"https:\\\/\\\/schema.org\",\"@graph\":[{\"@type\":\"WebPage\",\"@id\":\"https:\\\/\\\/colourofstone.com\\\/it\\\/informazioni-sulla-spedizione\\\/\",\"url\":\"https:\\\/\\\/colourofstone.com\\\/it\\\/informazioni-sulla-spedizione\\\/\",\"name\":\"Informazioni spedizione - consegna gratuita in 23 paesi - Colour of Stone\",\"isPartOf\":{\"@id\":\"https:\\\/\\\/colourofstone.com\\\/it\\\/#website\"},\"primaryImageOfPage\":{\"@id\":\"https:\\\/\\\/colourofstone.com\\\/it\\\/informazioni-sulla-spedizione\\\/#primaryimage\"},\"image\":{\"@id\":\"https:\\\/\\\/colourofstone.com\\\/it\\\/informazioni-sulla-spedizione\\\/#primaryimage\"},\"thumbnailUrl\":\"https:\\\/\\\/colourofstone.com\\\/wp-content\\\/uploads\\\/Versand-1024x768.jpg\",\"datePublished\":\"2020-12-29T07:36:27+00:00\",\"dateModified\":\"2025-07-29T05:45:56+00:00\",\"description\":\"Consegniamo piastrelle di marmo in molti formati e superfici fino a 100 x 100 cm senza spese di spedizione in molti paesi.\",\"breadcrumb\":{\"@id\":\"https:\\\/\\\/colourofstone.com\\\/it\\\/informazioni-sulla-spedizione\\\/#breadcrumb\"},\"inLanguage\":\"it-IT\",\"potentialAction\":[{\"@type\":\"ReadAction\",\"target\":[\"https:\\\/\\\/colourofstone.com\\\/it\\\/informazioni-sulla-spedizione\\\/\"]}]},{\"@type\":\"ImageObject\",\"inLanguage\":\"it-IT\",\"@id\":\"https:\\\/\\\/colourofstone.com\\\/it\\\/informazioni-sulla-spedizione\\\/#primaryimage\",\"url\":\"https:\\\/\\\/colourofstone.com\\\/wp-content\\\/uploads\\\/Versand-1024x768.jpg\",\"contentUrl\":\"https:\\\/\\\/colourofstone.com\\\/wp-content\\\/uploads\\\/Versand-1024x768.jpg\"},{\"@type\":\"BreadcrumbList\",\"@id\":\"https:\\\/\\\/colourofstone.com\\\/it\\\/informazioni-sulla-spedizione\\\/#breadcrumb\",\"itemListElement\":[{\"@type\":\"ListItem\",\"position\":1,\"name\":\"Home\",\"item\":\"https:\\\/\\\/colourofstone.com\\\/it\\\/\"},{\"@type\":\"ListItem\",\"position\":2,\"name\":\"Informazioni sulla spedizione\"}]},{\"@type\":\"WebSite\",\"@id\":\"https:\\\/\\\/colourofstone.com\\\/it\\\/#website\",\"url\":\"https:\\\/\\\/colourofstone.com\\\/it\\\/\",\"name\":\"Colour of Stone\",\"description\":\"Fliesen, Haus und Garten Produkte aus Naturstein - Online Shop\",\"publisher\":{\"@id\":\"https:\\\/\\\/colourofstone.com\\\/it\\\/#organization\"},\"potentialAction\":[{\"@type\":\"SearchAction\",\"target\":{\"@type\":\"EntryPoint\",\"urlTemplate\":\"https:\\\/\\\/colourofstone.com\\\/it\\\/?s={search_term_string}\"},\"query-input\":{\"@type\":\"PropertyValueSpecification\",\"valueRequired\":true,\"valueName\":\"search_term_string\"}}],\"inLanguage\":\"it-IT\"},{\"@type\":\"Organization\",\"@id\":\"https:\\\/\\\/colourofstone.com\\\/it\\\/#organization\",\"name\":\"Colour of Stone GmbH\",\"url\":\"https:\\\/\\\/colourofstone.com\\\/it\\\/\",\"logo\":{\"@type\":\"ImageObject\",\"inLanguage\":\"it-IT\",\"@id\":\"https:\\\/\\\/colourofstone.com\\\/it\\\/#\\\/schema\\\/logo\\\/image\\\/\",\"url\":\"https:\\\/\\\/colourofstone.com\\\/wp-content\\\/uploads\\\/99FC1526-DF3B-44F1-9816-9278D3194252-scaled.jpeg\",\"contentUrl\":\"https:\\\/\\\/colourofstone.com\\\/wp-content\\\/uploads\\\/99FC1526-DF3B-44F1-9816-9278D3194252-scaled.jpeg\",\"width\":2125,\"height\":2560,\"caption\":\"Colour of Stone GmbH\"},\"image\":{\"@id\":\"https:\\\/\\\/colourofstone.com\\\/it\\\/#\\\/schema\\\/logo\\\/image\\\/\"},\"sameAs\":[\"https:\\\/\\\/www.instagram.com\\\/colourofstone\\\/\"]}]}<\/script>\n<!-- \/ Yoast SEO plugin. -->","yoast_head_json":{"title":"Informazioni spedizione - consegna gratuita in 23 paesi - Colour of Stone","description":"Consegniamo piastrelle di marmo in molti formati e superfici fino a 100 x 100 cm senza spese di spedizione in molti paesi.","robots":{"index":"index","follow":"follow","max-snippet":"max-snippet:-1","max-image-preview":"max-image-preview:large","max-video-preview":"max-video-preview:-1"},"canonical":"https:\/\/colourofstone.com\/it\/informazioni-sulla-spedizione\/","og_locale":"it_IT","og_type":"article","og_title":"Informazioni spedizione - consegna gratuita in 23 paesi - Colour of Stone","og_description":"Consegniamo piastrelle di marmo in molti formati e superfici fino a 100 x 100 cm senza spese di spedizione in molti paesi.","og_url":"https:\/\/colourofstone.com\/it\/informazioni-sulla-spedizione\/","og_site_name":"Colour of Stone","article_modified_time":"2025-07-29T05:45:56+00:00","og_image":[{"url":"https:\/\/colourofstone.com\/wp-content\/uploads\/Versand-1024x768.jpg","type":"","width":"","height":""}],"twitter_card":"summary_large_image","twitter_misc":{"Tempo di lettura stimato":"2 minuti"},"schema":{"@context":"https:\/\/schema.org","@graph":[{"@type":"WebPage","@id":"https:\/\/colourofstone.com\/it\/informazioni-sulla-spedizione\/","url":"https:\/\/colourofstone.com\/it\/informazioni-sulla-spedizione\/","name":"Informazioni spedizione - consegna gratuita in 23 paesi - Colour of Stone","isPartOf":{"@id":"https:\/\/colourofstone.com\/it\/#website"},"primaryImageOfPage":{"@id":"https:\/\/colourofstone.com\/it\/informazioni-sulla-spedizione\/#primaryimage"},"image":{"@id":"https:\/\/colourofstone.com\/it\/informazioni-sulla-spedizione\/#primaryimage"},"thumbnailUrl":"https:\/\/colourofstone.com\/wp-content\/uploads\/Versand-1024x768.jpg","datePublished":"2020-12-29T07:36:27+00:00","dateModified":"2025-07-29T05:45:56+00:00","description":"Consegniamo piastrelle di marmo in molti formati e superfici fino a 100 x 100 cm senza spese di spedizione in molti paesi.","breadcrumb":{"@id":"https:\/\/colourofstone.com\/it\/informazioni-sulla-spedizione\/#breadcrumb"},"inLanguage":"it-IT","potentialAction":[{"@type":"ReadAction","target":["https:\/\/colourofstone.com\/it\/informazioni-sulla-spedizione\/"]}]},{"@type":"ImageObject","inLanguage":"it-IT","@id":"https:\/\/colourofstone.com\/it\/informazioni-sulla-spedizione\/#primaryimage","url":"https:\/\/colourofstone.com\/wp-content\/uploads\/Versand-1024x768.jpg","contentUrl":"https:\/\/colourofstone.com\/wp-content\/uploads\/Versand-1024x768.jpg"},{"@type":"BreadcrumbList","@id":"https:\/\/colourofstone.com\/it\/informazioni-sulla-spedizione\/#breadcrumb","itemListElement":[{"@type":"ListItem","position":1,"name":"Home","item":"https:\/\/colourofstone.com\/it\/"},{"@type":"ListItem","position":2,"name":"Informazioni sulla spedizione"}]},{"@type":"WebSite","@id":"https:\/\/colourofstone.com\/it\/#website","url":"https:\/\/colourofstone.com\/it\/","name":"Colour of Stone","description":"Fliesen, Haus und Garten Produkte aus Naturstein - Online Shop","publisher":{"@id":"https:\/\/colourofstone.com\/it\/#organization"},"potentialAction":[{"@type":"SearchAction","target":{"@type":"EntryPoint","urlTemplate":"https:\/\/colourofstone.com\/it\/?s={search_term_string}"},"query-input":{"@type":"PropertyValueSpecification","valueRequired":true,"valueName":"search_term_string"}}],"inLanguage":"it-IT"},{"@type":"Organization","@id":"https:\/\/colourofstone.com\/it\/#organization","name":"Colour of Stone GmbH","url":"https:\/\/colourofstone.com\/it\/","logo":{"@type":"ImageObject","inLanguage":"it-IT","@id":"https:\/\/colourofstone.com\/it\/#\/schema\/logo\/image\/","url":"https:\/\/colourofstone.com\/wp-content\/uploads\/99FC1526-DF3B-44F1-9816-9278D3194252-scaled.jpeg","contentUrl":"https:\/\/colourofstone.com\/wp-content\/uploads\/99FC1526-DF3B-44F1-9816-9278D3194252-scaled.jpeg","width":2125,"height":2560,"caption":"Colour of Stone GmbH"},"image":{"@id":"https:\/\/colourofstone.com\/it\/#\/schema\/logo\/image\/"},"sameAs":["https:\/\/www.instagram.com\/colourofstone\/"]}]}},"_links":{"self":[{"href":"https:\/\/colourofstone.com\/it\/wp-json\/wp\/v2\/pages\/16996","targetHints":{"allow":["GET"]}}],"collection":[{"href":"https:\/\/colourofstone.com\/it\/wp-json\/wp\/v2\/pages"}],"about":[{"href":"https:\/\/colourofstone.com\/it\/wp-json\/wp\/v2\/types\/page"}],"author":[{"embeddable":true,"href":"https:\/\/colourofstone.com\/it\/wp-json\/wp\/v2\/users\/2"}],"replies":[{"embeddable":true,"href":"https:\/\/colourofstone.com\/it\/wp-json\/wp\/v2\/comments?post=16996"}],"version-history":[{"count":10,"href":"https:\/\/colourofstone.com\/it\/wp-json\/wp\/v2\/pages\/16996\/revisions"}],"predecessor-version":[{"id":84752,"href":"https:\/\/colourofstone.com\/it\/wp-json\/wp\/v2\/pages\/16996\/revisions\/84752"}],"wp:attachment":[{"href":"https:\/\/colourofstone.com\/it\/wp-json\/wp\/v2\/media?parent=16996"}],"curies":[{"name":"wp","href":"https:\/\/api.w.org\/{rel}","templated":true}]}}