{"id":17004,"date":"2020-12-29T07:40:56","date_gmt":"2020-12-29T07:40:56","guid":{"rendered":"https:\/\/colourofstone.com\/diritto-di-recesso\/"},"modified":"2021-03-17T17:24:06","modified_gmt":"2021-03-17T17:24:06","slug":"diritto-di-recesso","status":"publish","type":"page","link":"https:\/\/colourofstone.com\/it\/diritto-di-recesso\/","title":{"rendered":"Diritto di recesso"},"content":{"rendered":"\n<h5 class=\"is-style-border-s wp-block-heading\"><strong><strong>Diritto di recesso per i consumatori<\/strong><\/strong><\/h5>\n\n\n\n<div style=\"height:20px\" aria-hidden=\"true\" class=\"wp-block-spacer\"><\/div>\n\n\n\n<p class=\"is-style-border-s\">Per acquisti effettuati a scopo non commerciale e non connesso alla propria attivit\u00e0 professionale e quindi per ordini effettuati in qualit\u00e0 di consumatore finale, vale la seguente informativa sul diritto di recesso:<\/p>\n\n\n\n<div style=\"height:40px\" aria-hidden=\"true\" class=\"wp-block-spacer\"><\/div>\n\n\n\n<h5 class=\"is-style-border-s wp-block-heading\"><strong><strong>Informativa sul diritto di recesso<\/strong><\/strong><\/h5>\n\n\n\n<div style=\"height:20px\" aria-hidden=\"true\" class=\"wp-block-spacer\"><\/div>\n\n\n\n<p class=\"is-style-border-s\">\u00c8 possibile annullare la dichiarazione di adesione al contratto entro 14&nbsp;giorni per iscritto senza indicarne la motivazione. Il diritto di recesso ha durata pari a 14 giorni e inizia il giorno in cui lei o una terza persona da lei incaricata entra in possesso della merce.<\/p>\n\n\n\n<p class=\"is-style-border-s\">Per usufruire del suo diritto di recesso deve comunicare a noi la sua decisione di annullare il contratto di acquisto: Colour of Stone GmbH, Albert-Einstein-Str. 10, 31135 Hildesheim, Tel. +49 5121 102309, E-mail support@colourofstone.com tramite una dichiarazione scritta chiara e inequivocabile (ad esempio lettera o e-mail). A tale scopo pu\u00f2 utilizzare il modulo campione allegato, il quale non \u00e8 tuttavia obbligatorio. A garanzia della scadenza del termine \u00e8 sufficiente inviare la comunicazione riguardo l&#8217;esercizio del diritto di recesso prima della scadenza dello stesso.<\/p>\n\n\n\n<p class=\"is-style-border-s\"><strong><strong><strong>Conseguenze del recesso<\/strong><\/strong><\/strong><\/p>\n\n\n\n<p class=\"is-style-border-s\">In caso di recesso dal contratto siamo obbligati a rimborsare l&#8217;importo da lei versato, compreso di spese di spedizione,&nbsp;entro e non oltre quattordici giorni dalla data del recesso (fatta eccezione per eventuali costi aggiuntivi dovuti alla scelta di un metodo di spedizione diverso da quello pi\u00f9 economico da noi proposto). Ai fini del rimborso sar\u00e0 utilizzato lo stesso metodo con cui \u00e8 stato effettuato il pagamento originario ad eccezione di casi in cui ci si accordi in modo diverso; in alcun caso le saranno trattenuti oneri ai fini del rimborso. Possiamo rifiutare il rimborso fino all&#8217;avvenuta ricezione della merce o fino a quando lei potr\u00e0 dimostrare di avere rispedito la merce, a seconda di quale delle due situazioni si presenti per prima.<\/p>\n\n\n\n<p class=\"is-style-border-s\">\u00c8 tenuto a rispedire o a restituire la merce entro e non oltre quattordici giorni a partire dalla dichiarazione di recesso dal contratto di acquisto. Fa fede la data di rispedizione della merce. Il costo diretto della restituzione della merce sar\u00e0 a suo carico. Questo ammonta ad un massimo di EUR 500,00 per pallet.<\/p>\n\n\n\n<p class=\"is-style-border-s\">\u00c8 tenuto ad assumersi la responsabilit\u00e0 di una eventuale perdita di valore della merce se il danno non \u00e8 riconducibile ad un normale utilizzo dell&#8217;articolo dovuto alla verifica ordinaria delle sue qualit\u00e0, caratteristiche e funzionalit\u00e0.<\/p>\n\n\n\n<div style=\"height:40px\" aria-hidden=\"true\" class=\"wp-block-spacer\"><\/div>\n\n\n\n<h5 class=\"is-style-border-s wp-block-heading\"><strong><strong>MODULO CAMPIONE PER IL RECESSO<\/strong><\/strong><\/h5>\n\n\n\n<div style=\"height:20px\" aria-hidden=\"true\" class=\"wp-block-spacer\"><\/div>\n\n\n\n<p class=\"is-style-border-s\">(Se intende recedere dal contratto di acquisto La invitiamo a compilare e a rispedire questo modulo.)<\/p>\n\n\n\n<p class=\"is-style-border-s\">A: <br>Colour of Stone GmbH<br>Albert-Einstein-Str. 10<br>31135 Hildesheim \/ GERMANY<br><br>Tel. +49 (0) 5121 102309<br>E-Mail <a href=\"mailto:support@colourofstone.com\">support@colourofstone.com<\/a><\/p>\n\n\n\n<div style=\"height:40px\" aria-hidden=\"true\" class=\"wp-block-spacer\"><\/div>\n\n\n\n<p class=\"is-style-border-s\"><strong>Con la presente dichiaro \/ dichiariamo (*) il recesso dal contratto di acquisto da me \/ noi (*) stipulato riguardante i seguenti articoli (*) \/ la prestazione del seguente servizio (*)<\/strong><\/p>\n\n\n\n<div style=\"height:40px\" aria-hidden=\"true\" class=\"wp-block-spacer\"><\/div>\n\n\n\n<hr class=\"wp-block-separator is-style-border-s\"\/>\n\n\n\n<p class=\"is-style-border-s\">Ordinato in data (*) \/ ricevuto in data (*)<\/p>\n\n\n\n<div style=\"height:40px\" aria-hidden=\"true\" class=\"wp-block-spacer\"><\/div>\n\n\n\n<hr class=\"wp-block-separator is-style-border-s is-style-default\"\/>\n\n\n\n<p class=\"is-style-border-s\">Nome del consumatore<\/p>\n\n\n\n<div style=\"height:40px\" aria-hidden=\"true\" class=\"wp-block-spacer\"><\/div>\n\n\n\n<hr class=\"wp-block-separator is-style-border-s\"\/>\n\n\n\n<p class=\"is-style-border-s\">Indirizzo del consumatore<\/p>\n\n\n\n<div style=\"height:80px\" aria-hidden=\"true\" class=\"wp-block-spacer\"><\/div>\n\n\n\n<hr class=\"wp-block-separator is-style-border-s\"\/>\n\n\n\n<p class=\"is-style-border-s\">Firma del consumatore (solo se su carta stampata)<\/p>\n\n\n\n<div style=\"height:40px\" aria-hidden=\"true\" class=\"wp-block-spacer\"><\/div>\n\n\n\n<hr class=\"wp-block-separator is-style-border-s\"\/>\n\n\n\n<p class=\"is-style-border-s\">Data<\/p>\n\n\n\n<div style=\"height:40px\" aria-hidden=\"true\" class=\"wp-block-spacer\"><\/div>\n\n\n\n<p class=\"is-style-border-s\">(*) eliminare voce inappropriata<\/p>\n\n\n\n<div style=\"height:121px\" aria-hidden=\"true\" class=\"wp-block-spacer\"><\/div>\n\n\n\n<p class=\"is-style-border-s\"><\/p>\n\n        <script>\n        function toggleInchInfo(el) {\n            const infoBox = el.nextElementSibling;\n            if (infoBox.style.display === \"none\") {\n                infoBox.style.display = \"inline\";\n            } else {\n                infoBox.style.display = \"none\";\n            }\n        }\n        <\/script>\n        <style>\n            .cm-info {\n                cursor: pointer;\n                color: #0073aa;\n                font-weight: bold;\n                margin-left: 4px;\n            }\n            .inch-info {\n                display: none;\n                background: #f8f8f8;\n                border: 1px solid #ccc;\n                padding: 4px 8px;\n                margin-left: 5px;\n                font-size: 0.9em;\n                border-radius: 4px;\n            }\n        <\/style>","protected":false},"excerpt":{"rendered":"<p>Diritto di recesso per i consumatori Per acquisti effettuati a scopo non commerciale e non connesso alla propria attivit\u00e0 professionale e quindi per ordini effettuati in qualit\u00e0 di consumatore finale, vale la seguente informativa sul diritto di recesso: Informativa sul diritto di recesso \u00c8 possibile annullare la dichiarazione di adesione al contratto entro 14&nbsp;giorni per <a href=\"https:\/\/colourofstone.com\/it\/diritto-di-recesso\/\" class=\"more-link\">&#8230;<\/a><\/p>\n","protected":false},"author":1,"featured_media":0,"parent":0,"menu_order":0,"comment_status":"closed","ping_status":"closed","template":"","meta":{"footnotes":""},"class_list":["post-17004","page","type-page","status-publish","hentry"],"yoast_head":"<!-- This site is optimized with the Yoast SEO plugin v27.4 - https:\/\/yoast.com\/product\/yoast-seo-wordpress\/ -->\n<title>Diritto di recesso - Colour of Stone<\/title>\n<meta name=\"robots\" content=\"noindex, nofollow\" \/>\n<meta property=\"og:locale\" content=\"it_IT\" \/>\n<meta property=\"og:type\" content=\"article\" \/>\n<meta property=\"og:title\" content=\"Diritto di recesso - Colour of Stone\" \/>\n<meta property=\"og:description\" content=\"Diritto di recesso per i consumatori Per acquisti effettuati a scopo non commerciale e non connesso alla propria attivit\u00e0 professionale e quindi per ordini effettuati in qualit\u00e0 di consumatore finale, vale la seguente informativa sul diritto di recesso: Informativa sul diritto di recesso \u00c8 possibile annullare la dichiarazione di adesione al contratto entro 14&nbsp;giorni per ...\" \/>\n<meta property=\"og:url\" content=\"https:\/\/colourofstone.com\/it\/diritto-di-recesso\/\" \/>\n<meta property=\"og:site_name\" content=\"Colour of Stone\" \/>\n<meta property=\"article:modified_time\" content=\"2021-03-17T17:24:06+00:00\" \/>\n<meta property=\"og:image\" content=\"https:\/\/colourofstone.com\/wp-content\/uploads\/Logo.png\" \/>\n\t<meta property=\"og:image:width\" content=\"1086\" \/>\n\t<meta property=\"og:image:height\" content=\"553\" \/>\n\t<meta property=\"og:image:type\" content=\"image\/png\" \/>\n<meta name=\"twitter:card\" content=\"summary_large_image\" \/>\n<meta name=\"twitter:label1\" content=\"Tempo di lettura stimato\" \/>\n\t<meta name=\"twitter:data1\" content=\"3 minuti\" \/>\n<script type=\"application\/ld+json\" class=\"yoast-schema-graph\">{\"@context\":\"https:\\\/\\\/schema.org\",\"@graph\":[{\"@type\":\"WebPage\",\"@id\":\"https:\\\/\\\/colourofstone.com\\\/it\\\/diritto-di-recesso\\\/\",\"url\":\"https:\\\/\\\/colourofstone.com\\\/it\\\/diritto-di-recesso\\\/\",\"name\":\"Diritto di recesso - Colour of Stone\",\"isPartOf\":{\"@id\":\"https:\\\/\\\/colourofstone.com\\\/it\\\/#website\"},\"datePublished\":\"2020-12-29T07:40:56+00:00\",\"dateModified\":\"2021-03-17T17:24:06+00:00\",\"breadcrumb\":{\"@id\":\"https:\\\/\\\/colourofstone.com\\\/it\\\/diritto-di-recesso\\\/#breadcrumb\"},\"inLanguage\":\"it-IT\",\"potentialAction\":[{\"@type\":\"ReadAction\",\"target\":[\"https:\\\/\\\/colourofstone.com\\\/it\\\/diritto-di-recesso\\\/\"]}]},{\"@type\":\"BreadcrumbList\",\"@id\":\"https:\\\/\\\/colourofstone.com\\\/it\\\/diritto-di-recesso\\\/#breadcrumb\",\"itemListElement\":[{\"@type\":\"ListItem\",\"position\":1,\"name\":\"Home\",\"item\":\"https:\\\/\\\/colourofstone.com\\\/it\\\/\"},{\"@type\":\"ListItem\",\"position\":2,\"name\":\"Diritto di recesso\"}]},{\"@type\":\"WebSite\",\"@id\":\"https:\\\/\\\/colourofstone.com\\\/it\\\/#website\",\"url\":\"https:\\\/\\\/colourofstone.com\\\/it\\\/\",\"name\":\"Colour of Stone\",\"description\":\"Fliesen, Haus und Garten Produkte aus Naturstein - Online Shop\",\"publisher\":{\"@id\":\"https:\\\/\\\/colourofstone.com\\\/it\\\/#organization\"},\"potentialAction\":[{\"@type\":\"SearchAction\",\"target\":{\"@type\":\"EntryPoint\",\"urlTemplate\":\"https:\\\/\\\/colourofstone.com\\\/it\\\/?s={search_term_string}\"},\"query-input\":{\"@type\":\"PropertyValueSpecification\",\"valueRequired\":true,\"valueName\":\"search_term_string\"}}],\"inLanguage\":\"it-IT\"},{\"@type\":\"Organization\",\"@id\":\"https:\\\/\\\/colourofstone.com\\\/it\\\/#organization\",\"name\":\"Colour of Stone GmbH\",\"url\":\"https:\\\/\\\/colourofstone.com\\\/it\\\/\",\"logo\":{\"@type\":\"ImageObject\",\"inLanguage\":\"it-IT\",\"@id\":\"https:\\\/\\\/colourofstone.com\\\/it\\\/#\\\/schema\\\/logo\\\/image\\\/\",\"url\":\"https:\\\/\\\/colourofstone.com\\\/wp-content\\\/uploads\\\/99FC1526-DF3B-44F1-9816-9278D3194252-scaled.jpeg\",\"contentUrl\":\"https:\\\/\\\/colourofstone.com\\\/wp-content\\\/uploads\\\/99FC1526-DF3B-44F1-9816-9278D3194252-scaled.jpeg\",\"width\":2125,\"height\":2560,\"caption\":\"Colour of Stone GmbH\"},\"image\":{\"@id\":\"https:\\\/\\\/colourofstone.com\\\/it\\\/#\\\/schema\\\/logo\\\/image\\\/\"},\"sameAs\":[\"https:\\\/\\\/www.instagram.com\\\/colourofstone\\\/\"]}]}<\/script>\n<!-- \/ Yoast SEO plugin. -->","yoast_head_json":{"title":"Diritto di recesso - Colour of Stone","robots":{"index":"noindex","follow":"nofollow"},"og_locale":"it_IT","og_type":"article","og_title":"Diritto di recesso - Colour of Stone","og_description":"Diritto di recesso per i consumatori Per acquisti effettuati a scopo non commerciale e non connesso alla propria attivit\u00e0 professionale e quindi per ordini effettuati in qualit\u00e0 di consumatore finale, vale la seguente informativa sul diritto di recesso: Informativa sul diritto di recesso \u00c8 possibile annullare la dichiarazione di adesione al contratto entro 14&nbsp;giorni per ...","og_url":"https:\/\/colourofstone.com\/it\/diritto-di-recesso\/","og_site_name":"Colour of Stone","article_modified_time":"2021-03-17T17:24:06+00:00","og_image":[{"width":1086,"height":553,"url":"https:\/\/colourofstone.com\/wp-content\/uploads\/Logo.png","type":"image\/png"}],"twitter_card":"summary_large_image","twitter_misc":{"Tempo di lettura stimato":"3 minuti"},"schema":{"@context":"https:\/\/schema.org","@graph":[{"@type":"WebPage","@id":"https:\/\/colourofstone.com\/it\/diritto-di-recesso\/","url":"https:\/\/colourofstone.com\/it\/diritto-di-recesso\/","name":"Diritto di recesso - Colour of Stone","isPartOf":{"@id":"https:\/\/colourofstone.com\/it\/#website"},"datePublished":"2020-12-29T07:40:56+00:00","dateModified":"2021-03-17T17:24:06+00:00","breadcrumb":{"@id":"https:\/\/colourofstone.com\/it\/diritto-di-recesso\/#breadcrumb"},"inLanguage":"it-IT","potentialAction":[{"@type":"ReadAction","target":["https:\/\/colourofstone.com\/it\/diritto-di-recesso\/"]}]},{"@type":"BreadcrumbList","@id":"https:\/\/colourofstone.com\/it\/diritto-di-recesso\/#breadcrumb","itemListElement":[{"@type":"ListItem","position":1,"name":"Home","item":"https:\/\/colourofstone.com\/it\/"},{"@type":"ListItem","position":2,"name":"Diritto di recesso"}]},{"@type":"WebSite","@id":"https:\/\/colourofstone.com\/it\/#website","url":"https:\/\/colourofstone.com\/it\/","name":"Colour of Stone","description":"Fliesen, Haus und Garten Produkte aus Naturstein - Online Shop","publisher":{"@id":"https:\/\/colourofstone.com\/it\/#organization"},"potentialAction":[{"@type":"SearchAction","target":{"@type":"EntryPoint","urlTemplate":"https:\/\/colourofstone.com\/it\/?s={search_term_string}"},"query-input":{"@type":"PropertyValueSpecification","valueRequired":true,"valueName":"search_term_string"}}],"inLanguage":"it-IT"},{"@type":"Organization","@id":"https:\/\/colourofstone.com\/it\/#organization","name":"Colour of Stone GmbH","url":"https:\/\/colourofstone.com\/it\/","logo":{"@type":"ImageObject","inLanguage":"it-IT","@id":"https:\/\/colourofstone.com\/it\/#\/schema\/logo\/image\/","url":"https:\/\/colourofstone.com\/wp-content\/uploads\/99FC1526-DF3B-44F1-9816-9278D3194252-scaled.jpeg","contentUrl":"https:\/\/colourofstone.com\/wp-content\/uploads\/99FC1526-DF3B-44F1-9816-9278D3194252-scaled.jpeg","width":2125,"height":2560,"caption":"Colour of Stone GmbH"},"image":{"@id":"https:\/\/colourofstone.com\/it\/#\/schema\/logo\/image\/"},"sameAs":["https:\/\/www.instagram.com\/colourofstone\/"]}]}},"_links":{"self":[{"href":"https:\/\/colourofstone.com\/it\/wp-json\/wp\/v2\/pages\/17004","targetHints":{"allow":["GET"]}}],"collection":[{"href":"https:\/\/colourofstone.com\/it\/wp-json\/wp\/v2\/pages"}],"about":[{"href":"https:\/\/colourofstone.com\/it\/wp-json\/wp\/v2\/types\/page"}],"author":[{"embeddable":true,"href":"https:\/\/colourofstone.com\/it\/wp-json\/wp\/v2\/users\/1"}],"replies":[{"embeddable":true,"href":"https:\/\/colourofstone.com\/it\/wp-json\/wp\/v2\/comments?post=17004"}],"version-history":[{"count":10,"href":"https:\/\/colourofstone.com\/it\/wp-json\/wp\/v2\/pages\/17004\/revisions"}],"predecessor-version":[{"id":31070,"href":"https:\/\/colourofstone.com\/it\/wp-json\/wp\/v2\/pages\/17004\/revisions\/31070"}],"wp:attachment":[{"href":"https:\/\/colourofstone.com\/it\/wp-json\/wp\/v2\/media?parent=17004"}],"curies":[{"name":"wp","href":"https:\/\/api.w.org\/{rel}","templated":true}]}}