{"id":27052,"date":"2021-02-23T08:24:34","date_gmt":"2021-02-23T08:24:34","guid":{"rendered":"https:\/\/colourofstone.com\/?page_id=27052"},"modified":"2021-03-17T21:57:22","modified_gmt":"2021-03-17T21:57:22","slug":"installatione","status":"publish","type":"page","link":"https:\/\/colourofstone.com\/it\/installatione\/","title":{"rendered":"Installazione"},"content":{"rendered":"\n<p class=\"is-style-border-s\">Ci sono alcune cose da considerare quando si installano marmette di pietra naturale o di marmo. Oltre all\u2019aspetto della professionalit\u00e0 della posa in opera, bisogna considerare ad esempio:<\/p>\n\n\n\n<div style=\"height:20px\" aria-hidden=\"true\" class=\"wp-block-spacer\"><\/div>\n\n\n\n<p class=\"is-style-border-l\">Su che tipo di sottofondo verranno installate le piastrelle di marmo?<\/p>\n\n\n\n<p class=\"is-style-border-l\">Il sottopavimento \u00e8 a livello o deve essere livellato?<\/p>\n\n\n\n<p class=\"is-style-border-l\">Quale metodo sar\u00e0 usato per posare le marmette di marmo?<\/p>\n\n\n\n<p class=\"is-style-border-l\">Qual \u00e8 il formato e la superficie delle marmette?<\/p>\n\n\n\n<div style=\"height:20px\" aria-hidden=\"true\" class=\"wp-block-spacer\"><\/div>\n\n\n\n<p class=\"is-style-border-s\">Decidere come deve essere la struttura del pavimento, se \u00e8 necessario un nuovo sottofondo, quale metodo di posa usare, se e come livellare le irregolarit\u00e0, tutto questo si pu\u00f2 trovare nelle informazioni per l&#8217;utente di noti posatori.<\/p>\n\n\n\n<div style=\"height:40px\" aria-hidden=\"true\" class=\"wp-block-spacer\"><\/div>\n\n\n\n<p class=\"is-style-border-s\">Informazioni molto buone su tutti gli aspetti della tecnologia delle piastrelle e della pietra naturale sono fornite dalla PCI, una societ\u00e0 con sede ad Augsburg. <br>La \u2192 <a href=\"https:\/\/www.pci-augsburg.eu\" target=\"_blank\" rel=\"noreferrer noopener\">PCI Augsburg GmbH<\/a> \u00e8 un produttore leader di prodotti chimici per l&#8217;edilizia da 70 anni.<\/p>\n\n\n\n<div style=\"height:20px\" aria-hidden=\"true\" class=\"wp-block-spacer\"><\/div>\n\n\n\n<p class=\"is-style-border-l externalLink\"><a href=\"https:\/\/colourofstone.com\/wp-content\/uploads\/PCI_Fliesen_und_Natursteintechnik.pdf\" target=\"_blank\" rel=\"noreferrer noopener\">PCI INSTALLATIONE (PDF tedesco)<\/a><\/p>\n\n\n\n<div style=\"height:20px\" aria-hidden=\"true\" class=\"wp-block-spacer\"><\/div>\n\n\n\n<p class=\"is-style-border-s\">La scelta di prodotti specifici non \u00e8 certamente facile. Ci sono molti buoni prodotti in un mercato molto grande. \u00c8 importante assicurarsi che questi prodotti siano compatibili tra loro e che siano adatti alla pietra naturale e al proprio ambiente.<\/p>\n\n\n\n<p class=\"is-style-border-s\">Molti produttori offrono aree di servizio sulla loro homepage per risposte a domande, informazioni sui prodotti e download. Si consiglia di utilizzare queste valide fonti di informazione.<\/p>\n\n\n\n<div style=\"height:120px\" aria-hidden=\"true\" class=\"wp-block-spacer\"><\/div>\n\n\n\n<div style=\"height:20px\" aria-hidden=\"true\" class=\"wp-block-spacer\"><\/div>\n\n        <script>\n        function toggleInchInfo(el) {\n            const infoBox = el.nextElementSibling;\n            if (infoBox.style.display === \"none\") {\n                infoBox.style.display = \"inline\";\n            } else {\n                infoBox.style.display = \"none\";\n            }\n        }\n        <\/script>\n        <style>\n            .cm-info {\n                cursor: pointer;\n                color: #0073aa;\n                font-weight: bold;\n                margin-left: 4px;\n            }\n            .inch-info {\n                display: none;\n                background: #f8f8f8;\n                border: 1px solid #ccc;\n                padding: 4px 8px;\n                margin-left: 5px;\n                font-size: 0.9em;\n                border-radius: 4px;\n            }\n        <\/style>","protected":false},"excerpt":{"rendered":"<p>Ci sono alcune cose da considerare quando si installano marmette di pietra naturale o di marmo. Oltre all\u2019aspetto della professionalit\u00e0 della posa in opera, bisogna considerare ad esempio: Su che tipo di sottofondo verranno installate le piastrelle di marmo? Il sottopavimento \u00e8 a livello o deve essere livellato? Quale metodo sar\u00e0 usato per posare le <a href=\"https:\/\/colourofstone.com\/it\/installatione\/\" class=\"more-link\">&#8230;<\/a><\/p>\n","protected":false},"author":5,"featured_media":0,"parent":0,"menu_order":0,"comment_status":"closed","ping_status":"closed","template":"","meta":{"footnotes":""},"class_list":["post-27052","page","type-page","status-publish","hentry"],"yoast_head":"<!-- This site is optimized with the Yoast SEO plugin v27.3 - https:\/\/yoast.com\/product\/yoast-seo-wordpress\/ -->\n<title>L&#039;installazione del marmo spiegata in modo semplice - Colour of Stone<\/title>\n<meta name=\"description\" content=\"Informazioni su diversi tipi di installazione, primer e costruzione di pavimenti in marmo, calcare e travertino.\" \/>\n<meta name=\"robots\" content=\"index, follow, max-snippet:-1, max-image-preview:large, max-video-preview:-1\" \/>\n<link rel=\"canonical\" href=\"https:\/\/colourofstone.com\/it\/installatione\/\" \/>\n<meta property=\"og:locale\" content=\"it_IT\" \/>\n<meta property=\"og:type\" content=\"article\" \/>\n<meta property=\"og:title\" content=\"L&#039;installazione del marmo spiegata in modo semplice - Colour of Stone\" \/>\n<meta property=\"og:description\" content=\"Informazioni su diversi tipi di installazione, primer e costruzione di pavimenti in marmo, calcare e travertino.\" \/>\n<meta property=\"og:url\" content=\"https:\/\/colourofstone.com\/it\/installatione\/\" \/>\n<meta property=\"og:site_name\" content=\"Colour of Stone\" \/>\n<meta property=\"article:modified_time\" content=\"2021-03-17T21:57:22+00:00\" \/>\n<meta property=\"og:image\" content=\"https:\/\/colourofstone.com\/wp-content\/uploads\/Logo.png\" \/>\n\t<meta property=\"og:image:width\" content=\"1086\" \/>\n\t<meta property=\"og:image:height\" content=\"553\" \/>\n\t<meta property=\"og:image:type\" content=\"image\/png\" \/>\n<meta name=\"twitter:card\" content=\"summary_large_image\" \/>\n<meta name=\"twitter:label1\" content=\"Tempo di lettura stimato\" \/>\n\t<meta name=\"twitter:data1\" content=\"1 minuto\" \/>\n<script type=\"application\/ld+json\" class=\"yoast-schema-graph\">{\"@context\":\"https:\\\/\\\/schema.org\",\"@graph\":[{\"@type\":\"WebPage\",\"@id\":\"https:\\\/\\\/colourofstone.com\\\/it\\\/installatione\\\/\",\"url\":\"https:\\\/\\\/colourofstone.com\\\/it\\\/installatione\\\/\",\"name\":\"L'installazione del marmo spiegata in modo semplice - Colour of Stone\",\"isPartOf\":{\"@id\":\"https:\\\/\\\/colourofstone.com\\\/it\\\/#website\"},\"datePublished\":\"2021-02-23T08:24:34+00:00\",\"dateModified\":\"2021-03-17T21:57:22+00:00\",\"description\":\"Informazioni su diversi tipi di installazione, primer e costruzione di pavimenti in marmo, calcare e travertino.\",\"breadcrumb\":{\"@id\":\"https:\\\/\\\/colourofstone.com\\\/it\\\/installatione\\\/#breadcrumb\"},\"inLanguage\":\"it-IT\",\"potentialAction\":[{\"@type\":\"ReadAction\",\"target\":[\"https:\\\/\\\/colourofstone.com\\\/it\\\/installatione\\\/\"]}]},{\"@type\":\"BreadcrumbList\",\"@id\":\"https:\\\/\\\/colourofstone.com\\\/it\\\/installatione\\\/#breadcrumb\",\"itemListElement\":[{\"@type\":\"ListItem\",\"position\":1,\"name\":\"Home\",\"item\":\"https:\\\/\\\/colourofstone.com\\\/it\\\/\"},{\"@type\":\"ListItem\",\"position\":2,\"name\":\"Installazione\"}]},{\"@type\":\"WebSite\",\"@id\":\"https:\\\/\\\/colourofstone.com\\\/it\\\/#website\",\"url\":\"https:\\\/\\\/colourofstone.com\\\/it\\\/\",\"name\":\"Colour of Stone\",\"description\":\"Fliesen, Haus und Garten Produkte aus Naturstein - Online Shop\",\"publisher\":{\"@id\":\"https:\\\/\\\/colourofstone.com\\\/it\\\/#organization\"},\"potentialAction\":[{\"@type\":\"SearchAction\",\"target\":{\"@type\":\"EntryPoint\",\"urlTemplate\":\"https:\\\/\\\/colourofstone.com\\\/it\\\/?s={search_term_string}\"},\"query-input\":{\"@type\":\"PropertyValueSpecification\",\"valueRequired\":true,\"valueName\":\"search_term_string\"}}],\"inLanguage\":\"it-IT\"},{\"@type\":\"Organization\",\"@id\":\"https:\\\/\\\/colourofstone.com\\\/it\\\/#organization\",\"name\":\"Colour of Stone GmbH\",\"url\":\"https:\\\/\\\/colourofstone.com\\\/it\\\/\",\"logo\":{\"@type\":\"ImageObject\",\"inLanguage\":\"it-IT\",\"@id\":\"https:\\\/\\\/colourofstone.com\\\/it\\\/#\\\/schema\\\/logo\\\/image\\\/\",\"url\":\"https:\\\/\\\/colourofstone.com\\\/wp-content\\\/uploads\\\/99FC1526-DF3B-44F1-9816-9278D3194252-scaled.jpeg\",\"contentUrl\":\"https:\\\/\\\/colourofstone.com\\\/wp-content\\\/uploads\\\/99FC1526-DF3B-44F1-9816-9278D3194252-scaled.jpeg\",\"width\":2125,\"height\":2560,\"caption\":\"Colour of Stone GmbH\"},\"image\":{\"@id\":\"https:\\\/\\\/colourofstone.com\\\/it\\\/#\\\/schema\\\/logo\\\/image\\\/\"},\"sameAs\":[\"https:\\\/\\\/www.instagram.com\\\/colourofstone\\\/\"]}]}<\/script>\n<!-- \/ Yoast SEO plugin. -->","yoast_head_json":{"title":"L'installazione del marmo spiegata in modo semplice - Colour of Stone","description":"Informazioni su diversi tipi di installazione, primer e costruzione di pavimenti in marmo, calcare e travertino.","robots":{"index":"index","follow":"follow","max-snippet":"max-snippet:-1","max-image-preview":"max-image-preview:large","max-video-preview":"max-video-preview:-1"},"canonical":"https:\/\/colourofstone.com\/it\/installatione\/","og_locale":"it_IT","og_type":"article","og_title":"L'installazione del marmo spiegata in modo semplice - Colour of Stone","og_description":"Informazioni su diversi tipi di installazione, primer e costruzione di pavimenti in marmo, calcare e travertino.","og_url":"https:\/\/colourofstone.com\/it\/installatione\/","og_site_name":"Colour of Stone","article_modified_time":"2021-03-17T21:57:22+00:00","og_image":[{"width":1086,"height":553,"url":"https:\/\/colourofstone.com\/wp-content\/uploads\/Logo.png","type":"image\/png"}],"twitter_card":"summary_large_image","twitter_misc":{"Tempo di lettura stimato":"1 minuto"},"schema":{"@context":"https:\/\/schema.org","@graph":[{"@type":"WebPage","@id":"https:\/\/colourofstone.com\/it\/installatione\/","url":"https:\/\/colourofstone.com\/it\/installatione\/","name":"L'installazione del marmo spiegata in modo semplice - Colour of Stone","isPartOf":{"@id":"https:\/\/colourofstone.com\/it\/#website"},"datePublished":"2021-02-23T08:24:34+00:00","dateModified":"2021-03-17T21:57:22+00:00","description":"Informazioni su diversi tipi di installazione, primer e costruzione di pavimenti in marmo, calcare e travertino.","breadcrumb":{"@id":"https:\/\/colourofstone.com\/it\/installatione\/#breadcrumb"},"inLanguage":"it-IT","potentialAction":[{"@type":"ReadAction","target":["https:\/\/colourofstone.com\/it\/installatione\/"]}]},{"@type":"BreadcrumbList","@id":"https:\/\/colourofstone.com\/it\/installatione\/#breadcrumb","itemListElement":[{"@type":"ListItem","position":1,"name":"Home","item":"https:\/\/colourofstone.com\/it\/"},{"@type":"ListItem","position":2,"name":"Installazione"}]},{"@type":"WebSite","@id":"https:\/\/colourofstone.com\/it\/#website","url":"https:\/\/colourofstone.com\/it\/","name":"Colour of Stone","description":"Fliesen, Haus und Garten Produkte aus Naturstein - Online Shop","publisher":{"@id":"https:\/\/colourofstone.com\/it\/#organization"},"potentialAction":[{"@type":"SearchAction","target":{"@type":"EntryPoint","urlTemplate":"https:\/\/colourofstone.com\/it\/?s={search_term_string}"},"query-input":{"@type":"PropertyValueSpecification","valueRequired":true,"valueName":"search_term_string"}}],"inLanguage":"it-IT"},{"@type":"Organization","@id":"https:\/\/colourofstone.com\/it\/#organization","name":"Colour of Stone GmbH","url":"https:\/\/colourofstone.com\/it\/","logo":{"@type":"ImageObject","inLanguage":"it-IT","@id":"https:\/\/colourofstone.com\/it\/#\/schema\/logo\/image\/","url":"https:\/\/colourofstone.com\/wp-content\/uploads\/99FC1526-DF3B-44F1-9816-9278D3194252-scaled.jpeg","contentUrl":"https:\/\/colourofstone.com\/wp-content\/uploads\/99FC1526-DF3B-44F1-9816-9278D3194252-scaled.jpeg","width":2125,"height":2560,"caption":"Colour of Stone GmbH"},"image":{"@id":"https:\/\/colourofstone.com\/it\/#\/schema\/logo\/image\/"},"sameAs":["https:\/\/www.instagram.com\/colourofstone\/"]}]}},"_links":{"self":[{"href":"https:\/\/colourofstone.com\/it\/wp-json\/wp\/v2\/pages\/27052","targetHints":{"allow":["GET"]}}],"collection":[{"href":"https:\/\/colourofstone.com\/it\/wp-json\/wp\/v2\/pages"}],"about":[{"href":"https:\/\/colourofstone.com\/it\/wp-json\/wp\/v2\/types\/page"}],"author":[{"embeddable":true,"href":"https:\/\/colourofstone.com\/it\/wp-json\/wp\/v2\/users\/5"}],"replies":[{"embeddable":true,"href":"https:\/\/colourofstone.com\/it\/wp-json\/wp\/v2\/comments?post=27052"}],"version-history":[{"count":9,"href":"https:\/\/colourofstone.com\/it\/wp-json\/wp\/v2\/pages\/27052\/revisions"}],"predecessor-version":[{"id":31076,"href":"https:\/\/colourofstone.com\/it\/wp-json\/wp\/v2\/pages\/27052\/revisions\/31076"}],"wp:attachment":[{"href":"https:\/\/colourofstone.com\/it\/wp-json\/wp\/v2\/media?parent=27052"}],"curies":[{"name":"wp","href":"https:\/\/api.w.org\/{rel}","templated":true}]}}