{"id":29610,"date":"2021-03-02T10:23:00","date_gmt":"2021-03-02T10:23:00","guid":{"rendered":"https:\/\/colourofstone.com\/?page_id=29610"},"modified":"2025-06-17T20:10:25","modified_gmt":"2025-06-17T20:10:25","slug":"informazioni-sullordine","status":"publish","type":"page","link":"https:\/\/colourofstone.com\/it\/informazioni-sullordine\/","title":{"rendered":"Informazioni sull&#8217;ordine"},"content":{"rendered":"\n<h5 class=\"wp-block-heading is-style-border-s\"><strong>Piastrelle \/ Pavimento<\/strong><\/h5>\n\n\n\n<div style=\"height:20px\" aria-hidden=\"true\" class=\"wp-block-spacer\"><\/div>\n\n\n\n<p class=\"is-style-border-s\">A partire da 15 mq consegniamo secondo le <a href=\"https:\/\/colourofstone.com\/it\/informazioni-sulla-spedizione\/\">informazioni di spedizione<\/a> senza costi di spedizione, se non diversamente indicato. Per quantit\u00e0 d&#8217;ordine da 5 mq a 15 mq, applichiamo un supplemento per piccole quantit\u00e0 di 238,00 EUR (IVA 19% DE). In generale, si applica una quantit\u00e0 minima d&#8217;ordine di 5 mq. La quantit\u00e0 esatta dipende dal formato.<\/p>\n\n\n\n<p class=\"is-style-border-s\">Si prega di calcolare il taglio. A seconda del tipo di installazione, questo pu\u00f2 essere del 10-15% o superiore.<\/p>\n\n\n\n<div style=\"height:46px\" aria-hidden=\"true\" class=\"wp-block-spacer\"><\/div>\n\n\n\n<h5 class=\"wp-block-heading is-style-border-s\"><strong>Zoccolini<\/strong><\/h5>\n\n\n\n<div style=\"height:20px\" aria-hidden=\"true\" class=\"wp-block-spacer\"><\/div>\n\n\n\n<p class=\"is-style-border-s\">Per i zoccolini si applica un ordine minimo di 10 metri lineari per tipologia materiale e formato. I battiscopa possono essere ordinati solo in combinazione con le marmette.<br>Gli ordini vengono sempre effettuati in metri lineari (ml). I singoli pezzi di zoccolino hanno una lunghezza compresa tra 0,20 me 0,90 m.<\/p>\n\n\n\n<div style=\"height:46px\" aria-hidden=\"true\" class=\"wp-block-spacer\"><\/div>\n\n\n\n<h5 class=\"wp-block-heading is-style-border-s\"><strong>Tempi di consegna<\/strong> Europa<\/h5>\n\n\n\n<div style=\"height:20px\" aria-hidden=\"true\" class=\"wp-block-spacer\"><\/div>\n\n\n\n<p class=\"is-style-border-s\"><strong>Formati fino a 60 x 60 cm <span class='cm-info' onclick='toggleInchInfo(this)'>\u2139\ufe0f<\/span>\n        <div class='inch-info'>\u2248 23.6\" x 23.6\"<\/div><\/strong><\/p>\n\n\n\n<p class=\"is-style-border-s\">Sono necessarie 2 settimane per la produzione e 1 settimana per la spedizione. Dopo 3 settimane (a volte 4) l&#8217;ordine viene consegnato.<\/p>\n\n\n\n<p class=\"is-style-border-s\"><strong>Formato 80 x 80 cm <span class='cm-info' onclick='toggleInchInfo(this)'>\u2139\ufe0f<\/span>\n        <div class='inch-info'>\u2248 31.5\" x 31.5\"<\/div> \/ 100 x 100 cm <span class='cm-info' onclick='toggleInchInfo(this)'>\u2139\ufe0f<\/span>\n        <div class='inch-info'>\u2248 39.4\" x 39.4\"<\/div><\/strong><\/p>\n\n\n\n<p class=\"is-style-border-s\">Sono necessarie 3 settimane per la produzione e 1 settimana per la spedizione. Dopo 4 settimane (a volte 5) l&#8217;ordine viene consegnato.<\/p>\n\n\n\n<div style=\"height:46px\" aria-hidden=\"true\" class=\"wp-block-spacer\"><\/div>\n\n\n\n<h5 class=\"wp-block-heading is-style-border-s\"><strong>Imballaggio<\/strong><\/h5>\n\n\n\n<div style=\"height:20px\" aria-hidden=\"true\" class=\"wp-block-spacer\"><\/div>\n\n\n\n<p class=\"is-style-border-s\">Consegniamo le piastrelle e i pavimenti su europallet di legno 120 x 80 cm <span class='cm-info' onclick='toggleInchInfo(this)'>\u2139\ufe0f<\/span>\n        <div class='inch-info'>\u2248 47.2\" x 31.5\"<\/div> o su pallet speciali a perdere con o senza cassa di legno. Un pallet pu\u00f2 contenere circa 34 m\u00b2 di materiale. Ogni pallet pesa al massimo 1.000 kg.<\/p>\n\n\n\n<p class=\"is-style-border-s\">Le piastrelle nel formato 30,5 x 30,5 cm <span class='cm-info' onclick='toggleInchInfo(this)'>\u2139\ufe0f<\/span>\n        <div class='inch-info'>\u2248 12\" x 12\"<\/div> \/ 61 x 30,5 cm <span class='cm-info' onclick='toggleInchInfo(this)'>\u2139\ufe0f<\/span>\n        <div class='inch-info'>\u2248 24\" x 12\"<\/div> \/ 40 x 40 cm <span class='cm-info' onclick='toggleInchInfo(this)'>\u2139\ufe0f<\/span>\n        <div class='inch-info'>\u2248 15.7\" x 15.7\"<\/div> vengono solitamente consegnate in scatole su pallet.<\/p>\n\n\n\n<p class=\"is-style-border-s\"><br><strong>Nota<\/strong>:\u00a0quando si disimballano le marmette nel formato 60 x 60 cm <span class='cm-info' onclick='toggleInchInfo(this)'>\u2139\ufe0f<\/span>\n        <div class='inch-info'>\u2248 23.6\" x 23.6\"<\/div> \/ 80 x 80 cm <span class='cm-info' onclick='toggleInchInfo(this)'>\u2139\ufe0f<\/span>\n        <div class='inch-info'>\u2248 31.5\" x 31.5\"<\/div> \/ 100 x 100 cm <span class='cm-info' onclick='toggleInchInfo(this)'>\u2139\ufe0f<\/span>\n        <div class='inch-info'>\u2248 39.4\" x 39.4\"<\/div>, assicurarsi che le marmette siano rimosse in modo uniforme dal pallet. Non ci deve essere peso in eccesso da un lato. Non ci assumiamo alcuna responsabilit\u00e0 per danni causati da un disimballaggio non corretto.<\/p>\n\n\n\n<div style=\"height:46px\" aria-hidden=\"true\" class=\"wp-block-spacer\"><\/div>\n\n\n\n<h5 class=\"wp-block-heading is-style-border-s\"><strong>Installazione<\/strong><\/h5>\n\n\n\n<div style=\"height:20px\" aria-hidden=\"true\" class=\"wp-block-spacer\"><\/div>\n\n\n\n<p class=\"is-style-border-s\">Tutte le marmette devono essere posate da una persona professionalmente qualificata. Non ci assumiamo alcuna responsabilit\u00e0 per un\u2019installazione impropria.<\/p>\n\n\n\n<div style=\"height:46px\" aria-hidden=\"true\" class=\"wp-block-spacer\"><\/div>\n\n\n\n<h5 class=\"wp-block-heading is-style-border-s\"><strong>La prima impressione<\/strong><\/h5>\n\n\n\n<div style=\"height:20px\" aria-hidden=\"true\" class=\"wp-block-spacer\"><\/div>\n\n\n\n<p class=\"is-style-border-s\">L\u2019acqua \u00e8 utilizzata (e riciclata) nella la produzione. Le marmette vengono confezionate immediatamente dopo la produzione. Pertanto, dopo la consegna, le marmette devono essere lasciate asciugare accuratamente. Le marmette che non si sono asciugate appaiono pi\u00f9 scure. La giusta tonalit\u00e0 si rivela solo dopo la completa asciugatura. \u00c8 come dopo la pioggia: Il pavimento si asciuga e diventa pi\u00f9 chiaro.<\/p>\n\n\n\n<div style=\"height:100px\" aria-hidden=\"true\" class=\"wp-block-spacer\"><\/div>\n\n        <script>\n        function toggleInchInfo(el) {\n            const infoBox = el.nextElementSibling;\n            if (infoBox.style.display === \"none\") {\n                infoBox.style.display = \"inline\";\n            } else {\n                infoBox.style.display = \"none\";\n            }\n        }\n        <\/script>\n        <style>\n            .cm-info {\n                cursor: pointer;\n                color: #0073aa;\n                font-weight: bold;\n                margin-left: 4px;\n            }\n            .inch-info {\n                display: none;\n                background: #f8f8f8;\n                border: 1px solid #ccc;\n                padding: 4px 8px;\n                margin-left: 5px;\n                font-size: 0.9em;\n                border-radius: 4px;\n            }\n        <\/style>","protected":false},"excerpt":{"rendered":"<p>Piastrelle \/ Pavimento A partire da 15 mq consegniamo secondo le informazioni di spedizione senza costi di spedizione, se non diversamente indicato. Per quantit\u00e0 d&#8217;ordine da 5 mq a 15 mq, applichiamo un supplemento per piccole quantit\u00e0 di 238,00 EUR (IVA 19% DE). In generale, si applica una quantit\u00e0 minima d&#8217;ordine di 5 mq. La <a href=\"https:\/\/colourofstone.com\/it\/informazioni-sullordine\/\" class=\"more-link\">&#8230;<\/a><\/p>\n","protected":false},"author":2,"featured_media":0,"parent":0,"menu_order":0,"comment_status":"closed","ping_status":"closed","template":"","meta":{"footnotes":""},"class_list":["post-29610","page","type-page","status-publish","hentry"],"yoast_head":"<!-- This site is optimized with the Yoast SEO plugin v27.3 - https:\/\/yoast.com\/product\/yoast-seo-wordpress\/ -->\n<title>Informazioni sull&#039;ordine - Colour of Stone<\/title>\n<meta name=\"description\" content=\"Consegneremo le tue piastrelle di marmo alla tua porta di casa. Zoccolini? Li abbiamo in stock. Discover your style.\" \/>\n<meta name=\"robots\" content=\"index, follow, max-snippet:-1, max-image-preview:large, max-video-preview:-1\" \/>\n<link rel=\"canonical\" href=\"https:\/\/colourofstone.com\/it\/informazioni-sullordine\/\" \/>\n<meta property=\"og:locale\" content=\"it_IT\" \/>\n<meta property=\"og:type\" content=\"article\" \/>\n<meta property=\"og:title\" content=\"Informazioni sull&#039;ordine - Colour of Stone\" \/>\n<meta property=\"og:description\" content=\"Consegneremo le tue piastrelle di marmo alla tua porta di casa. Zoccolini? Li abbiamo in stock. Discover your style.\" \/>\n<meta property=\"og:url\" content=\"https:\/\/colourofstone.com\/it\/informazioni-sullordine\/\" \/>\n<meta property=\"og:site_name\" content=\"Colour of Stone\" \/>\n<meta property=\"article:modified_time\" content=\"2025-06-17T20:10:25+00:00\" \/>\n<meta property=\"og:image\" content=\"https:\/\/colourofstone.com\/wp-content\/uploads\/Logo.png\" \/>\n\t<meta property=\"og:image:width\" content=\"1086\" \/>\n\t<meta property=\"og:image:height\" content=\"553\" \/>\n\t<meta property=\"og:image:type\" content=\"image\/png\" \/>\n<meta name=\"twitter:card\" content=\"summary_large_image\" \/>\n<meta name=\"twitter:label1\" content=\"Tempo di lettura stimato\" \/>\n\t<meta name=\"twitter:data1\" content=\"5 minuti\" \/>\n<script type=\"application\/ld+json\" class=\"yoast-schema-graph\">{\"@context\":\"https:\\\/\\\/schema.org\",\"@graph\":[{\"@type\":\"WebPage\",\"@id\":\"https:\\\/\\\/colourofstone.com\\\/it\\\/informazioni-sullordine\\\/\",\"url\":\"https:\\\/\\\/colourofstone.com\\\/it\\\/informazioni-sullordine\\\/\",\"name\":\"Informazioni sull'ordine - Colour of Stone\",\"isPartOf\":{\"@id\":\"https:\\\/\\\/colourofstone.com\\\/it\\\/#website\"},\"datePublished\":\"2021-03-02T10:23:00+00:00\",\"dateModified\":\"2025-06-17T20:10:25+00:00\",\"description\":\"Consegneremo le tue piastrelle di marmo alla tua porta di casa. Zoccolini? Li abbiamo in stock. Discover your style.\",\"breadcrumb\":{\"@id\":\"https:\\\/\\\/colourofstone.com\\\/it\\\/informazioni-sullordine\\\/#breadcrumb\"},\"inLanguage\":\"it-IT\",\"potentialAction\":[{\"@type\":\"ReadAction\",\"target\":[\"https:\\\/\\\/colourofstone.com\\\/it\\\/informazioni-sullordine\\\/\"]}]},{\"@type\":\"BreadcrumbList\",\"@id\":\"https:\\\/\\\/colourofstone.com\\\/it\\\/informazioni-sullordine\\\/#breadcrumb\",\"itemListElement\":[{\"@type\":\"ListItem\",\"position\":1,\"name\":\"Home\",\"item\":\"https:\\\/\\\/colourofstone.com\\\/it\\\/\"},{\"@type\":\"ListItem\",\"position\":2,\"name\":\"Informazioni sull&#8217;ordine\"}]},{\"@type\":\"WebSite\",\"@id\":\"https:\\\/\\\/colourofstone.com\\\/it\\\/#website\",\"url\":\"https:\\\/\\\/colourofstone.com\\\/it\\\/\",\"name\":\"Colour of Stone\",\"description\":\"Fliesen, Haus und Garten Produkte aus Naturstein - Online Shop\",\"publisher\":{\"@id\":\"https:\\\/\\\/colourofstone.com\\\/it\\\/#organization\"},\"potentialAction\":[{\"@type\":\"SearchAction\",\"target\":{\"@type\":\"EntryPoint\",\"urlTemplate\":\"https:\\\/\\\/colourofstone.com\\\/it\\\/?s={search_term_string}\"},\"query-input\":{\"@type\":\"PropertyValueSpecification\",\"valueRequired\":true,\"valueName\":\"search_term_string\"}}],\"inLanguage\":\"it-IT\"},{\"@type\":\"Organization\",\"@id\":\"https:\\\/\\\/colourofstone.com\\\/it\\\/#organization\",\"name\":\"Colour of Stone GmbH\",\"url\":\"https:\\\/\\\/colourofstone.com\\\/it\\\/\",\"logo\":{\"@type\":\"ImageObject\",\"inLanguage\":\"it-IT\",\"@id\":\"https:\\\/\\\/colourofstone.com\\\/it\\\/#\\\/schema\\\/logo\\\/image\\\/\",\"url\":\"https:\\\/\\\/colourofstone.com\\\/wp-content\\\/uploads\\\/99FC1526-DF3B-44F1-9816-9278D3194252-scaled.jpeg\",\"contentUrl\":\"https:\\\/\\\/colourofstone.com\\\/wp-content\\\/uploads\\\/99FC1526-DF3B-44F1-9816-9278D3194252-scaled.jpeg\",\"width\":2125,\"height\":2560,\"caption\":\"Colour of Stone GmbH\"},\"image\":{\"@id\":\"https:\\\/\\\/colourofstone.com\\\/it\\\/#\\\/schema\\\/logo\\\/image\\\/\"},\"sameAs\":[\"https:\\\/\\\/www.instagram.com\\\/colourofstone\\\/\"]}]}<\/script>\n<!-- \/ Yoast SEO plugin. -->","yoast_head_json":{"title":"Informazioni sull'ordine - Colour of Stone","description":"Consegneremo le tue piastrelle di marmo alla tua porta di casa. Zoccolini? Li abbiamo in stock. Discover your style.","robots":{"index":"index","follow":"follow","max-snippet":"max-snippet:-1","max-image-preview":"max-image-preview:large","max-video-preview":"max-video-preview:-1"},"canonical":"https:\/\/colourofstone.com\/it\/informazioni-sullordine\/","og_locale":"it_IT","og_type":"article","og_title":"Informazioni sull'ordine - Colour of Stone","og_description":"Consegneremo le tue piastrelle di marmo alla tua porta di casa. Zoccolini? Li abbiamo in stock. Discover your style.","og_url":"https:\/\/colourofstone.com\/it\/informazioni-sullordine\/","og_site_name":"Colour of Stone","article_modified_time":"2025-06-17T20:10:25+00:00","og_image":[{"width":1086,"height":553,"url":"https:\/\/colourofstone.com\/wp-content\/uploads\/Logo.png","type":"image\/png"}],"twitter_card":"summary_large_image","twitter_misc":{"Tempo di lettura stimato":"5 minuti"},"schema":{"@context":"https:\/\/schema.org","@graph":[{"@type":"WebPage","@id":"https:\/\/colourofstone.com\/it\/informazioni-sullordine\/","url":"https:\/\/colourofstone.com\/it\/informazioni-sullordine\/","name":"Informazioni sull'ordine - Colour of Stone","isPartOf":{"@id":"https:\/\/colourofstone.com\/it\/#website"},"datePublished":"2021-03-02T10:23:00+00:00","dateModified":"2025-06-17T20:10:25+00:00","description":"Consegneremo le tue piastrelle di marmo alla tua porta di casa. Zoccolini? Li abbiamo in stock. Discover your style.","breadcrumb":{"@id":"https:\/\/colourofstone.com\/it\/informazioni-sullordine\/#breadcrumb"},"inLanguage":"it-IT","potentialAction":[{"@type":"ReadAction","target":["https:\/\/colourofstone.com\/it\/informazioni-sullordine\/"]}]},{"@type":"BreadcrumbList","@id":"https:\/\/colourofstone.com\/it\/informazioni-sullordine\/#breadcrumb","itemListElement":[{"@type":"ListItem","position":1,"name":"Home","item":"https:\/\/colourofstone.com\/it\/"},{"@type":"ListItem","position":2,"name":"Informazioni sull&#8217;ordine"}]},{"@type":"WebSite","@id":"https:\/\/colourofstone.com\/it\/#website","url":"https:\/\/colourofstone.com\/it\/","name":"Colour of Stone","description":"Fliesen, Haus und Garten Produkte aus Naturstein - Online Shop","publisher":{"@id":"https:\/\/colourofstone.com\/it\/#organization"},"potentialAction":[{"@type":"SearchAction","target":{"@type":"EntryPoint","urlTemplate":"https:\/\/colourofstone.com\/it\/?s={search_term_string}"},"query-input":{"@type":"PropertyValueSpecification","valueRequired":true,"valueName":"search_term_string"}}],"inLanguage":"it-IT"},{"@type":"Organization","@id":"https:\/\/colourofstone.com\/it\/#organization","name":"Colour of Stone GmbH","url":"https:\/\/colourofstone.com\/it\/","logo":{"@type":"ImageObject","inLanguage":"it-IT","@id":"https:\/\/colourofstone.com\/it\/#\/schema\/logo\/image\/","url":"https:\/\/colourofstone.com\/wp-content\/uploads\/99FC1526-DF3B-44F1-9816-9278D3194252-scaled.jpeg","contentUrl":"https:\/\/colourofstone.com\/wp-content\/uploads\/99FC1526-DF3B-44F1-9816-9278D3194252-scaled.jpeg","width":2125,"height":2560,"caption":"Colour of Stone GmbH"},"image":{"@id":"https:\/\/colourofstone.com\/it\/#\/schema\/logo\/image\/"},"sameAs":["https:\/\/www.instagram.com\/colourofstone\/"]}]}},"_links":{"self":[{"href":"https:\/\/colourofstone.com\/it\/wp-json\/wp\/v2\/pages\/29610","targetHints":{"allow":["GET"]}}],"collection":[{"href":"https:\/\/colourofstone.com\/it\/wp-json\/wp\/v2\/pages"}],"about":[{"href":"https:\/\/colourofstone.com\/it\/wp-json\/wp\/v2\/types\/page"}],"author":[{"embeddable":true,"href":"https:\/\/colourofstone.com\/it\/wp-json\/wp\/v2\/users\/2"}],"replies":[{"embeddable":true,"href":"https:\/\/colourofstone.com\/it\/wp-json\/wp\/v2\/comments?post=29610"}],"version-history":[{"count":10,"href":"https:\/\/colourofstone.com\/it\/wp-json\/wp\/v2\/pages\/29610\/revisions"}],"predecessor-version":[{"id":84648,"href":"https:\/\/colourofstone.com\/it\/wp-json\/wp\/v2\/pages\/29610\/revisions\/84648"}],"wp:attachment":[{"href":"https:\/\/colourofstone.com\/it\/wp-json\/wp\/v2\/media?parent=29610"}],"curies":[{"name":"wp","href":"https:\/\/api.w.org\/{rel}","templated":true}]}}