{"id":50500,"date":"2022-11-03T10:52:44","date_gmt":"2022-11-03T10:53:09","guid":{"rendered":"https:\/\/colourofstone.com\/?post_type=product&#038;p=50500"},"modified":"2023-02-11T12:30:23","modified_gmt":"2023-02-11T12:30:23","slug":"travertino-romano-classico-stuccato","status":"publish","type":"product","link":"https:\/\/colourofstone.com\/it\/shop\/pietra-naturale\/pavimento\/travertino-romano-classico-stuccato\/","title":{"rendered":"Travertino Romano Classico (stuccato)"},"content":{"rendered":"<p>Il Travertino Romano Classico \u00e8 un travertino di colore beige. Inconfondibili sono le <a href=\"https:\/\/www.poggibros.it\/it\/travertino\/caratteristiche-del-travertino.html\">caratteristiche del\u00a0<\/a> Travertino Romano Classico: il colore neutro e le sue sfumature che richiamano i colori della terra rendendo questo <a href=\"https:\/\/www.poggibros.it\/it\/travertino.html\">materiale<\/a> unico al mondo, \u00ab Roma \u00bb la citt\u00e0 Eterna ne conferma la sua resistenza. \u00c8 una pietra naturale fine e minimalista, ideale allo stile di vita moderno. A seconda del verso di segagione lo si pu\u00f2 ottenere anche con una struttura nuvolata al posto di quella rigata. Questa pietra naturale viene estratta nelle cave di Tivoli vicino Roma. Sfortunatamente, il travertino di altri paesi viene spesso venduto erroneamente come originale.<\/p>\n<p>&nbsp;<\/p>\n<p>Il travertino viene sempre fornito stuccato. \u00c8 possibile, tramite e-mail, inviare richieste di informazioni sul travertino a foro aperto.<\/p>\n<p>&nbsp;<\/p>\n<p>Non \u00e8 resistente al gelo e agli acidi. \u00c8 perfetto per l\u2018uso in ambienti interni asciutti. Con l&#8217;adeguata attenzione, per\u00f2, se ne pu\u00f2 valutare anche l\u2019utilizzo in ambienti differenti.<\/p>\n\n        <script>\n        function toggleInchInfo(el) {\n            const infoBox = el.nextElementSibling;\n            if (infoBox.style.display === \"none\") {\n                infoBox.style.display = \"inline\";\n            } else {\n                infoBox.style.display = \"none\";\n            }\n        }\n        <\/script>\n        <style>\n            .cm-info {\n                cursor: pointer;\n                color: #0073aa;\n                font-weight: bold;\n                margin-left: 4px;\n            }\n            .inch-info {\n                display: none;\n                background: #f8f8f8;\n                border: 1px solid #ccc;\n                padding: 4px 8px;\n                margin-left: 5px;\n                font-size: 0.9em;\n                border-radius: 4px;\n            }\n        <\/style>","protected":false},"excerpt":{"rendered":"<p>Il Travertino Romano Classico \u00e8 un travertino di colore beige. Inconfondibili sono le caratteristiche del\u00a0 Travertino Romano Classico: il colore neutro e le sue sfumature che richiamano i colori della terra rendendo questo materiale unico al mondo, \u00ab Roma \u00bb la citt\u00e0 Eterna ne conferma la sua resistenza. \u00c8 una pietra naturale fine e minimalista, <a href=\"https:\/\/colourofstone.com\/it\/shop\/pietra-naturale\/pavimento\/travertino-romano-classico-stuccato\/\" class=\"more-link\">&#8230;<\/a><\/p>\n","protected":false},"featured_media":29000,"template":"","meta":[],"product_brand":[],"product_cat":[2347],"product_tag":[],"class_list":{"0":"post-50500","1":"product","2":"type-product","3":"status-publish","4":"has-post-thumbnail","6":"product_cat-pavimento","7":"product_shipping_class-tempo-di-consegna-ca-3-settimane","8":"pa_farbe-beige","9":"pa_farbe-chiaro","10":"pa_masseinheit-30-x-30-cm","11":"pa_masseinheit-60-x-30-cm","12":"pa_masseinheit-40-x-40-cm","13":"pa_masseinheit-60-x-40-cm","14":"pa_masseinheit-60-x-60-cm","15":"pa_material-travertino","16":"pa_oberflaeche-lucido","17":"pa_oberflaeche-levigato","18":"pa_oberflaeche-spazzolato","20":"first","21":"instock","22":"taxable","23":"shipping-taxable","24":"purchasable","25":"product-type-variable","26":"has-default-attributes"},"yoast_head":"<!-- This site is optimized with the Yoast SEO plugin v27.3 - https:\/\/yoast.com\/product\/yoast-seo-wordpress\/ -->\n<title>Travertino Romano Classico (stuccato) - Travertino Pavimento spedizione gratuito - Colour of Stone<\/title>\n<meta name=\"description\" content=\"Il Travertino Romano Classico \u00e8 un travertino di colore beige. Inconfondibili sono le caratteristiche del\u00a0 Travertino Romano Classico: il colore neutro e ...\" \/>\n<meta name=\"robots\" content=\"index, follow, max-snippet:-1, max-image-preview:large, max-video-preview:-1\" \/>\n<link rel=\"canonical\" href=\"https:\/\/colourofstone.com\/it\/shop\/pietra-naturale\/pavimento\/travertino-romano-classico-stuccato\/\" \/>\n<meta property=\"og:locale\" content=\"it_IT\" \/>\n<meta property=\"og:type\" content=\"article\" \/>\n<meta property=\"og:title\" content=\"Travertino Romano Classico (stuccato) - Travertino Pavimento spedizione gratuito - Colour of Stone\" \/>\n<meta property=\"og:description\" content=\"Il Travertino Romano Classico \u00e8 un travertino di colore beige. Inconfondibili sono le caratteristiche del\u00a0 Travertino Romano Classico: il colore neutro e ...\" \/>\n<meta property=\"og:url\" content=\"https:\/\/colourofstone.com\/it\/shop\/pietra-naturale\/pavimento\/travertino-romano-classico-stuccato\/\" \/>\n<meta property=\"og:site_name\" content=\"Colour of Stone\" \/>\n<meta property=\"article:modified_time\" content=\"2023-02-11T12:30:23+00:00\" \/>\n<meta property=\"og:image\" content=\"https:\/\/colourofstone.com\/wp-content\/uploads\/Travertino-Classico-Romano-901_1.jpg\" \/>\n\t<meta property=\"og:image:width\" content=\"1600\" \/>\n\t<meta property=\"og:image:height\" content=\"1600\" \/>\n\t<meta property=\"og:image:type\" content=\"image\/jpeg\" \/>\n<meta name=\"twitter:card\" content=\"summary_large_image\" \/>\n<meta name=\"twitter:label1\" content=\"Tempo di lettura stimato\" \/>\n\t<meta name=\"twitter:data1\" content=\"1 minuto\" \/>\n<script type=\"application\/ld+json\" class=\"yoast-schema-graph\">{\"@context\":\"https:\\\/\\\/schema.org\",\"@graph\":[{\"@type\":\"WebPage\",\"@id\":\"https:\\\/\\\/colourofstone.com\\\/it\\\/shop\\\/pietra-naturale\\\/pavimento\\\/travertino-romano-classico-stuccato\\\/\",\"url\":\"https:\\\/\\\/colourofstone.com\\\/it\\\/shop\\\/pietra-naturale\\\/pavimento\\\/travertino-romano-classico-stuccato\\\/\",\"name\":\"Travertino Romano Classico (stuccato) - Travertino Pavimento spedizione gratuito - Colour of Stone\",\"isPartOf\":{\"@id\":\"https:\\\/\\\/colourofstone.com\\\/it\\\/#website\"},\"primaryImageOfPage\":{\"@id\":\"https:\\\/\\\/colourofstone.com\\\/it\\\/shop\\\/pietra-naturale\\\/pavimento\\\/travertino-romano-classico-stuccato\\\/#primaryimage\"},\"image\":{\"@id\":\"https:\\\/\\\/colourofstone.com\\\/it\\\/shop\\\/pietra-naturale\\\/pavimento\\\/travertino-romano-classico-stuccato\\\/#primaryimage\"},\"thumbnailUrl\":\"https:\\\/\\\/colourofstone.com\\\/wp-content\\\/uploads\\\/Travertino-Classico-Romano-901_1.jpg\",\"datePublished\":\"2022-11-03T10:53:09+00:00\",\"dateModified\":\"2023-02-11T12:30:23+00:00\",\"description\":\"Il Travertino Romano Classico \u00e8 un travertino di colore beige. Inconfondibili sono le caratteristiche del\u00a0 Travertino Romano Classico: il colore neutro e ...\",\"breadcrumb\":{\"@id\":\"https:\\\/\\\/colourofstone.com\\\/it\\\/shop\\\/pietra-naturale\\\/pavimento\\\/travertino-romano-classico-stuccato\\\/#breadcrumb\"},\"inLanguage\":\"it-IT\",\"potentialAction\":[{\"@type\":\"ReadAction\",\"target\":[\"https:\\\/\\\/colourofstone.com\\\/it\\\/shop\\\/pietra-naturale\\\/pavimento\\\/travertino-romano-classico-stuccato\\\/\"]}]},{\"@type\":\"ImageObject\",\"inLanguage\":\"it-IT\",\"@id\":\"https:\\\/\\\/colourofstone.com\\\/it\\\/shop\\\/pietra-naturale\\\/pavimento\\\/travertino-romano-classico-stuccato\\\/#primaryimage\",\"url\":\"https:\\\/\\\/colourofstone.com\\\/wp-content\\\/uploads\\\/Travertino-Classico-Romano-901_1.jpg\",\"contentUrl\":\"https:\\\/\\\/colourofstone.com\\\/wp-content\\\/uploads\\\/Travertino-Classico-Romano-901_1.jpg\",\"width\":1600,\"height\":1600,\"caption\":\"Travertino Classico Romano\"},{\"@type\":\"BreadcrumbList\",\"@id\":\"https:\\\/\\\/colourofstone.com\\\/it\\\/shop\\\/pietra-naturale\\\/pavimento\\\/travertino-romano-classico-stuccato\\\/#breadcrumb\",\"itemListElement\":[{\"@type\":\"ListItem\",\"position\":1,\"name\":\"Home\",\"item\":\"https:\\\/\\\/colourofstone.com\\\/it\\\/\"},{\"@type\":\"ListItem\",\"position\":2,\"name\":\"Shop\",\"item\":\"https:\\\/\\\/colourofstone.com\\\/it\\\/shop\\\/\"},{\"@type\":\"ListItem\",\"position\":3,\"name\":\"Travertino\",\"item\":\"https:\\\/\\\/colourofstone.com\\\/it\\\/material\\\/travertino\\\/\"},{\"@type\":\"ListItem\",\"position\":4,\"name\":\"Travertino Romano Classico (stuccato)\"}]},{\"@type\":\"WebSite\",\"@id\":\"https:\\\/\\\/colourofstone.com\\\/it\\\/#website\",\"url\":\"https:\\\/\\\/colourofstone.com\\\/it\\\/\",\"name\":\"Colour of Stone\",\"description\":\"Fliesen, Haus und Garten Produkte aus Naturstein - Online Shop\",\"publisher\":{\"@id\":\"https:\\\/\\\/colourofstone.com\\\/it\\\/#organization\"},\"potentialAction\":[{\"@type\":\"SearchAction\",\"target\":{\"@type\":\"EntryPoint\",\"urlTemplate\":\"https:\\\/\\\/colourofstone.com\\\/it\\\/?s={search_term_string}\"},\"query-input\":{\"@type\":\"PropertyValueSpecification\",\"valueRequired\":true,\"valueName\":\"search_term_string\"}}],\"inLanguage\":\"it-IT\"},{\"@type\":\"Organization\",\"@id\":\"https:\\\/\\\/colourofstone.com\\\/it\\\/#organization\",\"name\":\"Colour of Stone GmbH\",\"url\":\"https:\\\/\\\/colourofstone.com\\\/it\\\/\",\"logo\":{\"@type\":\"ImageObject\",\"inLanguage\":\"it-IT\",\"@id\":\"https:\\\/\\\/colourofstone.com\\\/it\\\/#\\\/schema\\\/logo\\\/image\\\/\",\"url\":\"https:\\\/\\\/colourofstone.com\\\/wp-content\\\/uploads\\\/99FC1526-DF3B-44F1-9816-9278D3194252-scaled.jpeg\",\"contentUrl\":\"https:\\\/\\\/colourofstone.com\\\/wp-content\\\/uploads\\\/99FC1526-DF3B-44F1-9816-9278D3194252-scaled.jpeg\",\"width\":2125,\"height\":2560,\"caption\":\"Colour of Stone GmbH\"},\"image\":{\"@id\":\"https:\\\/\\\/colourofstone.com\\\/it\\\/#\\\/schema\\\/logo\\\/image\\\/\"},\"sameAs\":[\"https:\\\/\\\/www.instagram.com\\\/colourofstone\\\/\"]}]}<\/script>\n<!-- \/ Yoast SEO plugin. -->","yoast_head_json":{"title":"Travertino Romano Classico (stuccato) - Travertino Pavimento spedizione gratuito - Colour of Stone","description":"Il Travertino Romano Classico \u00e8 un travertino di colore beige. Inconfondibili sono le caratteristiche del\u00a0 Travertino Romano Classico: il colore neutro e ...","robots":{"index":"index","follow":"follow","max-snippet":"max-snippet:-1","max-image-preview":"max-image-preview:large","max-video-preview":"max-video-preview:-1"},"canonical":"https:\/\/colourofstone.com\/it\/shop\/pietra-naturale\/pavimento\/travertino-romano-classico-stuccato\/","og_locale":"it_IT","og_type":"article","og_title":"Travertino Romano Classico (stuccato) - Travertino Pavimento spedizione gratuito - Colour of Stone","og_description":"Il Travertino Romano Classico \u00e8 un travertino di colore beige. Inconfondibili sono le caratteristiche del\u00a0 Travertino Romano Classico: il colore neutro e ...","og_url":"https:\/\/colourofstone.com\/it\/shop\/pietra-naturale\/pavimento\/travertino-romano-classico-stuccato\/","og_site_name":"Colour of Stone","article_modified_time":"2023-02-11T12:30:23+00:00","og_image":[{"width":1600,"height":1600,"url":"https:\/\/colourofstone.com\/wp-content\/uploads\/Travertino-Classico-Romano-901_1.jpg","type":"image\/jpeg"}],"twitter_card":"summary_large_image","twitter_misc":{"Tempo di lettura stimato":"1 minuto"},"schema":{"@context":"https:\/\/schema.org","@graph":[{"@type":"WebPage","@id":"https:\/\/colourofstone.com\/it\/shop\/pietra-naturale\/pavimento\/travertino-romano-classico-stuccato\/","url":"https:\/\/colourofstone.com\/it\/shop\/pietra-naturale\/pavimento\/travertino-romano-classico-stuccato\/","name":"Travertino Romano Classico (stuccato) - Travertino Pavimento spedizione gratuito - Colour of Stone","isPartOf":{"@id":"https:\/\/colourofstone.com\/it\/#website"},"primaryImageOfPage":{"@id":"https:\/\/colourofstone.com\/it\/shop\/pietra-naturale\/pavimento\/travertino-romano-classico-stuccato\/#primaryimage"},"image":{"@id":"https:\/\/colourofstone.com\/it\/shop\/pietra-naturale\/pavimento\/travertino-romano-classico-stuccato\/#primaryimage"},"thumbnailUrl":"https:\/\/colourofstone.com\/wp-content\/uploads\/Travertino-Classico-Romano-901_1.jpg","datePublished":"2022-11-03T10:53:09+00:00","dateModified":"2023-02-11T12:30:23+00:00","description":"Il Travertino Romano Classico \u00e8 un travertino di colore beige. Inconfondibili sono le caratteristiche del\u00a0 Travertino Romano Classico: il colore neutro e ...","breadcrumb":{"@id":"https:\/\/colourofstone.com\/it\/shop\/pietra-naturale\/pavimento\/travertino-romano-classico-stuccato\/#breadcrumb"},"inLanguage":"it-IT","potentialAction":[{"@type":"ReadAction","target":["https:\/\/colourofstone.com\/it\/shop\/pietra-naturale\/pavimento\/travertino-romano-classico-stuccato\/"]}]},{"@type":"ImageObject","inLanguage":"it-IT","@id":"https:\/\/colourofstone.com\/it\/shop\/pietra-naturale\/pavimento\/travertino-romano-classico-stuccato\/#primaryimage","url":"https:\/\/colourofstone.com\/wp-content\/uploads\/Travertino-Classico-Romano-901_1.jpg","contentUrl":"https:\/\/colourofstone.com\/wp-content\/uploads\/Travertino-Classico-Romano-901_1.jpg","width":1600,"height":1600,"caption":"Travertino Classico Romano"},{"@type":"BreadcrumbList","@id":"https:\/\/colourofstone.com\/it\/shop\/pietra-naturale\/pavimento\/travertino-romano-classico-stuccato\/#breadcrumb","itemListElement":[{"@type":"ListItem","position":1,"name":"Home","item":"https:\/\/colourofstone.com\/it\/"},{"@type":"ListItem","position":2,"name":"Shop","item":"https:\/\/colourofstone.com\/it\/shop\/"},{"@type":"ListItem","position":3,"name":"Travertino","item":"https:\/\/colourofstone.com\/it\/material\/travertino\/"},{"@type":"ListItem","position":4,"name":"Travertino Romano Classico (stuccato)"}]},{"@type":"WebSite","@id":"https:\/\/colourofstone.com\/it\/#website","url":"https:\/\/colourofstone.com\/it\/","name":"Colour of Stone","description":"Fliesen, Haus und Garten Produkte aus Naturstein - Online Shop","publisher":{"@id":"https:\/\/colourofstone.com\/it\/#organization"},"potentialAction":[{"@type":"SearchAction","target":{"@type":"EntryPoint","urlTemplate":"https:\/\/colourofstone.com\/it\/?s={search_term_string}"},"query-input":{"@type":"PropertyValueSpecification","valueRequired":true,"valueName":"search_term_string"}}],"inLanguage":"it-IT"},{"@type":"Organization","@id":"https:\/\/colourofstone.com\/it\/#organization","name":"Colour of Stone GmbH","url":"https:\/\/colourofstone.com\/it\/","logo":{"@type":"ImageObject","inLanguage":"it-IT","@id":"https:\/\/colourofstone.com\/it\/#\/schema\/logo\/image\/","url":"https:\/\/colourofstone.com\/wp-content\/uploads\/99FC1526-DF3B-44F1-9816-9278D3194252-scaled.jpeg","contentUrl":"https:\/\/colourofstone.com\/wp-content\/uploads\/99FC1526-DF3B-44F1-9816-9278D3194252-scaled.jpeg","width":2125,"height":2560,"caption":"Colour of Stone GmbH"},"image":{"@id":"https:\/\/colourofstone.com\/it\/#\/schema\/logo\/image\/"},"sameAs":["https:\/\/www.instagram.com\/colourofstone\/"]}]}},"_links":{"self":[{"href":"https:\/\/colourofstone.com\/it\/wp-json\/wp\/v2\/product\/50500","targetHints":{"allow":["GET"]}}],"collection":[{"href":"https:\/\/colourofstone.com\/it\/wp-json\/wp\/v2\/product"}],"about":[{"href":"https:\/\/colourofstone.com\/it\/wp-json\/wp\/v2\/types\/product"}],"wp:featuredmedia":[{"embeddable":true,"href":"https:\/\/colourofstone.com\/it\/wp-json\/wp\/v2\/media\/29000"}],"wp:attachment":[{"href":"https:\/\/colourofstone.com\/it\/wp-json\/wp\/v2\/media?parent=50500"}],"wp:term":[{"taxonomy":"product_brand","embeddable":true,"href":"https:\/\/colourofstone.com\/it\/wp-json\/wp\/v2\/product_brand?post=50500"},{"taxonomy":"product_cat","embeddable":true,"href":"https:\/\/colourofstone.com\/it\/wp-json\/wp\/v2\/product_cat?post=50500"},{"taxonomy":"product_tag","embeddable":true,"href":"https:\/\/colourofstone.com\/it\/wp-json\/wp\/v2\/product_tag?post=50500"}],"curies":[{"name":"wp","href":"https:\/\/api.w.org\/{rel}","templated":true}]}}