{"id":51298,"date":"2022-11-09T21:15:19","date_gmt":"2022-11-09T21:15:51","guid":{"rendered":"https:\/\/colourofstone.com\/?post_type=product&#038;p=51298"},"modified":"2023-02-11T12:27:57","modified_gmt":"2023-02-11T12:27:57","slug":"nero-africa-impala-2cm","status":"publish","type":"product","link":"https:\/\/colourofstone.com\/it\/shop\/pietra-naturale\/pavimento\/nero-africa-impala-2cm\/","title":{"rendered":"Nero Africa Impala"},"content":{"rendered":"<p>Nero Africa Impala \u00e8 un granito (norite) nero uniforme molto popolare proveniente dal Sudafrica. L&#8217;aspetto come piastrella \u00e8 molto moderno e contemporaneo. Il suo uso in aree private \u00e8 discreto e discreto. Nero Africa Impala \u00e8 estratto in varie cave nel complesso Bushveld vicino alla citt\u00e0 di Rustenburg.<\/p>\n<p>&nbsp;<\/p>\n<p>Questa pietra naturale \u00e8 resistente al gelo e agli acidi. \u00c8 perfettamente adatto per interni ed esterni.<\/p>\n\n        <script>\n        function toggleInchInfo(el) {\n            const infoBox = el.nextElementSibling;\n            if (infoBox.style.display === \"none\") {\n                infoBox.style.display = \"inline\";\n            } else {\n                infoBox.style.display = \"none\";\n            }\n        }\n        <\/script>\n        <style>\n            .cm-info {\n                cursor: pointer;\n                color: #0073aa;\n                font-weight: bold;\n                margin-left: 4px;\n            }\n            .inch-info {\n                display: none;\n                background: #f8f8f8;\n                border: 1px solid #ccc;\n                padding: 4px 8px;\n                margin-left: 5px;\n                font-size: 0.9em;\n                border-radius: 4px;\n            }\n        <\/style>","protected":false},"excerpt":{"rendered":"<p>Nero Africa Impala \u00e8 un granito (norite) nero uniforme molto popolare proveniente dal Sudafrica. L&#8217;aspetto come piastrella \u00e8 molto moderno e contemporaneo. Il suo uso in aree private \u00e8 discreto e discreto. Nero Africa Impala \u00e8 estratto in varie cave nel complesso Bushveld vicino alla citt\u00e0 di Rustenburg. &nbsp; Questa pietra naturale \u00e8 resistente al <a href=\"https:\/\/colourofstone.com\/it\/shop\/pietra-naturale\/pavimento\/nero-africa-impala-2cm\/\" class=\"more-link\">&#8230;<\/a><\/p>\n","protected":false},"featured_media":45657,"template":"","meta":[],"product_brand":[],"product_cat":[2347],"product_tag":[1771,1772],"class_list":{"0":"post-51298","1":"product","2":"type-product","3":"status-publish","4":"has-post-thumbnail","6":"product_cat-pavimento","7":"product_tag-nero-impala-it","8":"product_tag-nero-rustenburg-it","9":"product_shipping_class-tempo-di-consegna-ca-3-settimane","10":"pa_farbe-grigio","11":"pa_farbe-nero","12":"pa_farbe-scuro","13":"pa_masseinheit-30-x-30-cm","14":"pa_masseinheit-60-x-30-cm","15":"pa_masseinheit-40-x-40-cm","16":"pa_masseinheit-60-x-40-cm","17":"pa_masseinheit-60-x-60-cm","18":"pa_material-granito","19":"pa_oberflaeche-lucido","20":"pa_oberflaeche-levigato","21":"pa_oberflaeche-spazzolato","22":"pa_oberflaeche-patinato","24":"first","25":"instock","26":"taxable","27":"shipping-taxable","28":"purchasable","29":"product-type-variable","30":"has-default-attributes"},"yoast_head":"<!-- This site is optimized with the Yoast SEO plugin v27.3 - https:\/\/yoast.com\/product\/yoast-seo-wordpress\/ -->\n<title>Nero Africa Impala - Norite Pavimento spedizione gratuito - Colour of Stone<\/title>\n<meta name=\"description\" content=\"Nero Africa Impala \u00e8 un granito (norite) nero uniforme molto popolare proveniente dal Sudafrica. L&#039;aspetto come piastrella \u00e8 molto moderno e ...\" \/>\n<meta name=\"robots\" content=\"index, follow, max-snippet:-1, max-image-preview:large, max-video-preview:-1\" \/>\n<link rel=\"canonical\" href=\"https:\/\/colourofstone.com\/it\/shop\/pietra-naturale\/pavimento\/nero-africa-impala-2cm\/\" \/>\n<meta property=\"og:locale\" content=\"it_IT\" \/>\n<meta property=\"og:type\" content=\"article\" \/>\n<meta property=\"og:title\" content=\"Nero Africa Impala - Norite Pavimento spedizione gratuito - Colour of Stone\" \/>\n<meta property=\"og:description\" content=\"Nero Africa Impala \u00e8 un granito (norite) nero uniforme molto popolare proveniente dal Sudafrica. L&#039;aspetto come piastrella \u00e8 molto moderno e ...\" \/>\n<meta property=\"og:url\" content=\"https:\/\/colourofstone.com\/it\/shop\/pietra-naturale\/pavimento\/nero-africa-impala-2cm\/\" \/>\n<meta property=\"og:site_name\" content=\"Colour of Stone\" \/>\n<meta property=\"article:modified_time\" content=\"2023-02-11T12:27:57+00:00\" \/>\n<meta property=\"og:image\" content=\"https:\/\/colourofstone.com\/wp-content\/uploads\/Nero-Impala-1600.jpg\" \/>\n\t<meta property=\"og:image:width\" content=\"1600\" \/>\n\t<meta property=\"og:image:height\" content=\"1600\" \/>\n\t<meta property=\"og:image:type\" content=\"image\/jpeg\" \/>\n<meta name=\"twitter:card\" content=\"summary_large_image\" \/>\n<script type=\"application\/ld+json\" class=\"yoast-schema-graph\">{\"@context\":\"https:\\\/\\\/schema.org\",\"@graph\":[{\"@type\":\"WebPage\",\"@id\":\"https:\\\/\\\/colourofstone.com\\\/it\\\/shop\\\/pietra-naturale\\\/pavimento\\\/nero-africa-impala-2cm\\\/\",\"url\":\"https:\\\/\\\/colourofstone.com\\\/it\\\/shop\\\/pietra-naturale\\\/pavimento\\\/nero-africa-impala-2cm\\\/\",\"name\":\"Nero Africa Impala - Norite Pavimento spedizione gratuito - Colour of Stone\",\"isPartOf\":{\"@id\":\"https:\\\/\\\/colourofstone.com\\\/it\\\/#website\"},\"primaryImageOfPage\":{\"@id\":\"https:\\\/\\\/colourofstone.com\\\/it\\\/shop\\\/pietra-naturale\\\/pavimento\\\/nero-africa-impala-2cm\\\/#primaryimage\"},\"image\":{\"@id\":\"https:\\\/\\\/colourofstone.com\\\/it\\\/shop\\\/pietra-naturale\\\/pavimento\\\/nero-africa-impala-2cm\\\/#primaryimage\"},\"thumbnailUrl\":\"https:\\\/\\\/colourofstone.com\\\/wp-content\\\/uploads\\\/Nero-Impala-1600.jpg\",\"datePublished\":\"2022-11-09T21:15:51+00:00\",\"dateModified\":\"2023-02-11T12:27:57+00:00\",\"description\":\"Nero Africa Impala \u00e8 un granito (norite) nero uniforme molto popolare proveniente dal Sudafrica. L'aspetto come piastrella \u00e8 molto moderno e ...\",\"breadcrumb\":{\"@id\":\"https:\\\/\\\/colourofstone.com\\\/it\\\/shop\\\/pietra-naturale\\\/pavimento\\\/nero-africa-impala-2cm\\\/#breadcrumb\"},\"inLanguage\":\"it-IT\",\"potentialAction\":[{\"@type\":\"ReadAction\",\"target\":[\"https:\\\/\\\/colourofstone.com\\\/it\\\/shop\\\/pietra-naturale\\\/pavimento\\\/nero-africa-impala-2cm\\\/\"]}]},{\"@type\":\"ImageObject\",\"inLanguage\":\"it-IT\",\"@id\":\"https:\\\/\\\/colourofstone.com\\\/it\\\/shop\\\/pietra-naturale\\\/pavimento\\\/nero-africa-impala-2cm\\\/#primaryimage\",\"url\":\"https:\\\/\\\/colourofstone.com\\\/wp-content\\\/uploads\\\/Nero-Impala-1600.jpg\",\"contentUrl\":\"https:\\\/\\\/colourofstone.com\\\/wp-content\\\/uploads\\\/Nero-Impala-1600.jpg\",\"width\":1600,\"height\":1600,\"caption\":\"Nero Impala\"},{\"@type\":\"BreadcrumbList\",\"@id\":\"https:\\\/\\\/colourofstone.com\\\/it\\\/shop\\\/pietra-naturale\\\/pavimento\\\/nero-africa-impala-2cm\\\/#breadcrumb\",\"itemListElement\":[{\"@type\":\"ListItem\",\"position\":1,\"name\":\"Home\",\"item\":\"https:\\\/\\\/colourofstone.com\\\/it\\\/\"},{\"@type\":\"ListItem\",\"position\":2,\"name\":\"Shop\",\"item\":\"https:\\\/\\\/colourofstone.com\\\/it\\\/shop\\\/\"},{\"@type\":\"ListItem\",\"position\":3,\"name\":\"Granito\",\"item\":\"https:\\\/\\\/colourofstone.com\\\/it\\\/material\\\/granito\\\/\"},{\"@type\":\"ListItem\",\"position\":4,\"name\":\"Nero Africa Impala\"}]},{\"@type\":\"WebSite\",\"@id\":\"https:\\\/\\\/colourofstone.com\\\/it\\\/#website\",\"url\":\"https:\\\/\\\/colourofstone.com\\\/it\\\/\",\"name\":\"Colour of Stone\",\"description\":\"Fliesen, Haus und Garten Produkte aus Naturstein - Online Shop\",\"publisher\":{\"@id\":\"https:\\\/\\\/colourofstone.com\\\/it\\\/#organization\"},\"potentialAction\":[{\"@type\":\"SearchAction\",\"target\":{\"@type\":\"EntryPoint\",\"urlTemplate\":\"https:\\\/\\\/colourofstone.com\\\/it\\\/?s={search_term_string}\"},\"query-input\":{\"@type\":\"PropertyValueSpecification\",\"valueRequired\":true,\"valueName\":\"search_term_string\"}}],\"inLanguage\":\"it-IT\"},{\"@type\":\"Organization\",\"@id\":\"https:\\\/\\\/colourofstone.com\\\/it\\\/#organization\",\"name\":\"Colour of Stone GmbH\",\"url\":\"https:\\\/\\\/colourofstone.com\\\/it\\\/\",\"logo\":{\"@type\":\"ImageObject\",\"inLanguage\":\"it-IT\",\"@id\":\"https:\\\/\\\/colourofstone.com\\\/it\\\/#\\\/schema\\\/logo\\\/image\\\/\",\"url\":\"https:\\\/\\\/colourofstone.com\\\/wp-content\\\/uploads\\\/99FC1526-DF3B-44F1-9816-9278D3194252-scaled.jpeg\",\"contentUrl\":\"https:\\\/\\\/colourofstone.com\\\/wp-content\\\/uploads\\\/99FC1526-DF3B-44F1-9816-9278D3194252-scaled.jpeg\",\"width\":2125,\"height\":2560,\"caption\":\"Colour of Stone GmbH\"},\"image\":{\"@id\":\"https:\\\/\\\/colourofstone.com\\\/it\\\/#\\\/schema\\\/logo\\\/image\\\/\"},\"sameAs\":[\"https:\\\/\\\/www.instagram.com\\\/colourofstone\\\/\"]}]}<\/script>\n<!-- \/ Yoast SEO plugin. -->","yoast_head_json":{"title":"Nero Africa Impala - Norite Pavimento spedizione gratuito - Colour of Stone","description":"Nero Africa Impala \u00e8 un granito (norite) nero uniforme molto popolare proveniente dal Sudafrica. L'aspetto come piastrella \u00e8 molto moderno e ...","robots":{"index":"index","follow":"follow","max-snippet":"max-snippet:-1","max-image-preview":"max-image-preview:large","max-video-preview":"max-video-preview:-1"},"canonical":"https:\/\/colourofstone.com\/it\/shop\/pietra-naturale\/pavimento\/nero-africa-impala-2cm\/","og_locale":"it_IT","og_type":"article","og_title":"Nero Africa Impala - Norite Pavimento spedizione gratuito - Colour of Stone","og_description":"Nero Africa Impala \u00e8 un granito (norite) nero uniforme molto popolare proveniente dal Sudafrica. L'aspetto come piastrella \u00e8 molto moderno e ...","og_url":"https:\/\/colourofstone.com\/it\/shop\/pietra-naturale\/pavimento\/nero-africa-impala-2cm\/","og_site_name":"Colour of Stone","article_modified_time":"2023-02-11T12:27:57+00:00","og_image":[{"width":1600,"height":1600,"url":"https:\/\/colourofstone.com\/wp-content\/uploads\/Nero-Impala-1600.jpg","type":"image\/jpeg"}],"twitter_card":"summary_large_image","schema":{"@context":"https:\/\/schema.org","@graph":[{"@type":"WebPage","@id":"https:\/\/colourofstone.com\/it\/shop\/pietra-naturale\/pavimento\/nero-africa-impala-2cm\/","url":"https:\/\/colourofstone.com\/it\/shop\/pietra-naturale\/pavimento\/nero-africa-impala-2cm\/","name":"Nero Africa Impala - Norite Pavimento spedizione gratuito - Colour of Stone","isPartOf":{"@id":"https:\/\/colourofstone.com\/it\/#website"},"primaryImageOfPage":{"@id":"https:\/\/colourofstone.com\/it\/shop\/pietra-naturale\/pavimento\/nero-africa-impala-2cm\/#primaryimage"},"image":{"@id":"https:\/\/colourofstone.com\/it\/shop\/pietra-naturale\/pavimento\/nero-africa-impala-2cm\/#primaryimage"},"thumbnailUrl":"https:\/\/colourofstone.com\/wp-content\/uploads\/Nero-Impala-1600.jpg","datePublished":"2022-11-09T21:15:51+00:00","dateModified":"2023-02-11T12:27:57+00:00","description":"Nero Africa Impala \u00e8 un granito (norite) nero uniforme molto popolare proveniente dal Sudafrica. L'aspetto come piastrella \u00e8 molto moderno e ...","breadcrumb":{"@id":"https:\/\/colourofstone.com\/it\/shop\/pietra-naturale\/pavimento\/nero-africa-impala-2cm\/#breadcrumb"},"inLanguage":"it-IT","potentialAction":[{"@type":"ReadAction","target":["https:\/\/colourofstone.com\/it\/shop\/pietra-naturale\/pavimento\/nero-africa-impala-2cm\/"]}]},{"@type":"ImageObject","inLanguage":"it-IT","@id":"https:\/\/colourofstone.com\/it\/shop\/pietra-naturale\/pavimento\/nero-africa-impala-2cm\/#primaryimage","url":"https:\/\/colourofstone.com\/wp-content\/uploads\/Nero-Impala-1600.jpg","contentUrl":"https:\/\/colourofstone.com\/wp-content\/uploads\/Nero-Impala-1600.jpg","width":1600,"height":1600,"caption":"Nero Impala"},{"@type":"BreadcrumbList","@id":"https:\/\/colourofstone.com\/it\/shop\/pietra-naturale\/pavimento\/nero-africa-impala-2cm\/#breadcrumb","itemListElement":[{"@type":"ListItem","position":1,"name":"Home","item":"https:\/\/colourofstone.com\/it\/"},{"@type":"ListItem","position":2,"name":"Shop","item":"https:\/\/colourofstone.com\/it\/shop\/"},{"@type":"ListItem","position":3,"name":"Granito","item":"https:\/\/colourofstone.com\/it\/material\/granito\/"},{"@type":"ListItem","position":4,"name":"Nero Africa Impala"}]},{"@type":"WebSite","@id":"https:\/\/colourofstone.com\/it\/#website","url":"https:\/\/colourofstone.com\/it\/","name":"Colour of Stone","description":"Fliesen, Haus und Garten Produkte aus Naturstein - Online Shop","publisher":{"@id":"https:\/\/colourofstone.com\/it\/#organization"},"potentialAction":[{"@type":"SearchAction","target":{"@type":"EntryPoint","urlTemplate":"https:\/\/colourofstone.com\/it\/?s={search_term_string}"},"query-input":{"@type":"PropertyValueSpecification","valueRequired":true,"valueName":"search_term_string"}}],"inLanguage":"it-IT"},{"@type":"Organization","@id":"https:\/\/colourofstone.com\/it\/#organization","name":"Colour of Stone GmbH","url":"https:\/\/colourofstone.com\/it\/","logo":{"@type":"ImageObject","inLanguage":"it-IT","@id":"https:\/\/colourofstone.com\/it\/#\/schema\/logo\/image\/","url":"https:\/\/colourofstone.com\/wp-content\/uploads\/99FC1526-DF3B-44F1-9816-9278D3194252-scaled.jpeg","contentUrl":"https:\/\/colourofstone.com\/wp-content\/uploads\/99FC1526-DF3B-44F1-9816-9278D3194252-scaled.jpeg","width":2125,"height":2560,"caption":"Colour of Stone GmbH"},"image":{"@id":"https:\/\/colourofstone.com\/it\/#\/schema\/logo\/image\/"},"sameAs":["https:\/\/www.instagram.com\/colourofstone\/"]}]}},"_links":{"self":[{"href":"https:\/\/colourofstone.com\/it\/wp-json\/wp\/v2\/product\/51298","targetHints":{"allow":["GET"]}}],"collection":[{"href":"https:\/\/colourofstone.com\/it\/wp-json\/wp\/v2\/product"}],"about":[{"href":"https:\/\/colourofstone.com\/it\/wp-json\/wp\/v2\/types\/product"}],"wp:featuredmedia":[{"embeddable":true,"href":"https:\/\/colourofstone.com\/it\/wp-json\/wp\/v2\/media\/45657"}],"wp:attachment":[{"href":"https:\/\/colourofstone.com\/it\/wp-json\/wp\/v2\/media?parent=51298"}],"wp:term":[{"taxonomy":"product_brand","embeddable":true,"href":"https:\/\/colourofstone.com\/it\/wp-json\/wp\/v2\/product_brand?post=51298"},{"taxonomy":"product_cat","embeddable":true,"href":"https:\/\/colourofstone.com\/it\/wp-json\/wp\/v2\/product_cat?post=51298"},{"taxonomy":"product_tag","embeddable":true,"href":"https:\/\/colourofstone.com\/it\/wp-json\/wp\/v2\/product_tag?post=51298"}],"curies":[{"name":"wp","href":"https:\/\/api.w.org\/{rel}","templated":true}]}}