{"id":63497,"date":"2023-04-29T09:41:32","date_gmt":"2023-04-29T09:41:50","guid":{"rendered":"https:\/\/colourofstone.com\/?post_type=product&#038;p=63497"},"modified":"2023-04-29T20:29:50","modified_gmt":"2023-04-29T20:29:50","slug":"travertino-navona-stuccato-2cm","status":"publish","type":"product","link":"https:\/\/colourofstone.com\/it\/shop\/pietra-naturale\/pavimento\/travertino-navona-stuccato-2cm\/","title":{"rendered":"Travertino Navona (stuccato)"},"content":{"rendered":"<p>Il Travertino Navona colpisce per il suo colore chiaro e caldo. Il Travertino Navona \u00e8 caratterizzato da striature color avorio; pi\u00f9 chiaro del travertino classico, \u00e8 dotato di una maggiore luminosit\u00e0 che si riflette sugli ambienti e dona una spiccata componente elegante. Questo travertino viene estratto vicino a Tivoli, ad est di Roma.<\/p>\n<p>&nbsp;<\/p>\n<p>Il travertino viene sempre fornito stuccato. \u00c8 possibile, tramite e-mail, inviare richieste di informazioni sul travertino a foro aperto.<\/p>\n<p>&nbsp;<\/p>\n<p>Non \u00e8 resistente al gelo e agli acidi. \u00c8 perfetto per l\u2018uso in ambienti interni asciutti. Con l&#8217;adeguata attenzione, per\u00f2, se ne pu\u00f2 valutare anche l\u2019utilizzo in ambienti differenti.<\/p>\n\n        <script>\n        function toggleInchInfo(el) {\n            const infoBox = el.nextElementSibling;\n            if (infoBox.style.display === \"none\") {\n                infoBox.style.display = \"inline\";\n            } else {\n                infoBox.style.display = \"none\";\n            }\n        }\n        <\/script>\n        <style>\n            .cm-info {\n                cursor: pointer;\n                color: #0073aa;\n                font-weight: bold;\n                margin-left: 4px;\n            }\n            .inch-info {\n                display: none;\n                background: #f8f8f8;\n                border: 1px solid #ccc;\n                padding: 4px 8px;\n                margin-left: 5px;\n                font-size: 0.9em;\n                border-radius: 4px;\n            }\n        <\/style>","protected":false},"excerpt":{"rendered":"<p>Il Travertino Navona colpisce per il suo colore chiaro e caldo. Il Travertino Navona \u00e8 caratterizzato da striature color avorio; pi\u00f9 chiaro del travertino classico, \u00e8 dotato di una maggiore luminosit\u00e0 che si riflette sugli ambienti e dona una spiccata componente elegante. Questo travertino viene estratto vicino a Tivoli, ad est di Roma. &nbsp; Il <a href=\"https:\/\/colourofstone.com\/it\/shop\/pietra-naturale\/pavimento\/travertino-navona-stuccato-2cm\/\" class=\"more-link\">&#8230;<\/a><\/p>\n","protected":false},"featured_media":29189,"template":"","meta":[],"product_brand":[],"product_cat":[2347],"product_tag":[],"class_list":{"0":"post-63497","1":"product","2":"type-product","3":"status-publish","4":"has-post-thumbnail","6":"product_cat-pavimento","7":"pa_farbe-beige","8":"pa_farbe-chiaro","9":"pa_masseinheit-30-x-30-cm","10":"pa_masseinheit-60-x-30-cm","11":"pa_masseinheit-40-x-40-cm","12":"pa_masseinheit-60-x-40-cm","13":"pa_masseinheit-60-x-60-cm","14":"pa_material-travertino","15":"pa_oberflaeche-lucido","16":"pa_oberflaeche-levigato","17":"pa_oberflaeche-spazzolato","19":"first","20":"instock","21":"taxable","22":"shipping-taxable","23":"purchasable","24":"product-type-variable","25":"has-default-attributes"},"yoast_head":"<!-- This site is optimized with the Yoast SEO plugin v27.3 - https:\/\/yoast.com\/product\/yoast-seo-wordpress\/ -->\n<title>Travertino Navona (stuccato) - Travertino Pavimento spedizione gratuito - Colour of Stone<\/title>\n<meta name=\"description\" content=\"Il Travertino Navona colpisce per il suo colore chiaro e caldo. Il Travertino Navona \u00e8 caratterizzato da striature color avorio; pi\u00f9 chiaro del travertino ...\" \/>\n<meta name=\"robots\" content=\"index, follow, max-snippet:-1, max-image-preview:large, max-video-preview:-1\" \/>\n<link rel=\"canonical\" href=\"https:\/\/colourofstone.com\/it\/shop\/pietra-naturale\/pavimento\/travertino-navona-stuccato-2cm\/\" \/>\n<meta property=\"og:locale\" content=\"it_IT\" \/>\n<meta property=\"og:type\" content=\"article\" \/>\n<meta property=\"og:title\" content=\"Travertino Navona (stuccato) - Travertino Pavimento spedizione gratuito - Colour of Stone\" \/>\n<meta property=\"og:description\" content=\"Il Travertino Navona colpisce per il suo colore chiaro e caldo. Il Travertino Navona \u00e8 caratterizzato da striature color avorio; pi\u00f9 chiaro del travertino ...\" \/>\n<meta property=\"og:url\" content=\"https:\/\/colourofstone.com\/it\/shop\/pietra-naturale\/pavimento\/travertino-navona-stuccato-2cm\/\" \/>\n<meta property=\"og:site_name\" content=\"Colour of Stone\" \/>\n<meta property=\"article:modified_time\" content=\"2023-04-29T20:29:50+00:00\" \/>\n<meta property=\"og:image\" content=\"https:\/\/colourofstone.com\/wp-content\/uploads\/TravertinoNavona1.jpg\" \/>\n\t<meta property=\"og:image:width\" content=\"1600\" \/>\n\t<meta property=\"og:image:height\" content=\"1600\" \/>\n\t<meta property=\"og:image:type\" content=\"image\/jpeg\" \/>\n<meta name=\"twitter:card\" content=\"summary_large_image\" \/>\n<meta name=\"twitter:label1\" content=\"Tempo di lettura stimato\" \/>\n\t<meta name=\"twitter:data1\" content=\"1 minuto\" \/>\n<script type=\"application\/ld+json\" class=\"yoast-schema-graph\">{\"@context\":\"https:\\\/\\\/schema.org\",\"@graph\":[{\"@type\":\"WebPage\",\"@id\":\"https:\\\/\\\/colourofstone.com\\\/it\\\/shop\\\/pietra-naturale\\\/pavimento\\\/travertino-navona-stuccato-2cm\\\/\",\"url\":\"https:\\\/\\\/colourofstone.com\\\/it\\\/shop\\\/pietra-naturale\\\/pavimento\\\/travertino-navona-stuccato-2cm\\\/\",\"name\":\"Travertino Navona (stuccato) - Travertino Pavimento spedizione gratuito - Colour of Stone\",\"isPartOf\":{\"@id\":\"https:\\\/\\\/colourofstone.com\\\/it\\\/#website\"},\"primaryImageOfPage\":{\"@id\":\"https:\\\/\\\/colourofstone.com\\\/it\\\/shop\\\/pietra-naturale\\\/pavimento\\\/travertino-navona-stuccato-2cm\\\/#primaryimage\"},\"image\":{\"@id\":\"https:\\\/\\\/colourofstone.com\\\/it\\\/shop\\\/pietra-naturale\\\/pavimento\\\/travertino-navona-stuccato-2cm\\\/#primaryimage\"},\"thumbnailUrl\":\"https:\\\/\\\/colourofstone.com\\\/wp-content\\\/uploads\\\/TravertinoNavona1.jpg\",\"datePublished\":\"2023-04-29T09:41:50+00:00\",\"dateModified\":\"2023-04-29T20:29:50+00:00\",\"description\":\"Il Travertino Navona colpisce per il suo colore chiaro e caldo. Il Travertino Navona \u00e8 caratterizzato da striature color avorio; pi\u00f9 chiaro del travertino ...\",\"breadcrumb\":{\"@id\":\"https:\\\/\\\/colourofstone.com\\\/it\\\/shop\\\/pietra-naturale\\\/pavimento\\\/travertino-navona-stuccato-2cm\\\/#breadcrumb\"},\"inLanguage\":\"it-IT\",\"potentialAction\":[{\"@type\":\"ReadAction\",\"target\":[\"https:\\\/\\\/colourofstone.com\\\/it\\\/shop\\\/pietra-naturale\\\/pavimento\\\/travertino-navona-stuccato-2cm\\\/\"]}]},{\"@type\":\"ImageObject\",\"inLanguage\":\"it-IT\",\"@id\":\"https:\\\/\\\/colourofstone.com\\\/it\\\/shop\\\/pietra-naturale\\\/pavimento\\\/travertino-navona-stuccato-2cm\\\/#primaryimage\",\"url\":\"https:\\\/\\\/colourofstone.com\\\/wp-content\\\/uploads\\\/TravertinoNavona1.jpg\",\"contentUrl\":\"https:\\\/\\\/colourofstone.com\\\/wp-content\\\/uploads\\\/TravertinoNavona1.jpg\",\"width\":1600,\"height\":1600,\"caption\":\"Travertino Navona\"},{\"@type\":\"BreadcrumbList\",\"@id\":\"https:\\\/\\\/colourofstone.com\\\/it\\\/shop\\\/pietra-naturale\\\/pavimento\\\/travertino-navona-stuccato-2cm\\\/#breadcrumb\",\"itemListElement\":[{\"@type\":\"ListItem\",\"position\":1,\"name\":\"Home\",\"item\":\"https:\\\/\\\/colourofstone.com\\\/it\\\/\"},{\"@type\":\"ListItem\",\"position\":2,\"name\":\"Shop\",\"item\":\"https:\\\/\\\/colourofstone.com\\\/it\\\/shop\\\/\"},{\"@type\":\"ListItem\",\"position\":3,\"name\":\"Travertino\",\"item\":\"https:\\\/\\\/colourofstone.com\\\/it\\\/material\\\/travertino\\\/\"},{\"@type\":\"ListItem\",\"position\":4,\"name\":\"Travertino Navona (stuccato)\"}]},{\"@type\":\"WebSite\",\"@id\":\"https:\\\/\\\/colourofstone.com\\\/it\\\/#website\",\"url\":\"https:\\\/\\\/colourofstone.com\\\/it\\\/\",\"name\":\"Colour of Stone\",\"description\":\"Fliesen, Haus und Garten Produkte aus Naturstein - Online Shop\",\"publisher\":{\"@id\":\"https:\\\/\\\/colourofstone.com\\\/it\\\/#organization\"},\"potentialAction\":[{\"@type\":\"SearchAction\",\"target\":{\"@type\":\"EntryPoint\",\"urlTemplate\":\"https:\\\/\\\/colourofstone.com\\\/it\\\/?s={search_term_string}\"},\"query-input\":{\"@type\":\"PropertyValueSpecification\",\"valueRequired\":true,\"valueName\":\"search_term_string\"}}],\"inLanguage\":\"it-IT\"},{\"@type\":\"Organization\",\"@id\":\"https:\\\/\\\/colourofstone.com\\\/it\\\/#organization\",\"name\":\"Colour of Stone GmbH\",\"url\":\"https:\\\/\\\/colourofstone.com\\\/it\\\/\",\"logo\":{\"@type\":\"ImageObject\",\"inLanguage\":\"it-IT\",\"@id\":\"https:\\\/\\\/colourofstone.com\\\/it\\\/#\\\/schema\\\/logo\\\/image\\\/\",\"url\":\"https:\\\/\\\/colourofstone.com\\\/wp-content\\\/uploads\\\/99FC1526-DF3B-44F1-9816-9278D3194252-scaled.jpeg\",\"contentUrl\":\"https:\\\/\\\/colourofstone.com\\\/wp-content\\\/uploads\\\/99FC1526-DF3B-44F1-9816-9278D3194252-scaled.jpeg\",\"width\":2125,\"height\":2560,\"caption\":\"Colour of Stone GmbH\"},\"image\":{\"@id\":\"https:\\\/\\\/colourofstone.com\\\/it\\\/#\\\/schema\\\/logo\\\/image\\\/\"},\"sameAs\":[\"https:\\\/\\\/www.instagram.com\\\/colourofstone\\\/\"]}]}<\/script>\n<!-- \/ Yoast SEO plugin. -->","yoast_head_json":{"title":"Travertino Navona (stuccato) - Travertino Pavimento spedizione gratuito - Colour of Stone","description":"Il Travertino Navona colpisce per il suo colore chiaro e caldo. Il Travertino Navona \u00e8 caratterizzato da striature color avorio; pi\u00f9 chiaro del travertino ...","robots":{"index":"index","follow":"follow","max-snippet":"max-snippet:-1","max-image-preview":"max-image-preview:large","max-video-preview":"max-video-preview:-1"},"canonical":"https:\/\/colourofstone.com\/it\/shop\/pietra-naturale\/pavimento\/travertino-navona-stuccato-2cm\/","og_locale":"it_IT","og_type":"article","og_title":"Travertino Navona (stuccato) - Travertino Pavimento spedizione gratuito - Colour of Stone","og_description":"Il Travertino Navona colpisce per il suo colore chiaro e caldo. Il Travertino Navona \u00e8 caratterizzato da striature color avorio; pi\u00f9 chiaro del travertino ...","og_url":"https:\/\/colourofstone.com\/it\/shop\/pietra-naturale\/pavimento\/travertino-navona-stuccato-2cm\/","og_site_name":"Colour of Stone","article_modified_time":"2023-04-29T20:29:50+00:00","og_image":[{"width":1600,"height":1600,"url":"https:\/\/colourofstone.com\/wp-content\/uploads\/TravertinoNavona1.jpg","type":"image\/jpeg"}],"twitter_card":"summary_large_image","twitter_misc":{"Tempo di lettura stimato":"1 minuto"},"schema":{"@context":"https:\/\/schema.org","@graph":[{"@type":"WebPage","@id":"https:\/\/colourofstone.com\/it\/shop\/pietra-naturale\/pavimento\/travertino-navona-stuccato-2cm\/","url":"https:\/\/colourofstone.com\/it\/shop\/pietra-naturale\/pavimento\/travertino-navona-stuccato-2cm\/","name":"Travertino Navona (stuccato) - Travertino Pavimento spedizione gratuito - Colour of Stone","isPartOf":{"@id":"https:\/\/colourofstone.com\/it\/#website"},"primaryImageOfPage":{"@id":"https:\/\/colourofstone.com\/it\/shop\/pietra-naturale\/pavimento\/travertino-navona-stuccato-2cm\/#primaryimage"},"image":{"@id":"https:\/\/colourofstone.com\/it\/shop\/pietra-naturale\/pavimento\/travertino-navona-stuccato-2cm\/#primaryimage"},"thumbnailUrl":"https:\/\/colourofstone.com\/wp-content\/uploads\/TravertinoNavona1.jpg","datePublished":"2023-04-29T09:41:50+00:00","dateModified":"2023-04-29T20:29:50+00:00","description":"Il Travertino Navona colpisce per il suo colore chiaro e caldo. Il Travertino Navona \u00e8 caratterizzato da striature color avorio; pi\u00f9 chiaro del travertino ...","breadcrumb":{"@id":"https:\/\/colourofstone.com\/it\/shop\/pietra-naturale\/pavimento\/travertino-navona-stuccato-2cm\/#breadcrumb"},"inLanguage":"it-IT","potentialAction":[{"@type":"ReadAction","target":["https:\/\/colourofstone.com\/it\/shop\/pietra-naturale\/pavimento\/travertino-navona-stuccato-2cm\/"]}]},{"@type":"ImageObject","inLanguage":"it-IT","@id":"https:\/\/colourofstone.com\/it\/shop\/pietra-naturale\/pavimento\/travertino-navona-stuccato-2cm\/#primaryimage","url":"https:\/\/colourofstone.com\/wp-content\/uploads\/TravertinoNavona1.jpg","contentUrl":"https:\/\/colourofstone.com\/wp-content\/uploads\/TravertinoNavona1.jpg","width":1600,"height":1600,"caption":"Travertino Navona"},{"@type":"BreadcrumbList","@id":"https:\/\/colourofstone.com\/it\/shop\/pietra-naturale\/pavimento\/travertino-navona-stuccato-2cm\/#breadcrumb","itemListElement":[{"@type":"ListItem","position":1,"name":"Home","item":"https:\/\/colourofstone.com\/it\/"},{"@type":"ListItem","position":2,"name":"Shop","item":"https:\/\/colourofstone.com\/it\/shop\/"},{"@type":"ListItem","position":3,"name":"Travertino","item":"https:\/\/colourofstone.com\/it\/material\/travertino\/"},{"@type":"ListItem","position":4,"name":"Travertino Navona (stuccato)"}]},{"@type":"WebSite","@id":"https:\/\/colourofstone.com\/it\/#website","url":"https:\/\/colourofstone.com\/it\/","name":"Colour of Stone","description":"Fliesen, Haus und Garten Produkte aus Naturstein - Online Shop","publisher":{"@id":"https:\/\/colourofstone.com\/it\/#organization"},"potentialAction":[{"@type":"SearchAction","target":{"@type":"EntryPoint","urlTemplate":"https:\/\/colourofstone.com\/it\/?s={search_term_string}"},"query-input":{"@type":"PropertyValueSpecification","valueRequired":true,"valueName":"search_term_string"}}],"inLanguage":"it-IT"},{"@type":"Organization","@id":"https:\/\/colourofstone.com\/it\/#organization","name":"Colour of Stone GmbH","url":"https:\/\/colourofstone.com\/it\/","logo":{"@type":"ImageObject","inLanguage":"it-IT","@id":"https:\/\/colourofstone.com\/it\/#\/schema\/logo\/image\/","url":"https:\/\/colourofstone.com\/wp-content\/uploads\/99FC1526-DF3B-44F1-9816-9278D3194252-scaled.jpeg","contentUrl":"https:\/\/colourofstone.com\/wp-content\/uploads\/99FC1526-DF3B-44F1-9816-9278D3194252-scaled.jpeg","width":2125,"height":2560,"caption":"Colour of Stone GmbH"},"image":{"@id":"https:\/\/colourofstone.com\/it\/#\/schema\/logo\/image\/"},"sameAs":["https:\/\/www.instagram.com\/colourofstone\/"]}]}},"_links":{"self":[{"href":"https:\/\/colourofstone.com\/it\/wp-json\/wp\/v2\/product\/63497","targetHints":{"allow":["GET"]}}],"collection":[{"href":"https:\/\/colourofstone.com\/it\/wp-json\/wp\/v2\/product"}],"about":[{"href":"https:\/\/colourofstone.com\/it\/wp-json\/wp\/v2\/types\/product"}],"wp:featuredmedia":[{"embeddable":true,"href":"https:\/\/colourofstone.com\/it\/wp-json\/wp\/v2\/media\/29189"}],"wp:attachment":[{"href":"https:\/\/colourofstone.com\/it\/wp-json\/wp\/v2\/media?parent=63497"}],"wp:term":[{"taxonomy":"product_brand","embeddable":true,"href":"https:\/\/colourofstone.com\/it\/wp-json\/wp\/v2\/product_brand?post=63497"},{"taxonomy":"product_cat","embeddable":true,"href":"https:\/\/colourofstone.com\/it\/wp-json\/wp\/v2\/product_cat?post=63497"},{"taxonomy":"product_tag","embeddable":true,"href":"https:\/\/colourofstone.com\/it\/wp-json\/wp\/v2\/product_tag?post=63497"}],"curies":[{"name":"wp","href":"https:\/\/api.w.org\/{rel}","templated":true}]}}