{"id":7846,"date":"2021-03-20T01:29:33","date_gmt":"2020-07-09T09:21:33","guid":{"rendered":"https:\/\/colourofstone.com\/shop\/senza-categoria\/nembro-rosato-it\/"},"modified":"2023-02-11T08:20:26","modified_gmt":"2023-02-11T08:20:26","slug":"nembro-rosato","status":"publish","type":"product","link":"https:\/\/colourofstone.com\/it\/shop\/pietra-naturale\/piastrelle\/nembro-rosato\/","title":{"rendered":"Nembro Rosato"},"content":{"rendered":"<p>Il Nembro Rosato \u00e8 un marmo molto raro. La produttivit\u00e0 della cava Nembro Rosato presso Zandobbio in provincia di Bergamo \u00e8 limitata. Il suo aspetto rossastro chiaro si sposa perfettamente con lo stile di arredamento classico.<\/p>\n<p>&nbsp;<\/p>\n<p>Non \u00e8 resistente al gelo e agli acidi. \u00c8 perfetto per l\u2018uso in ambienti interni asciutti. Con l&#8217;adeguata attenzione, per\u00f2, se ne pu\u00f2 valutare anche l\u2019utilizzo in ambienti differenti.<\/p>\n\n        <script>\n        function toggleInchInfo(el) {\n            const infoBox = el.nextElementSibling;\n            if (infoBox.style.display === \"none\") {\n                infoBox.style.display = \"inline\";\n            } else {\n                infoBox.style.display = \"none\";\n            }\n        }\n        <\/script>\n        <style>\n            .cm-info {\n                cursor: pointer;\n                color: #0073aa;\n                font-weight: bold;\n                margin-left: 4px;\n            }\n            .inch-info {\n                display: none;\n                background: #f8f8f8;\n                border: 1px solid #ccc;\n                padding: 4px 8px;\n                margin-left: 5px;\n                font-size: 0.9em;\n                border-radius: 4px;\n            }\n        <\/style>","protected":false},"excerpt":{"rendered":"<p>Il Nembro Rosato \u00e8 un marmo molto raro. La produttivit\u00e0 della cava Nembro Rosato presso Zandobbio in provincia di Bergamo \u00e8 limitata. Il suo aspetto rossastro chiaro si sposa perfettamente con lo stile di arredamento classico. &nbsp; Non \u00e8 resistente al gelo e agli acidi. \u00c8 perfetto per l\u2018uso in ambienti interni asciutti. Con l&#8217;adeguata <a href=\"https:\/\/colourofstone.com\/it\/shop\/pietra-naturale\/piastrelle\/nembro-rosato\/\" class=\"more-link\">&#8230;<\/a><\/p>\n","protected":false},"featured_media":28251,"template":"","meta":[],"product_brand":[],"product_cat":[523],"product_tag":[],"class_list":{"0":"post-7846","1":"product","2":"type-product","3":"status-publish","4":"has-post-thumbnail","6":"product_cat-piastrelle","7":"pa_farbe-rosa","8":"pa_farbe-rosso","9":"pa_farbe-chiaro","10":"pa_masseinheit-305-x-305-cm","11":"pa_masseinheit-61-x-305-cm","12":"pa_masseinheit-40-x-40-cm","13":"pa_material-marmo","14":"pa_oberflaeche-lucido","15":"pa_oberflaeche-levigato","16":"pa_oberflaeche-spazzolato","18":"first","19":"instock","20":"taxable","21":"shipping-taxable","22":"purchasable","23":"product-type-variable","24":"has-default-attributes"},"yoast_head":"<!-- This site is optimized with the Yoast SEO plugin v27.3 - https:\/\/yoast.com\/product\/yoast-seo-wordpress\/ -->\n<title>Nembro Rosato - Marmo Piastrelle spedizione gratuito - Colour of Stone<\/title>\n<meta name=\"description\" content=\"Il Nembro Rosato \u00e8 un marmo molto raro. La produttivit\u00e0 della cava Nembro Rosato presso Zandobbio in provincia di Bergamo \u00e8 limitata. Il suo aspetto ...\" \/>\n<meta name=\"robots\" content=\"index, follow, max-snippet:-1, max-image-preview:large, max-video-preview:-1\" \/>\n<link rel=\"canonical\" href=\"https:\/\/colourofstone.com\/it\/shop\/pietra-naturale\/piastrelle\/nembro-rosato\/\" \/>\n<meta property=\"og:locale\" content=\"it_IT\" \/>\n<meta property=\"og:type\" content=\"article\" \/>\n<meta property=\"og:title\" content=\"Nembro Rosato - Marmo Piastrelle spedizione gratuito - Colour of Stone\" \/>\n<meta property=\"og:description\" content=\"Il Nembro Rosato \u00e8 un marmo molto raro. La produttivit\u00e0 della cava Nembro Rosato presso Zandobbio in provincia di Bergamo \u00e8 limitata. Il suo aspetto ...\" \/>\n<meta property=\"og:url\" content=\"https:\/\/colourofstone.com\/it\/shop\/pietra-naturale\/piastrelle\/nembro-rosato\/\" \/>\n<meta property=\"og:site_name\" content=\"Colour of Stone\" \/>\n<meta property=\"article:modified_time\" content=\"2023-02-11T08:20:26+00:00\" \/>\n<meta property=\"og:image\" content=\"https:\/\/colourofstone.com\/wp-content\/uploads\/NembroRosato1.jpg\" \/>\n\t<meta property=\"og:image:width\" content=\"1600\" \/>\n\t<meta property=\"og:image:height\" content=\"1600\" \/>\n\t<meta property=\"og:image:type\" content=\"image\/jpeg\" \/>\n<meta name=\"twitter:card\" content=\"summary_large_image\" \/>\n<meta name=\"twitter:label1\" content=\"Tempo di lettura stimato\" \/>\n\t<meta name=\"twitter:data1\" content=\"1 minuto\" \/>\n<script type=\"application\/ld+json\" class=\"yoast-schema-graph\">{\"@context\":\"https:\\\/\\\/schema.org\",\"@graph\":[{\"@type\":\"WebPage\",\"@id\":\"https:\\\/\\\/colourofstone.com\\\/it\\\/shop\\\/pietra-naturale\\\/piastrelle\\\/nembro-rosato\\\/\",\"url\":\"https:\\\/\\\/colourofstone.com\\\/it\\\/shop\\\/pietra-naturale\\\/piastrelle\\\/nembro-rosato\\\/\",\"name\":\"Nembro Rosato - Marmo Piastrelle spedizione gratuito - Colour of Stone\",\"isPartOf\":{\"@id\":\"https:\\\/\\\/colourofstone.com\\\/it\\\/#website\"},\"primaryImageOfPage\":{\"@id\":\"https:\\\/\\\/colourofstone.com\\\/it\\\/shop\\\/pietra-naturale\\\/piastrelle\\\/nembro-rosato\\\/#primaryimage\"},\"image\":{\"@id\":\"https:\\\/\\\/colourofstone.com\\\/it\\\/shop\\\/pietra-naturale\\\/piastrelle\\\/nembro-rosato\\\/#primaryimage\"},\"thumbnailUrl\":\"https:\\\/\\\/colourofstone.com\\\/wp-content\\\/uploads\\\/NembroRosato1.jpg\",\"datePublished\":\"2020-07-09T09:21:33+00:00\",\"dateModified\":\"2023-02-11T08:20:26+00:00\",\"description\":\"Il Nembro Rosato \u00e8 un marmo molto raro. La produttivit\u00e0 della cava Nembro Rosato presso Zandobbio in provincia di Bergamo \u00e8 limitata. Il suo aspetto ...\",\"breadcrumb\":{\"@id\":\"https:\\\/\\\/colourofstone.com\\\/it\\\/shop\\\/pietra-naturale\\\/piastrelle\\\/nembro-rosato\\\/#breadcrumb\"},\"inLanguage\":\"it-IT\",\"potentialAction\":[{\"@type\":\"ReadAction\",\"target\":[\"https:\\\/\\\/colourofstone.com\\\/it\\\/shop\\\/pietra-naturale\\\/piastrelle\\\/nembro-rosato\\\/\"]}]},{\"@type\":\"ImageObject\",\"inLanguage\":\"it-IT\",\"@id\":\"https:\\\/\\\/colourofstone.com\\\/it\\\/shop\\\/pietra-naturale\\\/piastrelle\\\/nembro-rosato\\\/#primaryimage\",\"url\":\"https:\\\/\\\/colourofstone.com\\\/wp-content\\\/uploads\\\/NembroRosato1.jpg\",\"contentUrl\":\"https:\\\/\\\/colourofstone.com\\\/wp-content\\\/uploads\\\/NembroRosato1.jpg\",\"width\":1600,\"height\":1600,\"caption\":\"Nembro Rosato Beschriftung\"},{\"@type\":\"BreadcrumbList\",\"@id\":\"https:\\\/\\\/colourofstone.com\\\/it\\\/shop\\\/pietra-naturale\\\/piastrelle\\\/nembro-rosato\\\/#breadcrumb\",\"itemListElement\":[{\"@type\":\"ListItem\",\"position\":1,\"name\":\"Home\",\"item\":\"https:\\\/\\\/colourofstone.com\\\/it\\\/\"},{\"@type\":\"ListItem\",\"position\":2,\"name\":\"Shop\",\"item\":\"https:\\\/\\\/colourofstone.com\\\/it\\\/shop\\\/\"},{\"@type\":\"ListItem\",\"position\":3,\"name\":\"Marmo\",\"item\":\"https:\\\/\\\/colourofstone.com\\\/it\\\/material\\\/marmo\\\/\"},{\"@type\":\"ListItem\",\"position\":4,\"name\":\"Nembro Rosato\"}]},{\"@type\":\"WebSite\",\"@id\":\"https:\\\/\\\/colourofstone.com\\\/it\\\/#website\",\"url\":\"https:\\\/\\\/colourofstone.com\\\/it\\\/\",\"name\":\"Colour of Stone\",\"description\":\"Fliesen, Haus und Garten Produkte aus Naturstein - Online Shop\",\"publisher\":{\"@id\":\"https:\\\/\\\/colourofstone.com\\\/it\\\/#organization\"},\"potentialAction\":[{\"@type\":\"SearchAction\",\"target\":{\"@type\":\"EntryPoint\",\"urlTemplate\":\"https:\\\/\\\/colourofstone.com\\\/it\\\/?s={search_term_string}\"},\"query-input\":{\"@type\":\"PropertyValueSpecification\",\"valueRequired\":true,\"valueName\":\"search_term_string\"}}],\"inLanguage\":\"it-IT\"},{\"@type\":\"Organization\",\"@id\":\"https:\\\/\\\/colourofstone.com\\\/it\\\/#organization\",\"name\":\"Colour of Stone GmbH\",\"url\":\"https:\\\/\\\/colourofstone.com\\\/it\\\/\",\"logo\":{\"@type\":\"ImageObject\",\"inLanguage\":\"it-IT\",\"@id\":\"https:\\\/\\\/colourofstone.com\\\/it\\\/#\\\/schema\\\/logo\\\/image\\\/\",\"url\":\"https:\\\/\\\/colourofstone.com\\\/wp-content\\\/uploads\\\/99FC1526-DF3B-44F1-9816-9278D3194252-scaled.jpeg\",\"contentUrl\":\"https:\\\/\\\/colourofstone.com\\\/wp-content\\\/uploads\\\/99FC1526-DF3B-44F1-9816-9278D3194252-scaled.jpeg\",\"width\":2125,\"height\":2560,\"caption\":\"Colour of Stone GmbH\"},\"image\":{\"@id\":\"https:\\\/\\\/colourofstone.com\\\/it\\\/#\\\/schema\\\/logo\\\/image\\\/\"},\"sameAs\":[\"https:\\\/\\\/www.instagram.com\\\/colourofstone\\\/\"]}]}<\/script>\n<!-- \/ Yoast SEO plugin. -->","yoast_head_json":{"title":"Nembro Rosato - Marmo Piastrelle spedizione gratuito - Colour of Stone","description":"Il Nembro Rosato \u00e8 un marmo molto raro. La produttivit\u00e0 della cava Nembro Rosato presso Zandobbio in provincia di Bergamo \u00e8 limitata. Il suo aspetto ...","robots":{"index":"index","follow":"follow","max-snippet":"max-snippet:-1","max-image-preview":"max-image-preview:large","max-video-preview":"max-video-preview:-1"},"canonical":"https:\/\/colourofstone.com\/it\/shop\/pietra-naturale\/piastrelle\/nembro-rosato\/","og_locale":"it_IT","og_type":"article","og_title":"Nembro Rosato - Marmo Piastrelle spedizione gratuito - Colour of Stone","og_description":"Il Nembro Rosato \u00e8 un marmo molto raro. La produttivit\u00e0 della cava Nembro Rosato presso Zandobbio in provincia di Bergamo \u00e8 limitata. Il suo aspetto ...","og_url":"https:\/\/colourofstone.com\/it\/shop\/pietra-naturale\/piastrelle\/nembro-rosato\/","og_site_name":"Colour of Stone","article_modified_time":"2023-02-11T08:20:26+00:00","og_image":[{"width":1600,"height":1600,"url":"https:\/\/colourofstone.com\/wp-content\/uploads\/NembroRosato1.jpg","type":"image\/jpeg"}],"twitter_card":"summary_large_image","twitter_misc":{"Tempo di lettura stimato":"1 minuto"},"schema":{"@context":"https:\/\/schema.org","@graph":[{"@type":"WebPage","@id":"https:\/\/colourofstone.com\/it\/shop\/pietra-naturale\/piastrelle\/nembro-rosato\/","url":"https:\/\/colourofstone.com\/it\/shop\/pietra-naturale\/piastrelle\/nembro-rosato\/","name":"Nembro Rosato - Marmo Piastrelle spedizione gratuito - Colour of Stone","isPartOf":{"@id":"https:\/\/colourofstone.com\/it\/#website"},"primaryImageOfPage":{"@id":"https:\/\/colourofstone.com\/it\/shop\/pietra-naturale\/piastrelle\/nembro-rosato\/#primaryimage"},"image":{"@id":"https:\/\/colourofstone.com\/it\/shop\/pietra-naturale\/piastrelle\/nembro-rosato\/#primaryimage"},"thumbnailUrl":"https:\/\/colourofstone.com\/wp-content\/uploads\/NembroRosato1.jpg","datePublished":"2020-07-09T09:21:33+00:00","dateModified":"2023-02-11T08:20:26+00:00","description":"Il Nembro Rosato \u00e8 un marmo molto raro. La produttivit\u00e0 della cava Nembro Rosato presso Zandobbio in provincia di Bergamo \u00e8 limitata. Il suo aspetto ...","breadcrumb":{"@id":"https:\/\/colourofstone.com\/it\/shop\/pietra-naturale\/piastrelle\/nembro-rosato\/#breadcrumb"},"inLanguage":"it-IT","potentialAction":[{"@type":"ReadAction","target":["https:\/\/colourofstone.com\/it\/shop\/pietra-naturale\/piastrelle\/nembro-rosato\/"]}]},{"@type":"ImageObject","inLanguage":"it-IT","@id":"https:\/\/colourofstone.com\/it\/shop\/pietra-naturale\/piastrelle\/nembro-rosato\/#primaryimage","url":"https:\/\/colourofstone.com\/wp-content\/uploads\/NembroRosato1.jpg","contentUrl":"https:\/\/colourofstone.com\/wp-content\/uploads\/NembroRosato1.jpg","width":1600,"height":1600,"caption":"Nembro Rosato Beschriftung"},{"@type":"BreadcrumbList","@id":"https:\/\/colourofstone.com\/it\/shop\/pietra-naturale\/piastrelle\/nembro-rosato\/#breadcrumb","itemListElement":[{"@type":"ListItem","position":1,"name":"Home","item":"https:\/\/colourofstone.com\/it\/"},{"@type":"ListItem","position":2,"name":"Shop","item":"https:\/\/colourofstone.com\/it\/shop\/"},{"@type":"ListItem","position":3,"name":"Marmo","item":"https:\/\/colourofstone.com\/it\/material\/marmo\/"},{"@type":"ListItem","position":4,"name":"Nembro Rosato"}]},{"@type":"WebSite","@id":"https:\/\/colourofstone.com\/it\/#website","url":"https:\/\/colourofstone.com\/it\/","name":"Colour of Stone","description":"Fliesen, Haus und Garten Produkte aus Naturstein - Online Shop","publisher":{"@id":"https:\/\/colourofstone.com\/it\/#organization"},"potentialAction":[{"@type":"SearchAction","target":{"@type":"EntryPoint","urlTemplate":"https:\/\/colourofstone.com\/it\/?s={search_term_string}"},"query-input":{"@type":"PropertyValueSpecification","valueRequired":true,"valueName":"search_term_string"}}],"inLanguage":"it-IT"},{"@type":"Organization","@id":"https:\/\/colourofstone.com\/it\/#organization","name":"Colour of Stone GmbH","url":"https:\/\/colourofstone.com\/it\/","logo":{"@type":"ImageObject","inLanguage":"it-IT","@id":"https:\/\/colourofstone.com\/it\/#\/schema\/logo\/image\/","url":"https:\/\/colourofstone.com\/wp-content\/uploads\/99FC1526-DF3B-44F1-9816-9278D3194252-scaled.jpeg","contentUrl":"https:\/\/colourofstone.com\/wp-content\/uploads\/99FC1526-DF3B-44F1-9816-9278D3194252-scaled.jpeg","width":2125,"height":2560,"caption":"Colour of Stone GmbH"},"image":{"@id":"https:\/\/colourofstone.com\/it\/#\/schema\/logo\/image\/"},"sameAs":["https:\/\/www.instagram.com\/colourofstone\/"]}]}},"_links":{"self":[{"href":"https:\/\/colourofstone.com\/it\/wp-json\/wp\/v2\/product\/7846","targetHints":{"allow":["GET"]}}],"collection":[{"href":"https:\/\/colourofstone.com\/it\/wp-json\/wp\/v2\/product"}],"about":[{"href":"https:\/\/colourofstone.com\/it\/wp-json\/wp\/v2\/types\/product"}],"wp:featuredmedia":[{"embeddable":true,"href":"https:\/\/colourofstone.com\/it\/wp-json\/wp\/v2\/media\/28251"}],"wp:attachment":[{"href":"https:\/\/colourofstone.com\/it\/wp-json\/wp\/v2\/media?parent=7846"}],"wp:term":[{"taxonomy":"product_brand","embeddable":true,"href":"https:\/\/colourofstone.com\/it\/wp-json\/wp\/v2\/product_brand?post=7846"},{"taxonomy":"product_cat","embeddable":true,"href":"https:\/\/colourofstone.com\/it\/wp-json\/wp\/v2\/product_cat?post=7846"},{"taxonomy":"product_tag","embeddable":true,"href":"https:\/\/colourofstone.com\/it\/wp-json\/wp\/v2\/product_tag?post=7846"}],"curies":[{"name":"wp","href":"https:\/\/api.w.org\/{rel}","templated":true}]}}