{"id":8189,"date":"2021-03-20T01:45:12","date_gmt":"2020-07-09T15:13:12","guid":{"rendered":"https:\/\/colourofstone.com\/shop\/senza-categoria\/thala-grey-it\/"},"modified":"2023-02-11T10:30:09","modified_gmt":"2023-02-11T10:30:09","slug":"thala-beige","status":"publish","type":"product","link":"https:\/\/colourofstone.com\/it\/shop\/pietra-naturale\/piastrelle\/thala-beige\/","title":{"rendered":"Thala Beige"},"content":{"rendered":"<p>Il Thala Beige \u00e8 una pietra calcarea beige. Con una struttura leggera, il Thala Beige \u00e8 una pietra che trasmette calma ed \u00e8 adatta ad una vasta gamma d\u2019usi. Questa pietra viene estratta in Tunisia, in varie cave vicino alla citt\u00e0 di Thala.<\/p>\n<p>&nbsp;<\/p>\n<p>Non \u00e8 resistente al gelo e agli acidi. \u00c8 perfetto per l\u2018uso in ambienti interni asciutti. Con l&#8217;adeguata attenzione, per\u00f2, se ne pu\u00f2 valutare anche l\u2019utilizzo in ambienti differenti.<\/p>\n\n        <script>\n        function toggleInchInfo(el) {\n            const infoBox = el.nextElementSibling;\n            if (infoBox.style.display === \"none\") {\n                infoBox.style.display = \"inline\";\n            } else {\n                infoBox.style.display = \"none\";\n            }\n        }\n        <\/script>\n        <style>\n            .cm-info {\n                cursor: pointer;\n                color: #0073aa;\n                font-weight: bold;\n                margin-left: 4px;\n            }\n            .inch-info {\n                display: none;\n                background: #f8f8f8;\n                border: 1px solid #ccc;\n                padding: 4px 8px;\n                margin-left: 5px;\n                font-size: 0.9em;\n                border-radius: 4px;\n            }\n        <\/style>","protected":false},"excerpt":{"rendered":"<p>Il Thala Beige \u00e8 una pietra calcarea beige. Con una struttura leggera, il Thala Beige \u00e8 una pietra che trasmette calma ed \u00e8 adatta ad una vasta gamma d\u2019usi. Questa pietra viene estratta in Tunisia, in varie cave vicino alla citt\u00e0 di Thala. &nbsp; Non \u00e8 resistente al gelo e agli acidi. \u00c8 perfetto per <a href=\"https:\/\/colourofstone.com\/it\/shop\/pietra-naturale\/piastrelle\/thala-beige\/\" class=\"more-link\">&#8230;<\/a><\/p>\n","protected":false},"featured_media":31044,"template":"","meta":[],"product_brand":[],"product_cat":[523],"product_tag":[],"class_list":{"0":"post-8189","1":"product","2":"type-product","3":"status-publish","4":"has-post-thumbnail","6":"product_cat-piastrelle","7":"pa_farbe-beige","8":"pa_farbe-chiaro","9":"pa_masseinheit-305-x-305-cm","10":"pa_masseinheit-61-x-305-cm","11":"pa_masseinheit-40-x-40-cm","12":"pa_masseinheit-457-x-457-cm","13":"pa_masseinheit-60-x-40-cm","14":"pa_masseinheit-60-x-60-cm","15":"pa_masseinheit-80-x-80-cm","16":"pa_masseinheit-100-x-100-cm","17":"pa_material-marmo","18":"pa_oberflaeche-lucido","19":"pa_oberflaeche-levigato","20":"pa_oberflaeche-spazzolato","22":"first","23":"instock","24":"taxable","25":"shipping-taxable","26":"purchasable","27":"product-type-variable","28":"has-default-attributes"},"yoast_head":"<!-- This site is optimized with the Yoast SEO plugin v27.4 - https:\/\/yoast.com\/product\/yoast-seo-wordpress\/ -->\n<title>Thala Beige - Calcare Piastrelle spedizione gratuito - Colour of Stone<\/title>\n<meta name=\"description\" content=\"Il Thala Beige \u00e8 una pietra calcarea beige. Con una struttura leggera, il Thala Beige \u00e8 una pietra che trasmette calma ed \u00e8 adatta ad una vasta gamma ...\" \/>\n<meta name=\"robots\" content=\"index, follow, max-snippet:-1, max-image-preview:large, max-video-preview:-1\" \/>\n<link rel=\"canonical\" href=\"https:\/\/colourofstone.com\/it\/shop\/pietra-naturale\/piastrelle\/thala-beige\/\" \/>\n<meta property=\"og:locale\" content=\"it_IT\" \/>\n<meta property=\"og:type\" content=\"article\" \/>\n<meta property=\"og:title\" content=\"Thala Beige - Calcare Piastrelle spedizione gratuito - Colour of Stone\" \/>\n<meta property=\"og:description\" content=\"Il Thala Beige \u00e8 una pietra calcarea beige. Con una struttura leggera, il Thala Beige \u00e8 una pietra che trasmette calma ed \u00e8 adatta ad una vasta gamma ...\" \/>\n<meta property=\"og:url\" content=\"https:\/\/colourofstone.com\/it\/shop\/pietra-naturale\/piastrelle\/thala-beige\/\" \/>\n<meta property=\"og:site_name\" content=\"Colour of Stone\" \/>\n<meta property=\"article:modified_time\" content=\"2023-02-11T10:30:09+00:00\" \/>\n<meta property=\"og:image\" content=\"https:\/\/colourofstone.com\/wp-content\/uploads\/Thala-Beige-4.jpg\" \/>\n\t<meta property=\"og:image:width\" content=\"1600\" \/>\n\t<meta property=\"og:image:height\" content=\"1600\" \/>\n\t<meta property=\"og:image:type\" content=\"image\/jpeg\" \/>\n<meta name=\"twitter:card\" content=\"summary_large_image\" \/>\n<meta name=\"twitter:label1\" content=\"Tempo di lettura stimato\" \/>\n\t<meta name=\"twitter:data1\" content=\"1 minuto\" \/>\n<script type=\"application\/ld+json\" class=\"yoast-schema-graph\">{\"@context\":\"https:\\\/\\\/schema.org\",\"@graph\":[{\"@type\":\"WebPage\",\"@id\":\"https:\\\/\\\/colourofstone.com\\\/it\\\/shop\\\/pietra-naturale\\\/piastrelle\\\/thala-beige\\\/\",\"url\":\"https:\\\/\\\/colourofstone.com\\\/it\\\/shop\\\/pietra-naturale\\\/piastrelle\\\/thala-beige\\\/\",\"name\":\"Thala Beige - Calcare Piastrelle spedizione gratuito - Colour of Stone\",\"isPartOf\":{\"@id\":\"https:\\\/\\\/colourofstone.com\\\/it\\\/#website\"},\"primaryImageOfPage\":{\"@id\":\"https:\\\/\\\/colourofstone.com\\\/it\\\/shop\\\/pietra-naturale\\\/piastrelle\\\/thala-beige\\\/#primaryimage\"},\"image\":{\"@id\":\"https:\\\/\\\/colourofstone.com\\\/it\\\/shop\\\/pietra-naturale\\\/piastrelle\\\/thala-beige\\\/#primaryimage\"},\"thumbnailUrl\":\"https:\\\/\\\/colourofstone.com\\\/wp-content\\\/uploads\\\/Thala-Beige-4.jpg\",\"datePublished\":\"2020-07-09T15:13:12+00:00\",\"dateModified\":\"2023-02-11T10:30:09+00:00\",\"description\":\"Il Thala Beige \u00e8 una pietra calcarea beige. Con una struttura leggera, il Thala Beige \u00e8 una pietra che trasmette calma ed \u00e8 adatta ad una vasta gamma ...\",\"breadcrumb\":{\"@id\":\"https:\\\/\\\/colourofstone.com\\\/it\\\/shop\\\/pietra-naturale\\\/piastrelle\\\/thala-beige\\\/#breadcrumb\"},\"inLanguage\":\"it-IT\",\"potentialAction\":[{\"@type\":\"ReadAction\",\"target\":[\"https:\\\/\\\/colourofstone.com\\\/it\\\/shop\\\/pietra-naturale\\\/piastrelle\\\/thala-beige\\\/\"]}]},{\"@type\":\"ImageObject\",\"inLanguage\":\"it-IT\",\"@id\":\"https:\\\/\\\/colourofstone.com\\\/it\\\/shop\\\/pietra-naturale\\\/piastrelle\\\/thala-beige\\\/#primaryimage\",\"url\":\"https:\\\/\\\/colourofstone.com\\\/wp-content\\\/uploads\\\/Thala-Beige-4.jpg\",\"contentUrl\":\"https:\\\/\\\/colourofstone.com\\\/wp-content\\\/uploads\\\/Thala-Beige-4.jpg\",\"width\":1600,\"height\":1600,\"caption\":\"Thala Beige\"},{\"@type\":\"BreadcrumbList\",\"@id\":\"https:\\\/\\\/colourofstone.com\\\/it\\\/shop\\\/pietra-naturale\\\/piastrelle\\\/thala-beige\\\/#breadcrumb\",\"itemListElement\":[{\"@type\":\"ListItem\",\"position\":1,\"name\":\"Home\",\"item\":\"https:\\\/\\\/colourofstone.com\\\/it\\\/\"},{\"@type\":\"ListItem\",\"position\":2,\"name\":\"Shop\",\"item\":\"https:\\\/\\\/colourofstone.com\\\/it\\\/shop\\\/\"},{\"@type\":\"ListItem\",\"position\":3,\"name\":\"Marmo\",\"item\":\"https:\\\/\\\/colourofstone.com\\\/it\\\/material\\\/marmo\\\/\"},{\"@type\":\"ListItem\",\"position\":4,\"name\":\"Thala Beige\"}]},{\"@type\":\"WebSite\",\"@id\":\"https:\\\/\\\/colourofstone.com\\\/it\\\/#website\",\"url\":\"https:\\\/\\\/colourofstone.com\\\/it\\\/\",\"name\":\"Colour of Stone\",\"description\":\"Fliesen, Haus und Garten Produkte aus Naturstein - Online Shop\",\"publisher\":{\"@id\":\"https:\\\/\\\/colourofstone.com\\\/it\\\/#organization\"},\"potentialAction\":[{\"@type\":\"SearchAction\",\"target\":{\"@type\":\"EntryPoint\",\"urlTemplate\":\"https:\\\/\\\/colourofstone.com\\\/it\\\/?s={search_term_string}\"},\"query-input\":{\"@type\":\"PropertyValueSpecification\",\"valueRequired\":true,\"valueName\":\"search_term_string\"}}],\"inLanguage\":\"it-IT\"},{\"@type\":\"Organization\",\"@id\":\"https:\\\/\\\/colourofstone.com\\\/it\\\/#organization\",\"name\":\"Colour of Stone GmbH\",\"url\":\"https:\\\/\\\/colourofstone.com\\\/it\\\/\",\"logo\":{\"@type\":\"ImageObject\",\"inLanguage\":\"it-IT\",\"@id\":\"https:\\\/\\\/colourofstone.com\\\/it\\\/#\\\/schema\\\/logo\\\/image\\\/\",\"url\":\"https:\\\/\\\/colourofstone.com\\\/wp-content\\\/uploads\\\/99FC1526-DF3B-44F1-9816-9278D3194252-scaled.jpeg\",\"contentUrl\":\"https:\\\/\\\/colourofstone.com\\\/wp-content\\\/uploads\\\/99FC1526-DF3B-44F1-9816-9278D3194252-scaled.jpeg\",\"width\":2125,\"height\":2560,\"caption\":\"Colour of Stone GmbH\"},\"image\":{\"@id\":\"https:\\\/\\\/colourofstone.com\\\/it\\\/#\\\/schema\\\/logo\\\/image\\\/\"},\"sameAs\":[\"https:\\\/\\\/www.instagram.com\\\/colourofstone\\\/\"]}]}<\/script>\n<!-- \/ Yoast SEO plugin. -->","yoast_head_json":{"title":"Thala Beige - Calcare Piastrelle spedizione gratuito - Colour of Stone","description":"Il Thala Beige \u00e8 una pietra calcarea beige. Con una struttura leggera, il Thala Beige \u00e8 una pietra che trasmette calma ed \u00e8 adatta ad una vasta gamma ...","robots":{"index":"index","follow":"follow","max-snippet":"max-snippet:-1","max-image-preview":"max-image-preview:large","max-video-preview":"max-video-preview:-1"},"canonical":"https:\/\/colourofstone.com\/it\/shop\/pietra-naturale\/piastrelle\/thala-beige\/","og_locale":"it_IT","og_type":"article","og_title":"Thala Beige - Calcare Piastrelle spedizione gratuito - Colour of Stone","og_description":"Il Thala Beige \u00e8 una pietra calcarea beige. Con una struttura leggera, il Thala Beige \u00e8 una pietra che trasmette calma ed \u00e8 adatta ad una vasta gamma ...","og_url":"https:\/\/colourofstone.com\/it\/shop\/pietra-naturale\/piastrelle\/thala-beige\/","og_site_name":"Colour of Stone","article_modified_time":"2023-02-11T10:30:09+00:00","og_image":[{"width":1600,"height":1600,"url":"https:\/\/colourofstone.com\/wp-content\/uploads\/Thala-Beige-4.jpg","type":"image\/jpeg"}],"twitter_card":"summary_large_image","twitter_misc":{"Tempo di lettura stimato":"1 minuto"},"schema":{"@context":"https:\/\/schema.org","@graph":[{"@type":"WebPage","@id":"https:\/\/colourofstone.com\/it\/shop\/pietra-naturale\/piastrelle\/thala-beige\/","url":"https:\/\/colourofstone.com\/it\/shop\/pietra-naturale\/piastrelle\/thala-beige\/","name":"Thala Beige - Calcare Piastrelle spedizione gratuito - Colour of Stone","isPartOf":{"@id":"https:\/\/colourofstone.com\/it\/#website"},"primaryImageOfPage":{"@id":"https:\/\/colourofstone.com\/it\/shop\/pietra-naturale\/piastrelle\/thala-beige\/#primaryimage"},"image":{"@id":"https:\/\/colourofstone.com\/it\/shop\/pietra-naturale\/piastrelle\/thala-beige\/#primaryimage"},"thumbnailUrl":"https:\/\/colourofstone.com\/wp-content\/uploads\/Thala-Beige-4.jpg","datePublished":"2020-07-09T15:13:12+00:00","dateModified":"2023-02-11T10:30:09+00:00","description":"Il Thala Beige \u00e8 una pietra calcarea beige. Con una struttura leggera, il Thala Beige \u00e8 una pietra che trasmette calma ed \u00e8 adatta ad una vasta gamma ...","breadcrumb":{"@id":"https:\/\/colourofstone.com\/it\/shop\/pietra-naturale\/piastrelle\/thala-beige\/#breadcrumb"},"inLanguage":"it-IT","potentialAction":[{"@type":"ReadAction","target":["https:\/\/colourofstone.com\/it\/shop\/pietra-naturale\/piastrelle\/thala-beige\/"]}]},{"@type":"ImageObject","inLanguage":"it-IT","@id":"https:\/\/colourofstone.com\/it\/shop\/pietra-naturale\/piastrelle\/thala-beige\/#primaryimage","url":"https:\/\/colourofstone.com\/wp-content\/uploads\/Thala-Beige-4.jpg","contentUrl":"https:\/\/colourofstone.com\/wp-content\/uploads\/Thala-Beige-4.jpg","width":1600,"height":1600,"caption":"Thala Beige"},{"@type":"BreadcrumbList","@id":"https:\/\/colourofstone.com\/it\/shop\/pietra-naturale\/piastrelle\/thala-beige\/#breadcrumb","itemListElement":[{"@type":"ListItem","position":1,"name":"Home","item":"https:\/\/colourofstone.com\/it\/"},{"@type":"ListItem","position":2,"name":"Shop","item":"https:\/\/colourofstone.com\/it\/shop\/"},{"@type":"ListItem","position":3,"name":"Marmo","item":"https:\/\/colourofstone.com\/it\/material\/marmo\/"},{"@type":"ListItem","position":4,"name":"Thala Beige"}]},{"@type":"WebSite","@id":"https:\/\/colourofstone.com\/it\/#website","url":"https:\/\/colourofstone.com\/it\/","name":"Colour of Stone","description":"Fliesen, Haus und Garten Produkte aus Naturstein - Online Shop","publisher":{"@id":"https:\/\/colourofstone.com\/it\/#organization"},"potentialAction":[{"@type":"SearchAction","target":{"@type":"EntryPoint","urlTemplate":"https:\/\/colourofstone.com\/it\/?s={search_term_string}"},"query-input":{"@type":"PropertyValueSpecification","valueRequired":true,"valueName":"search_term_string"}}],"inLanguage":"it-IT"},{"@type":"Organization","@id":"https:\/\/colourofstone.com\/it\/#organization","name":"Colour of Stone GmbH","url":"https:\/\/colourofstone.com\/it\/","logo":{"@type":"ImageObject","inLanguage":"it-IT","@id":"https:\/\/colourofstone.com\/it\/#\/schema\/logo\/image\/","url":"https:\/\/colourofstone.com\/wp-content\/uploads\/99FC1526-DF3B-44F1-9816-9278D3194252-scaled.jpeg","contentUrl":"https:\/\/colourofstone.com\/wp-content\/uploads\/99FC1526-DF3B-44F1-9816-9278D3194252-scaled.jpeg","width":2125,"height":2560,"caption":"Colour of Stone GmbH"},"image":{"@id":"https:\/\/colourofstone.com\/it\/#\/schema\/logo\/image\/"},"sameAs":["https:\/\/www.instagram.com\/colourofstone\/"]}]}},"_links":{"self":[{"href":"https:\/\/colourofstone.com\/it\/wp-json\/wp\/v2\/product\/8189","targetHints":{"allow":["GET"]}}],"collection":[{"href":"https:\/\/colourofstone.com\/it\/wp-json\/wp\/v2\/product"}],"about":[{"href":"https:\/\/colourofstone.com\/it\/wp-json\/wp\/v2\/types\/product"}],"wp:featuredmedia":[{"embeddable":true,"href":"https:\/\/colourofstone.com\/it\/wp-json\/wp\/v2\/media\/31044"}],"wp:attachment":[{"href":"https:\/\/colourofstone.com\/it\/wp-json\/wp\/v2\/media?parent=8189"}],"wp:term":[{"taxonomy":"product_brand","embeddable":true,"href":"https:\/\/colourofstone.com\/it\/wp-json\/wp\/v2\/product_brand?post=8189"},{"taxonomy":"product_cat","embeddable":true,"href":"https:\/\/colourofstone.com\/it\/wp-json\/wp\/v2\/product_cat?post=8189"},{"taxonomy":"product_tag","embeddable":true,"href":"https:\/\/colourofstone.com\/it\/wp-json\/wp\/v2\/product_tag?post=8189"}],"curies":[{"name":"wp","href":"https:\/\/api.w.org\/{rel}","templated":true}]}}