{"id":16953,"date":"2021-03-02T07:20:00","date_gmt":"2021-03-02T07:20:00","guid":{"rendered":"https:\/\/colourofstone.com\/konsultacja\/"},"modified":"2025-06-17T20:11:03","modified_gmt":"2025-06-17T20:11:03","slug":"zamowienie-informacji","status":"publish","type":"page","link":"https:\/\/colourofstone.com\/pl\/zamowienie-informacji\/","title":{"rendered":"Zam\u00f3wienie informacji"},"content":{"rendered":"\n<h5 class=\"wp-block-heading is-style-border-s\">P\u0142ytki \/ Pod\u0142ogi<\/h5>\n\n\n\n<div style=\"height:20px\" aria-hidden=\"true\" class=\"wp-block-spacer\"><\/div>\n\n\n\n<p class=\"is-style-border-s\">Od 15 m2 dostarczamy zgodnie z <a href=\"https:\/\/colourofstone.com\/pl\/informacja-o-transporcie\/\">informacjami o wysy\u0142ce<\/a> bez koszt\u00f3w wysy\u0142ki, chyba \u017ce okre\u015blono inaczej. W przypadku zam\u00f3wie\u0144 od 5 m2 do 15 m2 pobieramy dop\u0142at\u0119 za ma\u0142e ilo\u015bci w wysoko\u015bci 238,00 EUR (VAT 19% DE). Zasadniczo obowi\u0105zuje minimalna wielko\u015b\u0107 zam\u00f3wienia wynosz\u0105ca 5 mkw. Dok\u0142adna ilo\u015b\u0107 zam\u00f3wienia zale\u017cy od formatu.<\/p>\n\n\n\n<p class=\"is-style-border-s\">Prosimy o wyliczenie koszt\u00f3w ci\u0119cia. W zale\u017cno\u015bci od rodzaju instalacji mo\u017ce to by\u0107 10-15% lub wi\u0119cej.<\/p>\n\n\n\n<div style=\"height:46px\" aria-hidden=\"true\" class=\"wp-block-spacer\"><\/div>\n\n\n\n<h5 class=\"wp-block-heading is-style-border-s\"><strong><strong>Listwy przypod\u0142ogowe<\/strong><\/strong><\/h5>\n\n\n\n<div style=\"height:20px\" aria-hidden=\"true\" class=\"wp-block-spacer\"><\/div>\n\n\n\n<p class=\"is-style-border-s\">W przypadku listew przypod\u0142ogowych obowi\u0105zuje minimalna ilo\u015b\u0107 zam\u00f3wienia wynosz\u0105ca 10 metr\u00f3w bie\u017c\u0105cych na materia\u0142 i format. Listwy przypod\u0142ogowe mo\u017cna zam\u00f3wi\u0107 tylko w po\u0142\u0105czeniu z p\u0142ytkami.<\/p>\n\n\n\n<p class=\"is-style-border-s\">Zam\u00f3wienia s\u0105 zawsze podawane w metrach bie\u017c\u0105cych (mb). Poszczeg\u00f3lne listwy maj\u0105 d\u0142ugo\u015b\u0107 od 0,20 m do 0,90 m.<\/p>\n\n\n\n<div style=\"height:46px\" aria-hidden=\"true\" class=\"wp-block-spacer\"><\/div>\n\n\n\n<h5 class=\"wp-block-heading is-style-border-s\"><strong><strong>Terminy dostaw<\/strong><\/strong> Europa<\/h5>\n\n\n\n<div style=\"height:20px\" aria-hidden=\"true\" class=\"wp-block-spacer\"><\/div>\n\n\n\n<p class=\"is-style-border-s\"><strong>Formaty do 60 x 60 cm <span class='cm-info' onclick='toggleInchInfo(this)'>\u2139\ufe0f<\/span>\n        <div class='inch-info'>\u2248 23.6\" x 23.6\"<\/div><\/strong><\/p>\n\n\n\n<p class=\"is-style-border-s\">Potrzebujemy 2 tygodnie na produkcj\u0119 i 1 tydzie\u0144 na wysy\u0142k\u0119. Po 3 tygodniach (czasami 4 tygodniach) zam\u00f3wienie jest dostarczane.<\/p>\n\n\n\n<p class=\"is-style-border-s\"><strong>Format 80 x 80 cm <span class='cm-info' onclick='toggleInchInfo(this)'>\u2139\ufe0f<\/span>\n        <div class='inch-info'>\u2248 31.5\" x 31.5\"<\/div> \/ 100 x 100 cm <span class='cm-info' onclick='toggleInchInfo(this)'>\u2139\ufe0f<\/span>\n        <div class='inch-info'>\u2248 39.4\" x 39.4\"<\/div><\/strong><\/p>\n\n\n\n<p class=\"is-style-border-s\">Potrzebujemy 3 tygodnie na produkcj\u0119 i 1 tydzie\u0144 na wysy\u0142k\u0119. Po 4 tygodniach (czasami 5 tygodniach) zam\u00f3wienie jest dostarczane.<\/p>\n\n\n\n<div style=\"height:46px\" aria-hidden=\"true\" class=\"wp-block-spacer\"><\/div>\n\n\n\n<h5 class=\"wp-block-heading is-style-border-s\"><strong><strong>Pakowanie<\/strong><\/strong><\/h5>\n\n\n\n<div style=\"height:20px\" aria-hidden=\"true\" class=\"wp-block-spacer\"><\/div>\n\n\n\n<p class=\"is-style-border-s\">P\u0142ytki i pod\u0142ogi dostarczamy na drewnianych europaletach 120 x 80 cm <span class='cm-info' onclick='toggleInchInfo(this)'>\u2139\ufe0f<\/span>\n        <div class='inch-info'>\u2248 47.2\" x 31.5\"<\/div> lub specjalnych paletach jednokierunkowych z drewnian\u0105 skrzyni\u0105 lub bez. Na jednej palecie mie\u015bci si\u0119 oko\u0142o 34 m2 materia\u0142u. Ka\u017cda paleta wa\u017cy maksymalnie 1000 kg.<\/p>\n\n\n\n<p class=\"is-style-border-s\">P\u0142ytki w formacie 30,5 x 30,5 cm <span class='cm-info' onclick='toggleInchInfo(this)'>\u2139\ufe0f<\/span>\n        <div class='inch-info'>\u2248 12\" x 12\"<\/div> \/ 61 x 30,5 cm <span class='cm-info' onclick='toggleInchInfo(this)'>\u2139\ufe0f<\/span>\n        <div class='inch-info'>\u2248 24\" x 12\"<\/div> \/ 40 x 40 cm <span class='cm-info' onclick='toggleInchInfo(this)'>\u2139\ufe0f<\/span>\n        <div class='inch-info'>\u2248 15.7\" x 15.7\"<\/div> s\u0105 zazwyczaj dostarczane w pude\u0142kach na palecie.<\/p>\n\n\n\n<p class=\"is-style-border-s\"><strong>Uwaga<\/strong>: Podczas rozpakowywania p\u0142ytek w formacie 60 x 60 cm <span class='cm-info' onclick='toggleInchInfo(this)'>\u2139\ufe0f<\/span>\n        <div class='inch-info'>\u2248 23.6\" x 23.6\"<\/div> \/ 80 x 80 cm <span class='cm-info' onclick='toggleInchInfo(this)'>\u2139\ufe0f<\/span>\n        <div class='inch-info'>\u2248 31.5\" x 31.5\"<\/div> \/ 100 x 100 cm <span class='cm-info' onclick='toggleInchInfo(this)'>\u2139\ufe0f<\/span>\n        <div class='inch-info'>\u2248 39.4\" x 39.4\"<\/div> nale\u017cy upewni\u0107 si\u0119, \u017ce s\u0105 one r\u00f3wno wyj\u0119te z palety. Nie mo\u017ce by\u0107 nadmiaru wagi po jednej stronie. Nie ponosimy odpowiedzialno\u015bci za szkody powsta\u0142e w wyniku nieprawid\u0142owego rozpakowania.<\/p>\n\n\n\n<div style=\"height:46px\" aria-hidden=\"true\" class=\"wp-block-spacer\"><\/div>\n\n\n\n<h5 class=\"wp-block-heading is-style-border-s\"><strong><strong><strong>Instalacja<\/strong><\/strong><\/strong><\/h5>\n\n\n\n<div style=\"height:20px\" aria-hidden=\"true\" class=\"wp-block-spacer\"><\/div>\n\n\n\n<p class=\"is-style-border-s\">Wszystkie p\u0142ytki powinny by\u0107 u\u0142o\u017cone przez osob\u0119 wykwalifikowan\u0105 zawodowo. Nie ponosimy odpowiedzialno\u015bci za niew\u0142a\u015bciwy monta\u017c.<\/p>\n\n\n\n<div style=\"height:46px\" aria-hidden=\"true\" class=\"wp-block-spacer\"><\/div>\n\n\n\n<h5 class=\"wp-block-heading is-style-border-s\"><strong><strong>Pierwsze wra\u017cenie<\/strong><\/strong><\/h5>\n\n\n\n<div style=\"height:20px\" aria-hidden=\"true\" class=\"wp-block-spacer\"><\/div>\n\n\n\n<p class=\"is-style-border-s\">Do produkcji potrzebna jest woda (i poddawana recyklingowi). P\u0142ytki s\u0105 pakowane natychmiast po wyprodukowaniu. Dlatego te\u017c po dostawie p\u0142ytki powinny zosta\u0107 dok\u0142adnie wysuszone. P\u0142ytki, kt\u00f3re nie wysch\u0142y, wydaj\u0105 si\u0119 ciemniejsze. W\u0142a\u015bciwy odcie\u0144 pochodzi z suszenia. To jest jak po deszczu: Pod\u0142oga wysycha i staje si\u0119 l\u017cejsza.<\/p>\n\n\n\n<div style=\"height:100px\" aria-hidden=\"true\" class=\"wp-block-spacer\"><\/div>\n\n        <script>\n        function toggleInchInfo(el) {\n            const infoBox = el.nextElementSibling;\n            if (infoBox.style.display === \"none\") {\n                infoBox.style.display = \"inline\";\n            } else {\n                infoBox.style.display = \"none\";\n            }\n        }\n        <\/script>\n        <style>\n            .cm-info {\n                cursor: pointer;\n                color: #0073aa;\n                font-weight: bold;\n                margin-left: 4px;\n            }\n            .inch-info {\n                display: none;\n                background: #f8f8f8;\n                border: 1px solid #ccc;\n                padding: 4px 8px;\n                margin-left: 5px;\n                font-size: 0.9em;\n                border-radius: 4px;\n            }\n        <\/style>","protected":false},"excerpt":{"rendered":"<p>P\u0142ytki \/ Pod\u0142ogi Od 15 m2 dostarczamy zgodnie z informacjami o wysy\u0142ce bez koszt\u00f3w wysy\u0142ki, chyba \u017ce okre\u015blono inaczej. W przypadku zam\u00f3wie\u0144 od 5 m2 do 15 m2 pobieramy dop\u0142at\u0119 za ma\u0142e ilo\u015bci w wysoko\u015bci 238,00 EUR (VAT 19% DE). Zasadniczo obowi\u0105zuje minimalna wielko\u015b\u0107 zam\u00f3wienia wynosz\u0105ca 5 mkw. Dok\u0142adna ilo\u015b\u0107 zam\u00f3wienia zale\u017cy od formatu. Prosimy <a href=\"https:\/\/colourofstone.com\/pl\/zamowienie-informacji\/\" class=\"more-link\">&#8230;<\/a><\/p>\n","protected":false},"author":2,"featured_media":0,"parent":0,"menu_order":0,"comment_status":"closed","ping_status":"closed","template":"","meta":{"footnotes":""},"class_list":["post-16953","page","type-page","status-publish","hentry"],"yoast_head":"<!-- This site is optimized with the Yoast SEO plugin v27.4 - https:\/\/yoast.com\/product\/yoast-seo-wordpress\/ -->\n<title>Zam\u00f3wienie informacji - Colour of Stone<\/title>\n<meta name=\"description\" content=\"Dostarczymy Pa\u0144stwa p\u0142ytki marmurowe pod same drzwi. Listwy przypod\u0142ogowe? Mamy je w magazynie. Discover your style.\" \/>\n<meta name=\"robots\" content=\"index, follow, max-snippet:-1, max-image-preview:large, max-video-preview:-1\" \/>\n<link rel=\"canonical\" href=\"https:\/\/colourofstone.com\/pl\/zamowienie-informacji\/\" \/>\n<meta property=\"og:locale\" content=\"pl_PL\" \/>\n<meta property=\"og:type\" content=\"article\" \/>\n<meta property=\"og:title\" content=\"Zam\u00f3wienie informacji - Colour of Stone\" \/>\n<meta property=\"og:description\" content=\"Dostarczymy Pa\u0144stwa p\u0142ytki marmurowe pod same drzwi. Listwy przypod\u0142ogowe? Mamy je w magazynie. Discover your style.\" \/>\n<meta property=\"og:url\" content=\"https:\/\/colourofstone.com\/pl\/zamowienie-informacji\/\" \/>\n<meta property=\"og:site_name\" content=\"Colour of Stone\" \/>\n<meta property=\"article:modified_time\" content=\"2025-06-17T20:11:03+00:00\" \/>\n<meta property=\"og:image\" content=\"https:\/\/colourofstone.com\/wp-content\/uploads\/Logo.png\" \/>\n\t<meta property=\"og:image:width\" content=\"1086\" \/>\n\t<meta property=\"og:image:height\" content=\"553\" \/>\n\t<meta property=\"og:image:type\" content=\"image\/png\" \/>\n<meta name=\"twitter:card\" content=\"summary_large_image\" \/>\n<meta name=\"twitter:label1\" content=\"Szacowany czas czytania\" \/>\n\t<meta name=\"twitter:data1\" content=\"4 minuty\" \/>\n<script type=\"application\/ld+json\" class=\"yoast-schema-graph\">{\"@context\":\"https:\\\/\\\/schema.org\",\"@graph\":[{\"@type\":\"WebPage\",\"@id\":\"https:\\\/\\\/colourofstone.com\\\/pl\\\/zamowienie-informacji\\\/\",\"url\":\"https:\\\/\\\/colourofstone.com\\\/pl\\\/zamowienie-informacji\\\/\",\"name\":\"Zam\u00f3wienie informacji - Colour of Stone\",\"isPartOf\":{\"@id\":\"https:\\\/\\\/colourofstone.com\\\/pl\\\/#website\"},\"datePublished\":\"2021-03-02T07:20:00+00:00\",\"dateModified\":\"2025-06-17T20:11:03+00:00\",\"description\":\"Dostarczymy Pa\u0144stwa p\u0142ytki marmurowe pod same drzwi. Listwy przypod\u0142ogowe? Mamy je w magazynie. Discover your style.\",\"breadcrumb\":{\"@id\":\"https:\\\/\\\/colourofstone.com\\\/pl\\\/zamowienie-informacji\\\/#breadcrumb\"},\"inLanguage\":\"pl-PL\",\"potentialAction\":[{\"@type\":\"ReadAction\",\"target\":[\"https:\\\/\\\/colourofstone.com\\\/pl\\\/zamowienie-informacji\\\/\"]}]},{\"@type\":\"BreadcrumbList\",\"@id\":\"https:\\\/\\\/colourofstone.com\\\/pl\\\/zamowienie-informacji\\\/#breadcrumb\",\"itemListElement\":[{\"@type\":\"ListItem\",\"position\":1,\"name\":\"Home\",\"item\":\"https:\\\/\\\/colourofstone.com\\\/pl\\\/\"},{\"@type\":\"ListItem\",\"position\":2,\"name\":\"Zam\u00f3wienie informacji\"}]},{\"@type\":\"WebSite\",\"@id\":\"https:\\\/\\\/colourofstone.com\\\/pl\\\/#website\",\"url\":\"https:\\\/\\\/colourofstone.com\\\/pl\\\/\",\"name\":\"Colour of Stone\",\"description\":\"Fliesen, Haus und Garten Produkte aus Naturstein - Online Shop\",\"publisher\":{\"@id\":\"https:\\\/\\\/colourofstone.com\\\/pl\\\/#organization\"},\"potentialAction\":[{\"@type\":\"SearchAction\",\"target\":{\"@type\":\"EntryPoint\",\"urlTemplate\":\"https:\\\/\\\/colourofstone.com\\\/pl\\\/?s={search_term_string}\"},\"query-input\":{\"@type\":\"PropertyValueSpecification\",\"valueRequired\":true,\"valueName\":\"search_term_string\"}}],\"inLanguage\":\"pl-PL\"},{\"@type\":\"Organization\",\"@id\":\"https:\\\/\\\/colourofstone.com\\\/pl\\\/#organization\",\"name\":\"Colour of Stone GmbH\",\"url\":\"https:\\\/\\\/colourofstone.com\\\/pl\\\/\",\"logo\":{\"@type\":\"ImageObject\",\"inLanguage\":\"pl-PL\",\"@id\":\"https:\\\/\\\/colourofstone.com\\\/pl\\\/#\\\/schema\\\/logo\\\/image\\\/\",\"url\":\"https:\\\/\\\/colourofstone.com\\\/wp-content\\\/uploads\\\/99FC1526-DF3B-44F1-9816-9278D3194252-scaled.jpeg\",\"contentUrl\":\"https:\\\/\\\/colourofstone.com\\\/wp-content\\\/uploads\\\/99FC1526-DF3B-44F1-9816-9278D3194252-scaled.jpeg\",\"width\":2125,\"height\":2560,\"caption\":\"Colour of Stone GmbH\"},\"image\":{\"@id\":\"https:\\\/\\\/colourofstone.com\\\/pl\\\/#\\\/schema\\\/logo\\\/image\\\/\"},\"sameAs\":[\"https:\\\/\\\/www.instagram.com\\\/colourofstone\\\/\"]}]}<\/script>\n<!-- \/ Yoast SEO plugin. -->","yoast_head_json":{"title":"Zam\u00f3wienie informacji - Colour of Stone","description":"Dostarczymy Pa\u0144stwa p\u0142ytki marmurowe pod same drzwi. Listwy przypod\u0142ogowe? Mamy je w magazynie. Discover your style.","robots":{"index":"index","follow":"follow","max-snippet":"max-snippet:-1","max-image-preview":"max-image-preview:large","max-video-preview":"max-video-preview:-1"},"canonical":"https:\/\/colourofstone.com\/pl\/zamowienie-informacji\/","og_locale":"pl_PL","og_type":"article","og_title":"Zam\u00f3wienie informacji - Colour of Stone","og_description":"Dostarczymy Pa\u0144stwa p\u0142ytki marmurowe pod same drzwi. Listwy przypod\u0142ogowe? Mamy je w magazynie. Discover your style.","og_url":"https:\/\/colourofstone.com\/pl\/zamowienie-informacji\/","og_site_name":"Colour of Stone","article_modified_time":"2025-06-17T20:11:03+00:00","og_image":[{"width":1086,"height":553,"url":"https:\/\/colourofstone.com\/wp-content\/uploads\/Logo.png","type":"image\/png"}],"twitter_card":"summary_large_image","twitter_misc":{"Szacowany czas czytania":"4 minuty"},"schema":{"@context":"https:\/\/schema.org","@graph":[{"@type":"WebPage","@id":"https:\/\/colourofstone.com\/pl\/zamowienie-informacji\/","url":"https:\/\/colourofstone.com\/pl\/zamowienie-informacji\/","name":"Zam\u00f3wienie informacji - Colour of Stone","isPartOf":{"@id":"https:\/\/colourofstone.com\/pl\/#website"},"datePublished":"2021-03-02T07:20:00+00:00","dateModified":"2025-06-17T20:11:03+00:00","description":"Dostarczymy Pa\u0144stwa p\u0142ytki marmurowe pod same drzwi. Listwy przypod\u0142ogowe? Mamy je w magazynie. Discover your style.","breadcrumb":{"@id":"https:\/\/colourofstone.com\/pl\/zamowienie-informacji\/#breadcrumb"},"inLanguage":"pl-PL","potentialAction":[{"@type":"ReadAction","target":["https:\/\/colourofstone.com\/pl\/zamowienie-informacji\/"]}]},{"@type":"BreadcrumbList","@id":"https:\/\/colourofstone.com\/pl\/zamowienie-informacji\/#breadcrumb","itemListElement":[{"@type":"ListItem","position":1,"name":"Home","item":"https:\/\/colourofstone.com\/pl\/"},{"@type":"ListItem","position":2,"name":"Zam\u00f3wienie informacji"}]},{"@type":"WebSite","@id":"https:\/\/colourofstone.com\/pl\/#website","url":"https:\/\/colourofstone.com\/pl\/","name":"Colour of Stone","description":"Fliesen, Haus und Garten Produkte aus Naturstein - Online Shop","publisher":{"@id":"https:\/\/colourofstone.com\/pl\/#organization"},"potentialAction":[{"@type":"SearchAction","target":{"@type":"EntryPoint","urlTemplate":"https:\/\/colourofstone.com\/pl\/?s={search_term_string}"},"query-input":{"@type":"PropertyValueSpecification","valueRequired":true,"valueName":"search_term_string"}}],"inLanguage":"pl-PL"},{"@type":"Organization","@id":"https:\/\/colourofstone.com\/pl\/#organization","name":"Colour of Stone GmbH","url":"https:\/\/colourofstone.com\/pl\/","logo":{"@type":"ImageObject","inLanguage":"pl-PL","@id":"https:\/\/colourofstone.com\/pl\/#\/schema\/logo\/image\/","url":"https:\/\/colourofstone.com\/wp-content\/uploads\/99FC1526-DF3B-44F1-9816-9278D3194252-scaled.jpeg","contentUrl":"https:\/\/colourofstone.com\/wp-content\/uploads\/99FC1526-DF3B-44F1-9816-9278D3194252-scaled.jpeg","width":2125,"height":2560,"caption":"Colour of Stone GmbH"},"image":{"@id":"https:\/\/colourofstone.com\/pl\/#\/schema\/logo\/image\/"},"sameAs":["https:\/\/www.instagram.com\/colourofstone\/"]}]}},"_links":{"self":[{"href":"https:\/\/colourofstone.com\/pl\/wp-json\/wp\/v2\/pages\/16953","targetHints":{"allow":["GET"]}}],"collection":[{"href":"https:\/\/colourofstone.com\/pl\/wp-json\/wp\/v2\/pages"}],"about":[{"href":"https:\/\/colourofstone.com\/pl\/wp-json\/wp\/v2\/types\/page"}],"author":[{"embeddable":true,"href":"https:\/\/colourofstone.com\/pl\/wp-json\/wp\/v2\/users\/2"}],"replies":[{"embeddable":true,"href":"https:\/\/colourofstone.com\/pl\/wp-json\/wp\/v2\/comments?post=16953"}],"version-history":[{"count":10,"href":"https:\/\/colourofstone.com\/pl\/wp-json\/wp\/v2\/pages\/16953\/revisions"}],"predecessor-version":[{"id":84649,"href":"https:\/\/colourofstone.com\/pl\/wp-json\/wp\/v2\/pages\/16953\/revisions\/84649"}],"wp:attachment":[{"href":"https:\/\/colourofstone.com\/pl\/wp-json\/wp\/v2\/media?parent=16953"}],"curies":[{"name":"wp","href":"https:\/\/api.w.org\/{rel}","templated":true}]}}