{"id":16972,"date":"2020-12-29T07:27:20","date_gmt":"2020-12-29T07:27:20","guid":{"rendered":"https:\/\/colourofstone.com\/odcisk\/"},"modified":"2025-07-29T07:24:58","modified_gmt":"2025-07-29T07:24:58","slug":"dane-firmy","status":"publish","type":"page","link":"https:\/\/colourofstone.com\/pl\/dane-firmy\/","title":{"rendered":"Dane firmy"},"content":{"rendered":"\n<h5 class=\"wp-block-heading is-style-border-s\"><strong><strong>Informacje zgodnie z \u00a7 5 TMG:<\/strong><\/strong><\/h5>\n\n\n\n<div style=\"height:20px\" aria-hidden=\"true\" class=\"wp-block-spacer\"><\/div>\n\n\n\n<p class=\"is-style-border-s\">Colour of Stone GmbH<br>Albert-Einstein-Str. 10<br>31135 Hildesheim &#8211; GERMANY<\/p>\n\n\n\n<div style=\"height:20px\" aria-hidden=\"true\" class=\"wp-block-spacer\"><\/div>\n\n\n\n<p class=\"is-style-border-s\">Telefon <a href=\"tel:+495121102309\">+49 5121 102309<\/a><br>E-Mail <a href=\"mailto:hello@colourofstone.com\">hello@colourofstone.com<\/a><br>Strona internetowa <a href=\"http:\/\/www.colourofstone.com\">colourofstone.com<\/a><\/p>\n\n\n\n<div style=\"height:20px\" aria-hidden=\"true\" class=\"wp-block-spacer\"><\/div>\n\n\n\n<p class=\"is-style-border-s\">S\u0105d rejestrowy: S\u0105d lokalny w Hildesheim<\/p>\n\n\n\n<p class=\"is-style-border-s\">Numer rejestracyjny: HRB 207 255<\/p>\n\n\n\n<div style=\"height:20px\" aria-hidden=\"true\" class=\"wp-block-spacer\"><\/div>\n\n\n\n<p class=\"is-style-border-s\">Upowa\u017cniony przedstawicieldyrektor zarz\u0105dzaj\u0105cy: Friedrich Aly<\/p>\n\n\n\n<div style=\"height:40px\" aria-hidden=\"true\" class=\"wp-block-spacer\"><\/div>\n\n\n\n<h5 class=\"wp-block-heading is-style-border-s\">Numer identyfikacyjny podatku od sprzeda\u017cy zgodnie z \u00a7 27a &nbsp;ustawy o podatku obrotowym:<\/h5>\n\n\n\n<div style=\"height:20px\" aria-hidden=\"true\" class=\"wp-block-spacer\"><\/div>\n\n\n\n<p class=\"is-style-border-s\">DE 339 389 434&nbsp;<\/p>\n\n\n\n<div style=\"height:40px\" aria-hidden=\"true\" class=\"wp-block-spacer\"><\/div>\n\n\n\n<h5 class=\"wp-block-heading is-style-border-s\"><strong><strong>Dane zawodowe<\/strong><\/strong><\/h5>\n\n\n\n<div style=\"height:20px\" aria-hidden=\"true\" class=\"wp-block-spacer\"><\/div>\n\n\n\n<p class=\"is-style-border-s\">Przynale\u017cno\u015b\u0107 do izby Izba Rzemie\u015blnicza Hildesheim-S\u00fcdniedersachsen<\/p>\n\n\n\n<div style=\"height:40px\" aria-hidden=\"true\" class=\"wp-block-spacer\"><\/div>\n\n\n\n<h5 class=\"wp-block-heading is-style-border-s\"><strong><strong>Odpowiedzialno\u015b\u0107 za tre\u015b\u0107 zgodnie z \u00a755 Abs. 2 RStV<\/strong><\/strong><\/h5>\n\n\n\n<div style=\"height:20px\" aria-hidden=\"true\" class=\"wp-block-spacer\"><\/div>\n\n\n\n<p class=\"is-style-border-s\">Colour of Stone GmbH<br>Friedrich Aly<br>Albert-Einstein-Str. 10<br>31135 Hildesheim &#8211; GERMANY<\/p>\n\n\n\n<div style=\"height:40px\" aria-hidden=\"true\" class=\"wp-block-spacer\"><\/div>\n\n\n\n<h5 class=\"wp-block-heading is-style-border-s\"><strong><strong>Informacje o \u017ar\u00f3d\u0142ach u\u017cytych zdj\u0119\u0107 i grafik<\/strong><\/strong><\/h5>\n\n\n\n<div style=\"height:20px\" aria-hidden=\"true\" class=\"wp-block-spacer\"><\/div>\n\n\n\n<p class=\"is-style-border-s\">Joachim Altschaffel <\/p>\n\n\n\n<p class=\"is-style-border-s externalLink\"><a href=\"http:\/\/www.altschaffel.com\">altschaffel.com<\/a><\/p>\n\n\n\n<div style=\"height:20px\" aria-hidden=\"true\" class=\"wp-block-spacer\"><\/div>\n\n\n\n<p class=\"is-style-border-s\">Tim Dalhoff<\/p>\n\n\n\n<p class=\"is-style-border-s externalLink\"><a href=\"http:\/\/www.timdalhoff.de\">timdalhoff.de<\/a><\/p>\n\n\n\n<div style=\"height:20px\" aria-hidden=\"true\" class=\"wp-block-spacer\"><\/div>\n\n\n\n<p class=\"is-style-border-s\">Design Wandverkleidung FLUX (Bild Format \/ Farbe)<\/p>\n\n\n\n<p class=\"is-style-border-s externalLink\"><a href=\"http:\/\/www.timdalhoff.de\" target=\"_blank\" rel=\"noreferrer noopener\">voncori.com<\/a><\/p>\n\n\n\n<div style=\"height:40px\" aria-hidden=\"true\" class=\"wp-block-spacer\"><\/div>\n\n\n\n<h5 class=\"wp-block-heading is-style-border-s\"><strong><strong>Odpowiedzialno\u015b\u0107 za zawarto\u015b\u0107<\/strong><\/strong><\/h5>\n\n\n\n<div style=\"height:20px\" aria-hidden=\"true\" class=\"wp-block-spacer\"><\/div>\n\n\n\n<p class=\"is-style-border-s\">Jako us\u0142ugodawca jeste\u015bmy odpowiedzialni za w\u0142asne tre\u015bci na tych stronach zgodnie z \u00a7 7 ust. 1 niemieckiej ustawy o telemediach (TMG). Zgodnie z \u00a7\u00a7 8 do 10 TMG nie jeste\u015bmy jednak zobowi\u0105zani jako us\u0142ugodawca do monitorowania przekazywanych lub przechowywanych informacji os\u00f3b trzecich lub do badania okoliczno\u015bci wskazuj\u0105cych na nielegaln\u0105 dzia\u0142alno\u015b\u0107.<\/p>\n\n\n\n<p class=\"is-style-border-s\">Zobowi\u0105zania do usuni\u0119cia lub zablokowania wykorzystania informacji zgodnie z og\u00f3lnymi przepisami prawa pozostaj\u0105 nienaruszone. Odpowiedzialno\u015b\u0107 w tym zakresie jest jednak mo\u017cliwa dopiero od momentu, w kt\u00f3rym znane jest konkretne naruszenie prawa. Je\u015bli dowiemy si\u0119 o takich naruszeniach, natychmiast usuniemy odpowiednie tre\u015bci.<\/p>\n\n\n\n<div style=\"height:40px\" aria-hidden=\"true\" class=\"wp-block-spacer\"><\/div>\n\n\n\n<h5 class=\"wp-block-heading is-style-border-s\"><strong><strong>Odpowiedzialno\u015b\u0107 za linki<\/strong><\/strong><\/h5>\n\n\n\n<div style=\"height:20px\" aria-hidden=\"true\" class=\"wp-block-spacer\"><\/div>\n\n\n\n<p class=\"is-style-border-s\">Nasza oferta zawiera linki do zewn\u0119trznych stron internetowych os\u00f3b trzecich, na kt\u00f3rych tre\u015b\u0107 nie mamy \u017cadnego wp\u0142ywu. Dlatego nie mo\u017cemy przej\u0105\u0107 \u017cadnej odpowiedzialno\u015bci za te tre\u015bci zewn\u0119trzne. Za tre\u015b\u0107 stron, do kt\u00f3rych odsy\u0142aj\u0105 linki, odpowiada zawsze dany oferent lub operator strony. Strony, do kt\u00f3rych odsy\u0142aj\u0105 linki, zosta\u0142y sprawdzone pod k\u0105tem ewentualnych narusze\u0144 prawa w momencie umieszczania link\u00f3w. Nielegalne tre\u015bci nie by\u0142y rozpoznawalne w momencie linkowania.<\/p>\n\n\n\n<p class=\"is-style-border-s\">Jednak\u017ce sta\u0142a kontrola zawarto\u015bci stron, do kt\u00f3rych prowadz\u0105 linki, nie jest uzasadniona bez konkretnych dowod\u00f3w na naruszenie prawa. Je\u017celi dowiemy si\u0119 o naruszeniu prawa, niezw\u0142ocznie usuniemy takie linki.<\/p>\n\n\n\n<div style=\"height:40px\" aria-hidden=\"true\" class=\"wp-block-spacer\"><\/div>\n\n\n\n<h5 class=\"wp-block-heading is-style-border-s\"><strong><strong>Copyright<\/strong><\/strong><\/h5>\n\n\n\n<div style=\"height:20px\" aria-hidden=\"true\" class=\"wp-block-spacer\"><\/div>\n\n\n\n<p class=\"is-style-border-s\">Tre\u015bci i dzie\u0142a stworzone przez administrator\u00f3w stron na tych stronach podlegaj\u0105 niemieckiemu prawu autorskiemu. Powielanie, przetwarzanie, rozpowszechnianie lub jakakolwiek forma komercjalizacji tych materia\u0142\u00f3w wykraczaj\u0105ca poza zakres prawa autorskiego wymaga uprzedniej pisemnej zgody ich autora lub tw\u00f3rcy. Pobieranie i kopiowanie tej strony jest dozwolone tylko do prywatnego, niekomercyjnego u\u017cytku.<\/p>\n\n\n\n<p class=\"is-style-border-s\">O ile tre\u015bci na tej stronie nie zosta\u0142y stworzone przez operatora, prawa autorskie os\u00f3b trzecich s\u0105 respektowane. W szczeg\u00f3lno\u015bci tre\u015bci os\u00f3b trzecich s\u0105 oznaczone jako takie. Je\u015bli mimo to dowiedz\u0105 si\u0119 Pa\u0144stwo o naruszeniu praw autorskich, prosimy o stosown\u0105 informacj\u0119. Je\u015bli dowiemy si\u0119 o jakichkolwiek naruszeniach, natychmiast usuniemy takie tre\u015bci.<\/p>\n\n\n\n<div style=\"height:40px\" aria-hidden=\"true\" class=\"wp-block-spacer\"><\/div>\n\n\n\n<p class=\"is-style-border-s\"><strong>Web-Design &amp; Programmierung:<\/strong><br><\/p>\n\n\n\n<figure class=\"wp-block-image is-resized is-style-border-s\"><img data-src=\"https:\/\/steinwolf.de\/wp-content\/uploads\/h4MLogo.png\" alt=\"\" class=\"wp-image-2182\" style=\"width:92px;height:92px\"\/><\/figure>\n\n\n\n<div style=\"height:20px\" aria-hidden=\"true\" class=\"wp-block-spacer\"><\/div>\n\n\n\n<p class=\"is-style-border-s\">hoch4Medien Dirk Sieker<\/p>\n\n\n\n<p class=\"is-style-border-s externalLink\">hoch4Medien.de<br>Email&nbsp;<a href=\"mailto:mail@hoch4Medien.de\">mail@hoch4Medien.de<\/a><br>Telefon&nbsp;<a href=\"tel:+4915222868180\">(01 52) 22 86 81 80<\/a><\/p>\n\n\n\n<div style=\"height:204px\" aria-hidden=\"true\" class=\"wp-block-spacer\"><\/div>\n\n        <script>\n        function toggleInchInfo(el) {\n            const infoBox = el.nextElementSibling;\n            if (infoBox.style.display === \"none\") {\n                infoBox.style.display = \"inline\";\n            } else {\n                infoBox.style.display = \"none\";\n            }\n        }\n        <\/script>\n        <style>\n            .cm-info {\n                cursor: pointer;\n                color: #0073aa;\n                font-weight: bold;\n                margin-left: 4px;\n            }\n            .inch-info {\n                display: none;\n                background: #f8f8f8;\n                border: 1px solid #ccc;\n                padding: 4px 8px;\n                margin-left: 5px;\n                font-size: 0.9em;\n                border-radius: 4px;\n            }\n        <\/style>","protected":false},"excerpt":{"rendered":"<p>Informacje zgodnie z \u00a7 5 TMG: Colour of Stone GmbHAlbert-Einstein-Str. 1031135 Hildesheim &#8211; GERMANY Telefon +49 5121 102309E-Mail hello@colourofstone.comStrona internetowa colourofstone.com S\u0105d rejestrowy: S\u0105d lokalny w Hildesheim Numer rejestracyjny: HRB 207 255 Upowa\u017cniony przedstawicieldyrektor zarz\u0105dzaj\u0105cy: Friedrich Aly Numer identyfikacyjny podatku od sprzeda\u017cy zgodnie z \u00a7 27a &nbsp;ustawy o podatku obrotowym: DE 339 389 434&nbsp; Dane <a href=\"https:\/\/colourofstone.com\/pl\/dane-firmy\/\" class=\"more-link\">&#8230;<\/a><\/p>\n","protected":false},"author":2,"featured_media":0,"parent":0,"menu_order":0,"comment_status":"closed","ping_status":"closed","template":"","meta":{"footnotes":""},"class_list":["post-16972","page","type-page","status-publish","hentry"],"yoast_head":"<!-- This site is optimized with the Yoast SEO plugin v27.4 - https:\/\/yoast.com\/product\/yoast-seo-wordpress\/ -->\n<title>Dane firmy - Colour of Stone<\/title>\n<meta name=\"robots\" content=\"noindex, nofollow\" \/>\n<meta property=\"og:locale\" content=\"pl_PL\" \/>\n<meta property=\"og:type\" content=\"article\" \/>\n<meta property=\"og:title\" content=\"Dane firmy - Colour of Stone\" \/>\n<meta property=\"og:description\" content=\"Informacje zgodnie z \u00a7 5 TMG: Colour of Stone GmbHAlbert-Einstein-Str. 1031135 Hildesheim &#8211; GERMANY Telefon +49 5121 102309E-Mail hello@colourofstone.comStrona internetowa colourofstone.com S\u0105d rejestrowy: S\u0105d lokalny w Hildesheim Numer rejestracyjny: HRB 207 255 Upowa\u017cniony przedstawicieldyrektor zarz\u0105dzaj\u0105cy: Friedrich Aly Numer identyfikacyjny podatku od sprzeda\u017cy zgodnie z \u00a7 27a &nbsp;ustawy o podatku obrotowym: DE 339 389 434&nbsp; Dane ...\" \/>\n<meta property=\"og:url\" content=\"https:\/\/colourofstone.com\/pl\/dane-firmy\/\" \/>\n<meta property=\"og:site_name\" content=\"Colour of Stone\" \/>\n<meta property=\"article:modified_time\" content=\"2025-07-29T07:24:58+00:00\" \/>\n<meta property=\"og:image\" content=\"https:\/\/steinwolf.de\/wp-content\/uploads\/h4MLogo.png\" \/>\n<meta name=\"twitter:card\" content=\"summary_large_image\" \/>\n<meta name=\"twitter:label1\" content=\"Szacowany czas czytania\" \/>\n\t<meta name=\"twitter:data1\" content=\"3 minuty\" \/>\n<script type=\"application\/ld+json\" class=\"yoast-schema-graph\">{\"@context\":\"https:\\\/\\\/schema.org\",\"@graph\":[{\"@type\":\"WebPage\",\"@id\":\"https:\\\/\\\/colourofstone.com\\\/pl\\\/dane-firmy\\\/\",\"url\":\"https:\\\/\\\/colourofstone.com\\\/pl\\\/dane-firmy\\\/\",\"name\":\"Dane firmy - Colour of Stone\",\"isPartOf\":{\"@id\":\"https:\\\/\\\/colourofstone.com\\\/pl\\\/#website\"},\"primaryImageOfPage\":{\"@id\":\"https:\\\/\\\/colourofstone.com\\\/pl\\\/dane-firmy\\\/#primaryimage\"},\"image\":{\"@id\":\"https:\\\/\\\/colourofstone.com\\\/pl\\\/dane-firmy\\\/#primaryimage\"},\"thumbnailUrl\":\"https:\\\/\\\/steinwolf.de\\\/wp-content\\\/uploads\\\/h4MLogo.png\",\"datePublished\":\"2020-12-29T07:27:20+00:00\",\"dateModified\":\"2025-07-29T07:24:58+00:00\",\"breadcrumb\":{\"@id\":\"https:\\\/\\\/colourofstone.com\\\/pl\\\/dane-firmy\\\/#breadcrumb\"},\"inLanguage\":\"pl-PL\",\"potentialAction\":[{\"@type\":\"ReadAction\",\"target\":[\"https:\\\/\\\/colourofstone.com\\\/pl\\\/dane-firmy\\\/\"]}]},{\"@type\":\"ImageObject\",\"inLanguage\":\"pl-PL\",\"@id\":\"https:\\\/\\\/colourofstone.com\\\/pl\\\/dane-firmy\\\/#primaryimage\",\"url\":\"https:\\\/\\\/steinwolf.de\\\/wp-content\\\/uploads\\\/h4MLogo.png\",\"contentUrl\":\"https:\\\/\\\/steinwolf.de\\\/wp-content\\\/uploads\\\/h4MLogo.png\"},{\"@type\":\"BreadcrumbList\",\"@id\":\"https:\\\/\\\/colourofstone.com\\\/pl\\\/dane-firmy\\\/#breadcrumb\",\"itemListElement\":[{\"@type\":\"ListItem\",\"position\":1,\"name\":\"Home\",\"item\":\"https:\\\/\\\/colourofstone.com\\\/pl\\\/\"},{\"@type\":\"ListItem\",\"position\":2,\"name\":\"Dane firmy\"}]},{\"@type\":\"WebSite\",\"@id\":\"https:\\\/\\\/colourofstone.com\\\/pl\\\/#website\",\"url\":\"https:\\\/\\\/colourofstone.com\\\/pl\\\/\",\"name\":\"Colour of Stone\",\"description\":\"Fliesen, Haus und Garten Produkte aus Naturstein - Online Shop\",\"publisher\":{\"@id\":\"https:\\\/\\\/colourofstone.com\\\/pl\\\/#organization\"},\"potentialAction\":[{\"@type\":\"SearchAction\",\"target\":{\"@type\":\"EntryPoint\",\"urlTemplate\":\"https:\\\/\\\/colourofstone.com\\\/pl\\\/?s={search_term_string}\"},\"query-input\":{\"@type\":\"PropertyValueSpecification\",\"valueRequired\":true,\"valueName\":\"search_term_string\"}}],\"inLanguage\":\"pl-PL\"},{\"@type\":\"Organization\",\"@id\":\"https:\\\/\\\/colourofstone.com\\\/pl\\\/#organization\",\"name\":\"Colour of Stone GmbH\",\"url\":\"https:\\\/\\\/colourofstone.com\\\/pl\\\/\",\"logo\":{\"@type\":\"ImageObject\",\"inLanguage\":\"pl-PL\",\"@id\":\"https:\\\/\\\/colourofstone.com\\\/pl\\\/#\\\/schema\\\/logo\\\/image\\\/\",\"url\":\"https:\\\/\\\/colourofstone.com\\\/wp-content\\\/uploads\\\/99FC1526-DF3B-44F1-9816-9278D3194252-scaled.jpeg\",\"contentUrl\":\"https:\\\/\\\/colourofstone.com\\\/wp-content\\\/uploads\\\/99FC1526-DF3B-44F1-9816-9278D3194252-scaled.jpeg\",\"width\":2125,\"height\":2560,\"caption\":\"Colour of Stone GmbH\"},\"image\":{\"@id\":\"https:\\\/\\\/colourofstone.com\\\/pl\\\/#\\\/schema\\\/logo\\\/image\\\/\"},\"sameAs\":[\"https:\\\/\\\/www.instagram.com\\\/colourofstone\\\/\"]}]}<\/script>\n<!-- \/ Yoast SEO plugin. -->","yoast_head_json":{"title":"Dane firmy - Colour of Stone","robots":{"index":"noindex","follow":"nofollow"},"og_locale":"pl_PL","og_type":"article","og_title":"Dane firmy - Colour of Stone","og_description":"Informacje zgodnie z \u00a7 5 TMG: Colour of Stone GmbHAlbert-Einstein-Str. 1031135 Hildesheim &#8211; GERMANY Telefon +49 5121 102309E-Mail hello@colourofstone.comStrona internetowa colourofstone.com S\u0105d rejestrowy: S\u0105d lokalny w Hildesheim Numer rejestracyjny: HRB 207 255 Upowa\u017cniony przedstawicieldyrektor zarz\u0105dzaj\u0105cy: Friedrich Aly Numer identyfikacyjny podatku od sprzeda\u017cy zgodnie z \u00a7 27a &nbsp;ustawy o podatku obrotowym: DE 339 389 434&nbsp; Dane ...","og_url":"https:\/\/colourofstone.com\/pl\/dane-firmy\/","og_site_name":"Colour of Stone","article_modified_time":"2025-07-29T07:24:58+00:00","og_image":[{"url":"https:\/\/steinwolf.de\/wp-content\/uploads\/h4MLogo.png","type":"","width":"","height":""}],"twitter_card":"summary_large_image","twitter_misc":{"Szacowany czas czytania":"3 minuty"},"schema":{"@context":"https:\/\/schema.org","@graph":[{"@type":"WebPage","@id":"https:\/\/colourofstone.com\/pl\/dane-firmy\/","url":"https:\/\/colourofstone.com\/pl\/dane-firmy\/","name":"Dane firmy - Colour of Stone","isPartOf":{"@id":"https:\/\/colourofstone.com\/pl\/#website"},"primaryImageOfPage":{"@id":"https:\/\/colourofstone.com\/pl\/dane-firmy\/#primaryimage"},"image":{"@id":"https:\/\/colourofstone.com\/pl\/dane-firmy\/#primaryimage"},"thumbnailUrl":"https:\/\/steinwolf.de\/wp-content\/uploads\/h4MLogo.png","datePublished":"2020-12-29T07:27:20+00:00","dateModified":"2025-07-29T07:24:58+00:00","breadcrumb":{"@id":"https:\/\/colourofstone.com\/pl\/dane-firmy\/#breadcrumb"},"inLanguage":"pl-PL","potentialAction":[{"@type":"ReadAction","target":["https:\/\/colourofstone.com\/pl\/dane-firmy\/"]}]},{"@type":"ImageObject","inLanguage":"pl-PL","@id":"https:\/\/colourofstone.com\/pl\/dane-firmy\/#primaryimage","url":"https:\/\/steinwolf.de\/wp-content\/uploads\/h4MLogo.png","contentUrl":"https:\/\/steinwolf.de\/wp-content\/uploads\/h4MLogo.png"},{"@type":"BreadcrumbList","@id":"https:\/\/colourofstone.com\/pl\/dane-firmy\/#breadcrumb","itemListElement":[{"@type":"ListItem","position":1,"name":"Home","item":"https:\/\/colourofstone.com\/pl\/"},{"@type":"ListItem","position":2,"name":"Dane firmy"}]},{"@type":"WebSite","@id":"https:\/\/colourofstone.com\/pl\/#website","url":"https:\/\/colourofstone.com\/pl\/","name":"Colour of Stone","description":"Fliesen, Haus und Garten Produkte aus Naturstein - Online Shop","publisher":{"@id":"https:\/\/colourofstone.com\/pl\/#organization"},"potentialAction":[{"@type":"SearchAction","target":{"@type":"EntryPoint","urlTemplate":"https:\/\/colourofstone.com\/pl\/?s={search_term_string}"},"query-input":{"@type":"PropertyValueSpecification","valueRequired":true,"valueName":"search_term_string"}}],"inLanguage":"pl-PL"},{"@type":"Organization","@id":"https:\/\/colourofstone.com\/pl\/#organization","name":"Colour of Stone GmbH","url":"https:\/\/colourofstone.com\/pl\/","logo":{"@type":"ImageObject","inLanguage":"pl-PL","@id":"https:\/\/colourofstone.com\/pl\/#\/schema\/logo\/image\/","url":"https:\/\/colourofstone.com\/wp-content\/uploads\/99FC1526-DF3B-44F1-9816-9278D3194252-scaled.jpeg","contentUrl":"https:\/\/colourofstone.com\/wp-content\/uploads\/99FC1526-DF3B-44F1-9816-9278D3194252-scaled.jpeg","width":2125,"height":2560,"caption":"Colour of Stone GmbH"},"image":{"@id":"https:\/\/colourofstone.com\/pl\/#\/schema\/logo\/image\/"},"sameAs":["https:\/\/www.instagram.com\/colourofstone\/"]}]}},"_links":{"self":[{"href":"https:\/\/colourofstone.com\/pl\/wp-json\/wp\/v2\/pages\/16972","targetHints":{"allow":["GET"]}}],"collection":[{"href":"https:\/\/colourofstone.com\/pl\/wp-json\/wp\/v2\/pages"}],"about":[{"href":"https:\/\/colourofstone.com\/pl\/wp-json\/wp\/v2\/types\/page"}],"author":[{"embeddable":true,"href":"https:\/\/colourofstone.com\/pl\/wp-json\/wp\/v2\/users\/2"}],"replies":[{"embeddable":true,"href":"https:\/\/colourofstone.com\/pl\/wp-json\/wp\/v2\/comments?post=16972"}],"version-history":[{"count":9,"href":"https:\/\/colourofstone.com\/pl\/wp-json\/wp\/v2\/pages\/16972\/revisions"}],"predecessor-version":[{"id":84760,"href":"https:\/\/colourofstone.com\/pl\/wp-json\/wp\/v2\/pages\/16972\/revisions\/84760"}],"wp:attachment":[{"href":"https:\/\/colourofstone.com\/pl\/wp-json\/wp\/v2\/media?parent=16972"}],"curies":[{"name":"wp","href":"https:\/\/api.w.org\/{rel}","templated":true}]}}