{"id":17006,"date":"2020-12-29T07:41:58","date_gmt":"2020-12-29T07:41:58","guid":{"rendered":"https:\/\/colourofstone.com\/prawo-odstapienia-od-umowy\/"},"modified":"2021-03-05T20:33:59","modified_gmt":"2021-03-05T20:33:59","slug":"prawo-do-odstapienia-od-umowy","status":"publish","type":"page","link":"https:\/\/colourofstone.com\/pl\/prawo-do-odstapienia-od-umowy\/","title":{"rendered":"Prawo do odst\u0105pienia od umowy"},"content":{"rendered":"\n<h5 class=\"is-style-border-s wp-block-heading\"><strong><strong>Prawo konsument\u00f3w do odst\u0105pienia od umowy<\/strong><\/strong><\/h5>\n\n\n\n<div style=\"height:20px\" aria-hidden=\"true\" class=\"wp-block-spacer\"><\/div>\n\n\n\n<p class=\"is-style-border-s\">O ile dokonuj\u0105 Pa\u0144stwo zakup\u00f3w w celach, kt\u00f3re nie wynikaj\u0105 w g\u0142\u00f3wnej mierze z Pa\u0144stwa dzia\u0142alno\u015bci handlowej lub zawodowej, a zatem zamawiaj\u0105 Pa\u0144stwo u nas jako konsument\u00f3w i nie uzgadniaj\u0105 z nami p\u0142atno\u015bci ratalnej, przys\u0142uguje Pa\u0144stwu prawo do odst\u0105pienia od umowy zgodnie z poni\u017csz\u0105 instrukcj\u0105:<\/p>\n\n\n\n<div style=\"height:40px\" aria-hidden=\"true\" class=\"wp-block-spacer\"><\/div>\n\n\n\n<h5 class=\"is-style-border-s wp-block-heading\"><strong><strong>Polityka anulowania<\/strong><\/strong><\/h5>\n\n\n\n<div style=\"height:20px\" aria-hidden=\"true\" class=\"wp-block-spacer\"><\/div>\n\n\n\n<p class=\"is-style-border-s\">Maj\u0105 Pa\u0144stwo prawo do odst\u0105pienia od umowy w ci\u0105gu czternastu dni bez podania przyczyn. Termin na odst\u0105pienie od umowy biegnie od dnia, w kt\u00f3rym Pa\u0144stwo lub wskazana przez Pa\u0144stwa osoba trzecia nieb\u0119d\u0105ca przewo\u017anikiem weszli\/wesz\u0142a w posiadanie produktu.<\/p>\n\n\n\n<p class=\"is-style-border-s\">W celu wykonania swojego prawa do odst\u0105pienia od umowy musz\u0105 Pa\u0144stwo powiadomi\u0107 o swojej decyzji w tej sprawie firm\u0119 <a>Colour of Stone GmbH, Albert-Einstein-Str. 10, 31135 Hildesheim<\/a>, Tel. +49 5121 102309, E-Mail support@colourofstone.com w drodze jednoznacznego o\u015bwiadczenia woli (np. przy pomocy listu wys\u0142anego poczt\u0105 lub e-maila). Mog\u0105 Pa\u0144stwo w tym celu u\u017cy\u0107 za\u0142\u0105czonego wzoru formularza odst\u0105pienia od umowy. Nie ma jednak takiego obowi\u0105zku. Mog\u0105 Pa\u0144stwo wype\u0142ni\u0107 i przes\u0142a\u0107 nam formularz odst\u0105pienia od umowy albo sporz\u0105dzi\u0107 i przes\u0142a\u0107 jakiekolwiek inne o\u015bwiadczenie woli, tak\u017ce elektronicznie, przy u\u017cyciu formularza kontaktowego znajduj\u0105cego si\u0119 na naszej stronie internetowej. Je\u015bli skorzystaj\u0105 Pa\u0144stwo z tej mo\u017cliwo\u015bci, prze\u015blemy Pa\u0144stwu niezw\u0142ocznie (np. drog\u0105 mailow\u0105) potwierdzenie otrzymania Pa\u0144stwa o\u015bwiadczenia. W celu wykonania prawa do odst\u0105pienia od umowy wystarczy wys\u0142a\u0107 powiadomienie o skorzystaniu z tego prawa przed up\u0142ywem terminu na odst\u0105pienie od umowy.<\/p>\n\n\n\n<p class=\"is-style-border-s\"><strong><strong><strong>Skutki odst\u0105pienia od umowy<\/strong><\/strong><\/strong><\/p>\n\n\n\n<p class=\"is-style-border-s\">W przypadku odst\u0105pienia przez Pa\u0144stwa od umowy mamy obowi\u0105zek niezw\u0142ocznie, jednak nie p\u00f3\u017aniej ni\u017c w ci\u0105gu czternastu dniu od dnia otrzymania Pa\u0144stwa powiadomienia o odst\u0105pieniu od umowy, zwr\u00f3ci\u0107 Pa\u0144stwu wszystkie otrzymane od Pa\u0144stwa p\u0142atno\u015bci, w\u0142\u0105cznie z kosztami dostawy (z wyj\u0105tkiem koszt\u00f3w dodatkowych, kt\u00f3re ewentualnie wynikn\u0105 w zwi\u0105zku z wyborem przez Pa\u0144stwa innego sposobu dostawy ni\u017c najta\u0144szy zwyk\u0142y oferowany przez nas spos\u00f3b dostawy). Do zwrotu p\u0142atno\u015bci stosujemy ten sam \u015brodek p\u0142atno\u015bci, kt\u00f3rym pos\u0142u\u017cyli si\u0119 Pa\u0144stwo podczas pierwotnej transakcji, chyba \u017ce jednoznacznie uzgodnimy z Pa\u0144stwem inny \u015brodek p\u0142atno\u015bci. W \u017cadnym wypadku nie naliczymy Pa\u0144stwu za to jakichkolwiek op\u0142at. Mo\u017cemy natomiast odm\u00f3wi\u0107 dokonania zwrotu p\u0142atno\u015bci otrzymanej od Pa\u0144stwa do chwili otrzymania zwrotu produktu lub do chwili, gdy przedstawi\u0105 Pa\u0144stwo dow\u00f3d, \u017ce produkt zosta\u0142 do nas wys\u0142any, w zale\u017cno\u015bci od tego, kt\u00f3re z tych zdarze\u0144 nast\u0105pi wcze\u015bniej .<\/p>\n\n\n\n<p class=\"is-style-border-s\">Pa\u0144stwo z kolei maj\u0105 obowi\u0105zek odes\u0142a\u0107 nam lub przekaza\u0107 produkt niezw\u0142ocznie, jednak nie p\u00f3\u017aniej ni\u017c czterna\u015bcie dni od dnia, w kt\u00f3rym poinformowali nas Pa\u0144stwo o odst\u0105pieniu od umowy. Termin uwa\u017ca si\u0119 za dochowany, je\u015bli produkt zostanie wys\u0142any przed up\u0142ywem czternastu dni. Koszt zwrotu towaru ponosi u\u017cytkownik. Ich maksymalna wysoko\u015b\u0107 wynosi EUR 500,00 na palet\u0119.<\/p>\n\n\n\n<p class=\"is-style-border-s\">Odpowiadaj\u0105 Pa\u0144stwo za zmniejszenie warto\u015bci rzeczy b\u0119d\u0105ce wynikiem korzystania z niej w spos\u00f3b wykraczaj\u0105cy poza konieczny do stwierdzenia charakteru, cech i funkcjonowania rzeczy.<\/p>\n\n\n\n<div style=\"height:40px\" aria-hidden=\"true\" class=\"wp-block-spacer\"><\/div>\n\n\n\n<h5 class=\"is-style-border-s wp-block-heading\"><strong><strong>Wz\u00f3r formularza odst\u0105pienia od umowy<\/strong><\/strong><\/h5>\n\n\n\n<div style=\"height:20px\" aria-hidden=\"true\" class=\"wp-block-spacer\"><\/div>\n\n\n\n<p class=\"is-style-border-s\">Je\u015bli chc\u0105 Pa\u0144stwo odst\u0105pi\u0107 od niniejszej umowy, prosimy o wype\u0142nienie niniejszego formularza. Alternatywnie mog\u0105 Pa\u0144stwo tak\u017ce odst\u0105pi\u0107 od umowy w spos\u00f3b przedstawiony powy\u017cej.<\/p>\n\n\n\n<p class=\"is-style-border-s\">Adresat: <br>Colour of Stone GmbH<br>Albert-Einstein-Str. 10<br>31135 Hildesheim \/ GERMANY<br><br>Tel. +49 (0) 5121 102309<br>E-Mail <a href=\"mailto:support@colourofstone.com\">support@colourofstone.com<\/a><\/p>\n\n\n\n<div style=\"height:40px\" aria-hidden=\"true\" class=\"wp-block-spacer\"><\/div>\n\n\n\n<p class=\"is-style-border-s\"><strong>Ja\/My (*) niniejszym informuj\u0119\/informujemy (*) o moim\/naszym odst\u0105pieniu od umowy sprzeda\u017cy nast\u0119puj\u0105cych rzeczy (*)<\/strong><\/p>\n\n\n\n<div style=\"height:40px\" aria-hidden=\"true\" class=\"wp-block-spacer\"><\/div>\n\n\n\n<hr class=\"wp-block-separator is-style-border-s\"\/>\n\n\n\n<p class=\"is-style-border-s\">Data zawarcia umowy (*) \/ odbioru (*)<\/p>\n\n\n\n<div style=\"height:40px\" aria-hidden=\"true\" class=\"wp-block-spacer\"><\/div>\n\n\n\n<hr class=\"wp-block-separator is-style-border-s is-style-default\"\/>\n\n\n\n<p class=\"is-style-border-s\">Imi\u0119 i nazwisko konsumenta(-\u00f3w)<\/p>\n\n\n\n<div style=\"height:40px\" aria-hidden=\"true\" class=\"wp-block-spacer\"><\/div>\n\n\n\n<hr class=\"wp-block-separator is-style-border-s\"\/>\n\n\n\n<p class=\"is-style-border-s\">Adres konsumenta(-\u00f3w)<\/p>\n\n\n\n<div style=\"height:80px\" aria-hidden=\"true\" class=\"wp-block-spacer\"><\/div>\n\n\n\n<hr class=\"wp-block-separator is-style-border-s\"\/>\n\n\n\n<p class=\"is-style-border-s\">Podpis konsumenta(-\u00f3w) (tylko je\u017celi formularz jest przesy\u0142any w wersji papierowej)<\/p>\n\n\n\n<div style=\"height:40px\" aria-hidden=\"true\" class=\"wp-block-spacer\"><\/div>\n\n\n\n<hr class=\"wp-block-separator is-style-border-s\"\/>\n\n\n\n<p class=\"is-style-border-s\">Data<\/p>\n\n\n\n<div style=\"height:40px\" aria-hidden=\"true\" class=\"wp-block-spacer\"><\/div>\n\n\n\n<p class=\"is-style-border-s\">(*) niepotrzebne skre\u015bli\u0107<\/p>\n\n\n\n<div style=\"height:121px\" aria-hidden=\"true\" class=\"wp-block-spacer\"><\/div>\n\n        <script>\n        function toggleInchInfo(el) {\n            const infoBox = el.nextElementSibling;\n            if (infoBox.style.display === \"none\") {\n                infoBox.style.display = \"inline\";\n            } else {\n                infoBox.style.display = \"none\";\n            }\n        }\n        <\/script>\n        <style>\n            .cm-info {\n                cursor: pointer;\n                color: #0073aa;\n                font-weight: bold;\n                margin-left: 4px;\n            }\n            .inch-info {\n                display: none;\n                background: #f8f8f8;\n                border: 1px solid #ccc;\n                padding: 4px 8px;\n                margin-left: 5px;\n                font-size: 0.9em;\n                border-radius: 4px;\n            }\n        <\/style>","protected":false},"excerpt":{"rendered":"<p>Prawo konsument\u00f3w do odst\u0105pienia od umowy O ile dokonuj\u0105 Pa\u0144stwo zakup\u00f3w w celach, kt\u00f3re nie wynikaj\u0105 w g\u0142\u00f3wnej mierze z Pa\u0144stwa dzia\u0142alno\u015bci handlowej lub zawodowej, a zatem zamawiaj\u0105 Pa\u0144stwo u nas jako konsument\u00f3w i nie uzgadniaj\u0105 z nami p\u0142atno\u015bci ratalnej, przys\u0142uguje Pa\u0144stwu prawo do odst\u0105pienia od umowy zgodnie z poni\u017csz\u0105 instrukcj\u0105: Polityka anulowania Maj\u0105 Pa\u0144stwo <a href=\"https:\/\/colourofstone.com\/pl\/prawo-do-odstapienia-od-umowy\/\" class=\"more-link\">&#8230;<\/a><\/p>\n","protected":false},"author":1,"featured_media":0,"parent":0,"menu_order":0,"comment_status":"closed","ping_status":"closed","template":"","meta":{"footnotes":""},"class_list":["post-17006","page","type-page","status-publish","hentry"],"yoast_head":"<!-- This site is optimized with the Yoast SEO plugin v27.3 - https:\/\/yoast.com\/product\/yoast-seo-wordpress\/ -->\n<title>Prawo do odst\u0105pienia od umowy - Colour of Stone<\/title>\n<meta name=\"robots\" content=\"noindex, nofollow\" \/>\n<meta property=\"og:locale\" content=\"pl_PL\" \/>\n<meta property=\"og:type\" content=\"article\" \/>\n<meta property=\"og:title\" content=\"Prawo do odst\u0105pienia od umowy - Colour of Stone\" \/>\n<meta property=\"og:description\" content=\"Prawo konsument\u00f3w do odst\u0105pienia od umowy O ile dokonuj\u0105 Pa\u0144stwo zakup\u00f3w w celach, kt\u00f3re nie wynikaj\u0105 w g\u0142\u00f3wnej mierze z Pa\u0144stwa dzia\u0142alno\u015bci handlowej lub zawodowej, a zatem zamawiaj\u0105 Pa\u0144stwo u nas jako konsument\u00f3w i nie uzgadniaj\u0105 z nami p\u0142atno\u015bci ratalnej, przys\u0142uguje Pa\u0144stwu prawo do odst\u0105pienia od umowy zgodnie z poni\u017csz\u0105 instrukcj\u0105: Polityka anulowania Maj\u0105 Pa\u0144stwo ...\" \/>\n<meta property=\"og:url\" content=\"https:\/\/colourofstone.com\/pl\/prawo-do-odstapienia-od-umowy\/\" \/>\n<meta property=\"og:site_name\" content=\"Colour of Stone\" \/>\n<meta property=\"article:modified_time\" content=\"2021-03-05T20:33:59+00:00\" \/>\n<meta property=\"og:image\" content=\"https:\/\/colourofstone.com\/wp-content\/uploads\/Logo.png\" \/>\n\t<meta property=\"og:image:width\" content=\"1086\" \/>\n\t<meta property=\"og:image:height\" content=\"553\" \/>\n\t<meta property=\"og:image:type\" content=\"image\/png\" \/>\n<meta name=\"twitter:card\" content=\"summary_large_image\" \/>\n<meta name=\"twitter:label1\" content=\"Szacowany czas czytania\" \/>\n\t<meta name=\"twitter:data1\" content=\"3 minuty\" \/>\n<script type=\"application\/ld+json\" class=\"yoast-schema-graph\">{\"@context\":\"https:\\\/\\\/schema.org\",\"@graph\":[{\"@type\":\"WebPage\",\"@id\":\"https:\\\/\\\/colourofstone.com\\\/pl\\\/prawo-do-odstapienia-od-umowy\\\/\",\"url\":\"https:\\\/\\\/colourofstone.com\\\/pl\\\/prawo-do-odstapienia-od-umowy\\\/\",\"name\":\"Prawo do odst\u0105pienia od umowy - Colour of Stone\",\"isPartOf\":{\"@id\":\"https:\\\/\\\/colourofstone.com\\\/pl\\\/#website\"},\"datePublished\":\"2020-12-29T07:41:58+00:00\",\"dateModified\":\"2021-03-05T20:33:59+00:00\",\"breadcrumb\":{\"@id\":\"https:\\\/\\\/colourofstone.com\\\/pl\\\/prawo-do-odstapienia-od-umowy\\\/#breadcrumb\"},\"inLanguage\":\"pl-PL\",\"potentialAction\":[{\"@type\":\"ReadAction\",\"target\":[\"https:\\\/\\\/colourofstone.com\\\/pl\\\/prawo-do-odstapienia-od-umowy\\\/\"]}]},{\"@type\":\"BreadcrumbList\",\"@id\":\"https:\\\/\\\/colourofstone.com\\\/pl\\\/prawo-do-odstapienia-od-umowy\\\/#breadcrumb\",\"itemListElement\":[{\"@type\":\"ListItem\",\"position\":1,\"name\":\"Home\",\"item\":\"https:\\\/\\\/colourofstone.com\\\/pl\\\/\"},{\"@type\":\"ListItem\",\"position\":2,\"name\":\"Prawo do odst\u0105pienia od umowy\"}]},{\"@type\":\"WebSite\",\"@id\":\"https:\\\/\\\/colourofstone.com\\\/pl\\\/#website\",\"url\":\"https:\\\/\\\/colourofstone.com\\\/pl\\\/\",\"name\":\"Colour of Stone\",\"description\":\"Fliesen, Haus und Garten Produkte aus Naturstein - Online Shop\",\"publisher\":{\"@id\":\"https:\\\/\\\/colourofstone.com\\\/pl\\\/#organization\"},\"potentialAction\":[{\"@type\":\"SearchAction\",\"target\":{\"@type\":\"EntryPoint\",\"urlTemplate\":\"https:\\\/\\\/colourofstone.com\\\/pl\\\/?s={search_term_string}\"},\"query-input\":{\"@type\":\"PropertyValueSpecification\",\"valueRequired\":true,\"valueName\":\"search_term_string\"}}],\"inLanguage\":\"pl-PL\"},{\"@type\":\"Organization\",\"@id\":\"https:\\\/\\\/colourofstone.com\\\/pl\\\/#organization\",\"name\":\"Colour of Stone GmbH\",\"url\":\"https:\\\/\\\/colourofstone.com\\\/pl\\\/\",\"logo\":{\"@type\":\"ImageObject\",\"inLanguage\":\"pl-PL\",\"@id\":\"https:\\\/\\\/colourofstone.com\\\/pl\\\/#\\\/schema\\\/logo\\\/image\\\/\",\"url\":\"https:\\\/\\\/colourofstone.com\\\/wp-content\\\/uploads\\\/99FC1526-DF3B-44F1-9816-9278D3194252-scaled.jpeg\",\"contentUrl\":\"https:\\\/\\\/colourofstone.com\\\/wp-content\\\/uploads\\\/99FC1526-DF3B-44F1-9816-9278D3194252-scaled.jpeg\",\"width\":2125,\"height\":2560,\"caption\":\"Colour of Stone GmbH\"},\"image\":{\"@id\":\"https:\\\/\\\/colourofstone.com\\\/pl\\\/#\\\/schema\\\/logo\\\/image\\\/\"},\"sameAs\":[\"https:\\\/\\\/www.instagram.com\\\/colourofstone\\\/\"]}]}<\/script>\n<!-- \/ Yoast SEO plugin. -->","yoast_head_json":{"title":"Prawo do odst\u0105pienia od umowy - Colour of Stone","robots":{"index":"noindex","follow":"nofollow"},"og_locale":"pl_PL","og_type":"article","og_title":"Prawo do odst\u0105pienia od umowy - Colour of Stone","og_description":"Prawo konsument\u00f3w do odst\u0105pienia od umowy O ile dokonuj\u0105 Pa\u0144stwo zakup\u00f3w w celach, kt\u00f3re nie wynikaj\u0105 w g\u0142\u00f3wnej mierze z Pa\u0144stwa dzia\u0142alno\u015bci handlowej lub zawodowej, a zatem zamawiaj\u0105 Pa\u0144stwo u nas jako konsument\u00f3w i nie uzgadniaj\u0105 z nami p\u0142atno\u015bci ratalnej, przys\u0142uguje Pa\u0144stwu prawo do odst\u0105pienia od umowy zgodnie z poni\u017csz\u0105 instrukcj\u0105: Polityka anulowania Maj\u0105 Pa\u0144stwo ...","og_url":"https:\/\/colourofstone.com\/pl\/prawo-do-odstapienia-od-umowy\/","og_site_name":"Colour of Stone","article_modified_time":"2021-03-05T20:33:59+00:00","og_image":[{"width":1086,"height":553,"url":"https:\/\/colourofstone.com\/wp-content\/uploads\/Logo.png","type":"image\/png"}],"twitter_card":"summary_large_image","twitter_misc":{"Szacowany czas czytania":"3 minuty"},"schema":{"@context":"https:\/\/schema.org","@graph":[{"@type":"WebPage","@id":"https:\/\/colourofstone.com\/pl\/prawo-do-odstapienia-od-umowy\/","url":"https:\/\/colourofstone.com\/pl\/prawo-do-odstapienia-od-umowy\/","name":"Prawo do odst\u0105pienia od umowy - Colour of Stone","isPartOf":{"@id":"https:\/\/colourofstone.com\/pl\/#website"},"datePublished":"2020-12-29T07:41:58+00:00","dateModified":"2021-03-05T20:33:59+00:00","breadcrumb":{"@id":"https:\/\/colourofstone.com\/pl\/prawo-do-odstapienia-od-umowy\/#breadcrumb"},"inLanguage":"pl-PL","potentialAction":[{"@type":"ReadAction","target":["https:\/\/colourofstone.com\/pl\/prawo-do-odstapienia-od-umowy\/"]}]},{"@type":"BreadcrumbList","@id":"https:\/\/colourofstone.com\/pl\/prawo-do-odstapienia-od-umowy\/#breadcrumb","itemListElement":[{"@type":"ListItem","position":1,"name":"Home","item":"https:\/\/colourofstone.com\/pl\/"},{"@type":"ListItem","position":2,"name":"Prawo do odst\u0105pienia od umowy"}]},{"@type":"WebSite","@id":"https:\/\/colourofstone.com\/pl\/#website","url":"https:\/\/colourofstone.com\/pl\/","name":"Colour of Stone","description":"Fliesen, Haus und Garten Produkte aus Naturstein - Online Shop","publisher":{"@id":"https:\/\/colourofstone.com\/pl\/#organization"},"potentialAction":[{"@type":"SearchAction","target":{"@type":"EntryPoint","urlTemplate":"https:\/\/colourofstone.com\/pl\/?s={search_term_string}"},"query-input":{"@type":"PropertyValueSpecification","valueRequired":true,"valueName":"search_term_string"}}],"inLanguage":"pl-PL"},{"@type":"Organization","@id":"https:\/\/colourofstone.com\/pl\/#organization","name":"Colour of Stone GmbH","url":"https:\/\/colourofstone.com\/pl\/","logo":{"@type":"ImageObject","inLanguage":"pl-PL","@id":"https:\/\/colourofstone.com\/pl\/#\/schema\/logo\/image\/","url":"https:\/\/colourofstone.com\/wp-content\/uploads\/99FC1526-DF3B-44F1-9816-9278D3194252-scaled.jpeg","contentUrl":"https:\/\/colourofstone.com\/wp-content\/uploads\/99FC1526-DF3B-44F1-9816-9278D3194252-scaled.jpeg","width":2125,"height":2560,"caption":"Colour of Stone GmbH"},"image":{"@id":"https:\/\/colourofstone.com\/pl\/#\/schema\/logo\/image\/"},"sameAs":["https:\/\/www.instagram.com\/colourofstone\/"]}]}},"_links":{"self":[{"href":"https:\/\/colourofstone.com\/pl\/wp-json\/wp\/v2\/pages\/17006","targetHints":{"allow":["GET"]}}],"collection":[{"href":"https:\/\/colourofstone.com\/pl\/wp-json\/wp\/v2\/pages"}],"about":[{"href":"https:\/\/colourofstone.com\/pl\/wp-json\/wp\/v2\/types\/page"}],"author":[{"embeddable":true,"href":"https:\/\/colourofstone.com\/pl\/wp-json\/wp\/v2\/users\/1"}],"replies":[{"embeddable":true,"href":"https:\/\/colourofstone.com\/pl\/wp-json\/wp\/v2\/comments?post=17006"}],"version-history":[{"count":8,"href":"https:\/\/colourofstone.com\/pl\/wp-json\/wp\/v2\/pages\/17006\/revisions"}],"predecessor-version":[{"id":30342,"href":"https:\/\/colourofstone.com\/pl\/wp-json\/wp\/v2\/pages\/17006\/revisions\/30342"}],"wp:attachment":[{"href":"https:\/\/colourofstone.com\/pl\/wp-json\/wp\/v2\/media?parent=17006"}],"curies":[{"name":"wp","href":"https:\/\/api.w.org\/{rel}","templated":true}]}}