{"id":17022,"date":"2020-12-29T07:47:33","date_gmt":"2020-12-29T07:47:33","guid":{"rendered":"https:\/\/colourofstone.com\/zaplata\/"},"modified":"2024-03-26T10:29:09","modified_gmt":"2024-03-26T10:29:09","slug":"metody-platnosci","status":"publish","type":"page","link":"https:\/\/colourofstone.com\/pl\/metody-platnosci\/","title":{"rendered":"Metody p\u0142atno\u015bci"},"content":{"rendered":"\n<h5 class=\"wp-block-heading is-style-border-s\"><strong><strong>P\u0142atno\u015b\u0107 z PayPal<\/strong><\/strong><\/h5>\n\n\n\n<div style=\"height:20px\" aria-hidden=\"true\" class=\"wp-block-spacer\"><\/div>\n\n\n\n<p class=\"is-style-border-s\">1. wybra\u0107 PayPal jako metod\u0119 p\u0142atno\u015bci przy kasie<\/p>\n\n\n\n<p class=\"is-style-border-s\">2. zostaniesz przekierowany na stron\u0119 PayPal<\/p>\n\n\n\n<p class=\"is-style-border-s\">3. je\u015bli jeste\u015b klientem PayPal, mo\u017cesz zalogowa\u0107 si\u0119 za pomoc\u0105 swoich danych u\u017cytkownika i potwierdzi\u0107 p\u0142atno\u015b\u0107. Je\u015bli jeste\u015b nowy w systemie PayPal, utw\u00f3rz konto i potwierd\u017a p\u0142atno\u015b\u0107. 4.<\/p>\n\n\n\n<p class=\"is-style-border-s\">4. Potem zostaniesz przekierowany z powrotem do nas. Twoje zam\u00f3wienie i p\u0142atno\u015b\u0107 zosta\u0142y zrealizowane.<\/p>\n\n\n\n<div style=\"height:41px\" aria-hidden=\"true\" class=\"wp-block-spacer\"><\/div>\n\n\n\n<h5 class=\"wp-block-heading is-style-border-s\"><strong><strong>P\u0142atno\u015b\u0107 kart\u0105 kredytow\u0105<\/strong><\/strong><\/h5>\n\n\n\n<div style=\"height:20px\" aria-hidden=\"true\" class=\"wp-block-spacer\"><\/div>\n\n\n\n<p class=\"is-style-border-s\">Mo\u017cesz zap\u0142aci\u0107 kart\u0105 kredytow\u0105 Mastercard, VISA lub American Express. Po prostu wybierz swoj\u0105 kart\u0119 kredytow\u0105 w procesie zam\u00f3wienia. Opr\u00f3cz numeru karty firmy wydaj\u0105cej kart\u0119 kredytow\u0105, potrzebujemy r\u00f3wnie\u017c wa\u017cno\u015bci karty kredytowej oraz numeru kontrolnego karty. Dane Twojej karty kredytowej b\u0119d\u0105 szyfrowane za pomoc\u0105 SSL i 3D-Secure.<\/p>\n\n\n\n<div style=\"height:41px\" aria-hidden=\"true\" class=\"wp-block-spacer\"><\/div>\n\n\n\n<h5 class=\"wp-block-heading is-style-border-s\"><strong><strong>P\u0142atno\u015b\u0107 z wykorzystaniem polecenia zap\u0142aty SEPA \/ przedp\u0142aty<\/strong><\/strong><\/h5>\n\n\n\n<div style=\"height:20px\" aria-hidden=\"true\" class=\"wp-block-spacer\"><\/div>\n\n\n\n<p class=\"is-style-border-s\">P\u0142ac\u0105c za pomoc\u0105 polecenia zap\u0142aty \/ przedp\u0142aty SEPA, dokonuj\u0105 Pa\u0144stwo przelewu kwoty potwierdzenia zam\u00f3wienia w ci\u0105gu 3 dni. Po otrzymaniu pe\u0142nej kwoty zostaniesz przez nas poinformowany. Mo\u017ce to potrwa\u0107 do 10 dni, w zale\u017cno\u015bci od banku. Po otrzymaniu zam\u00f3wienia natychmiast przyst\u0105pimy do jego realizacji.<\/p>\n\n\n\n<div style=\"height:20px\" aria-hidden=\"true\" class=\"wp-block-spacer\"><\/div>\n\n\n\n<div style=\"height:41px\" aria-hidden=\"true\" class=\"wp-block-spacer\"><\/div>\n\n\n\n<h5 class=\"wp-block-heading is-style-border-s\"><strong>P\u0141ATNO\u015a\u0106 ZA POMOC\u0104 GIROPAY<\/strong> \/ EPS<\/h5>\n\n\n\n<div style=\"height:20px\" aria-hidden=\"true\" class=\"wp-block-spacer\"><\/div>\n\n\n\n<p class=\"is-style-border-s\">1. W pierwszym kroku wybierasz sw\u00f3j bank lub kas\u0119 oszcz\u0119dno\u015bciow\u0105, w kt\u00f3rej chcesz dokona\u0107 wp\u0142aty.<\/p>\n\n\n\n<p class=\"is-style-border-s\">2. Zalogowania si\u0119 przy u\u017cyciu danych dost\u0119powych do bankowo\u015bci internetowej (np. numer konta i PIN).<\/p>\n\n\n\n<p class=\"is-style-border-s\">3. Wypu\u015b\u0107 wype\u0142niony wcze\u015bniej przelew z TAN.<\/p>\n\n\n\n<div style=\"height:41px\" aria-hidden=\"true\" class=\"wp-block-spacer\"><\/div>\n\n\n\n<h5 class=\"wp-block-heading is-style-border-s\"><strong><strong>P\u0142atno\u015b\u0107 za po\u015brednictwem IDEAL (NL)<\/strong><\/strong><\/h5>\n\n\n\n<div style=\"height:20px\" aria-hidden=\"true\" class=\"wp-block-spacer\"><\/div>\n\n\n\n<p class=\"is-style-border-s\">Podczas dokonywania p\u0142atno\u015bci wybierz IDEAL jako swoj\u0105 metod\u0119 p\u0142atno\u015bci, a nast\u0119pnie wybierz z menu bank. Nast\u0119pnie zostaniesz przekierowany do portalu internetowego swojego banku, gdzie b\u0119dziesz m\u00f3g\u0142 zalogowa\u0107 si\u0119 za pomoc\u0105 swoich danych do bankowo\u015bci internetowej w celu dokonania p\u0142atno\u015bci. Wszystkie szczeg\u00f3\u0142y transakcji pojawi\u0105 si\u0119 z g\u00f3ry wype\u0142nione i wystarczy tylko potwierdzi\u0107 p\u0142atno\u015b\u0107. Potem zostaniesz przekierowany z powrotem do nas. Twoje zam\u00f3wienie i p\u0142atno\u015b\u0107 zosta\u0142y zrealizowane<\/p>\n\n\n\n<div style=\"height:41px\" aria-hidden=\"true\" class=\"wp-block-spacer\"><\/div>\n\n\n\n<h5 class=\"wp-block-heading is-style-border-s\"><strong><strong>P\u0142atno\u015b\u0107 za po\u015brednictwem Multibanco (PT)<\/strong><\/strong><\/h5>\n\n\n\n<div style=\"height:20px\" aria-hidden=\"true\" class=\"wp-block-spacer\"><\/div>\n\n\n\n<p class=\"is-style-border-s\">Aby dokona\u0107 p\u0142atno\u015bci za po\u015brednictwem Multibanco, po pomy\u015blnym zrealizowaniu zam\u00f3wienia otrzymasz numer referencyjny p\u0142atno\u015bci oraz numer jednostki obok kwoty pozosta\u0142ej do zap\u0142aty, bez konieczno\u015bci przekierowania na stron\u0119 zewn\u0119trzn\u0105. Nast\u0119pnie mo\u017cna dokona\u0107 p\u0142atno\u015bci, wprowadzaj\u0105c numer referencyjny p\u0142atno\u015bci, numer jednostki i kwot\u0119.<\/p>\n\n\n\n<div style=\"height:41px\" aria-hidden=\"true\" class=\"wp-block-spacer\"><\/div>\n\n\n\n<h5 class=\"wp-block-heading is-style-border-s\"><strong><strong>P\u0142atno\u015b\u0107 za po\u015brednictwem Przelewy24 (PO)<\/strong><\/strong><\/h5>\n\n\n\n<div style=\"height:20px\" aria-hidden=\"true\" class=\"wp-block-spacer\"><\/div>\n\n\n\n<p class=\"is-style-border-s\">Wszystkie istotne informacje zostan\u0105 przes\u0142ane do Przelewy24, dlatego wystarczy, \u017ce wybierzesz sw\u00f3j bank i dokonasz p\u0142atno\u015bci tak, jak w przypadku standardowego przelewu bankowego z TAN. Potem zostaniesz przekierowany z powrotem do nas. Twoje zam\u00f3wienie i p\u0142atno\u015b\u0107 zosta\u0142y zrealizowane.<\/p>\n\n\n\n<div style=\"height:41px\" aria-hidden=\"true\" class=\"wp-block-spacer\"><\/div>\n\n\n\n<h5 class=\"wp-block-heading is-style-border-s\"><strong><strong>P\u0142atno\u015b\u0107 przez Bancontact (BE)<\/strong><\/strong><\/h5>\n\n\n\n<div style=\"height:20px\" aria-hidden=\"true\" class=\"wp-block-spacer\"><\/div>\n\n\n\n<p class=\"is-style-border-s\">Wybierz Bancontact jako metod\u0119 p\u0142atno\u015bci podczas procesu sk\u0142adania zam\u00f3wienia. Nast\u0119pnie zostaniesz przekierowany do portalu internetowego Bancontact, gdzie mo\u017cesz albo skorzysta\u0107 z aplikacji Bancontact, albo r\u0119cznie wprowadzi\u0107 dane swojej karty Bancontact, aby rozpocz\u0105\u0107 p\u0142atno\u015b\u0107. Zostaniesz wtedy przekierowany z powrotem do nas. Twoje zam\u00f3wienie i p\u0142atno\u015b\u0107 s\u0105 kompletne.<\/p>\n\n\n\n<div style=\"height:168px\" aria-hidden=\"true\" class=\"wp-block-spacer\"><\/div>\n\n\n\n<p class=\"is-style-border-s\"><\/p>\n\n        <script>\n        function toggleInchInfo(el) {\n            const infoBox = el.nextElementSibling;\n            if (infoBox.style.display === \"none\") {\n                infoBox.style.display = \"inline\";\n            } else {\n                infoBox.style.display = \"none\";\n            }\n        }\n        <\/script>\n        <style>\n            .cm-info {\n                cursor: pointer;\n                color: #0073aa;\n                font-weight: bold;\n                margin-left: 4px;\n            }\n            .inch-info {\n                display: none;\n                background: #f8f8f8;\n                border: 1px solid #ccc;\n                padding: 4px 8px;\n                margin-left: 5px;\n                font-size: 0.9em;\n                border-radius: 4px;\n            }\n        <\/style>","protected":false},"excerpt":{"rendered":"<p>P\u0142atno\u015b\u0107 z PayPal 1. wybra\u0107 PayPal jako metod\u0119 p\u0142atno\u015bci przy kasie 2. zostaniesz przekierowany na stron\u0119 PayPal 3. je\u015bli jeste\u015b klientem PayPal, mo\u017cesz zalogowa\u0107 si\u0119 za pomoc\u0105 swoich danych u\u017cytkownika i potwierdzi\u0107 p\u0142atno\u015b\u0107. Je\u015bli jeste\u015b nowy w systemie PayPal, utw\u00f3rz konto i potwierd\u017a p\u0142atno\u015b\u0107. 4. 4. Potem zostaniesz przekierowany z powrotem do nas. Twoje zam\u00f3wienie <a href=\"https:\/\/colourofstone.com\/pl\/metody-platnosci\/\" class=\"more-link\">&#8230;<\/a><\/p>\n","protected":false},"author":2,"featured_media":0,"parent":0,"menu_order":0,"comment_status":"closed","ping_status":"closed","template":"","meta":{"footnotes":""},"class_list":["post-17022","page","type-page","status-publish","hentry"],"yoast_head":"<!-- This site is optimized with the Yoast SEO plugin v27.3 - https:\/\/yoast.com\/product\/yoast-seo-wordpress\/ -->\n<title>Metody p\u0142atno\u015bci - Colour of Stone<\/title>\n<meta name=\"description\" content=\"Mo\u017cliwy jest zakup na konto, zakup na raty, zakup za pomoc\u0105 karty kredytowej, PayPal, SEPA i innych metod p\u0142atno\u015bci.\" \/>\n<meta name=\"robots\" content=\"index, follow, max-snippet:-1, max-image-preview:large, max-video-preview:-1\" \/>\n<link rel=\"canonical\" href=\"https:\/\/colourofstone.com\/pl\/metody-platnosci\/\" \/>\n<meta property=\"og:locale\" content=\"pl_PL\" \/>\n<meta property=\"og:type\" content=\"article\" \/>\n<meta property=\"og:title\" content=\"Metody p\u0142atno\u015bci - Colour of Stone\" \/>\n<meta property=\"og:description\" content=\"Mo\u017cliwy jest zakup na konto, zakup na raty, zakup za pomoc\u0105 karty kredytowej, PayPal, SEPA i innych metod p\u0142atno\u015bci.\" \/>\n<meta property=\"og:url\" content=\"https:\/\/colourofstone.com\/pl\/metody-platnosci\/\" \/>\n<meta property=\"og:site_name\" content=\"Colour of Stone\" \/>\n<meta property=\"article:modified_time\" content=\"2024-03-26T10:29:09+00:00\" \/>\n<meta property=\"og:image\" content=\"https:\/\/colourofstone.com\/wp-content\/uploads\/Logo.png\" \/>\n\t<meta property=\"og:image:width\" content=\"1086\" \/>\n\t<meta property=\"og:image:height\" content=\"553\" \/>\n\t<meta property=\"og:image:type\" content=\"image\/png\" \/>\n<meta name=\"twitter:card\" content=\"summary_large_image\" \/>\n<meta name=\"twitter:label1\" content=\"Szacowany czas czytania\" \/>\n\t<meta name=\"twitter:data1\" content=\"3 minuty\" \/>\n<script type=\"application\/ld+json\" class=\"yoast-schema-graph\">{\"@context\":\"https:\\\/\\\/schema.org\",\"@graph\":[{\"@type\":\"WebPage\",\"@id\":\"https:\\\/\\\/colourofstone.com\\\/pl\\\/metody-platnosci\\\/\",\"url\":\"https:\\\/\\\/colourofstone.com\\\/pl\\\/metody-platnosci\\\/\",\"name\":\"Metody p\u0142atno\u015bci - Colour of Stone\",\"isPartOf\":{\"@id\":\"https:\\\/\\\/colourofstone.com\\\/pl\\\/#website\"},\"datePublished\":\"2020-12-29T07:47:33+00:00\",\"dateModified\":\"2024-03-26T10:29:09+00:00\",\"description\":\"Mo\u017cliwy jest zakup na konto, zakup na raty, zakup za pomoc\u0105 karty kredytowej, PayPal, SEPA i innych metod p\u0142atno\u015bci.\",\"breadcrumb\":{\"@id\":\"https:\\\/\\\/colourofstone.com\\\/pl\\\/metody-platnosci\\\/#breadcrumb\"},\"inLanguage\":\"pl-PL\",\"potentialAction\":[{\"@type\":\"ReadAction\",\"target\":[\"https:\\\/\\\/colourofstone.com\\\/pl\\\/metody-platnosci\\\/\"]}]},{\"@type\":\"BreadcrumbList\",\"@id\":\"https:\\\/\\\/colourofstone.com\\\/pl\\\/metody-platnosci\\\/#breadcrumb\",\"itemListElement\":[{\"@type\":\"ListItem\",\"position\":1,\"name\":\"Home\",\"item\":\"https:\\\/\\\/colourofstone.com\\\/pl\\\/\"},{\"@type\":\"ListItem\",\"position\":2,\"name\":\"Metody p\u0142atno\u015bci\"}]},{\"@type\":\"WebSite\",\"@id\":\"https:\\\/\\\/colourofstone.com\\\/pl\\\/#website\",\"url\":\"https:\\\/\\\/colourofstone.com\\\/pl\\\/\",\"name\":\"Colour of Stone\",\"description\":\"Fliesen, Haus und Garten Produkte aus Naturstein - Online Shop\",\"publisher\":{\"@id\":\"https:\\\/\\\/colourofstone.com\\\/pl\\\/#organization\"},\"potentialAction\":[{\"@type\":\"SearchAction\",\"target\":{\"@type\":\"EntryPoint\",\"urlTemplate\":\"https:\\\/\\\/colourofstone.com\\\/pl\\\/?s={search_term_string}\"},\"query-input\":{\"@type\":\"PropertyValueSpecification\",\"valueRequired\":true,\"valueName\":\"search_term_string\"}}],\"inLanguage\":\"pl-PL\"},{\"@type\":\"Organization\",\"@id\":\"https:\\\/\\\/colourofstone.com\\\/pl\\\/#organization\",\"name\":\"Colour of Stone GmbH\",\"url\":\"https:\\\/\\\/colourofstone.com\\\/pl\\\/\",\"logo\":{\"@type\":\"ImageObject\",\"inLanguage\":\"pl-PL\",\"@id\":\"https:\\\/\\\/colourofstone.com\\\/pl\\\/#\\\/schema\\\/logo\\\/image\\\/\",\"url\":\"https:\\\/\\\/colourofstone.com\\\/wp-content\\\/uploads\\\/99FC1526-DF3B-44F1-9816-9278D3194252-scaled.jpeg\",\"contentUrl\":\"https:\\\/\\\/colourofstone.com\\\/wp-content\\\/uploads\\\/99FC1526-DF3B-44F1-9816-9278D3194252-scaled.jpeg\",\"width\":2125,\"height\":2560,\"caption\":\"Colour of Stone GmbH\"},\"image\":{\"@id\":\"https:\\\/\\\/colourofstone.com\\\/pl\\\/#\\\/schema\\\/logo\\\/image\\\/\"},\"sameAs\":[\"https:\\\/\\\/www.instagram.com\\\/colourofstone\\\/\"]}]}<\/script>\n<!-- \/ Yoast SEO plugin. -->","yoast_head_json":{"title":"Metody p\u0142atno\u015bci - Colour of Stone","description":"Mo\u017cliwy jest zakup na konto, zakup na raty, zakup za pomoc\u0105 karty kredytowej, PayPal, SEPA i innych metod p\u0142atno\u015bci.","robots":{"index":"index","follow":"follow","max-snippet":"max-snippet:-1","max-image-preview":"max-image-preview:large","max-video-preview":"max-video-preview:-1"},"canonical":"https:\/\/colourofstone.com\/pl\/metody-platnosci\/","og_locale":"pl_PL","og_type":"article","og_title":"Metody p\u0142atno\u015bci - Colour of Stone","og_description":"Mo\u017cliwy jest zakup na konto, zakup na raty, zakup za pomoc\u0105 karty kredytowej, PayPal, SEPA i innych metod p\u0142atno\u015bci.","og_url":"https:\/\/colourofstone.com\/pl\/metody-platnosci\/","og_site_name":"Colour of Stone","article_modified_time":"2024-03-26T10:29:09+00:00","og_image":[{"width":1086,"height":553,"url":"https:\/\/colourofstone.com\/wp-content\/uploads\/Logo.png","type":"image\/png"}],"twitter_card":"summary_large_image","twitter_misc":{"Szacowany czas czytania":"3 minuty"},"schema":{"@context":"https:\/\/schema.org","@graph":[{"@type":"WebPage","@id":"https:\/\/colourofstone.com\/pl\/metody-platnosci\/","url":"https:\/\/colourofstone.com\/pl\/metody-platnosci\/","name":"Metody p\u0142atno\u015bci - Colour of Stone","isPartOf":{"@id":"https:\/\/colourofstone.com\/pl\/#website"},"datePublished":"2020-12-29T07:47:33+00:00","dateModified":"2024-03-26T10:29:09+00:00","description":"Mo\u017cliwy jest zakup na konto, zakup na raty, zakup za pomoc\u0105 karty kredytowej, PayPal, SEPA i innych metod p\u0142atno\u015bci.","breadcrumb":{"@id":"https:\/\/colourofstone.com\/pl\/metody-platnosci\/#breadcrumb"},"inLanguage":"pl-PL","potentialAction":[{"@type":"ReadAction","target":["https:\/\/colourofstone.com\/pl\/metody-platnosci\/"]}]},{"@type":"BreadcrumbList","@id":"https:\/\/colourofstone.com\/pl\/metody-platnosci\/#breadcrumb","itemListElement":[{"@type":"ListItem","position":1,"name":"Home","item":"https:\/\/colourofstone.com\/pl\/"},{"@type":"ListItem","position":2,"name":"Metody p\u0142atno\u015bci"}]},{"@type":"WebSite","@id":"https:\/\/colourofstone.com\/pl\/#website","url":"https:\/\/colourofstone.com\/pl\/","name":"Colour of Stone","description":"Fliesen, Haus und Garten Produkte aus Naturstein - Online Shop","publisher":{"@id":"https:\/\/colourofstone.com\/pl\/#organization"},"potentialAction":[{"@type":"SearchAction","target":{"@type":"EntryPoint","urlTemplate":"https:\/\/colourofstone.com\/pl\/?s={search_term_string}"},"query-input":{"@type":"PropertyValueSpecification","valueRequired":true,"valueName":"search_term_string"}}],"inLanguage":"pl-PL"},{"@type":"Organization","@id":"https:\/\/colourofstone.com\/pl\/#organization","name":"Colour of Stone GmbH","url":"https:\/\/colourofstone.com\/pl\/","logo":{"@type":"ImageObject","inLanguage":"pl-PL","@id":"https:\/\/colourofstone.com\/pl\/#\/schema\/logo\/image\/","url":"https:\/\/colourofstone.com\/wp-content\/uploads\/99FC1526-DF3B-44F1-9816-9278D3194252-scaled.jpeg","contentUrl":"https:\/\/colourofstone.com\/wp-content\/uploads\/99FC1526-DF3B-44F1-9816-9278D3194252-scaled.jpeg","width":2125,"height":2560,"caption":"Colour of Stone GmbH"},"image":{"@id":"https:\/\/colourofstone.com\/pl\/#\/schema\/logo\/image\/"},"sameAs":["https:\/\/www.instagram.com\/colourofstone\/"]}]}},"_links":{"self":[{"href":"https:\/\/colourofstone.com\/pl\/wp-json\/wp\/v2\/pages\/17022","targetHints":{"allow":["GET"]}}],"collection":[{"href":"https:\/\/colourofstone.com\/pl\/wp-json\/wp\/v2\/pages"}],"about":[{"href":"https:\/\/colourofstone.com\/pl\/wp-json\/wp\/v2\/types\/page"}],"author":[{"embeddable":true,"href":"https:\/\/colourofstone.com\/pl\/wp-json\/wp\/v2\/users\/2"}],"replies":[{"embeddable":true,"href":"https:\/\/colourofstone.com\/pl\/wp-json\/wp\/v2\/comments?post=17022"}],"version-history":[{"count":7,"href":"https:\/\/colourofstone.com\/pl\/wp-json\/wp\/v2\/pages\/17022\/revisions"}],"predecessor-version":[{"id":77120,"href":"https:\/\/colourofstone.com\/pl\/wp-json\/wp\/v2\/pages\/17022\/revisions\/77120"}],"wp:attachment":[{"href":"https:\/\/colourofstone.com\/pl\/wp-json\/wp\/v2\/media?parent=17022"}],"curies":[{"name":"wp","href":"https:\/\/api.w.org\/{rel}","templated":true}]}}