{"id":27042,"date":"2021-02-23T08:04:01","date_gmt":"2021-02-23T08:04:01","guid":{"rendered":"https:\/\/colourofstone.com\/?page_id=27042"},"modified":"2021-03-14T14:40:10","modified_gmt":"2021-03-14T14:40:10","slug":"czyszczenie","status":"publish","type":"page","link":"https:\/\/colourofstone.com\/pl\/czyszczenie\/","title":{"rendered":"Czyszczenie"},"content":{"rendered":"\n<h5 class=\"is-style-border-s wp-block-heading\">Informacje dotycz\u0105ce czyszczenia, ochrony i piel\u0119gnacji<\/h5>\n\n\n\n<div style=\"height:20px\" aria-hidden=\"true\" class=\"wp-block-spacer\"><\/div>\n\n\n\n<p class=\"is-style-border-s\">Opr\u00f3cz samego monta\u017cu p\u0142ytek marmurowych bardzo wa\u017cnym elementem jest ich w\u0142a\u015bciwe czyszczenie. Czyszczenie po u\u0142o\u017ceniu, zwane r\u00f3wnie\u017c czyszczeniem zasadniczym, ma na celu nadanie p\u0142ytom z kamienia naturalnego odpowiedniego wygl\u0105du po u\u0142o\u017ceniu.<\/p>\n\n\n\n<p class=\"is-style-border-s\">Czyszczenie jest warunkiem wst\u0119pnym wszelkich zabieg\u00f3w ochronnych. Pomimo obr\u00f3bki ochronnej, zwanej r\u00f3wnie\u017c impregnacj\u0105, p\u0142ytki z kamienia naturalnego musz\u0105 by\u0107 poddawane regularnemu czyszczeniu.<\/p>\n\n\n\n<p class=\"is-style-border-s\">Tak wi\u0119c, istniej\u0105 3 wa\u017cne rzeczy, o kt\u00f3rych nale\u017cy pami\u0119ta\u0107, aby nada\u0107 p\u0142ytkom z kamienia naturalnego atrakcyjny i pi\u0119kny wygl\u0105d:<\/p>\n\n\n\n<div style=\"height:20px\" aria-hidden=\"true\" class=\"wp-block-spacer\"><\/div>\n\n\n\n<p class=\"is-style-border-l\">Czyszczenie<\/p>\n\n\n\n<p class=\"is-style-border-l\">Ochrona<\/p>\n\n\n\n<p class=\"is-style-border-l\">Opieka<\/p>\n\n\n\n<div style=\"height:20px\" aria-hidden=\"true\" class=\"wp-block-spacer\"><\/div>\n\n\n\n<p class=\"is-style-border-s\">P\u0142ytki wykonane z marmuru, trawertynu, wapienia, piaskowca, lawy bazaltowej, podobnie jak inne kamienie naturalne, cz\u0119sto nie s\u0105 odporne na dzia\u0142anie kwas\u00f3w. Dlatego zaleca si\u0119 stosowanie produkt\u00f3w bezkwasowych, dostosowanych do danego rodzaju kamienia.<\/p>\n\n\n\n<p class=\"is-style-border-s\">Rynek produkt\u00f3w do czyszczenia, ochrony i piel\u0119gnacji kamieni naturalnych jest bardzo du\u017cy. Wielu producent\u00f3w oferuje kompleksowe doradztwo na swoich stronach internetowych. Opr\u00f3cz instrukcji piel\u0119gnacji znajduj\u0105 si\u0119 tam szczeg\u00f3\u0142owe informacje i ulotki dotycz\u0105ce odpowiednich produkt\u00f3w.<\/p>\n\n\n\n<p class=\"is-style-border-s\">Bardzo dobre informacje na ten temat oferuje firma M\u00f6ller-Chemie z Ihrlerstein. Informacje te s\u0105 wyczerpuj\u0105ce i \u0142atwe do zrozumienia.<\/p>\n\n\n\n<p class=\"is-style-border-s\">Tutaj mo\u017cna znale\u017a\u0107 linki zewn\u0119trzne firmy M\u00f6ller-Chemie dotycz\u0105ce czyszczenia, ochrony i piel\u0119gnacji:<\/p>\n\n\n\n<div style=\"height:20px\" aria-hidden=\"true\" class=\"wp-block-spacer\"><\/div>\n\n\n\n<p class=\"is-style-border-l externalLink\"><a href=\"http:\/\/www.moellerstonecare.eu\/pdf\/TI-pdf\/TI-03-1.pdf\" target=\"_blank\" rel=\"noreferrer noopener\">Marmur &amp; Wapien<\/a><\/p>\n\n\n\n<p class=\"is-style-border-l externalLink\"><a href=\"http:\/\/www.moellerstonecare.eu\/pdf\/TI-pdf\/TI-11-1.pdf\" target=\"_blank\" rel=\"noreferrer noopener\">Piaskowiec<\/a><\/p>\n\n\n\n<p class=\"is-style-border-l externalLink\"><a href=\"http:\/\/www.moellerstonecare.eu\/pdf\/TI-pdf\/TI-15-1.pdf\" target=\"_blank\" rel=\"noreferrer noopener\">Lawa bazaltowa<\/a><\/p>\n\n\n\n<div style=\"height:20px\" aria-hidden=\"true\" class=\"wp-block-spacer\"><\/div>\n\n\n\n<p class=\"is-style-border-s\">Mo\u017cna r\u00f3wnie\u017c korzysta\u0107 z produkt\u00f3w innych firm. Nale\u017cy pami\u0119ta\u0107, \u017ce produkty te s\u0105 dopasowane i odpowiednie do danego celu.<\/p>\n\n\n\n<div style=\"height:100px\" aria-hidden=\"true\" class=\"wp-block-spacer\"><\/div>\n\n        <script>\n        function toggleInchInfo(el) {\n            const infoBox = el.nextElementSibling;\n            if (infoBox.style.display === \"none\") {\n                infoBox.style.display = \"inline\";\n            } else {\n                infoBox.style.display = \"none\";\n            }\n        }\n        <\/script>\n        <style>\n            .cm-info {\n                cursor: pointer;\n                color: #0073aa;\n                font-weight: bold;\n                margin-left: 4px;\n            }\n            .inch-info {\n                display: none;\n                background: #f8f8f8;\n                border: 1px solid #ccc;\n                padding: 4px 8px;\n                margin-left: 5px;\n                font-size: 0.9em;\n                border-radius: 4px;\n            }\n        <\/style>","protected":false},"excerpt":{"rendered":"<p>Informacje dotycz\u0105ce czyszczenia, ochrony i piel\u0119gnacji Opr\u00f3cz samego monta\u017cu p\u0142ytek marmurowych bardzo wa\u017cnym elementem jest ich w\u0142a\u015bciwe czyszczenie. Czyszczenie po u\u0142o\u017ceniu, zwane r\u00f3wnie\u017c czyszczeniem zasadniczym, ma na celu nadanie p\u0142ytom z kamienia naturalnego odpowiedniego wygl\u0105du po u\u0142o\u017ceniu. Czyszczenie jest warunkiem wst\u0119pnym wszelkich zabieg\u00f3w ochronnych. Pomimo obr\u00f3bki ochronnej, zwanej r\u00f3wnie\u017c impregnacj\u0105, p\u0142ytki z kamienia naturalnego musz\u0105 <a href=\"https:\/\/colourofstone.com\/pl\/czyszczenie\/\" class=\"more-link\">&#8230;<\/a><\/p>\n","protected":false},"author":5,"featured_media":0,"parent":0,"menu_order":0,"comment_status":"closed","ping_status":"closed","template":"","meta":{"footnotes":""},"class_list":["post-27042","page","type-page","status-publish","hentry"],"yoast_head":"<!-- This site is optimized with the Yoast SEO plugin v27.4 - https:\/\/yoast.com\/product\/yoast-seo-wordpress\/ -->\n<title>Czyszczenie - Colour of Stone<\/title>\n<meta name=\"description\" content=\"Wiele informacji na temat czyszczenia, ochrony i piel\u0119gnacji p\u0142ytek z marmuru, wapienia i trawertynu przedstawionych w przejrzysty spos\u00f3b.\" \/>\n<meta name=\"robots\" content=\"index, follow, max-snippet:-1, max-image-preview:large, max-video-preview:-1\" \/>\n<link rel=\"canonical\" href=\"https:\/\/colourofstone.com\/pl\/czyszczenie\/\" \/>\n<meta property=\"og:locale\" content=\"pl_PL\" \/>\n<meta property=\"og:type\" content=\"article\" \/>\n<meta property=\"og:title\" content=\"Czyszczenie - Colour of Stone\" \/>\n<meta property=\"og:description\" content=\"Wiele informacji na temat czyszczenia, ochrony i piel\u0119gnacji p\u0142ytek z marmuru, wapienia i trawertynu przedstawionych w przejrzysty spos\u00f3b.\" \/>\n<meta property=\"og:url\" content=\"https:\/\/colourofstone.com\/pl\/czyszczenie\/\" \/>\n<meta property=\"og:site_name\" content=\"Colour of Stone\" \/>\n<meta property=\"article:modified_time\" content=\"2021-03-14T14:40:10+00:00\" \/>\n<meta property=\"og:image\" content=\"https:\/\/colourofstone.com\/wp-content\/uploads\/Logo.png\" \/>\n\t<meta property=\"og:image:width\" content=\"1086\" \/>\n\t<meta property=\"og:image:height\" content=\"553\" \/>\n\t<meta property=\"og:image:type\" content=\"image\/png\" \/>\n<meta name=\"twitter:card\" content=\"summary_large_image\" \/>\n<meta name=\"twitter:label1\" content=\"Szacowany czas czytania\" \/>\n\t<meta name=\"twitter:data1\" content=\"1 minuta\" \/>\n<script type=\"application\/ld+json\" class=\"yoast-schema-graph\">{\"@context\":\"https:\\\/\\\/schema.org\",\"@graph\":[{\"@type\":\"WebPage\",\"@id\":\"https:\\\/\\\/colourofstone.com\\\/pl\\\/czyszczenie\\\/\",\"url\":\"https:\\\/\\\/colourofstone.com\\\/pl\\\/czyszczenie\\\/\",\"name\":\"Czyszczenie - Colour of Stone\",\"isPartOf\":{\"@id\":\"https:\\\/\\\/colourofstone.com\\\/pl\\\/#website\"},\"datePublished\":\"2021-02-23T08:04:01+00:00\",\"dateModified\":\"2021-03-14T14:40:10+00:00\",\"description\":\"Wiele informacji na temat czyszczenia, ochrony i piel\u0119gnacji p\u0142ytek z marmuru, wapienia i trawertynu przedstawionych w przejrzysty spos\u00f3b.\",\"breadcrumb\":{\"@id\":\"https:\\\/\\\/colourofstone.com\\\/pl\\\/czyszczenie\\\/#breadcrumb\"},\"inLanguage\":\"pl-PL\",\"potentialAction\":[{\"@type\":\"ReadAction\",\"target\":[\"https:\\\/\\\/colourofstone.com\\\/pl\\\/czyszczenie\\\/\"]}]},{\"@type\":\"BreadcrumbList\",\"@id\":\"https:\\\/\\\/colourofstone.com\\\/pl\\\/czyszczenie\\\/#breadcrumb\",\"itemListElement\":[{\"@type\":\"ListItem\",\"position\":1,\"name\":\"Home\",\"item\":\"https:\\\/\\\/colourofstone.com\\\/pl\\\/\"},{\"@type\":\"ListItem\",\"position\":2,\"name\":\"Czyszczenie\"}]},{\"@type\":\"WebSite\",\"@id\":\"https:\\\/\\\/colourofstone.com\\\/pl\\\/#website\",\"url\":\"https:\\\/\\\/colourofstone.com\\\/pl\\\/\",\"name\":\"Colour of Stone\",\"description\":\"Fliesen, Haus und Garten Produkte aus Naturstein - Online Shop\",\"publisher\":{\"@id\":\"https:\\\/\\\/colourofstone.com\\\/pl\\\/#organization\"},\"potentialAction\":[{\"@type\":\"SearchAction\",\"target\":{\"@type\":\"EntryPoint\",\"urlTemplate\":\"https:\\\/\\\/colourofstone.com\\\/pl\\\/?s={search_term_string}\"},\"query-input\":{\"@type\":\"PropertyValueSpecification\",\"valueRequired\":true,\"valueName\":\"search_term_string\"}}],\"inLanguage\":\"pl-PL\"},{\"@type\":\"Organization\",\"@id\":\"https:\\\/\\\/colourofstone.com\\\/pl\\\/#organization\",\"name\":\"Colour of Stone GmbH\",\"url\":\"https:\\\/\\\/colourofstone.com\\\/pl\\\/\",\"logo\":{\"@type\":\"ImageObject\",\"inLanguage\":\"pl-PL\",\"@id\":\"https:\\\/\\\/colourofstone.com\\\/pl\\\/#\\\/schema\\\/logo\\\/image\\\/\",\"url\":\"https:\\\/\\\/colourofstone.com\\\/wp-content\\\/uploads\\\/99FC1526-DF3B-44F1-9816-9278D3194252-scaled.jpeg\",\"contentUrl\":\"https:\\\/\\\/colourofstone.com\\\/wp-content\\\/uploads\\\/99FC1526-DF3B-44F1-9816-9278D3194252-scaled.jpeg\",\"width\":2125,\"height\":2560,\"caption\":\"Colour of Stone GmbH\"},\"image\":{\"@id\":\"https:\\\/\\\/colourofstone.com\\\/pl\\\/#\\\/schema\\\/logo\\\/image\\\/\"},\"sameAs\":[\"https:\\\/\\\/www.instagram.com\\\/colourofstone\\\/\"]}]}<\/script>\n<!-- \/ Yoast SEO plugin. -->","yoast_head_json":{"title":"Czyszczenie - Colour of Stone","description":"Wiele informacji na temat czyszczenia, ochrony i piel\u0119gnacji p\u0142ytek z marmuru, wapienia i trawertynu przedstawionych w przejrzysty spos\u00f3b.","robots":{"index":"index","follow":"follow","max-snippet":"max-snippet:-1","max-image-preview":"max-image-preview:large","max-video-preview":"max-video-preview:-1"},"canonical":"https:\/\/colourofstone.com\/pl\/czyszczenie\/","og_locale":"pl_PL","og_type":"article","og_title":"Czyszczenie - Colour of Stone","og_description":"Wiele informacji na temat czyszczenia, ochrony i piel\u0119gnacji p\u0142ytek z marmuru, wapienia i trawertynu przedstawionych w przejrzysty spos\u00f3b.","og_url":"https:\/\/colourofstone.com\/pl\/czyszczenie\/","og_site_name":"Colour of Stone","article_modified_time":"2021-03-14T14:40:10+00:00","og_image":[{"width":1086,"height":553,"url":"https:\/\/colourofstone.com\/wp-content\/uploads\/Logo.png","type":"image\/png"}],"twitter_card":"summary_large_image","twitter_misc":{"Szacowany czas czytania":"1 minuta"},"schema":{"@context":"https:\/\/schema.org","@graph":[{"@type":"WebPage","@id":"https:\/\/colourofstone.com\/pl\/czyszczenie\/","url":"https:\/\/colourofstone.com\/pl\/czyszczenie\/","name":"Czyszczenie - Colour of Stone","isPartOf":{"@id":"https:\/\/colourofstone.com\/pl\/#website"},"datePublished":"2021-02-23T08:04:01+00:00","dateModified":"2021-03-14T14:40:10+00:00","description":"Wiele informacji na temat czyszczenia, ochrony i piel\u0119gnacji p\u0142ytek z marmuru, wapienia i trawertynu przedstawionych w przejrzysty spos\u00f3b.","breadcrumb":{"@id":"https:\/\/colourofstone.com\/pl\/czyszczenie\/#breadcrumb"},"inLanguage":"pl-PL","potentialAction":[{"@type":"ReadAction","target":["https:\/\/colourofstone.com\/pl\/czyszczenie\/"]}]},{"@type":"BreadcrumbList","@id":"https:\/\/colourofstone.com\/pl\/czyszczenie\/#breadcrumb","itemListElement":[{"@type":"ListItem","position":1,"name":"Home","item":"https:\/\/colourofstone.com\/pl\/"},{"@type":"ListItem","position":2,"name":"Czyszczenie"}]},{"@type":"WebSite","@id":"https:\/\/colourofstone.com\/pl\/#website","url":"https:\/\/colourofstone.com\/pl\/","name":"Colour of Stone","description":"Fliesen, Haus und Garten Produkte aus Naturstein - Online Shop","publisher":{"@id":"https:\/\/colourofstone.com\/pl\/#organization"},"potentialAction":[{"@type":"SearchAction","target":{"@type":"EntryPoint","urlTemplate":"https:\/\/colourofstone.com\/pl\/?s={search_term_string}"},"query-input":{"@type":"PropertyValueSpecification","valueRequired":true,"valueName":"search_term_string"}}],"inLanguage":"pl-PL"},{"@type":"Organization","@id":"https:\/\/colourofstone.com\/pl\/#organization","name":"Colour of Stone GmbH","url":"https:\/\/colourofstone.com\/pl\/","logo":{"@type":"ImageObject","inLanguage":"pl-PL","@id":"https:\/\/colourofstone.com\/pl\/#\/schema\/logo\/image\/","url":"https:\/\/colourofstone.com\/wp-content\/uploads\/99FC1526-DF3B-44F1-9816-9278D3194252-scaled.jpeg","contentUrl":"https:\/\/colourofstone.com\/wp-content\/uploads\/99FC1526-DF3B-44F1-9816-9278D3194252-scaled.jpeg","width":2125,"height":2560,"caption":"Colour of Stone GmbH"},"image":{"@id":"https:\/\/colourofstone.com\/pl\/#\/schema\/logo\/image\/"},"sameAs":["https:\/\/www.instagram.com\/colourofstone\/"]}]}},"_links":{"self":[{"href":"https:\/\/colourofstone.com\/pl\/wp-json\/wp\/v2\/pages\/27042","targetHints":{"allow":["GET"]}}],"collection":[{"href":"https:\/\/colourofstone.com\/pl\/wp-json\/wp\/v2\/pages"}],"about":[{"href":"https:\/\/colourofstone.com\/pl\/wp-json\/wp\/v2\/types\/page"}],"author":[{"embeddable":true,"href":"https:\/\/colourofstone.com\/pl\/wp-json\/wp\/v2\/users\/5"}],"replies":[{"embeddable":true,"href":"https:\/\/colourofstone.com\/pl\/wp-json\/wp\/v2\/comments?post=27042"}],"version-history":[{"count":9,"href":"https:\/\/colourofstone.com\/pl\/wp-json\/wp\/v2\/pages\/27042\/revisions"}],"predecessor-version":[{"id":29739,"href":"https:\/\/colourofstone.com\/pl\/wp-json\/wp\/v2\/pages\/27042\/revisions\/29739"}],"wp:attachment":[{"href":"https:\/\/colourofstone.com\/pl\/wp-json\/wp\/v2\/media?parent=27042"}],"curies":[{"name":"wp","href":"https:\/\/api.w.org\/{rel}","templated":true}]}}