{"id":27067,"date":"2021-02-23T08:25:46","date_gmt":"2021-02-23T08:25:46","guid":{"rendered":"https:\/\/colourofstone.com\/?page_id=27067"},"modified":"2021-03-14T16:37:11","modified_gmt":"2021-03-14T16:37:11","slug":"instalacja","status":"publish","type":"page","link":"https:\/\/colourofstone.com\/pl\/instalacja\/","title":{"rendered":"Instalacja"},"content":{"rendered":"\n<p class=\"is-style-border-s\">Istnieje kilka rzeczy do rozwa\u017cenia przy instalacji p\u0142ytek z kamienia naturalnego lub p\u0142ytek marmurowych. Opr\u00f3cz profesjonalnego elementu do instalacji, nale\u017cy wzi\u0105\u0107 pod uwag\u0119 kilka rzeczy, takich jak:<\/p>\n\n\n\n<div style=\"height:20px\" aria-hidden=\"true\" class=\"wp-block-spacer\"><\/div>\n\n\n\n<p class=\"is-style-border-l\">Na jakim pod\u0142o\u017cu b\u0119d\u0105 uk\u0142adane p\u0142ytki marmurowe?<\/p>\n\n\n\n<p class=\"is-style-border-l\">Czy pod\u0142o\u017ce jest r\u00f3wne, czy wymaga wyr\u00f3wnania?<\/p>\n\n\n\n<p class=\"is-style-border-l\">Jak\u0105 metod\u0105 b\u0119d\u0105 uk\u0142adane p\u0142ytki marmurowe?<\/p>\n\n\n\n<p class=\"is-style-border-l\">Jaki jest format i powierzchnia p\u0142ytek?<\/p>\n\n\n\n<div style=\"height:20px\" aria-hidden=\"true\" class=\"wp-block-spacer\"><\/div>\n\n\n\n<p class=\"is-style-border-s\">Decyzja o tym, jak musi wygl\u0105da\u0107 struktura pod\u0142ogi, czy konieczne jest gruntowanie, jak\u0105 metod\u0119 uk\u0142adania zastosowa\u0107, czy i jak wyr\u00f3wna\u0107 nier\u00f3wno\u015bci &#8211; to wszystko mo\u017cna znale\u017a\u0107 w informacjach dla u\u017cytkownik\u00f3w znanych producent\u00f3w materia\u0142\u00f3w do uk\u0142adania.<\/p>\n\n\n\n<div style=\"height:40px\" aria-hidden=\"true\" class=\"wp-block-spacer\"><\/div>\n\n\n\n<p class=\"is-style-border-s\">Bardzo dobre informacje na temat wszystkich aspekt\u00f3w technologii p\u0142ytek i kamienia naturalnego oferuje firma PCI z siedzib\u0105 w Augsburgu. <br><a href=\"https:\/\/www.pci-augsburg.eu\" target=\"_blank\" rel=\"noreferrer noopener\">\u2192<\/a> <a href=\"https:\/\/www.pci-augsburg.eu\" target=\"_blank\" rel=\"noreferrer noopener\">PCI Augsburg GmbH<\/a> jest od 70 lat wiod\u0105cym producentem produkt\u00f3w chemii budowlanej.<\/p>\n\n\n\n<div style=\"height:20px\" aria-hidden=\"true\" class=\"wp-block-spacer\"><\/div>\n\n\n\n<p class=\"is-style-border-l externalLink\"><a href=\"https:\/\/colourofstone.com\/wp-content\/uploads\/PCI_Fliesen_und_Natursteintechnik.pdf\" target=\"_blank\" rel=\"noreferrer noopener\">PCI INSTALACJA (PDF niemiecki)<\/a><\/p>\n\n\n\n<div style=\"height:20px\" aria-hidden=\"true\" class=\"wp-block-spacer\"><\/div>\n\n\n\n<p class=\"is-style-border-s\">Decyzja o wyborze odpowiedniego producenta z pewno\u015bci\u0105 nie jest \u0142atwa. Na bardzo du\u017cym rynku jest wiele dobrych produkt\u00f3w. Wa\u017cne jest, aby upewni\u0107 si\u0119, \u017ce produkty te s\u0105 ze sob\u0105 kompatybilne i nadaj\u0105 si\u0119 do uk\u0142adania p\u0142ytek z kamienia naturalnego w danym \u015brodowisku.<\/p>\n\n\n\n<p class=\"is-style-border-s\">Wielu producent\u00f3w oferuje na swoich stronach internetowych obszary serwisowe, w kt\u00f3rych mo\u017cna znale\u017a\u0107 odpowiedzi na pytania, informacje o produktach i pliki do pobrania. Nale\u017cy korzysta\u0107 z tych \u017ar\u00f3de\u0142 informacji.<\/p>\n\n\n\n<div style=\"height:120px\" aria-hidden=\"true\" class=\"wp-block-spacer\"><\/div>\n\n\n\n<div style=\"height:20px\" aria-hidden=\"true\" class=\"wp-block-spacer\"><\/div>\n\n        <script>\n        function toggleInchInfo(el) {\n            const infoBox = el.nextElementSibling;\n            if (infoBox.style.display === \"none\") {\n                infoBox.style.display = \"inline\";\n            } else {\n                infoBox.style.display = \"none\";\n            }\n        }\n        <\/script>\n        <style>\n            .cm-info {\n                cursor: pointer;\n                color: #0073aa;\n                font-weight: bold;\n                margin-left: 4px;\n            }\n            .inch-info {\n                display: none;\n                background: #f8f8f8;\n                border: 1px solid #ccc;\n                padding: 4px 8px;\n                margin-left: 5px;\n                font-size: 0.9em;\n                border-radius: 4px;\n            }\n        <\/style>","protected":false},"excerpt":{"rendered":"<p>Istnieje kilka rzeczy do rozwa\u017cenia przy instalacji p\u0142ytek z kamienia naturalnego lub p\u0142ytek marmurowych. Opr\u00f3cz profesjonalnego elementu do instalacji, nale\u017cy wzi\u0105\u0107 pod uwag\u0119 kilka rzeczy, takich jak: Na jakim pod\u0142o\u017cu b\u0119d\u0105 uk\u0142adane p\u0142ytki marmurowe? Czy pod\u0142o\u017ce jest r\u00f3wne, czy wymaga wyr\u00f3wnania? Jak\u0105 metod\u0105 b\u0119d\u0105 uk\u0142adane p\u0142ytki marmurowe? Jaki jest format i powierzchnia p\u0142ytek? Decyzja o <a href=\"https:\/\/colourofstone.com\/pl\/instalacja\/\" class=\"more-link\">&#8230;<\/a><\/p>\n","protected":false},"author":5,"featured_media":0,"parent":0,"menu_order":0,"comment_status":"closed","ping_status":"closed","template":"","meta":{"footnotes":""},"class_list":["post-27067","page","type-page","status-publish","hentry"],"yoast_head":"<!-- This site is optimized with the Yoast SEO plugin v27.4 - https:\/\/yoast.com\/product\/yoast-seo-wordpress\/ -->\n<title>Instalacja marmuru - proste obja\u015bnienie - Colour of Stone<\/title>\n<meta name=\"description\" content=\"Informacje o r\u00f3\u017cnych rodzajach monta\u017cu, podk\u0142adach i budowie pod\u0142\u00f3g z p\u0142ytek marmurowych, wapiennych i trawertynowych.\" \/>\n<meta name=\"robots\" content=\"index, follow, max-snippet:-1, max-image-preview:large, max-video-preview:-1\" \/>\n<link rel=\"canonical\" href=\"https:\/\/colourofstone.com\/pl\/instalacja\/\" \/>\n<meta property=\"og:locale\" content=\"pl_PL\" \/>\n<meta property=\"og:type\" content=\"article\" \/>\n<meta property=\"og:title\" content=\"Instalacja marmuru - proste obja\u015bnienie - Colour of Stone\" \/>\n<meta property=\"og:description\" content=\"Informacje o r\u00f3\u017cnych rodzajach monta\u017cu, podk\u0142adach i budowie pod\u0142\u00f3g z p\u0142ytek marmurowych, wapiennych i trawertynowych.\" \/>\n<meta property=\"og:url\" content=\"https:\/\/colourofstone.com\/pl\/instalacja\/\" \/>\n<meta property=\"og:site_name\" content=\"Colour of Stone\" \/>\n<meta property=\"article:modified_time\" content=\"2021-03-14T16:37:11+00:00\" \/>\n<meta property=\"og:image\" content=\"https:\/\/colourofstone.com\/wp-content\/uploads\/Logo.png\" \/>\n\t<meta property=\"og:image:width\" content=\"1086\" \/>\n\t<meta property=\"og:image:height\" content=\"553\" \/>\n\t<meta property=\"og:image:type\" content=\"image\/png\" \/>\n<meta name=\"twitter:card\" content=\"summary_large_image\" \/>\n<meta name=\"twitter:label1\" content=\"Szacowany czas czytania\" \/>\n\t<meta name=\"twitter:data1\" content=\"1 minuta\" \/>\n<script type=\"application\/ld+json\" class=\"yoast-schema-graph\">{\"@context\":\"https:\\\/\\\/schema.org\",\"@graph\":[{\"@type\":\"WebPage\",\"@id\":\"https:\\\/\\\/colourofstone.com\\\/pl\\\/instalacja\\\/\",\"url\":\"https:\\\/\\\/colourofstone.com\\\/pl\\\/instalacja\\\/\",\"name\":\"Instalacja marmuru - proste obja\u015bnienie - Colour of Stone\",\"isPartOf\":{\"@id\":\"https:\\\/\\\/colourofstone.com\\\/pl\\\/#website\"},\"datePublished\":\"2021-02-23T08:25:46+00:00\",\"dateModified\":\"2021-03-14T16:37:11+00:00\",\"description\":\"Informacje o r\u00f3\u017cnych rodzajach monta\u017cu, podk\u0142adach i budowie pod\u0142\u00f3g z p\u0142ytek marmurowych, wapiennych i trawertynowych.\",\"breadcrumb\":{\"@id\":\"https:\\\/\\\/colourofstone.com\\\/pl\\\/instalacja\\\/#breadcrumb\"},\"inLanguage\":\"pl-PL\",\"potentialAction\":[{\"@type\":\"ReadAction\",\"target\":[\"https:\\\/\\\/colourofstone.com\\\/pl\\\/instalacja\\\/\"]}]},{\"@type\":\"BreadcrumbList\",\"@id\":\"https:\\\/\\\/colourofstone.com\\\/pl\\\/instalacja\\\/#breadcrumb\",\"itemListElement\":[{\"@type\":\"ListItem\",\"position\":1,\"name\":\"Home\",\"item\":\"https:\\\/\\\/colourofstone.com\\\/pl\\\/\"},{\"@type\":\"ListItem\",\"position\":2,\"name\":\"Instalacja\"}]},{\"@type\":\"WebSite\",\"@id\":\"https:\\\/\\\/colourofstone.com\\\/pl\\\/#website\",\"url\":\"https:\\\/\\\/colourofstone.com\\\/pl\\\/\",\"name\":\"Colour of Stone\",\"description\":\"Fliesen, Haus und Garten Produkte aus Naturstein - Online Shop\",\"publisher\":{\"@id\":\"https:\\\/\\\/colourofstone.com\\\/pl\\\/#organization\"},\"potentialAction\":[{\"@type\":\"SearchAction\",\"target\":{\"@type\":\"EntryPoint\",\"urlTemplate\":\"https:\\\/\\\/colourofstone.com\\\/pl\\\/?s={search_term_string}\"},\"query-input\":{\"@type\":\"PropertyValueSpecification\",\"valueRequired\":true,\"valueName\":\"search_term_string\"}}],\"inLanguage\":\"pl-PL\"},{\"@type\":\"Organization\",\"@id\":\"https:\\\/\\\/colourofstone.com\\\/pl\\\/#organization\",\"name\":\"Colour of Stone GmbH\",\"url\":\"https:\\\/\\\/colourofstone.com\\\/pl\\\/\",\"logo\":{\"@type\":\"ImageObject\",\"inLanguage\":\"pl-PL\",\"@id\":\"https:\\\/\\\/colourofstone.com\\\/pl\\\/#\\\/schema\\\/logo\\\/image\\\/\",\"url\":\"https:\\\/\\\/colourofstone.com\\\/wp-content\\\/uploads\\\/99FC1526-DF3B-44F1-9816-9278D3194252-scaled.jpeg\",\"contentUrl\":\"https:\\\/\\\/colourofstone.com\\\/wp-content\\\/uploads\\\/99FC1526-DF3B-44F1-9816-9278D3194252-scaled.jpeg\",\"width\":2125,\"height\":2560,\"caption\":\"Colour of Stone GmbH\"},\"image\":{\"@id\":\"https:\\\/\\\/colourofstone.com\\\/pl\\\/#\\\/schema\\\/logo\\\/image\\\/\"},\"sameAs\":[\"https:\\\/\\\/www.instagram.com\\\/colourofstone\\\/\"]}]}<\/script>\n<!-- \/ Yoast SEO plugin. -->","yoast_head_json":{"title":"Instalacja marmuru - proste obja\u015bnienie - Colour of Stone","description":"Informacje o r\u00f3\u017cnych rodzajach monta\u017cu, podk\u0142adach i budowie pod\u0142\u00f3g z p\u0142ytek marmurowych, wapiennych i trawertynowych.","robots":{"index":"index","follow":"follow","max-snippet":"max-snippet:-1","max-image-preview":"max-image-preview:large","max-video-preview":"max-video-preview:-1"},"canonical":"https:\/\/colourofstone.com\/pl\/instalacja\/","og_locale":"pl_PL","og_type":"article","og_title":"Instalacja marmuru - proste obja\u015bnienie - Colour of Stone","og_description":"Informacje o r\u00f3\u017cnych rodzajach monta\u017cu, podk\u0142adach i budowie pod\u0142\u00f3g z p\u0142ytek marmurowych, wapiennych i trawertynowych.","og_url":"https:\/\/colourofstone.com\/pl\/instalacja\/","og_site_name":"Colour of Stone","article_modified_time":"2021-03-14T16:37:11+00:00","og_image":[{"width":1086,"height":553,"url":"https:\/\/colourofstone.com\/wp-content\/uploads\/Logo.png","type":"image\/png"}],"twitter_card":"summary_large_image","twitter_misc":{"Szacowany czas czytania":"1 minuta"},"schema":{"@context":"https:\/\/schema.org","@graph":[{"@type":"WebPage","@id":"https:\/\/colourofstone.com\/pl\/instalacja\/","url":"https:\/\/colourofstone.com\/pl\/instalacja\/","name":"Instalacja marmuru - proste obja\u015bnienie - Colour of Stone","isPartOf":{"@id":"https:\/\/colourofstone.com\/pl\/#website"},"datePublished":"2021-02-23T08:25:46+00:00","dateModified":"2021-03-14T16:37:11+00:00","description":"Informacje o r\u00f3\u017cnych rodzajach monta\u017cu, podk\u0142adach i budowie pod\u0142\u00f3g z p\u0142ytek marmurowych, wapiennych i trawertynowych.","breadcrumb":{"@id":"https:\/\/colourofstone.com\/pl\/instalacja\/#breadcrumb"},"inLanguage":"pl-PL","potentialAction":[{"@type":"ReadAction","target":["https:\/\/colourofstone.com\/pl\/instalacja\/"]}]},{"@type":"BreadcrumbList","@id":"https:\/\/colourofstone.com\/pl\/instalacja\/#breadcrumb","itemListElement":[{"@type":"ListItem","position":1,"name":"Home","item":"https:\/\/colourofstone.com\/pl\/"},{"@type":"ListItem","position":2,"name":"Instalacja"}]},{"@type":"WebSite","@id":"https:\/\/colourofstone.com\/pl\/#website","url":"https:\/\/colourofstone.com\/pl\/","name":"Colour of Stone","description":"Fliesen, Haus und Garten Produkte aus Naturstein - Online Shop","publisher":{"@id":"https:\/\/colourofstone.com\/pl\/#organization"},"potentialAction":[{"@type":"SearchAction","target":{"@type":"EntryPoint","urlTemplate":"https:\/\/colourofstone.com\/pl\/?s={search_term_string}"},"query-input":{"@type":"PropertyValueSpecification","valueRequired":true,"valueName":"search_term_string"}}],"inLanguage":"pl-PL"},{"@type":"Organization","@id":"https:\/\/colourofstone.com\/pl\/#organization","name":"Colour of Stone GmbH","url":"https:\/\/colourofstone.com\/pl\/","logo":{"@type":"ImageObject","inLanguage":"pl-PL","@id":"https:\/\/colourofstone.com\/pl\/#\/schema\/logo\/image\/","url":"https:\/\/colourofstone.com\/wp-content\/uploads\/99FC1526-DF3B-44F1-9816-9278D3194252-scaled.jpeg","contentUrl":"https:\/\/colourofstone.com\/wp-content\/uploads\/99FC1526-DF3B-44F1-9816-9278D3194252-scaled.jpeg","width":2125,"height":2560,"caption":"Colour of Stone GmbH"},"image":{"@id":"https:\/\/colourofstone.com\/pl\/#\/schema\/logo\/image\/"},"sameAs":["https:\/\/www.instagram.com\/colourofstone\/"]}]}},"_links":{"self":[{"href":"https:\/\/colourofstone.com\/pl\/wp-json\/wp\/v2\/pages\/27067","targetHints":{"allow":["GET"]}}],"collection":[{"href":"https:\/\/colourofstone.com\/pl\/wp-json\/wp\/v2\/pages"}],"about":[{"href":"https:\/\/colourofstone.com\/pl\/wp-json\/wp\/v2\/types\/page"}],"author":[{"embeddable":true,"href":"https:\/\/colourofstone.com\/pl\/wp-json\/wp\/v2\/users\/5"}],"replies":[{"embeddable":true,"href":"https:\/\/colourofstone.com\/pl\/wp-json\/wp\/v2\/comments?post=27067"}],"version-history":[{"count":6,"href":"https:\/\/colourofstone.com\/pl\/wp-json\/wp\/v2\/pages\/27067\/revisions"}],"predecessor-version":[{"id":30946,"href":"https:\/\/colourofstone.com\/pl\/wp-json\/wp\/v2\/pages\/27067\/revisions\/30946"}],"wp:attachment":[{"href":"https:\/\/colourofstone.com\/pl\/wp-json\/wp\/v2\/media?parent=27067"}],"curies":[{"name":"wp","href":"https:\/\/api.w.org\/{rel}","templated":true}]}}