{"id":33546,"date":"2021-10-14T07:25:54","date_gmt":"2021-10-14T07:25:54","guid":{"rendered":"https:\/\/colourofstone.com\/ups-cos-poszlo-nie-tak\/"},"modified":"2021-10-14T07:28:10","modified_gmt":"2021-10-14T07:28:10","slug":"4-0-4","status":"publish","type":"page","link":"https:\/\/colourofstone.com\/pl\/4-0-4\/","title":{"rendered":"Ups! Co\u015b posz\u0142o nie tak"},"content":{"rendered":"\n<p class=\"is-style-border-s\">B\u0142\u0105d 404 &#8211; strona nie zosta\u0142a znaleziona.<\/p>\n\n        <script>\n        function toggleInchInfo(el) {\n            const infoBox = el.nextElementSibling;\n            if (infoBox.style.display === \"none\") {\n                infoBox.style.display = \"inline\";\n            } else {\n                infoBox.style.display = \"none\";\n            }\n        }\n        <\/script>\n        <style>\n            .cm-info {\n                cursor: pointer;\n                color: #0073aa;\n                font-weight: bold;\n                margin-left: 4px;\n            }\n            .inch-info {\n                display: none;\n                background: #f8f8f8;\n                border: 1px solid #ccc;\n                padding: 4px 8px;\n                margin-left: 5px;\n                font-size: 0.9em;\n                border-radius: 4px;\n            }\n        <\/style>","protected":false},"excerpt":{"rendered":"<p>B\u0142\u0105d 404 &#8211; strona nie zosta\u0142a znaleziona.<\/p>\n","protected":false},"author":2,"featured_media":0,"parent":0,"menu_order":0,"comment_status":"closed","ping_status":"closed","template":"","meta":{"footnotes":""},"class_list":["post-33546","page","type-page","status-publish","hentry"],"yoast_head":"<!-- This site is optimized with the Yoast SEO plugin v27.3 - https:\/\/yoast.com\/product\/yoast-seo-wordpress\/ -->\n<title>Ups! Co\u015b posz\u0142o nie tak - Colour of Stone<\/title>\n<meta name=\"robots\" content=\"noindex, nofollow\" \/>\n<meta property=\"og:locale\" content=\"pl_PL\" \/>\n<meta property=\"og:type\" content=\"article\" \/>\n<meta property=\"og:title\" content=\"Ups! Co\u015b posz\u0142o nie tak - Colour of Stone\" \/>\n<meta property=\"og:description\" content=\"B\u0142\u0105d 404 &#8211; strona nie zosta\u0142a znaleziona.\" \/>\n<meta property=\"og:url\" content=\"https:\/\/colourofstone.com\/pl\/4-0-4\/\" \/>\n<meta property=\"og:site_name\" content=\"Colour of Stone\" \/>\n<meta property=\"article:modified_time\" content=\"2021-10-14T07:28:10+00:00\" \/>\n<meta property=\"og:image\" content=\"https:\/\/colourofstone.com\/wp-content\/uploads\/Logo.png\" \/>\n\t<meta property=\"og:image:width\" content=\"1086\" \/>\n\t<meta property=\"og:image:height\" content=\"553\" \/>\n\t<meta property=\"og:image:type\" content=\"image\/png\" \/>\n<meta name=\"twitter:card\" content=\"summary_large_image\" \/>\n<script type=\"application\/ld+json\" class=\"yoast-schema-graph\">{\"@context\":\"https:\\\/\\\/schema.org\",\"@graph\":[{\"@type\":\"WebPage\",\"@id\":\"https:\\\/\\\/colourofstone.com\\\/pl\\\/4-0-4\\\/\",\"url\":\"https:\\\/\\\/colourofstone.com\\\/pl\\\/4-0-4\\\/\",\"name\":\"Ups! Co\u015b posz\u0142o nie tak - Colour of Stone\",\"isPartOf\":{\"@id\":\"https:\\\/\\\/colourofstone.com\\\/pl\\\/#website\"},\"datePublished\":\"2021-10-14T07:25:54+00:00\",\"dateModified\":\"2021-10-14T07:28:10+00:00\",\"breadcrumb\":{\"@id\":\"https:\\\/\\\/colourofstone.com\\\/pl\\\/4-0-4\\\/#breadcrumb\"},\"inLanguage\":\"pl-PL\",\"potentialAction\":[{\"@type\":\"ReadAction\",\"target\":[\"https:\\\/\\\/colourofstone.com\\\/pl\\\/4-0-4\\\/\"]}]},{\"@type\":\"BreadcrumbList\",\"@id\":\"https:\\\/\\\/colourofstone.com\\\/pl\\\/4-0-4\\\/#breadcrumb\",\"itemListElement\":[{\"@type\":\"ListItem\",\"position\":1,\"name\":\"Home\",\"item\":\"https:\\\/\\\/colourofstone.com\\\/pl\\\/\"},{\"@type\":\"ListItem\",\"position\":2,\"name\":\"Ups! Co\u015b posz\u0142o nie tak\"}]},{\"@type\":\"WebSite\",\"@id\":\"https:\\\/\\\/colourofstone.com\\\/pl\\\/#website\",\"url\":\"https:\\\/\\\/colourofstone.com\\\/pl\\\/\",\"name\":\"Colour of Stone\",\"description\":\"Fliesen, Haus und Garten Produkte aus Naturstein - Online Shop\",\"publisher\":{\"@id\":\"https:\\\/\\\/colourofstone.com\\\/pl\\\/#organization\"},\"potentialAction\":[{\"@type\":\"SearchAction\",\"target\":{\"@type\":\"EntryPoint\",\"urlTemplate\":\"https:\\\/\\\/colourofstone.com\\\/pl\\\/?s={search_term_string}\"},\"query-input\":{\"@type\":\"PropertyValueSpecification\",\"valueRequired\":true,\"valueName\":\"search_term_string\"}}],\"inLanguage\":\"pl-PL\"},{\"@type\":\"Organization\",\"@id\":\"https:\\\/\\\/colourofstone.com\\\/pl\\\/#organization\",\"name\":\"Colour of Stone GmbH\",\"url\":\"https:\\\/\\\/colourofstone.com\\\/pl\\\/\",\"logo\":{\"@type\":\"ImageObject\",\"inLanguage\":\"pl-PL\",\"@id\":\"https:\\\/\\\/colourofstone.com\\\/pl\\\/#\\\/schema\\\/logo\\\/image\\\/\",\"url\":\"https:\\\/\\\/colourofstone.com\\\/wp-content\\\/uploads\\\/99FC1526-DF3B-44F1-9816-9278D3194252-scaled.jpeg\",\"contentUrl\":\"https:\\\/\\\/colourofstone.com\\\/wp-content\\\/uploads\\\/99FC1526-DF3B-44F1-9816-9278D3194252-scaled.jpeg\",\"width\":2125,\"height\":2560,\"caption\":\"Colour of Stone GmbH\"},\"image\":{\"@id\":\"https:\\\/\\\/colourofstone.com\\\/pl\\\/#\\\/schema\\\/logo\\\/image\\\/\"},\"sameAs\":[\"https:\\\/\\\/www.instagram.com\\\/colourofstone\\\/\"]}]}<\/script>\n<!-- \/ Yoast SEO plugin. -->","yoast_head_json":{"title":"Ups! Co\u015b posz\u0142o nie tak - Colour of Stone","robots":{"index":"noindex","follow":"nofollow"},"og_locale":"pl_PL","og_type":"article","og_title":"Ups! Co\u015b posz\u0142o nie tak - Colour of Stone","og_description":"B\u0142\u0105d 404 &#8211; strona nie zosta\u0142a znaleziona.","og_url":"https:\/\/colourofstone.com\/pl\/4-0-4\/","og_site_name":"Colour of Stone","article_modified_time":"2021-10-14T07:28:10+00:00","og_image":[{"width":1086,"height":553,"url":"https:\/\/colourofstone.com\/wp-content\/uploads\/Logo.png","type":"image\/png"}],"twitter_card":"summary_large_image","schema":{"@context":"https:\/\/schema.org","@graph":[{"@type":"WebPage","@id":"https:\/\/colourofstone.com\/pl\/4-0-4\/","url":"https:\/\/colourofstone.com\/pl\/4-0-4\/","name":"Ups! Co\u015b posz\u0142o nie tak - Colour of Stone","isPartOf":{"@id":"https:\/\/colourofstone.com\/pl\/#website"},"datePublished":"2021-10-14T07:25:54+00:00","dateModified":"2021-10-14T07:28:10+00:00","breadcrumb":{"@id":"https:\/\/colourofstone.com\/pl\/4-0-4\/#breadcrumb"},"inLanguage":"pl-PL","potentialAction":[{"@type":"ReadAction","target":["https:\/\/colourofstone.com\/pl\/4-0-4\/"]}]},{"@type":"BreadcrumbList","@id":"https:\/\/colourofstone.com\/pl\/4-0-4\/#breadcrumb","itemListElement":[{"@type":"ListItem","position":1,"name":"Home","item":"https:\/\/colourofstone.com\/pl\/"},{"@type":"ListItem","position":2,"name":"Ups! Co\u015b posz\u0142o nie tak"}]},{"@type":"WebSite","@id":"https:\/\/colourofstone.com\/pl\/#website","url":"https:\/\/colourofstone.com\/pl\/","name":"Colour of Stone","description":"Fliesen, Haus und Garten Produkte aus Naturstein - Online Shop","publisher":{"@id":"https:\/\/colourofstone.com\/pl\/#organization"},"potentialAction":[{"@type":"SearchAction","target":{"@type":"EntryPoint","urlTemplate":"https:\/\/colourofstone.com\/pl\/?s={search_term_string}"},"query-input":{"@type":"PropertyValueSpecification","valueRequired":true,"valueName":"search_term_string"}}],"inLanguage":"pl-PL"},{"@type":"Organization","@id":"https:\/\/colourofstone.com\/pl\/#organization","name":"Colour of Stone GmbH","url":"https:\/\/colourofstone.com\/pl\/","logo":{"@type":"ImageObject","inLanguage":"pl-PL","@id":"https:\/\/colourofstone.com\/pl\/#\/schema\/logo\/image\/","url":"https:\/\/colourofstone.com\/wp-content\/uploads\/99FC1526-DF3B-44F1-9816-9278D3194252-scaled.jpeg","contentUrl":"https:\/\/colourofstone.com\/wp-content\/uploads\/99FC1526-DF3B-44F1-9816-9278D3194252-scaled.jpeg","width":2125,"height":2560,"caption":"Colour of Stone GmbH"},"image":{"@id":"https:\/\/colourofstone.com\/pl\/#\/schema\/logo\/image\/"},"sameAs":["https:\/\/www.instagram.com\/colourofstone\/"]}]}},"_links":{"self":[{"href":"https:\/\/colourofstone.com\/pl\/wp-json\/wp\/v2\/pages\/33546","targetHints":{"allow":["GET"]}}],"collection":[{"href":"https:\/\/colourofstone.com\/pl\/wp-json\/wp\/v2\/pages"}],"about":[{"href":"https:\/\/colourofstone.com\/pl\/wp-json\/wp\/v2\/types\/page"}],"author":[{"embeddable":true,"href":"https:\/\/colourofstone.com\/pl\/wp-json\/wp\/v2\/users\/2"}],"replies":[{"embeddable":true,"href":"https:\/\/colourofstone.com\/pl\/wp-json\/wp\/v2\/comments?post=33546"}],"version-history":[{"count":1,"href":"https:\/\/colourofstone.com\/pl\/wp-json\/wp\/v2\/pages\/33546\/revisions"}],"predecessor-version":[{"id":33547,"href":"https:\/\/colourofstone.com\/pl\/wp-json\/wp\/v2\/pages\/33546\/revisions\/33547"}],"wp:attachment":[{"href":"https:\/\/colourofstone.com\/pl\/wp-json\/wp\/v2\/media?parent=33546"}],"curies":[{"name":"wp","href":"https:\/\/api.w.org\/{rel}","templated":true}]}}