{"id":46108,"date":"2022-05-11T06:38:02","date_gmt":"2022-05-11T06:38:02","guid":{"rendered":"https:\/\/colourofstone.com\/?page_id=46108"},"modified":"2023-05-03T12:56:16","modified_gmt":"2023-05-03T12:56:16","slug":"magazyn","status":"publish","type":"page","link":"https:\/\/colourofstone.com\/pl\/magazyn\/","title":{"rendered":"MAGAZYN"},"content":{"rendered":"\n<p class=\"is-style-border-s\"><\/p>\n\n\n\n<p class=\"is-style-border-s\">Nasz magazyn oferuje wszystkie potrzebne informacje na temat kamienia naturalnego. Wiadomo\u015bci na temat marmuru, granitu czy wzor\u00f3w znajdziesz tutaj. Kolor Kamienia oferuje ekscytuj\u0105ce informacje i interesuj\u0105ce fakty.<br>Baw si\u0119 dobrze.<\/p>\n\n\n\n<div style=\"height:100px\" aria-hidden=\"true\" class=\"wp-block-spacer\"><\/div>\n\n\n<section class=\"widget widget_flex-posts-list\"><div class=\"fp-row-blog fp-list-2 fp-flex MagicScroll2\" data-options=\"speed: 1400; loop: rewind; pagination: true; \">\n\n\t\n\t\t\n\t\t\t\t<div class=\"fp-row\">\n\t\t\t\t\t\t<a href=\"https:\/\/colourofstone.com\/pl\/magazyn\/kamien-naturalny-jako-inwestycja-ponadczasowy-klejnot\/\">\n\t\t\t\t\t\t\t\t\t\t\n\t\t\t\t\t\t\t\t\t\t\t\t\t<img loading=\"lazy\" decoding=\"async\" width=\"816\" height=\"816\" src=\"https:\/\/colourofstone.com\/wp-content\/uploads\/PyramideTitel.jpg\" class=\"left-top wp-post-image\" alt=\"\" srcset=\"https:\/\/colourofstone.com\/wp-content\/uploads\/PyramideTitel.jpg 816w, https:\/\/colourofstone.com\/wp-content\/uploads\/PyramideTitel-300x300.jpg 300w, https:\/\/colourofstone.com\/wp-content\/uploads\/PyramideTitel-600x600.jpg 600w, https:\/\/colourofstone.com\/wp-content\/uploads\/PyramideTitel-150x150.jpg 150w\" sizes=\"auto, (max-width: 816px) 100vw, 816px\" \/>\t\t\t\t\t\t\t\t\t\t\t\n\t\t\t\t\t\t\n\n\t\t\t\n\t\t\t\t\t\t\t\t\t\t<div class=\"fp-imgBG\">\n\t\t\t\t\t\t\t\t\t\t<div class=\"fp-body\">\n\t\t\t\t\t\t\t\t\t\t\t\t<h4 class=\"fp-title \">\n\t\t\t\t\t\t\t\t\t\t\t\t\t\tKamie\u0144 naturalny jako inwestycja: ponadczasowy klejnot\t\t\t\t\t\t\t\t\t\t\t\t<\/h4>\n\t\t\t\t\t\t\t\t\t\t\t\t<div class=\"fp-text-wirkung\">\n\t\t\t\t\t\t\t\t\t\t\t\t\t\t<p>Kamie\u0144 naturalny w architekturze: od znaczenia historycznego, przez estetyczn\u0105 elegancj\u0119, po nowoczesny zr\u00f3wnowa\u017cony rozw\u00f3j \u2013 g\u0142\u0119bokie spojrzenie na ponadczasow\u0105 inwestycj\u0119.<\/p>\n\t\t\t\t\t\t\t\t\t\t\t\t\t\t\t\t\t\t\t\t\t\t\t\t\t\t<\/div>\n\t\t\t\t\t\t\t\t\t\t<\/div>\n\t\t\t\t\t\t\t\t<\/div>\n\t\t\t\t\t\t\t<\/a>\n\t\t\t\t<\/div>\n\n\n\t\n\t\t\n\t\t\t\t<div class=\"fp-row\">\n\t\t\t\t\t\t<a href=\"https:\/\/colourofstone.com\/pl\/magazyn\/probki-plytek-do-dotkniecia\/\">\n\t\t\t\t\t\t\t\t\t\t\n\t\t\t\t\t\t\t\t\t\t\t\t\t<img loading=\"lazy\" decoding=\"async\" width=\"1080\" height=\"1080\" src=\"https:\/\/colourofstone.com\/wp-content\/uploads\/Musterfliese-2.png\" class=\"left-top wp-post-image\" alt=\"\" srcset=\"https:\/\/colourofstone.com\/wp-content\/uploads\/Musterfliese-2.png 1080w, https:\/\/colourofstone.com\/wp-content\/uploads\/Musterfliese-2-300x300.png 300w, https:\/\/colourofstone.com\/wp-content\/uploads\/Musterfliese-2-1024x1024.png 1024w, https:\/\/colourofstone.com\/wp-content\/uploads\/Musterfliese-2-150x150.png 150w, https:\/\/colourofstone.com\/wp-content\/uploads\/Musterfliese-2-600x600.png 600w, https:\/\/colourofstone.com\/wp-content\/uploads\/Musterfliese-2-800x800.png 800w\" sizes=\"auto, (max-width: 1080px) 100vw, 1080px\" \/>\t\t\t\t\t\t\t\t\t\t\t\n\t\t\t\t\t\t\n\n\t\t\t\n\t\t\t\t\t\t\t\t\t\t<div class=\"fp-imgBG\">\n\t\t\t\t\t\t\t\t\t\t<div class=\"fp-body\">\n\t\t\t\t\t\t\t\t\t\t\t\t<h4 class=\"fp-title \">\n\t\t\t\t\t\t\t\t\t\t\t\t\t\tPr\u00f3bki p\u0142ytek do dotkni\u0119cia!\t\t\t\t\t\t\t\t\t\t\t\t<\/h4>\n\t\t\t\t\t\t\t\t\t\t\t\t<div class=\"fp-text-wirkung\">\n\t\t\t\t\t\t\t\t\t\t\t\t\t\t<p>P\u0142ytki marmurowe, wapienne i trawertynowe to nowy trend w aran\u017cacji wn\u0119trz. Do\u015bwiadcz marmuru w swoim domu.<\/p>\n\t\t\t\t\t\t\t\t\t\t\t\t\t\t\t\t\t\t\t\t\t\t\t\t\t\t<\/div>\n\t\t\t\t\t\t\t\t\t\t<\/div>\n\t\t\t\t\t\t\t\t<\/div>\n\t\t\t\t\t\t\t<\/a>\n\t\t\t\t<\/div>\n\n\n\t\n\t\t\n\t\t\t\t<div class=\"fp-row\">\n\t\t\t\t\t\t<a href=\"https:\/\/colourofstone.com\/pl\/b2c-pl\/witamy-na-portalu-biznesowym-firmy-colour-of-stone-gmbh\/\">\n\t\t\t\t\t\t\t\t\t\t\n\t\t\t\t\t\t\t\t\t\t\t\t\t<img loading=\"lazy\" decoding=\"async\" width=\"2560\" height=\"1600\" src=\"https:\/\/colourofstone.com\/wp-content\/uploads\/HeaderB2B-3-scaled.jpg\" class=\"center-center wp-post-image\" alt=\"\" srcset=\"https:\/\/colourofstone.com\/wp-content\/uploads\/HeaderB2B-3-scaled.jpg 2560w, https:\/\/colourofstone.com\/wp-content\/uploads\/HeaderB2B-3-300x188.jpg 300w, https:\/\/colourofstone.com\/wp-content\/uploads\/HeaderB2B-3-1024x640.jpg 1024w, https:\/\/colourofstone.com\/wp-content\/uploads\/HeaderB2B-3-1536x960.jpg 1536w, https:\/\/colourofstone.com\/wp-content\/uploads\/HeaderB2B-3-2048x1280.jpg 2048w, https:\/\/colourofstone.com\/wp-content\/uploads\/HeaderB2B-3-400x250.jpg 400w, https:\/\/colourofstone.com\/wp-content\/uploads\/HeaderB2B-3-600x375.jpg 600w\" sizes=\"auto, (max-width: 2560px) 100vw, 2560px\" \/>\t\t\t\t\t\t\t\t\t\t\t\n\t\t\t\t\t\t\n\n\t\t\t\n\t\t\t\t\t\t\t\t\t\t<div class=\"fp-imgBG\">\n\t\t\t\t\t\t\t\t\t\t<div class=\"fp-body\">\n\t\t\t\t\t\t\t\t\t\t\t\t<h4 class=\"fp-title \">\n\t\t\t\t\t\t\t\t\t\t\t\t\t\tWitamy na portalu biznesowym firmy Colour of Stone GmbH\t\t\t\t\t\t\t\t\t\t\t\t<\/h4>\n\t\t\t\t\t\t\t\t\t\t\t\t<div class=\"fp-text-wirkung\">\n\t\t\t\t\t\t\t\t\t\t\t\t\t\t<p>Bezp\u0142atna dostawa zgodnie z warunkami dostawy <\/p>\n\t\t\t\t\t\t\t\t\t\t\t\t\t\t\t\t\t\t\t\t\t\t\t\t\t\t<\/div>\n\t\t\t\t\t\t\t\t\t\t<\/div>\n\t\t\t\t\t\t\t\t<\/div>\n\t\t\t\t\t\t\t<\/a>\n\t\t\t\t<\/div>\n\n\n\t\n\t\t\n\t\t\t\t<div class=\"fp-row\">\n\t\t\t\t\t\t<a href=\"https:\/\/colourofstone.com\/pl\/magazyn\/plytki-granitowe-i-plytki-lupkowe-nowe-w-sklepie\/\">\n\t\t\t\t\t\t\t\t\t\t\n\t\t\t\t\t\t\t\t\t\t\t\t\t<img loading=\"lazy\" decoding=\"async\" width=\"400\" height=\"400\" src=\"https:\/\/colourofstone.com\/wp-content\/uploads\/bgNews04.png\" class=\"left-top wp-post-image\" alt=\"\" srcset=\"https:\/\/colourofstone.com\/wp-content\/uploads\/bgNews04.png 400w, https:\/\/colourofstone.com\/wp-content\/uploads\/bgNews04-300x300.png 300w, https:\/\/colourofstone.com\/wp-content\/uploads\/bgNews04-150x150.png 150w\" sizes=\"auto, (max-width: 400px) 100vw, 400px\" \/>\t\t\t\t\t\t\t\t\t\t\t\n\t\t\t\t\t\t\n\n\t\t\t\n\t\t\t\t\t\t\t\t\t\t<div class=\"fp-imgBG\">\n\t\t\t\t\t\t\t\t\t\t<div class=\"fp-body\">\n\t\t\t\t\t\t\t\t\t\t\t\t<h4 class=\"fp-title \">\n\t\t\t\t\t\t\t\t\t\t\t\t\t\tP\u0142ytki granitowe i p\u0142ytki \u0142upkowe nowe w sklepie!\t\t\t\t\t\t\t\t\t\t\t\t<\/h4>\n\t\t\t\t\t\t\t\t\t\t\t\t<div class=\"fp-text-wirkung\">\n\t\t\t\t\t\t\t\t\t\t\t\t\t\t<p>Wraz z rozbudow\u0105 naszego sklepu internetowego z p\u0142ytami granitowymi, posiadamy unikaln\u0105 w skali europejskiej ofert\u0119. <\/p>\n\t\t\t\t\t\t\t\t\t\t\t\t\t\t\t\t\t\t\t\t\t\t\t\t\t\t<\/div>\n\t\t\t\t\t\t\t\t\t\t<\/div>\n\t\t\t\t\t\t\t\t<\/div>\n\t\t\t\t\t\t\t<\/a>\n\t\t\t\t<\/div>\n\n\n\t\n\t\t\n\t\t\t\t<div class=\"fp-row\">\n\t\t\t\t\t\t<a href=\"https:\/\/colourofstone.com\/pl\/magazyn\/jak-atrakcyjny-jest-zakup-plytek-z-kamienia-naturalnego-w-colour-of-stone\/\">\n\t\t\t\t\t\t\t\t\t\t\n\t\t\t\t\t\t\t\t\t\t\t\t\t<img loading=\"lazy\" decoding=\"async\" width=\"400\" height=\"400\" src=\"https:\/\/colourofstone.com\/wp-content\/uploads\/bgNews02.png\" class=\"left-top wp-post-image\" alt=\"\" srcset=\"https:\/\/colourofstone.com\/wp-content\/uploads\/bgNews02.png 400w, https:\/\/colourofstone.com\/wp-content\/uploads\/bgNews02-300x300.png 300w, https:\/\/colourofstone.com\/wp-content\/uploads\/bgNews02-150x150.png 150w\" sizes=\"auto, (max-width: 400px) 100vw, 400px\" \/>\t\t\t\t\t\t\t\t\t\t\t\n\t\t\t\t\t\t\n\n\t\t\t\n\t\t\t\t\t\t\t\t\t\t<div class=\"fp-imgBG\">\n\t\t\t\t\t\t\t\t\t\t<div class=\"fp-body\">\n\t\t\t\t\t\t\t\t\t\t\t\t<h4 class=\"fp-title \">\n\t\t\t\t\t\t\t\t\t\t\t\t\t\tJak \u0142atwo jest kupi\u0107 p\u0142ytki z kamienia naturalnego w Colour of Stone\t\t\t\t\t\t\t\t\t\t\t\t<\/h4>\n\t\t\t\t\t\t\t\t\t\t\t\t<div class=\"fp-text-wirkung\">\n\t\t\t\t\t\t\t\t\t\t\t\t\t\t<p>Do\u0142\u0105cz do nas w nowym \u015bwiecie kamienia naturalnego z wyj\u0105tkow\u0105 r\u00f3\u017cnorodno\u015bci\u0105 wyboru w pi\u0119knych kolorach i niesamowitych rozmiarach.<\/p>\n\t\t\t\t\t\t\t\t\t\t\t\t\t\t\t\t\t\t\t\t\t\t\t\t\t\t<\/div>\n\t\t\t\t\t\t\t\t\t\t<\/div>\n\t\t\t\t\t\t\t\t<\/div>\n\t\t\t\t\t\t\t<\/a>\n\t\t\t\t<\/div>\n\n\n\t\n\t\t\n\t\t\t\t<div class=\"fp-row\">\n\t\t\t\t\t\t<a href=\"https:\/\/colourofstone.com\/pl\/magazyn\/3-piekne-powierzchnie-ktore-pasuja-do-kazdego-stylu-zycia\/\">\n\t\t\t\t\t\t\t\t\t\t\n\t\t\t\t\t\t\t\t\t\t\t\t\t<img loading=\"lazy\" decoding=\"async\" width=\"400\" height=\"400\" src=\"https:\/\/colourofstone.com\/wp-content\/uploads\/bgNews01.png\" class=\"left-top wp-post-image\" alt=\"\" srcset=\"https:\/\/colourofstone.com\/wp-content\/uploads\/bgNews01.png 400w, https:\/\/colourofstone.com\/wp-content\/uploads\/bgNews01-300x300.png 300w, https:\/\/colourofstone.com\/wp-content\/uploads\/bgNews01-150x150.png 150w\" sizes=\"auto, (max-width: 400px) 100vw, 400px\" \/>\t\t\t\t\t\t\t\t\t\t\t\n\t\t\t\t\t\t\n\n\t\t\t\n\t\t\t\t\t\t\t\t\t\t<div class=\"fp-imgBG\">\n\t\t\t\t\t\t\t\t\t\t<div class=\"fp-body\">\n\t\t\t\t\t\t\t\t\t\t\t\t<h4 class=\"fp-title \">\n\t\t\t\t\t\t\t\t\t\t\t\t\t\t3 pi\u0119kne powierzchnie, kt\u00f3re pasuj\u0105 do ka\u017cdego stylu \u017cycia\t\t\t\t\t\t\t\t\t\t\t\t<\/h4>\n\t\t\t\t\t\t\t\t\t\t\t\t<div class=\"fp-text-wirkung\">\n\t\t\t\t\t\t\t\t\t\t\t\t\t\t<p>W tym po\u015bcie wyja\u015bniamy ekscytuj\u0105cy wgl\u0105d w aktualne powierzchnie.<\/p>\n\t\t\t\t\t\t\t\t\t\t\t\t\t\t\t\t\t\t\t\t\t\t\t\t\t\t<\/div>\n\t\t\t\t\t\t\t\t\t\t<\/div>\n\t\t\t\t\t\t\t\t<\/div>\n\t\t\t\t\t\t\t<\/a>\n\t\t\t\t<\/div>\n\n\n\t\n<\/div>\n<\/section>\n\n\n<div style=\"height:100px\" aria-hidden=\"true\" class=\"wp-block-spacer\"><\/div>\n\n        <script>\n        function toggleInchInfo(el) {\n            const infoBox = el.nextElementSibling;\n            if (infoBox.style.display === \"none\") {\n                infoBox.style.display = \"inline\";\n            } else {\n                infoBox.style.display = \"none\";\n            }\n        }\n        <\/script>\n        <style>\n            .cm-info {\n                cursor: pointer;\n                color: #0073aa;\n                font-weight: bold;\n                margin-left: 4px;\n            }\n            .inch-info {\n                display: none;\n                background: #f8f8f8;\n                border: 1px solid #ccc;\n                padding: 4px 8px;\n                margin-left: 5px;\n                font-size: 0.9em;\n                border-radius: 4px;\n            }\n        <\/style>","protected":false},"excerpt":{"rendered":"<p>Nasz magazyn oferuje wszystkie potrzebne informacje na temat kamienia naturalnego. Wiadomo\u015bci na temat marmuru, granitu czy wzor\u00f3w znajdziesz tutaj. Kolor Kamienia oferuje ekscytuj\u0105ce informacje i interesuj\u0105ce fakty.Baw si\u0119 dobrze.<\/p>\n","protected":false},"author":2,"featured_media":0,"parent":0,"menu_order":0,"comment_status":"closed","ping_status":"closed","template":"","meta":{"footnotes":""},"class_list":["post-46108","page","type-page","status-publish","hentry"],"yoast_head":"<!-- This site is optimized with the Yoast SEO plugin v27.4 - https:\/\/yoast.com\/product\/yoast-seo-wordpress\/ -->\n<title>MAGAZYN - Colour of Stone - Informacje o p\u0142ytkach z kamienia naturalnego<\/title>\n<meta name=\"description\" content=\"Na naszym blogu znajdziesz wszystkie potrzebne informacje na temat p\u0142ytek z kamienia naturalnego. Tutaj mo\u017cna znale\u017a\u0107 informacje o marmurze, granicie, wzorach i cashbacku.\" \/>\n<meta name=\"robots\" content=\"index, follow, max-snippet:-1, max-image-preview:large, max-video-preview:-1\" \/>\n<link rel=\"canonical\" href=\"https:\/\/colourofstone.com\/pl\/magazyn\/\" \/>\n<meta property=\"og:locale\" content=\"pl_PL\" \/>\n<meta property=\"og:type\" content=\"article\" \/>\n<meta property=\"og:title\" content=\"MAGAZYN - Colour of Stone - Informacje o p\u0142ytkach z kamienia naturalnego\" \/>\n<meta property=\"og:description\" content=\"Na naszym blogu znajdziesz wszystkie potrzebne informacje na temat p\u0142ytek z kamienia naturalnego. Tutaj mo\u017cna znale\u017a\u0107 informacje o marmurze, granicie, wzorach i cashbacku.\" \/>\n<meta property=\"og:url\" content=\"https:\/\/colourofstone.com\/pl\/magazyn\/\" \/>\n<meta property=\"og:site_name\" content=\"Colour of Stone\" \/>\n<meta property=\"article:modified_time\" content=\"2023-05-03T12:56:16+00:00\" \/>\n<meta property=\"og:image\" content=\"https:\/\/colourofstone.com\/wp-content\/uploads\/Logo.png\" \/>\n\t<meta property=\"og:image:width\" content=\"1086\" \/>\n\t<meta property=\"og:image:height\" content=\"553\" \/>\n\t<meta property=\"og:image:type\" content=\"image\/png\" \/>\n<meta name=\"twitter:card\" content=\"summary_large_image\" \/>\n<meta name=\"twitter:label1\" content=\"Szacowany czas czytania\" \/>\n\t<meta name=\"twitter:data1\" content=\"1 minuta\" \/>\n<script type=\"application\/ld+json\" class=\"yoast-schema-graph\">{\"@context\":\"https:\\\/\\\/schema.org\",\"@graph\":[{\"@type\":\"WebPage\",\"@id\":\"https:\\\/\\\/colourofstone.com\\\/pl\\\/magazyn\\\/\",\"url\":\"https:\\\/\\\/colourofstone.com\\\/pl\\\/magazyn\\\/\",\"name\":\"MAGAZYN - Colour of Stone - Informacje o p\u0142ytkach z kamienia naturalnego\",\"isPartOf\":{\"@id\":\"https:\\\/\\\/colourofstone.com\\\/pl\\\/#website\"},\"datePublished\":\"2022-05-11T06:38:02+00:00\",\"dateModified\":\"2023-05-03T12:56:16+00:00\",\"description\":\"Na naszym blogu znajdziesz wszystkie potrzebne informacje na temat p\u0142ytek z kamienia naturalnego. Tutaj mo\u017cna znale\u017a\u0107 informacje o marmurze, granicie, wzorach i cashbacku.\",\"breadcrumb\":{\"@id\":\"https:\\\/\\\/colourofstone.com\\\/pl\\\/magazyn\\\/#breadcrumb\"},\"inLanguage\":\"pl-PL\",\"potentialAction\":[{\"@type\":\"ReadAction\",\"target\":[\"https:\\\/\\\/colourofstone.com\\\/pl\\\/magazyn\\\/\"]}]},{\"@type\":\"BreadcrumbList\",\"@id\":\"https:\\\/\\\/colourofstone.com\\\/pl\\\/magazyn\\\/#breadcrumb\",\"itemListElement\":[{\"@type\":\"ListItem\",\"position\":1,\"name\":\"Home\",\"item\":\"https:\\\/\\\/colourofstone.com\\\/pl\\\/\"},{\"@type\":\"ListItem\",\"position\":2,\"name\":\"MAGAZYN\"}]},{\"@type\":\"WebSite\",\"@id\":\"https:\\\/\\\/colourofstone.com\\\/pl\\\/#website\",\"url\":\"https:\\\/\\\/colourofstone.com\\\/pl\\\/\",\"name\":\"Colour of Stone\",\"description\":\"Fliesen, Haus und Garten Produkte aus Naturstein - Online Shop\",\"publisher\":{\"@id\":\"https:\\\/\\\/colourofstone.com\\\/pl\\\/#organization\"},\"potentialAction\":[{\"@type\":\"SearchAction\",\"target\":{\"@type\":\"EntryPoint\",\"urlTemplate\":\"https:\\\/\\\/colourofstone.com\\\/pl\\\/?s={search_term_string}\"},\"query-input\":{\"@type\":\"PropertyValueSpecification\",\"valueRequired\":true,\"valueName\":\"search_term_string\"}}],\"inLanguage\":\"pl-PL\"},{\"@type\":\"Organization\",\"@id\":\"https:\\\/\\\/colourofstone.com\\\/pl\\\/#organization\",\"name\":\"Colour of Stone GmbH\",\"url\":\"https:\\\/\\\/colourofstone.com\\\/pl\\\/\",\"logo\":{\"@type\":\"ImageObject\",\"inLanguage\":\"pl-PL\",\"@id\":\"https:\\\/\\\/colourofstone.com\\\/pl\\\/#\\\/schema\\\/logo\\\/image\\\/\",\"url\":\"https:\\\/\\\/colourofstone.com\\\/wp-content\\\/uploads\\\/99FC1526-DF3B-44F1-9816-9278D3194252-scaled.jpeg\",\"contentUrl\":\"https:\\\/\\\/colourofstone.com\\\/wp-content\\\/uploads\\\/99FC1526-DF3B-44F1-9816-9278D3194252-scaled.jpeg\",\"width\":2125,\"height\":2560,\"caption\":\"Colour of Stone GmbH\"},\"image\":{\"@id\":\"https:\\\/\\\/colourofstone.com\\\/pl\\\/#\\\/schema\\\/logo\\\/image\\\/\"},\"sameAs\":[\"https:\\\/\\\/www.instagram.com\\\/colourofstone\\\/\"]}]}<\/script>\n<!-- \/ Yoast SEO plugin. -->","yoast_head_json":{"title":"MAGAZYN - Colour of Stone - Informacje o p\u0142ytkach z kamienia naturalnego","description":"Na naszym blogu znajdziesz wszystkie potrzebne informacje na temat p\u0142ytek z kamienia naturalnego. Tutaj mo\u017cna znale\u017a\u0107 informacje o marmurze, granicie, wzorach i cashbacku.","robots":{"index":"index","follow":"follow","max-snippet":"max-snippet:-1","max-image-preview":"max-image-preview:large","max-video-preview":"max-video-preview:-1"},"canonical":"https:\/\/colourofstone.com\/pl\/magazyn\/","og_locale":"pl_PL","og_type":"article","og_title":"MAGAZYN - Colour of Stone - Informacje o p\u0142ytkach z kamienia naturalnego","og_description":"Na naszym blogu znajdziesz wszystkie potrzebne informacje na temat p\u0142ytek z kamienia naturalnego. Tutaj mo\u017cna znale\u017a\u0107 informacje o marmurze, granicie, wzorach i cashbacku.","og_url":"https:\/\/colourofstone.com\/pl\/magazyn\/","og_site_name":"Colour of Stone","article_modified_time":"2023-05-03T12:56:16+00:00","og_image":[{"width":1086,"height":553,"url":"https:\/\/colourofstone.com\/wp-content\/uploads\/Logo.png","type":"image\/png"}],"twitter_card":"summary_large_image","twitter_misc":{"Szacowany czas czytania":"1 minuta"},"schema":{"@context":"https:\/\/schema.org","@graph":[{"@type":"WebPage","@id":"https:\/\/colourofstone.com\/pl\/magazyn\/","url":"https:\/\/colourofstone.com\/pl\/magazyn\/","name":"MAGAZYN - Colour of Stone - Informacje o p\u0142ytkach z kamienia naturalnego","isPartOf":{"@id":"https:\/\/colourofstone.com\/pl\/#website"},"datePublished":"2022-05-11T06:38:02+00:00","dateModified":"2023-05-03T12:56:16+00:00","description":"Na naszym blogu znajdziesz wszystkie potrzebne informacje na temat p\u0142ytek z kamienia naturalnego. Tutaj mo\u017cna znale\u017a\u0107 informacje o marmurze, granicie, wzorach i cashbacku.","breadcrumb":{"@id":"https:\/\/colourofstone.com\/pl\/magazyn\/#breadcrumb"},"inLanguage":"pl-PL","potentialAction":[{"@type":"ReadAction","target":["https:\/\/colourofstone.com\/pl\/magazyn\/"]}]},{"@type":"BreadcrumbList","@id":"https:\/\/colourofstone.com\/pl\/magazyn\/#breadcrumb","itemListElement":[{"@type":"ListItem","position":1,"name":"Home","item":"https:\/\/colourofstone.com\/pl\/"},{"@type":"ListItem","position":2,"name":"MAGAZYN"}]},{"@type":"WebSite","@id":"https:\/\/colourofstone.com\/pl\/#website","url":"https:\/\/colourofstone.com\/pl\/","name":"Colour of Stone","description":"Fliesen, Haus und Garten Produkte aus Naturstein - Online Shop","publisher":{"@id":"https:\/\/colourofstone.com\/pl\/#organization"},"potentialAction":[{"@type":"SearchAction","target":{"@type":"EntryPoint","urlTemplate":"https:\/\/colourofstone.com\/pl\/?s={search_term_string}"},"query-input":{"@type":"PropertyValueSpecification","valueRequired":true,"valueName":"search_term_string"}}],"inLanguage":"pl-PL"},{"@type":"Organization","@id":"https:\/\/colourofstone.com\/pl\/#organization","name":"Colour of Stone GmbH","url":"https:\/\/colourofstone.com\/pl\/","logo":{"@type":"ImageObject","inLanguage":"pl-PL","@id":"https:\/\/colourofstone.com\/pl\/#\/schema\/logo\/image\/","url":"https:\/\/colourofstone.com\/wp-content\/uploads\/99FC1526-DF3B-44F1-9816-9278D3194252-scaled.jpeg","contentUrl":"https:\/\/colourofstone.com\/wp-content\/uploads\/99FC1526-DF3B-44F1-9816-9278D3194252-scaled.jpeg","width":2125,"height":2560,"caption":"Colour of Stone GmbH"},"image":{"@id":"https:\/\/colourofstone.com\/pl\/#\/schema\/logo\/image\/"},"sameAs":["https:\/\/www.instagram.com\/colourofstone\/"]}]}},"_links":{"self":[{"href":"https:\/\/colourofstone.com\/pl\/wp-json\/wp\/v2\/pages\/46108","targetHints":{"allow":["GET"]}}],"collection":[{"href":"https:\/\/colourofstone.com\/pl\/wp-json\/wp\/v2\/pages"}],"about":[{"href":"https:\/\/colourofstone.com\/pl\/wp-json\/wp\/v2\/types\/page"}],"author":[{"embeddable":true,"href":"https:\/\/colourofstone.com\/pl\/wp-json\/wp\/v2\/users\/2"}],"replies":[{"embeddable":true,"href":"https:\/\/colourofstone.com\/pl\/wp-json\/wp\/v2\/comments?post=46108"}],"version-history":[{"count":5,"href":"https:\/\/colourofstone.com\/pl\/wp-json\/wp\/v2\/pages\/46108\/revisions"}],"predecessor-version":[{"id":63313,"href":"https:\/\/colourofstone.com\/pl\/wp-json\/wp\/v2\/pages\/46108\/revisions\/63313"}],"wp:attachment":[{"href":"https:\/\/colourofstone.com\/pl\/wp-json\/wp\/v2\/media?parent=46108"}],"curies":[{"name":"wp","href":"https:\/\/api.w.org\/{rel}","templated":true}]}}