{"id":14531,"date":"2022-01-25T01:02:02","date_gmt":"2020-06-10T07:49:02","guid":{"rendered":"https:\/\/colourofstone.com\/shop\/bez-kategorii\/bardiglio-nuvolato\/"},"modified":"2025-07-29T00:00:08","modified_gmt":"2025-07-29T00:00:08","slug":"bardiglio-nuvolato","status":"publish","type":"product","link":"https:\/\/colourofstone.com\/pl\/shop\/kamienia-naturalnego\/plytki\/bardiglio-nuvolato\/","title":{"rendered":"Bardiglio Nuvolato"},"content":{"rendered":"<p>Ten doskona\u0142y marmur w kolorach szarym i niebieskim charakteryzuje si\u0119 dyskretn\u0105 elegancj\u0105. Bardiglio Nuvolato ma pi\u0119kn\u0105 struktur\u0119. W po\u0142\u0105czeniu z jasnymi kolorami ten naturalny kamie\u0144 jest absolutn\u0105 ozdob\u0105.<\/p>\n<p>&nbsp;<\/p>\n<p>Dzi\u0119ki swojej \u017cy\u0142kowanej strukturze Bardiglio Nuvolato wygl\u0105da bardzo elegancko na p\u0142ytkach o du\u017cych formatach, takich jak 60 x 60 x 1 cm <span class='cm-info' onclick='toggleInchInfo(this)'>\u2139\ufe0f<\/span>\n        <div class='inch-info'>\u2248 23.6\" x 0.4\"<\/div>. Zawsze mamy do dyspozycji 24 kombinacje format\u00f3w i powierzchni.<\/p>\n<p>&nbsp;<\/p>\n<p>Kamie\u0144 Bardiglio Nuvolato jest wydobywany w Alpach Apua\u0144skich. Znajduj\u0105 si\u0119 one w Toskanii we W\u0142oszech.<\/p>\n<p>&nbsp;<\/p>\n<p>Ten kamie\u0144 naturalny nie jest mrozoodporny ani kwasoodporny. Doskonale nadaje si\u0119 do u\u017cytku wewn\u0119trznego. Przy odpowiednim wyczuciu i wiedzy ten kamie\u0144 naturalny mo\u017ce by\u0107 stosowany tak\u017ce w innych dziedzinach.<\/p>\n\n        <script>\n        function toggleInchInfo(el) {\n            const infoBox = el.nextElementSibling;\n            if (infoBox.style.display === \"none\") {\n                infoBox.style.display = \"inline\";\n            } else {\n                infoBox.style.display = \"none\";\n            }\n        }\n        <\/script>\n        <style>\n            .cm-info {\n                cursor: pointer;\n                color: #0073aa;\n                font-weight: bold;\n                margin-left: 4px;\n            }\n            .inch-info {\n                display: none;\n                background: #f8f8f8;\n                border: 1px solid #ccc;\n                padding: 4px 8px;\n                margin-left: 5px;\n                font-size: 0.9em;\n                border-radius: 4px;\n            }\n        <\/style>","protected":false},"excerpt":{"rendered":"<p>Ten doskona\u0142y marmur w kolorach szarym i niebieskim charakteryzuje si\u0119 dyskretn\u0105 elegancj\u0105. Bardiglio Nuvolato ma pi\u0119kn\u0105 struktur\u0119. W po\u0142\u0105czeniu z jasnymi kolorami ten naturalny kamie\u0144 jest absolutn\u0105 ozdob\u0105. &nbsp; Dzi\u0119ki swojej \u017cy\u0142kowanej strukturze Bardiglio Nuvolato wygl\u0105da bardzo elegancko na p\u0142ytkach o du\u017cych formatach, takich jak 60 x 60 x 1 cm \u2139\ufe0f \u2248 23.6&#8243; x <a href=\"https:\/\/colourofstone.com\/pl\/shop\/kamienia-naturalnego\/plytki\/bardiglio-nuvolato\/\" class=\"more-link\">&#8230;<\/a><\/p>\n","protected":false},"featured_media":46211,"template":"","meta":[],"product_brand":[],"product_cat":[613],"product_tag":[],"class_list":{"0":"post-14531","1":"product","2":"type-product","3":"status-publish","4":"has-post-thumbnail","6":"product_cat-plytki","7":"pa_farbe-niebieski","8":"pa_farbe-szary","9":"pa_farbe-jasny","10":"pa_masseinheit-305-x-305-cm","11":"pa_masseinheit-61-x-305-cm","12":"pa_masseinheit-40-x-40-cm","13":"pa_masseinheit-457-x-457-cm","14":"pa_masseinheit-60-x-40-cm","15":"pa_masseinheit-60-x-60-cm","16":"pa_masseinheit-80-x-80-cm","17":"pa_masseinheit-100-x-100-cm","18":"pa_material-marmur","19":"pa_oberflaeche-wypolerowana","20":"pa_oberflaeche-wyszlifowana","21":"pa_oberflaeche-wyszczotkowana","23":"first","24":"instock","25":"taxable","26":"shipping-taxable","27":"purchasable","28":"product-type-variable","29":"has-default-attributes"},"yoast_head":"<!-- This site is optimized with the Yoast SEO plugin v27.3 - https:\/\/yoast.com\/product\/yoast-seo-wordpress\/ -->\n<title>Bardiglio Nuvolato - Marmur Plytki bezp\u0142atny transport - Colour of Stone<\/title>\n<meta name=\"description\" content=\"Ten doskona\u0142y marmur w kolorach szarym i niebieskim charakteryzuje si\u0119 dyskretn\u0105 elegancj\u0105. Bardiglio Nuvolato ma pi\u0119kn\u0105 struktur\u0119. W po\u0142\u0105czeniu z jasnymi ...\" \/>\n<meta name=\"robots\" content=\"index, follow, max-snippet:-1, max-image-preview:large, max-video-preview:-1\" \/>\n<link rel=\"canonical\" href=\"https:\/\/colourofstone.com\/pl\/shop\/kamienia-naturalnego\/plytki\/bardiglio-nuvolato\/\" \/>\n<meta property=\"og:locale\" content=\"pl_PL\" \/>\n<meta property=\"og:type\" content=\"article\" \/>\n<meta property=\"og:title\" content=\"Bardiglio Nuvolato - Marmur Plytki bezp\u0142atny transport - Colour of Stone\" \/>\n<meta property=\"og:description\" content=\"Ten doskona\u0142y marmur w kolorach szarym i niebieskim charakteryzuje si\u0119 dyskretn\u0105 elegancj\u0105. Bardiglio Nuvolato ma pi\u0119kn\u0105 struktur\u0119. W po\u0142\u0105czeniu z jasnymi ...\" \/>\n<meta property=\"og:url\" content=\"https:\/\/colourofstone.com\/pl\/shop\/kamienia-naturalnego\/plytki\/bardiglio-nuvolato\/\" \/>\n<meta property=\"og:site_name\" content=\"Colour of Stone\" \/>\n<meta property=\"article:modified_time\" content=\"2025-07-29T00:00:08+00:00\" \/>\n<meta property=\"og:image\" content=\"https:\/\/colourofstone.com\/wp-content\/uploads\/Bardiglio-Nuvolato-902_1-1.jpg\" \/>\n\t<meta property=\"og:image:width\" content=\"1600\" \/>\n\t<meta property=\"og:image:height\" content=\"1600\" \/>\n\t<meta property=\"og:image:type\" content=\"image\/jpeg\" \/>\n<meta name=\"twitter:card\" content=\"summary_large_image\" \/>\n<meta name=\"twitter:label1\" content=\"Szacowany czas czytania\" \/>\n\t<meta name=\"twitter:data1\" content=\"1 minuta\" \/>\n<script type=\"application\/ld+json\" class=\"yoast-schema-graph\">{\"@context\":\"https:\\\/\\\/schema.org\",\"@graph\":[{\"@type\":\"WebPage\",\"@id\":\"https:\\\/\\\/colourofstone.com\\\/pl\\\/shop\\\/kamienia-naturalnego\\\/plytki\\\/bardiglio-nuvolato\\\/\",\"url\":\"https:\\\/\\\/colourofstone.com\\\/pl\\\/shop\\\/kamienia-naturalnego\\\/plytki\\\/bardiglio-nuvolato\\\/\",\"name\":\"Bardiglio Nuvolato - Marmur Plytki bezp\u0142atny transport - Colour of Stone\",\"isPartOf\":{\"@id\":\"https:\\\/\\\/colourofstone.com\\\/pl\\\/#website\"},\"primaryImageOfPage\":{\"@id\":\"https:\\\/\\\/colourofstone.com\\\/pl\\\/shop\\\/kamienia-naturalnego\\\/plytki\\\/bardiglio-nuvolato\\\/#primaryimage\"},\"image\":{\"@id\":\"https:\\\/\\\/colourofstone.com\\\/pl\\\/shop\\\/kamienia-naturalnego\\\/plytki\\\/bardiglio-nuvolato\\\/#primaryimage\"},\"thumbnailUrl\":\"https:\\\/\\\/colourofstone.com\\\/wp-content\\\/uploads\\\/Bardiglio-Nuvolato-902_1-1.jpg\",\"datePublished\":\"2020-06-10T07:49:02+00:00\",\"dateModified\":\"2025-07-29T00:00:08+00:00\",\"description\":\"Ten doskona\u0142y marmur w kolorach szarym i niebieskim charakteryzuje si\u0119 dyskretn\u0105 elegancj\u0105. Bardiglio Nuvolato ma pi\u0119kn\u0105 struktur\u0119. W po\u0142\u0105czeniu z jasnymi ...\",\"breadcrumb\":{\"@id\":\"https:\\\/\\\/colourofstone.com\\\/pl\\\/shop\\\/kamienia-naturalnego\\\/plytki\\\/bardiglio-nuvolato\\\/#breadcrumb\"},\"inLanguage\":\"pl-PL\",\"potentialAction\":[{\"@type\":\"ReadAction\",\"target\":[\"https:\\\/\\\/colourofstone.com\\\/pl\\\/shop\\\/kamienia-naturalnego\\\/plytki\\\/bardiglio-nuvolato\\\/\"]}]},{\"@type\":\"ImageObject\",\"inLanguage\":\"pl-PL\",\"@id\":\"https:\\\/\\\/colourofstone.com\\\/pl\\\/shop\\\/kamienia-naturalnego\\\/plytki\\\/bardiglio-nuvolato\\\/#primaryimage\",\"url\":\"https:\\\/\\\/colourofstone.com\\\/wp-content\\\/uploads\\\/Bardiglio-Nuvolato-902_1-1.jpg\",\"contentUrl\":\"https:\\\/\\\/colourofstone.com\\\/wp-content\\\/uploads\\\/Bardiglio-Nuvolato-902_1-1.jpg\",\"width\":1600,\"height\":1600,\"caption\":\"Bardiglio Nuvolato\"},{\"@type\":\"BreadcrumbList\",\"@id\":\"https:\\\/\\\/colourofstone.com\\\/pl\\\/shop\\\/kamienia-naturalnego\\\/plytki\\\/bardiglio-nuvolato\\\/#breadcrumb\",\"itemListElement\":[{\"@type\":\"ListItem\",\"position\":1,\"name\":\"Home\",\"item\":\"https:\\\/\\\/colourofstone.com\\\/pl\\\/\"},{\"@type\":\"ListItem\",\"position\":2,\"name\":\"Shop\",\"item\":\"https:\\\/\\\/colourofstone.com\\\/pl\\\/shop\\\/\"},{\"@type\":\"ListItem\",\"position\":3,\"name\":\"Marmur\",\"item\":\"https:\\\/\\\/colourofstone.com\\\/pl\\\/material\\\/marmur\\\/\"},{\"@type\":\"ListItem\",\"position\":4,\"name\":\"Bardiglio Nuvolato\"}]},{\"@type\":\"WebSite\",\"@id\":\"https:\\\/\\\/colourofstone.com\\\/pl\\\/#website\",\"url\":\"https:\\\/\\\/colourofstone.com\\\/pl\\\/\",\"name\":\"Colour of Stone\",\"description\":\"Fliesen, Haus und Garten Produkte aus Naturstein - Online Shop\",\"publisher\":{\"@id\":\"https:\\\/\\\/colourofstone.com\\\/pl\\\/#organization\"},\"potentialAction\":[{\"@type\":\"SearchAction\",\"target\":{\"@type\":\"EntryPoint\",\"urlTemplate\":\"https:\\\/\\\/colourofstone.com\\\/pl\\\/?s={search_term_string}\"},\"query-input\":{\"@type\":\"PropertyValueSpecification\",\"valueRequired\":true,\"valueName\":\"search_term_string\"}}],\"inLanguage\":\"pl-PL\"},{\"@type\":\"Organization\",\"@id\":\"https:\\\/\\\/colourofstone.com\\\/pl\\\/#organization\",\"name\":\"Colour of Stone GmbH\",\"url\":\"https:\\\/\\\/colourofstone.com\\\/pl\\\/\",\"logo\":{\"@type\":\"ImageObject\",\"inLanguage\":\"pl-PL\",\"@id\":\"https:\\\/\\\/colourofstone.com\\\/pl\\\/#\\\/schema\\\/logo\\\/image\\\/\",\"url\":\"https:\\\/\\\/colourofstone.com\\\/wp-content\\\/uploads\\\/99FC1526-DF3B-44F1-9816-9278D3194252-scaled.jpeg\",\"contentUrl\":\"https:\\\/\\\/colourofstone.com\\\/wp-content\\\/uploads\\\/99FC1526-DF3B-44F1-9816-9278D3194252-scaled.jpeg\",\"width\":2125,\"height\":2560,\"caption\":\"Colour of Stone GmbH\"},\"image\":{\"@id\":\"https:\\\/\\\/colourofstone.com\\\/pl\\\/#\\\/schema\\\/logo\\\/image\\\/\"},\"sameAs\":[\"https:\\\/\\\/www.instagram.com\\\/colourofstone\\\/\"]}]}<\/script>\n<!-- \/ Yoast SEO plugin. -->","yoast_head_json":{"title":"Bardiglio Nuvolato - Marmur Plytki bezp\u0142atny transport - Colour of Stone","description":"Ten doskona\u0142y marmur w kolorach szarym i niebieskim charakteryzuje si\u0119 dyskretn\u0105 elegancj\u0105. Bardiglio Nuvolato ma pi\u0119kn\u0105 struktur\u0119. W po\u0142\u0105czeniu z jasnymi ...","robots":{"index":"index","follow":"follow","max-snippet":"max-snippet:-1","max-image-preview":"max-image-preview:large","max-video-preview":"max-video-preview:-1"},"canonical":"https:\/\/colourofstone.com\/pl\/shop\/kamienia-naturalnego\/plytki\/bardiglio-nuvolato\/","og_locale":"pl_PL","og_type":"article","og_title":"Bardiglio Nuvolato - Marmur Plytki bezp\u0142atny transport - Colour of Stone","og_description":"Ten doskona\u0142y marmur w kolorach szarym i niebieskim charakteryzuje si\u0119 dyskretn\u0105 elegancj\u0105. Bardiglio Nuvolato ma pi\u0119kn\u0105 struktur\u0119. W po\u0142\u0105czeniu z jasnymi ...","og_url":"https:\/\/colourofstone.com\/pl\/shop\/kamienia-naturalnego\/plytki\/bardiglio-nuvolato\/","og_site_name":"Colour of Stone","article_modified_time":"2025-07-29T00:00:08+00:00","og_image":[{"width":1600,"height":1600,"url":"https:\/\/colourofstone.com\/wp-content\/uploads\/Bardiglio-Nuvolato-902_1-1.jpg","type":"image\/jpeg"}],"twitter_card":"summary_large_image","twitter_misc":{"Szacowany czas czytania":"1 minuta"},"schema":{"@context":"https:\/\/schema.org","@graph":[{"@type":"WebPage","@id":"https:\/\/colourofstone.com\/pl\/shop\/kamienia-naturalnego\/plytki\/bardiglio-nuvolato\/","url":"https:\/\/colourofstone.com\/pl\/shop\/kamienia-naturalnego\/plytki\/bardiglio-nuvolato\/","name":"Bardiglio Nuvolato - Marmur Plytki bezp\u0142atny transport - Colour of Stone","isPartOf":{"@id":"https:\/\/colourofstone.com\/pl\/#website"},"primaryImageOfPage":{"@id":"https:\/\/colourofstone.com\/pl\/shop\/kamienia-naturalnego\/plytki\/bardiglio-nuvolato\/#primaryimage"},"image":{"@id":"https:\/\/colourofstone.com\/pl\/shop\/kamienia-naturalnego\/plytki\/bardiglio-nuvolato\/#primaryimage"},"thumbnailUrl":"https:\/\/colourofstone.com\/wp-content\/uploads\/Bardiglio-Nuvolato-902_1-1.jpg","datePublished":"2020-06-10T07:49:02+00:00","dateModified":"2025-07-29T00:00:08+00:00","description":"Ten doskona\u0142y marmur w kolorach szarym i niebieskim charakteryzuje si\u0119 dyskretn\u0105 elegancj\u0105. Bardiglio Nuvolato ma pi\u0119kn\u0105 struktur\u0119. W po\u0142\u0105czeniu z jasnymi ...","breadcrumb":{"@id":"https:\/\/colourofstone.com\/pl\/shop\/kamienia-naturalnego\/plytki\/bardiglio-nuvolato\/#breadcrumb"},"inLanguage":"pl-PL","potentialAction":[{"@type":"ReadAction","target":["https:\/\/colourofstone.com\/pl\/shop\/kamienia-naturalnego\/plytki\/bardiglio-nuvolato\/"]}]},{"@type":"ImageObject","inLanguage":"pl-PL","@id":"https:\/\/colourofstone.com\/pl\/shop\/kamienia-naturalnego\/plytki\/bardiglio-nuvolato\/#primaryimage","url":"https:\/\/colourofstone.com\/wp-content\/uploads\/Bardiglio-Nuvolato-902_1-1.jpg","contentUrl":"https:\/\/colourofstone.com\/wp-content\/uploads\/Bardiglio-Nuvolato-902_1-1.jpg","width":1600,"height":1600,"caption":"Bardiglio Nuvolato"},{"@type":"BreadcrumbList","@id":"https:\/\/colourofstone.com\/pl\/shop\/kamienia-naturalnego\/plytki\/bardiglio-nuvolato\/#breadcrumb","itemListElement":[{"@type":"ListItem","position":1,"name":"Home","item":"https:\/\/colourofstone.com\/pl\/"},{"@type":"ListItem","position":2,"name":"Shop","item":"https:\/\/colourofstone.com\/pl\/shop\/"},{"@type":"ListItem","position":3,"name":"Marmur","item":"https:\/\/colourofstone.com\/pl\/material\/marmur\/"},{"@type":"ListItem","position":4,"name":"Bardiglio Nuvolato"}]},{"@type":"WebSite","@id":"https:\/\/colourofstone.com\/pl\/#website","url":"https:\/\/colourofstone.com\/pl\/","name":"Colour of Stone","description":"Fliesen, Haus und Garten Produkte aus Naturstein - Online Shop","publisher":{"@id":"https:\/\/colourofstone.com\/pl\/#organization"},"potentialAction":[{"@type":"SearchAction","target":{"@type":"EntryPoint","urlTemplate":"https:\/\/colourofstone.com\/pl\/?s={search_term_string}"},"query-input":{"@type":"PropertyValueSpecification","valueRequired":true,"valueName":"search_term_string"}}],"inLanguage":"pl-PL"},{"@type":"Organization","@id":"https:\/\/colourofstone.com\/pl\/#organization","name":"Colour of Stone GmbH","url":"https:\/\/colourofstone.com\/pl\/","logo":{"@type":"ImageObject","inLanguage":"pl-PL","@id":"https:\/\/colourofstone.com\/pl\/#\/schema\/logo\/image\/","url":"https:\/\/colourofstone.com\/wp-content\/uploads\/99FC1526-DF3B-44F1-9816-9278D3194252-scaled.jpeg","contentUrl":"https:\/\/colourofstone.com\/wp-content\/uploads\/99FC1526-DF3B-44F1-9816-9278D3194252-scaled.jpeg","width":2125,"height":2560,"caption":"Colour of Stone GmbH"},"image":{"@id":"https:\/\/colourofstone.com\/pl\/#\/schema\/logo\/image\/"},"sameAs":["https:\/\/www.instagram.com\/colourofstone\/"]}]}},"_links":{"self":[{"href":"https:\/\/colourofstone.com\/pl\/wp-json\/wp\/v2\/product\/14531","targetHints":{"allow":["GET"]}}],"collection":[{"href":"https:\/\/colourofstone.com\/pl\/wp-json\/wp\/v2\/product"}],"about":[{"href":"https:\/\/colourofstone.com\/pl\/wp-json\/wp\/v2\/types\/product"}],"wp:featuredmedia":[{"embeddable":true,"href":"https:\/\/colourofstone.com\/pl\/wp-json\/wp\/v2\/media\/46211"}],"wp:attachment":[{"href":"https:\/\/colourofstone.com\/pl\/wp-json\/wp\/v2\/media?parent=14531"}],"wp:term":[{"taxonomy":"product_brand","embeddable":true,"href":"https:\/\/colourofstone.com\/pl\/wp-json\/wp\/v2\/product_brand?post=14531"},{"taxonomy":"product_cat","embeddable":true,"href":"https:\/\/colourofstone.com\/pl\/wp-json\/wp\/v2\/product_cat?post=14531"},{"taxonomy":"product_tag","embeddable":true,"href":"https:\/\/colourofstone.com\/pl\/wp-json\/wp\/v2\/product_tag?post=14531"}],"curies":[{"name":"wp","href":"https:\/\/api.w.org\/{rel}","templated":true}]}}